{"id":9,"date":"2020-03-29T19:17:09","date_gmt":"2020-03-29T11:17:09","guid":{"rendered":"https:\/\/dinkpickleball.com\/?page_id=9"},"modified":"2025-08-20T15:37:06","modified_gmt":"2025-08-20T07:37:06","slug":"about-us","status":"publish","type":"page","link":"https:\/\/dinkpickleball.com\/pt\/about-us\/","title":{"rendered":"Sobre n\u00f3s"},"content":{"rendered":"<h2>DinkPickleball<\/h2>\n<h2>Especializada na conce\u00e7\u00e3o e fabrico de produtos de Pickleball personalizados<\/p>\n<p>Fornecedor de produtos promocionais e brindes de Pickleball<\/h2>\n<p>\t\t\t<a role=\"button\"><br \/>\n\t\t\t\t\t\tPedido de cota\u00e7\u00e3o<br \/>\n\t\t\t\t\t<\/a><br \/>\n\t\t\t\t\t\t\t\t\t\t\t\t<img decoding=\"async\" src=\"https:\/\/dinkpickleball.com\/wp-content\/uploads\/elementor\/thumbs\/coding-isometric-06-pph206rqk3tso5egj5wgx0144dzkgd3nvaemoqtgiq.png\" title=\"codifica\u00e7\u00e3o isom\u00e9trica 06\" alt=\"codifica\u00e7\u00e3o isom\u00e9trica 06\" loading=\"lazy\" \/>\t\t\t\t\t\t\t\t\t\t\t\t\t\t<\/p>\n<h2>Quem \u00e9 o DinkPickleball.com?<\/h2>\n<p>O DinkPickleball.com foi fundado em 2012, e estamos neste ramo h\u00e1 mais de 10 anos, incr\u00edvel!<\/p>\n<p>Vimos que hoje em dia existem tamb\u00e9m muitas f\u00e1bricas e grossistas de produtos de pickleball a n\u00edvel internacional. No entanto, o seu n\u00edvel de artesanato ainda est\u00e1 preso a alguns anos atr\u00e1s.<\/p>\n<p>In fact, the production equipment of pickleball products has been upgraded in recent years, and DinkPickleball.com hope our advanced technology can inject fresh blood into this market.\u00a0Consumers deserve better pickleball products.<\/p>\n<p>A nossa equipa de design profissional tem como objetivo desenvolver produtos profissionais e pr\u00e1ticos de pickleball. Somos sempre uma f\u00e1brica confi\u00e1vel que pode fornecer produtos competitivos de pickleball e o melhor servi\u00e7o para nossos clientes.<\/p>\n<p>\t\t\t\t\t\t\t<a href=\"https:\/\/dinkpickleball.com\/wp-content\/uploads\/2022\/06\/pickleball-wholesale-1.jpg\"><br \/>\n\t\t\t\t\t\t\t\t\t\t\t\t\t\t<\/a><br \/>\n\t\t\t\t\t\t\t<a href=\"https:\/\/dinkpickleball.com\/wp-content\/uploads\/2022\/06\/pickleball-wholesale-4.jpg\"><br \/>\n\t\t\t\t\t\t\t\t\t\t\t\t\t\t<\/a><br \/>\n\t\t\t\t\t\t\t<a href=\"https:\/\/dinkpickleball.com\/wp-content\/uploads\/2022\/06\/pickleball-wholesale-3.jpg\"><br \/>\n\t\t\t\t\t\t\t\t\t\t\t\t\t\t<\/a><br \/>\n\t\t\t\t\t\t\t<a href=\"https:\/\/dinkpickleball.com\/wp-content\/uploads\/2022\/06\/pickleball-wholesale-2.jpg\"><br \/>\n\t\t\t\t\t\t\t\t\t\t\t\t\t\t<\/a><br \/>\n\t\t\t\t\t\t\t\t\t\t\t\t<img decoding=\"async\" width=\"500\" height=\"500\" src=\"https:\/\/dinkpickleball.com\/wp-content\/uploads\/2022\/05\/COCONUTIO-team.webp.jpg\" alt=\"Equipa COCONUTIO.webp\" loading=\"lazy\" srcset=\"https:\/\/dinkpickleball.com\/wp-content\/uploads\/2022\/05\/COCONUTIO-team.webp.jpg 500w, https:\/\/dinkpickleball.com\/wp-content\/uploads\/2022\/05\/COCONUTIO-team.webp-300x300.jpg 300w, https:\/\/dinkpickleball.com\/wp-content\/uploads\/2022\/05\/COCONUTIO-team.webp-150x150.jpg 150w, https:\/\/dinkpickleball.com\/wp-content\/uploads\/2022\/05\/COCONUTIO-team.webp-100x100.jpg 100w\" sizes=\"auto, (max-width: 500px) 100vw, 500px\" \/>\t\t\t\t\t\t\t\t\t\t\t\t\t\t<\/p>\n<h2>N\u00fameros de que nos orgulhamos<\/h2>\n<p>Somos um fabricante profissional de produtos de pickleball. Ao concentrar-se em mat\u00e9rias-primas de alta qualidade e tecnologias avan\u00e7adas, lideradas pela nossa equipa de mercado e de produtos, pretendemos cumprir os mais elevados padr\u00f5es de qualidade e as exig\u00eancias dos clientes. Os nossos produtos s\u00e3o exportados principalmente para os EUA, Canad\u00e1, Austr\u00e1lia e outros 20 pa\u00edses, e t\u00eam boa reputa\u00e7\u00e3o em todo o mundo.<\/p>\n<p>O neg\u00f3cio grossista da DinkPickleball nunca \u00e9 f\u00e1cil, mas temos bastante confian\u00e7a nos nossos produtos, e estes n\u00fameros testemunham o nosso desenvolvimento no mercado internacional, gostaria de ser nosso parceiro de neg\u00f3cios?<\/p>\n<h2>100+<\/h2>\n<p>Clientes satisfeitos<\/p>\n<h2>20+<\/h2>\n<p>De pa\u00edses<\/p>\n<h2>200+<\/h2>\n<p>Empregados<\/p>\n<h2>150+<\/h2>\n<p>Projeto bem sucedido<\/p>\n<h2>\n10,000+<\/h2>\n<p>Tamanho de f\u00e1brica<\/p>\n<h2>10+<\/h2>\n<p>Anos de idade<\/p>\n<h2>Deixe o DinkPickleball.com impulsionar o seu neg\u00f3cio hoje mesmo!<\/h2>\n<p>A DinkPickleball est\u00e1 no neg\u00f3cio de produtos de pickleball por atacado h\u00e1 10 anos. Deixe que um verdadeiro veterano da ind\u00fastria lhe forne\u00e7a produtos de pickleball de alta qualidade.<\/p>\n<p>\t\t\t\t\t\t\t\t\t\t\t\t<img decoding=\"async\" width=\"800\" height=\"533\" src=\"https:\/\/dinkpickleball.com\/wp-content\/uploads\/2022\/05\/10.-team.webp.jpg\" alt=\"10. equipa.webp\" loading=\"lazy\" srcset=\"https:\/\/dinkpickleball.com\/wp-content\/uploads\/2022\/05\/10.-team.webp.jpg 800w, https:\/\/dinkpickleball.com\/wp-content\/uploads\/2022\/05\/10.-team.webp-300x200.jpg 300w, https:\/\/dinkpickleball.com\/wp-content\/uploads\/2022\/05\/10.-team.webp-768x512.jpg 768w, https:\/\/dinkpickleball.com\/wp-content\/uploads\/2022\/05\/10.-team.webp-600x400.jpg 600w\" sizes=\"auto, (max-width: 800px) 100vw, 800px\" \/><\/p>","protected":false},"excerpt":{"rendered":"<p>DinkPickleball Specializes in Custom Pickleball Products Design and Manufacturing Pickleball Promotional Products&amp;Gifts Supplier Request For Quotation Who is DinkPickleball.com? DinkPickleball.com was founded in 2012, and we have been in this field for more than 10 years, amazing! We have seen that today there are also many pickleball products factories and wholesalers internationally. However, their craftsmanship [&hellip;]<\/p>\n","protected":false},"author":1,"featured_media":0,"parent":0,"menu_order":0,"comment_status":"closed","ping_status":"closed","template":"","meta":{"_seopress_robots_primary_cat":"","_seopress_titles_title":"Specializes in Custom Pickleball Products Design and Manufacturing","_seopress_titles_desc":"Our professional design team aims to develop professional and practical pickleball products. We are always a trustful factory that could supply competitive pickleball products and the best service for our customers.","_seopress_robots_index":"","footnotes":""},"class_list":["post-9","page","type-page","status-publish","hentry"],"meta_box":[],"_links":{"self":[{"href":"https:\/\/dinkpickleball.com\/pt\/wp-json\/wp\/v2\/pages\/9","targetHints":{"allow":["GET"]}}],"collection":[{"href":"https:\/\/dinkpickleball.com\/pt\/wp-json\/wp\/v2\/pages"}],"about":[{"href":"https:\/\/dinkpickleball.com\/pt\/wp-json\/wp\/v2\/types\/page"}],"author":[{"embeddable":true,"href":"https:\/\/dinkpickleball.com\/pt\/wp-json\/wp\/v2\/users\/1"}],"replies":[{"embeddable":true,"href":"https:\/\/dinkpickleball.com\/pt\/wp-json\/wp\/v2\/comments?post=9"}],"version-history":[{"count":371,"href":"https:\/\/dinkpickleball.com\/pt\/wp-json\/wp\/v2\/pages\/9\/revisions"}],"predecessor-version":[{"id":16247,"href":"https:\/\/dinkpickleball.com\/pt\/wp-json\/wp\/v2\/pages\/9\/revisions\/16247"}],"wp:attachment":[{"href":"https:\/\/dinkpickleball.com\/pt\/wp-json\/wp\/v2\/media?parent=9"}],"curies":[{"name":"wp","href":"https:\/\/api.w.org\/{rel}","templated":true}]}}