{"id":8,"date":"2020-03-29T19:17:09","date_gmt":"2020-03-29T11:17:09","guid":{"rendered":"https:\/\/dinkpickleball.com\/?page_id=8"},"modified":"2026-03-12T19:57:07","modified_gmt":"2026-03-12T11:57:07","slug":"home","status":"publish","type":"page","link":"https:\/\/dinkpickleball.com\/pt\/","title":{"rendered":"In\u00edcio"},"content":{"rendered":"<p><img loading=\"lazy\" decoding=\"async\" width=\"702\" height=\"500\" src=\"https:\/\/dinkpickleball.com\/wp-content\/uploads\/2022\/05\/pickleball-paddles-factory.png\" alt=\"f\u00e1brica de p\u00e1s de pickleball\" srcset=\"https:\/\/dinkpickleball.com\/wp-content\/uploads\/2022\/05\/pickleball-paddles-factory.png 702w, https:\/\/dinkpickleball.com\/wp-content\/uploads\/2022\/05\/pickleball-paddles-factory-300x214.png 300w, https:\/\/dinkpickleball.com\/wp-content\/uploads\/2022\/05\/pickleball-paddles-factory-600x427.png 600w\" sizes=\"auto, (max-width: 702px) 100vw, 702px\" \/>\t\t\t\t\t\t\t\t\t\t\t\t\t<\/p>\n<h1>P\u00e1 de Pickleball Fabricante e grossista<\/h1>\n<h2>Mais de 10 anos de experi\u00eancia na conce\u00e7\u00e3o e fabrico de p\u00e1s de Pickleball personalizadas<\/h2>\n<p>\t\t\t\t\t<a role=\"button\"><br \/>\n\t\t\t\t\t\t\t\t\tPedido de cota\u00e7\u00e3o<br \/>\n\t\t\t\t\t<\/a><\/p>\n<h2>Fornecimento de produtos de Pickleball da DinkPickleball<\/h2>\n<p>\t\t\t\t\t<a role=\"button\"><br \/>\n\t\t\t\t\t\t\t\t\tImpulsionar o seu neg\u00f3cio<br \/>\n\t\t\t\t\t<\/a><\/p>\n<h3>\n\t\t\t\t\t\t\tPara OEM\/ODM<br \/>\n\t\t\t\t\t<\/h3>\n<p>\n\t\t\t\t\t\tQuer personalizar uma raquete de pickleball? A DinkPickleball pode ajudar a desenvolver o seu produto e torn\u00e1-lo num produto real! Ajudamo-lo a evitar as armadilhas para fornecer a qualidade e o valor que as suas bolas de pickleball personalizadas necessitam, dentro do prazo e do or\u00e7amento.\t\t\t\t\t<\/p>\n<h3>\n\t\t\t\t\t\t\tPropriet\u00e1rios de marcas<br \/>\n\t\t\t\t\t<\/h3>\n<p>\n\t\t\t\t\t\tProcura uma raquete de pickleball para a sua marca? Temos um processo simplificado para p\u00e1s de pickleball de marca pr\u00f3pria! Desde o estilo personalizado, design de logotipo e embalagem do produto at\u00e9 mesmo a prepara\u00e7\u00e3o do Amazon FBA, n\u00f3s ajudamos voc\u00ea!\t\t\t\t\t<\/p>\n<h3>\n\t\t\t\t\t\t\tGrossistas<br \/>\n\t\t\t\t\t<\/h3>\n<p>\n\t\t\t\t\t\tProcura centenas de tipos diferentes de produtos de pickleball? Oferecemos p\u00e1s de pickleball, bolas, acess\u00f3rios e muito mais! Fornecemos os produtos de pickleball mais personalizados para expandir o seu neg\u00f3cio e aumentar os seus lucros.\t\t\t\t\t<\/p>\n<p>\t\t<iframe loading=\"lazy\" title=\"Revolucionando as p\u00e1s de Pickleball: Por dentro da f\u00e1brica da DinkPickleball\" width=\"500\" height=\"281\" src=\"https:\/\/www.youtube.com\/embed\/kPvfvxb44x0?feature=oembed\" frameborder=\"0\" allow=\"accelerometer; autoplay; clipboard-write; encrypted-media; gyroscope; picture-in-picture; web-share\" referrerpolicy=\"strict-origin-when-cross-origin\" allowfullscreen><\/iframe>\t\t<\/p>\n<h2>Eleve o seu neg\u00f3cio, encante os seus clientes<\/h2>\n<p>Aumente as suas vendas e fa\u00e7a com que os seus clientes voltem para mais com as p\u00e1s de Pickleball da DinkPickleball. Beneficie dos nossos pre\u00e7os competitivos, descontos por grosso e apoio ao cliente sem paralelo, tudo concebido para o ajudar a maximizar os seus lucros, ao mesmo tempo que fornece produtos de excel\u00eancia aos seus clientes. Escolha a DinkPickleball como seu parceiro de confian\u00e7a e prepare o caminho para um neg\u00f3cio de pickleball bem sucedido e pr\u00f3spero.<\/p>\n<p>                <a href=\"https:\/\/dinkpickleball.com\/pt\/thermoformed-pickleball-paddle\/\"><br \/>\n                    <img loading=\"lazy\" decoding=\"async\" width=\"800\" height=\"800\" src=\"https:\/\/dinkpickleball.com\/wp-content\/uploads\/2023\/05\/Thermoformed-Pickleball-Paddle-Factory.png\" alt=\"F\u00e1brica de p\u00e1s de Pickleball termoformadas\" srcset=\"https:\/\/dinkpickleball.com\/wp-content\/uploads\/2023\/05\/Thermoformed-Pickleball-Paddle-Factory.png 800w, https:\/\/dinkpickleball.com\/wp-content\/uploads\/2023\/05\/Thermoformed-Pickleball-Paddle-Factory-300x300.png 300w, https:\/\/dinkpickleball.com\/wp-content\/uploads\/2023\/05\/Thermoformed-Pickleball-Paddle-Factory-150x150.png 150w, https:\/\/dinkpickleball.com\/wp-content\/uploads\/2023\/05\/Thermoformed-Pickleball-Paddle-Factory-768x768.png 768w, https:\/\/dinkpickleball.com\/wp-content\/uploads\/2023\/05\/Thermoformed-Pickleball-Paddle-Factory-600x600.png 600w, https:\/\/dinkpickleball.com\/wp-content\/uploads\/2023\/05\/Thermoformed-Pickleball-Paddle-Factory-100x100.png 100w\" sizes=\"auto, (max-width: 800px) 100vw, 800px\" \/><br \/>\n                <\/a><\/p>\n<h6>\n                        Palheta termoformada<br \/>\n                    <\/h6>\n<p>                                                            <a ><br \/>\n                                    Enviar inqu\u00e9rito agora                                <\/a><br \/>\n                <a href=\"https:\/\/dinkpickleball.com\/pt\/kevlar-pickleball-paddle\/\"><br \/>\n                    <img loading=\"lazy\" decoding=\"async\" width=\"807\" height=\"807\" src=\"https:\/\/dinkpickleball.com\/wp-content\/uploads\/2024\/01\/kevlar-pickleball-paddle.png\" alt=\"raquete de pickleball em kevlar\" srcset=\"https:\/\/dinkpickleball.com\/wp-content\/uploads\/2024\/01\/kevlar-pickleball-paddle.png 807w, https:\/\/dinkpickleball.com\/wp-content\/uploads\/2024\/01\/kevlar-pickleball-paddle-300x300.png 300w, https:\/\/dinkpickleball.com\/wp-content\/uploads\/2024\/01\/kevlar-pickleball-paddle-150x150.png 150w, https:\/\/dinkpickleball.com\/wp-content\/uploads\/2024\/01\/kevlar-pickleball-paddle-768x768.png 768w\" sizes=\"auto, (max-width: 807px) 100vw, 807px\" \/><br \/>\n                <\/a><\/p>\n<h6>\n                         Palheta de Kevlar para Pickleball<br \/>\n                    <\/h6>\n<p>                                                            <a ><br \/>\n                                    Enviar inqu\u00e9rito agora                                <\/a><br \/>\n                <a href=\"https:\/\/dinkpickleball.com\/pt\/edgeless-pickleball-paddles\/\"><br \/>\n                    <img loading=\"lazy\" decoding=\"async\" width=\"800\" height=\"800\" src=\"https:\/\/dinkpickleball.com\/wp-content\/uploads\/2023\/04\/Edgeless-Pickleball-Paddles.png\" alt=\"P\u00e1s de Pickleball sem arestas\" srcset=\"https:\/\/dinkpickleball.com\/wp-content\/uploads\/2023\/04\/Edgeless-Pickleball-Paddles.png 800w, https:\/\/dinkpickleball.com\/wp-content\/uploads\/2023\/04\/Edgeless-Pickleball-Paddles-300x300.png 300w, https:\/\/dinkpickleball.com\/wp-content\/uploads\/2023\/04\/Edgeless-Pickleball-Paddles-150x150.png 150w, https:\/\/dinkpickleball.com\/wp-content\/uploads\/2023\/04\/Edgeless-Pickleball-Paddles-768x768.png 768w, https:\/\/dinkpickleball.com\/wp-content\/uploads\/2023\/04\/Edgeless-Pickleball-Paddles-600x600.png 600w, https:\/\/dinkpickleball.com\/wp-content\/uploads\/2023\/04\/Edgeless-Pickleball-Paddles-100x100.png 100w\" sizes=\"auto, (max-width: 800px) 100vw, 800px\" \/><br \/>\n                <\/a><\/p>\n<h5>\n                        P\u00e1s de Pickleball sem arestas<br \/>\n                    <\/h5>\n<p>                                                            <a ><br \/>\n                                    Enviar inqu\u00e9rito agora                                <\/a><br \/>\n                <a href=\"https:\/\/dinkpickleball.com\/pt\/graphite-pickleball-paddles\/\"><br \/>\n                    <img loading=\"lazy\" decoding=\"async\" width=\"800\" height=\"800\" src=\"https:\/\/dinkpickleball.com\/wp-content\/uploads\/2023\/04\/graphite-paddle.png\" alt=\"p\u00e1 de grafite\" srcset=\"https:\/\/dinkpickleball.com\/wp-content\/uploads\/2023\/04\/graphite-paddle.png 800w, https:\/\/dinkpickleball.com\/wp-content\/uploads\/2023\/04\/graphite-paddle-300x300.png 300w, https:\/\/dinkpickleball.com\/wp-content\/uploads\/2023\/04\/graphite-paddle-150x150.png 150w, https:\/\/dinkpickleball.com\/wp-content\/uploads\/2023\/04\/graphite-paddle-768x768.png 768w, https:\/\/dinkpickleball.com\/wp-content\/uploads\/2023\/04\/graphite-paddle-600x600.png 600w, https:\/\/dinkpickleball.com\/wp-content\/uploads\/2023\/04\/graphite-paddle-100x100.png 100w\" sizes=\"auto, (max-width: 800px) 100vw, 800px\" \/><br \/>\n                <\/a><\/p>\n<h6>\n                        P\u00e1s de Grafite para Pickleball<br \/>\n                    <\/h6>\n<p>                                                            <a ><br \/>\n                                    Enviar inqu\u00e9rito agora                                <\/a><br \/>\n                <a href=\"https:\/\/dinkpickleball.com\/pt\/titanium-pickleball-paddle\/\"><br \/>\n                    <img loading=\"lazy\" decoding=\"async\" width=\"1024\" height=\"1024\" src=\"https:\/\/dinkpickleball.com\/wp-content\/uploads\/2024\/07\/Titanium-Pickleball-Paddle.png\" alt=\"raquete de pickleball em tit\u00e2nio\" srcset=\"https:\/\/dinkpickleball.com\/wp-content\/uploads\/2024\/07\/Titanium-Pickleball-Paddle.png 1024w, https:\/\/dinkpickleball.com\/wp-content\/uploads\/2024\/07\/Titanium-Pickleball-Paddle-300x300.png 300w, https:\/\/dinkpickleball.com\/wp-content\/uploads\/2024\/07\/Titanium-Pickleball-Paddle-150x150.png 150w, https:\/\/dinkpickleball.com\/wp-content\/uploads\/2024\/07\/Titanium-Pickleball-Paddle-768x768.png 768w\" sizes=\"auto, (max-width: 1024px) 100vw, 1024px\" \/><br \/>\n                <\/a><\/p>\n<h6>\n                         Palheta de Pickleball em Tit\u00e2nio<br \/>\n                    <\/h6>\n<p>                                                            <a ><br \/>\n                                    Enviar inqu\u00e9rito agora                                <\/a><br \/>\n                <a href=\"https:\/\/dinkpickleball.com\/pt\/carbon-pickleball-paddles\/\"><br \/>\n                    <img loading=\"lazy\" decoding=\"async\" width=\"800\" height=\"800\" src=\"https:\/\/dinkpickleball.com\/wp-content\/uploads\/2023\/04\/Carbon-Pickleball-Paddles.png\" alt=\"P\u00e1s de Pickleball em carbono\" srcset=\"https:\/\/dinkpickleball.com\/wp-content\/uploads\/2023\/04\/Carbon-Pickleball-Paddles.png 800w, https:\/\/dinkpickleball.com\/wp-content\/uploads\/2023\/04\/Carbon-Pickleball-Paddles-300x300.png 300w, https:\/\/dinkpickleball.com\/wp-content\/uploads\/2023\/04\/Carbon-Pickleball-Paddles-150x150.png 150w, https:\/\/dinkpickleball.com\/wp-content\/uploads\/2023\/04\/Carbon-Pickleball-Paddles-768x768.png 768w, https:\/\/dinkpickleball.com\/wp-content\/uploads\/2023\/04\/Carbon-Pickleball-Paddles-600x600.png 600w, https:\/\/dinkpickleball.com\/wp-content\/uploads\/2023\/04\/Carbon-Pickleball-Paddles-100x100.png 100w\" sizes=\"auto, (max-width: 800px) 100vw, 800px\" \/><br \/>\n                <\/a><\/p>\n<h6>\n                        P\u00e1s de Pickleball em carbono<br \/>\n                    <\/h6>\n<p>                                                            <a ><br \/>\n                                    Enviar inqu\u00e9rito agora                                <\/a><\/p>\n<h2>Pickleball e P\u00e1s de Pickleball Fabricante<\/h2>\n<p>A DinkPickleball foi fundada em 2012. Somos um fabricante profissional de produtos de pickleball aprovados pela USAPA, e nossa f\u00e1brica certificada BSCI e ISO9001.<\/p>\n<p>Os nossos principais produtos de pickleball incluem pickleball, raquete de pickleball, rede de pickleball, acess\u00f3rios de pickleball, etc.<\/p>\n<p>A nossa base de clientes vai desde marcas desportivas de p\u00e1s de pickleball, retalhistas, grossistas, escolas, clubes, organizadores de eventos, etc. A maioria deles prefere a raquete de pickleball personalizada, por isso temos uma boa experi\u00eancia no fabrico de raquetes de pickleball OEM\/ODM.<\/p>\n<h3><a href=\"https:\/\/dinkpickleball.com\/pt\/about-us\/\">Saiba mais<\/a><\/h3>\n<figure><img decoding=\"async\" src=\"https:\/\/dinkpickleball.com\/wp-content\/uploads\/2022\/06\/onix.png\" alt=\"onix\" \/><\/figure>\n<figure><img decoding=\"async\" src=\"https:\/\/dinkpickleball.com\/wp-content\/uploads\/2022\/06\/Diadem-logo.png\" alt=\"Log\u00f3tipo Diadem\" \/><\/figure>\n<figure><img decoding=\"async\" src=\"https:\/\/dinkpickleball.com\/wp-content\/uploads\/2022\/06\/Gamma.png\" alt=\"Gama\" \/><\/figure>\n<figure><img decoding=\"async\" src=\"https:\/\/dinkpickleball.com\/wp-content\/uploads\/2022\/06\/Paddletek.png\" alt=\"Paddletek\" \/><\/figure>\n<figure><img decoding=\"async\" src=\"https:\/\/dinkpickleball.com\/wp-content\/uploads\/2023\/04\/RECESS-logo.png\" alt=\"Log\u00f3tipo RECESS\" \/><\/figure>\n<figure><img decoding=\"async\" src=\"https:\/\/dinkpickleball.com\/wp-content\/uploads\/2023\/04\/CRBN-logo.png\" alt=\"Log\u00f3tipo do CRBN\" \/><\/figure>\n<figure><img decoding=\"async\" src=\"https:\/\/dinkpickleball.com\/wp-content\/uploads\/2023\/04\/STIGA-logo.png\" alt=\"Log\u00f3tipo STIGA\" \/><\/figure>\n<figure><img decoding=\"async\" src=\"https:\/\/dinkpickleball.com\/wp-content\/uploads\/2024\/01\/tangerine.png\" alt=\"tangerina\" \/><\/figure>\n<figure><img decoding=\"async\" src=\"https:\/\/dinkpickleball.com\/wp-content\/uploads\/2024\/01\/pickleball-apes.png\" alt=\"macacos do pickleball\" \/><\/figure>\n<figure><img decoding=\"async\" src=\"https:\/\/dinkpickleball.com\/wp-content\/uploads\/2024\/01\/Holbrook.png\" alt=\"caramanch\u00e3o\" \/><\/figure>\n<figure><img decoding=\"async\" src=\"https:\/\/dinkpickleball.com\/wp-content\/uploads\/2024\/01\/6.0.png\" alt=\"6.0\" \/><\/figure>\n<figure><img decoding=\"async\" src=\"https:\/\/dinkpickleball.com\/wp-content\/uploads\/2022\/06\/niupipo.png\" alt=\"niupipo\" \/><\/figure>\n<h2>O que os nossos clientes dizem sobre n\u00f3s<\/h2>\n<p>\t\t\t\t\t\tDurante todo o processo de compra, a PB fez-me sentir muito satisfeito. O vendedor foi muito profissional, fiquei muito satisfeito com o servi\u00e7o e a qualidade da raquete de pickleball personalizada, e o design de impress\u00e3o personalizado \u00e9 v\u00edvido. Adoro-os.<br \/>\n\t\t\t\t\t\t<img decoding=\"async\" src=\"https:\/\/dinkpickleball.com\/wp-content\/uploads\/2022\/06\/picklebase-client-4.jpg\" alt=\"Angela Lee\"><br \/>\n\t\t\t\t\t\t\t\t<cite>Angela LeeCEO<\/cite><br \/>\n\t\t\t\t\t\tA compra de p\u00e1s de pickleball de qualidade superior no estrangeiro \u00e9 por vezes frustrante. Trabalhar com a DinkPickleball \u00e9 muito menos inc\u00f3modo. Os processos de conce\u00e7\u00e3o e de encomenda foram f\u00e1ceis. Tudo o que tenho de fazer \u00e9 sentar-me no escrit\u00f3rio e esperar pela rece\u00e7\u00e3o da mercadoria.<br \/>\n\t\t\t\t\t\t<img decoding=\"async\" src=\"https:\/\/dinkpickleball.com\/wp-content\/uploads\/2022\/06\/y11.png\" alt=\"Mike Stuart\"><br \/>\n\t\t\t\t\t\t\t\t<cite>Mike StuartComprador<\/cite><br \/>\n\t\t\t\t\t\tQuero agradecer-vos imenso durante todo o processo! Tudo, desde o or\u00e7amento, ao pagamento, \u00e0 amostra, \u00e0 produ\u00e7\u00e3o e \u00e0 entrega, foi muito r\u00e1pido. Foi um prazer fazer neg\u00f3cio convosco. Mais uma vez, muito obrigado!<br \/>\n\t\t\t\t\t\t<img decoding=\"async\" src=\"https:\/\/dinkpickleball.com\/wp-content\/uploads\/2022\/06\/picklebase-client-1.jpg\" alt=\"Gislaine Vanhook\"><br \/>\n\t\t\t\t\t\t\t\t<cite>Gislaine VanhookEspecialista de produto<\/cite><br \/>\n\t\t\t\t\t\tAcess\u00edvel, com estilo e um servi\u00e7o espetacular. Os mi\u00fados adoram as p\u00e1s de pickleball personalizadas! T\u00eam sido um enorme sucesso! O resultado foi \u00f3timo e os mi\u00fados adoram-nas e foi um prazer trabalhar com voc\u00eas. A entrega foi efectuada com anteced\u00eancia. Muito obrigado!<br \/>\n\t\t\t\t\t\t<img decoding=\"async\" src=\"https:\/\/dinkpickleball.com\/wp-content\/uploads\/2022\/06\/picklebase-client-3.jpg\" alt=\"Alex Hannifin\"><br \/>\n\t\t\t\t\t\t\t\t<cite>Alex HannifinAdministrador de escrit\u00f3rio<\/cite><br \/>\n\t\t\t\t\t\tA DinkPickleball \u00e9 de longe o melhor fornecedor de raquetes de pickleball com quem j\u00e1 trabalh\u00e1mos! Visit\u00e1mos a f\u00e1brica na China e fic\u00e1mos agradavelmente surpreendidos com o empenho que colocaram em cada um dos produtos.<br \/>\n\t\t\t\t\t\t<img decoding=\"async\" src=\"https:\/\/dinkpickleball.com\/wp-content\/uploads\/2022\/06\/picklebase-client-2.jpg\" alt=\"Jo\u00e3o Ningu\u00e9m\"><br \/>\n\t\t\t\t\t\t\t\t<cite>Jo\u00e3o Ningu\u00e9mComprador<\/cite>\t\t\t<\/p>\n<h2>Porqu\u00ea o DinkPickleball<\/h2>\n<h2>Alta qualidade<\/h2>\n<p>Materiais de alta qualidade e m\u00e1quinas avan\u00e7adas produzem produtos de primeira classe<\/p>\n<h2>Cadeia de fornecimento<\/h2>\n<p>10 anos de experi\u00eancia para controlar produtos de qualidade est\u00e1vel com o mais alto padr\u00e3o.<\/p>\n<h2>Baixo MOQ<\/h2>\n<p>Como um fabricante de topo, podemos servir mais clientes, aceitando ordens de baixo MOQ.<\/p>\n<h2>Excelente suporte<\/h2>\n<p>Elevada satisfa\u00e7\u00e3o com uma resposta r\u00e1pida no prazo de 24 horas * 365 dias. 7 anos de experi\u00eancia em vendas podem comunicar consigo de forma eficaz.<\/p>\n<h2>OEM \/ODM dispon\u00edvel<\/h2>\n<p>Quer pretenda imprimir o seu log\u00f3tipo na Pickleball e nas p\u00e1s, quer pretenda um design diferente, n\u00f3s podemos ajud\u00e1-lo.<\/p>\n<h2>Entrega r\u00e1pida<\/h2>\n<p>A nossa forte produtividade e rica experi\u00eancia em vendas podem garantir a entrega r\u00e1pida da sua encomenda<\/p>\n<h2>Pergunte-nos o que quiser<\/h2>\n<p>\t\t\t\t\t\t\t\t\t\t\t\t<a tabindex=\"0\">\u00c9 um fabricante ou uma empresa comercial? <\/a><\/p>\n<p>N\u00f3s somos um fabricante experiente e profissional localizado em Dongguan, China e temos a nossa pr\u00f3pria empresa comercial.<\/p>\n<p>\t\t\t\t\t\t\t\t\t\t\t\t<a tabindex=\"0\">E o pre\u00e7o? Pode ser mais barato?<\/a><\/p>\n<p>Sim, esperamos poder ter uma coopera\u00e7\u00e3o a longo prazo e boas rela\u00e7\u00f5es comerciais consigo. Por favor, informe a quantidade da sua encomenda e alguns outros requisitos espec\u00edficos, verificaremos o melhor pre\u00e7o para si.<\/p>\n<p>\t\t\t\t\t\t\t\t\t\t\t\t<a tabindex=\"0\">Se eu gostar das vossas formas de arma\u00e7\u00e3o de p\u00e1s, posso fazer encomendas OEM\/ODM? <\/a><\/p>\n<p>Sim, temos mais formas. Por favor contacte-nos por Email\/WhatsApp para mais informa\u00e7\u00f5es, responderemos em 24 horas.<\/p>\n<p>\t\t\t\t\t\t\t\t\t\t\t\t<a tabindex=\"0\">E quanto ao tempo de espera?<\/a><\/p>\n<p>Normalmente, o prazo \u00e9 de 7 a 15 dias \u00fateis, dependendo da quantidade da encomenda e do nosso calend\u00e1rio de encomendas.<\/p>\n<p>\t\t\t\t\t\t\t\t\t\t\t\t<a tabindex=\"0\">Posso criar uma nova forma de raquete de pickleball?<\/a><\/p>\n<p>Podemos fabric\u00e1-la de acordo com os seus pormenores e requisitos. Indique-nos as dimens\u00f5es da p\u00e1 acabada que pretende.<\/p>\n<p>\t\t\t\t\t\t\t\t\t\t\t\t<a tabindex=\"0\">Quais s\u00e3o os materiais de que disp\u00f5e para a raquete de pickleball?<\/a><\/p>\n<p>Grafite\/fibra de carbono\/fibra de vidro para a superf\u00edcie da p\u00e1, favo de mel de pol\u00edmero\/aramida (Nomex) favo de mel\/alum\u00ednio para o n\u00facleo. S\u00e3o os melhores e mais comuns materiais para a produ\u00e7\u00e3o de p\u00e1s. E o favo de mel de fibra de vidro + PP \u00e9 o mais vendido.<\/p>\n<p>\t\t\t\t\t\t\t\t\t\t\t\t<a tabindex=\"0\">Posso imprimir o log\u00f3tipo\/gr\u00e1fico na raquete, bola, capa, saco ou caixa de pickleball?<\/a><\/p>\n<p>Sim, fornecemos servi\u00e7os de impress\u00e3o personalizados. Precisamos dos seus documentos de design\/logotipo, depois podemos fazer a prova e a amostra de pr\u00e9-produ\u00e7\u00e3o para a sua aprova\u00e7\u00e3o.<\/p>\n<p>\t\t\t\t\t\t\t\t\t\t\t\t<a tabindex=\"0\">E quanto ao prazo de entrega?<\/a><\/p>\n<p>Para os Estados Unidos, o envio por correio expresso demora cerca de 5-9 dias \u00fateis, o envio por via mar\u00edtima demora cerca de 20-32 dias \u00fateis. Pode escolher o m\u00e9todo de envio de acordo com o seu hor\u00e1rio.<\/p>\n<h2> Blogs mais recentes<\/h2>\n<h2>A venda por grosso de p\u00e1s de Pickleball personalizadas pode ser f\u00e1cil e segura<\/h2>\n<p>Precisa de mais do que uma simples bola de pickleball, precisa de um fornecedor veterano que esteja neste sector h\u00e1 10 anos para construir a sua marca e aumentar os seus lucros. Deixe que a DinkPickleball o ajude a alcan\u00e7ar o sucesso empresarial.<\/p>\n<p>\t\t\t\t\t<a role=\"button\"><br \/>\n\t\t\t\t\t\t\t\t\tobter um or\u00e7amento r\u00e1pido<br \/>\n\t\t\t\t\t<\/a><br \/>\n\t\t\t\t\t<a href=\"\/pt\/custom-paddles\/\"><br \/>\n\t\t\t\t\t\t\t\t\tEXPLORAR P\u00c1S PERSONALIZADAS<br \/>\n\t\t\t\t\t<\/a><\/p>","protected":false},"excerpt":{"rendered":"<p>Pickleball Paddle Manufacturer and Wholesale Over 10 Years of Experience In Custom Pickleball Paddle Design &amp; Manufacturing Request For Quotation Sourcing Pickleball Producsts from DinkPickleball Boost Your Business For OEM\/ODM Want to customize pickleball paddle? DinkPickleball can help develop your product and make it into a real one! We help you avoid the pitfalls to [&hellip;]<\/p>\n","protected":false},"author":1,"featured_media":0,"parent":0,"menu_order":0,"comment_status":"closed","ping_status":"closed","template":"","meta":{"_seopress_robots_primary_cat":"","_seopress_titles_title":"Pickleball Paddle Manufacturer","_seopress_titles_desc":"You need more than just a single pickleball, you need a veteran supplier who has been in this field for 10 years to build your brand and grow your profits.","_seopress_robots_index":"","footnotes":""},"class_list":["post-8","page","type-page","status-publish","hentry"],"meta_box":[],"_links":{"self":[{"href":"https:\/\/dinkpickleball.com\/pt\/wp-json\/wp\/v2\/pages\/8","targetHints":{"allow":["GET"]}}],"collection":[{"href":"https:\/\/dinkpickleball.com\/pt\/wp-json\/wp\/v2\/pages"}],"about":[{"href":"https:\/\/dinkpickleball.com\/pt\/wp-json\/wp\/v2\/types\/page"}],"author":[{"embeddable":true,"href":"https:\/\/dinkpickleball.com\/pt\/wp-json\/wp\/v2\/users\/1"}],"replies":[{"embeddable":true,"href":"https:\/\/dinkpickleball.com\/pt\/wp-json\/wp\/v2\/comments?post=8"}],"version-history":[{"count":101,"href":"https:\/\/dinkpickleball.com\/pt\/wp-json\/wp\/v2\/pages\/8\/revisions"}],"predecessor-version":[{"id":16241,"href":"https:\/\/dinkpickleball.com\/pt\/wp-json\/wp\/v2\/pages\/8\/revisions\/16241"}],"wp:attachment":[{"href":"https:\/\/dinkpickleball.com\/pt\/wp-json\/wp\/v2\/media?parent=8"}],"curies":[{"name":"wp","href":"https:\/\/api.w.org\/{rel}","templated":true}]}}