{"id":15891,"date":"2024-06-14T17:19:35","date_gmt":"2024-06-14T09:19:35","guid":{"rendered":"https:\/\/dinkpickleball.com\/?page_id=15891"},"modified":"2025-01-13T21:58:00","modified_gmt":"2025-01-13T13:58:00","slug":"pickleball-bag","status":"publish","type":"page","link":"https:\/\/dinkpickleball.com\/pt\/pickleball-bag\/","title":{"rendered":"Saco de Pickleball"},"content":{"rendered":"<h1>Saco de Pickleball personalizado<\/h1>\n<p>Os nossos sacos de pickleball personalizados s\u00e3o perfeitos para retalhistas, distribuidores e marcas que procuram oferecer produtos \u00fanicos aos seus clientes. Trabalhamos em estreita colabora\u00e7\u00e3o consigo para garantir que as suas especifica\u00e7\u00f5es de marca e design s\u00e3o cumpridas, criando um produto que se destaca no mercado.<\/p>\n<p>\t\t\t<a role=\"button\"><br \/>\n\t\t\t\t\t\t\t\t\tObter um or\u00e7amento r\u00e1pido<br \/>\n\t\t\t\t\t<\/a><br \/>\n\t\t\t\t\t\t\t\t\t\t\t\t\t<img loading=\"lazy\" decoding=\"async\" width=\"1024\" height=\"1024\" src=\"https:\/\/dinkpickleball.com\/wp-content\/uploads\/2024\/06\/pickleball-bag.png\" alt=\"saco de pickleball\" srcset=\"https:\/\/dinkpickleball.com\/wp-content\/uploads\/2024\/06\/pickleball-bag.png 1024w, https:\/\/dinkpickleball.com\/wp-content\/uploads\/2024\/06\/pickleball-bag-300x300.png 300w, https:\/\/dinkpickleball.com\/wp-content\/uploads\/2024\/06\/pickleball-bag-150x150.png 150w, https:\/\/dinkpickleball.com\/wp-content\/uploads\/2024\/06\/pickleball-bag-768x768.png 768w\" sizes=\"auto, (max-width: 1024px) 100vw, 1024px\" \/>\t\t\t\t\t\t\t\t\t\t\t\t\t<\/p>\n<h2>Adaptado \u00e0 sua marca<\/h2>\n<p>O nosso <strong>sacos de pickleball personalizados<\/strong> podem ser adaptados para apresentar o log\u00f3tipo, as cores e os designs exclusivos da sua marca, ajudando-o a criar uma linha de produtos distinta que se identifique com o seu mercado-alvo. Esta personaliza\u00e7\u00e3o n\u00e3o s\u00f3 aumenta o reconhecimento da marca, como tamb\u00e9m acrescenta valor \u00e0s suas ofertas.<\/p>\n<figure class='gallery-item'>\n\t\t\t\t<a  href='https:\/\/dinkpickleball.com\/wp-content\/uploads\/2024\/06\/pickleball-backpack.jpeg'><img loading=\"lazy\" width=\"800\" height=\"800\" src=\"https:\/\/dinkpickleball.com\/wp-content\/uploads\/2024\/06\/pickleball-backpack.jpeg\" alt=\"mochila de pickleball\" decoding=\"async\" srcset=\"https:\/\/dinkpickleball.com\/wp-content\/uploads\/2024\/06\/pickleball-backpack.jpeg 800w, https:\/\/dinkpickleball.com\/wp-content\/uploads\/2024\/06\/pickleball-backpack-300x300.jpeg 300w, https:\/\/dinkpickleball.com\/wp-content\/uploads\/2024\/06\/pickleball-backpack-150x150.jpeg 150w, https:\/\/dinkpickleball.com\/wp-content\/uploads\/2024\/06\/pickleball-backpack-768x768.jpeg 768w\" sizes=\"auto, (max-width: 800px) 100vw, 800px\" \/><\/a><br \/>\n\t\t\t<\/figure>\n<figure class='gallery-item'>\n\t\t\t\t<a  href='https:\/\/dinkpickleball.com\/wp-content\/uploads\/2024\/06\/pickleball-bag-manufacturer.jpeg'><img loading=\"lazy\" width=\"720\" height=\"720\" src=\"https:\/\/dinkpickleball.com\/wp-content\/uploads\/2024\/06\/pickleball-bag-manufacturer.jpeg\" alt=\"fabricante de sacos de pickleball\" decoding=\"async\" srcset=\"https:\/\/dinkpickleball.com\/wp-content\/uploads\/2024\/06\/pickleball-bag-manufacturer.jpeg 720w, https:\/\/dinkpickleball.com\/wp-content\/uploads\/2024\/06\/pickleball-bag-manufacturer-300x300.jpeg 300w, https:\/\/dinkpickleball.com\/wp-content\/uploads\/2024\/06\/pickleball-bag-manufacturer-150x150.jpeg 150w\" sizes=\"auto, (max-width: 720px) 100vw, 720px\" \/><\/a><br \/>\n\t\t\t<\/figure>\n<figure class='gallery-item'>\n\t\t\t\t<a  href='https:\/\/dinkpickleball.com\/wp-content\/uploads\/2024\/06\/pickleball-bag-wholesale.jpeg'><img loading=\"lazy\" width=\"720\" height=\"720\" src=\"https:\/\/dinkpickleball.com\/wp-content\/uploads\/2024\/06\/pickleball-bag-wholesale.jpeg\" alt=\"saco de pickleball por atacado\" decoding=\"async\" srcset=\"https:\/\/dinkpickleball.com\/wp-content\/uploads\/2024\/06\/pickleball-bag-wholesale.jpeg 720w, https:\/\/dinkpickleball.com\/wp-content\/uploads\/2024\/06\/pickleball-bag-wholesale-300x300.jpeg 300w, https:\/\/dinkpickleball.com\/wp-content\/uploads\/2024\/06\/pickleball-bag-wholesale-150x150.jpeg 150w\" sizes=\"auto, (max-width: 720px) 100vw, 720px\" \/><\/a><br \/>\n\t\t\t<\/figure>\n<figure class='gallery-item'>\n\t\t\t\t<a  href='https:\/\/dinkpickleball.com\/wp-content\/uploads\/2024\/06\/pickleball-paddle-bag.jpeg'><img loading=\"lazy\" width=\"800\" height=\"800\" src=\"https:\/\/dinkpickleball.com\/wp-content\/uploads\/2024\/06\/pickleball-paddle-bag.jpeg\" alt=\"saco de p\u00e1s de pickleball\" decoding=\"async\" srcset=\"https:\/\/dinkpickleball.com\/wp-content\/uploads\/2024\/06\/pickleball-paddle-bag.jpeg 800w, https:\/\/dinkpickleball.com\/wp-content\/uploads\/2024\/06\/pickleball-paddle-bag-300x300.jpeg 300w, https:\/\/dinkpickleball.com\/wp-content\/uploads\/2024\/06\/pickleball-paddle-bag-150x150.jpeg 150w, https:\/\/dinkpickleball.com\/wp-content\/uploads\/2024\/06\/pickleball-paddle-bag-768x768.jpeg 768w\" sizes=\"auto, (max-width: 800px) 100vw, 800px\" \/><\/a><br \/>\n\t\t\t<\/figure>\n<figure class='gallery-item'>\n\t\t\t\t<a  href='https:\/\/dinkpickleball.com\/wp-content\/uploads\/2024\/06\/pickleball-bag-factory.jpg'><img loading=\"lazy\" width=\"1000\" height=\"1000\" src=\"https:\/\/dinkpickleball.com\/wp-content\/uploads\/2024\/06\/pickleball-bag-factory.jpg\" alt=\"f\u00e1brica de sacos de pickleball\" decoding=\"async\" srcset=\"https:\/\/dinkpickleball.com\/wp-content\/uploads\/2024\/06\/pickleball-bag-factory.jpg 1000w, https:\/\/dinkpickleball.com\/wp-content\/uploads\/2024\/06\/pickleball-bag-factory-300x300.jpg 300w, https:\/\/dinkpickleball.com\/wp-content\/uploads\/2024\/06\/pickleball-bag-factory-150x150.jpg 150w, https:\/\/dinkpickleball.com\/wp-content\/uploads\/2024\/06\/pickleball-bag-factory-768x768.jpg 768w\" sizes=\"auto, (max-width: 1000px) 100vw, 1000px\" \/><\/a><br \/>\n\t\t\t<\/figure>\n<figure class='gallery-item'>\n\t\t\t\t<a  href='https:\/\/dinkpickleball.com\/wp-content\/uploads\/2024\/06\/custom-pickleball-bag.png'><img loading=\"lazy\" width=\"753\" height=\"735\" src=\"https:\/\/dinkpickleball.com\/wp-content\/uploads\/2024\/06\/custom-pickleball-bag.png\" alt=\"saco de pickleball personalizado\" decoding=\"async\" srcset=\"https:\/\/dinkpickleball.com\/wp-content\/uploads\/2024\/06\/custom-pickleball-bag.png 753w, https:\/\/dinkpickleball.com\/wp-content\/uploads\/2024\/06\/custom-pickleball-bag-300x293.png 300w\" sizes=\"auto, (max-width: 753px) 100vw, 753px\" \/><\/a><br \/>\n\t\t\t<\/figure>\n<h2>Personalizar at\u00e9 \u00e0 perfei\u00e7\u00e3o<\/h2>\n<p><strong>Eleve a sua marca com os sacos de Pickleball personalizados da DinkPickleball<\/strong><\/p>\n<h2> Pre\u00e7os competitivos por grosso<\/h2>\n<p>O nosso modelo de pre\u00e7os por grosso foi concebido para proporcionar poupan\u00e7as de custos significativas aos clientes B2B. Ao estabelecer uma parceria com a DinkPickleball, beneficia dos nossos pre\u00e7os competitivos, o que lhe permite maximizar as margens de lucro enquanto oferece produtos de alta qualidade aos seus clientes.<\/p>\n<h2>Op\u00e7\u00f5es de personaliza\u00e7\u00e3o alargadas<\/h2>\n<p>A DinkPickleball oferece uma vasta gama de op\u00e7\u00f5es de personaliza\u00e7\u00e3o para se adaptar \u00e0s suas necessidades espec\u00edficas. Quer necessite de tamanhos diferentes, compartimentos adicionais ou carater\u00edsticas especiais como bolsos isolados, os nossos <strong data-immersive-translate-walked=\"32ff1652-6224-42eb-a6e8-49b3a088daa7\">sacos personalizados<\/strong> podem ser totalmente adaptados para satisfazer as exig\u00eancias do seu mercado.\u00a0<\/p>\n<h2>Hist\u00f3rico comprovado e alcance global<\/h2>\n<p>Somos um parceiro de confian\u00e7a para empresas nos EUA, Canad\u00e1, Austr\u00e1lia e outros pa\u00edses. A nossa experi\u00eancia e especializa\u00e7\u00e3o no fabrico<strong data-immersive-translate-walked=\"32ff1652-6224-42eb-a6e8-49b3a088daa7\">\u00a0sacos de pickleball<\/strong> fazem de n\u00f3s a escolha ideal para quem pretende expandir a sua oferta de produtos e chegar a novos mercados.<\/p>\n<h2>Focado em marcas e distribuidores<\/h2>\n<p>Somos especializados em servir marcas e distribuidores, compreendendo os seus desafios e requisitos \u00fanicos. Os nossos <strong data-immersive-translate-walked=\"32ff1652-6224-42eb-a6e8-49b3a088daa7\">sacos<\/strong> s\u00e3o concebidos para satisfazer os elevados padr\u00f5es, garantindo que o seu produto se destaca.<\/p>\n<h2>Produ\u00e7\u00e3o eficiente e r\u00e1pida<\/h2>\n<p>Os nossos processos de fabrico eficientes garantem que podemos tratar de grandes encomendas com prazos de entrega r\u00e1pidos. Ao escolher a DinkPickleball, pode contar com a entrega atempada das suas<strong data-immersive-translate-walked=\"32ff1652-6224-42eb-a6e8-49b3a088daa7\"> sacos de p\u00e1s de pickleball<\/strong>.<\/p>\n<h2>Apoio e colabora\u00e7\u00e3o abrangentes<\/h2>\n<p>Desde a consulta inicial at\u00e9 \u00e0 entrega final, prestamos um apoio abrangente para garantir a sua satisfa\u00e7\u00e3o. A nossa equipa dedica-se a colaborar estreitamente consigo para criar a solu\u00e7\u00e3o perfeita <strong data-immersive-translate-walked=\"32ff1652-6224-42eb-a6e8-49b3a088daa7\">saco de pickleball personalizado<\/strong> solu\u00e7\u00e3o para a sua empresa.<\/p>\n<figure><img decoding=\"async\" src=\"https:\/\/dinkpickleball.com\/wp-content\/uploads\/2024\/06\/onix.png\" alt=\"onix.png\" \/><\/figure>\n<figure><img decoding=\"async\" src=\"https:\/\/dinkpickleball.com\/wp-content\/uploads\/2024\/06\/Diadem-logo.png\" alt=\"log\u00f3tipo diadem.png\" \/><\/figure>\n<figure><img decoding=\"async\" src=\"https:\/\/dinkpickleball.com\/wp-content\/uploads\/2024\/06\/Gamma.png\" alt=\"gamma.png\" \/><\/figure>\n<figure><img decoding=\"async\" src=\"https:\/\/dinkpickleball.com\/wp-content\/uploads\/2024\/06\/Paddletek.png\" alt=\"paddletek.png\" \/><\/figure>\n<figure><img decoding=\"async\" src=\"https:\/\/dinkpickleball.com\/wp-content\/uploads\/2024\/06\/RECESS-logo.png\" alt=\"log\u00f3tipo do recreio.png\" \/><\/figure>\n<figure><img decoding=\"async\" src=\"https:\/\/dinkpickleball.com\/wp-content\/uploads\/2024\/06\/CRBN-logo.png\" alt=\"log\u00f3tipo do crbn.png\" \/><\/figure>\n<figure><img decoding=\"async\" src=\"https:\/\/dinkpickleball.com\/wp-content\/uploads\/2024\/06\/STIGA-logo.png\" alt=\"log\u00f3tipo stiga.png\" \/><\/figure>\n<figure><img decoding=\"async\" src=\"https:\/\/dinkpickleball.com\/wp-content\/uploads\/2024\/06\/tangerine.png\" alt=\"tangerina.png\" \/><\/figure>\n<figure><img decoding=\"async\" src=\"https:\/\/dinkpickleball.com\/wp-content\/uploads\/2024\/06\/pickleball-apes.png\" alt=\"macacos do pickleball.png\" \/><\/figure>\n<figure><img decoding=\"async\" src=\"https:\/\/dinkpickleball.com\/wp-content\/uploads\/2024\/06\/6.0.png\" alt=\"6.0.png\" \/><\/figure>\n<figure><img decoding=\"async\" src=\"https:\/\/dinkpickleball.com\/wp-content\/uploads\/2024\/06\/Holbrook.png\" alt=\"holbrook.png\" \/><\/figure>\n<figure><img decoding=\"async\" src=\"https:\/\/dinkpickleball.com\/wp-content\/uploads\/2024\/06\/niupipo.png\" alt=\"niupipo.png\" \/><\/figure>\n<h2>Criado para a identidade \u00fanica da sua marca<\/h2>\n<p><strong>Destaque-se com sacos de pickleball personalizados<\/strong><\/p>\n<p>\t\t\t\t\t\t\t\t\t\t\t\t\t<img decoding=\"async\" src=\"https:\/\/dinkpickleball.com\/wp-content\/uploads\/2024\/06\/Proven-Track-Record.jpg\" title=\"Registo de percurso comprovado.jpg\" alt=\"registo comprovado.jpg\" loading=\"lazy\" \/>\t\t\t\t\t\t\t\t\t\t\t\t\t<\/p>\n<h3>Desenhos totalmente personaliz\u00e1veis<\/h3>\n<p>O nosso <strong data-immersive-translate-walked=\"e655e911-21e6-482c-aeca-edb3e4a1e534\">sacos de pickleball personalizados<\/strong> oferecem amplas op\u00e7\u00f5es de personaliza\u00e7\u00e3o, permitindo que os retalhistas e as marcas criem designs \u00fanicos e apelativos. Desde esquemas de cores a coloca\u00e7\u00e3o de log\u00f3tipos, todos os detalhes podem ser adaptados para corresponder \u00e0 identidade da sua marca, garantindo que os seus produtos se destacam no mercado<\/p>\n<p>\t\t\t<a role=\"button\"><br \/>\n\t\t\t\t\t\t\t\t\tObter um or\u00e7amento imediato<br \/>\n\t\t\t\t\t<\/a><br \/>\n\t\t\t\t\t\t\t\t\t\t\t\t\t<img decoding=\"async\" src=\"https:\/\/dinkpickleball.com\/wp-content\/uploads\/2024\/06\/Premium-Quality-Products.jpg\" title=\"Produtos de qualidade superior.jpg\" alt=\"produtos de qualidade superior.jpg\" loading=\"lazy\" \/>\t\t\t\t\t\t\t\t\t\t\t\t\t<\/p>\n<h3>Materiais de alta qualidade e durabilidade<\/h3>\n<p>Utilizamos materiais de alta qualidade e duradouros para fabricar os nossos <strong data-immersive-translate-walked=\"e655e911-21e6-482c-aeca-edb3e4a1e534\">sacos de pickleball personalizados<\/strong>. Isto garante que os sacos n\u00e3o s\u00e3o apenas elegantes, mas tamb\u00e9m robustos e duradouros, capazes de suportar os rigores da utiliza\u00e7\u00e3o di\u00e1ria dentro e fora do campo.<\/p>\n<p>\t\t\t<a role=\"button\"><br \/>\n\t\t\t\t\t\t\t\t\tObter um or\u00e7amento imediato<br \/>\n\t\t\t\t\t<\/a><br \/>\n\t\t\t\t\t\t\t\t\t\t\t\t\t<img decoding=\"async\" src=\"https:\/\/dinkpickleball.com\/wp-content\/uploads\/2024\/06\/Adaptability-and-Responsiveness-to-Market.jpeg\" title=\"Adaptabilidade e capacidade de resposta ao mercado.jpeg\" alt=\"adaptabilidade e capacidade de resposta ao mercado.jpeg\" loading=\"lazy\" \/>\t\t\t\t\t\t\t\t\t\t\t\t\t<\/p>\n<h3>Op\u00e7\u00f5es ecol\u00f3gicas<\/h3>\n<p>O nosso <strong data-immersive-translate-walked=\"e655e911-21e6-482c-aeca-edb3e4a1e534\">sacos de pickleball personalizados<\/strong> s\u00e3o concebidas a pensar no utilizador final. Carater\u00edsticas como m\u00faltiplos compartimentos, correias ergon\u00f3micas e fechos de correr duradouros garantem a m\u00e1xima funcionalidade e comodidade para os jogadores, melhorando a sua experi\u00eancia geral.<\/p>\n<p>\t\t\t<a role=\"button\"><br \/>\n\t\t\t\t\t\t\t\t\tObter um or\u00e7amento imediato<br \/>\n\t\t\t\t\t<\/a><br \/>\n\t\t\t\t\t\t\t\t\t\t\t\t\t<img decoding=\"async\" src=\"https:\/\/dinkpickleball.com\/wp-content\/uploads\/2024\/06\/Collaborative-Approach-.jpeg\" title=\"Abordagem colaborativa.jpeg\" alt=\"abordagem colaborativa .jpeg\" loading=\"lazy\" \/>\t\t\t\t\t\t\t\t\t\t\t\t\t<\/p>\n<h3>Funcionalidade e design melhorados<\/h3>\n<p>O nosso <strong data-immersive-translate-walked=\"e655e911-21e6-482c-aeca-edb3e4a1e534\">sacos de pickleball personalizados<\/strong> s\u00e3o concebidas a pensar no utilizador final. Carater\u00edsticas como m\u00faltiplos compartimentos, correias ergon\u00f3micas e fechos de correr duradouros garantem a m\u00e1xima funcionalidade e comodidade para os jogadores, melhorando a sua experi\u00eancia geral.<\/p>\n<p>\t\t\t<a role=\"button\"><br \/>\n\t\t\t\t\t\t\t\t\tObter um or\u00e7amento imediato<br \/>\n\t\t\t\t\t<\/a><\/p>","protected":false},"excerpt":{"rendered":"<p>Custom Pickleball Bag Our custom pickleball bags are perfect for retailers, distributors, and brands looking to offer unique products to their customers. We work closely with you to ensure your branding and design specifications are met, creating a product that stands out in the market. Get Quick Quote Tailored for Your Brand Our custom pickleball [&hellip;]<\/p>\n","protected":false},"author":1,"featured_media":0,"parent":0,"menu_order":0,"comment_status":"closed","ping_status":"closed","template":"","meta":{"_seopress_robots_primary_cat":"","_seopress_titles_title":"","_seopress_titles_desc":"","_seopress_robots_index":"","footnotes":""},"class_list":["post-15891","page","type-page","status-publish","hentry"],"meta_box":[],"_links":{"self":[{"href":"https:\/\/dinkpickleball.com\/pt\/wp-json\/wp\/v2\/pages\/15891","targetHints":{"allow":["GET"]}}],"collection":[{"href":"https:\/\/dinkpickleball.com\/pt\/wp-json\/wp\/v2\/pages"}],"about":[{"href":"https:\/\/dinkpickleball.com\/pt\/wp-json\/wp\/v2\/types\/page"}],"author":[{"embeddable":true,"href":"https:\/\/dinkpickleball.com\/pt\/wp-json\/wp\/v2\/users\/1"}],"replies":[{"embeddable":true,"href":"https:\/\/dinkpickleball.com\/pt\/wp-json\/wp\/v2\/comments?post=15891"}],"version-history":[{"count":31,"href":"https:\/\/dinkpickleball.com\/pt\/wp-json\/wp\/v2\/pages\/15891\/revisions"}],"predecessor-version":[{"id":16291,"href":"https:\/\/dinkpickleball.com\/pt\/wp-json\/wp\/v2\/pages\/15891\/revisions\/16291"}],"wp:attachment":[{"href":"https:\/\/dinkpickleball.com\/pt\/wp-json\/wp\/v2\/media?parent=15891"}],"curies":[{"name":"wp","href":"https:\/\/api.w.org\/{rel}","templated":true}]}}