{"id":15833,"date":"2024-04-30T15:57:11","date_gmt":"2024-04-30T07:57:11","guid":{"rendered":"https:\/\/dinkpickleball.com\/?page_id=15833"},"modified":"2025-01-13T21:58:53","modified_gmt":"2025-01-13T13:58:53","slug":"gen-3-pickleball-paddle","status":"publish","type":"page","link":"https:\/\/dinkpickleball.com\/pt\/gen-3-pickleball-paddle\/","title":{"rendered":"Raquete de Pickleball Gen 3"},"content":{"rendered":"<h2>Gen 3 Pickleball Paddle Fabricante<\/h2>\n<h3>Do n\u00facleo \u00e0 superf\u00edcie - cada detalhe da nossa palheta Gen 3 impulsiona o seu neg\u00f3cio.<\/h3>\n<p>\t\t\t<a role=\"button\"><br \/>\n\t\t\t\t\t\t\t\t\tPedido de cota\u00e7\u00e3o<br \/>\n\t\t\t\t\t<\/a><br \/>\n\t\t\t\t\t\t\t\t\t\t\t\t\t<img loading=\"lazy\" decoding=\"async\" width=\"527\" height=\"527\" src=\"https:\/\/dinkpickleball.com\/wp-content\/uploads\/2024\/04\/Gen-3-Pickleball-Paddles-factory.png\" alt=\"f\u00e1brica de p\u00e1s de pickleball gen 3\" srcset=\"https:\/\/dinkpickleball.com\/wp-content\/uploads\/2024\/04\/Gen-3-Pickleball-Paddles-factory.png 527w, https:\/\/dinkpickleball.com\/wp-content\/uploads\/2024\/04\/Gen-3-Pickleball-Paddles-factory-300x300.png 300w, https:\/\/dinkpickleball.com\/wp-content\/uploads\/2024\/04\/Gen-3-Pickleball-Paddles-factory-150x150.png 150w\" sizes=\"auto, (max-width: 527px) 100vw, 527px\" \/>\t\t\t\t\t\t\t\t\t\t\t\t\t<\/p>\n<h2>Cadeia de fornecimento racionalizada<\/h2>\n<p>A DinkPickleball oferece acesso direto \u00e0 nossa linha de produ\u00e7\u00e3o, eliminando intermedi\u00e1rios e reduzindo atrasos. Esta cadeia de fornecimento simplificada garante tempos de resposta mais r\u00e1pidos desde a encomenda at\u00e9 \u00e0 entrega, permitindo-lhe acompanhar a procura do mercado sem um invent\u00e1rio excessivo.<\/p>\n<p>\t\t\t<a role=\"button\"><br \/>\n\t\t\t\t\t\t\t\t\tPedido de cota\u00e7\u00e3o<br \/>\n\t\t\t\t\t<\/a><\/p>\n<h2>Capacidades de personaliza\u00e7\u00e3o<\/h2>\n<p>Compreendemos a import\u00e2ncia da diferencia\u00e7\u00e3o da marca, e \u00e9 por isso que oferecemos op\u00e7\u00f5es de personaliza\u00e7\u00e3o para a Palheta Pickleball Gen 3. Quer se trate de cores personalizadas, marcas ou ajustes de design exclusivos, as nossas capacidades permitem-lhe oferecer um produto que se destaca no mercado.<\/p>\n<p>\t\t\t<a role=\"button\"><br \/>\n\t\t\t\t\t\t\t\t\tPedido de cota\u00e7\u00e3o<br \/>\n\t\t\t\t\t<\/a><\/p>\n<h2>Estrutura de pre\u00e7os competitiva<\/h2>\n<p>A DinkPickleball opera com uma estrutura de custos eficiente, o que nos permite transferir as poupan\u00e7as para os nossos clientes B2B. Os nossos pre\u00e7os competitivos para grossistas e distribuidores significam que pode usufruir de margens mais elevadas enquanto oferece produtos de qualidade aos seus clientes.<\/p>\n<p>\t\t\t<a role=\"button\"><br \/>\n\t\t\t\t\t\t\t\t\tPedido de cota\u00e7\u00e3o<br \/>\n\t\t\t\t\t<\/a><\/p>\n<figure><img decoding=\"async\" src=\"https:\/\/dinkpickleball.com\/wp-content\/uploads\/2022\/06\/onix.png\" alt=\"onix\" \/><\/figure>\n<figure><img decoding=\"async\" src=\"https:\/\/dinkpickleball.com\/wp-content\/uploads\/2022\/06\/Diadem-logo.png\" alt=\"Log\u00f3tipo Diadem\" \/><\/figure>\n<figure><img decoding=\"async\" src=\"https:\/\/dinkpickleball.com\/wp-content\/uploads\/2022\/06\/Gamma.png\" alt=\"Gama\" \/><\/figure>\n<figure><img decoding=\"async\" src=\"https:\/\/dinkpickleball.com\/wp-content\/uploads\/2023\/04\/CRBN-logo.png\" alt=\"Log\u00f3tipo do CRBN\" \/><\/figure>\n<figure><img decoding=\"async\" src=\"https:\/\/dinkpickleball.com\/wp-content\/uploads\/2023\/04\/RECESS-logo.png\" alt=\"Log\u00f3tipo RECESS\" \/><\/figure>\n<figure><img decoding=\"async\" src=\"https:\/\/dinkpickleball.com\/wp-content\/uploads\/2023\/04\/STIGA-logo.png\" alt=\"Log\u00f3tipo STIGA\" \/><\/figure>\n<figure><img decoding=\"async\" src=\"https:\/\/dinkpickleball.com\/wp-content\/uploads\/2022\/06\/Paddletek.png\" alt=\"Paddletek\" \/><\/figure>\n<figure><img decoding=\"async\" src=\"https:\/\/dinkpickleball.com\/wp-content\/uploads\/2024\/01\/tangerine.png\" alt=\"tangerina\" \/><\/figure>\n<figure><img decoding=\"async\" src=\"https:\/\/dinkpickleball.com\/wp-content\/uploads\/2024\/01\/pickleball-apes.png\" alt=\"macacos do pickleball\" \/><\/figure>\n<figure><img decoding=\"async\" src=\"https:\/\/dinkpickleball.com\/wp-content\/uploads\/2024\/01\/Holbrook.png\" alt=\"caramanch\u00e3o\" \/><\/figure>\n<figure><img decoding=\"async\" src=\"https:\/\/dinkpickleball.com\/wp-content\/uploads\/2024\/01\/6.0.png\" alt=\"6.0\" \/><\/figure>\n<figure><img decoding=\"async\" src=\"https:\/\/dinkpickleball.com\/wp-content\/uploads\/2022\/06\/niupipo.png\" alt=\"niupipo\" \/><\/figure>\n<h2>Impulsionar as vendas com um desempenho inigual\u00e1vel <\/h2>\n<p>A DinkPickleball est\u00e1 empenhada na investiga\u00e7\u00e3o e desenvolvimento cont\u00ednuos, procurando constantemente inovar e melhorar os nossos produtos. Ao escolher-nos, tem acesso aos \u00faltimos avan\u00e7os na tecnologia do pickleball, mantendo a sua oferta de produtos fresca e excitante.<\/p>\n<p>\t\t\t\t\t\t\t\t\t\t\t\t\t<img decoding=\"async\" src=\"https:\/\/dinkpickleball.com\/wp-content\/uploads\/2024\/04\/Gen-3-Pickleball-Paddle-wholesale.png\" title=\"Gen 3 Pickleball Paddle wholesale\" alt=\"gen 3 pickleball paddle wholesale\" loading=\"lazy\" \/>\t\t\t\t\t\t\t\t\t\t\t\t\t<\/p>\n<h3>Tecnologia de n\u00facleo de propuls\u00e3o da pr\u00f3xima gera\u00e7\u00e3o<\/h3>\n<p>A raquete de Pickleball Gen 3 apresenta o nosso N\u00facleo de Propuls\u00e3o patenteado, concebido para uma pot\u00eancia explosiva em drives agressivos, contra-ataques e acelera\u00e7\u00f5es, mantendo um controlo refinado para jogadas suaves como dinks, drops e resets. Esta mistura de pot\u00eancia e precis\u00e3o destina-se a jogadores competitivos e casuais.<\/p>\n<p>\t\t\t<a role=\"button\"><br \/>\n\t\t\t\t\t\t\t\t\tObter um or\u00e7amento imediato<br \/>\n\t\t\t\t\t<\/a><br \/>\n\t\t\t\t\t\t\t\t\t\t\t\t\t<img decoding=\"async\" src=\"https:\/\/dinkpickleball.com\/wp-content\/uploads\/2024\/04\/New-Pickleball-Paddles.png\" title=\"Novas p\u00e1s de Pickleball\" alt=\"novas p\u00e1s de pickleball\" loading=\"lazy\" \/>\t\t\t\t\t\t\t\t\t\t\t\t\t<\/p>\n<h3>Amortecimento avan\u00e7ado de vibra\u00e7\u00f5es<\/h3>\n<p>A integra\u00e7\u00e3o de espuma amortecedora de vibra\u00e7\u00f5es no n\u00facleo alveolar reduz o choque de impacto, proporcionando uma sensa\u00e7\u00e3o mais suave no contacto com a bola. Esta carater\u00edstica \u00e9 especialmente ben\u00e9fica para os jogadores que procuram reduzir a tens\u00e3o nas articula\u00e7\u00f5es durante o jogo.<\/p>\n<p>\t\t\t<a role=\"button\"><br \/>\n\t\t\t\t\t\t\t\t\tObter um or\u00e7amento imediato<br \/>\n\t\t\t\t\t<\/a><br \/>\n\t\t\t\t\t\t\t\t\t\t\t\t\t<img decoding=\"async\" src=\"https:\/\/dinkpickleball.com\/wp-content\/uploads\/2024\/04\/Gen-3-Pickleball-Paddles-Manufacturer.png\" title=\"Gen 3 Pickleball Paddles Fabricante\" alt=\"fabricante de p\u00e1s de pickleball gen 3\" loading=\"lazy\" \/>\t\t\t\t\t\t\t\t\t\t\t\t\t<\/p>\n<h3>Prote\u00e7\u00e3o do bordo de prote\u00e7\u00e3o<\/h3>\n<p>Uma robusta prote\u00e7\u00e3o de borda n\u00e3o s\u00f3 solidifica a estrutura da raquete como tamb\u00e9m evita a delamina\u00e7\u00e3o da superf\u00edcie. Esta durabilidade faz com que seja a escolha ideal para os retalhistas que procuram uma oferta de p\u00e1s duradoura.<\/p>\n<p>\t\t\t<a role=\"button\"><br \/>\n\t\t\t\t\t\t\t\t\tObter um or\u00e7amento imediato<br \/>\n\t\t\t\t\t<\/a><br \/>\n\t\t\t\t\t\t\t\t\t\t\t\t\t<img decoding=\"async\" src=\"https:\/\/dinkpickleball.com\/wp-content\/uploads\/2024\/04\/Gen-3-Pickleball-Paddles-factory-1.png\" title=\"F\u00e1brica de p\u00e1s de Pickleball Gen 3\" alt=\"f\u00e1brica de p\u00e1s de pickleball gen 3\" loading=\"lazy\" \/>\t\t\t\t\t\t\t\t\t\t\t\t\t<\/p>\n<h3>Superf\u00edcie de fric\u00e7\u00e3o de carbono<\/h3>\n<p>A raquete possui uma superf\u00edcie de fric\u00e7\u00e3o de carbono que proporciona uma ader\u00eancia texturizada \u00e0 bola, oferecendo capacidades de rota\u00e7\u00e3o melhoradas e um melhor controlo sobre a trajet\u00f3ria da bola, apelando aos jogadores avan\u00e7ados que procuram melhorar o seu jogo.<\/p>\n<p>\t\t\t<a role=\"button\"><br \/>\n\t\t\t\t\t\t\t\t\tObter um or\u00e7amento imediato<br \/>\n\t\t\t\t\t<\/a><br \/>\n\t\t\t\t\t\t\t\t\t\t\t\t\t<img decoding=\"async\" src=\"https:\/\/dinkpickleball.com\/wp-content\/uploads\/2024\/04\/Gen-3-Pickleball-Paddle-bulk.png\" title=\"Gen 3 Pickleball Paddle bulk\" alt=\"gen 3 pickleball paddleball paddle bulk\" loading=\"lazy\" \/>\t\t\t\t\t\t\t\t\t\t\t\t\t<\/p>\n<h3>Constru\u00e7\u00e3o inovadora e durabilidade<\/h3>\n<p>Constru\u00edda com um material de tecido branco sob carbono bruto e uma sec\u00e7\u00e3o transversal de 14 mm para maior durabilidade e longevidade do desempenho. O n\u00facleo de polipropileno \u00e9 suportado por um sistema de suspens\u00e3o de espuma branca, concebido para resistir a jogos rigorosos, mantendo a integridade estrutural da raquete.<\/p>\n<p>\t\t\t<a role=\"button\"><br \/>\n\t\t\t\t\t\t\t\t\tObter um or\u00e7amento imediato<br \/>\n\t\t\t\t\t<\/a><br \/>\n\t\t\t\t\t\t\t\t\t\t\t\t\t<img decoding=\"async\" src=\"https:\/\/dinkpickleball.com\/wp-content\/uploads\/2024\/04\/Gen-3-Pickleball-Paddle-in-bulk.png\" title=\"Gen 3 Pickleball Paddle a granel\" alt=\"raquete de pickleball gen 3 a granel\" loading=\"lazy\" \/>\t\t\t\t\t\t\t\t\t\t\t\t\t<\/p>\n<h3>Parede com rebordo de espuma para maior estabilidade<\/h3>\n<p>A parede de espuma injectada \u00e0 volta do per\u00edmetro da p\u00e1 acrescenta o peso e a estabilidade necess\u00e1rios, o que aumenta significativamente o sweet spot e assegura um desempenho consistente em toda a face da p\u00e1.<\/p>\n<p>\t\t\t<a role=\"button\"><br \/>\n\t\t\t\t\t\t\t\t\tObter um or\u00e7amento imediato<br \/>\n\t\t\t\t\t<\/a><\/p>\n<h2>Fabricante de p\u00e1s de Pickleball personalizadas<\/h2>\n<p>A nossa equipa dedicada de servi\u00e7o ao cliente tem forma\u00e7\u00e3o para apoiar os clientes B2B em quaisquer quest\u00f5es que surjam, desde a log\u00edstica a quest\u00f5es sobre produtos. Este servi\u00e7o de resposta r\u00e1pida garante que pode sempre contar connosco para ajudar a manter a sua reputa\u00e7\u00e3o de qualidade e fiabilidade.<\/p>","protected":false},"excerpt":{"rendered":"<p>Gen 3 Pickleball Paddle Manufacturer From Core to Surface \u2013 Every Detail of Our Gen 3 Paddle Boosts Your Business. Request For Quotation Streamlined Supply Chain DinkPickleball offers direct access to our production line, eliminating intermediaries and reducing delays. This streamlined supply chain ensures quicker turnaround times from order to delivery, allowing you to keep [&hellip;]<\/p>\n","protected":false},"author":1,"featured_media":0,"parent":0,"menu_order":0,"comment_status":"closed","ping_status":"closed","template":"","meta":{"_seopress_robots_primary_cat":"","_seopress_titles_title":"","_seopress_titles_desc":"","_seopress_robots_index":"","footnotes":""},"class_list":["post-15833","page","type-page","status-publish","hentry"],"meta_box":[],"_links":{"self":[{"href":"https:\/\/dinkpickleball.com\/pt\/wp-json\/wp\/v2\/pages\/15833","targetHints":{"allow":["GET"]}}],"collection":[{"href":"https:\/\/dinkpickleball.com\/pt\/wp-json\/wp\/v2\/pages"}],"about":[{"href":"https:\/\/dinkpickleball.com\/pt\/wp-json\/wp\/v2\/types\/page"}],"author":[{"embeddable":true,"href":"https:\/\/dinkpickleball.com\/pt\/wp-json\/wp\/v2\/users\/1"}],"replies":[{"embeddable":true,"href":"https:\/\/dinkpickleball.com\/pt\/wp-json\/wp\/v2\/comments?post=15833"}],"version-history":[{"count":34,"href":"https:\/\/dinkpickleball.com\/pt\/wp-json\/wp\/v2\/pages\/15833\/revisions"}],"predecessor-version":[{"id":16265,"href":"https:\/\/dinkpickleball.com\/pt\/wp-json\/wp\/v2\/pages\/15833\/revisions\/16265"}],"wp:attachment":[{"href":"https:\/\/dinkpickleball.com\/pt\/wp-json\/wp\/v2\/media?parent=15833"}],"curies":[{"name":"wp","href":"https:\/\/api.w.org\/{rel}","templated":true}]}}