{"id":15761,"date":"2024-03-09T19:31:19","date_gmt":"2024-03-09T11:31:19","guid":{"rendered":"https:\/\/dinkpickleball.com\/?page_id=15761"},"modified":"2025-01-13T19:55:35","modified_gmt":"2025-01-13T11:55:35","slug":"videos","status":"publish","type":"page","link":"https:\/\/dinkpickleball.com\/pt\/videos\/","title":{"rendered":"V\u00eddeos"},"content":{"rendered":"<h2>V\u00eddeos<\/h2>\n<p>\t\t<iframe loading=\"lazy\" title=\"Revolucionando as p\u00e1s de Pickleball: Por dentro da f\u00e1brica da DinkPickleball\" width=\"500\" height=\"281\" src=\"https:\/\/www.youtube.com\/embed\/kPvfvxb44x0?feature=oembed\" frameborder=\"0\" allow=\"accelerometer; autoplay; clipboard-write; encrypted-media; gyroscope; picture-in-picture; web-share\" referrerpolicy=\"strict-origin-when-cross-origin\" allowfullscreen><\/iframe>\t\t<\/p>\n<h3><a href=\"#\">Produ\u00e7\u00e3o de p\u00e1s de Pickleball por prensagem a frio<\/a><\/h3>\n<p>\t\t\t<a role=\"button\"><br \/>\n\t\t\t\t\t\tOBTER UM OR\u00c7AMENTO<br \/>\n\t\t\t\t\t<\/a><br \/>\n\t\t<iframe loading=\"lazy\" title=\"O fabrico de termoformagem personalizada de superf\u00edcie de fibra de carbono em bruto sem arestas\" width=\"500\" height=\"281\" src=\"https:\/\/www.youtube.com\/embed\/Om-bq1F7Ebw?feature=oembed\" frameborder=\"0\" allow=\"accelerometer; autoplay; clipboard-write; encrypted-media; gyroscope; picture-in-picture; web-share\" referrerpolicy=\"strict-origin-when-cross-origin\" allowfullscreen><\/iframe>\t\t<\/p>\n<h3><a href=\"#\">Fabrico de p\u00e1s de Pickleball termoformadas<\/a><\/h3>\n<p>\t\t\t<a role=\"button\"><br \/>\n\t\t\t\t\t\tOBTER UM OR\u00c7AMENTO<br \/>\n\t\t\t\t\t<\/a><\/p>\n<h2>P\u00e1s de Pickleball<\/h2>\n<p>\t\thttps:\/\/www.youtube.com\/watch?v=AL8NKWylYVEhttps:\/\/www.youtube.com\/watch?v=MKOjP8A4Kbghttps:\/\/www.youtube.com\/watch?v=k_gLQ9Hbse8https:\/\/www.youtube.com\/watch?v=HsVHj0mOG-E<br \/>\n\t\t\t<a role=\"button\"><br \/>\n\t\t\t\t\t\tOBTER UM OR\u00c7AMENTO<br \/>\n\t\t\t\t\t<\/a><\/p>\n<h2>Acess\u00f3rios de Pickleball<br \/>\n<\/h2>\n<p>\t\t<iframe loading=\"lazy\" title=\"USAPA 40 buracos pickleball exterior interior\" width=\"500\" height=\"281\" src=\"https:\/\/www.youtube.com\/embed\/Qabfon2h21M?feature=oembed\" frameborder=\"0\" allow=\"accelerometer; autoplay; clipboard-write; encrypted-media; gyroscope; picture-in-picture; web-share\" referrerpolicy=\"strict-origin-when-cross-origin\" allowfullscreen><\/iframe><br \/>\n\t\t\t<a role=\"button\"><br \/>\n\t\t\t\t\t\tOBTER UM OR\u00c7AMENTO<br \/>\n\t\t\t\t\t<\/a><br \/>\n\t\t<iframe loading=\"lazy\" title=\"Descobrir a magia do apagador de raquetes de Pickleball da DinkPickleball\" width=\"500\" height=\"281\" src=\"https:\/\/www.youtube.com\/embed\/SZ23rUQuJLA?feature=oembed\" frameborder=\"0\" allow=\"accelerometer; autoplay; clipboard-write; encrypted-media; gyroscope; picture-in-picture; web-share\" referrerpolicy=\"strict-origin-when-cross-origin\" allowfullscreen><\/iframe><br \/>\n\t\t\t<a role=\"button\"><br \/>\n\t\t\t\t\t\tOBTER UM OR\u00c7AMENTO<br \/>\n\t\t\t\t\t<\/a><br \/>\n\t\t<iframe loading=\"lazy\" title=\"USAPA 26 buracos pickleball\" width=\"500\" height=\"281\" src=\"https:\/\/www.youtube.com\/embed\/Ua9srFrvZFg?feature=oembed\" frameborder=\"0\" allow=\"accelerometer; autoplay; clipboard-write; encrypted-media; gyroscope; picture-in-picture; web-share\" referrerpolicy=\"strict-origin-when-cross-origin\" allowfullscreen><\/iframe><br \/>\n\t\t\t<a role=\"button\"><br \/>\n\t\t\t\t\t\tOBTER UM OR\u00c7AMENTO<br \/>\n\t\t\t\t\t<\/a><\/p>","protected":false},"excerpt":{"rendered":"<p>V\u00eddeos Fabrico de p\u00e1s de Pickleball por prensagem a frio PEDIR UM OR\u00c7AMENTO Fabrico de p\u00e1s de Pickleball por termoforma\u00e7\u00e3o PEDIR UM OR\u00c7AMENTO P\u00e1s de Pickleball https:\/\/www.youtube.com\/watch?v=AL8NKWylYVEhttps:\/\/www.youtube.com\/watch?v=MKOjP8A4Kbghttps:\/\/www.youtube.com\/watch?v=k_gLQ9Hbse8https:\/\/www.youtube.com\/watch?v=HsVHj0mOG-E PEDIR UM OR\u00c7AMENTO Acess\u00f3rios de Pickleball PEDIR UM OR\u00c7AMENTO PEDIR UM OR\u00c7AMENTO<\/p>","protected":false},"author":1,"featured_media":0,"parent":0,"menu_order":0,"comment_status":"closed","ping_status":"closed","template":"","meta":{"_seopress_robots_primary_cat":"","_seopress_titles_title":"","_seopress_titles_desc":"At DinkPickleball, we&#039;re not just a manufacturer; we&#039;re innovators dedicated to enhancing the pickleball experience for players across the globe. Located in the heart of China, our factory is where magic happens, crafting top-quality pickleball paddles for B2B, bulk, wholesale, and custom needs.","_seopress_robots_index":"","footnotes":""},"class_list":["post-15761","page","type-page","status-publish","hentry"],"meta_box":[],"_links":{"self":[{"href":"https:\/\/dinkpickleball.com\/pt\/wp-json\/wp\/v2\/pages\/15761","targetHints":{"allow":["GET"]}}],"collection":[{"href":"https:\/\/dinkpickleball.com\/pt\/wp-json\/wp\/v2\/pages"}],"about":[{"href":"https:\/\/dinkpickleball.com\/pt\/wp-json\/wp\/v2\/types\/page"}],"author":[{"embeddable":true,"href":"https:\/\/dinkpickleball.com\/pt\/wp-json\/wp\/v2\/users\/1"}],"replies":[{"embeddable":true,"href":"https:\/\/dinkpickleball.com\/pt\/wp-json\/wp\/v2\/comments?post=15761"}],"version-history":[{"count":45,"href":"https:\/\/dinkpickleball.com\/pt\/wp-json\/wp\/v2\/pages\/15761\/revisions"}],"predecessor-version":[{"id":16293,"href":"https:\/\/dinkpickleball.com\/pt\/wp-json\/wp\/v2\/pages\/15761\/revisions\/16293"}],"wp:attachment":[{"href":"https:\/\/dinkpickleball.com\/pt\/wp-json\/wp\/v2\/media?parent=15761"}],"curies":[{"name":"wp","href":"https:\/\/api.w.org\/{rel}","templated":true}]}}