{"id":15652,"date":"2024-01-28T09:44:52","date_gmt":"2024-01-28T01:44:52","guid":{"rendered":"https:\/\/dinkpickleball.com\/?page_id=15652"},"modified":"2025-01-13T21:59:32","modified_gmt":"2025-01-13T13:59:32","slug":"kevlar-pickleball-paddle","status":"publish","type":"page","link":"https:\/\/dinkpickleball.com\/pt\/kevlar-pickleball-paddle\/","title":{"rendered":"Palheta de Kevlar para Pickleball"},"content":{"rendered":"<h1>Palheta de Kevlar para Pickleball<\/h1>\n<h3>O Kevlar, conhecido pela sua utiliza\u00e7\u00e3o em aplica\u00e7\u00f5es de alto desempenho, \u00e9 sintetizado atrav\u00e9s de um processo qu\u00edmico complexo, criando um material com comportamento l\u00edquido-cristalino. Esta composi\u00e7\u00e3o \u00fanica contribui para a durabilidade e resist\u00eancia excepcionais das nossas p\u00e1s.<\/h3>\n<p>\t\t\t\t\t<a role=\"button\"><br \/>\n\t\t\t\t\t\t\t\t\tOBTER UM OR\u00c7AMENTO<br \/>\n\t\t\t\t\t<\/a><br \/>\n\t\t\t\t\t\t\t\t\t\t\t\t\t<img loading=\"lazy\" decoding=\"async\" width=\"682\" height=\"1024\" src=\"https:\/\/dinkpickleball.com\/wp-content\/uploads\/2024\/01\/Kevlar-Pickleball-Paddles.png\" alt=\"p\u00e1s de pickleball em kevlar\" srcset=\"https:\/\/dinkpickleball.com\/wp-content\/uploads\/2024\/01\/Kevlar-Pickleball-Paddles.png 682w, https:\/\/dinkpickleball.com\/wp-content\/uploads\/2024\/01\/Kevlar-Pickleball-Paddles-200x300.png 200w\" sizes=\"auto, (max-width: 682px) 100vw, 682px\" \/>\t\t\t\t\t\t\t\t\t\t\t\t\t<\/p>\n<h2>Conformidade com a USAPA para uma vantagem competitiva<\/h2>\n<p>As marcas procuram equipamento que n\u00e3o s\u00f3 seja de alta qualidade, como tamb\u00e9m esteja em conformidade com as normas profissionais. As nossas p\u00e1s cumprem as normas da USAPA, oferecendo \u00e0s marcas uma vantagem competitiva num mercado que valoriza o equipamento de n\u00edvel profissional, melhorando o seu portef\u00f3lio com produtos reconhecidos pela excel\u00eancia.<\/p>\n<p>\t\t\t\t\t<a role=\"button\"><br \/>\n\t\t\t\t\t\t\t\t\tOBTER UM OR\u00c7AMENTO<br \/>\n\t\t\t\t\t<\/a><\/p>\n<h2>Personaliza\u00e7\u00e3o para distin\u00e7\u00e3o da marca<\/h2>\n<p>A marca \u00fanica \u00e9 crucial para as empresas se destacarem. Oferecemos p\u00e1s de Kevlar personaliz\u00e1veis, permitindo que as empresas as alinhem com a identidade da sua marca, fazendo com que cada p\u00e1 n\u00e3o seja apenas uma pe\u00e7a de equipamento, mas uma declara\u00e7\u00e3o do compromisso da sua marca com a qualidade e a exclusividade.<\/p>\n<p>\t\t\t\t\t<a role=\"button\"><br \/>\n\t\t\t\t\t\t\t\t\tOBTER UM OR\u00c7AMENTO<br \/>\n\t\t\t\t\t<\/a><\/p>\n<h2>Rela\u00e7\u00e3o custo-efic\u00e1cia para compras a granel<\/h2>\n<p>As restri\u00e7\u00f5es or\u00e7amentais s\u00e3o uma realidade para muitos retalhistas e distribuidores. O Dinkpickleball oferece pre\u00e7os competitivos em encomendas por grosso, proporcionando uma solu\u00e7\u00e3o econ\u00f3mica sem comprometer a qualidade, tornando mais f\u00e1cil para as empresas armazenarem e oferecerem valor aos seus clientes.<\/p>\n<p>\t\t\t\t\t<a role=\"button\"><br \/>\n\t\t\t\t\t\t\t\t\tOBTER UM OR\u00c7AMENTO<br \/>\n\t\t\t\t\t<\/a><\/p>\n<figure><img decoding=\"async\" src=\"https:\/\/dinkpickleball.com\/wp-content\/uploads\/2022\/06\/onix.png\" alt=\"onix\" \/><\/figure>\n<figure><img decoding=\"async\" src=\"https:\/\/dinkpickleball.com\/wp-content\/uploads\/2022\/06\/Diadem-logo.png\" alt=\"Log\u00f3tipo Diadem\" \/><\/figure>\n<figure><img decoding=\"async\" src=\"https:\/\/dinkpickleball.com\/wp-content\/uploads\/2022\/06\/Gamma.png\" alt=\"Gama\" \/><\/figure>\n<figure><img decoding=\"async\" src=\"https:\/\/dinkpickleball.com\/wp-content\/uploads\/2022\/06\/Paddletek.png\" alt=\"Paddletek\" \/><\/figure>\n<figure><img decoding=\"async\" src=\"https:\/\/dinkpickleball.com\/wp-content\/uploads\/2023\/04\/RECESS-logo.png\" alt=\"Log\u00f3tipo RECESS\" \/><\/figure>\n<figure><img decoding=\"async\" src=\"https:\/\/dinkpickleball.com\/wp-content\/uploads\/2023\/04\/CRBN-logo.png\" alt=\"Log\u00f3tipo do CRBN\" \/><\/figure>\n<figure><img decoding=\"async\" src=\"https:\/\/dinkpickleball.com\/wp-content\/uploads\/2023\/04\/STIGA-logo.png\" alt=\"Log\u00f3tipo STIGA\" \/><\/figure>\n<figure><img decoding=\"async\" src=\"https:\/\/dinkpickleball.com\/wp-content\/uploads\/2024\/01\/6.0.png\" alt=\"6.0\" \/><\/figure>\n<figure><img decoding=\"async\" src=\"https:\/\/dinkpickleball.com\/wp-content\/uploads\/2024\/01\/Holbrook.png\" alt=\"caramanch\u00e3o\" \/><\/figure>\n<figure><img decoding=\"async\" src=\"https:\/\/dinkpickleball.com\/wp-content\/uploads\/2024\/01\/pickleball-apes.png\" alt=\"macacos do pickleball\" \/><\/figure>\n<figure><img decoding=\"async\" src=\"https:\/\/dinkpickleball.com\/wp-content\/uploads\/2024\/01\/tangerine.png\" alt=\"tangerina\" \/><\/figure>\n<figure><img decoding=\"async\" src=\"https:\/\/dinkpickleball.com\/wp-content\/uploads\/2022\/06\/niupipo.png\" alt=\"niupipo\" \/><\/figure>\n<h2>Personalizar para a excel\u00eancia - A sua marca, a nossa qualidade<\/h2>\n<p>Quer que a sua marca se destaque no competitivo mercado desportivo? A Dinkpickleball fornece p\u00e1s de Kevlar personaliz\u00e1veis, garantindo que a sua marca brilha atrav\u00e9s da qualidade e inova\u00e7\u00e3o.\u00a0<b>\u00a0<\/b>Vamos colaborar para criar remos que representem a sua marca de forma \u00fanica!<\/p>\n<p>                <a ><br \/>\n                    <img loading=\"lazy\" decoding=\"async\" width=\"720\" height=\"720\" src=\"https:\/\/dinkpickleball.com\/wp-content\/uploads\/2024\/01\/Kevlar-Pickleball-Paddle-factory.jpg\" alt=\"f\u00e1brica de raquetes de pickleball em kevlar\" srcset=\"https:\/\/dinkpickleball.com\/wp-content\/uploads\/2024\/01\/Kevlar-Pickleball-Paddle-factory.jpg 720w, https:\/\/dinkpickleball.com\/wp-content\/uploads\/2024\/01\/Kevlar-Pickleball-Paddle-factory-300x300.jpg 300w, https:\/\/dinkpickleball.com\/wp-content\/uploads\/2024\/01\/Kevlar-Pickleball-Paddle-factory-150x150.jpg 150w\" sizes=\"auto, (max-width: 720px) 100vw, 720px\" \/><br \/>\n                <\/a><br \/>\n                                                            <a ><br \/>\n                                    OBTER UM OR\u00c7AMENTO                                <\/a><br \/>\n                <a ><br \/>\n                    <img loading=\"lazy\" decoding=\"async\" width=\"720\" height=\"720\" src=\"https:\/\/dinkpickleball.com\/wp-content\/uploads\/2024\/01\/Kevlar-Pickleball-Paddle-wholesale.png\" alt=\"raquete de pickleball em kevlar por atacado\" srcset=\"https:\/\/dinkpickleball.com\/wp-content\/uploads\/2024\/01\/Kevlar-Pickleball-Paddle-wholesale.png 720w, https:\/\/dinkpickleball.com\/wp-content\/uploads\/2024\/01\/Kevlar-Pickleball-Paddle-wholesale-300x300.png 300w, https:\/\/dinkpickleball.com\/wp-content\/uploads\/2024\/01\/Kevlar-Pickleball-Paddle-wholesale-150x150.png 150w\" sizes=\"auto, (max-width: 720px) 100vw, 720px\" \/><br \/>\n                <\/a><br \/>\n                                                            <a ><br \/>\n                                    OBTER UM OR\u00c7AMENTO                                <\/a><br \/>\n                <a ><br \/>\n                    <img loading=\"lazy\" decoding=\"async\" width=\"720\" height=\"720\" src=\"https:\/\/dinkpickleball.com\/wp-content\/uploads\/2024\/01\/Kevlar-Pickleball-Paddle-bulk.jpg\" alt=\"raquete de pickleball em kevlar a granel\" srcset=\"https:\/\/dinkpickleball.com\/wp-content\/uploads\/2024\/01\/Kevlar-Pickleball-Paddle-bulk.jpg 720w, https:\/\/dinkpickleball.com\/wp-content\/uploads\/2024\/01\/Kevlar-Pickleball-Paddle-bulk-300x300.jpg 300w, https:\/\/dinkpickleball.com\/wp-content\/uploads\/2024\/01\/Kevlar-Pickleball-Paddle-bulk-150x150.jpg 150w\" sizes=\"auto, (max-width: 720px) 100vw, 720px\" \/><br \/>\n                <\/a><br \/>\n                                                            <a ><br \/>\n                                    OBTER UM OR\u00c7AMENTO                                <\/a><br \/>\n\t\t\t\t\t\t\t<a href=\"https:\/\/dinkpickleball.com\/wp-content\/uploads\/2024\/01\/kevlar-Black.jpeg\"><br \/>\n\t\t\t\t\t\t\t\t\t\t\t\t\t\t\t\t\t\tkevlar Preto<br \/>\n\t\t\t\t\t\t\t\t\t<\/a><br \/>\n\t\t\t\t\t\t\t<a href=\"https:\/\/dinkpickleball.com\/wp-content\/uploads\/2024\/01\/kevlar-BlueBlack.jpg\"><br \/>\n\t\t\t\t\t\t\t\t\t\t\t\t\t\t\t\t\t\tkevlar Azul:Preto<br \/>\n\t\t\t\t\t\t\t\t\t<\/a><br \/>\n\t\t\t\t\t\t\t<a href=\"https:\/\/dinkpickleball.com\/wp-content\/uploads\/2024\/01\/kevlar-Red.jpg\"><br \/>\n\t\t\t\t\t\t\t\t\t\t\t\t\t\t\t\t\t\tkevlar Vermelho<br \/>\n\t\t\t\t\t\t\t\t\t<\/a><br \/>\n\t\t\t\t\t\t\t<a href=\"https:\/\/dinkpickleball.com\/wp-content\/uploads\/2024\/01\/kevlar-RedBlack.jpg\"><br \/>\n\t\t\t\t\t\t\t\t\t\t\t\t\t\t\t\t\t\tkevlar Vermelho:Preto<br \/>\n\t\t\t\t\t\t\t\t\t<\/a><br \/>\n\t\t\t\t\t\t\t<a href=\"https:\/\/dinkpickleball.com\/wp-content\/uploads\/2024\/01\/kevlar-YellowBlack.png\"><br \/>\n\t\t\t\t\t\t\t\t\t\t\t\t\t\t\t\t\t\tkevlar Amarelo:Preto<br \/>\n\t\t\t\t\t\t\t\t\t<\/a><\/p>\n<h2>Como personalizar<\/h2>\n<h3>\n\t\t\t\t\t\t\tEtapa 1: Consulta inicial<br \/>\n\t\t\t\t\t<\/h3>\n<p>\n\t\t\t\t\t\tCompromisso com o cliente: Come\u00e7amos com uma consulta para compreender as suas necessidades e prefer\u00eancias espec\u00edficas. Isto inclui discutir o seu mercado-alvo, a identidade da marca e quaisquer requisitos espec\u00edficos para as p\u00e1s. Recolha de requisitos: Detalhando aspectos como esquemas de cores, desenhos de log\u00f3tipos, tipos de punho e quaisquer outras carater\u00edsticas personalizadas que deseje incorporar.\t\t\t\t\t<\/p>\n<h3>\n\t\t\t\t\t\t\t Etapa 2: Conce\u00e7\u00e3o e amostras<br \/>\n\t\t\t\t\t<\/h3>\n<p>\n\t\t\t\t\t\tProjeto de design: Com base na consulta, a nossa equipa de design cria esbo\u00e7os iniciais e representa\u00e7\u00f5es digitais da raquete de Kevlar Pickleball personalizada. Desenvolvimento de amostras: As amostras s\u00e3o ent\u00e3o produzidas para sua an\u00e1lise. Isto permite-lhe ter uma sensa\u00e7\u00e3o tang\u00edvel do produto e fazer quaisquer ajustes necess\u00e1rios antes da produ\u00e7\u00e3o final.\t\t\t\t\t<\/p>\n<h3>\n\t\t\t\t\t\t\tEtapa 3: Feedback e finaliza\u00e7\u00e3o<br \/>\n\t\t\t\t\t<\/h3>\n<p>\n\t\t\t\t\t\tRevis\u00e3o e aperfei\u00e7oamento: O cliente rev\u00ea as amostras e d\u00e1 o seu feedback. N\u00f3s aperfei\u00e7oamos o design de acordo com as suas sugest\u00f5es para garantir que est\u00e1 perfeitamente alinhado com a sua vis\u00e3o. Aprova\u00e7\u00e3o: Quando estiver satisfeito com o design e o prot\u00f3tipo, d\u00e1 a sua aprova\u00e7\u00e3o final para a produ\u00e7\u00e3o em massa.\t\t\t\t\t<\/p>\n<h3>\n\t\t\t\t\t\t\tEtapa 4: Produ\u00e7\u00e3o em massa<br \/>\n\t\t\t\t\t<\/h3>\n<p>\n\t\t\t\t\t\tIn\u00edcio da produ\u00e7\u00e3o: Ap\u00f3s aprova\u00e7\u00e3o, damos in\u00edcio \u00e0 produ\u00e7\u00e3o em massa das suas p\u00e1s de Kevlar Pickleball personalizadas. Garantia de qualidade: Ao longo de todo o processo de produ\u00e7\u00e3o, mantemos um controlo de qualidade rigoroso para garantir que cada p\u00e1 cumpre os nossos elevados padr\u00f5es e as suas expectativas.\t\t\t\t\t<\/p>\n<p>\t\t\t\t\t<a role=\"button\"><br \/>\n\t\t\t\t\t\t\t\t\tOBTER UM OR\u00c7AMENTO<br \/>\n\t\t\t\t\t<\/a><\/p>\n<h2>Porqu\u00ea o DinkPickleball<\/h2>\n<h2>Constru\u00e7\u00e3o inovadora em Kevlar<\/h2>\n<p><em data-immersive-translate-walked=\"09d7a50e-5077-4245-888f-461d2c388f7a\">Durabilidade e resist\u00eancia:<\/em>\u00a0Fabricadas com Kevlar de alta qualidade, conhecido pela sua utiliza\u00e7\u00e3o em aplica\u00e7\u00f5es avan\u00e7adas, as nossas p\u00e1s oferecem uma durabilidade e resist\u00eancia inigual\u00e1veis, tornando-as ideais para jogos intensos.<\/p>\n<h2>Graus de Kevlar<\/h2>\n<p>As nossas p\u00e1s utilizam graus espec\u00edficos de Kevlar, como o Kevlar K-29 e o Kevlar K149, escolhidos pela sua elevada resist\u00eancia \u00e0 tra\u00e7\u00e3o e ao impacto, garantindo que a sua p\u00e1 resiste aos rigores de um jogo intenso.<\/p>\n<h2>Superf\u00edcie de batida tolerante<\/h2>\n<p>Experimente uma mistura de pot\u00eancia e controlo com uma superf\u00edcie que responde a todos os seus movimentos. O design meticuloso garante uma precis\u00e3o exacta para remates de sa\u00edda, tornando cada jogo numa oportunidade de vit\u00f3ria.<\/p>\n<h2>FAQ<\/h2>\n<p>Seguem-se algumas perguntas frequentes (FAQs) que os clientes B2B podem ter ao considerar a compra de P\u00e1s de Pickleball em Kevlar:<\/p>\n<p>                        <a href=\"#collapse-bc228306743f7e2227ed\" data-ekit-toggle=\"collapse\" data-target=\"#Collapse-bc228306743f7e2227ed\" aria-expanded=\"true\" aria-controls=\"Collapse-bc228306743f7e2227ed\"><br \/>\n                            As p\u00e1s de Pickleball Kevlar cumprem as normas profissionais?<br \/>\n                                        <!-- Normal Icon --><br \/>\n                                        <!-- Active Icon --><br \/>\n                                                    <\/a><\/p>\n<p><em>Sim, as nossas p\u00e1s s\u00e3o concebidas em conformidade com as normas da USA Pickleball Association (USAPA), garantindo que cumprem os requisitos para jogos profissionais e torneios.<\/em><\/p>\n<p>                <!-- .elementskit-card END --><br \/>\n                        <a href=\"#collapse-3dad4e06743f7e2227ed\" data-ekit-toggle=\"collapse\" data-target=\"#Collapse-3dad4e06743f7e2227ed\" aria-expanded=\"false\" aria-controls=\"Collapse-3dad4e06743f7e2227ed\"><br \/>\n                            Que op\u00e7\u00f5es de personaliza\u00e7\u00e3o est\u00e3o dispon\u00edveis para encomendas em massa?<br \/>\n                                        <!-- Normal Icon --><br \/>\n                                        <!-- Active Icon --><br \/>\n                                                    <\/a><\/p>\n<p><em>Oferecemos v\u00e1rias op\u00e7\u00f5es de personaliza\u00e7\u00e3o, incluindo cores, impress\u00e3o do log\u00f3tipo e estilos de punho, para se alinharem com a identidade da sua marca ou com as prefer\u00eancias espec\u00edficas dos clientes.<\/em><\/p>\n<p>                <!-- .elementskit-card END --><br \/>\n                        <a href=\"#collapse-8417e716743f7e2227ed\" data-ekit-toggle=\"collapse\" data-target=\"#Collapse-8417e716743f7e2227ed\" aria-expanded=\"false\" aria-controls=\"Collapse-8417e716743f7e2227ed\"><br \/>\n                            Qual \u00e9 a durabilidade das p\u00e1s de Kevlar em compara\u00e7\u00e3o com os materiais tradicionais?<br \/>\n                                        <!-- Normal Icon --><br \/>\n                                        <!-- Active Icon --><br \/>\n                                                    <\/a><\/p>\n<p><em>O Kevlar \u00e9 conhecido pela sua elevada resist\u00eancia e durabilidade. As nossas p\u00e1s s\u00e3o mais resistentes ao desgaste do que as fabricadas com materiais tradicionais, oferecendo uma vida \u00fatil mais longa.<\/em><\/p>\n<p>                <!-- .elementskit-card END --><br \/>\n                        <a href=\"#collapse-293f4f96743f7e2227ed\" data-ekit-toggle=\"collapse\" data-target=\"#Collapse-293f4f96743f7e2227ed\" aria-expanded=\"false\" aria-controls=\"Collapse-293f4f96743f7e2227ed\"><br \/>\n                            Qual \u00e9 o intervalo de pre\u00e7os para encomendas por grosso?<br \/>\n                                        <!-- Normal Icon --><br \/>\n                                        <!-- Active Icon --><br \/>\n                                                    <\/a><\/p>\n<p><em>Os pre\u00e7os variam consoante a quantidade da encomenda e os requisitos de personaliza\u00e7\u00e3o. Oferecemos pre\u00e7os competitivos para encomendas em massa e encorajamo-lo a contactar-nos para obter um or\u00e7amento detalhado.<\/em><\/p>\n<p>                <!-- .elementskit-card END --><br \/>\n                        <a href=\"#collapse-1e5da806743f7e2227ed\" data-ekit-toggle=\"collapse\" data-target=\"#Collapse-1e5da806743f7e2227ed\" aria-expanded=\"false\" aria-controls=\"Collapse-1e5da806743f7e2227ed\"><br \/>\n                            Como \u00e9 que o material Kevlar afecta o desempenho da p\u00e1&amp;#039?<br \/>\n                                        <!-- Normal Icon --><br \/>\n                                        <!-- Active Icon --><br \/>\n                                                    <\/a><\/p>\n<p><em>O Kevlar aumenta a pot\u00eancia e o controlo da raquete, proporcionando uma experi\u00eancia de jogo superior, com maior precis\u00e3o e uma superf\u00edcie de batida mais flex\u00edvel.<\/em><\/p>\n<p>                <!-- .elementskit-card END --><\/p>","protected":false},"excerpt":{"rendered":"<p>Kevlar Pickleball Paddle Kevlar, known for its use in high-performance applications, is synthesized through a complex chemical process, creating a material with liquid-crystalline behavior. This unique composition contributes to the exceptional durability and strength of our paddles. GET A QUOTE USAPA Compliance for Competitive Edge Brands seek equipment that\u2019s not only high-quality but also compliant [&hellip;]<\/p>\n","protected":false},"author":1,"featured_media":0,"parent":0,"menu_order":0,"comment_status":"closed","ping_status":"closed","template":"","meta":{"_seopress_robots_primary_cat":"","_seopress_titles_title":"","_seopress_titles_desc":"Want your brand to stand out in the competitive sports market? Dinkpickleball provides customizable Kevlar Paddles, ensuring your brand shines through quality and innovation.  Let&#039;s collaborate to create paddles that uniquely represent your brand!","_seopress_robots_index":"","footnotes":""},"class_list":["post-15652","page","type-page","status-publish","hentry"],"meta_box":[],"_links":{"self":[{"href":"https:\/\/dinkpickleball.com\/pt\/wp-json\/wp\/v2\/pages\/15652","targetHints":{"allow":["GET"]}}],"collection":[{"href":"https:\/\/dinkpickleball.com\/pt\/wp-json\/wp\/v2\/pages"}],"about":[{"href":"https:\/\/dinkpickleball.com\/pt\/wp-json\/wp\/v2\/types\/page"}],"author":[{"embeddable":true,"href":"https:\/\/dinkpickleball.com\/pt\/wp-json\/wp\/v2\/users\/1"}],"replies":[{"embeddable":true,"href":"https:\/\/dinkpickleball.com\/pt\/wp-json\/wp\/v2\/comments?post=15652"}],"version-history":[{"count":6,"href":"https:\/\/dinkpickleball.com\/pt\/wp-json\/wp\/v2\/pages\/15652\/revisions"}],"predecessor-version":[{"id":16284,"href":"https:\/\/dinkpickleball.com\/pt\/wp-json\/wp\/v2\/pages\/15652\/revisions\/16284"}],"wp:attachment":[{"href":"https:\/\/dinkpickleball.com\/pt\/wp-json\/wp\/v2\/media?parent=15652"}],"curies":[{"name":"wp","href":"https:\/\/api.w.org\/{rel}","templated":true}]}}