{"id":15549,"date":"2023-12-09T16:43:57","date_gmt":"2023-12-09T08:43:57","guid":{"rendered":"https:\/\/dinkpickleball.com\/?page_id=15549"},"modified":"2025-01-13T22:10:13","modified_gmt":"2025-01-13T14:10:13","slug":"custom-pickleball-paddle-cover","status":"publish","type":"page","link":"https:\/\/dinkpickleball.com\/pt\/custom-pickleball-paddle-cover\/","title":{"rendered":"Capa de p\u00e1 de pickleball personalizada"},"content":{"rendered":"<h1>Capa de p\u00e1 de pickleball personalizada<\/h1>\n<h3>Compreendendo as necessidades \u00fanicas das marcas e equipas, a Dinkpickleball oferece servi\u00e7os de personaliza\u00e7\u00e3o excepcionais. Desde desenhos personalizados a requisitos espec\u00edficos de marca, a nossa experi\u00eancia na cria\u00e7\u00e3o de capas para raquetes de pickleball feitas \u00e0 medida distingue-nos e acrescenta um valor significativo para si.<\/h3>\n<p>\t\t\t<a role=\"button\"><br \/>\n\t\t\t\t\t\tOBTER UM OR\u00c7AMENTO<br \/>\n\t\t\t\t\t<\/a><br \/>\n\t\t\t\t\t\t\t\t\t\t\t\t<img loading=\"lazy\" decoding=\"async\" width=\"800\" height=\"1200\" src=\"https:\/\/dinkpickleball.com\/wp-content\/uploads\/2023\/12\/Custom-Pickleball-Paddle-Cover.png\" alt=\"capa de p\u00e1 de pickleball personalizada\" srcset=\"https:\/\/dinkpickleball.com\/wp-content\/uploads\/2023\/12\/Custom-Pickleball-Paddle-Cover.png 800w, https:\/\/dinkpickleball.com\/wp-content\/uploads\/2023\/12\/Custom-Pickleball-Paddle-Cover-200x300.png 200w, https:\/\/dinkpickleball.com\/wp-content\/uploads\/2023\/12\/Custom-Pickleball-Paddle-Cover-683x1024.png 683w, https:\/\/dinkpickleball.com\/wp-content\/uploads\/2023\/12\/Custom-Pickleball-Paddle-Cover-768x1152.png 768w\" sizes=\"auto, (max-width: 800px) 100vw, 800px\" \/>\t\t\t\t\t\t\t\t\t\t\t\t\t\t<\/p>\n<h2>Pre\u00e7os competitivos<\/h2>\n<p>O Dinkpickleball oferece estruturas de pre\u00e7os competitivas, especialmente para encomendas a granel e por grosso. A nossa estrat\u00e9gia de pre\u00e7os foi concebida para proporcionar o m\u00e1ximo valor aos nossos parceiros B2B, assegurando que podem usufruir de margens saud\u00e1veis enquanto oferecem produtos de qualidade aos seus clientes.<\/p>\n<p>\t\t\t<a role=\"button\"><br \/>\n\t\t\t\t\t\tOBTER UM OR\u00c7AMENTO<br \/>\n\t\t\t\t\t<\/a><\/p>\n<h2>Alta qualidade<\/h2>\n<p>A nossa utiliza\u00e7\u00e3o de materiais de primeira qualidade, como o neopreno e a lona de algod\u00e3o, garante que cada capa de p\u00e1 de pickleball personalizada que produzimos cumpre os mais elevados padr\u00f5es de qualidade. Este compromisso com a qualidade \u00e9 vital para si, que exige produtos que reflictam os seus pr\u00f3prios padr\u00f5es de excel\u00eancia.<\/p>\n<p>\t\t\t<a role=\"button\"><br \/>\n\t\t\t\t\t\tOBTER UM OR\u00c7AMENTO<br \/>\n\t\t\t\t\t<\/a><\/p>\n<h2>Servi\u00e7o ao cliente dedicado<\/h2>\n<p>Na Dinkpickleball, fornecemos um servi\u00e7o de apoio ao cliente dedicado para tratar de todas as quest\u00f5es e encomendas B2B. A nossa equipa est\u00e1 treinada para oferecer um apoio personalizado, assegurando que as necessidades e preocupa\u00e7\u00f5es \u00fanicas de cada cliente s\u00e3o tratadas de forma r\u00e1pida e eficaz.<\/p>\n<p>\t\t\t<a role=\"button\"><br \/>\n\t\t\t\t\t\tOBTER UM OR\u00c7AMENTO<br \/>\n\t\t\t\t\t<\/a><\/p>\n<figure><img decoding=\"async\" src=\"https:\/\/dinkpickleball.com\/wp-content\/uploads\/2022\/06\/onix.png\" alt=\"onix\" \/><\/figure>\n<figure><img decoding=\"async\" src=\"https:\/\/dinkpickleball.com\/wp-content\/uploads\/2022\/06\/Diadem-logo.png\" alt=\"Log\u00f3tipo Diadem\" \/><\/figure>\n<figure><img decoding=\"async\" src=\"https:\/\/dinkpickleball.com\/wp-content\/uploads\/2022\/06\/Gamma.png\" alt=\"Gama\" \/><\/figure>\n<figure><img decoding=\"async\" src=\"https:\/\/dinkpickleball.com\/wp-content\/uploads\/2022\/06\/Paddletek.png\" alt=\"Paddletek\" \/><\/figure>\n<figure><img decoding=\"async\" src=\"https:\/\/dinkpickleball.com\/wp-content\/uploads\/2023\/04\/RECESS-logo.png\" alt=\"Log\u00f3tipo RECESS\" \/><\/figure>\n<figure><img decoding=\"async\" src=\"https:\/\/dinkpickleball.com\/wp-content\/uploads\/2023\/04\/CRBN-logo.png\" alt=\"Log\u00f3tipo do CRBN\" \/><\/figure>\n<figure><img decoding=\"async\" src=\"https:\/\/dinkpickleball.com\/wp-content\/uploads\/2023\/04\/STIGA-logo.png\" alt=\"Log\u00f3tipo STIGA\" \/><\/figure>\n<figure><img decoding=\"async\" src=\"https:\/\/dinkpickleball.com\/wp-content\/uploads\/2022\/06\/niupipo.png\" alt=\"niupipo\" \/><\/figure>\n<h2>Capas de p\u00e1s de pickleball personalizadas<\/h2>\n<p>Do conceito \u00e0 cria\u00e7\u00e3o: A sua vis\u00e3o, o nosso of\u00edcio. Quer transformar as suas ideias \u00fanicas de capas de p\u00e1s em realidade? Encontrar um fabricante que possa traduzir com precis\u00e3o a sua vis\u00e3o \u00e9 dif\u00edcil. A Dinkpickleball colabora estreitamente consigo para criar capas de p\u00e1s personalizadas que captam na perfei\u00e7\u00e3o a ess\u00eancia da sua marca. Experimente a personaliza\u00e7\u00e3o perfeita connosco!<\/p>\n<p>                <a ><br \/>\n                    <img loading=\"lazy\" decoding=\"async\" width=\"800\" height=\"800\" src=\"https:\/\/dinkpickleball.com\/wp-content\/uploads\/2023\/12\/Pickleball-Paddle-Cover-bulk.jpg\" alt=\"capa para raquete de pickleball a granel\" srcset=\"https:\/\/dinkpickleball.com\/wp-content\/uploads\/2023\/12\/Pickleball-Paddle-Cover-bulk.jpg 800w, https:\/\/dinkpickleball.com\/wp-content\/uploads\/2023\/12\/Pickleball-Paddle-Cover-bulk-300x300.jpg 300w, https:\/\/dinkpickleball.com\/wp-content\/uploads\/2023\/12\/Pickleball-Paddle-Cover-bulk-150x150.jpg 150w, https:\/\/dinkpickleball.com\/wp-content\/uploads\/2023\/12\/Pickleball-Paddle-Cover-bulk-768x768.jpg 768w\" sizes=\"auto, (max-width: 800px) 100vw, 800px\" \/><br \/>\n                <\/a><br \/>\n                                                            <a ><br \/>\n                                    OBTER UM OR\u00c7AMENTO                                <\/a><br \/>\n                <a ><br \/>\n                    <img loading=\"lazy\" decoding=\"async\" width=\"800\" height=\"800\" src=\"https:\/\/dinkpickleball.com\/wp-content\/uploads\/2023\/12\/Pickleball-Paddle-Cover-wholesale.jpg\" alt=\"capa de p\u00e1 de pickleball por atacado\" srcset=\"https:\/\/dinkpickleball.com\/wp-content\/uploads\/2023\/12\/Pickleball-Paddle-Cover-wholesale.jpg 800w, https:\/\/dinkpickleball.com\/wp-content\/uploads\/2023\/12\/Pickleball-Paddle-Cover-wholesale-300x300.jpg 300w, https:\/\/dinkpickleball.com\/wp-content\/uploads\/2023\/12\/Pickleball-Paddle-Cover-wholesale-150x150.jpg 150w, https:\/\/dinkpickleball.com\/wp-content\/uploads\/2023\/12\/Pickleball-Paddle-Cover-wholesale-768x768.jpg 768w\" sizes=\"auto, (max-width: 800px) 100vw, 800px\" \/><br \/>\n                <\/a><br \/>\n                                                            <a ><br \/>\n                                    OBTER UM OR\u00c7AMENTO                                <\/a><br \/>\n                <a ><br \/>\n                    <img loading=\"lazy\" decoding=\"async\" width=\"800\" height=\"800\" src=\"https:\/\/dinkpickleball.com\/wp-content\/uploads\/2023\/12\/Pickleball-Paddle-Cover-custom.jpg\" alt=\"capa de p\u00e1 de pickleball personalizada\" srcset=\"https:\/\/dinkpickleball.com\/wp-content\/uploads\/2023\/12\/Pickleball-Paddle-Cover-custom.jpg 800w, https:\/\/dinkpickleball.com\/wp-content\/uploads\/2023\/12\/Pickleball-Paddle-Cover-custom-300x300.jpg 300w, https:\/\/dinkpickleball.com\/wp-content\/uploads\/2023\/12\/Pickleball-Paddle-Cover-custom-150x150.jpg 150w, https:\/\/dinkpickleball.com\/wp-content\/uploads\/2023\/12\/Pickleball-Paddle-Cover-custom-768x768.jpg 768w\" sizes=\"auto, (max-width: 800px) 100vw, 800px\" \/><br \/>\n                <\/a><br \/>\n                                                            <a ><br \/>\n                                    OBTER UM OR\u00c7AMENTO                                <\/a><br \/>\n                <a ><br \/>\n                    <img loading=\"lazy\" decoding=\"async\" width=\"1024\" height=\"1024\" src=\"https:\/\/dinkpickleball.com\/wp-content\/uploads\/2023\/12\/Pickleball-Paddle-Cover-manufacturer.jpg\" alt=\"fabricante de capas para raquetes de pickleball\" srcset=\"https:\/\/dinkpickleball.com\/wp-content\/uploads\/2023\/12\/Pickleball-Paddle-Cover-manufacturer.jpg 1024w, https:\/\/dinkpickleball.com\/wp-content\/uploads\/2023\/12\/Pickleball-Paddle-Cover-manufacturer-300x300.jpg 300w, https:\/\/dinkpickleball.com\/wp-content\/uploads\/2023\/12\/Pickleball-Paddle-Cover-manufacturer-150x150.jpg 150w, https:\/\/dinkpickleball.com\/wp-content\/uploads\/2023\/12\/Pickleball-Paddle-Cover-manufacturer-768x768.jpg 768w\" sizes=\"auto, (max-width: 1024px) 100vw, 1024px\" \/><br \/>\n                <\/a><br \/>\n                                                            <a ><br \/>\n                                    OBTER UM OR\u00c7AMENTO                                <\/a><br \/>\n                <a ><br \/>\n                    <img loading=\"lazy\" decoding=\"async\" width=\"800\" height=\"800\" src=\"https:\/\/dinkpickleball.com\/wp-content\/uploads\/2023\/12\/Pickleball-Paddle-Covers.jpg\" alt=\"capas para p\u00e1s de pickleball\" srcset=\"https:\/\/dinkpickleball.com\/wp-content\/uploads\/2023\/12\/Pickleball-Paddle-Covers.jpg 800w, https:\/\/dinkpickleball.com\/wp-content\/uploads\/2023\/12\/Pickleball-Paddle-Covers-300x300.jpg 300w, https:\/\/dinkpickleball.com\/wp-content\/uploads\/2023\/12\/Pickleball-Paddle-Covers-150x150.jpg 150w, https:\/\/dinkpickleball.com\/wp-content\/uploads\/2023\/12\/Pickleball-Paddle-Covers-768x768.jpg 768w\" sizes=\"auto, (max-width: 800px) 100vw, 800px\" \/><br \/>\n                <\/a><br \/>\n                                                            <a ><br \/>\n                                    OBTER UM OR\u00c7AMENTO                                <\/a><br \/>\n                <a ><br \/>\n                    <img loading=\"lazy\" decoding=\"async\" width=\"800\" height=\"800\" src=\"https:\/\/dinkpickleball.com\/wp-content\/uploads\/2023\/12\/Pickleball-Paddle-Cover-logo.jpeg\" alt=\"log\u00f3tipo da capa da p\u00e1 de pickleball\" srcset=\"https:\/\/dinkpickleball.com\/wp-content\/uploads\/2023\/12\/Pickleball-Paddle-Cover-logo.jpeg 800w, https:\/\/dinkpickleball.com\/wp-content\/uploads\/2023\/12\/Pickleball-Paddle-Cover-logo-300x300.jpeg 300w, https:\/\/dinkpickleball.com\/wp-content\/uploads\/2023\/12\/Pickleball-Paddle-Cover-logo-150x150.jpeg 150w, https:\/\/dinkpickleball.com\/wp-content\/uploads\/2023\/12\/Pickleball-Paddle-Cover-logo-768x768.jpeg 768w\" sizes=\"auto, (max-width: 800px) 100vw, 800px\" \/><br \/>\n                <\/a><br \/>\n                                                            <a ><br \/>\n                                    OBTER UM OR\u00c7AMENTO                                <\/a><br \/>\n                <a ><br \/>\n                    <img loading=\"lazy\" decoding=\"async\" width=\"800\" height=\"800\" src=\"https:\/\/dinkpickleball.com\/wp-content\/uploads\/2023\/12\/Pickleball-Paddle-Cover-company.jpg\" alt=\"empresa de cobertura de p\u00e1s de pickleball\" srcset=\"https:\/\/dinkpickleball.com\/wp-content\/uploads\/2023\/12\/Pickleball-Paddle-Cover-company.jpg 800w, https:\/\/dinkpickleball.com\/wp-content\/uploads\/2023\/12\/Pickleball-Paddle-Cover-company-300x300.jpg 300w, https:\/\/dinkpickleball.com\/wp-content\/uploads\/2023\/12\/Pickleball-Paddle-Cover-company-150x150.jpg 150w, https:\/\/dinkpickleball.com\/wp-content\/uploads\/2023\/12\/Pickleball-Paddle-Cover-company-768x768.jpg 768w\" sizes=\"auto, (max-width: 800px) 100vw, 800px\" \/><br \/>\n                <\/a><br \/>\n                                                            <a ><br \/>\n                                    OBTER UM OR\u00c7AMENTO                                <\/a><br \/>\n                <a ><br \/>\n                    <img loading=\"lazy\" decoding=\"async\" width=\"800\" height=\"800\" src=\"https:\/\/dinkpickleball.com\/wp-content\/uploads\/2023\/12\/Pickleball-Paddle-Cover-factory.jpg\" alt=\"f\u00e1brica de capas para raquetes de pickleball\" srcset=\"https:\/\/dinkpickleball.com\/wp-content\/uploads\/2023\/12\/Pickleball-Paddle-Cover-factory.jpg 800w, https:\/\/dinkpickleball.com\/wp-content\/uploads\/2023\/12\/Pickleball-Paddle-Cover-factory-300x300.jpg 300w, https:\/\/dinkpickleball.com\/wp-content\/uploads\/2023\/12\/Pickleball-Paddle-Cover-factory-150x150.jpg 150w, https:\/\/dinkpickleball.com\/wp-content\/uploads\/2023\/12\/Pickleball-Paddle-Cover-factory-768x768.jpg 768w\" sizes=\"auto, (max-width: 800px) 100vw, 800px\" \/><br \/>\n                <\/a><br \/>\n                                                            <a ><br \/>\n                                    OBTER UM OR\u00c7AMENTO                                <\/a><br \/>\n\t\t\t\t\t\t\t\t\t\t\t\t<img loading=\"lazy\" decoding=\"async\" width=\"1032\" height=\"1548\" src=\"https:\/\/dinkpickleball.com\/wp-content\/uploads\/2023\/12\/Personalized-Pickleball-Paddle-Covers.png\" alt=\"capas personalizadas para raquetes de pickleball\" srcset=\"https:\/\/dinkpickleball.com\/wp-content\/uploads\/2023\/12\/Personalized-Pickleball-Paddle-Covers.png 1032w, https:\/\/dinkpickleball.com\/wp-content\/uploads\/2023\/12\/Personalized-Pickleball-Paddle-Covers-200x300.png 200w, https:\/\/dinkpickleball.com\/wp-content\/uploads\/2023\/12\/Personalized-Pickleball-Paddle-Covers-683x1024.png 683w, https:\/\/dinkpickleball.com\/wp-content\/uploads\/2023\/12\/Personalized-Pickleball-Paddle-Covers-768x1152.png 768w, https:\/\/dinkpickleball.com\/wp-content\/uploads\/2023\/12\/Personalized-Pickleball-Paddle-Covers-1024x1536.png 1024w\" sizes=\"auto, (max-width: 1032px) 100vw, 1032px\" \/>\t\t\t\t\t\t\t\t\t\t\t\t\t\t<\/p>\n<h2>Como personalizar<\/h2>\n<h3>\n\t\t\t\t\t\tConsulta inicial<br \/>\n\t\t\t\t<\/h3>\n<p>\n\t\t\t\t\t\tReunir todas as informa\u00e7\u00f5es necess\u00e1rias para criar um produto personalizado que se alinhe com a identidade da sua marca ou equipa.\t\t\t\t\t<\/p>\n<h3>\n\t\t\t\t\t\tProposta de conce\u00e7\u00e3o e aprova\u00e7\u00e3o<br \/>\n\t\t\t\t<\/h3>\n<p>\n\t\t\t\t\t\tCom base na consulta inicial, a nossa equipa de design criar\u00e1 uma maquete da capa de remo personalizada. Esta proposta de design ser-lhe-\u00e1 enviada para an\u00e1lise e aprova\u00e7\u00e3o. Para garantir que o design proposto corresponde \u00e0s suas expectativas e para efetuar quaisquer ajustes necess\u00e1rios antes de avan\u00e7ar para a produ\u00e7\u00e3o.\t\t\t\t\t<\/p>\n<h3>\n\t\t\t\t\t\tProdu\u00e7\u00e3o de amostras<br \/>\n\t\t\t\t<\/h3>\n<p>\n\t\t\t\t\t\tFornecer um exemplo tang\u00edvel do produto final para sua tranquilidade e confirma\u00e7\u00e3o final.\t\t\t\t\t<\/p>\n<h3>\n\t\t\t\t\t\tProdu\u00e7\u00e3o a granel<br \/>\n\t\t\t\t<\/h3>\n<p>\n\t\t\t\t\t\tProduzir eficazmente as capas de p\u00e1s personalizadas, mantendo uma qualidade consistente em todas as unidades.\t\t\t\t\t<\/p>\n<p>\t\t\t<a role=\"button\"><br \/>\n\t\t\t\t\t\tOBTER UM OR\u00c7AMENTO<br \/>\n\t\t\t\t\t<\/a><\/p>\n<h2>Capa de Pickleball personalizada da DinkPickleball<\/h2>\n<h2>Excel\u00eancia na personaliza\u00e7\u00e3o<\/h2>\n<p>As nossas capas para raquetes de pickleball personalizadas oferecem oportunidades inigual\u00e1veis de personaliza\u00e7\u00e3o. Quer se trate de uma marca ou de um estilo individual, as nossas op\u00e7\u00f5es de personaliza\u00e7\u00e3o garantem que cada capa reflecte a identidade \u00fanica da sua marca ou equipa.\u00a0<\/p>\n<h2>Materiais de qualidade superior<\/h2>\n<p>Fabricadas com neopreno de alta qualidade e lona de algod\u00e3o, as nossas capas prometem durabilidade e prote\u00e7\u00e3o duradoura para as suas p\u00e1s. Esta escolha de material \u00e9 ideal para retalhistas e distribuidores que procuram produtos de qualidade que resistam ao teste do tempo.<\/p>\n<h2>Facilidade de utiliza\u00e7\u00e3o<\/h2>\n<p>Concebidas para serem pr\u00e1ticas, as nossas coberturas para raquetes de pickleball s\u00e3o extremamente f\u00e1ceis de colocar e retirar as raquetes, poupando tempo e aborrecimentos aos jogadores. Esta carater\u00edstica \u00e9 particularmente apelativa para equipas desportivas e jogadores individuais ocupados.<\/p>\n<h2>Manuten\u00e7\u00e3o f\u00e1cil<\/h2>\n<p>A natureza f\u00e1cil de limpar das nossas capas garante que estas se mant\u00eam em perfeitas condi\u00e7\u00f5es com o m\u00ednimo esfor\u00e7o. Este aspeto \u00e9 vital para as marcas e empresas que exigem que o seu equipamento tenha sempre um aspeto profissional e bem conservado.<\/p>\n<h2>Desenho de prote\u00e7\u00e3o<\/h2>\n<p>As nossas capas oferecem uma excelente prote\u00e7\u00e3o contra riscos, amolgadelas e desgaste geral. Esta prote\u00e7\u00e3o garante que as p\u00e1s se mant\u00eam em perfeitas condi\u00e7\u00f5es, um fator crucial para os retalhistas e as equipas desportivas.<\/p>\n<h2>Op\u00e7\u00f5es de estilo vers\u00e1teis<\/h2>\n<p>Com uma vasta gama de op\u00e7\u00f5es de estilo, as nossas capas personalizadas para raquetes de pickleball satisfazem todos os gostos e prefer\u00eancias. Esta versatilidade faz das nossas capas uma escolha popular para marcas e empresas que procuram alinhar o produto com a sua imagem.<\/p>\n<h2>FAQ<\/h2>\n<p>Estas FAQs foram concebidas para responder \u00e0s principais preocupa\u00e7\u00f5es e simplificar o processo de tomada de decis\u00e3o dos clientes B2B que considerem a Dinkpickleball para as suas necessidades de cobertura personalizada de raquetes de pickleball:<\/p>\n<p>                        <a href=\"#collapse-bc228306575666a901bd\" data-ekit-toggle=\"collapse\" data-target=\"#Collapse-bc228306575666a901bd\" aria-expanded=\"true\" aria-controls=\"Collapse-bc228306575666a901bd\"><br \/>\n                            Que op\u00e7\u00f5es de personaliza\u00e7\u00e3o est\u00e3o dispon\u00edveis para as capas de p\u00e1s de pickleball?<br \/>\n                                        <!-- Normal Icon --><br \/>\n                                        <!-- Active Icon --><br \/>\n                                                    <\/a><\/p>\n<p>Oferecemos uma vasta gama de op\u00e7\u00f5es de personaliza\u00e7\u00e3o, incluindo op\u00e7\u00f5es de cores, impress\u00e3o de log\u00f3tipos e padr\u00f5es de design exclusivos. A nossa equipa pode trabalhar consigo para criar capas que correspondam perfeitamente \u00e0 identidade da sua marca ou equipa.<\/p>\n<p>                <!-- .elementskit-card END --><br \/>\n                        <a href=\"#collapse-3dad4e06575666a901bd\" data-ekit-toggle=\"collapse\" data-target=\"#Collapse-3dad4e06575666a901bd\" aria-expanded=\"false\" aria-controls=\"Collapse-3dad4e06575666a901bd\"><br \/>\n                            Que materiais s\u00e3o utilizados nas coberturas das p\u00e1s?<br \/>\n                                        <!-- Normal Icon --><br \/>\n                                        <!-- Active Icon --><br \/>\n                                                    <\/a><\/p>\n<p>As nossas capas para remos s\u00e3o fabricadas em neopreno e lona de algod\u00e3o de alta qualidade, garantindo durabilidade e prote\u00e7\u00e3o para os remos.<\/p>\n<p>                <!-- .elementskit-card END --><br \/>\n                        <a href=\"#collapse-8417e716575666a901bd\" data-ekit-toggle=\"collapse\" data-target=\"#Collapse-8417e716575666a901bd\" aria-expanded=\"false\" aria-controls=\"Collapse-8417e716575666a901bd\"><br \/>\n                            Existem descontos para encomendas em grandes quantidades?<br \/>\n                                        <!-- Normal Icon --><br \/>\n                                        <!-- Active Icon --><br \/>\n                                                    <\/a><\/p>\n<p>Sim, oferecemos pre\u00e7os competitivos e descontos para encomendas em grandes quantidades. A taxa de desconto depende da quantidade da encomenda. Contacte-nos para obter um or\u00e7amento detalhado.<\/p>\n<p>                <!-- .elementskit-card END --><br \/>\n                        <a href=\"#collapse-293f4f96575666a901bd\" data-ekit-toggle=\"collapse\" data-target=\"#Collapse-293f4f96575666a901bd\" aria-expanded=\"false\" aria-controls=\"Collapse-293f4f96575666a901bd\"><br \/>\n                            Como \u00e9 que garantimos a qualidade dos produtos?<br \/>\n                                        <!-- Normal Icon --><br \/>\n                                        <!-- Active Icon --><br \/>\n                                                    <\/a><\/p>\n<p>A qualidade \u00e9 a nossa principal prioridade. Efectuamos controlos de qualidade rigorosos em todas as fases da produ\u00e7\u00e3o para garantir que cada capa corresponde aos nossos elevados padr\u00f5es e \u00e0s suas expectativas.<\/p>\n<p>                <!-- .elementskit-card END --><br \/>\n                        <a href=\"#collapse-1e5da806575666a901bd\" data-ekit-toggle=\"collapse\" data-target=\"#Collapse-1e5da806575666a901bd\" aria-expanded=\"false\" aria-controls=\"Collapse-1e5da806575666a901bd\"><br \/>\n                            Podemos solicitar amostras antes de efetuar uma encomenda a granel?<br \/>\n                                        <!-- Normal Icon --><br \/>\n                                        <!-- Active Icon --><br \/>\n                                                    <\/a><\/p>\n<p>Podemos fornecer amostras de capas para sua avalia\u00e7\u00e3o. Contacte-nos para discutirmos os pormenores e combinarmos a entrega da amostra.<\/p>\n<p>                <!-- .elementskit-card END --><\/p>","protected":false},"excerpt":{"rendered":"<p>Custom Pickleball Paddle Cover Understanding the unique needs of brands and teams, Dinkpickleball offers exceptional customization services. From personalized designs to specific branding requirements, our expertise in creating tailor-made pickleball paddle covers sets us apart and adds significant value for you. GET A QUOTE Competitive Pricing Dinkpickleball offers competitive pricing structures, especially for bulk and [&hellip;]<\/p>\n","protected":false},"author":1,"featured_media":0,"parent":0,"menu_order":0,"comment_status":"closed","ping_status":"closed","template":"","meta":{"_seopress_robots_primary_cat":"","_seopress_titles_title":"","_seopress_titles_desc":"","_seopress_robots_index":"","footnotes":""},"class_list":["post-15549","page","type-page","status-publish","hentry"],"meta_box":[],"_links":{"self":[{"href":"https:\/\/dinkpickleball.com\/pt\/wp-json\/wp\/v2\/pages\/15549","targetHints":{"allow":["GET"]}}],"collection":[{"href":"https:\/\/dinkpickleball.com\/pt\/wp-json\/wp\/v2\/pages"}],"about":[{"href":"https:\/\/dinkpickleball.com\/pt\/wp-json\/wp\/v2\/types\/page"}],"author":[{"embeddable":true,"href":"https:\/\/dinkpickleball.com\/pt\/wp-json\/wp\/v2\/users\/1"}],"replies":[{"embeddable":true,"href":"https:\/\/dinkpickleball.com\/pt\/wp-json\/wp\/v2\/comments?post=15549"}],"version-history":[{"count":62,"href":"https:\/\/dinkpickleball.com\/pt\/wp-json\/wp\/v2\/pages\/15549\/revisions"}],"predecessor-version":[{"id":16292,"href":"https:\/\/dinkpickleball.com\/pt\/wp-json\/wp\/v2\/pages\/15549\/revisions\/16292"}],"wp:attachment":[{"href":"https:\/\/dinkpickleball.com\/pt\/wp-json\/wp\/v2\/media?parent=15549"}],"curies":[{"name":"wp","href":"https:\/\/api.w.org\/{rel}","templated":true}]}}