{"id":15243,"date":"2023-09-21T17:16:47","date_gmt":"2023-09-21T09:16:47","guid":{"rendered":"https:\/\/dinkpickleball.com\/?page_id=15243"},"modified":"2025-01-13T22:01:12","modified_gmt":"2025-01-13T14:01:12","slug":"pickleball-training-paddle","status":"publish","type":"page","link":"https:\/\/dinkpickleball.com\/pt\/pickleball-training-paddle\/","title":{"rendered":"P\u00e1 de treino Pickleball"},"content":{"rendered":"<h1>P\u00e1 de treino Pickleball<\/h1>\n<h3>Concebida para aperfei\u00e7oar o seu jogo. Experimente a vantagem de mudar o jogo com uma raquete concebida para atingir consistentemente o ponto ideal. Melhore as suas capacidades, quer se trate de uma partida casual ou de um torneio competitivo. Com a nossa raquete, a precis\u00e3o n\u00e3o \u00e9 apenas um objetivo; \u00e9 uma garantia.<\/h3>\n<p>\t\t\t<a role=\"button\"><br \/>\n\t\t\t\t\t\t\t\t\tOBTER UM OR\u00c7AMENTO<br \/>\n\t\t\t\t\t<\/a><br \/>\n\t\t\t\t\t\t\t\t\t\t\t\t\t<img loading=\"lazy\" decoding=\"async\" width=\"600\" height=\"900\" src=\"https:\/\/dinkpickleball.com\/wp-content\/uploads\/2023\/11\/pickleball-focus-training-paddle.png\" alt=\"raquete de treino pickleball focus\" srcset=\"https:\/\/dinkpickleball.com\/wp-content\/uploads\/2023\/11\/pickleball-focus-training-paddle.png 600w, https:\/\/dinkpickleball.com\/wp-content\/uploads\/2023\/11\/pickleball-focus-training-paddle-200x300.png 200w\" sizes=\"auto, (max-width: 600px) 100vw, 600px\" \/>\t\t\t\t\t\t\t\t\t\t\t\t\t<\/p>\n<h2>Para treinadores e formadores<\/h2>\n<p>As p\u00e1s de treino de pickleball da Dinkpickleball s\u00e3o uma mais-valia para treinadores e formadores profissionais que procuram melhorar as capacidades dos seus clientes. O design das p\u00e1s centra-se na melhoria da precis\u00e3o e da coordena\u00e7\u00e3o m\u00e3o-olho, tornando-as mais eficazes e gratificantes.<\/p>\n<p>\t\t\t<a role=\"button\"><br \/>\n\t\t\t\t\t\t\t\t\tOBTER UM OR\u00c7AMENTO<br \/>\n\t\t\t\t\t<\/a><\/p>\n<h2>Para retalhistas e distribuidores<\/h2>\n<p>O Dinkpickleball oferece-lhe uma oportunidade excecional para diversificar o seu invent\u00e1rio de equipamento desportivo. Os nossos <!-- notionvc: 227f3bd9-c6d5-4ef1-8d12-62837ad2cf11 -->As p\u00e1s de treino de pickleball s\u00e3o concebidas para um desempenho e durabilidade superiores, garantindo a satisfa\u00e7\u00e3o do cliente.\u00a0<\/p>\n<p>\t\t\t<a role=\"button\"><br \/>\n\t\t\t\t\t\t\t\t\tOBTER UM OR\u00c7AMENTO<br \/>\n\t\t\t\t\t<\/a><\/p>\n<h2>Para marcas<\/h2>\n<p>Num mercado onde a diferencia\u00e7\u00e3o \u00e9 fundamental, a Dinkpickleball oferece-lhe uma raquete de treino de pickleball que incorpora qualidade e inova\u00e7\u00e3o. A nossa carater\u00edstica de peso personaliz\u00e1vel permite \u00e0 sua marca oferecer uma experi\u00eancia \u00e0 medida de cada cliente.\u00a0<\/p>\n<p>\t\t\t<a role=\"button\"><br \/>\n\t\t\t\t\t\t\t\t\tOBTER UM OR\u00c7AMENTO<br \/>\n\t\t\t\t\t<\/a><\/p>\n<figure><img decoding=\"async\" src=\"https:\/\/dinkpickleball.com\/wp-content\/uploads\/2022\/06\/onix.png\" alt=\"onix\" \/><\/figure>\n<figure><img decoding=\"async\" src=\"https:\/\/dinkpickleball.com\/wp-content\/uploads\/2022\/06\/Diadem-logo.png\" alt=\"Log\u00f3tipo Diadem\" \/><\/figure>\n<figure><img decoding=\"async\" src=\"https:\/\/dinkpickleball.com\/wp-content\/uploads\/2022\/06\/Gamma.png\" alt=\"Gama\" \/><\/figure>\n<figure><img decoding=\"async\" src=\"https:\/\/dinkpickleball.com\/wp-content\/uploads\/2022\/06\/Paddletek.png\" alt=\"Paddletek\" \/><\/figure>\n<figure><img decoding=\"async\" src=\"https:\/\/dinkpickleball.com\/wp-content\/uploads\/2023\/04\/RECESS-logo.png\" alt=\"Log\u00f3tipo RECESS\" \/><\/figure>\n<figure><img decoding=\"async\" src=\"https:\/\/dinkpickleball.com\/wp-content\/uploads\/2023\/04\/CRBN-logo.png\" alt=\"Log\u00f3tipo do CRBN\" \/><\/figure>\n<figure><img decoding=\"async\" src=\"https:\/\/dinkpickleball.com\/wp-content\/uploads\/2023\/04\/STIGA-logo.png\" alt=\"Log\u00f3tipo STIGA\" \/><\/figure>\n<figure><img decoding=\"async\" src=\"https:\/\/dinkpickleball.com\/wp-content\/uploads\/2022\/06\/niupipo.png\" alt=\"niupipo\" \/><\/figure>\n<h2>Eleve o seu jogo, melhore a sua t\u00e9cnica<\/h2>\n<p>O Dinkpickleball est\u00e1 a redefinir o treino com p\u00e1s criadas para elevar o seu jogo. As nossas raquetes n\u00e3o s\u00e3o apenas equipamento; s\u00e3o uma extens\u00e3o da sua ambi\u00e7\u00e3o de se destacar. Ao melhorar a precis\u00e3o e a coordena\u00e7\u00e3o, melhoram a sua t\u00e9cnica, fazendo com que cada sess\u00e3o de treino conte para a sua jornada para se tornar um campe\u00e3o de pickleball.<\/p>\n<p>                <a ><br \/>\n                    <img loading=\"lazy\" decoding=\"async\" width=\"1000\" height=\"1000\" src=\"https:\/\/dinkpickleball.com\/wp-content\/uploads\/2023\/11\/pickleball-training-paddles.jpg\" alt=\"p\u00e1s de treino de pickleball\" srcset=\"https:\/\/dinkpickleball.com\/wp-content\/uploads\/2023\/11\/pickleball-training-paddles.jpg 1000w, https:\/\/dinkpickleball.com\/wp-content\/uploads\/2023\/11\/pickleball-training-paddles-300x300.jpg 300w, https:\/\/dinkpickleball.com\/wp-content\/uploads\/2023\/11\/pickleball-training-paddles-150x150.jpg 150w, https:\/\/dinkpickleball.com\/wp-content\/uploads\/2023\/11\/pickleball-training-paddles-768x768.jpg 768w\" sizes=\"auto, (max-width: 1000px) 100vw, 1000px\" \/><br \/>\n                <\/a><br \/>\n                                                            <a ><br \/>\n                                    OBTER UM OR\u00c7AMENTO                                <\/a><br \/>\n                <a ><br \/>\n                    <img loading=\"lazy\" decoding=\"async\" width=\"1000\" height=\"1000\" src=\"https:\/\/dinkpickleball.com\/wp-content\/uploads\/2023\/11\/training-pickleball-paddle.jpg\" alt=\"raquete de pickleball de treino\" srcset=\"https:\/\/dinkpickleball.com\/wp-content\/uploads\/2023\/11\/training-pickleball-paddle.jpg 1000w, https:\/\/dinkpickleball.com\/wp-content\/uploads\/2023\/11\/training-pickleball-paddle-300x300.jpg 300w, https:\/\/dinkpickleball.com\/wp-content\/uploads\/2023\/11\/training-pickleball-paddle-150x150.jpg 150w, https:\/\/dinkpickleball.com\/wp-content\/uploads\/2023\/11\/training-pickleball-paddle-768x768.jpg 768w\" sizes=\"auto, (max-width: 1000px) 100vw, 1000px\" \/><br \/>\n                <\/a><br \/>\n                                                            <a ><br \/>\n                                    OBTER UM OR\u00c7AMENTO                                <\/a><br \/>\n\t\t\t\t\t\t\t\t\t\t\t\t\t<img loading=\"lazy\" decoding=\"async\" width=\"1078\" height=\"1618\" src=\"https:\/\/dinkpickleball.com\/wp-content\/uploads\/2023\/11\/custom-pickleball-training-paddle.png\" alt=\"raquete de treino de pickleball personalizada\" srcset=\"https:\/\/dinkpickleball.com\/wp-content\/uploads\/2023\/11\/custom-pickleball-training-paddle.png 1078w, https:\/\/dinkpickleball.com\/wp-content\/uploads\/2023\/11\/custom-pickleball-training-paddle-200x300.png 200w, https:\/\/dinkpickleball.com\/wp-content\/uploads\/2023\/11\/custom-pickleball-training-paddle-682x1024.png 682w, https:\/\/dinkpickleball.com\/wp-content\/uploads\/2023\/11\/custom-pickleball-training-paddle-768x1153.png 768w, https:\/\/dinkpickleball.com\/wp-content\/uploads\/2023\/11\/custom-pickleball-training-paddle-1023x1536.png 1023w\" sizes=\"auto, (max-width: 1078px) 100vw, 1078px\" \/>\t\t\t\t\t\t\t\t\t\t\t\t\t<\/p>\n<h2>Como personalizar<\/h2>\n<h3>\n\t\t\t\t\t\t\tInqu\u00e9rito e consulta iniciais<br \/>\n\t\t\t\t\t<\/h3>\n<p>\n\t\t\t\t\t\tUm gestor de produto ir\u00e1 agendar uma consulta para discutir as necessidades e requisitos espec\u00edficos do cliente para as p\u00e1s de treino de pickleball personalizadas. Durante a consulta, o representante de vendas reunir\u00e1 os requisitos pormenorizados do cliente. Isto inclui a quantidade de p\u00e1s necess\u00e1rias, prefer\u00eancias de design espec\u00edficas (tais como cores, log\u00f3tipos e quaisquer outros elementos de marca), prefer\u00eancias de material, especifica\u00e7\u00f5es de peso e quaisquer outras carater\u00edsticas personalizadas desejadas.\t\t\t\t\t<\/p>\n<h3>\n\t\t\t\t\t\t\tConce\u00e7\u00e3o e prot\u00f3tipo<br \/>\n\t\t\t\t\t<\/h3>\n<p>\n\t\t\t\t\t\tCom base nos requisitos recolhidos, a equipa de design da Dinkpickleball criar\u00e1 um prot\u00f3tipo da raquete personalizada. Isto pode envolver a cria\u00e7\u00e3o de maquetas digitais ou uma amostra f\u00edsica real, dependendo das necessidades do cliente e da complexidade do design\t\t\t\t\t<\/p>\n<h3>\n\t\t\t\t\t\t\tRevis\u00e3o e aprova\u00e7\u00e3o do cliente<br \/>\n\t\t\t\t\t<\/h3>\n<p>\n\t\t\t\t\t\tO prot\u00f3tipo ou maquete \u00e9 ent\u00e3o enviado ao cliente para revis\u00e3o. O cliente pode solicitar quaisquer altera\u00e7\u00f5es ou ajustes. Assim que o cliente aprovar o projeto, a Dinkpickleball fornecer\u00e1 um or\u00e7amento final, incluindo o custo por unidade e o custo total da encomenda. O cliente confirmar\u00e1 ent\u00e3o a encomenda e efectuar\u00e1 os pagamentos necess\u00e1rios de acordo com as condi\u00e7\u00f5es acordadas.\t\t\t\t\t<\/p>\n<h3>\n\t\t\t\t\t\t\tAmostra e produ\u00e7\u00e3o<br \/>\n\t\t\t\t\t<\/h3>\n<p>\n\t\t\t\t\t\tIncorporando o feedback do cliente, \u00e9 produzida uma amostra final da raquete personalizada. Esta amostra \u00e9 uma representa\u00e7\u00e3o aproximada do produto final, mostrando os materiais, o peso e o design actuais. Com a encomenda confirmada e o pagamento processado, a equipa de fabrico da Dinkpickleball inicia a produ\u00e7\u00e3o das p\u00e1s de treino de pickleball personalizadas. O tempo de produ\u00e7\u00e3o pode variar consoante o tamanho da encomenda e a complexidade das personaliza\u00e7\u00f5es.\t\t\t\t\t<\/p>\n<p>\t\t\t<a role=\"button\"><br \/>\n\t\t\t\t\t\t\t\t\tOBTER UM OR\u00c7AMENTO<br \/>\n\t\t\t\t\t<\/a><\/p>\n<h2>Porqu\u00ea o DinkPickleball<\/h2>\n<h2>Melhoramento de precis\u00e3o<\/h2>\n<p>A raquete de treino da Dinkpickleball foi concebida para melhorar a precis\u00e3o, visando especificamente o ponto ideal. Esta melhoria da precis\u00e3o \u00e9 crucial para quem procura oferecer produtos de alta qualidade e centrados no desempenho.<\/p>\n<h2>Ferramenta de forma\u00e7\u00e3o vers\u00e1til<\/h2>\n<p>Ideal tanto para aquecimento como para treino intensivo, esta raquete \u00e9 uma adi\u00e7\u00e3o vers\u00e1til ao kit de ferramentas de qualquer jogador. Esta adaptabilidade torna-a atractiva para torneios, equipas desportivas e organiza\u00e7\u00f5es sem fins lucrativos que acolhem jogadores de v\u00e1rios n\u00edveis.<\/p>\n<h2>Peso personaliz\u00e1vel <\/h2>\n<p>Com a op\u00e7\u00e3o de adicionar peso de chumbo, a nossa raquete de treino de pickleball pode ser adaptada para corresponder \u00e0 sensa\u00e7\u00e3o da raquete favorita de um jogador, tornando-a perfeita para marcas e jogadores individuais focados numa experi\u00eancia de treino personalizada.<\/p>\n<h2>Refor\u00e7o da coordena\u00e7\u00e3o m\u00e3o-olho<\/h2>\n<p>A nossa raquete eleva o jogo dos jogadores ao melhorar a coordena\u00e7\u00e3o m\u00e3o-olho. Esta carater\u00edstica \u00e9 especialmente apelativa para treinadores, equipas desportivas e institui\u00e7\u00f5es de ensino que se concentram no desenvolvimento de compet\u00eancias.<\/p>\n<h2>Conformidade com as normas da USAPA<\/h2>\n<p>A Dinkpickleball assegura que as nossas raquetes cumprem as normas da USAPA, garantindo a qualidade e a conformidade com a regulamenta\u00e7\u00e3o a retalhistas, distribuidores e entidades profissionais.<\/p>\n<h2>Encomendas a granel e personalizadas para necessidades comerciais<\/h2>\n<p>A Dinkpickleball \u00e9 especializada em encomendas B2B, a granel e personalizadas, o que faz das nossas raquetes uma escolha de elei\u00e7\u00e3o para retalhistas, marcas e organiza\u00e7\u00f5es que procuram solu\u00e7\u00f5es personalizadas.<\/p>\n<h2>FAQ<\/h2>\n<p>Seguem-se algumas perguntas frequentes (FAQs) que os clientes B2B podem ter ao considerar a compra de Pickleball Training Paddle:<\/p>\n<p>                        <a href=\"#collapse-bc22830662f09a6c7f00\" data-ekit-toggle=\"collapse\" data-target=\"#Collapse-bc22830662f09a6c7f00\" aria-expanded=\"true\" aria-controls=\"Collapse-bc22830662f09a6c7f00\"><br \/>\n                            P: O que faz com que as p\u00e1s de treino Dinkpickleball&amp;#039 se destaquem da concorr\u00eancia?<br \/>\n                                        <!-- Normal Icon --><br \/>\n                                        <!-- Active Icon --><br \/>\n                                                    <\/a><\/p>\n<p>R: As nossas p\u00e1s s\u00e3o concebidas com o objetivo de melhorar o desempenho do jogador. Apresentam um design \u00fanico que melhora o acerto no ponto ideal, melhora a coordena\u00e7\u00e3o m\u00e3o-olho e \u00e9 adapt\u00e1vel a jogadores de todos os n\u00edveis de aptid\u00e3o. Isto torna-as ideais para uma gama diversificada de clientes, desde principiantes a jogadores avan\u00e7ados. Apresentam um design \u00fanico que melhora o acerto no ponto ideal, melhora a coordena\u00e7\u00e3o m\u00e3o-olho e \u00e9 adapt\u00e1vel a jogadores de todos os n\u00edveis de aptid\u00e3o. Isto torna-as ideais para uma gama diversificada de clientes, desde principiantes a jogadores avan\u00e7ados.<\/p>\n<p>                <!-- .elementskit-card END --><br \/>\n                        <a href=\"#collapse-3dad4e0662f09a6c7f00\" data-ekit-toggle=\"collapse\" data-target=\"#Collapse-3dad4e0662f09a6c7f00\" aria-expanded=\"false\" aria-controls=\"Collapse-3dad4e0662f09a6c7f00\"><br \/>\n                            P: As p\u00e1s podem ser personalizadas para encomendas a granel?<br \/>\n                                        <!-- Normal Icon --><br \/>\n                                        <!-- Active Icon --><br \/>\n                                                    <\/a><\/p>\n<p>R: Sem d\u00favida. Oferecemos op\u00e7\u00f5es de personaliza\u00e7\u00e3o para encomendas a granel, permitindo que as empresas e organiza\u00e7\u00f5es adaptem as p\u00e1s \u00e0s suas necessidades espec\u00edficas, quer seja para efeitos de marca ou para satisfazer um determinado grupo de jogadores.<\/p>\n<p>                <!-- .elementskit-card END --><br \/>\n                        <a href=\"#collapse-8417e71662f09a6c7f00\" data-ekit-toggle=\"collapse\" data-target=\"#Collapse-8417e71662f09a6c7f00\" aria-expanded=\"false\" aria-controls=\"Collapse-8417e71662f09a6c7f00\"><br \/>\n                            P: As p\u00e1s cumprem as normas oficiais para equipamento de pickleball?<br \/>\n                                        <!-- Normal Icon --><br \/>\n                                        <!-- Active Icon --><br \/>\n                                                    <\/a><\/p>\n<p>R: Sim, todas as p\u00e1s de treino Dinkpickleball s\u00e3o concebidas para cumprir e exceder os padr\u00f5es estabelecidos pela Associa\u00e7\u00e3o de Pickleball dos EUA (USAPA), assegurando que s\u00e3o adequadas tanto para treino como para jogo em torneios oficiais.<\/p>\n<p>                <!-- .elementskit-card END --><br \/>\n                        <a href=\"#collapse-293f4f9662f09a6c7f00\" data-ekit-toggle=\"collapse\" data-target=\"#Collapse-293f4f9662f09a6c7f00\" aria-expanded=\"false\" aria-controls=\"Collapse-293f4f9662f09a6c7f00\"><br \/>\n                            P: Podem tratar de grandes encomendas para eventos ou organiza\u00e7\u00f5es?<br \/>\n                                        <!-- Normal Icon --><br \/>\n                                        <!-- Active Icon --><br \/>\n                                                    <\/a><\/p>\n<p>R: Sim, estamos totalmente equipados para lidar com grandes encomendas. A nossa capacidade de fabrico permite-nos satisfazer as exig\u00eancias de grandes eventos, torneios, escolas ou organiza\u00e7\u00f5es que necessitem de uma quantidade substancial de p\u00e1s sem comprometer a qualidade.<\/p>\n<p>                <!-- .elementskit-card END --><br \/>\n                        <a href=\"#collapse-1e5da80662f09a6c7f00\" data-ekit-toggle=\"collapse\" data-target=\"#Collapse-1e5da80662f09a6c7f00\" aria-expanded=\"false\" aria-controls=\"Collapse-1e5da80662f09a6c7f00\"><br \/>\n                            P: H\u00e1 algum desconto para encomendas em massa ou repetidas?<br \/>\n                                        <!-- Normal Icon --><br \/>\n                                        <!-- Active Icon --><br \/>\n                                                    <\/a><\/p>\n<p>R: Valorizamos as rela\u00e7\u00f5es a longo prazo e oferecemos pre\u00e7os competitivos para encomendas em massa e repetidas. A nossa estrutura de pre\u00e7os foi concebida para ser vantajosa para as empresas e organiza\u00e7\u00f5es que efectuam compras maiores.<\/p>\n<p>                <!-- .elementskit-card END --><\/p>","protected":false},"excerpt":{"rendered":"<p>Pickleball Training Paddle Engineered to perfect your play. Experience the game-changing advantage of a paddle designed to consistently hit the sweet spot. Elevate your skills, whether it&#8217;s a casual match or a competitive tournament. With our paddle, accuracy isn&#8217;t just a goal; it&#8217;s a guarantee. GET A QUOTE For Coaches and Trainers Dinkpickleball&#8217;s pickleball training [&hellip;]<\/p>\n","protected":false},"author":1,"featured_media":0,"parent":0,"menu_order":0,"comment_status":"closed","ping_status":"closed","template":"","meta":{"_seopress_robots_primary_cat":"","_seopress_titles_title":"","_seopress_titles_desc":"","_seopress_robots_index":"","footnotes":""},"class_list":["post-15243","page","type-page","status-publish","hentry"],"meta_box":[],"_links":{"self":[{"href":"https:\/\/dinkpickleball.com\/pt\/wp-json\/wp\/v2\/pages\/15243","targetHints":{"allow":["GET"]}}],"collection":[{"href":"https:\/\/dinkpickleball.com\/pt\/wp-json\/wp\/v2\/pages"}],"about":[{"href":"https:\/\/dinkpickleball.com\/pt\/wp-json\/wp\/v2\/types\/page"}],"author":[{"embeddable":true,"href":"https:\/\/dinkpickleball.com\/pt\/wp-json\/wp\/v2\/users\/1"}],"replies":[{"embeddable":true,"href":"https:\/\/dinkpickleball.com\/pt\/wp-json\/wp\/v2\/comments?post=15243"}],"version-history":[{"count":39,"href":"https:\/\/dinkpickleball.com\/pt\/wp-json\/wp\/v2\/pages\/15243\/revisions"}],"predecessor-version":[{"id":16287,"href":"https:\/\/dinkpickleball.com\/pt\/wp-json\/wp\/v2\/pages\/15243\/revisions\/16287"}],"wp:attachment":[{"href":"https:\/\/dinkpickleball.com\/pt\/wp-json\/wp\/v2\/media?parent=15243"}],"curies":[{"name":"wp","href":"https:\/\/api.w.org\/{rel}","templated":true}]}}