{"id":15195,"date":"2023-09-08T10:08:54","date_gmt":"2023-09-08T02:08:54","guid":{"rendered":"https:\/\/dinkpickleball.com\/?page_id=15195"},"modified":"2025-01-13T22:02:06","modified_gmt":"2025-01-13T14:02:06","slug":"3d-18k-carbon-fiber-paddle","status":"publish","type":"page","link":"https:\/\/dinkpickleball.com\/pt\/3d-18k-carbon-fiber-paddle\/","title":{"rendered":"Palheta de fibra de carbono 3D 18k"},"content":{"rendered":"<h1>Fabricante de p\u00e1s de fibra de carbono 3D 18k<\/h1>\n<p>Eleve o seu espa\u00e7o comercial com a nossa palheta de Pickleball em fibra de carbono 3D 18k. O seu design \u00fanico e apelo visual prometem atrair mais tr\u00e1fego pedonal, aumentando o envolvimento na loja e as potenciais vendas. Dada a tecnologia avan\u00e7ada e as carater\u00edsticas \u00fanicas da nossa raquete, os retalhistas podem obter um pre\u00e7o mais elevado, aumentando as suas margens de lucro e as receitas globais.<\/p>\n<p><a role=\"button\"><br \/>\nSolicite o nosso pre\u00e7o mais recente<br \/>\n<\/a><br \/>\n<img decoding=\"async\" src=\"https:\/\/dinkpickleball.com\/wp-content\/uploads\/2023\/09\/3D-18k-Carbon-Fiber-Paddle-Manufacturer.png\" title=\"Fabricante de p\u00e1s de fibra de carbono 3D 18k\" alt=\"Fabricante de p\u00e1s de fibra de carbono 3d 18k\" loading=\"lazy\" \/><\/p>\n<h2>Apelo em toda a linha<\/h2>\n<p>Ao oferecer produtos que demonstram o \u00e1pice da inova\u00e7\u00e3o e da qualidade, n\u00e3o est\u00e1 apenas a fazer uma venda; est\u00e1 a promover a fidelidade \u00e0 marca. Os clientes satisfeitos regressam, procurando o melhor e mais recente, e o nosso paddle coloca-o na vanguarda dessa procura.<\/p>\n<h3>\n\t\t\t\t\t\tInvestimento em tecnologias avan\u00e7adas<\/h3>\n<p>Aproveite o poder da tecnologia de ponta em fibra de carbono 3D 18k. Destaque-se no mercado com uma raquete que representa o auge da inova\u00e7\u00e3o na ind\u00fastria do pickleball.<\/p>\n<h3>\n\t\t\t\t\t\tControlo de rota\u00e7\u00e3o superior<\/h3>\n<p>Com uma trama triaxial \u00fanica de fios entrela\u00e7ados, a nossa p\u00e1 oferece um potencial de fia\u00e7\u00e3o inigual\u00e1vel em todos os \u00e2ngulos. Ofere\u00e7a aos seus clientes uma vantagem competitiva como nenhuma outra.<\/p>\n<h3>\n\t\t\t\t\t\tApelo visual impressionante<\/h3>\n<p>A \u00f3tica 3D hipnotizante da raquete n\u00e3o s\u00f3 eleva a experi\u00eancia do jogador, como tamb\u00e9m promete ser um ponto de venda visual a retalho, atraindo clientes e melhorando os expositores das lojas.<\/p>\n<h3>\n\t\t\t\t\t\tDiferencia\u00e7\u00e3o competitiva<\/h3>\n<p>Destaque-se no panorama B2B ao oferecer um produto com uma face \u00fanica em fibra de carbono 3D-18k. Eleve a sua marca associando-se a um produto que \u00e9 simplesmente \"melhor\".<\/p>\n<h3>\n\t\t\t\t\t\tCompromisso de qualidade<\/h3>\n<p>Fa\u00e7a parceria com a Dinkpickleball, uma empresa que d\u00e1 prioridade ao fabrico e ao design de topo. Garanta que os seus clientes recebem um produto fabricado com uma precis\u00e3o e uma paix\u00e3o inigual\u00e1veis.<\/p>\n<h3>\n\t\t\t\t\t\tPosicionamento vers\u00e1til no mercado<\/h3>\n<p>Quer se destine a jogadores experientes ou a principiantes, a pagaia 3D 18k responde a um vasto espetro de p\u00fablico. Uma solu\u00e7\u00e3o de tamanho \u00fanico para diversificar a sua oferta de produtos.<\/p>","protected":false},"excerpt":{"rendered":"<p>3D 18k Carbon Fiber Paddle Manufacturer Elevate your retail space with our 3D 18k Carbon Fiber Pickleball Paddle. Its unique design and visual appeal promise to attract more foot traffic, increasing in-store engagement and potential sales. Given the advanced technology and unique features of our paddle, retailers can command a premium price point, increasing your [&hellip;]<\/p>\n","protected":false},"author":1,"featured_media":0,"parent":0,"menu_order":0,"comment_status":"closed","ping_status":"closed","template":"","meta":{"_seopress_robots_primary_cat":"","_seopress_titles_title":"","_seopress_titles_desc":"Elevate your retail space with our 3D 18k Carbon Fiber Pickleball Paddle. Its unique design and visual appeal promise to attract more foot traffic, increasing in-store engagement and potential sales.","_seopress_robots_index":"","footnotes":""},"class_list":["post-15195","page","type-page","status-publish","hentry"],"meta_box":[],"_links":{"self":[{"href":"https:\/\/dinkpickleball.com\/pt\/wp-json\/wp\/v2\/pages\/15195","targetHints":{"allow":["GET"]}}],"collection":[{"href":"https:\/\/dinkpickleball.com\/pt\/wp-json\/wp\/v2\/pages"}],"about":[{"href":"https:\/\/dinkpickleball.com\/pt\/wp-json\/wp\/v2\/types\/page"}],"author":[{"embeddable":true,"href":"https:\/\/dinkpickleball.com\/pt\/wp-json\/wp\/v2\/users\/1"}],"replies":[{"embeddable":true,"href":"https:\/\/dinkpickleball.com\/pt\/wp-json\/wp\/v2\/comments?post=15195"}],"version-history":[{"count":24,"href":"https:\/\/dinkpickleball.com\/pt\/wp-json\/wp\/v2\/pages\/15195\/revisions"}],"predecessor-version":[{"id":16283,"href":"https:\/\/dinkpickleball.com\/pt\/wp-json\/wp\/v2\/pages\/15195\/revisions\/16283"}],"wp:attachment":[{"href":"https:\/\/dinkpickleball.com\/pt\/wp-json\/wp\/v2\/media?parent=15195"}],"curies":[{"name":"wp","href":"https:\/\/api.w.org\/{rel}","templated":true}]}}