{"id":15081,"date":"2023-08-12T01:35:23","date_gmt":"2023-08-11T17:35:23","guid":{"rendered":"https:\/\/dinkpickleball.com\/?page_id=15081"},"modified":"2025-01-13T22:08:11","modified_gmt":"2025-01-13T14:08:11","slug":"pickleball-paddle-eraser","status":"publish","type":"page","link":"https:\/\/dinkpickleball.com\/pt\/pickleball-paddle-eraser\/","title":{"rendered":"Borracha para raquete de pickleball"},"content":{"rendered":"<h1>Borracha para raquete de pickleball<\/h1>\n<p><strong>Feito \u00e0 medida para impressionar, concebido para durar<\/strong>: Equipe a sua empresa com a melhor solu\u00e7\u00e3o de tratamento de p\u00e1s. Uma limpeza \u00f3ptima, sempre. O seu neg\u00f3cio merece mais do que o gen\u00e9rico. Escolha o apagador de raquetes personalizado da Dinkpickleball - onde a sua marca brilha em cada passagem.<\/p>\n<p>\t\t\t<a role=\"button\"><br \/>\n\t\t\t\t\t\tObter um or\u00e7amento r\u00e1pido<br \/>\n\t\t\t\t\t<\/a><br \/>\n\t\t\t\t\t\t\t\t\t\t\t\t<img decoding=\"async\" width=\"800\" height=\"800\" src=\"https:\/\/dinkpickleball.com\/wp-content\/uploads\/2023\/08\/banner.png\" alt=\"bandeira\" loading=\"lazy\" srcset=\"https:\/\/dinkpickleball.com\/wp-content\/uploads\/2023\/08\/banner.png 800w, https:\/\/dinkpickleball.com\/wp-content\/uploads\/2023\/08\/banner-300x300.png 300w, https:\/\/dinkpickleball.com\/wp-content\/uploads\/2023\/08\/banner-150x150.png 150w, https:\/\/dinkpickleball.com\/wp-content\/uploads\/2023\/08\/banner-768x768.png 768w, https:\/\/dinkpickleball.com\/wp-content\/uploads\/2023\/08\/banner-600x600.png 600w, https:\/\/dinkpickleball.com\/wp-content\/uploads\/2023\/08\/banner-100x100.png 100w\" sizes=\"auto, (max-width: 800px) 100vw, 800px\" \/>\t\t\t\t\t\t\t\t\t\t\t\t\t\t<\/p>\n<h2>Limpeza de precis\u00e3o, desempenho m\u00e1ximo<\/h2>\n<p>Transforme as suas ofertas de pickleball com borrachas adaptadas \u00e0 ess\u00eancia da sua marca. Personalizadas. Limpas. Cativante.<\/p>\n<figure class='gallery-item'>\n\t\t\t\t<a  title=\"Borracha para raquete de pickleball\"  href='https:\/\/dinkpickleball.com\/wp-content\/uploads\/2023\/08\/Pickleball-Paddle-Eraser.jpg'><img width=\"800\" height=\"800\" src=\"https:\/\/dinkpickleball.com\/wp-content\/uploads\/2023\/08\/Pickleball-Paddle-Eraser.jpg\" alt=\"Borracha para raquete de pickleball\" decoding=\"async\" aria-describedby=\"gallery-1-15090\" loading=\"lazy\" srcset=\"https:\/\/dinkpickleball.com\/wp-content\/uploads\/2023\/08\/Pickleball-Paddle-Eraser.jpg 800w, https:\/\/dinkpickleball.com\/wp-content\/uploads\/2023\/08\/Pickleball-Paddle-Eraser-300x300.jpg 300w, https:\/\/dinkpickleball.com\/wp-content\/uploads\/2023\/08\/Pickleball-Paddle-Eraser-150x150.jpg 150w, https:\/\/dinkpickleball.com\/wp-content\/uploads\/2023\/08\/Pickleball-Paddle-Eraser-768x768.jpg 768w, https:\/\/dinkpickleball.com\/wp-content\/uploads\/2023\/08\/Pickleball-Paddle-Eraser-600x600.jpg 600w, https:\/\/dinkpickleball.com\/wp-content\/uploads\/2023\/08\/Pickleball-Paddle-Eraser-100x100.jpg 100w\" sizes=\"auto, (max-width: 800px) 100vw, 800px\" \/><\/a><figcaption class='wp-caption-text gallery-caption' id='gallery-1-15090'>\n\t\t\t\tBorracha para raquete de pickleball<br \/>\n\t\t\t\t<\/figcaption><\/figure>\n<figure class='gallery-item'>\n\t\t\t\t<a  title=\"Apagador de p\u00e1 de pickleball por atacado\"  href='https:\/\/dinkpickleball.com\/wp-content\/uploads\/2023\/08\/Pickleball-Paddle-Eraser-wholesale.jpg'><img width=\"800\" height=\"800\" src=\"https:\/\/dinkpickleball.com\/wp-content\/uploads\/2023\/08\/Pickleball-Paddle-Eraser-wholesale.jpg\" alt=\"Apagador de p\u00e1 de pickleball por atacado\" decoding=\"async\" aria-describedby=\"gallery-1-15089\" loading=\"lazy\" srcset=\"https:\/\/dinkpickleball.com\/wp-content\/uploads\/2023\/08\/Pickleball-Paddle-Eraser-wholesale.jpg 800w, https:\/\/dinkpickleball.com\/wp-content\/uploads\/2023\/08\/Pickleball-Paddle-Eraser-wholesale-300x300.jpg 300w, https:\/\/dinkpickleball.com\/wp-content\/uploads\/2023\/08\/Pickleball-Paddle-Eraser-wholesale-150x150.jpg 150w, https:\/\/dinkpickleball.com\/wp-content\/uploads\/2023\/08\/Pickleball-Paddle-Eraser-wholesale-768x768.jpg 768w, https:\/\/dinkpickleball.com\/wp-content\/uploads\/2023\/08\/Pickleball-Paddle-Eraser-wholesale-600x600.jpg 600w, https:\/\/dinkpickleball.com\/wp-content\/uploads\/2023\/08\/Pickleball-Paddle-Eraser-wholesale-100x100.jpg 100w\" sizes=\"auto, (max-width: 800px) 100vw, 800px\" \/><\/a><figcaption class='wp-caption-text gallery-caption' id='gallery-1-15089'>\n\t\t\t\tApagador de p\u00e1 de pickleball por atacado<br \/>\n\t\t\t\t<\/figcaption><\/figure>\n<figure class='gallery-item'>\n\t\t\t\t<a  title=\"Apagador de p\u00e1 de pickleball a granel\"  href='https:\/\/dinkpickleball.com\/wp-content\/uploads\/2023\/08\/Pickleball-Paddle-Eraser-bulk.jpg'><img width=\"800\" height=\"800\" src=\"https:\/\/dinkpickleball.com\/wp-content\/uploads\/2023\/08\/Pickleball-Paddle-Eraser-bulk.jpg\" alt=\"Apagador de p\u00e1 de pickleball a granel\" decoding=\"async\" aria-describedby=\"gallery-1-15088\" loading=\"lazy\" srcset=\"https:\/\/dinkpickleball.com\/wp-content\/uploads\/2023\/08\/Pickleball-Paddle-Eraser-bulk.jpg 800w, https:\/\/dinkpickleball.com\/wp-content\/uploads\/2023\/08\/Pickleball-Paddle-Eraser-bulk-300x300.jpg 300w, https:\/\/dinkpickleball.com\/wp-content\/uploads\/2023\/08\/Pickleball-Paddle-Eraser-bulk-150x150.jpg 150w, https:\/\/dinkpickleball.com\/wp-content\/uploads\/2023\/08\/Pickleball-Paddle-Eraser-bulk-768x768.jpg 768w, https:\/\/dinkpickleball.com\/wp-content\/uploads\/2023\/08\/Pickleball-Paddle-Eraser-bulk-600x600.jpg 600w, https:\/\/dinkpickleball.com\/wp-content\/uploads\/2023\/08\/Pickleball-Paddle-Eraser-bulk-100x100.jpg 100w\" sizes=\"auto, (max-width: 800px) 100vw, 800px\" \/><\/a><figcaption class='wp-caption-text gallery-caption' id='gallery-1-15088'>\n\t\t\t\tApagador de p\u00e1 de pickleball a granel<br \/>\n\t\t\t\t<\/figcaption><\/figure>\n<figure class='gallery-item'>\n\t\t\t\t<a  title=\"F\u00e1brica de borrachas para raquetes de pickleball\"  href='https:\/\/dinkpickleball.com\/wp-content\/uploads\/2023\/08\/Pickleball-Paddle-Eraser-factory.jpg'><img width=\"1024\" height=\"990\" src=\"https:\/\/dinkpickleball.com\/wp-content\/uploads\/2023\/08\/Pickleball-Paddle-Eraser-factory.jpg\" alt=\"F\u00e1brica de borrachas para raquetes de pickleball\" decoding=\"async\" aria-describedby=\"gallery-1-15087\" loading=\"lazy\" srcset=\"https:\/\/dinkpickleball.com\/wp-content\/uploads\/2023\/08\/Pickleball-Paddle-Eraser-factory.jpg 1024w, https:\/\/dinkpickleball.com\/wp-content\/uploads\/2023\/08\/Pickleball-Paddle-Eraser-factory-300x290.jpg 300w, https:\/\/dinkpickleball.com\/wp-content\/uploads\/2023\/08\/Pickleball-Paddle-Eraser-factory-768x743.jpg 768w, https:\/\/dinkpickleball.com\/wp-content\/uploads\/2023\/08\/Pickleball-Paddle-Eraser-factory-600x580.jpg 600w\" sizes=\"auto, (max-width: 1024px) 100vw, 1024px\" \/><\/a><figcaption class='wp-caption-text gallery-caption' id='gallery-1-15087'>\n\t\t\t\tF\u00e1brica de borrachas para raquetes de pickleball<br \/>\n\t\t\t\t<\/figcaption><\/figure>\n<figure class='gallery-item'>\n\t\t\t\t<a  title=\"Empresa de apagador de p\u00e1s de pickleball\"  href='https:\/\/dinkpickleball.com\/wp-content\/uploads\/2023\/08\/Pickleball-Paddle-Eraser-company.jpeg'><img width=\"800\" height=\"800\" src=\"https:\/\/dinkpickleball.com\/wp-content\/uploads\/2023\/08\/Pickleball-Paddle-Eraser-company.jpeg\" alt=\"Empresa de apagador de p\u00e1s de pickleball\" decoding=\"async\" aria-describedby=\"gallery-1-15086\" loading=\"lazy\" srcset=\"https:\/\/dinkpickleball.com\/wp-content\/uploads\/2023\/08\/Pickleball-Paddle-Eraser-company.jpeg 800w, https:\/\/dinkpickleball.com\/wp-content\/uploads\/2023\/08\/Pickleball-Paddle-Eraser-company-300x300.jpeg 300w, https:\/\/dinkpickleball.com\/wp-content\/uploads\/2023\/08\/Pickleball-Paddle-Eraser-company-150x150.jpeg 150w, https:\/\/dinkpickleball.com\/wp-content\/uploads\/2023\/08\/Pickleball-Paddle-Eraser-company-768x768.jpeg 768w, https:\/\/dinkpickleball.com\/wp-content\/uploads\/2023\/08\/Pickleball-Paddle-Eraser-company-600x600.jpeg 600w, https:\/\/dinkpickleball.com\/wp-content\/uploads\/2023\/08\/Pickleball-Paddle-Eraser-company-100x100.jpeg 100w\" sizes=\"auto, (max-width: 800px) 100vw, 800px\" \/><\/a><figcaption class='wp-caption-text gallery-caption' id='gallery-1-15086'>\n\t\t\t\tEmpresa de apagador de p\u00e1s de pickleball<br \/>\n\t\t\t\t<\/figcaption><\/figure>\n<figure class='gallery-item'>\n\t\t\t\t<a  title=\"Marca Pickleball Paddle Eraser\"  href='https:\/\/dinkpickleball.com\/wp-content\/uploads\/2023\/08\/Pickleball-Paddle-Eraser-brand.jpg'><img width=\"800\" height=\"800\" src=\"https:\/\/dinkpickleball.com\/wp-content\/uploads\/2023\/08\/Pickleball-Paddle-Eraser-brand.jpg\" alt=\"Marca Pickleball Paddle Eraser\" decoding=\"async\" aria-describedby=\"gallery-1-15085\" loading=\"lazy\" srcset=\"https:\/\/dinkpickleball.com\/wp-content\/uploads\/2023\/08\/Pickleball-Paddle-Eraser-brand.jpg 800w, https:\/\/dinkpickleball.com\/wp-content\/uploads\/2023\/08\/Pickleball-Paddle-Eraser-brand-300x300.jpg 300w, https:\/\/dinkpickleball.com\/wp-content\/uploads\/2023\/08\/Pickleball-Paddle-Eraser-brand-150x150.jpg 150w, https:\/\/dinkpickleball.com\/wp-content\/uploads\/2023\/08\/Pickleball-Paddle-Eraser-brand-768x768.jpg 768w, https:\/\/dinkpickleball.com\/wp-content\/uploads\/2023\/08\/Pickleball-Paddle-Eraser-brand-600x600.jpg 600w, https:\/\/dinkpickleball.com\/wp-content\/uploads\/2023\/08\/Pickleball-Paddle-Eraser-brand-100x100.jpg 100w\" sizes=\"auto, (max-width: 800px) 100vw, 800px\" \/><\/a><figcaption class='wp-caption-text gallery-caption' id='gallery-1-15085'>\n\t\t\t\tMarca Pickleball Paddle Eraser<br \/>\n\t\t\t\t<\/figcaption><\/figure>\n<h2>Limpeza de precis\u00e3o, desempenho m\u00e1ximo<\/h2>\n<p>\u00a0A nossa borracha foi concebida especificamente para as raquetes de pickleball em fibra de carbono, n\u00e3o s\u00f3 para garantir a limpeza, mas tamb\u00e9m para manter as capacidades de rota\u00e7\u00e3o e a est\u00e9tica inatas da raquete. N\u00e3o se trata apenas de limpeza; trata-se de preservar o valor da raquete.<\/p>\n<p>https:\/\/www.youtube.com\/watch?v=SZ23rUQuJLA\t\t<\/p>\n<h3>\n\t\t\t\t\t\tManuten\u00e7\u00e3o do desempenho \u00f3timo<br \/>\n\t\t\t\t<\/h3>\n<p>\n\t\t\t\t\t\t A nossa borracha para p\u00e1s de Pickleball garante uma limpeza f\u00e1cil, utilizando uma mistura patenteada de borracha que remove sem esfor\u00e7o res\u00edduos de bolas, sujidade e pequenos arranh\u00f5es\/arranh\u00f5es. Isto rejuvenesce o aspeto da raquete, fazendo-a parecer nova em folha ap\u00f3s cada limpeza.\n\t\t\t\t\t<\/p>\n<h3>\n\t\t\t\t\t\tSempre ao alcance da m\u00e3o<br \/>\n\t\t\t\t<\/h3>\n<p>\n\t\t\t\t\t\tGra\u00e7as ao seu design port\u00e1til, o apagador de raquetes Dinkpickleball pode ser facilmente colocado em qualquer saco de pickleball, garantindo que a manuten\u00e7\u00e3o das raquetes pode ser feita em qualquer altura e em qualquer lugar - quer esteja a meio de um jogo ou a terminar um torneio.\t\t\t\t\t<\/p>\n<h3>\n\t\t\t\t\t\tPreservar a rota\u00e7\u00e3o do remo<br \/>\n\t\t\t\t<\/h3>\n<p>\n\t\t\t\t\t\tUma das primeiras coisas que se deterioram numa raquete \u00e9 o seu spin, principalmente devido \u00e0 acumula\u00e7\u00e3o de pequenas fibras de bola. A nossa Paddle Eraser resolve eficazmente este problema com a sua carater\u00edstica de Reten\u00e7\u00e3o de Rota\u00e7\u00e3o, assegurando que a sua raquete mant\u00e9m a sua capacidade de rota\u00e7\u00e3o ao longo do tempo.\t\t\t\t\t<\/p>\n<h3>\n\t\t\t\t\t\tValida\u00e7\u00e3o cient\u00edfica<br \/>\n\t\t\t\t<\/h3>\n<p>\n\t\t\t\t\t\tAcreditamos em provas. Com a Valida\u00e7\u00e3o atrav\u00e9s de Microscopia, os nossos testes demonstraram melhorias tang\u00edveis na limpeza das p\u00e1s e mantiveram as capacidades de centrifuga\u00e7\u00e3o ap\u00f3s a utiliza\u00e7\u00e3o. A sua compra n\u00e3o se baseia apenas na nossa palavra; \u00e9 apoiada pela ci\u00eancia.\t\t\t\t\t<\/p>\n<h3>\n\t\t\t\t\t\tEscolha ecol\u00f3gica<br \/>\n\t\t\t\t<\/h3>\n<p>\n\t\t\t\t\t\tNuma era de crescente consci\u00eancia ambiental, a nossa Paddle Eraser destaca-se por ser fabricada com materiais ecol\u00f3gicos. Acreditamos em oferecer um desempenho de topo sem comprometer o bem-estar do nosso planeta.\t\t\t\t\t<\/p>\n<h3>\n\t\t\t\t\t\tManuten\u00e7\u00e3o rent\u00e1vel<br \/>\n\t\t\t\t<\/h3>\n<p>\n\t\t\t\t\t\tCom o nosso apagador de p\u00e1s, n\u00e3o h\u00e1 necessidade de comprar constantemente novos materiais de limpeza. \u00c9 reutiliz\u00e1vel, proporcionando um desempenho consistente ao longo de v\u00e1rios ciclos de limpeza, garantindo uma boa rela\u00e7\u00e3o qualidade\/pre\u00e7o e reduzindo o desperd\u00edcio.\t\t\t\t\t<\/p>\n<figure><img decoding=\"async\" src=\"https:\/\/dinkpickleball.com\/wp-content\/uploads\/2022\/06\/onix.png\" alt=\"onix\" \/><\/figure>\n<figure><img decoding=\"async\" src=\"https:\/\/dinkpickleball.com\/wp-content\/uploads\/2022\/06\/Diadem-logo.png\" alt=\"Log\u00f3tipo Diadem\" \/><\/figure>\n<figure><img decoding=\"async\" src=\"https:\/\/dinkpickleball.com\/wp-content\/uploads\/2022\/06\/Gamma.png\" alt=\"Gama\" \/><\/figure>\n<figure><img decoding=\"async\" src=\"https:\/\/dinkpickleball.com\/wp-content\/uploads\/2022\/06\/Paddletek.png\" alt=\"Paddletek\" \/><\/figure>\n<figure><img decoding=\"async\" src=\"https:\/\/dinkpickleball.com\/wp-content\/uploads\/2023\/04\/RECESS-logo.png\" alt=\"Log\u00f3tipo RECESS\" \/><\/figure>\n<figure><img decoding=\"async\" src=\"https:\/\/dinkpickleball.com\/wp-content\/uploads\/2023\/04\/CRBN-logo.png\" alt=\"Log\u00f3tipo do CRBN\" \/><\/figure>\n<figure><img decoding=\"async\" src=\"https:\/\/dinkpickleball.com\/wp-content\/uploads\/2023\/04\/STIGA-logo.png\" alt=\"Log\u00f3tipo STIGA\" \/><\/figure>\n<figure><img decoding=\"async\" src=\"https:\/\/dinkpickleball.com\/wp-content\/uploads\/2022\/06\/niupipo.png\" alt=\"niupipo\" \/><\/figure>\n<h2>O seu melhor parceiro no mercado global de Pickleball<\/h2>\n<p>No movimentado mundo dos acess\u00f3rios de pickleball, as empresas perdem-se muitas vezes no meio de produtos gen\u00e9ricos. Mas e se houvesse um nome empenhado na distin\u00e7\u00e3o? Entra a Dinkpickleball - onde a inova\u00e7\u00e3o encontra a tradi\u00e7\u00e3o.<\/p>\n<p>\t\t\t\t\t\t\t\t\t\t\t\t<img decoding=\"async\" src=\"https:\/\/dinkpickleball.com\/wp-content\/uploads\/2023\/04\/Proven-Track-Record.jpg\" title=\"Hist\u00f3rico comprovado\" alt=\"Hist\u00f3rico comprovado\" loading=\"lazy\" \/>\t\t\t\t\t\t\t\t\t\t\t\t\t\t<\/p>\n<h3>Adaptado \u00e0s suas necessidades<\/h3>\n<p>O mercado B2B prospera com a personaliza\u00e7\u00e3o. N\u00e3o se trata apenas de ter um produto; trata-se de ter o SEU produto. A Dinkpickleball defende esta ideia com o nosso apagador de raquetes de Pickleball personalizado, concebido exclusivamente para satisfazer a identidade da sua marca e os desejos dos seus clientes.<\/p>\n<p>\t\t\t<a role=\"button\"><br \/>\n\t\t\t\t\t\tObter um or\u00e7amento imediato<br \/>\n\t\t\t\t\t<\/a><br \/>\n\t\t\t\t\t\t\t\t\t\t\t\t<img decoding=\"async\" src=\"https:\/\/dinkpickleball.com\/wp-content\/uploads\/2023\/04\/Premium-Quality-Products.jpg\" title=\"Produtos de qualidade superior\" alt=\"Produtos de qualidade superior\" loading=\"lazy\" \/>\t\t\t\t\t\t\t\t\t\t\t\t\t\t<\/p>\n<h3>Compromisso de qualidade inabal\u00e1vel<\/h3>\n<p>Todos n\u00f3s j\u00e1 ouvimos essa hist\u00f3ria - empresas atra\u00eddas por promessas vistosas que acabam por ser desiludidas por uma qualidade inferior. O Dinkpickleball inverte a narrativa. Com o nosso compromisso inabal\u00e1vel para com a qualidade, n\u00e3o nos limitamos a satisfazer as expectativas; excedemo-las.<\/p>\n<p>\t\t\t<a role=\"button\"><br \/>\n\t\t\t\t\t\tObter um or\u00e7amento imediato<br \/>\n\t\t\t\t\t<\/a><br \/>\n\t\t\t\t\t\t\t\t\t\t\t\t<img decoding=\"async\" src=\"https:\/\/dinkpickleball.com\/wp-content\/uploads\/2023\/04\/Adaptability-and-Responsiveness-to-Market.jpeg\" title=\"Adaptabilidade e capacidade de resposta ao mercado\" alt=\"Adaptabilidade e capacidade de resposta ao mercado\" loading=\"lazy\" \/>\t\t\t\t\t\t\t\t\t\t\t\t\t\t<\/p>\n<h3>Fornecedor de solu\u00e7\u00f5es hol\u00edsticas<\/h3>\n<p>O mundo do pickleball \u00e9 vasto, tal como as necessidades das empresas. Com a Dinkpickleball, n\u00e3o est\u00e1 apenas a obter um produto; est\u00e1 a obter uma solu\u00e7\u00e3o hol\u00edstica. Desde a conce\u00e7\u00e3o inicial at\u00e9 \u00e0 entrega final, as nossas solu\u00e7\u00f5es completas garantem a sua cobertura em todas as fases do processo.<\/p>\n<p>\t\t\t<a role=\"button\"><br \/>\n\t\t\t\t\t\tObter um or\u00e7amento imediato<br \/>\n\t\t\t\t\t<\/a><br \/>\n\t\t\t\t\t\t\t\t\t\t\t\t<img decoding=\"async\" src=\"https:\/\/dinkpickleball.com\/wp-content\/uploads\/2023\/04\/Collaborative-Approach-.jpeg\" title=\"Abordagem colaborativa\" alt=\"Abordagem colaborativa\" loading=\"lazy\" \/>\t\t\t\t\t\t\t\t\t\t\t\t\t\t<\/p>\n<h3>Uma parceria, n\u00e3o apenas uma compra<\/h3>\n<p>Todas as empresas procuram mais do que um simples fornecedor; procuram um parceiro. O ethos da Dinkpickleball est\u00e1 enraizado na parceria. N\u00e3o nos limitamos a fornecer; colaboramos, assegurando que todos os produtos se adequam \u00e0 voz e \u00e0 vis\u00e3o da sua marca.<\/p>\n<p>\t\t\t<a role=\"button\"><br \/>\n\t\t\t\t\t\tObter um or\u00e7amento imediato<br \/>\n\t\t\t\t\t<\/a><\/p>\n<h2>FAQ<\/h2>\n<p>Tem preocupa\u00e7\u00f5es espec\u00edficas quando compra produtos, especialmente a granel. Aqui est\u00e3o algumas perguntas frequentes (FAQs) que podem ter ao considerar a compra de Pickleball Paddle Eraser.<\/p>\n<p>                        <a href=\"#collapse-a767ad6650c4ffe523eb\" data-ekit-toggle=\"collapse\" data-target=\"#Collapse-a767ad6650c4ffe523eb\" aria-expanded=\"true\" aria-controls=\"Collapse-a767ad6650c4ffe523eb\"><br \/>\n                            Qual \u00e9 o principal material utilizado no apagador de p\u00e1s Dinkpickleball?<br \/>\n                                        <!-- Normal Icon --><br \/>\n                                        <!-- Active Icon --><br \/>\n                                                    <\/a><\/p>\n<p>O apagador de p\u00e1s Dinkpickleball \u00e9 fabricado com uma mistura patenteada de borracha ecol\u00f3gica concebida para remover eficazmente res\u00edduos de bolas, sujidade e pequenos arranh\u00f5es sem a utiliza\u00e7\u00e3o de produtos qu\u00edmicos.<\/p>\n<p>                <!-- .elementskit-card END --><br \/>\n                        <a href=\"#collapse-bc22830650c4ffe523eb\" data-ekit-toggle=\"collapse\" data-target=\"#Collapse-bc22830650c4ffe523eb\" aria-expanded=\"false\" aria-controls=\"Collapse-bc22830650c4ffe523eb\"><br \/>\n                            Em que \u00e9 que a Paddle Eraser difere de outros produtos de limpeza no mercado?<br \/>\n                                        <!-- Normal Icon --><br \/>\n                                        <!-- Active Icon --><br \/>\n                                                    <\/a><\/p>\n<p>A nossa borracha para p\u00e1s foi especificamente concebida para p\u00e1s de pickleball em fibra de carbono. N\u00e3o s\u00f3 limpa a raquete como tamb\u00e9m preserva as suas capacidades de rota\u00e7\u00e3o e a sua est\u00e9tica. Al\u00e9m disso, a sua natureza ecol\u00f3gica e reutiliz\u00e1vel distingue-a de outros produtos de limpeza convencionais.<\/p>\n<p>                <!-- .elementskit-card END --><br \/>\n                        <a href=\"#collapse-8417e71650c4ffe523eb\" data-ekit-toggle=\"collapse\" data-target=\"#Collapse-8417e71650c4ffe523eb\" aria-expanded=\"false\" aria-controls=\"Collapse-8417e71650c4ffe523eb\"><br \/>\n                             A Paddle Eraser pode ser personalizada para se adequar \u00e0 identidade da nossa marca?<br \/>\n                                        <!-- Normal Icon --><br \/>\n                                        <!-- Active Icon --><br \/>\n                                                    <\/a><\/p>\n<p>Sem d\u00favida! A Dinkpickleball reconhece as necessidades \u00fanicas dos clientes B2B e oferece op\u00e7\u00f5es de personaliza\u00e7\u00e3o para encomendas em massa, de modo a alinhar-se com a identidade e os requisitos da sua marca.<\/p>\n<p>                <!-- .elementskit-card END --><br \/>\n                        <a href=\"#collapse-3dad4e0650c4ffe523eb\" data-ekit-toggle=\"collapse\" data-target=\"#Collapse-3dad4e0650c4ffe523eb\" aria-expanded=\"false\" aria-controls=\"Collapse-3dad4e0650c4ffe523eb\"><br \/>\n                            Como \u00e9 que o Paddle Eraser garante a reten\u00e7\u00e3o da rota\u00e7\u00e3o da p\u00e1?<br \/>\n                                        <!-- Normal Icon --><br \/>\n                                        <!-- Active Icon --><br \/>\n                                                    <\/a><\/p>\n<p>O Paddle Eraser foi concebido para resolver a acumula\u00e7\u00e3o de pequenas fibras de bola que podem diminuir a rota\u00e7\u00e3o da raquete ao longo do tempo. Ao remover eficazmente estas fibras e res\u00edduos, as capacidades de rota\u00e7\u00e3o da raquete s\u00e3o mantidas.<\/p>\n<p>                <!-- .elementskit-card END --><br \/>\n                        <a href=\"#collapse-17fe5a5650c4ffe523eb\" data-ekit-toggle=\"collapse\" data-target=\"#Collapse-17fe5a5650c4ffe523eb\" aria-expanded=\"false\" aria-controls=\"Collapse-17fe5a5650c4ffe523eb\"><br \/>\n                            Existe alguma valida\u00e7\u00e3o cient\u00edfica da efic\u00e1cia do Paddle Eraser&amp;#039?<br \/>\n                                        <!-- Normal Icon --><br \/>\n                                        <!-- Active Icon --><br \/>\n                                                    <\/a><\/p>\n<p>Sim, a efic\u00e1cia do nosso produto foi validada atrav\u00e9s de an\u00e1lises microsc\u00f3picas, que mostram uma melhoria tang\u00edvel na limpeza das p\u00e1s e na reten\u00e7\u00e3o da centrifuga\u00e7\u00e3o ap\u00f3s a utiliza\u00e7\u00e3o.<\/p>\n<p>                <!-- .elementskit-card END --><\/p>","protected":false},"excerpt":{"rendered":"<p>Pickleball Paddle Eraser Tailored to Impress, Designed to Last: Equip your business with the ultimate paddle care solution. Optimal cleanliness, every single time. Your business deserves more than generic. Choose Dinkpickleball&#8217;s Custom Paddle Eraser \u2013 where your brand shines with every swipe. Get Quick Quote Precision Clean, Peak Performance Transform your pickleball offerings with erasers [&hellip;]<\/p>\n","protected":false},"author":1,"featured_media":0,"parent":0,"menu_order":0,"comment_status":"closed","ping_status":"closed","template":"","meta":{"_seopress_robots_primary_cat":"","_seopress_titles_title":"Custom Pickleball Paddle Eraser","_seopress_titles_desc":"Tailored to Impress, Designed to Last: Equip your business with the ultimate paddle care solution. Choose Dinkpickleball\u2019s Custom Paddle Eraser \u2013 Your business deserves more than generic. ","_seopress_robots_index":"","footnotes":""},"class_list":["post-15081","page","type-page","status-publish","hentry"],"meta_box":[],"_links":{"self":[{"href":"https:\/\/dinkpickleball.com\/pt\/wp-json\/wp\/v2\/pages\/15081","targetHints":{"allow":["GET"]}}],"collection":[{"href":"https:\/\/dinkpickleball.com\/pt\/wp-json\/wp\/v2\/pages"}],"about":[{"href":"https:\/\/dinkpickleball.com\/pt\/wp-json\/wp\/v2\/types\/page"}],"author":[{"embeddable":true,"href":"https:\/\/dinkpickleball.com\/pt\/wp-json\/wp\/v2\/users\/1"}],"replies":[{"embeddable":true,"href":"https:\/\/dinkpickleball.com\/pt\/wp-json\/wp\/v2\/comments?post=15081"}],"version-history":[{"count":11,"href":"https:\/\/dinkpickleball.com\/pt\/wp-json\/wp\/v2\/pages\/15081\/revisions"}],"predecessor-version":[{"id":15901,"href":"https:\/\/dinkpickleball.com\/pt\/wp-json\/wp\/v2\/pages\/15081\/revisions\/15901"}],"wp:attachment":[{"href":"https:\/\/dinkpickleball.com\/pt\/wp-json\/wp\/v2\/media?parent=15081"}],"curies":[{"name":"wp","href":"https:\/\/api.w.org\/{rel}","templated":true}]}}