{"id":15000,"date":"2023-07-31T07:15:03","date_gmt":"2023-07-30T23:15:03","guid":{"rendered":"https:\/\/dinkpickleball.com\/?page_id=15000"},"modified":"2025-01-20T14:34:26","modified_gmt":"2025-01-20T06:34:26","slug":"pickleball-bands","status":"publish","type":"page","link":"https:\/\/dinkpickleball.com\/pt\/pickleball-bands\/","title":{"rendered":"Bandas de Pickleball"},"content":{"rendered":"<h1>Faixas de Pickleball personalizadas<\/h1>\n<p><strong>Procura uma oportunidade \u00fanica de marca no dom\u00ednio do desporto?<\/strong> Com as Faixas de Pickleball Personalizadas da DinkPickleball, transforme o seu log\u00f3tipo, texto ou desenho numa parte integrante de cada jogo. Deixe que a sua marca seja vista em cada tacada!<\/p>\n<p>\t\t\t<a role=\"button\"><br \/>\n\t\t\t\t\t\tObter um or\u00e7amento r\u00e1pido<br \/>\n\t\t\t\t\t<\/a><br \/>\n\t\t\t\t\t\t\t\t\t\t\t\t<img decoding=\"async\" width=\"900\" height=\"900\" src=\"https:\/\/dinkpickleball.com\/wp-content\/uploads\/2023\/07\/Custom-Pickleball-Bands.png\" alt=\"Faixas de Pickleball personalizadas\" loading=\"lazy\" srcset=\"https:\/\/dinkpickleball.com\/wp-content\/uploads\/2023\/07\/Custom-Pickleball-Bands.png 900w, https:\/\/dinkpickleball.com\/wp-content\/uploads\/2023\/07\/Custom-Pickleball-Bands-300x300.png 300w, https:\/\/dinkpickleball.com\/wp-content\/uploads\/2023\/07\/Custom-Pickleball-Bands-150x150.png 150w, https:\/\/dinkpickleball.com\/wp-content\/uploads\/2023\/07\/Custom-Pickleball-Bands-768x768.png 768w, https:\/\/dinkpickleball.com\/wp-content\/uploads\/2023\/07\/Custom-Pickleball-Bands-600x600.png 600w, https:\/\/dinkpickleball.com\/wp-content\/uploads\/2023\/07\/Custom-Pickleball-Bands-100x100.png 100w\" sizes=\"auto, (max-width: 900px) 100vw, 900px\" \/>\t\t\t\t\t\t\t\t\t\t\t\t\t\t<\/p>\n<h2>Deixe a sua marca em cada tacada<\/h2>\n<p>Amplie a visibilidade da sua marca com as nossas bandas de pickleball personaliz\u00e1veis. Com a DinkPickleball, o seu log\u00f3tipo, texto ou design pode tornar-se uma parte inesquec\u00edvel do jogo.<\/p>\n<figure class='gallery-item'>\n\t\t\t\t<a  title=\"dinkpickleball\"  href='https:\/\/dinkpickleball.com\/wp-content\/uploads\/2023\/07\/dinkpickleball.jpg'><img width=\"930\" height=\"930\" src=\"https:\/\/dinkpickleball.com\/wp-content\/uploads\/2023\/07\/dinkpickleball.jpg\" alt=\"dinkpickleball\" decoding=\"async\" aria-describedby=\"gallery-1-15048\" loading=\"lazy\" srcset=\"https:\/\/dinkpickleball.com\/wp-content\/uploads\/2023\/07\/dinkpickleball.jpg 930w, https:\/\/dinkpickleball.com\/wp-content\/uploads\/2023\/07\/dinkpickleball-300x300.jpg 300w, https:\/\/dinkpickleball.com\/wp-content\/uploads\/2023\/07\/dinkpickleball-150x150.jpg 150w, https:\/\/dinkpickleball.com\/wp-content\/uploads\/2023\/07\/dinkpickleball-768x768.jpg 768w, https:\/\/dinkpickleball.com\/wp-content\/uploads\/2023\/07\/dinkpickleball-600x600.jpg 600w, https:\/\/dinkpickleball.com\/wp-content\/uploads\/2023\/07\/dinkpickleball-100x100.jpg 100w\" sizes=\"auto, (max-width: 930px) 100vw, 930px\" \/><\/a><figcaption class='wp-caption-text gallery-caption' id='gallery-1-15048'>\n\t\t\t\tdinkpickleball<br \/>\n\t\t\t\t<\/figcaption><\/figure>\n<figure class='gallery-item'>\n\t\t\t\t<a  title=\"bandas de p\u00e1s de pickleball\"  href='https:\/\/dinkpickleball.com\/wp-content\/uploads\/2023\/07\/pickleball-paddle-bands.jpg'><img width=\"930\" height=\"930\" src=\"https:\/\/dinkpickleball.com\/wp-content\/uploads\/2023\/07\/pickleball-paddle-bands.jpg\" alt=\"bandas de p\u00e1s de pickleball\" decoding=\"async\" aria-describedby=\"gallery-1-15050\" loading=\"lazy\" srcset=\"https:\/\/dinkpickleball.com\/wp-content\/uploads\/2023\/07\/pickleball-paddle-bands.jpg 930w, https:\/\/dinkpickleball.com\/wp-content\/uploads\/2023\/07\/pickleball-paddle-bands-300x300.jpg 300w, https:\/\/dinkpickleball.com\/wp-content\/uploads\/2023\/07\/pickleball-paddle-bands-150x150.jpg 150w, https:\/\/dinkpickleball.com\/wp-content\/uploads\/2023\/07\/pickleball-paddle-bands-768x768.jpg 768w, https:\/\/dinkpickleball.com\/wp-content\/uploads\/2023\/07\/pickleball-paddle-bands-600x600.jpg 600w, https:\/\/dinkpickleball.com\/wp-content\/uploads\/2023\/07\/pickleball-paddle-bands-100x100.jpg 100w\" sizes=\"auto, (max-width: 930px) 100vw, 930px\" \/><\/a><figcaption class='wp-caption-text gallery-caption' id='gallery-1-15050'>\n\t\t\t\tbandas de p\u00e1s de pickleball<br \/>\n\t\t\t\t<\/figcaption><\/figure>\n<figure class='gallery-item'>\n\t\t\t\t<a  title=\"bandas de pickleball\"  href='https:\/\/dinkpickleball.com\/wp-content\/uploads\/2023\/07\/pickleball-bands.jpg'><img width=\"930\" height=\"930\" src=\"https:\/\/dinkpickleball.com\/wp-content\/uploads\/2023\/07\/pickleball-bands.jpg\" alt=\"bandas de pickleball\" decoding=\"async\" aria-describedby=\"gallery-1-15049\" loading=\"lazy\" srcset=\"https:\/\/dinkpickleball.com\/wp-content\/uploads\/2023\/07\/pickleball-bands.jpg 930w, https:\/\/dinkpickleball.com\/wp-content\/uploads\/2023\/07\/pickleball-bands-300x300.jpg 300w, https:\/\/dinkpickleball.com\/wp-content\/uploads\/2023\/07\/pickleball-bands-150x150.jpg 150w, https:\/\/dinkpickleball.com\/wp-content\/uploads\/2023\/07\/pickleball-bands-768x768.jpg 768w, https:\/\/dinkpickleball.com\/wp-content\/uploads\/2023\/07\/pickleball-bands-600x600.jpg 600w, https:\/\/dinkpickleball.com\/wp-content\/uploads\/2023\/07\/pickleball-bands-100x100.jpg 100w\" sizes=\"auto, (max-width: 930px) 100vw, 930px\" \/><\/a><figcaption class='wp-caption-text gallery-caption' id='gallery-1-15049'>\n\t\t\t\tbandas de pickleball<br \/>\n\t\t\t\t<\/figcaption><\/figure>\n<h2>Eleve o seu neg\u00f3cio a novos patamares<\/h2>\n<p>Estamos entusiasmados por poder ajud\u00e1-lo a criar experi\u00eancias vencedoras para os seus clientes. A melhor escolha para retalhistas de equipamento desportivo, empresas de produtos promocionais, clientes empresariais e servi\u00e7os de personaliza\u00e7\u00e3o.<\/p>\n<h3>\n\t\t\t\t\t\tAjuste universal<br \/>\n\t\t\t\t<\/h3>\n<p>\n\t\t\t\t\t\tTamanho \u00fanico! As nossas bandas foram concebidas para se adaptarem a qualquer raquete de pickleball, o que as torna uma escolha vers\u00e1til para uma vasta gama de equipamentos.\n\t\t\t\t\t<\/p>\n<h3>\n\t\t\t\t\t\tVisibilidade da marca<br \/>\n\t\t\t\t<\/h3>\n<p>\n\t\t\t\t\t\tReforce a presen\u00e7a da sua marca em todos os jogos! As nossas bandas personalizadas permitem-lhe adicionar o seu log\u00f3tipo, texto ou qualquer desenho, transformando cada raquete num outdoor ambulante para a sua marca.\t\t\t\t\t<\/p>\n<h3>\n\t\t\t\t\t\tF\u00e1cil de instalar<br \/>\n\t\t\t\t<\/h3>\n<p>\n\t\t\t\t\t\tCom uma elasticidade de primeira qualidade, as nossas faixas de aperto de raquete de pickleball personalizadas de acordo com as suas prefer\u00eancias s\u00e3o f\u00e1ceis de instalar, poupando-lhe tempo e esfor\u00e7o.\t\t\t\t\t<\/p>\n<h3>\n\t\t\t\t\t\tDurabilidade sem paralelo<br \/>\n\t\t\t\t<\/h3>\n<p>\n\t\t\t\t\t\tA DinkPickleball oferece uma durabilidade que muda o jogo com as nossas bandas de aperto de pickleball personalizadas. Feitas para resistir a jogos rigorosos, as nossas bandas garantem uma vida \u00fatil mais longa para as suas raquetes.\t\t\t\t\t<\/p>\n<h3>\n\t\t\t\t\t\tEst\u00e9tica \u00e0 medida<br \/>\n\t\t\t\t<\/h3>\n<p>\n\t\t\t\t\t\tPersonalize o aspeto do seu equipamento de pickleball com as bandas personalizadas para raquetes de pickleball da DinkPickleball. Personalize as cores de acordo com a sua marca, equipa ou tema do evento para obter um apelo \u00fanico.\t\t\t\t\t<\/p>\n<h3>\n\t\t\t\t\t\tT\u00e9cnicas de impress\u00e3o avan\u00e7adas<br \/>\n\t\t\t\t<\/h3>\n<p>\n\t\t\t\t\t\tNa DinkPickleball, utilizamos a impress\u00e3o em tampografia ou em relevo para obter desenhos n\u00edtidos e vibrantes e detalhes para um toque de luxo. Estas faixas n\u00e3o s\u00e3o apenas funcionais, s\u00e3o tamb\u00e9m uma afirma\u00e7\u00e3o de estilo.\t\t\t\t\t<\/p>\n<figure><img decoding=\"async\" src=\"https:\/\/dinkpickleball.com\/wp-content\/uploads\/2022\/06\/onix.png\" alt=\"onix\" \/><\/figure>\n<figure><img decoding=\"async\" src=\"https:\/\/dinkpickleball.com\/wp-content\/uploads\/2022\/06\/Diadem-logo.png\" alt=\"Log\u00f3tipo Diadem\" \/><\/figure>\n<figure><img decoding=\"async\" src=\"https:\/\/dinkpickleball.com\/wp-content\/uploads\/2022\/06\/Gamma.png\" alt=\"Gama\" \/><\/figure>\n<figure><img decoding=\"async\" src=\"https:\/\/dinkpickleball.com\/wp-content\/uploads\/2022\/06\/Paddletek.png\" alt=\"Paddletek\" \/><\/figure>\n<figure><img decoding=\"async\" src=\"https:\/\/dinkpickleball.com\/wp-content\/uploads\/2023\/04\/RECESS-logo.png\" alt=\"Log\u00f3tipo RECESS\" \/><\/figure>\n<figure><img decoding=\"async\" src=\"https:\/\/dinkpickleball.com\/wp-content\/uploads\/2023\/04\/CRBN-logo.png\" alt=\"Log\u00f3tipo do CRBN\" \/><\/figure>\n<figure><img decoding=\"async\" src=\"https:\/\/dinkpickleball.com\/wp-content\/uploads\/2023\/04\/STIGA-logo.png\" alt=\"Log\u00f3tipo STIGA\" \/><\/figure>\n<figure><img decoding=\"async\" src=\"https:\/\/dinkpickleball.com\/wp-content\/uploads\/2022\/06\/niupipo.png\" alt=\"niupipo\" \/><\/figure>\n<h2>O seu melhor parceiro no mercado global de Pickleball<\/h2>\n<p>Descubra as vantagens inigual\u00e1veis da parceria com a DinkPickleball, um fabricante l\u00edder de bandas de pickleball personalizadas concebidas para satisfazer as necessidades dos retalhistas de equipamento desportivo, empresas de produtos promocionais, clientes empresariais e servi\u00e7os de personaliza\u00e7\u00e3o.\u00a0<\/p>\n<p>\t\t\t\t\t\t\t\t\t\t\t\t<img decoding=\"async\" src=\"https:\/\/dinkpickleball.com\/wp-content\/uploads\/2023\/04\/Premium-Quality-Products.jpg\" title=\"Produtos de qualidade superior\" alt=\"Produtos de qualidade superior\" loading=\"lazy\" \/>\t\t\t\t\t\t\t\t\t\t\t\t\t\t<\/p>\n<h3>Procura tempos de execu\u00e7\u00e3o r\u00e1pidos sem sacrificar a qualidade?<\/h3>\n<p>A DinkPickleball orgulha-se dos seus processos de produ\u00e7\u00e3o eficientes, o que significa que recebe as suas fitas de pickleball personalizadas e de alta qualidade exatamente quando precisa delas. Diga adeus aos atrasos nas encomendas.<\/p>\n<p>\t\t\t<a role=\"button\"><br \/>\n\t\t\t\t\t\tObter um or\u00e7amento imediato<br \/>\n\t\t\t\t\t<\/a><br \/>\n\t\t\t\t\t\t\t\t\t\t\t\t<img decoding=\"async\" src=\"https:\/\/dinkpickleball.com\/wp-content\/uploads\/2023\/04\/Proven-Track-Record.jpg\" title=\"Hist\u00f3rico comprovado\" alt=\"Hist\u00f3rico comprovado\" loading=\"lazy\" \/>\t\t\t\t\t\t\t\t\t\t\t\t\t\t<\/p>\n<h3>Quer destacar-se da multid\u00e3o?<\/h3>\n<p>A DinkPickleball utiliza t\u00e9cnicas avan\u00e7adas de impress\u00e3o em tampografia e relevo para criar braceletes que marcam o seu estilo. Experimente a diferen\u00e7a em termos de detalhe e vibra\u00e7\u00e3o connosco!<\/p>\n<p>\t\t\t<a role=\"button\"><br \/>\n\t\t\t\t\t\tObter um or\u00e7amento imediato<br \/>\n\t\t\t\t\t<\/a><br \/>\n\t\t\t\t\t\t\t\t\t\t\t\t<img decoding=\"async\" src=\"https:\/\/dinkpickleball.com\/wp-content\/uploads\/2023\/04\/Adaptability-and-Responsiveness-to-Market.jpeg\" title=\"Adaptabilidade e capacidade de resposta ao mercado\" alt=\"Adaptabilidade e capacidade de resposta ao mercado\" loading=\"lazy\" \/>\t\t\t\t\t\t\t\t\t\t\t\t\t\t<\/p>\n<h3>Precisa de um fornecedor que compreenda a import\u00e2ncia da sua marca?<\/h3>\n<p>Na DinkPickleball, n\u00e3o nos limitamos a fabricar bandas de pickleball - criamos solu\u00e7\u00f5es de branding. Com op\u00e7\u00f5es para adicionar log\u00f3tipos, texto ou desenhos, ajudamos a tornar a sua marca mais vis\u00edvel e impactante.<\/p>\n<p>\t\t\t<a role=\"button\"><br \/>\n\t\t\t\t\t\tObter um or\u00e7amento imediato<br \/>\n\t\t\t\t\t<\/a><br \/>\n\t\t\t\t\t\t\t\t\t\t\t\t<img decoding=\"async\" src=\"https:\/\/dinkpickleball.com\/wp-content\/uploads\/2023\/04\/Collaborative-Approach-.jpeg\" title=\"Abordagem colaborativa\" alt=\"Abordagem colaborativa\" loading=\"lazy\" \/>\t\t\t\t\t\t\t\t\t\t\t\t\t\t<\/p>\n<h3>Deseja trabalhar com um fabricante que valoriza a sua empresa tanto quanto voc\u00ea?<\/h3>\n<p>Com a DinkPickleball, o cliente \u00e9 mais do que um simples cliente - \u00e9 um parceiro valioso. Trabalhamos em estreita colabora\u00e7\u00e3o consigo para compreender as suas necessidades e fornecer solu\u00e7\u00f5es que conduzam ao seu sucesso. Fa\u00e7a uma parceria connosco e experimente a diferen\u00e7a da DinkPickleball!<\/p>\n<p>\t\t\t<a role=\"button\"><br \/>\n\t\t\t\t\t\tObter um or\u00e7amento imediato<br \/>\n\t\t\t\t\t<\/a><\/p>\n<h2>FAQ<\/h2>\n<p>Para os segmentos de clientes-alvo de retalhistas de equipamento desportivo, empresas de produtos promocionais, clientes empresariais e servi\u00e7os de personaliza\u00e7\u00e3o, eis algumas perguntas frequentes (FAQs) que poder\u00e3o ter ao considerar a compra de Bandas de Pickleball Personalizadas.<\/p>\n<p>                        <a href=\"#collapse-a767ad6650c4fd147238\" data-ekit-toggle=\"collapse\" data-target=\"#Collapse-a767ad6650c4fd147238\" aria-expanded=\"true\" aria-controls=\"Collapse-a767ad6650c4fd147238\"><br \/>\n                            P: Podemos previsualizar o nosso produto antes de este entrar em produ\u00e7\u00e3o?<br \/>\n                                        <!-- Normal Icon --><br \/>\n                                        <!-- Active Icon --><br \/>\n                                                    <\/a><\/p>\n<p>R: Sim, oferecemos a possibilidade de previsualizar as suas faixas de pickleball personalizadas. Isto permite-lhe garantir que tudo corresponde \u00e0s suas expectativas antes do in\u00edcio do processo de fabrico.<\/p>\n<p>                <!-- .elementskit-card END --><br \/>\n                        <a href=\"#collapse-bc22830650c4fd147238\" data-ekit-toggle=\"collapse\" data-target=\"#Collapse-bc22830650c4fd147238\" aria-expanded=\"false\" aria-controls=\"Collapse-bc22830650c4fd147238\"><br \/>\n                            P: Qual \u00e9 a quantidade m\u00ednima de encomenda para encomendas personalizadas?<br \/>\n                                        <!-- Normal Icon --><br \/>\n                                        <!-- Active Icon --><br \/>\n                                                    <\/a><\/p>\n<p>R: As nossas quantidades m\u00ednimas de encomenda foram concebidas para serem flex\u00edveis, de modo a satisfazer as diferentes necessidades dos nossos clientes. Contacte-nos diretamente para obter n\u00fameros espec\u00edficos.<\/p>\n<p>                <!-- .elementskit-card END --><br \/>\n                        <a href=\"#collapse-8417e71650c4fd147238\" data-ekit-toggle=\"collapse\" data-target=\"#Collapse-8417e71650c4fd147238\" aria-expanded=\"false\" aria-controls=\"Collapse-8417e71650c4fd147238\"><br \/>\n                            P: Como podemos personalizar as cores e adicionar o nosso log\u00f3tipo ou texto \u00e0s bandas?<br \/>\n                                        <!-- Normal Icon --><br \/>\n                                        <!-- Active Icon --><br \/>\n                                                    <\/a><\/p>\n<p>R: Assim que a sua encomenda for efectuada, a nossa equipa de design trabalhar\u00e1 consigo para criar os seus designs personalizados. Poder\u00e1 escolher as cores e adicionar quaisquer log\u00f3tipos, texto ou elementos de design que deseje.<\/p>\n<p>                <!-- .elementskit-card END --><br \/>\n                        <a href=\"#collapse-3dad4e0650c4fd147238\" data-ekit-toggle=\"collapse\" data-target=\"#Collapse-3dad4e0650c4fd147238\" aria-expanded=\"false\" aria-controls=\"Collapse-3dad4e0650c4fd147238\"><br \/>\n                            P: Qual \u00e9 o prazo de produ\u00e7\u00e3o para encomendas personalizadas?<br \/>\n                                        <!-- Normal Icon --><br \/>\n                                        <!-- Active Icon --><br \/>\n                                                    <\/a><\/p>\n<p>R: Os prazos de produ\u00e7\u00e3o variam consoante o tamanho da encomenda e a complexidade do desenho. No entanto, orgulhamo-nos dos nossos prazos de entrega r\u00e1pidos. Contacte-nos para obter uma estimativa mais precisa.<\/p>\n<p>                <!-- .elementskit-card END --><\/p>","protected":false},"excerpt":{"rendered":"<p>Custom Pickleball Bands Seeking a unique branding opportunity in the sports field? With DinkPickleball&#8217;s Custom Pickleball Bands, transform your logo, text, or design into an integral part of every game. Let your brand be seen with every swing! Get Quick Quote Make Your Mark with Every Swing Amplify your brand&#8217;s visibility with our customizable pickleball [&hellip;]<\/p>\n","protected":false},"author":1,"featured_media":0,"parent":0,"menu_order":0,"comment_status":"closed","ping_status":"closed","template":"","meta":{"_seopress_robots_primary_cat":"","_seopress_titles_title":"Custom Pickleball Bands","_seopress_titles_desc":"With DinkPickleball&#039;s Custom Pickleball Bands, transform your logo, text, or design into an integral part of every game. Let your brand be seen with every swing!","_seopress_robots_index":"","footnotes":""},"class_list":["post-15000","page","type-page","status-publish","hentry"],"meta_box":[],"_links":{"self":[{"href":"https:\/\/dinkpickleball.com\/pt\/wp-json\/wp\/v2\/pages\/15000","targetHints":{"allow":["GET"]}}],"collection":[{"href":"https:\/\/dinkpickleball.com\/pt\/wp-json\/wp\/v2\/pages"}],"about":[{"href":"https:\/\/dinkpickleball.com\/pt\/wp-json\/wp\/v2\/types\/page"}],"author":[{"embeddable":true,"href":"https:\/\/dinkpickleball.com\/pt\/wp-json\/wp\/v2\/users\/1"}],"replies":[{"embeddable":true,"href":"https:\/\/dinkpickleball.com\/pt\/wp-json\/wp\/v2\/comments?post=15000"}],"version-history":[{"count":50,"href":"https:\/\/dinkpickleball.com\/pt\/wp-json\/wp\/v2\/pages\/15000\/revisions"}],"predecessor-version":[{"id":16267,"href":"https:\/\/dinkpickleball.com\/pt\/wp-json\/wp\/v2\/pages\/15000\/revisions\/16267"}],"wp:attachment":[{"href":"https:\/\/dinkpickleball.com\/pt\/wp-json\/wp\/v2\/media?parent=15000"}],"curies":[{"name":"wp","href":"https:\/\/api.w.org\/{rel}","templated":true}]}}