{"id":14808,"date":"2023-07-11T07:36:50","date_gmt":"2023-07-10T23:36:50","guid":{"rendered":"https:\/\/dinkpickleball.com\/?page_id=14808"},"modified":"2025-01-13T22:04:22","modified_gmt":"2025-01-13T14:04:22","slug":"custom-pickleball-balls","status":"publish","type":"page","link":"https:\/\/dinkpickleball.com\/pt\/custom-pickleball-balls\/","title":{"rendered":"Bolas de Pickleball personalizadas"},"content":{"rendered":"<h1>Bolas de Pickleball personalizadas<\/h1>\n<h3>Concebidas para cumprir as normas da USAPA, as nossas bolas proporcionam um desempenho consistente e melhoram a sua marca a um pre\u00e7o de f\u00e1brica a granel.<\/h3>\n<p>\t\t\t<a role=\"button\"><br \/>\n\t\t\t\t\t\tOBTER UM OR\u00c7AMENTO<br \/>\n\t\t\t\t\t<\/a><br \/>\n\t\t\t\t\t\t\t\t\t\t\t\t<img decoding=\"async\" width=\"500\" height=\"500\" src=\"https:\/\/dinkpickleball.com\/wp-content\/uploads\/2022\/06\/custom-pickleball-ball.png\" alt=\"bola de pickleball personalizada\" loading=\"lazy\" srcset=\"https:\/\/dinkpickleball.com\/wp-content\/uploads\/2022\/06\/custom-pickleball-ball.png 500w, https:\/\/dinkpickleball.com\/wp-content\/uploads\/2022\/06\/custom-pickleball-ball-300x300.png 300w, https:\/\/dinkpickleball.com\/wp-content\/uploads\/2022\/06\/custom-pickleball-ball-150x150.png 150w, https:\/\/dinkpickleball.com\/wp-content\/uploads\/2022\/06\/custom-pickleball-ball-100x100.png 100w, https:\/\/dinkpickleball.com\/wp-content\/uploads\/2022\/06\/elementor\/thumbs\/custom-pickleball-ball-pq3a0g1h697msdprdorg1i8bur38posx8ahar5tv34.png 400w\" sizes=\"auto, (max-width: 500px) 100vw, 500px\" \/>\t\t\t\t\t\t\t\t\t\t\t\t\t\t<\/p>\n<h2>Compreender-te<\/h2>\n<p>Compreendemos que a sua marca \u00e9 \u00fanica. As nossas bolas de pickleball personalizadas s\u00e3o uma extens\u00e3o da sua marca, um meio de comunicar os seus valores e de estabelecer uma liga\u00e7\u00e3o com o seu p\u00fablico. Estamos empenhados em garantir que cada design personalizado d\u00e1 vida \u00e0 sua marca.<\/p>\n<p>\t\t\t<a role=\"button\"><br \/>\n\t\t\t\t\t\tOBTER UM OR\u00c7AMENTO<br \/>\n\t\t\t\t\t<\/a><\/p>\n<h2> Qualidade sem compromissos<\/h2>\n<p>A qualidade est\u00e1 no centro das nossas opera\u00e7\u00f5es. As nossas bolas de pickleball personalizadas s\u00e3o concebidas para cumprir as rigorosas normas da USAPA, garantindo um desempenho de topo em todos os jogos, sempre. A sua marca merece o melhor, e n\u00f3s estamos aqui para o fazer.<\/p>\n<p>\t\t\t<a role=\"button\"><br \/>\n\t\t\t\t\t\tOBTER UM OR\u00c7AMENTO<br \/>\n\t\t\t\t\t<\/a><\/p>\n<h2> Pre\u00e7os competitivos<\/h2>\n<p>Na Dinkpickleball, acreditamos que a qualidade superior n\u00e3o deve ser acompanhada de um pre\u00e7o superior. O nosso modelo de pre\u00e7os competitivo oferece-lhe a melhor rela\u00e7\u00e3o qualidade\/pre\u00e7o, ajudando-o a maximizar o seu or\u00e7amento sem comprometer a qualidade ou o design.<\/p>\n<p>\t\t\t<a role=\"button\"><br \/>\n\t\t\t\t\t\tOBTER UM OR\u00c7AMENTO<br \/>\n\t\t\t\t\t<\/a><\/p>\n<figure><img decoding=\"async\" src=\"https:\/\/dinkpickleball.com\/wp-content\/uploads\/2022\/06\/onix.png\" alt=\"onix\" \/><\/figure>\n<figure><img decoding=\"async\" src=\"https:\/\/dinkpickleball.com\/wp-content\/uploads\/2022\/06\/Diadem-logo.png\" alt=\"Log\u00f3tipo Diadem\" \/><\/figure>\n<figure><img decoding=\"async\" src=\"https:\/\/dinkpickleball.com\/wp-content\/uploads\/2022\/06\/Gamma.png\" alt=\"Gama\" \/><\/figure>\n<figure><img decoding=\"async\" src=\"https:\/\/dinkpickleball.com\/wp-content\/uploads\/2022\/06\/Paddletek.png\" alt=\"Paddletek\" \/><\/figure>\n<figure><img decoding=\"async\" src=\"https:\/\/dinkpickleball.com\/wp-content\/uploads\/2023\/04\/RECESS-logo.png\" alt=\"Log\u00f3tipo RECESS\" \/><\/figure>\n<figure><img decoding=\"async\" src=\"https:\/\/dinkpickleball.com\/wp-content\/uploads\/2023\/04\/CRBN-logo.png\" alt=\"Log\u00f3tipo do CRBN\" \/><\/figure>\n<figure><img decoding=\"async\" src=\"https:\/\/dinkpickleball.com\/wp-content\/uploads\/2023\/04\/STIGA-logo.png\" alt=\"Log\u00f3tipo STIGA\" \/><\/figure>\n<figure><img decoding=\"async\" src=\"https:\/\/dinkpickleball.com\/wp-content\/uploads\/2022\/06\/niupipo.png\" alt=\"niupipo\" \/><\/figure>\n<h2>Desempenho not\u00e1vel, design inesquec\u00edvel<\/h2>\n<p>A Dinkpickleball oferece as melhores op\u00e7\u00f5es de personaliza\u00e7\u00e3o da sua classe. Desde log\u00f3tipos e cores a designs e slogans exclusivos, fornecemos op\u00e7\u00f5es abrangentes para garantir que as suas bolas de pickleball personalizadas representam verdadeiramente a sua marca.<\/p>\n<p>                <a ><br \/>\n                    <img decoding=\"async\" width=\"500\" height=\"500\" src=\"https:\/\/dinkpickleball.com\/wp-content\/uploads\/2022\/06\/custom-pickleball-ball-wholesale-3.jpg\" alt=\"bola de pickleball personalizada por atacado 3\" loading=\"lazy\" srcset=\"https:\/\/dinkpickleball.com\/wp-content\/uploads\/2022\/06\/custom-pickleball-ball-wholesale-3.jpg 500w, https:\/\/dinkpickleball.com\/wp-content\/uploads\/2022\/06\/custom-pickleball-ball-wholesale-3-300x300.jpg 300w, https:\/\/dinkpickleball.com\/wp-content\/uploads\/2022\/06\/custom-pickleball-ball-wholesale-3-150x150.jpg 150w, https:\/\/dinkpickleball.com\/wp-content\/uploads\/2022\/06\/custom-pickleball-ball-wholesale-3-100x100.jpg 100w\" sizes=\"auto, (max-width: 500px) 100vw, 500px\" \/><br \/>\n                <\/a><br \/>\n                                                            <a ><br \/>\n                                    OBTER UM OR\u00c7AMENTO                                <\/a><br \/>\n                <a ><br \/>\n                    <img decoding=\"async\" width=\"500\" height=\"500\" src=\"https:\/\/dinkpickleball.com\/wp-content\/uploads\/2022\/06\/custom-pickleball-ball-wholesale-2.jpg\" alt=\"bola de pickleball personalizada por atacado 2\" loading=\"lazy\" srcset=\"https:\/\/dinkpickleball.com\/wp-content\/uploads\/2022\/06\/custom-pickleball-ball-wholesale-2.jpg 500w, https:\/\/dinkpickleball.com\/wp-content\/uploads\/2022\/06\/custom-pickleball-ball-wholesale-2-300x300.jpg 300w, https:\/\/dinkpickleball.com\/wp-content\/uploads\/2022\/06\/custom-pickleball-ball-wholesale-2-150x150.jpg 150w, https:\/\/dinkpickleball.com\/wp-content\/uploads\/2022\/06\/custom-pickleball-ball-wholesale-2-100x100.jpg 100w\" sizes=\"auto, (max-width: 500px) 100vw, 500px\" \/><br \/>\n                <\/a><br \/>\n                                                            <a ><br \/>\n                                    OBTER UM OR\u00c7AMENTO                                <\/a><br \/>\n                <a ><br \/>\n                    <img decoding=\"async\" width=\"500\" height=\"500\" src=\"https:\/\/dinkpickleball.com\/wp-content\/uploads\/2022\/06\/custom-pickleball-ball-wholesale-1.jpg\" alt=\"bola de pickleball personalizada por atacado 1\" loading=\"lazy\" srcset=\"https:\/\/dinkpickleball.com\/wp-content\/uploads\/2022\/06\/custom-pickleball-ball-wholesale-1.jpg 500w, https:\/\/dinkpickleball.com\/wp-content\/uploads\/2022\/06\/custom-pickleball-ball-wholesale-1-300x300.jpg 300w, https:\/\/dinkpickleball.com\/wp-content\/uploads\/2022\/06\/custom-pickleball-ball-wholesale-1-150x150.jpg 150w, https:\/\/dinkpickleball.com\/wp-content\/uploads\/2022\/06\/custom-pickleball-ball-wholesale-1-100x100.jpg 100w\" sizes=\"auto, (max-width: 500px) 100vw, 500px\" \/><br \/>\n                <\/a><br \/>\n                                                            <a ><br \/>\n                                    OBTER UM OR\u00c7AMENTO                                <\/a><br \/>\n\t\t\t\t\t\t\t\t\t\t\t\t<img decoding=\"async\" width=\"800\" height=\"1200\" src=\"https:\/\/dinkpickleball.com\/wp-content\/uploads\/2023\/07\/custom-pickleball.jpg\" alt=\"pickleball personalizado\" loading=\"lazy\" srcset=\"https:\/\/dinkpickleball.com\/wp-content\/uploads\/2023\/07\/custom-pickleball.jpg 800w, https:\/\/dinkpickleball.com\/wp-content\/uploads\/2023\/07\/custom-pickleball-200x300.jpg 200w, https:\/\/dinkpickleball.com\/wp-content\/uploads\/2023\/07\/custom-pickleball-683x1024.jpg 683w, https:\/\/dinkpickleball.com\/wp-content\/uploads\/2023\/07\/custom-pickleball-768x1152.jpg 768w, https:\/\/dinkpickleball.com\/wp-content\/uploads\/2023\/07\/custom-pickleball-600x900.jpg 600w\" sizes=\"auto, (max-width: 800px) 100vw, 800px\" \/>\t\t\t\t\t\t\t\t\t\t\t\t\t\t<\/p>\n<h2>Como personalizar<\/h2>\n<h3>\n\t\t\t\t\t\tConce\u00e7\u00e3o e consulta<br \/>\n\t\t\t\t<\/h3>\n<p>\n\t\t\t\t\t\tCome\u00e7amos com uma consulta exaustiva para compreender a sua vis\u00e3o. Pode escolher entre uma variedade de op\u00e7\u00f5es, incluindo cores, estilos (sem costuras ou com soldadura) e m\u00e9todos de impress\u00e3o (impress\u00e3o UV ou laser). Ajudamo-lo em todas as fases do processo para garantir que o design final reflecte a identidade da sua marca e corresponde \u00e0s suas expectativas.\t\t\t\t\t<\/p>\n<h3>\n\t\t\t\t\t\tAmostras<br \/>\n\t\t\t\t<\/h3>\n<p>\n\t\t\t\t\t\tAcreditamos numa abordagem \"sem surpresas\". Assim que o design \u00e9 finalizado, criamos uma amostra da sua bola de pickleball personalizada. Isto permite-lhe experimentar o aspeto e a sensa\u00e7\u00e3o do produto antes do in\u00edcio da produ\u00e7\u00e3o em grande escala. \u00c9 tamb\u00e9m uma oportunidade para fazer quaisquer ajustes finais para garantir que tudo est\u00e1 correto.\t\t\t\t\t<\/p>\n<h3>\n\t\t\t\t\t\tPacote personalizado<br \/>\n\t\t\t\t<\/h3>\n<p>\n\t\t\t\t\t\tOferecemos consultoria e orienta\u00e7\u00e3o sobre embalagens adaptadas \u00e0s suas necessidades. Quer se destine a retalhistas, distribuidores, escolas, equipas desportivas ou organiza\u00e7\u00f5es sem fins lucrativos, ajudamo-lo a criar embalagens que se identifiquem com o seu p\u00fablico-alvo e melhorem a identidade da sua marca, tudo isto dentro do seu or\u00e7amento.\t\t\t\t\t<\/p>\n<h3>\n\t\t\t\t\t\tProdu\u00e7\u00e3o e entrega<br \/>\n\t\t\t\t<\/h3>\n<p>\n\t\t\t\t\t\tAp\u00f3s a sua aprova\u00e7\u00e3o da amostra e da embalagem, damos in\u00edcio \u00e0 produ\u00e7\u00e3o em grande escala. Utilizando equipamento de ponta e seguindo rigorosas medidas de controlo de qualidade, garantimos que cada bola de pickleball personalizada satisfaz os nossos elevados padr\u00f5es e as suas expectativas. Uma vez conclu\u00edda a produ\u00e7\u00e3o, gerimos eficazmente o processo de entrega, garantindo que a sua encomenda chega sempre a tempo.\t\t\t\t\t<\/p>\n<p>\t\t\t<a role=\"button\"><br \/>\n\t\t\t\t\t\tOBTER UM OR\u00c7AMENTO<br \/>\n\t\t\t\t\t<\/a><\/p>\n<h2>Porqu\u00ea o DinkPickleball<\/h2>\n<h2>Personalizar para se destacar<\/h2>\n<p>Eleve a sua marca com as nossas bolas de pickleball personalizadas. A Dinkpickleball permite-lhe desenhar bolas de pickleball que reflectem a identidade \u00fanica da sua marca. Destaque-se no mercado com bolas de pickleball que s\u00e3o exclusivamente suas.<\/p>\n<h2>Qualidade em que pode confiar<\/h2>\n<p>Quando se trata de bolas de pickleball personalizadas, a qualidade \u00e9 importante. N\u00f3s, na Dinkpickleball, orgulhamo-nos de cumprir as normas da USAPA, assegurando que os seus produtos personalizados cumprem n\u00e3o s\u00f3 o estilo, mas tamb\u00e9m o desempenho.<\/p>\n<h2>Uma experi\u00eancia \u00e0 medida<\/h2>\n<p>Cada cliente \u00e9 \u00fanico, e assim deve ser cada encomenda de bolas de pickleball personalizadas. Na Dinkpickleball, trabalhamos em estreita colabora\u00e7\u00e3o consigo para compreender as suas necessidades espec\u00edficas e fornecer bolas de pickleball que excedam as suas expectativas.<\/p>\n<h2>Impress\u00f5es duradouras e duradouras<\/h2>\n<p>Acreditamos que as bolas de pickle personalizadas n\u00e3o s\u00e3o apenas uma ferramenta de marketing, mas uma declara\u00e7\u00e3o do compromisso da sua marca com a qualidade. Com a Dinkpickleball, obt\u00e9m bolas que s\u00e3o t\u00e3o dur\u00e1veis e fi\u00e1veis como a sua marca promete ser.<\/p>\n<h2>Embalagem personalizada<\/h2>\n<p>Para al\u00e9m do produto, sabemos que a apresenta\u00e7\u00e3o \u00e9 importante. \u00c9 por isso que oferecemos embalagens personalizadas para as suas bolas de pickleball personalizadas, dando aos seus clientes uma experi\u00eancia de desembalagem inesquec\u00edvel que se alinha com a imagem da sua marca.<\/p>\n<h2> Produ\u00e7\u00e3o r\u00e1pida e fi\u00e1vel<\/h2>\n<p>A rapidez \u00e9 crucial no mercado atual. \u00c9 por isso que a Dinkpickleball garante uma produ\u00e7\u00e3o r\u00e1pida e fi\u00e1vel das suas bolas de pickleball personalizadas, assegurando o cumprimento dos prazos sem comprometer a qualidade.<\/p>\n<h2>CERTIFICA\u00c7\u00c3O<\/h2>\n<p>\t\t\t\t\t\t\t\t\t\t\t\t\t\tDeslizamento anterior<br \/>\n\t\t\t\t\t\t\t\t\t\t\t\t\t\tPr\u00f3ximo slide<br \/>\n\t\thttps:\/\/www.youtube.com\/watch?v=Qabfon2h21Mhttps:\/\/www.youtube.com\/watch?v=Ua9srFrvZFg\t\t<\/p>\n<h2>Testemunhos<\/h2>\n<h3>Com a Dinkpickleball, pode esperar produtos excepcionais, pre\u00e7os competitivos e um servi\u00e7o ao cliente excecional.<\/h3>\n<p>\t\t\t\t\t\t\tAs suas bolas de pickleball personalizadas n\u00e3o s\u00e3o apenas produtos, mas extens\u00f5es da nossa marca, cada uma com a nossa identidade distinta. A durabilidade destas bolas \u00e9 um testemunho da aten\u00e7\u00e3o aos pormenores e do empenho da Dinkpickleball em produzir produtos duradouros.<\/p>\n<p>A embalagem personalizada da Dinkpickleball acrescentou um toque extra de profissionalismo, dando aos nossos clientes uma experi\u00eancia inesquec\u00edvel de unboxing. Para qualquer empresa que procure qualidade, fiabilidade e personaliza\u00e7\u00e3o nos seus produtos de pickleball, recomendamos vivamente a Dinkpickleball.<br \/>\n\t\t\t\t\t\t\t<img decoding=\"async\" width=\"150\" height=\"150\" src=\"https:\/\/dinkpickleball.com\/wp-content\/uploads\/2023\/04\/Benjamin-Thompson-150x150.jpg\" alt=\"Benjamin Thompson\" loading=\"lazy\" \/><br \/>\n\t\t\t\t\t\t\t\t\t\t\t\t\t\tBenjamin Thompson<br \/>\n\t\t\t\t\t\t\t\t\t\t\t\t\t\t\t\t\t\t\t\t\t\tDIRECTOR EXECUTIVO<br \/>\n\t\t\t\t\t\t\tA Dinkpickleball foi mais do que um simples fornecedor. Actuou como um verdadeiro parceiro, dedicando tempo a compreender os nossos requisitos \u00fanicos e adaptando os seus servi\u00e7os para os satisfazer. A capacidade de personalizar as nossas bolas de pickleball de acordo com a nossa marca foi um divisor de \u00e1guas, diferenciando-nos no mercado e repercutindo-se profundamente nos nossos clientes.<br \/>\n\t\t\t\t\t\t\t<img decoding=\"async\" width=\"150\" height=\"150\" src=\"https:\/\/dinkpickleball.com\/wp-content\/uploads\/2023\/04\/Amelia-Henderson-150x150.jpg\" alt=\"Am\u00e9lia Henderson\" loading=\"lazy\" \/><br \/>\n\t\t\t\t\t\t\t\t\t\t\t\t\t\tAm\u00e9lia Henderson<br \/>\n\t\t\t\t\t\t\t\t\t\t\t\t\t\t\t\t\t\t\t\t\t\tComprador<br \/>\n\t\t\t\t\t\t\tFic\u00e1mos particularmente impressionados com o processo de produ\u00e7\u00e3o r\u00e1pido e fi\u00e1vel da Dinkpickleball. Apesar da natureza personalizada da nossa encomenda, conseguiram cumprir os nossos prazos apertados sem comprometer a qualidade dos produtos.<br \/>\n\t\t\t\t\t\t\t<img decoding=\"async\" width=\"150\" height=\"150\" src=\"https:\/\/dinkpickleball.com\/wp-content\/uploads\/2023\/04\/Lucas-Martinez-150x150.jpg\" alt=\"Lucas Martinez\" loading=\"lazy\" \/><br \/>\n\t\t\t\t\t\t\t\t\t\t\t\t\t\tLucas Martinez<br \/>\n\t\t\t\t\t\t\t\t\t\t\t\t\t\t\t\t\t\t\t\t\t\tRetalhistas <\/p>\n<h2>FAQ<\/h2>\n<p>Seguem-se algumas perguntas frequentes (FAQs) que os clientes B2B podem ter ao considerar a compra de Bolas de Pickleball Personalizadas:<\/p>\n<p>                        <a href=\"#collapse-bc22830650c4e17c0bcd\" data-ekit-toggle=\"collapse\" data-target=\"#Collapse-bc22830650c4e17c0bcd\" aria-expanded=\"true\" aria-controls=\"Collapse-bc22830650c4e17c0bcd\"><br \/>\n                            As bolas de pickleball personalizadas est\u00e3o em conformidade com as normas da USAPA&#039;s?<br \/>\n                                        <!-- Normal Icon --><br \/>\n                                        <!-- Active Icon --><br \/>\n                                                    <\/a><\/p>\n<p>Sem d\u00favida! Todas as nossas bolas de pickleball cumprem e excedem os rigorosos padr\u00f5es estabelecidos pela USAPA. Estamos empenhados em fornecer produtos da mais alta qualidade para os nossos clientes.<\/p>\n<p>                <!-- .elementskit-card END --><br \/>\n                        <a href=\"#collapse-3dad4e0650c4e17c0bcd\" data-ekit-toggle=\"collapse\" data-target=\"#Collapse-3dad4e0650c4e17c0bcd\" aria-expanded=\"false\" aria-controls=\"Collapse-3dad4e0650c4e17c0bcd\"><br \/>\n                            Que op\u00e7\u00f5es de personaliza\u00e7\u00e3o est\u00e3o dispon\u00edveis para as vossas bolas de pickleball?<br \/>\n                                        <!-- Normal Icon --><br \/>\n                                        <!-- Active Icon --><br \/>\n                                                    <\/a><\/p>\n<p>Oferecemos uma variedade de op\u00e7\u00f5es de personaliza\u00e7\u00e3o, incluindo cor, impress\u00e3o do log\u00f3tipo e elementos de design para se alinharem com a sua marca, evento ou prefer\u00eancia pessoal.<\/p>\n<p>                <!-- .elementskit-card END --><br \/>\n                        <a href=\"#collapse-8417e71650c4e17c0bcd\" data-ekit-toggle=\"collapse\" data-target=\"#Collapse-8417e71650c4e17c0bcd\" aria-expanded=\"false\" aria-controls=\"Collapse-8417e71650c4e17c0bcd\"><br \/>\n                            Qual \u00e9 a durabilidade das bolas de pickleball personalizadas Dinkpickleball&amp;#039?<br \/>\n                                        <!-- Normal Icon --><br \/>\n                                        <!-- Active Icon --><br \/>\n                                                    <\/a><\/p>\n<p>As nossas bolas de pickleball s\u00e3o concebidas a pensar na durabilidade. S\u00e3o feitas para resistir a jogos prolongados, mantendo um desempenho consistente e carater\u00edsticas de ressalto.<\/p>\n<p>                <!-- .elementskit-card END --><br \/>\n                        <a href=\"#collapse-293f4f9650c4e17c0bcd\" data-ekit-toggle=\"collapse\" data-target=\"#Collapse-293f4f9650c4e17c0bcd\" aria-expanded=\"false\" aria-controls=\"Collapse-293f4f9650c4e17c0bcd\"><br \/>\n                            Qual \u00e9 o prazo de entrega das encomendas personalizadas?<br \/>\n                                        <!-- Normal Icon --><br \/>\n                                        <!-- Active Icon --><br \/>\n                                                    <\/a><\/p>\n<p>O nosso prazo de entrega t\u00edpico para encomendas personalizadas varia consoante as especificidades da encomenda, mas esfor\u00e7amo-nos por satisfazer todas as encomendas o mais rapidamente poss\u00edvel. Contacte-nos para obter informa\u00e7\u00f5es mais detalhadas.<\/p>\n<p>                <!-- .elementskit-card END --><br \/>\n                        <a href=\"#collapse-1e5da80650c4e17c0bcd\" data-ekit-toggle=\"collapse\" data-target=\"#Collapse-1e5da80650c4e17c0bcd\" aria-expanded=\"false\" aria-controls=\"Collapse-1e5da80650c4e17c0bcd\"><br \/>\n                            Podem entregar as bolas de pickleball personalizadas em v\u00e1rios locais?<br \/>\n                                        <!-- Normal Icon --><br \/>\n                                        <!-- Active Icon --><br \/>\n                                                    <\/a><\/p>\n<p>Oferecemos entregas em v\u00e1rios locais. Poder\u00e3o ser aplicadas taxas adicionais e recomendamos que contacte o nosso servi\u00e7o de apoio ao cliente para obter informa\u00e7\u00f5es detalhadas.<\/p>\n<p>                <!-- .elementskit-card END --><br \/>\n                        <a href=\"#collapse-a5eda63650c4e17c0bcd\" data-ekit-toggle=\"collapse\" data-target=\"#Collapse-a5eda63650c4e17c0bcd\" aria-expanded=\"false\" aria-controls=\"Collapse-a5eda63650c4e17c0bcd\"><br \/>\n                            E se n\u00e3o estivermos satisfeitos com as bolas que recebemos?<br \/>\n                                        <!-- Normal Icon --><br \/>\n                                        <!-- Active Icon --><br \/>\n                                                    <\/a><\/p>\n<p>\u00a0Na Dinkpickleball, a satisfa\u00e7\u00e3o do cliente \u00e9 a nossa principal prioridade. Se, por qualquer motivo, n\u00e3o estiver satisfeito com a sua encomenda, contacte-nos imediatamente. Trabalharemos consigo para resolver quaisquer problemas ou preocupa\u00e7\u00f5es que possa ter.<\/p>\n<p>                <!-- .elementskit-card END --><\/p>","protected":false},"excerpt":{"rendered":"<p>Custom Pickleball Balls Designed to meet the USAPA standards, our balls provide consistent performance and enhance your brand at a factory price in bulk. GET A QUOTE Understanding You We understand that your brand is unique. Our custom pickleball balls are an extension of your brand, a means of communicating your values and connecting with [&hellip;]<\/p>\n","protected":false},"author":1,"featured_media":0,"parent":0,"menu_order":0,"comment_status":"closed","ping_status":"closed","template":"","meta":{"_seopress_robots_primary_cat":"","_seopress_titles_title":"Custom Pickleball Balls meet the USAPA standards","_seopress_titles_desc":"Designed to meet the USAPA standards, our balls provide consistent performance and enhance your brand at a factory price in bulk.","_seopress_robots_index":"","footnotes":""},"class_list":["post-14808","page","type-page","status-publish","hentry"],"meta_box":[],"_links":{"self":[{"href":"https:\/\/dinkpickleball.com\/pt\/wp-json\/wp\/v2\/pages\/14808","targetHints":{"allow":["GET"]}}],"collection":[{"href":"https:\/\/dinkpickleball.com\/pt\/wp-json\/wp\/v2\/pages"}],"about":[{"href":"https:\/\/dinkpickleball.com\/pt\/wp-json\/wp\/v2\/types\/page"}],"author":[{"embeddable":true,"href":"https:\/\/dinkpickleball.com\/pt\/wp-json\/wp\/v2\/users\/1"}],"replies":[{"embeddable":true,"href":"https:\/\/dinkpickleball.com\/pt\/wp-json\/wp\/v2\/comments?post=14808"}],"version-history":[{"count":48,"href":"https:\/\/dinkpickleball.com\/pt\/wp-json\/wp\/v2\/pages\/14808\/revisions"}],"predecessor-version":[{"id":16260,"href":"https:\/\/dinkpickleball.com\/pt\/wp-json\/wp\/v2\/pages\/14808\/revisions\/16260"}],"wp:attachment":[{"href":"https:\/\/dinkpickleball.com\/pt\/wp-json\/wp\/v2\/media?parent=14808"}],"curies":[{"name":"wp","href":"https:\/\/api.w.org\/{rel}","templated":true}]}}