{"id":14583,"date":"2023-05-11T00:34:23","date_gmt":"2023-05-10T16:34:23","guid":{"rendered":"https:\/\/dinkpickleball.com\/?page_id=14583"},"modified":"2025-01-13T22:09:07","modified_gmt":"2025-01-13T14:09:07","slug":"pickleball-paddle-set","status":"publish","type":"page","link":"https:\/\/dinkpickleball.com\/pt\/pickleball-paddle-set\/","title":{"rendered":"Conjunto de p\u00e1s de pickleball"},"content":{"rendered":"<h1>Conjunto de p\u00e1s de pickleball Fabricante<\/h1>\n<p>Destaque-se no competitivo mercado do Pickleball oferecendo Conjuntos de P\u00e1s de Pickleball personalizados, concebidos para se adequarem ao estilo \u00fanico da sua marca. Na DinkPickleball, especializamo-nos na cria\u00e7\u00e3o de solu\u00e7\u00f5es personalizadas de Pickleball que se repercutem no seu p\u00fablico-alvo, impulsionando as vendas e a satisfa\u00e7\u00e3o dos clientes.<\/p>\n<p>\t\t\t<a role=\"button\"><br \/>\n\t\t\t\t\t\tSolicite o nosso pre\u00e7o mais recente<br \/>\n\t\t\t\t\t<\/a><br \/>\n\t\t\t\t\t\t\t\t\t\t\t\t<img decoding=\"async\" src=\"https:\/\/dinkpickleball.com\/wp-content\/uploads\/2023\/05\/Pickleball-Paddle-Set.png\" title=\"Conjunto de p\u00e1s de pickleball\" alt=\"Conjunto de p\u00e1s de pickleball\" loading=\"lazy\" \/>\t\t\t\t\t\t\t\t\t\t\t\t\t\t<\/p>\n<h2>Desbloquear o potencial de lucro com conjuntos de p\u00e1s de Pickleball personalizados<\/h2>\n<p>Simplifique o seu processo de aprovisionamento com os fi\u00e1veis conjuntos de p\u00e1s de Pickleball da DinkPickleball. Como uma f\u00e1brica e fabricante l\u00edder na China, oferecemos MOQs flex\u00edveis, pre\u00e7os competitivos e entrega eficiente para os EUA, Canad\u00e1, Austr\u00e1lia e outros pa\u00edses. Seja nosso parceiro e desfrute de um servi\u00e7o e apoio sem paralelo para as suas necessidades comerciais de Pickleball.<\/p>\n<p>                    <img loading=\"lazy\" decoding=\"async\" width=\"800\" height=\"800\" src=\"https:\/\/dinkpickleball.com\/wp-content\/uploads\/2023\/05\/Pickleball-Sets-6.jpg\" alt=\"Conjuntos de Pickleball 6\" srcset=\"https:\/\/dinkpickleball.com\/wp-content\/uploads\/2023\/05\/Pickleball-Sets-6.jpg 800w, https:\/\/dinkpickleball.com\/wp-content\/uploads\/2023\/05\/Pickleball-Sets-6-300x300.jpg 300w, https:\/\/dinkpickleball.com\/wp-content\/uploads\/2023\/05\/Pickleball-Sets-6-150x150.jpg 150w, https:\/\/dinkpickleball.com\/wp-content\/uploads\/2023\/05\/Pickleball-Sets-6-768x768.jpg 768w, https:\/\/dinkpickleball.com\/wp-content\/uploads\/2023\/05\/Pickleball-Sets-6-600x600.jpg 600w, https:\/\/dinkpickleball.com\/wp-content\/uploads\/2023\/05\/Pickleball-Sets-6-100x100.jpg 100w\" sizes=\"auto, (max-width: 800px) 100vw, 800px\" \/><br \/>\n                                                            <a ><br \/>\n                                    Enviar inqu\u00e9rito agora                                <\/a><br \/>\n                    <img loading=\"lazy\" decoding=\"async\" width=\"800\" height=\"800\" src=\"https:\/\/dinkpickleball.com\/wp-content\/uploads\/2023\/05\/Pickleball-Sets-5.jpg\" alt=\"Conjuntos de Pickleball 5\" srcset=\"https:\/\/dinkpickleball.com\/wp-content\/uploads\/2023\/05\/Pickleball-Sets-5.jpg 800w, https:\/\/dinkpickleball.com\/wp-content\/uploads\/2023\/05\/Pickleball-Sets-5-300x300.jpg 300w, https:\/\/dinkpickleball.com\/wp-content\/uploads\/2023\/05\/Pickleball-Sets-5-150x150.jpg 150w, https:\/\/dinkpickleball.com\/wp-content\/uploads\/2023\/05\/Pickleball-Sets-5-768x768.jpg 768w, https:\/\/dinkpickleball.com\/wp-content\/uploads\/2023\/05\/Pickleball-Sets-5-600x600.jpg 600w, https:\/\/dinkpickleball.com\/wp-content\/uploads\/2023\/05\/Pickleball-Sets-5-100x100.jpg 100w\" sizes=\"auto, (max-width: 800px) 100vw, 800px\" \/><br \/>\n                                                            <a ><br \/>\n                                    Enviar inqu\u00e9rito agora                                <\/a><br \/>\n                    <img loading=\"lazy\" decoding=\"async\" width=\"800\" height=\"800\" src=\"https:\/\/dinkpickleball.com\/wp-content\/uploads\/2023\/05\/Pickleball-Sets-1.jpg\" alt=\"Conjuntos de Pickleball 1\" srcset=\"https:\/\/dinkpickleball.com\/wp-content\/uploads\/2023\/05\/Pickleball-Sets-1.jpg 800w, https:\/\/dinkpickleball.com\/wp-content\/uploads\/2023\/05\/Pickleball-Sets-1-300x300.jpg 300w, https:\/\/dinkpickleball.com\/wp-content\/uploads\/2023\/05\/Pickleball-Sets-1-150x150.jpg 150w, https:\/\/dinkpickleball.com\/wp-content\/uploads\/2023\/05\/Pickleball-Sets-1-768x768.jpg 768w, https:\/\/dinkpickleball.com\/wp-content\/uploads\/2023\/05\/Pickleball-Sets-1-600x600.jpg 600w, https:\/\/dinkpickleball.com\/wp-content\/uploads\/2023\/05\/Pickleball-Sets-1-100x100.jpg 100w\" sizes=\"auto, (max-width: 800px) 100vw, 800px\" \/><br \/>\n                                                            <a ><br \/>\n                                    Enviar inqu\u00e9rito agora                                <\/a><br \/>\n                    <img loading=\"lazy\" decoding=\"async\" width=\"800\" height=\"800\" src=\"https:\/\/dinkpickleball.com\/wp-content\/uploads\/2023\/05\/Pickleball-Sets-2.jpg\" alt=\"Conjuntos de Pickleball 2\" srcset=\"https:\/\/dinkpickleball.com\/wp-content\/uploads\/2023\/05\/Pickleball-Sets-2.jpg 800w, https:\/\/dinkpickleball.com\/wp-content\/uploads\/2023\/05\/Pickleball-Sets-2-300x300.jpg 300w, https:\/\/dinkpickleball.com\/wp-content\/uploads\/2023\/05\/Pickleball-Sets-2-150x150.jpg 150w, https:\/\/dinkpickleball.com\/wp-content\/uploads\/2023\/05\/Pickleball-Sets-2-768x768.jpg 768w, https:\/\/dinkpickleball.com\/wp-content\/uploads\/2023\/05\/Pickleball-Sets-2-600x600.jpg 600w, https:\/\/dinkpickleball.com\/wp-content\/uploads\/2023\/05\/Pickleball-Sets-2-100x100.jpg 100w\" sizes=\"auto, (max-width: 800px) 100vw, 800px\" \/><br \/>\n                                                            <a ><br \/>\n                                    Enviar inqu\u00e9rito agora                                <\/a><br \/>\n                    <img loading=\"lazy\" decoding=\"async\" width=\"800\" height=\"800\" src=\"https:\/\/dinkpickleball.com\/wp-content\/uploads\/2023\/05\/Pickleball-Sets-4.jpg\" alt=\"Conjuntos de Pickleball 4\" srcset=\"https:\/\/dinkpickleball.com\/wp-content\/uploads\/2023\/05\/Pickleball-Sets-4.jpg 800w, https:\/\/dinkpickleball.com\/wp-content\/uploads\/2023\/05\/Pickleball-Sets-4-300x300.jpg 300w, https:\/\/dinkpickleball.com\/wp-content\/uploads\/2023\/05\/Pickleball-Sets-4-150x150.jpg 150w, https:\/\/dinkpickleball.com\/wp-content\/uploads\/2023\/05\/Pickleball-Sets-4-768x768.jpg 768w, https:\/\/dinkpickleball.com\/wp-content\/uploads\/2023\/05\/Pickleball-Sets-4-600x600.jpg 600w, https:\/\/dinkpickleball.com\/wp-content\/uploads\/2023\/05\/Pickleball-Sets-4-100x100.jpg 100w\" sizes=\"auto, (max-width: 800px) 100vw, 800px\" \/><br \/>\n                                                            <a ><br \/>\n                                    Enviar inqu\u00e9rito agora                                <\/a><br \/>\n                    <img loading=\"lazy\" decoding=\"async\" width=\"800\" height=\"800\" src=\"https:\/\/dinkpickleball.com\/wp-content\/uploads\/2023\/05\/Pickleball-Sets-3.jpg\" alt=\"Conjuntos de Pickleball 3\" srcset=\"https:\/\/dinkpickleball.com\/wp-content\/uploads\/2023\/05\/Pickleball-Sets-3.jpg 800w, https:\/\/dinkpickleball.com\/wp-content\/uploads\/2023\/05\/Pickleball-Sets-3-300x300.jpg 300w, https:\/\/dinkpickleball.com\/wp-content\/uploads\/2023\/05\/Pickleball-Sets-3-150x150.jpg 150w, https:\/\/dinkpickleball.com\/wp-content\/uploads\/2023\/05\/Pickleball-Sets-3-768x768.jpg 768w, https:\/\/dinkpickleball.com\/wp-content\/uploads\/2023\/05\/Pickleball-Sets-3-600x600.jpg 600w, https:\/\/dinkpickleball.com\/wp-content\/uploads\/2023\/05\/Pickleball-Sets-3-100x100.jpg 100w\" sizes=\"auto, (max-width: 800px) 100vw, 800px\" \/><br \/>\n                                                            <a ><br \/>\n                                    Enviar inqu\u00e9rito agora                                <\/a><\/p>\n<h2>Conjunto de Pickleball personalizado - Melhore o jogo dos seus clientes<\/h2>\n<p>Ofere\u00e7a-lhes os conjuntos de p\u00e1s de Pickleball de primeira qualidade da DinkPickleball, fabricados de acordo com as normas da USAPA. Como fabricante de confian\u00e7a, garantimos a mais elevada qualidade e desempenho para o seu neg\u00f3cio de retalho ou distribui\u00e7\u00e3o. Fa\u00e7a com que a sua marca seja sin\u00f3nimo de excel\u00eancia ao associar-se \u00e0 DinkPickleball!<\/p>\n<p>\t\t\t\t\t\t\t\t\t\t\t\t<img decoding=\"async\" src=\"https:\/\/dinkpickleball.com\/wp-content\/uploads\/2023\/04\/Thermoformed-Edges.jpg\" title=\"Cantos termoformados\" alt=\"Cantos termoformados\" loading=\"lazy\" \/>\t\t\t\t\t\t\t\t\t\t\t\t\t\t<\/p>\n<h3>Conjuntos completos de Pickleball<\/h3>\n<p>A DinkPickleball oferece uma variedade de Conjuntos de Pickleball, incluindo o Conjunto de P\u00e1s de Pickleball, o Kit de Pickleball, o Conjunto de Pickleball com Rede, o Conjunto Inicial de Pickleball e o Conjunto de Pickleball de 4, para jogadores de todos os n\u00edveis.<\/p>\n<p>\t\t\t<a role=\"button\"><br \/>\n\t\t\t\t\t\tObter um or\u00e7amento imediato<br \/>\n\t\t\t\t\t<\/a><br \/>\n\t\t\t\t\t\t\t\t\t\t\t\t<img decoding=\"async\" src=\"https:\/\/dinkpickleball.com\/wp-content\/uploads\/2023\/04\/Premium-Quality-Products.jpg\" title=\"Produtos de qualidade superior\" alt=\"Produtos de qualidade superior\" loading=\"lazy\" \/>\t\t\t\t\t\t\t\t\t\t\t\t\t\t<\/p>\n<h3>P\u00e1s de alta qualidade e em conformidade com a USAPA<\/h3>\n<p>As nossas p\u00e1s de Pickleball cumprem as normas da USAPA, garantindo um excelente desempenho e durabilidade. Escolha entre v\u00e1rios tipos de p\u00e1s de Pickleball, incluindo o conjunto de p\u00e1s de Pickleball em grafite e o conjunto de 4 p\u00e1s de Pickleball.<\/p>\n<p>\t\t\t<a role=\"button\"><br \/>\n\t\t\t\t\t\tObter um or\u00e7amento imediato<br \/>\n\t\t\t\t\t<\/a><br \/>\n\t\t\t\t\t\t\t\t\t\t\t\t<img decoding=\"async\" src=\"https:\/\/dinkpickleball.com\/wp-content\/uploads\/2023\/04\/Exceptional-Customer-Support.jpg\" title=\"Apoio ao cliente excecional\" alt=\"Apoio ao cliente excecional\" loading=\"lazy\" \/>\t\t\t\t\t\t\t\t\t\t\t\t\t\t<\/p>\n<h3>Op\u00e7\u00f5es personaliz\u00e1veis<\/h3>\n<p>Na DinkPickleball, oferecemos Pickleball Paddle Set Of 2, Pickleball Net Set, Pickleball Paddle Set Of 4, e 4 Paddle Pickleball Set, permitindo-lhe personalizar o seu Pickleball Set com base nas suas necessidades espec\u00edficas.<\/p>\n<p>\t\t\t<a role=\"button\"><br \/>\n\t\t\t\t\t\tObter um or\u00e7amento imediato<br \/>\n\t\t\t\t\t<\/a><br \/>\n\t\t\t\t\t\t\t\t\t\t\t\t<img decoding=\"async\" src=\"https:\/\/dinkpickleball.com\/wp-content\/uploads\/2023\/04\/Collaborative-Approach-.jpeg\" title=\"Abordagem colaborativa\" alt=\"Abordagem colaborativa\" loading=\"lazy\" \/>\t\t\t\t\t\t\t\t\t\t\t\t\t\t<\/p>\n<h3>Ideal para principiantes e profissionais<\/h3>\n<p>O nosso conjunto de jogos de Pickleball, conjunto de raquetes de Pickleball e conjuntos de Pickleball para venda s\u00e3o adequados para jogadores de todos os n\u00edveis, incluindo o conjunto de Pickleball para principiantes, conjunto de Pickleball port\u00e1til, kit inicial de Pickleball e conjunto de Pickleball para principiantes.<\/p>\n<p>\t\t\t<a role=\"button\"><br \/>\n\t\t\t\t\t\tObter um or\u00e7amento imediato<br \/>\n\t\t\t\t\t<\/a><br \/>\n\t\t\t\t\t\t\t\t\t\t\t\t<img decoding=\"async\" src=\"https:\/\/dinkpickleball.com\/wp-content\/uploads\/2023\/03\/Responsive-Customer-Service.jpg\" title=\"Servi\u00e7o de atendimento ao cliente responsivo\" alt=\"Servi\u00e7o de atendimento ao cliente responsivo\" loading=\"lazy\" \/>\t\t\t\t\t\t\t\t\t\t\t\t\t\t<\/p>\n<h3>Pacotes de grande valor<\/h3>\n<p>A DinkPickleball fornece o Pickleball 4 Paddle Set, Pickleball Set For 2, Pickleball Paddle And Ball Set, Pickleball Court Set, Pickleball Home Set, e Pickleball Paddle Bundles para clientes que procuram grande valor e conveni\u00eancia.<\/p>\n<p>\t\t\t<a role=\"button\"><br \/>\n\t\t\t\t\t\tObter um or\u00e7amento imediato<br \/>\n\t\t\t\t\t<\/a><br \/>\n\t\t\t\t\t\t\t\t\t\t\t\t<img decoding=\"async\" src=\"https:\/\/dinkpickleball.com\/wp-content\/uploads\/2023\/04\/Proven-Track-Record.jpg\" title=\"Hist\u00f3rico comprovado\" alt=\"Hist\u00f3rico comprovado\" loading=\"lazy\" \/>\t\t\t\t\t\t\t\t\t\t\t\t\t\t<\/p>\n<h3>Vasta gama de conjuntos de Pickleball<\/h3>\n<p>Escolha entre uma variedade de op\u00e7\u00f5es, como o Pickle Ball Starter Kit, o Outdoor Pickleball Set, o Pickleball Set With 4 Paddles And Net, o 4 Square Pickleball Game Set e o Pickleball Set 4 Paddles, garantindo que encontra o conjunto perfeito para as suas necessidades.<\/p>\n<p>\t\t\t<a role=\"button\"><br \/>\n\t\t\t\t\t\tObter um or\u00e7amento imediato<br \/>\n\t\t\t\t\t<\/a><br \/>\n\t\t\t\t\t\t\t\t\t\t\t\t<img decoding=\"async\" src=\"https:\/\/dinkpickleball.com\/wp-content\/uploads\/2023\/04\/Extensive-Industry-Experience-and-Expertise.jpeg\" title=\"Vasta experi\u00eancia e especializa\u00e7\u00e3o no sector\" alt=\"Vasta experi\u00eancia e especializa\u00e7\u00e3o no sector\" loading=\"lazy\" \/>\t\t\t\t\t\t\t\t\t\t\t\t\t\t<\/p>\n<h3>Port\u00e1til e f\u00e1cil de instalar<\/h3>\n<p>O nosso conjunto de rede e raquete de Pickleball, conjunto de rede de Pickleball, conjunto de Pickleball para exterior e conjunto port\u00e1til de Pickleball foram concebidos para uma configura\u00e7\u00e3o e portabilidade f\u00e1ceis, permitindo-lhe jogar Pickleball em qualquer altura e em qualquer lugar.<\/p>\n<p>\t\t\t<a role=\"button\"><br \/>\n\t\t\t\t\t\tObter um or\u00e7amento imediato<br \/>\n\t\t\t\t\t<\/a><br \/>\n\t\t\t\t\t\t\t\t\t\t\t\t<img decoding=\"async\" src=\"https:\/\/dinkpickleball.com\/wp-content\/uploads\/2023\/04\/Expertise-in-Manufacturing.jpg\" title=\"Especializa\u00e7\u00e3o em fabrico\" alt=\"Especializa\u00e7\u00e3o em fabrico\" loading=\"lazy\" \/>\t\t\t\t\t\t\t\t\t\t\t\t\t\t<\/p>\n<h3>Fabricante de confian\u00e7a<\/h3>\n<p>Como f\u00e1brica e fabricante na China com 100 funcion\u00e1rios, a DinkPickleball garante uma qualidade de topo, pre\u00e7os competitivos e uma entrega eficiente para retalhistas, distribuidores e marcas que procuram Conjuntos de Pickleball, tornando-nos o seu parceiro de Pickleball de confian\u00e7a.<\/p>\n<p>\t\t\t<a role=\"button\"><br \/>\n\t\t\t\t\t\tObter um or\u00e7amento imediato<br \/>\n\t\t\t\t\t<\/a><\/p>\n<h2>FAQ<\/h2>\n<p>Aqui est\u00e3o algumas perguntas frequentes (FAQs) que os clientes B2B podem ter ao considerar a compra do Conjunto de p\u00e1s de Pickleball:<\/p>\n<p>                        <a href=\"#collapse-a767ad6657675b3df5df\" data-ekit-toggle=\"collapse\" data-target=\"#Collapse-a767ad6657675b3df5df\" aria-expanded=\"true\" aria-controls=\"Collapse-a767ad6657675b3df5df\"><br \/>\n                            Qual \u00e9 a quantidade m\u00ednima de encomenda (MOQ) para os vossos Conjuntos de Pickleball?<br \/>\n                                        <!-- Normal Icon --><br \/>\n                                        <!-- Active Icon --><br \/>\n                                                    <\/a><\/p>\n<p>O MOQ para os nossos Conjuntos de Pickleball varia consoante o produto espec\u00edfico. Contacte-nos para obter mais informa\u00e7\u00f5es sobre o MOQ do conjunto de Pickleball em que est\u00e1 interessado.<\/p>\n<p>                <!-- .elementskit-card END --><br \/>\n                        <a href=\"#collapse-bc22830657675b3df5df\" data-ekit-toggle=\"collapse\" data-target=\"#Collapse-bc22830657675b3df5df\" aria-expanded=\"false\" aria-controls=\"Collapse-bc22830657675b3df5df\"><br \/>\n                            Podemos personalizar os Conjuntos de Pickleball com o log\u00f3tipo e as cores da nossa marca?<br \/>\n                                        <!-- Normal Icon --><br \/>\n                                        <!-- Active Icon --><br \/>\n                                                    <\/a><\/p>\n<p>Sim, oferecemos op\u00e7\u00f5es de personaliza\u00e7\u00e3o para os nossos Conjuntos de Pickleball, incluindo a adi\u00e7\u00e3o do log\u00f3tipo e das cores da sua marca. Indique-nos os seus requisitos de design e n\u00f3s trabalharemos consigo para criar o conjunto de Pickleball personalizado perfeito para a sua marca.<\/p>\n<p>                <!-- .elementskit-card END --><br \/>\n                        <a href=\"#collapse-8417e71657675b3df5df\" data-ekit-toggle=\"collapse\" data-target=\"#Collapse-8417e71657675b3df5df\" aria-expanded=\"false\" aria-controls=\"Collapse-8417e71657675b3df5df\"><br \/>\n                            Quais s\u00e3o as condi\u00e7\u00f5es de pagamento das encomendas de Conjuntos de Pickleball?<br \/>\n                                        <!-- Normal Icon --><br \/>\n                                        <!-- Active Icon --><br \/>\n                                                    <\/a><\/p>\n<p>As nossas condi\u00e7\u00f5es de pagamento para encomendas de Conjuntos de Pickleball s\u00e3o flex\u00edveis e aceitamos v\u00e1rios m\u00e9todos, tais como T\/T, L\/C e PayPal. Por favor, contacte-nos para discutir a melhor op\u00e7\u00e3o de pagamento para as suas necessidades espec\u00edficas.<\/p>\n<p>                <!-- .elementskit-card END --><br \/>\n                        <a href=\"#collapse-3dad4e0657675b3df5df\" data-ekit-toggle=\"collapse\" data-target=\"#Collapse-3dad4e0657675b3df5df\" aria-expanded=\"false\" aria-controls=\"Collapse-3dad4e0657675b3df5df\"><br \/>\n                            Quanto tempo demora a produ\u00e7\u00e3o e a entrega dos Conjuntos de Pickleball?<br \/>\n                                        <!-- Normal Icon --><br \/>\n                                        <!-- Active Icon --><br \/>\n                                                    <\/a><\/p>\n<p>Os prazos de produ\u00e7\u00e3o e entrega dos nossos Conjuntos de Pickleball variam consoante a quantidade da encomenda e os requisitos de personaliza\u00e7\u00e3o. Geralmente, s\u00e3o necess\u00e1rios cerca de 30-45 dias para a produ\u00e7\u00e3o e envio para a sua localiza\u00e7\u00e3o. No entanto, fornecer-lhe-emos um prazo mais preciso com base na sua encomenda espec\u00edfica.<\/p>\n<p>                <!-- .elementskit-card END --><br \/>\n                        <a href=\"#collapse-1e5da80657675b3df5df\" data-ekit-toggle=\"collapse\" data-target=\"#Collapse-1e5da80657675b3df5df\" aria-expanded=\"false\" aria-controls=\"Collapse-1e5da80657675b3df5df\"><br \/>\n                            Podem fornecer amostras dos vossos conjuntos de Pickleball antes de efectuarmos uma encomenda em massa?<br \/>\n                                        <!-- Normal Icon --><br \/>\n                                        <!-- Active Icon --><br \/>\n                                                    <\/a><\/p>\n<p>Sim, podemos fornecer amostras dos nossos conjuntos de Pickleball para sua avalia\u00e7\u00e3o antes de efetuar uma encomenda em massa. Contacte-nos para organizar a entrega da amostra e discutir quaisquer custos associados.<\/p>\n<p>                <!-- .elementskit-card END --><br \/>\n                        <a href=\"#collapse-4e7624f657675b3df5df\" data-ekit-toggle=\"collapse\" data-target=\"#Collapse-4e7624f657675b3df5df\" aria-expanded=\"false\" aria-controls=\"Collapse-4e7624f657675b3df5df\"><br \/>\n                            Os seus conjuntos de Pickleball cumprem as normas da USAPA?<br \/>\n                                        <!-- Normal Icon --><br \/>\n                                        <!-- Active Icon --><br \/>\n                                                    <\/a><\/p>\n<p>Sim, as nossas p\u00e1s de Pickleball cumprem as normas da USAPA, garantindo um desempenho de alta qualidade e fi\u00e1vel para os seus clientes.<\/p>\n<p>                <!-- .elementskit-card END --><br \/>\n                        <a href=\"#collapse-a5eda63657675b3df5df\" data-ekit-toggle=\"collapse\" data-target=\"#Collapse-a5eda63657675b3df5df\" aria-expanded=\"false\" aria-controls=\"Collapse-a5eda63657675b3df5df\"><br \/>\n                            Que op\u00e7\u00f5es de envio oferecem para a exporta\u00e7\u00e3o de Conjuntos de Pickleball para os EUA, Canad\u00e1, Austr\u00e1lia e outros pa\u00edses?<br \/>\n                                        <!-- Normal Icon --><br \/>\n                                        <!-- Active Icon --><br \/>\n                                                    <\/a><\/p>\n<p>Oferecemos v\u00e1rias op\u00e7\u00f5es de envio para satisfazer as suas necessidades, incluindo frete a\u00e9reo, frete mar\u00edtimo e envio expresso. Tamb\u00e9m podemos trabalhar com o seu fornecedor de transporte preferido para garantir uma entrega eficiente e econ\u00f3mica da sua encomenda de Conjuntos de Pickleball.<\/p>\n<p>                <!-- .elementskit-card END --><\/p>","protected":false},"excerpt":{"rendered":"<p>Pickleball Paddle Set Manufacturer Stand out in the competitive Pickleball market by offering tailored Pickleball Paddle Sets, designed to suit your brand&#8217;s unique style. At DinkPickleball, we specialize in creating custom Pickleball solutions that resonate with your target audience, driving sales and customer satisfaction. Request Our Latest Price Unlock Profit Potential with Custom Pickleball Paddle [&hellip;]<\/p>\n","protected":false},"author":1,"featured_media":0,"parent":0,"menu_order":0,"comment_status":"closed","ping_status":"closed","template":"","meta":{"_seopress_robots_primary_cat":"","_seopress_titles_title":"Pickleball Paddle Sets Manufacturer","_seopress_titles_desc":"Stand out in the competitive Pickleball market by offering tailored Pickleball Paddle Sets, designed to suit your brand&#039;s unique style. At DinkPickleball, we specialize in creating custom Pickleball solutions that resonate with your target","_seopress_robots_index":"","footnotes":""},"class_list":["post-14583","page","type-page","status-publish","hentry"],"meta_box":[],"_links":{"self":[{"href":"https:\/\/dinkpickleball.com\/pt\/wp-json\/wp\/v2\/pages\/14583","targetHints":{"allow":["GET"]}}],"collection":[{"href":"https:\/\/dinkpickleball.com\/pt\/wp-json\/wp\/v2\/pages"}],"about":[{"href":"https:\/\/dinkpickleball.com\/pt\/wp-json\/wp\/v2\/types\/page"}],"author":[{"embeddable":true,"href":"https:\/\/dinkpickleball.com\/pt\/wp-json\/wp\/v2\/users\/1"}],"replies":[{"embeddable":true,"href":"https:\/\/dinkpickleball.com\/pt\/wp-json\/wp\/v2\/comments?post=14583"}],"version-history":[{"count":24,"href":"https:\/\/dinkpickleball.com\/pt\/wp-json\/wp\/v2\/pages\/14583\/revisions"}],"predecessor-version":[{"id":16300,"href":"https:\/\/dinkpickleball.com\/pt\/wp-json\/wp\/v2\/pages\/14583\/revisions\/16300"}],"wp:attachment":[{"href":"https:\/\/dinkpickleball.com\/pt\/wp-json\/wp\/v2\/media?parent=14583"}],"curies":[{"name":"wp","href":"https:\/\/api.w.org\/{rel}","templated":true}]}}