{"id":14456,"date":"2023-05-05T21:18:00","date_gmt":"2023-05-05T13:18:00","guid":{"rendered":"https:\/\/dinkpickleball.com\/?page_id=14456"},"modified":"2025-01-13T22:09:39","modified_gmt":"2025-01-13T14:09:39","slug":"junior-pickleball-paddles","status":"publish","type":"page","link":"https:\/\/dinkpickleball.com\/pt\/junior-pickleball-paddles\/","title":{"rendered":"P\u00e1s de Pickleball J\u00fanior"},"content":{"rendered":"<h1>P\u00e1s de Pickleball J\u00fanior Fabricante<\/h1>\n<p>Escolha as p\u00e1s de Pickleball para juniores da DinkPickleball pela sua combina\u00e7\u00e3o imbat\u00edvel de qualidade, personaliza\u00e7\u00e3o e pre\u00e7os competitivos a granel. Experimente a colabora\u00e7\u00e3o perfeita com um fabricante fi\u00e1vel e veja o seu neg\u00f3cio florescer \u00e0 medida que crescemos juntos!<\/p>\n<p>\t\t\t<a role=\"button\"><br \/>\n\t\t\t\t\t\tSolicite o nosso pre\u00e7o mais recente<br \/>\n\t\t\t\t\t<\/a><br \/>\n\t\t\t\t\t\t\t\t\t\t\t\t<img decoding=\"async\" src=\"https:\/\/dinkpickleball.com\/wp-content\/uploads\/2023\/05\/Junior-Pickleball-Paddles.png\" title=\"P\u00e1s de Pickleball J\u00fanior\" alt=\"P\u00e1s de Pickleball J\u00fanior\" loading=\"lazy\" \/>\t\t\t\t\t\t\t\t\t\t\t\t\t\t<\/p>\n<h2>Supere a concorr\u00eancia com as raquetes de Pickleball para crian\u00e7as<\/h2>\n<p>Eleve o seu invent\u00e1rio com as P\u00e1s de Pickleball J\u00fanior personaliz\u00e1veis da DinkPickleball, concebidas para satisfazer as necessidades exclusivas dos seus clientes. Ofere\u00e7a uma variedade e qualidade inigual\u00e1veis, assegurando que a sua empresa continua a ser o destino ideal para tudo o que diz respeito ao pickleball!<\/p>\n<p>                    <img decoding=\"async\" width=\"1000\" height=\"1000\" src=\"https:\/\/dinkpickleball.com\/wp-content\/uploads\/2023\/05\/Kids-Pickleball-Paddles.jpg\" alt=\"P\u00e1s de Pickleball para crian\u00e7as\" loading=\"lazy\" srcset=\"https:\/\/dinkpickleball.com\/wp-content\/uploads\/2023\/05\/Kids-Pickleball-Paddles.jpg 1000w, https:\/\/dinkpickleball.com\/wp-content\/uploads\/2023\/05\/Kids-Pickleball-Paddles-300x300.jpg 300w, https:\/\/dinkpickleball.com\/wp-content\/uploads\/2023\/05\/Kids-Pickleball-Paddles-150x150.jpg 150w, https:\/\/dinkpickleball.com\/wp-content\/uploads\/2023\/05\/Kids-Pickleball-Paddles-768x768.jpg 768w, https:\/\/dinkpickleball.com\/wp-content\/uploads\/2023\/05\/Kids-Pickleball-Paddles-600x600.jpg 600w, https:\/\/dinkpickleball.com\/wp-content\/uploads\/2023\/05\/Kids-Pickleball-Paddles-100x100.jpg 100w\" sizes=\"auto, (max-width: 1000px) 100vw, 1000px\" \/><br \/>\n                                                            <a ><br \/>\n                                    Enviar inqu\u00e9rito agora                                <\/a><br \/>\n                    <img decoding=\"async\" width=\"1000\" height=\"1000\" src=\"https:\/\/dinkpickleball.com\/wp-content\/uploads\/2023\/05\/Junior-Pickleball-Paddle.jpg\" alt=\"Raquete de Pickleball J\u00fanior\" loading=\"lazy\" srcset=\"https:\/\/dinkpickleball.com\/wp-content\/uploads\/2023\/05\/Junior-Pickleball-Paddle.jpg 1000w, https:\/\/dinkpickleball.com\/wp-content\/uploads\/2023\/05\/Junior-Pickleball-Paddle-300x300.jpg 300w, https:\/\/dinkpickleball.com\/wp-content\/uploads\/2023\/05\/Junior-Pickleball-Paddle-150x150.jpg 150w, https:\/\/dinkpickleball.com\/wp-content\/uploads\/2023\/05\/Junior-Pickleball-Paddle-768x768.jpg 768w, https:\/\/dinkpickleball.com\/wp-content\/uploads\/2023\/05\/Junior-Pickleball-Paddle-600x600.jpg 600w, https:\/\/dinkpickleball.com\/wp-content\/uploads\/2023\/05\/Junior-Pickleball-Paddle-100x100.jpg 100w\" sizes=\"auto, (max-width: 1000px) 100vw, 1000px\" \/><br \/>\n                                                            <a ><br \/>\n                                    Enviar inqu\u00e9rito agora                                <\/a><br \/>\n                    <img decoding=\"async\" width=\"1000\" height=\"1000\" src=\"https:\/\/dinkpickleball.com\/wp-content\/uploads\/2023\/05\/Junior-Pickleball-Paddle-Bulk.jpg\" alt=\"Palheta de Pickleball J\u00fanior a granel\" loading=\"lazy\" srcset=\"https:\/\/dinkpickleball.com\/wp-content\/uploads\/2023\/05\/Junior-Pickleball-Paddle-Bulk.jpg 1000w, https:\/\/dinkpickleball.com\/wp-content\/uploads\/2023\/05\/Junior-Pickleball-Paddle-Bulk-300x300.jpg 300w, https:\/\/dinkpickleball.com\/wp-content\/uploads\/2023\/05\/Junior-Pickleball-Paddle-Bulk-150x150.jpg 150w, https:\/\/dinkpickleball.com\/wp-content\/uploads\/2023\/05\/Junior-Pickleball-Paddle-Bulk-768x768.jpg 768w, https:\/\/dinkpickleball.com\/wp-content\/uploads\/2023\/05\/Junior-Pickleball-Paddle-Bulk-600x600.jpg 600w, https:\/\/dinkpickleball.com\/wp-content\/uploads\/2023\/05\/Junior-Pickleball-Paddle-Bulk-100x100.jpg 100w\" sizes=\"auto, (max-width: 1000px) 100vw, 1000px\" \/><br \/>\n                                                            <a ><br \/>\n                                    Enviar inqu\u00e9rito agora                                <\/a><br \/>\n                    <img decoding=\"async\" width=\"1000\" height=\"1000\" src=\"https:\/\/dinkpickleball.com\/wp-content\/uploads\/2023\/05\/Junior-Pickleball-Paddle-Wholesale.jpg\" alt=\"Paddle de Pickleball J\u00fanior Atacado\" loading=\"lazy\" srcset=\"https:\/\/dinkpickleball.com\/wp-content\/uploads\/2023\/05\/Junior-Pickleball-Paddle-Wholesale.jpg 1000w, https:\/\/dinkpickleball.com\/wp-content\/uploads\/2023\/05\/Junior-Pickleball-Paddle-Wholesale-300x300.jpg 300w, https:\/\/dinkpickleball.com\/wp-content\/uploads\/2023\/05\/Junior-Pickleball-Paddle-Wholesale-150x150.jpg 150w, https:\/\/dinkpickleball.com\/wp-content\/uploads\/2023\/05\/Junior-Pickleball-Paddle-Wholesale-768x768.jpg 768w, https:\/\/dinkpickleball.com\/wp-content\/uploads\/2023\/05\/Junior-Pickleball-Paddle-Wholesale-600x600.jpg 600w, https:\/\/dinkpickleball.com\/wp-content\/uploads\/2023\/05\/Junior-Pickleball-Paddle-Wholesale-100x100.jpg 100w\" sizes=\"auto, (max-width: 1000px) 100vw, 1000px\" \/><br \/>\n                                                            <a ><br \/>\n                                    Enviar inqu\u00e9rito agora                                <\/a><br \/>\n                    <img decoding=\"async\" width=\"1000\" height=\"1000\" src=\"https:\/\/dinkpickleball.com\/wp-content\/uploads\/2023\/05\/Junior-Paddle-.jpg\" alt=\"Remo J\u00fanior\" loading=\"lazy\" srcset=\"https:\/\/dinkpickleball.com\/wp-content\/uploads\/2023\/05\/Junior-Paddle-.jpg 1000w, https:\/\/dinkpickleball.com\/wp-content\/uploads\/2023\/05\/Junior-Paddle--300x300.jpg 300w, https:\/\/dinkpickleball.com\/wp-content\/uploads\/2023\/05\/Junior-Paddle--150x150.jpg 150w, https:\/\/dinkpickleball.com\/wp-content\/uploads\/2023\/05\/Junior-Paddle--768x768.jpg 768w, https:\/\/dinkpickleball.com\/wp-content\/uploads\/2023\/05\/Junior-Paddle--600x600.jpg 600w, https:\/\/dinkpickleball.com\/wp-content\/uploads\/2023\/05\/Junior-Paddle--100x100.jpg 100w\" sizes=\"auto, (max-width: 1000px) 100vw, 1000px\" \/><br \/>\n                                                            <a ><br \/>\n                                    Enviar inqu\u00e9rito agora                                <\/a><br \/>\n                    <img decoding=\"async\" width=\"1000\" height=\"1000\" src=\"https:\/\/dinkpickleball.com\/wp-content\/uploads\/2023\/05\/Junior-Pickleball-Paddle-Factory.jpg\" alt=\"F\u00e1brica de p\u00e1s de pickleball j\u00fanior\" loading=\"lazy\" srcset=\"https:\/\/dinkpickleball.com\/wp-content\/uploads\/2023\/05\/Junior-Pickleball-Paddle-Factory.jpg 1000w, https:\/\/dinkpickleball.com\/wp-content\/uploads\/2023\/05\/Junior-Pickleball-Paddle-Factory-300x300.jpg 300w, https:\/\/dinkpickleball.com\/wp-content\/uploads\/2023\/05\/Junior-Pickleball-Paddle-Factory-150x150.jpg 150w, https:\/\/dinkpickleball.com\/wp-content\/uploads\/2023\/05\/Junior-Pickleball-Paddle-Factory-768x768.jpg 768w, https:\/\/dinkpickleball.com\/wp-content\/uploads\/2023\/05\/Junior-Pickleball-Paddle-Factory-600x600.jpg 600w, https:\/\/dinkpickleball.com\/wp-content\/uploads\/2023\/05\/Junior-Pickleball-Paddle-Factory-100x100.jpg 100w\" sizes=\"auto, (max-width: 1000px) 100vw, 1000px\" \/><br \/>\n                                                            <a ><br \/>\n                                    Enviar inqu\u00e9rito agora                                <\/a><\/p>\n<h2>O seu melhor parceiro no mercado global de Pickleball<\/h2>\n<p>Experimente a diferen\u00e7a da DinkPickleball e eleve o seu neg\u00f3cio com as nossas raquetes de Pickleball para crian\u00e7as, l\u00edderes na ind\u00fastria, e um compromisso inabal\u00e1vel com o seu sucesso.<\/p>\n<p>\t\t\t\t\t\t\t\t\t\t\t\t<img decoding=\"async\" src=\"https:\/\/dinkpickleball.com\/wp-content\/uploads\/2023\/04\/brand_identity-01.png\" title=\"\" alt=\"Melhor f\u00e1brica de palhinhas de metal\" loading=\"lazy\" \/>\t\t\t\t\t\t\t\t\t\t\t\t\t\t<\/p>\n<h3>Tamanho perfeito para jovens jogadores<\/h3>\n<p>As nossas p\u00e1s de Pickleball para juniores foram especificamente concebidas para crian\u00e7as, garantindo uma ader\u00eancia confort\u00e1vel e um equil\u00edbrio de peso adequado para uma experi\u00eancia de jogo agrad\u00e1vel.<\/p>\n<p>\t\t\t<a role=\"button\"><br \/>\n\t\t\t\t\t\tObter um or\u00e7amento imediato<br \/>\n\t\t\t\t\t<\/a><br \/>\n\t\t\t\t\t\t\t\t\t\t\t\t<img decoding=\"async\" src=\"https:\/\/dinkpickleball.com\/wp-content\/uploads\/2023\/04\/Premium-Quality-Products.jpg\" title=\"Produtos de qualidade superior\" alt=\"Produtos de qualidade superior\" loading=\"lazy\" \/>\t\t\t\t\t\t\t\t\t\t\t\t\t\t<\/p>\n<h3>Materiais de alta qualidade<\/h3>\n<p>As p\u00e1s de Pickleball para crian\u00e7as da DinkPickleball s\u00e3o fabricadas com materiais de primeira qualidade que garantem durabilidade e desempenho, oferecendo um investimento duradouro para o seu neg\u00f3cio.<\/p>\n<p>\t\t\t<a role=\"button\"><br \/>\n\t\t\t\t\t\tObter um or\u00e7amento imediato<br \/>\n\t\t\t\t\t<\/a><br \/>\n\t\t\t\t\t\t\t\t\t\t\t\t<img decoding=\"async\" src=\"https:\/\/dinkpickleball.com\/wp-content\/uploads\/2023\/04\/Thermoformed-Edges.jpg\" title=\"Cantos termoformados\" alt=\"Cantos termoformados\" loading=\"lazy\" \/>\t\t\t\t\t\t\t\t\t\t\t\t\t\t<\/p>\n<h3>Conformidade com as normas da USAPA<\/h3>\n<p>As nossas p\u00e1s de Pickleball para juniores cumprem todas as normas da USAPA, garantindo que os jovens jogadores t\u00eam acesso a equipamento de alta qualidade que cumpre as diretrizes oficiais.<\/p>\n<p>\t\t\t<a role=\"button\"><br \/>\n\t\t\t\t\t\tObter um or\u00e7amento imediato<br \/>\n\t\t\t\t\t<\/a><br \/>\n\t\t\t\t\t\t\t\t\t\t\t\t<img decoding=\"async\" src=\"https:\/\/dinkpickleball.com\/wp-content\/uploads\/2023\/04\/Collaborative-Approach-.jpeg\" title=\"Abordagem colaborativa\" alt=\"Abordagem colaborativa\" loading=\"lazy\" \/>\t\t\t\t\t\t\t\t\t\t\t\t\t\t<\/p>\n<h3>Desenhos personaliz\u00e1veis<\/h3>\n<p>Atenda \u00e0s prefer\u00eancias exclusivas dos seus clientes, oferecendo uma variedade de op\u00e7\u00f5es de personaliza\u00e7\u00e3o para as nossas P\u00e1s de Pickleball J\u00fanior, incluindo cores, log\u00f3tipos e outros elementos de design.<\/p>\n<p>\t\t\t<a role=\"button\"><br \/>\n\t\t\t\t\t\tObter um or\u00e7amento imediato<br \/>\n\t\t\t\t\t<\/a><br \/>\n\t\t\t\t\t\t\t\t\t\t\t\t<img decoding=\"async\" src=\"https:\/\/dinkpickleball.com\/wp-content\/uploads\/2023\/03\/Responsive-Customer-Service.jpg\" title=\"Servi\u00e7o de atendimento ao cliente responsivo\" alt=\"Servi\u00e7o de atendimento ao cliente responsivo\" loading=\"lazy\" \/>\t\t\t\t\t\t\t\t\t\t\t\t\t\t<\/p>\n<h3>Apoio e servi\u00e7o profissional<\/h3>\n<p>A nossa equipa dedicada de especialistas est\u00e1 aqui para o ajudar com quaisquer quest\u00f5es ou preocupa\u00e7\u00f5es, proporcionando um servi\u00e7o ao cliente excecional que melhora a sua rela\u00e7\u00e3o com a DinkPickleball.<\/p>\n<p>\t\t\t<a role=\"button\"><br \/>\n\t\t\t\t\t\tObter um or\u00e7amento imediato<br \/>\n\t\t\t\t\t<\/a><br \/>\n\t\t\t\t\t\t\t\t\t\t\t\t<img decoding=\"async\" src=\"https:\/\/dinkpickleball.com\/wp-content\/uploads\/2023\/04\/Adaptability-and-Responsiveness-to-Market.jpeg\" title=\"Adaptabilidade e capacidade de resposta ao mercado\" alt=\"Adaptabilidade e capacidade de resposta ao mercado\" loading=\"lazy\" \/>\t\t\t\t\t\t\t\t\t\t\t\t\t\t<\/p>\n<h3>A confian\u00e7a das principais marcas<\/h3>\n<p>Os retalhistas, distribuidores e marcas de todo o mundo confiam na DinkPickleball para as suas necessidades de raquetes de Pickleball para juniores, o que nos torna um fornecedor fi\u00e1vel e respeit\u00e1vel para o seu neg\u00f3cio.<\/p>\n<p>\t\t\t<a role=\"button\"><br \/>\n\t\t\t\t\t\tObter um or\u00e7amento imediato<br \/>\n\t\t\t\t\t<\/a><\/p>\n<figure><img decoding=\"async\" src=\"https:\/\/dinkpickleball.com\/wp-content\/uploads\/2022\/06\/onix.png\" alt=\"onix\" \/><\/figure>\n<figure><img decoding=\"async\" src=\"https:\/\/dinkpickleball.com\/wp-content\/uploads\/2022\/06\/Diadem-logo.png\" alt=\"Log\u00f3tipo Diadem\" \/><\/figure>\n<figure><img decoding=\"async\" src=\"https:\/\/dinkpickleball.com\/wp-content\/uploads\/2022\/06\/Gamma.png\" alt=\"Gama\" \/><\/figure>\n<figure><img decoding=\"async\" src=\"https:\/\/dinkpickleball.com\/wp-content\/uploads\/2023\/04\/CRBN-logo.png\" alt=\"Log\u00f3tipo do CRBN\" \/><\/figure>\n<figure><img decoding=\"async\" src=\"https:\/\/dinkpickleball.com\/wp-content\/uploads\/2023\/04\/RECESS-logo.png\" alt=\"Log\u00f3tipo RECESS\" \/><\/figure>\n<figure><img decoding=\"async\" src=\"https:\/\/dinkpickleball.com\/wp-content\/uploads\/2023\/04\/STIGA-logo.png\" alt=\"Log\u00f3tipo STIGA\" \/><\/figure>\n<figure><img decoding=\"async\" src=\"https:\/\/dinkpickleball.com\/wp-content\/uploads\/2022\/06\/niupipo.png\" alt=\"niupipo\" \/><\/figure>\n<figure><img decoding=\"async\" src=\"https:\/\/dinkpickleball.com\/wp-content\/uploads\/2022\/06\/Paddletek.png\" alt=\"Paddletek\" \/><\/figure>\n<h2>FAQ<\/h2>\n<p>Seguem-se algumas perguntas frequentes (FAQs) que os clientes B2B podem ter ao considerar a compra de P\u00e1s de Pickleball J\u00fanior:<\/p>\n<p>                        <a href=\"#collapse-a767ad6650c4ca1059e4\" data-ekit-toggle=\"collapse\" data-target=\"#Collapse-a767ad6650c4ca1059e4\" aria-expanded=\"true\" aria-controls=\"Collapse-a767ad6650c4ca1059e4\"><br \/>\n                            Que materiais s\u00e3o utilizados na constru\u00e7\u00e3o das vossas p\u00e1s de Pickleball J\u00fanior?<br \/>\n                                        <!-- Normal Icon --><br \/>\n                                        <!-- Active Icon --><br \/>\n                                                    <\/a><\/p>\n<p>As nossas p\u00e1s de Pickleball para juniores s\u00e3o fabricadas com materiais de alta qualidade que garantem durabilidade, desempenho e uma experi\u00eancia de jogo confort\u00e1vel para os jovens jogadores.<\/p>\n<p>                <!-- .elementskit-card END --><br \/>\n                        <a href=\"#collapse-bc22830650c4ca1059e4\" data-ekit-toggle=\"collapse\" data-target=\"#Collapse-bc22830650c4ca1059e4\" aria-expanded=\"false\" aria-controls=\"Collapse-bc22830650c4ca1059e4\"><br \/>\n                            As suas p\u00e1s de Pickleball para juniores cumprem as normas da USAPA?<br \/>\n                                        <!-- Normal Icon --><br \/>\n                                        <!-- Active Icon --><br \/>\n                                                    <\/a><\/p>\n<p>Sim, as nossas P\u00e1s de Pickleball para Juniores cumprem todas as normas da USAPA, garantindo que os jovens jogadores t\u00eam acesso a equipamento de alta qualidade que cumpre as diretrizes oficiais.<\/p>\n<p>                <!-- .elementskit-card END --><br \/>\n                        <a href=\"#collapse-8417e71650c4ca1059e4\" data-ekit-toggle=\"collapse\" data-target=\"#Collapse-8417e71650c4ca1059e4\" aria-expanded=\"false\" aria-controls=\"Collapse-8417e71650c4ca1059e4\"><br \/>\n                            Que op\u00e7\u00f5es de personaliza\u00e7\u00e3o oferecem para as vossas p\u00e1s de Pickleball para juniores?<br \/>\n                                        <!-- Normal Icon --><br \/>\n                                        <!-- Active Icon --><br \/>\n                                                    <\/a><\/p>\n<p>Oferecemos uma variedade de op\u00e7\u00f5es de personaliza\u00e7\u00e3o, incluindo cores, coloca\u00e7\u00e3o do log\u00f3tipo e outros elementos de design, para satisfazer as prefer\u00eancias exclusivas dos seus clientes.<\/p>\n<p>                <!-- .elementskit-card END --><br \/>\n                        <a href=\"#collapse-3dad4e0650c4ca1059e4\" data-ekit-toggle=\"collapse\" data-target=\"#Collapse-3dad4e0650c4ca1059e4\" aria-expanded=\"false\" aria-controls=\"Collapse-3dad4e0650c4ca1059e4\"><br \/>\n                            Quais s\u00e3o as vossas op\u00e7\u00f5es de pre\u00e7os a granel e por grosso?<br \/>\n                                        <!-- Normal Icon --><br \/>\n                                        <!-- Active Icon --><br \/>\n                                                    <\/a><\/p>\n<p>Oferecemos pre\u00e7os competitivos para encomendas a granel e por grosso, permitindo-lhe transferir as poupan\u00e7as para os seus clientes e aumentar as suas margens de lucro. Para obter informa\u00e7\u00f5es espec\u00edficas sobre os pre\u00e7os, contacte a nossa equipa de vendas.<\/p>\n<p>                <!-- .elementskit-card END --><br \/>\n                        <a href=\"#collapse-293f4f9650c4ca1059e4\" data-ekit-toggle=\"collapse\" data-target=\"#Collapse-293f4f9650c4ca1059e4\" aria-expanded=\"false\" aria-controls=\"Collapse-293f4f9650c4ca1059e4\"><br \/>\n                            Qual \u00e9 a vossa quantidade m\u00ednima de encomenda (MOQ) para P\u00e1s de Pickleball J\u00fanior?<br \/>\n                                        <!-- Normal Icon --><br \/>\n                                        <!-- Active Icon --><br \/>\n                                                    <\/a><\/p>\n<p>O nosso MOQ varia consoante o produto espec\u00edfico e os requisitos de personaliza\u00e7\u00e3o. Por favor, contacte a nossa equipa de vendas para obter mais informa\u00e7\u00f5es sobre os MOQs para as suas P\u00e1s de Pickleball J\u00fanior desejadas.<\/p>\n<p>                <!-- .elementskit-card END --><br \/>\n                        <a href=\"#collapse-1e5da80650c4ca1059e4\" data-ekit-toggle=\"collapse\" data-target=\"#Collapse-1e5da80650c4ca1059e4\" aria-expanded=\"false\" aria-controls=\"Collapse-1e5da80650c4ca1059e4\"><br \/>\n                            Qual \u00e9 o vosso prazo de produ\u00e7\u00e3o e de expedi\u00e7\u00e3o?<br \/>\n                                        <!-- Normal Icon --><br \/>\n                                        <!-- Active Icon --><br \/>\n                                                    <\/a><\/p>\n<p>O nosso prazo de entrega varia consoante o tamanho da encomenda e o n\u00edvel de personaliza\u00e7\u00e3o necess\u00e1rio. Normalmente, os prazos de produ\u00e7\u00e3o e envio variam entre 2 a 4 semanas. Contacte a nossa equipa de vendas para obter informa\u00e7\u00f5es mais espec\u00edficas com base nos seus requisitos.<\/p>\n<p>                <!-- .elementskit-card END --><\/p>","protected":false},"excerpt":{"rendered":"<p>Junior Pickleball Paddles Manufacturer Choose DinkPickleball&#8217;s Junior Pickleball Paddles for their unbeatable blend of quality, customization, and competitive bulk pricing. Experience seamless collaboration with a reliable manufacturer, and watch your business flourish as we grow together! Request Our Latest Price Outshine the Competition with Kids Pickleball Paddles Elevate your inventory with DinkPickleball&#8217;s customizable Junior Pickleball [&hellip;]<\/p>\n","protected":false},"author":1,"featured_media":0,"parent":0,"menu_order":0,"comment_status":"closed","ping_status":"closed","template":"","meta":{"_seopress_robots_primary_cat":"","_seopress_titles_title":"Junior Pickleball Paddles Manufacturer","_seopress_titles_desc":"Choose DinkPickleball\u2019s Junior Pickleball Paddles for their unbeatable blend of quality, customization, and competitive bulk pricing. Experience seamless collaboration with a reliable manufacturer, and watch your business flourish as we grow together!","_seopress_robots_index":"","footnotes":""},"class_list":["post-14456","page","type-page","status-publish","hentry"],"meta_box":[],"_links":{"self":[{"href":"https:\/\/dinkpickleball.com\/pt\/wp-json\/wp\/v2\/pages\/14456","targetHints":{"allow":["GET"]}}],"collection":[{"href":"https:\/\/dinkpickleball.com\/pt\/wp-json\/wp\/v2\/pages"}],"about":[{"href":"https:\/\/dinkpickleball.com\/pt\/wp-json\/wp\/v2\/types\/page"}],"author":[{"embeddable":true,"href":"https:\/\/dinkpickleball.com\/pt\/wp-json\/wp\/v2\/users\/1"}],"replies":[{"embeddable":true,"href":"https:\/\/dinkpickleball.com\/pt\/wp-json\/wp\/v2\/comments?post=14456"}],"version-history":[{"count":18,"href":"https:\/\/dinkpickleball.com\/pt\/wp-json\/wp\/v2\/pages\/14456\/revisions"}],"predecessor-version":[{"id":16286,"href":"https:\/\/dinkpickleball.com\/pt\/wp-json\/wp\/v2\/pages\/14456\/revisions\/16286"}],"wp:attachment":[{"href":"https:\/\/dinkpickleball.com\/pt\/wp-json\/wp\/v2\/media?parent=14456"}],"curies":[{"name":"wp","href":"https:\/\/api.w.org\/{rel}","templated":true}]}}