{"id":14351,"date":"2023-04-25T22:22:12","date_gmt":"2023-04-25T14:22:12","guid":{"rendered":"https:\/\/dinkpickleball.com\/?page_id=14351"},"modified":"2025-01-13T22:10:02","modified_gmt":"2025-01-13T14:10:02","slug":"thermoformed-pickleball-paddle","status":"publish","type":"page","link":"https:\/\/dinkpickleball.com\/pt\/thermoformed-pickleball-paddle\/","title":{"rendered":"Palheta de Pickleball termoformada"},"content":{"rendered":"<h1>F\u00e1brica de p\u00e1s de Pickleball termoformadas<\/h1>\n<p>A raquete de pickleball termoformada da DinkPickleball, uma inova\u00e7\u00e3o de ponta na tecnologia de raquetes de pickleball. As nossas p\u00e1s termoformadas combinam durabilidade, design leve e controlo superior, dando aos jogadores uma vantagem competitiva no campo. Concebidas para retalhistas, distribuidores e marcas, estas p\u00e1s s\u00e3o fabricadas utilizando o mais recente processo de termoformagem, garantindo produtos de alta qualidade que cumprem as normas da USAPA.<\/p>\n<p>\t\t\t<a role=\"button\"><br \/>\n\t\t\t\t\t\tSolicite o nosso pre\u00e7o mais recente<br \/>\n\t\t\t\t\t<\/a><br \/>\n\t\t\t\t\t\t\t\t\t\t\t\t<img decoding=\"async\" src=\"https:\/\/dinkpickleball.com\/wp-content\/uploads\/2023\/04\/Thermoformed-Pickleball-Paddle-Factory.png\" title=\"F\u00e1brica de p\u00e1s de Pickleball termoformadas\" alt=\"F\u00e1brica de p\u00e1s de Pickleball termoformadas\" loading=\"lazy\" \/>\t\t\t\t\t\t\t\t\t\t\t\t\t\t<\/p>\n<h5>Processo de fabrico<\/h5>\n<p>Termoformado \u00e9 um processo e \u00e9 o selo de termoformagem interior. Adicionamos o material de fibra de carbono e a espuma EVA injectada na extremidade e utilizamos a nova tecnologia de prensagem a quente para criar extremidades termoformadas e uma constru\u00e7\u00e3o monobloco. Este processo cria uma espuma injectada de borda selada que \u00e9 simultaneamente leve e dur\u00e1vel, pelo que o n\u00facleo alveolar \u00e9 selado antes de colocarmos o protetor de borda. As raquetes de Pickleball termoformadas s\u00e3o diferentes de outros tipos de raquetes porque s\u00e3o prensadas a quente e seladas em vez de serem cortadas a frio. Esta borda selada com camada de espuma proporciona uma sensa\u00e7\u00e3o mais suave e mais controlo, tornando mais f\u00e1cil bater a bola com precis\u00e3o.<\/p>\n<p>Como f\u00e1brica e fabricante, a DinkPickleball est\u00e1 empenhada em produzir p\u00e1s de pickleball termoformadas de alta qualidade. O nosso processo de fabrico envolve medidas rigorosas de controlo de qualidade e a utiliza\u00e7\u00e3o de tecnologia de ponta para garantir que os nossos produtos cumprem os mais elevados padr\u00f5es da ind\u00fastria.<\/p>\n<p>\t\t\t<a role=\"button\"><br \/>\n\t\t\t\t\t\tPedido de cota\u00e7\u00e3o<br \/>\n\t\t\t\t\t<\/a><br \/>\n\t\t\t\t\t\t\t\t\t\t\t\t<img decoding=\"async\" width=\"600\" height=\"600\" src=\"https:\/\/dinkpickleball.com\/wp-content\/uploads\/2023\/04\/Thermoformed-Pickleball-Paddle.png\" alt=\"Palheta de Pickleball termoformada\" loading=\"lazy\" srcset=\"https:\/\/dinkpickleball.com\/wp-content\/uploads\/2023\/04\/Thermoformed-Pickleball-Paddle.png 600w, https:\/\/dinkpickleball.com\/wp-content\/uploads\/2023\/04\/Thermoformed-Pickleball-Paddle-300x300.png 300w, https:\/\/dinkpickleball.com\/wp-content\/uploads\/2023\/04\/Thermoformed-Pickleball-Paddle-150x150.png 150w, https:\/\/dinkpickleball.com\/wp-content\/uploads\/2023\/04\/Thermoformed-Pickleball-Paddle-100x100.png 100w\" sizes=\"auto, (max-width: 600px) 100vw, 600px\" \/>\t\t\t\t\t\t\t\t\t\t\t\t\t\t<\/p>\n<h2>Porqu\u00ea<\/h2>\n<h2>contentar-se com menos quando se pode ter o melhor?<\/h2>\n<p>A nossa raquete de Pickleball termoformada foi concebida a pensar no jogador moderno, proporcionando um conforto e um desempenho inigual\u00e1veis. Entre no campo com confian\u00e7a e deixe que a sua raquete fale por si!<\/p>\n<p>\t\t\t<a role=\"button\"><br \/>\n\t\t\t\t\t\tPedido de cota\u00e7\u00e3o<br \/>\n\t\t\t\t\t<\/a><br \/>\n\t\t<iframe loading=\"lazy\" title=\"Fabricante de p\u00e1s de Pickleball termoformadas | dinkpickleball.com\" width=\"500\" height=\"281\" src=\"https:\/\/www.youtube.com\/embed\/AL8NKWylYVE?feature=oembed\" frameborder=\"0\" allow=\"accelerometer; autoplay; clipboard-write; encrypted-media; gyroscope; picture-in-picture; web-share\" referrerpolicy=\"strict-origin-when-cross-origin\" allowfullscreen><\/iframe><br \/>\n\t\t\t\t\t\t\t\t\t\t\t\t<img decoding=\"async\" width=\"800\" height=\"800\" src=\"https:\/\/dinkpickleball.com\/wp-content\/uploads\/2023\/08\/DP43-Thermoformed-Pickleball-Paddle.png\" alt=\"dp43 raquete de pickleball termoformada\" loading=\"lazy\" srcset=\"https:\/\/dinkpickleball.com\/wp-content\/uploads\/2023\/08\/DP43-Thermoformed-Pickleball-Paddle.png 800w, https:\/\/dinkpickleball.com\/wp-content\/uploads\/2023\/08\/DP43-Thermoformed-Pickleball-Paddle-300x300.png 300w, https:\/\/dinkpickleball.com\/wp-content\/uploads\/2023\/08\/DP43-Thermoformed-Pickleball-Paddle-150x150.png 150w, https:\/\/dinkpickleball.com\/wp-content\/uploads\/2023\/08\/DP43-Thermoformed-Pickleball-Paddle-768x768.png 768w\" sizes=\"auto, (max-width: 800px) 100vw, 800px\" \/>\t\t\t\t\t\t\t\t\t\t\t\t\t\t<\/p>\n<ul>\n<li>\n\t\t\t\t\t\t\t\t\t\tL418*W190mm L16.5*W7.5in Comprimento da pega: 135-140mm\/5.3-5.5in\n\t\t\t\t\t\t\t\t\t<\/li>\n<li>\n\t\t\t\t\t\t\t\t\t\tEspessura com op\u00e7\u00f5es de prote\u00e7\u00e3o dos bordos 16\/19 mm (0,63\/0,75 pol.)\n\t\t\t\t\t\t\t\t\t<\/li>\n<li>\n\t\t\t\t\t\t\t\t\t\tOp\u00e7\u00f5es de n\u00facleo PP 13,3\/16 mm\n\t\t\t\t\t\t\t\t\t<\/li>\n<\/ul>\n<p>\t\t\t<a role=\"button\"><br \/>\n\t\t\t\t\t\tObter um or\u00e7amento<br \/>\n\t\t\t\t\t<\/a><br \/>\n\t\t\t\t\t\t\t\t\t\t\t\t<img decoding=\"async\" width=\"800\" height=\"800\" src=\"https:\/\/dinkpickleball.com\/wp-content\/uploads\/2023\/08\/DP69-Thermoformed-Pickleball-Paddle.png\" alt=\"dp69 raquete de pickleball termoformada\" loading=\"lazy\" srcset=\"https:\/\/dinkpickleball.com\/wp-content\/uploads\/2023\/08\/DP69-Thermoformed-Pickleball-Paddle.png 800w, https:\/\/dinkpickleball.com\/wp-content\/uploads\/2023\/08\/DP69-Thermoformed-Pickleball-Paddle-300x300.png 300w, https:\/\/dinkpickleball.com\/wp-content\/uploads\/2023\/08\/DP69-Thermoformed-Pickleball-Paddle-150x150.png 150w, https:\/\/dinkpickleball.com\/wp-content\/uploads\/2023\/08\/DP69-Thermoformed-Pickleball-Paddle-768x768.png 768w\" sizes=\"auto, (max-width: 800px) 100vw, 800px\" \/>\t\t\t\t\t\t\t\t\t\t\t\t\t\t<\/p>\n<ul>\n<li>\n\t\t\t\t\t\t\t\t\t\tL418*W189mm L16.5*W7.48in Comprimento da pega: 135-140mm\/5.3-5.5in\n\t\t\t\t\t\t\t\t\t<\/li>\n<li>\n\t\t\t\t\t\t\t\t\t\tEspessura com op\u00e7\u00f5es de prote\u00e7\u00e3o da borda 19mm\/0,75in\n\t\t\t\t\t\t\t\t\t<\/li>\n<li>\n\t\t\t\t\t\t\t\t\t\tOp\u00e7\u00f5es de n\u00facleo PP 16mm\n\t\t\t\t\t\t\t\t\t<\/li>\n<\/ul>\n<p>\t\t\t<a role=\"button\"><br \/>\n\t\t\t\t\t\tObter um or\u00e7amento<br \/>\n\t\t\t\t\t<\/a><br \/>\n\t\t\t\t\t\t\t\t\t\t\t\t<img decoding=\"async\" width=\"800\" height=\"800\" src=\"https:\/\/dinkpickleball.com\/wp-content\/uploads\/2023\/08\/DP70-Thermoformed-Pickleball-Paddle.png\" alt=\"dp70 raquete de pickleball termoformada\" loading=\"lazy\" srcset=\"https:\/\/dinkpickleball.com\/wp-content\/uploads\/2023\/08\/DP70-Thermoformed-Pickleball-Paddle.png 800w, https:\/\/dinkpickleball.com\/wp-content\/uploads\/2023\/08\/DP70-Thermoformed-Pickleball-Paddle-300x300.png 300w, https:\/\/dinkpickleball.com\/wp-content\/uploads\/2023\/08\/DP70-Thermoformed-Pickleball-Paddle-150x150.png 150w, https:\/\/dinkpickleball.com\/wp-content\/uploads\/2023\/08\/DP70-Thermoformed-Pickleball-Paddle-768x768.png 768w\" sizes=\"auto, (max-width: 800px) 100vw, 800px\" \/>\t\t\t\t\t\t\t\t\t\t\t\t\t\t<\/p>\n<ul>\n<li>\n\t\t\t\t\t\t\t\t\t\tL408*W200mm L16.06*W7.87in Comprimento da pega: 125-130mm\/4.8-5.1in\n\t\t\t\t\t\t\t\t\t<\/li>\n<li>\n\t\t\t\t\t\t\t\t\t\tEspessura com op\u00e7\u00f5es de prote\u00e7\u00e3o da borda 19mm\/0,75in\n\t\t\t\t\t\t\t\t\t<\/li>\n<li>\n\t\t\t\t\t\t\t\t\t\tOp\u00e7\u00f5es de n\u00facleo PP 16mm\n\t\t\t\t\t\t\t\t\t<\/li>\n<\/ul>\n<p>\t\t\t<a role=\"button\"><br \/>\n\t\t\t\t\t\tObter um or\u00e7amento<br \/>\n\t\t\t\t\t<\/a><br \/>\n\t\t\t\t\t\t\t\t\t\t\t\t<img decoding=\"async\" width=\"800\" height=\"801\" src=\"https:\/\/dinkpickleball.com\/wp-content\/uploads\/2023\/08\/DP72-Thermoformed-Pickleball-Paddle.png\" alt=\"dp72 raquete de pickleball termoformada\" loading=\"lazy\" srcset=\"https:\/\/dinkpickleball.com\/wp-content\/uploads\/2023\/08\/DP72-Thermoformed-Pickleball-Paddle.png 800w, https:\/\/dinkpickleball.com\/wp-content\/uploads\/2023\/08\/DP72-Thermoformed-Pickleball-Paddle-300x300.png 300w, https:\/\/dinkpickleball.com\/wp-content\/uploads\/2023\/08\/DP72-Thermoformed-Pickleball-Paddle-150x150.png 150w, https:\/\/dinkpickleball.com\/wp-content\/uploads\/2023\/08\/DP72-Thermoformed-Pickleball-Paddle-768x769.png 768w\" sizes=\"auto, (max-width: 800px) 100vw, 800px\" \/>\t\t\t\t\t\t\t\t\t\t\t\t\t\t<\/p>\n<ul>\n<li>\n\t\t\t\t\t\t\t\t\t\tL418*W189mm L16.5*W7.48in Comprimento da pega: 135-140mm\/5.3-5.5in\n\t\t\t\t\t\t\t\t\t<\/li>\n<li>\n\t\t\t\t\t\t\t\t\t\tEspessura com op\u00e7\u00f5es de prote\u00e7\u00e3o da borda 19mm\/0,75in\n\t\t\t\t\t\t\t\t\t<\/li>\n<li>\n\t\t\t\t\t\t\t\t\t\tOp\u00e7\u00f5es de n\u00facleo PP 16mm\n\t\t\t\t\t\t\t\t\t<\/li>\n<\/ul>\n<p>\t\t\t<a role=\"button\"><br \/>\n\t\t\t\t\t\tObter um or\u00e7amento<br \/>\n\t\t\t\t\t<\/a><\/p>\n<h2>O seu melhor parceiro no mercado global de Pickleball<\/h2>\n<p>As p\u00e1s de pickleball termoformadas da DinkPickleball s\u00e3o a escolha perfeita para retalhistas, distribuidores e marcas que procuram um produto personaliz\u00e1vel de alta qualidade que ofere\u00e7a a mais recente tecnologia de pickleball.<\/p>\n<p>\t\t\t\t\t\t\t\t\t\t\t\t<img decoding=\"async\" src=\"https:\/\/dinkpickleball.com\/wp-content\/uploads\/2023\/04\/Premium-Quality-Products.jpg\" title=\"Produtos de qualidade superior\" alt=\"Produtos de qualidade superior\" loading=\"lazy\" \/>\t\t\t\t\t\t\t\t\t\t\t\t\t\t<\/p>\n<h3>Constru\u00e7\u00e3o termoformada<\/h3>\n<p>O processo de termoformagem funde o n\u00facleo alveolar com o revestimento de fibra, resultando numa estrutura forte e duradoura. Este m\u00e9todo de constru\u00e7\u00e3o avan\u00e7ado cria um design de borda selada que aumenta significativamente a durabilidade e o desempenho da raquete.<\/p>\n<p>\t\t\t<a role=\"button\"><br \/>\n\t\t\t\t\t\tObter um or\u00e7amento imediato<br \/>\n\t\t\t\t\t<\/a><br \/>\n\t\t\t\t\t\t\t\t\t\t\t\t<img decoding=\"async\" src=\"https:\/\/dinkpickleball.com\/wp-content\/uploads\/2023\/04\/EVA.jpg\" title=\"EVA\" alt=\"EVA\" loading=\"lazy\" \/>\t\t\t\t\t\t\t\t\t\t\t\t\t\t<\/p>\n<h3>Espuma EVA injectada<\/h3>\n<p>As nossas raquetes de pickleball termoformadas t\u00eam uma borda de espuma EVA injectada, que oferece uma s\u00e9rie de benef\u00edcios, incluindo pot\u00eancia adicional, vibra\u00e7\u00e3o reduzida, maior amortecimento e melhor desempenho da borda. A borda de espuma e o n\u00facleo alveolar absorvem o choque, permitindo um controlo preciso da bola e uma experi\u00eancia de jogo confort\u00e1vel.<\/p>\n<p>\t\t\t<a role=\"button\"><br \/>\n\t\t\t\t\t\tObter um or\u00e7amento imediato<br \/>\n\t\t\t\t\t<\/a><br \/>\n\t\t\t\t\t\t\t\t\t\t\t\t<img decoding=\"async\" src=\"https:\/\/dinkpickleball.com\/wp-content\/uploads\/2023\/04\/Thermoformed-Edges.jpg\" title=\"Cantos termoformados\" alt=\"Cantos termoformados\" loading=\"lazy\" \/>\t\t\t\t\t\t\t\t\t\t\t\t\t\t<\/p>\n<h3>Cantos termoformados<\/h3>\n<p>O design da borda selada das nossas raquetes termoformadas tamb\u00e9m adiciona a prote\u00e7\u00e3o da borda, que protege a borda da raquete. Este design inovador permite um melhor desempenho da borda e uma sensa\u00e7\u00e3o mais s\u00f3lida durante o jogo.<\/p>\n<p>\t\t\t<a role=\"button\"><br \/>\n\t\t\t\t\t\tObter um or\u00e7amento imediato<br \/>\n\t\t\t\t\t<\/a><br \/>\n\t\t\t\t\t\t\t\t\t\t\t\t<img decoding=\"async\" src=\"https:\/\/dinkpickleball.com\/wp-content\/uploads\/2023\/04\/Collaborative-Approach-.jpeg\" title=\"Abordagem colaborativa\" alt=\"Abordagem colaborativa\" loading=\"lazy\" \/>\t\t\t\t\t\t\t\t\t\t\t\t\t\t<\/p>\n<h3>Op\u00e7\u00f5es de personaliza\u00e7\u00e3o<\/h3>\n<p>Como f\u00e1brica e fabricante, a DinkPickleball pode oferecer aos retalhistas, distribuidores e marcas a oportunidade de encomendas a granel, por atacado e personalizadas, atendendo \u00e0s suas necessidades e prefer\u00eancias espec\u00edficas.<\/p>\n<p>\t\t\t<a role=\"button\"><br \/>\n\t\t\t\t\t\tObter um or\u00e7amento imediato<br \/>\n\t\t\t\t\t<\/a><br \/>\n\t\t\t\t\t\t\t\t\t\t\t\t<img decoding=\"async\" src=\"https:\/\/dinkpickleball.com\/wp-content\/uploads\/2023\/04\/Adaptability-and-Responsiveness-to-Market.jpeg\" title=\"Adaptabilidade e capacidade de resposta ao mercado\" alt=\"Adaptabilidade e capacidade de resposta ao mercado\" loading=\"lazy\" \/>\t\t\t\t\t\t\t\t\t\t\t\t\t\t<\/p>\n<h3>Tecnologia exclusiva<\/h3>\n<p>O nosso processo de termoformagem de vanguarda distingue a DinkPickleball da concorr\u00eancia, oferecendo aos seus clientes o acesso \u00e0s mais recentes inova\u00e7\u00f5es na tecnologia de p\u00e1s de pickleball.<\/p>\n<p>\t\t\t<a role=\"button\"><br \/>\n\t\t\t\t\t\tObter um or\u00e7amento imediato<br \/>\n\t\t\t\t\t<\/a><br \/>\n\t\t\t\t\t\t\t\t\t\t\t\t<img decoding=\"async\" src=\"https:\/\/dinkpickleball.com\/wp-content\/uploads\/2023\/03\/Responsive-Customer-Service.jpg\" title=\"Servi\u00e7o de atendimento ao cliente responsivo\" alt=\"Servi\u00e7o de atendimento ao cliente responsivo\" loading=\"lazy\" \/>\t\t\t\t\t\t\t\t\t\t\t\t\t\t<\/p>\n<h3>Apoio abrangente<\/h3>\n<p>A DinkPickleball est\u00e1 empenhada em fornecer um servi\u00e7o e um apoio ao cliente excepcionais aos nossos retalhistas, distribuidores e marcas. Estamos empenhados em garantir o seu sucesso na promo\u00e7\u00e3o e venda das nossas p\u00e1s termoformadas aos seus clientes.<\/p>\n<p>\t\t\t<a role=\"button\"><br \/>\n\t\t\t\t\t\tObter um or\u00e7amento imediato<br \/>\n\t\t\t\t\t<\/a><\/p>","protected":false},"excerpt":{"rendered":"<p>Thermoformed Pickleball Paddle Factory Thermoformed Pickleball Paddle by DinkPickleball, a cutting-edge innovation in pickleball paddle technology. Our thermoformed paddles combine durability, lightweight design, and superior control, giving players a competitive advantage on the court. Designed for retailers, distributors, and brands, these paddles are manufactured using the latest thermoforming process, ensuring high-quality products that meet USAPA [&hellip;]<\/p>\n","protected":false},"author":1,"featured_media":0,"parent":0,"menu_order":0,"comment_status":"closed","ping_status":"closed","template":"","meta":{"_seopress_robots_primary_cat":"","_seopress_titles_title":"Thermoformed Pickleball Paddle Factory","_seopress_titles_desc":"Thermoformed Pickleball Paddle by DinkPickleball, is a cutting-edge innovation in pickleball paddle technology. Our thermoformed paddles combine durability, lightweight design, and superior control, giving players a competitive advantage on the court. ","_seopress_robots_index":"","footnotes":""},"class_list":["post-14351","page","type-page","status-publish","hentry"],"meta_box":[],"_links":{"self":[{"href":"https:\/\/dinkpickleball.com\/pt\/wp-json\/wp\/v2\/pages\/14351","targetHints":{"allow":["GET"]}}],"collection":[{"href":"https:\/\/dinkpickleball.com\/pt\/wp-json\/wp\/v2\/pages"}],"about":[{"href":"https:\/\/dinkpickleball.com\/pt\/wp-json\/wp\/v2\/types\/page"}],"author":[{"embeddable":true,"href":"https:\/\/dinkpickleball.com\/pt\/wp-json\/wp\/v2\/users\/1"}],"replies":[{"embeddable":true,"href":"https:\/\/dinkpickleball.com\/pt\/wp-json\/wp\/v2\/comments?post=14351"}],"version-history":[{"count":23,"href":"https:\/\/dinkpickleball.com\/pt\/wp-json\/wp\/v2\/pages\/14351\/revisions"}],"predecessor-version":[{"id":15181,"href":"https:\/\/dinkpickleball.com\/pt\/wp-json\/wp\/v2\/pages\/14351\/revisions\/15181"}],"wp:attachment":[{"href":"https:\/\/dinkpickleball.com\/pt\/wp-json\/wp\/v2\/media?parent=14351"}],"curies":[{"name":"wp","href":"https:\/\/api.w.org\/{rel}","templated":true}]}}