{"id":10472,"date":"2022-05-29T02:38:42","date_gmt":"2022-05-28T18:38:42","guid":{"rendered":"https:\/\/dinkpickleball.com\/?page_id=10472"},"modified":"2025-01-13T22:15:05","modified_gmt":"2025-01-13T14:15:05","slug":"balls","status":"publish","type":"page","link":"https:\/\/dinkpickleball.com\/pt\/balls\/","title":{"rendered":"Bolas"},"content":{"rendered":"<h1>Bola de Pickleball por atacado a pre\u00e7o de f\u00e1brica<\/h1>\n<h3>A DinkPickleball orgulha-se de oferecer bolas de pickleball de alta qualidade a pre\u00e7os grossistas. As nossas bolas s\u00e3o fabricadas com materiais da mais alta qualidade que cumprem as normas da USAPA. <\/h3>\n<p>\t\t\t<a role=\"button\"><br \/>\n\t\t\t\t\t\tPedido de cota\u00e7\u00e3o<br \/>\n\t\t\t\t\t<\/a><br \/>\n\t\t\t\t\t\t\t\t\t\t\t\t<img decoding=\"async\" src=\"https:\/\/dinkpickleball.com\/wp-content\/uploads\/elementor\/thumbs\/custom-pickleball-ball-pq3a0g1h697msdprdorg1i8bur38posx8ahar5tv34.png\" title=\"bola de pickleball personalizada\" alt=\"bola de pickleball personalizada\" loading=\"lazy\" \/>\t\t\t\t\t\t\t\t\t\t\t\t\t\t<\/p>\n<h2>Bolas de Pickleball<\/h2>\n<p>A nossa f\u00e1brica produz bolas de pickleball a granel que s\u00e3o perfeitas para qualquer evento, quer se trate de um torneio ou de um jogo casual. As nossas bolas est\u00e3o dispon\u00edveis nos estilos sem costura e com soldadura, para que possa escolher a op\u00e7\u00e3o que melhor se adapta \u00e0s suas necessidades. Utilizamos materiais e artesanato da mais alta qualidade para criar as nossas bolas, pelo que pode ter a certeza de que durar\u00e3o muito tempo. E como s\u00e3o feitas de PP, pode ter a certeza de que resistir\u00e3o mesmo aos jogos mais intensos. As nossas bolas de pickleball s\u00e3o a escolha perfeita para aqueles que querem o melhor em termos de desempenho e durabilidade.<\/p>\n<p>                    <img decoding=\"async\" width=\"500\" height=\"500\" src=\"https:\/\/dinkpickleball.com\/wp-content\/uploads\/2022\/06\/pickleball-ball-1.jpg\" alt=\"bola de pickleball 1\" loading=\"lazy\" srcset=\"https:\/\/dinkpickleball.com\/wp-content\/uploads\/2022\/06\/pickleball-ball-1.jpg 500w, https:\/\/dinkpickleball.com\/wp-content\/uploads\/2022\/06\/pickleball-ball-1-300x300.jpg 300w, https:\/\/dinkpickleball.com\/wp-content\/uploads\/2022\/06\/pickleball-ball-1-150x150.jpg 150w, https:\/\/dinkpickleball.com\/wp-content\/uploads\/2022\/06\/pickleball-ball-1-100x100.jpg 100w\" sizes=\"auto, (max-width: 500px) 100vw, 500px\" \/><\/p>\n<h3>\n                        Esfera sem costura<br \/>\n                    <\/h3>\n<p>                        O design de uma s\u00f3 pe\u00e7a moldada rotacionalmente significa que as bolas voam direitas e verdadeiras, com menos bolas rachadas ou partidas.<br \/>\n                    <img decoding=\"async\" width=\"500\" height=\"500\" src=\"https:\/\/dinkpickleball.com\/wp-content\/uploads\/2022\/06\/pickleball-ball-2.jpg\" alt=\"bola de pickleball 2\" loading=\"lazy\" srcset=\"https:\/\/dinkpickleball.com\/wp-content\/uploads\/2022\/06\/pickleball-ball-2.jpg 500w, https:\/\/dinkpickleball.com\/wp-content\/uploads\/2022\/06\/pickleball-ball-2-300x300.jpg 300w, https:\/\/dinkpickleball.com\/wp-content\/uploads\/2022\/06\/pickleball-ball-2-150x150.jpg 150w, https:\/\/dinkpickleball.com\/wp-content\/uploads\/2022\/06\/pickleball-ball-2-100x100.jpg 100w\" sizes=\"auto, (max-width: 500px) 100vw, 500px\" \/><\/p>\n<h3>\n                        Bola de soldadura<br \/>\n                    <\/h3>\n<p>                        A bola de 40 furos soldada para exterior e a bola de 26 furos soldada para interior s\u00e3o mais econ\u00f3micas para utiliza\u00e7\u00e3o comum.                    <\/p>\n<h2>O que fazemos?<\/h2>\n<p>SOMOS PROFISSIONAIS<\/p>\n<p>\t\t\t        <!-- link opening --><br \/>\n                <!-- end link opening --><\/p>\n<h3>\n                    Consulta gratuita                <\/h3>\n<p>Como quer as suas bolas? Pode ter uma sess\u00e3o de consultoria GRATUITA com os nossos especialistas experientes!<\/p>\n<p>\t\t\t        <!-- link opening --><br \/>\n                <!-- end link opening --><\/p>\n<h3>\n                    Amostras gr\u00e1tis                <\/h3>\n<p>Preocupa-se com a qualidade? Pode pedir amostras gr\u00e1tis para sentir a nossa bola de pickleball a s\u00e9rio!<\/p>\n<p>\t\t\t        <!-- link opening --><br \/>\n                <!-- end link opening --><\/p>\n<h3>\n                    Baixo MOQ requerido                <\/h3>\n<p>Quer ver o feedback do mercado? A sua encomenda pode come\u00e7ar a partir de 100 unidades de pickleballs!<\/p>\n<p>\t\t\t        <!-- link opening --><br \/>\n                <!-- end link opening --><\/p>\n<h3>\n                    Pre\u00e7o direto de f\u00e1brica                <\/h3>\n<p>Sem custos adicionais para as suas encomendas! Todas as bolas de pickleball s\u00e3o fabricadas e vendidas diretamente da nossa f\u00e1brica!<\/p>\n<h2>Bola de Pickleball personalizada<\/h2>\n<p>Procura uma bola de pickleball personalizada, feita \u00e0 medida das suas necessidades?  A DinkPickleball \u00e9 a melhor escolha. Somos o principal fabricante de bolas de pickleball e a nossa marca de f\u00e1brica e de venda por grosso garante-lhe o melhor produto poss\u00edvel. Podemos criar uma bola perfeita para si. Oferecemos bolas de pickleball personalizadas que s\u00e3o perfeitas para qualquer estilo de jogo. Quer necessite de uma bola para jogos de competi\u00e7\u00e3o ou queira simplesmente uma que dure mais tempo, n\u00f3s temos o que precisa. Oferecemos bolas de pickleball personalizadas que s\u00e3o feitas por encomenda e podem ser personalizadas com os seus pr\u00f3prios desenhos exclusivos. Quer esteja \u00e0 procura de uma encomenda em massa para a sua marca ou clube, ou apenas algumas bolas para a sua equipa, podemos satisfazer as suas necessidades. Tamb\u00e9m oferecemos descontos para grandes quantidades de bolas.<\/p>\n<p>Se quiser desenhar a sua bola de pickleball, podemos ajud\u00e1-lo a faz\u00ea-lo gratuitamente. Existem 5 etapas principais no servi\u00e7o.<\/p>\n<ol>\n<li><strong>Selecionar op\u00e7\u00f5es de produtos<\/strong><\/li>\n<\/ol>\n<p>Escolha a cor e o estilo. Temos estilos sem costura e com soldadura. Cores dispon\u00edveis em stock: Amarelo, verde e laranja<\/p>\n<p>\u00a0<\/p>\n<ol start=\"2\">\n<li><strong>Desenhe a sua bola de Pickleball<\/strong><\/li>\n<\/ol>\n<p>Envie-nos o seu texto, log\u00f3tipo, etc. que deseja personalizar. Forneceremos a prova com o seu log\u00f3tipo por e-mail para sua aprova\u00e7\u00e3o.<\/p>\n<p>\u00a0<\/p>\n<ol start=\"3\">\n<li><strong>Pedir o or\u00e7amento<\/strong><\/li>\n<\/ol>\n<p>Depois de confirmada toda a informa\u00e7\u00e3o, fornecer-lhe-emos um or\u00e7amento. Se a quantidade da sua encomenda for inferior a 200 unidades, o pre\u00e7o unit\u00e1rio aumentar\u00e1 ligeiramente.<\/p>\n<p>\u00a0<\/p>\n<ol start=\"4\">\n<li><strong>Prazo de entrega e pagamento<\/strong><\/li>\n<\/ol>\n<p>PRAZO DE ENTREGA: Em geral, cerca de 6-12 dias \u00fateis para 10.000 unidades. Para encomendas muito urgentes, de acordo com o calend\u00e1rio, a produ\u00e7\u00e3o priorit\u00e1ria tamb\u00e9m est\u00e1 dispon\u00edvel. A encomenda de materiais e cores especiais demora mais alguns dias.<\/p>\n<p>PAGAMENTO: \u00c9 necess\u00e1rio um dep\u00f3sito de 40% ao efetuar a encomenda, enviar-lhe-emos as fotografias de produ\u00e7\u00e3o para uma visualiza\u00e7\u00e3o r\u00e1pida e organizaremos a entrega ap\u00f3s o pagamento do saldo de 60%.<\/p>\n<p>\u00a0<\/p>\n<ol start=\"5\">\n<li><strong>Produ\u00e7\u00e3o em massa<\/strong><\/li>\n<\/ol>\n<p>O nosso departamento de produ\u00e7\u00e3o iniciar\u00e1 a sua encomenda de acordo com o seu projeto de aprova\u00e7\u00e3o. Para fazer o log\u00f3tipo nas bolas de pickleball, agora usa-se sobretudo o laser, que durar\u00e1 para sempre.<\/p>\n<p>\t\t\t\t\t\t\t<a href=\"https:\/\/dinkpickleball.com\/wp-content\/uploads\/2022\/06\/custom-pickleball-ball-wholesale-2.jpg\"><br \/>\n\t\t\t\t\t\t\t\t\t\t\t\t\t\t<\/a><br \/>\n\t\t\t\t\t\t\t<a href=\"https:\/\/dinkpickleball.com\/wp-content\/uploads\/2022\/06\/custom-pickleball-ball-wholesale-3.jpg\"><br \/>\n\t\t\t\t\t\t\t\t\t\t\t\t\t\t<\/a><br \/>\n\t\t\t\t\t\t\t<a href=\"https:\/\/dinkpickleball.com\/wp-content\/uploads\/2022\/06\/custom-pickleball-ball-wholesale-4.jpg\"><br \/>\n\t\t\t\t\t\t\t\t\t\t\t\t\t\t<\/a><br \/>\n\t\t\t\t\t\t\t<a href=\"https:\/\/dinkpickleball.com\/wp-content\/uploads\/2022\/06\/custom-pickleball-ball-wholesale-1.jpg\"><br \/>\n\t\t\t\t\t\t\t\t\t\t\t\t\t\t<\/a><br \/>\n\t\t\t<a role=\"button\"><br \/>\n\t\t\t\t\t\tPedido de cota\u00e7\u00e3o<br \/>\n\t\t\t\t\t<\/a><\/p>\n<h2>O que os nossos clientes dizem sobre n\u00f3s<\/h2>\n<p>\t\t\t\t\t\tDurante todo o processo de compra, a PB fez-me sentir muito satisfeito. O vendedor foi muito profissional, fiquei muito satisfeito com o servi\u00e7o e a qualidade da raquete de pickleball personalizada, e o design de impress\u00e3o personalizado \u00e9 v\u00edvido. Adoro-os.<br \/>\n\t\t\t\t\t\t<img decoding=\"async\" src=\"https:\/\/dinkpickleball.com\/wp-content\/uploads\/2022\/06\/picklebase-client-4.jpg\" alt=\"Angela Lee\"><br \/>\n\t\t\t\t\t\t\t\t<cite>Angela LeeCEO<\/cite><br \/>\n\t\t\t\t\t\tA compra de p\u00e1s de pickleball de qualidade superior no estrangeiro \u00e9 por vezes frustrante. Trabalhar com a DinkPickleball \u00e9 muito menos inc\u00f3modo. Os processos de conce\u00e7\u00e3o e de encomenda foram f\u00e1ceis. Tudo o que tenho de fazer \u00e9 sentar-me no escrit\u00f3rio e esperar pela rece\u00e7\u00e3o da mercadoria.<br \/>\n\t\t\t\t\t\t<img decoding=\"async\" src=\"https:\/\/dinkpickleball.com\/wp-content\/uploads\/2022\/06\/y11.png\" alt=\"Mike Stuart\"><br \/>\n\t\t\t\t\t\t\t\t<cite>Mike StuartComprador<\/cite><br \/>\n\t\t\t\t\t\tQuero agradecer-vos imenso durante todo o processo! Tudo, desde o or\u00e7amento, ao pagamento, \u00e0 amostra, \u00e0 produ\u00e7\u00e3o e \u00e0 entrega, foi muito r\u00e1pido. Foi um prazer fazer neg\u00f3cio convosco. Mais uma vez, muito obrigado!<br \/>\n\t\t\t\t\t\t<img decoding=\"async\" src=\"https:\/\/dinkpickleball.com\/wp-content\/uploads\/2022\/06\/picklebase-client-1.jpg\" alt=\"Gislaine Vanhook\"><br \/>\n\t\t\t\t\t\t\t\t<cite>Gislaine VanhookEspecialista de produto<\/cite><br \/>\n\t\t\t\t\t\tAcess\u00edvel, com estilo e um servi\u00e7o espetacular. Os mi\u00fados adoram as p\u00e1s de pickleball personalizadas! T\u00eam sido um enorme sucesso! O resultado foi \u00f3timo e os mi\u00fados adoram-nas e foi um prazer trabalhar com voc\u00eas. A entrega foi efectuada com anteced\u00eancia. Muito obrigado!<br \/>\n\t\t\t\t\t\t<img decoding=\"async\" src=\"https:\/\/dinkpickleball.com\/wp-content\/uploads\/2022\/06\/picklebase-client-3.jpg\" alt=\"Alex Hannifin\"><br \/>\n\t\t\t\t\t\t\t\t<cite>Alex HannifinAdministrador de escrit\u00f3rio<\/cite><br \/>\n\t\t\t\t\t\tA DinkPickleball \u00e9 de longe o melhor fornecedor de raquetes de pickleball com quem j\u00e1 trabalh\u00e1mos! Visit\u00e1mos a f\u00e1brica na China e fic\u00e1mos agradavelmente surpreendidos com o empenho que colocaram em cada um dos produtos.<br \/>\n\t\t\t\t\t\t<img decoding=\"async\" src=\"https:\/\/dinkpickleball.com\/wp-content\/uploads\/2022\/06\/picklebase-client-2.jpg\" alt=\"Jo\u00e3o Ningu\u00e9m\"><br \/>\n\t\t\t\t\t\t\t\t<cite>Jo\u00e3o Ningu\u00e9mComprador<\/cite>\t\t\t<\/p>\n<figure><img decoding=\"async\" src=\"https:\/\/dinkpickleball.com\/wp-content\/uploads\/2022\/06\/onix.png\" alt=\"onix\" \/><\/figure>\n<figure><img decoding=\"async\" src=\"https:\/\/dinkpickleball.com\/wp-content\/uploads\/2022\/06\/Diadem-logo.png\" alt=\"Log\u00f3tipo Diadem\" \/><\/figure>\n<figure><img decoding=\"async\" src=\"https:\/\/dinkpickleball.com\/wp-content\/uploads\/2022\/06\/Gamma.png\" alt=\"Gama\" \/><\/figure>\n<figure><img decoding=\"async\" src=\"https:\/\/dinkpickleball.com\/wp-content\/uploads\/2022\/06\/niupipo.png\" alt=\"niupipo\" \/><\/figure>\n<figure><img decoding=\"async\" src=\"https:\/\/dinkpickleball.com\/wp-content\/uploads\/2022\/06\/Paddletek.png\" alt=\"Paddletek\" \/><\/figure>\n<h2>Certifica\u00e7\u00e3o<\/h2>\n<p>\t\t\t\t\t\t\t\t\t\t\t\t\t\tDeslizamento anterior<br \/>\n\t\t\t\t\t\t\t\t\t\t\t\t\t\tPr\u00f3ximo slide<\/p>\n<h2>Embalagem para bolas<\/h2>\n<p>Caixa PET para embalagem de bolas de 3 ou 6 unidades. A cor e o log\u00f3tipo s\u00e3o personalizados<\/p>\n<p>Saco de rede para bolas de 3,4,6,12pcs QTY opcional<\/p>\n<p>Caixa individual personalizada para bolas de 3,4,6,12 unidades<\/p>\n<p>Caixa de cart\u00e3o individual personalizada para v\u00e1rios conjuntos de bolas<\/p>\n<p>Saco de pl\u00e1stico personalizado para bolas de 3,4,6,12pcs<\/p>\n<p>Saco de pl\u00e1stico composto adesivo personalizado para algumas bolas<\/p>\n<p>\t\t\t\t\t\t\t\t\t\t\t\t<img decoding=\"async\" width=\"1500\" height=\"396\" src=\"https:\/\/dinkpickleball.com\/wp-content\/uploads\/2022\/06\/Package-For-Balls.jpg\" alt=\"Embalagem para bolas\" loading=\"lazy\" srcset=\"https:\/\/dinkpickleball.com\/wp-content\/uploads\/2022\/06\/Package-For-Balls.jpg 1500w, https:\/\/dinkpickleball.com\/wp-content\/uploads\/2022\/06\/Package-For-Balls-300x79.jpg 300w, https:\/\/dinkpickleball.com\/wp-content\/uploads\/2022\/06\/Package-For-Balls-1024x270.jpg 1024w, https:\/\/dinkpickleball.com\/wp-content\/uploads\/2022\/06\/Package-For-Balls-768x203.jpg 768w, https:\/\/dinkpickleball.com\/wp-content\/uploads\/2022\/06\/Package-For-Balls-600x158.jpg 600w\" sizes=\"auto, (max-width: 1500px) 100vw, 1500px\" \/>\t\t\t\t\t\t\t\t\t\t\t\t\t\t<\/p>\n<h2>Bolas de Pickleball personalizadas por atacado<\/h2>\n<p>Oferecemos bolas de pickleball personalizadas diretamente da f\u00e1brica a pre\u00e7os grossistas. Ajudamo-lo a evitar as armadilhas para fornecer a qualidade e o valor de que as suas bolas de pickleball personalizadas necessitam, dentro do prazo e do or\u00e7amento.<\/p>","protected":false},"excerpt":{"rendered":"<p>Pickleball Ball Wholesale at Factory Price The DinkPickleball is proud to offer high-quality pickleball balls at wholesale prices. Our balls are made from the highest quality materials that meet USAPA standards. Request For Quotation Pickleball Balls Our factory produces bulk pickleballs that are perfect for any event, whether it be a tournament or a casual [&hellip;]<\/p>\n","protected":false},"author":1,"featured_media":0,"parent":0,"menu_order":0,"comment_status":"closed","ping_status":"closed","template":"","meta":{"_seopress_robots_primary_cat":"","_seopress_titles_title":"Pickleball Ball Wholesale at Factory Price","_seopress_titles_desc":"The DinkPickleball is proud to offer high-quality pickleball balls at wholesale prices. Our balls are made from the highest quality materials that meet USAPA standards.","_seopress_robots_index":"","footnotes":""},"class_list":["post-10472","page","type-page","status-publish","hentry"],"meta_box":[],"_links":{"self":[{"href":"https:\/\/dinkpickleball.com\/pt\/wp-json\/wp\/v2\/pages\/10472","targetHints":{"allow":["GET"]}}],"collection":[{"href":"https:\/\/dinkpickleball.com\/pt\/wp-json\/wp\/v2\/pages"}],"about":[{"href":"https:\/\/dinkpickleball.com\/pt\/wp-json\/wp\/v2\/types\/page"}],"author":[{"embeddable":true,"href":"https:\/\/dinkpickleball.com\/pt\/wp-json\/wp\/v2\/users\/1"}],"replies":[{"embeddable":true,"href":"https:\/\/dinkpickleball.com\/pt\/wp-json\/wp\/v2\/comments?post=10472"}],"version-history":[{"count":89,"href":"https:\/\/dinkpickleball.com\/pt\/wp-json\/wp\/v2\/pages\/10472\/revisions"}],"predecessor-version":[{"id":16268,"href":"https:\/\/dinkpickleball.com\/pt\/wp-json\/wp\/v2\/pages\/10472\/revisions\/16268"}],"wp:attachment":[{"href":"https:\/\/dinkpickleball.com\/pt\/wp-json\/wp\/v2\/media?parent=10472"}],"curies":[{"name":"wp","href":"https:\/\/api.w.org\/{rel}","templated":true}]}}