{"id":9,"date":"2020-03-29T19:17:09","date_gmt":"2020-03-29T11:17:09","guid":{"rendered":"https:\/\/dinkpickleball.com\/?page_id=9"},"modified":"2025-08-20T15:37:06","modified_gmt":"2025-08-20T07:37:06","slug":"about-us","status":"publish","type":"page","link":"https:\/\/dinkpickleball.com\/fr\/about-us\/","title":{"rendered":"A propos de nous"},"content":{"rendered":"<h2>DinkPickleball<\/h2>\n<h2>Sp\u00e9cialis\u00e9 dans la conception et la fabrication de produits de pickleball sur mesure<\/p>\n<p>Pickleball Produits promotionnels et cadeaux Fournisseur<\/h2>\n<p>\t\t\t<a role=\"button\"><br \/>\n\t\t\t\t\t\tDemande de devis<br \/>\n\t\t\t\t\t<\/a><br \/>\n\t\t\t\t\t\t\t\t\t\t\t\t<img decoding=\"async\" src=\"https:\/\/dinkpickleball.com\/wp-content\/uploads\/elementor\/thumbs\/coding-isometric-06-pph206rqk3tso5egj5wgx0144dzkgd3nvaemoqtgiq.png\" title=\"codage isom\u00e9trique 06\" alt=\"codage isom\u00e9trique 06\" loading=\"lazy\" \/>\t\t\t\t\t\t\t\t\t\t\t\t\t\t<\/p>\n<h2>Qui est DinkPickleball.com ?<\/h2>\n<p>DinkPickleball.com a \u00e9t\u00e9 fond\u00e9 en 2012, et nous sommes dans ce domaine depuis plus de 10 ans, c'est incroyable !<\/p>\n<p>Nous avons constat\u00e9 qu'il existe aujourd'hui de nombreuses usines et grossistes de produits de pickleball \u00e0 l'\u00e9chelle internationale. Cependant, leur niveau d'artisanat est encore fig\u00e9 \u00e0 quelques ann\u00e9es en arri\u00e8re.<\/p>\n<p>En fait, l'\u00e9quipement de production des produits de pickleball a \u00e9t\u00e9 am\u00e9lior\u00e9 ces derni\u00e8res ann\u00e9es, et DinkPickleball.com esp\u00e8re que notre technologie avanc\u00e9e pourra injecter du sang neuf dans ce march\u00e9. Les consommateurs m\u00e9ritent de meilleurs produits de pickleball.<\/p>\n<p>Notre \u00e9quipe de conception professionnelle vise \u00e0 d\u00e9velopper des produits de pickleball professionnels et pratiques. Nous sommes toujours une usine de confiance qui peut fournir des produits de pickleball comp\u00e9titifs et le meilleur service pour nos clients.<\/p>\n<p>\t\t\t\t\t\t\t<a href=\"https:\/\/dinkpickleball.com\/wp-content\/uploads\/2022\/06\/pickleball-wholesale-1.jpg\"><br \/>\n\t\t\t\t\t\t\t\t\t\t\t\t\t\t<\/a><br \/>\n\t\t\t\t\t\t\t<a href=\"https:\/\/dinkpickleball.com\/wp-content\/uploads\/2022\/06\/pickleball-wholesale-4.jpg\"><br \/>\n\t\t\t\t\t\t\t\t\t\t\t\t\t\t<\/a><br \/>\n\t\t\t\t\t\t\t<a href=\"https:\/\/dinkpickleball.com\/wp-content\/uploads\/2022\/06\/pickleball-wholesale-3.jpg\"><br \/>\n\t\t\t\t\t\t\t\t\t\t\t\t\t\t<\/a><br \/>\n\t\t\t\t\t\t\t<a href=\"https:\/\/dinkpickleball.com\/wp-content\/uploads\/2022\/06\/pickleball-wholesale-2.jpg\"><br \/>\n\t\t\t\t\t\t\t\t\t\t\t\t\t\t<\/a><br \/>\n\t\t\t\t\t\t\t\t\t\t\t\t<img decoding=\"async\" width=\"500\" height=\"500\" src=\"https:\/\/dinkpickleball.com\/wp-content\/uploads\/2022\/05\/COCONUTIO-team.webp.jpg\" alt=\"\u00c9quipe COCONUTIO.webp\" loading=\"lazy\" srcset=\"https:\/\/dinkpickleball.com\/wp-content\/uploads\/2022\/05\/COCONUTIO-team.webp.jpg 500w, https:\/\/dinkpickleball.com\/wp-content\/uploads\/2022\/05\/COCONUTIO-team.webp-300x300.jpg 300w, https:\/\/dinkpickleball.com\/wp-content\/uploads\/2022\/05\/COCONUTIO-team.webp-150x150.jpg 150w, https:\/\/dinkpickleball.com\/wp-content\/uploads\/2022\/05\/COCONUTIO-team.webp-100x100.jpg 100w\" sizes=\"auto, (max-width: 500px) 100vw, 500px\" \/>\t\t\t\t\t\t\t\t\t\t\t\t\t\t<\/p>\n<h2>Des chiffres dont nous sommes fiers<\/h2>\n<p>Nous sommes un fabricant professionnel de produits de pickleball. En nous concentrant sur des mati\u00e8res premi\u00e8res de haute qualit\u00e9 et des technologies avanc\u00e9es, sous la direction de notre \u00e9quipe de march\u00e9 et de produits, nous visons \u00e0 r\u00e9pondre aux normes de qualit\u00e9 les plus \u00e9lev\u00e9es et aux demandes des clients. Nos produits sont principalement export\u00e9s vers les \u00c9tats-Unis, le Canada, l'Australie et d'autres 20 pays, et jouissent d'une bonne r\u00e9putation dans le monde entier.<\/p>\n<p>Le commerce de gros de DinkPickleball n'est jamais facile, mais nous avons suffisamment confiance en nos produits, et ces chiffres t\u00e9moignent de notre d\u00e9veloppement sur le march\u00e9 international, voudriez-vous devenir notre partenaire commercial ?<\/p>\n<h2>100+<\/h2>\n<p>Des clients satisfaits<\/p>\n<h2>20+<\/h2>\n<p>Des pays<\/p>\n<h2>200+<\/h2>\n<p>Salari\u00e9s<\/p>\n<h2>150+<\/h2>\n<p>Un projet r\u00e9ussi<\/p>\n<h2>\n10,000+<\/h2>\n<p>Taille de l'usine<\/p>\n<h2>10+<\/h2>\n<p>\u00c2ge de la personne<\/p>\n<h2>Laissez DinkPickleball.com stimuler votre activit\u00e9 d\u00e8s aujourd'hui !<\/h2>\n<p>DinkPickleball est pr\u00e9sent sur le march\u00e9 de la vente en gros de produits de pickleball depuis 10 ans. Laissez un v\u00e9ritable v\u00e9t\u00e9ran de l'industrie vous fournir des produits de pickleball de haute qualit\u00e9.<\/p>\n<p>\t\t\t\t\t\t\t\t\t\t\t\t<img decoding=\"async\" width=\"800\" height=\"533\" src=\"https:\/\/dinkpickleball.com\/wp-content\/uploads\/2022\/05\/10.-team.webp.jpg\" alt=\"10. \u00e9quipe.webp\" loading=\"lazy\" srcset=\"https:\/\/dinkpickleball.com\/wp-content\/uploads\/2022\/05\/10.-team.webp.jpg 800w, https:\/\/dinkpickleball.com\/wp-content\/uploads\/2022\/05\/10.-team.webp-300x200.jpg 300w, https:\/\/dinkpickleball.com\/wp-content\/uploads\/2022\/05\/10.-team.webp-768x512.jpg 768w, https:\/\/dinkpickleball.com\/wp-content\/uploads\/2022\/05\/10.-team.webp-600x400.jpg 600w\" sizes=\"auto, (max-width: 800px) 100vw, 800px\" \/><\/p>","protected":false},"excerpt":{"rendered":"<p>DinkPickleball Specializes in Custom Pickleball Products Design and Manufacturing Pickleball Promotional Products&amp;Gifts Supplier Request For Quotation Who is DinkPickleball.com? DinkPickleball.com was founded in 2012, and we have been in this field for more than 10 years, amazing! We have seen that today there are also many pickleball products factories and wholesalers internationally. However, their craftsmanship [&hellip;]<\/p>\n","protected":false},"author":1,"featured_media":0,"parent":0,"menu_order":0,"comment_status":"closed","ping_status":"closed","template":"","meta":{"_seopress_robots_primary_cat":"","_seopress_titles_title":"Specializes in Custom Pickleball Products Design and Manufacturing","_seopress_titles_desc":"Our professional design team aims to develop professional and practical pickleball products. We are always a trustful factory that could supply competitive pickleball products and the best service for our customers.","_seopress_robots_index":"","footnotes":""},"class_list":["post-9","page","type-page","status-publish","hentry"],"meta_box":[],"_links":{"self":[{"href":"https:\/\/dinkpickleball.com\/fr\/wp-json\/wp\/v2\/pages\/9","targetHints":{"allow":["GET"]}}],"collection":[{"href":"https:\/\/dinkpickleball.com\/fr\/wp-json\/wp\/v2\/pages"}],"about":[{"href":"https:\/\/dinkpickleball.com\/fr\/wp-json\/wp\/v2\/types\/page"}],"author":[{"embeddable":true,"href":"https:\/\/dinkpickleball.com\/fr\/wp-json\/wp\/v2\/users\/1"}],"replies":[{"embeddable":true,"href":"https:\/\/dinkpickleball.com\/fr\/wp-json\/wp\/v2\/comments?post=9"}],"version-history":[{"count":371,"href":"https:\/\/dinkpickleball.com\/fr\/wp-json\/wp\/v2\/pages\/9\/revisions"}],"predecessor-version":[{"id":16247,"href":"https:\/\/dinkpickleball.com\/fr\/wp-json\/wp\/v2\/pages\/9\/revisions\/16247"}],"wp:attachment":[{"href":"https:\/\/dinkpickleball.com\/fr\/wp-json\/wp\/v2\/media?parent=9"}],"curies":[{"name":"wp","href":"https:\/\/api.w.org\/{rel}","templated":true}]}}