{"id":8,"date":"2020-03-29T19:17:09","date_gmt":"2020-03-29T11:17:09","guid":{"rendered":"https:\/\/dinkpickleball.com\/?page_id=8"},"modified":"2026-03-12T19:57:07","modified_gmt":"2026-03-12T11:57:07","slug":"home","status":"publish","type":"page","link":"https:\/\/dinkpickleball.com\/fr\/","title":{"rendered":"Accueil"},"content":{"rendered":"<p><img loading=\"lazy\" decoding=\"async\" width=\"702\" height=\"500\" src=\"https:\/\/dinkpickleball.com\/wp-content\/uploads\/2022\/05\/pickleball-paddles-factory.png\" alt=\"usine de pagaies de pickleball\" srcset=\"https:\/\/dinkpickleball.com\/wp-content\/uploads\/2022\/05\/pickleball-paddles-factory.png 702w, https:\/\/dinkpickleball.com\/wp-content\/uploads\/2022\/05\/pickleball-paddles-factory-300x214.png 300w, https:\/\/dinkpickleball.com\/wp-content\/uploads\/2022\/05\/pickleball-paddles-factory-600x427.png 600w\" sizes=\"auto, (max-width: 702px) 100vw, 702px\" \/>\t\t\t\t\t\t\t\t\t\t\t\t\t<\/p>\n<h1>Fabricant et grossiste de pagaies de pickleball<\/h1>\n<h2>Plus de 10 ans d'exp\u00e9rience dans la conception et la fabrication de pagaies de pickleball sur mesure<\/h2>\n<p>\t\t\t\t\t<a role=\"button\"><br \/>\n\t\t\t\t\t\t\t\t\tDemande de devis<br \/>\n\t\t\t\t\t<\/a><\/p>\n<h2>Approvisionnement en produits de pickleball aupr\u00e8s de DinkPickleball<\/h2>\n<p>\t\t\t\t\t<a role=\"button\"><br \/>\n\t\t\t\t\t\t\t\t\tStimulez votre activit\u00e9<br \/>\n\t\t\t\t\t<\/a><\/p>\n<h3>\n\t\t\t\t\t\t\tPour OEM\/ODM<br \/>\n\t\t\t\t\t<\/h3>\n<p>\n\t\t\t\t\t\tVous voulez personnaliser une raquette de pickleball ? DinkPickleball peut vous aider \u00e0 d\u00e9velopper votre produit et \u00e0 le rendre r\u00e9el ! Nous vous aidons \u00e0 \u00e9viter les pi\u00e8ges et \u00e0 fournir la qualit\u00e9 et la valeur dont vos balles de pickleball personnalis\u00e9es ont besoin, dans le respect des d\u00e9lais et du budget.\t\t\t\t\t<\/p>\n<h3>\n\t\t\t\t\t\t\tPropri\u00e9taires de marques<br \/>\n\t\t\t\t\t<\/h3>\n<p>\n\t\t\t\t\t\tVous recherchez des pagaies de pickleball pour votre marque ? Nous avons un processus simplifi\u00e9 pour les pagaies de pickleball de marque priv\u00e9e ! Du style personnalis\u00e9 \u00e0 la conception du logo, en passant par l'emballage du produit et m\u00eame la pr\u00e9paration pour le FBA d'Amazon, nous avons tout ce qu'il faut !\t\t\t\t\t<\/p>\n<h3>\n\t\t\t\t\t\t\tGrossistes<br \/>\n\t\t\t\t\t<\/h3>\n<p>\n\t\t\t\t\t\tVous cherchez des centaines de produits diff\u00e9rents pour le pickleball ? Nous proposons des pagaies de pickleball, des balles, des accessoires et bien d'autres choses encore ! Nous fournissons les meilleurs produits de pickleball personnalis\u00e9s pour d\u00e9velopper votre activit\u00e9 et augmenter vos profits.\t\t\t\t\t<\/p>\n<p>\t\t<iframe loading=\"lazy\" title=\"R\u00e9volutionner les pagaies de Pickleball : Dans l&#039;usine de DinkPickleball\" width=\"500\" height=\"281\" src=\"https:\/\/www.youtube.com\/embed\/kPvfvxb44x0?feature=oembed\" frameborder=\"0\" allow=\"accelerometer; autoplay; clipboard-write; encrypted-media; gyroscope; picture-in-picture; web-share\" referrerpolicy=\"strict-origin-when-cross-origin\" allowfullscreen><\/iframe>\t\t<\/p>\n<h2>Am\u00e9liorez votre activit\u00e9, ravissez vos clients<\/h2>\n<p>Augmentez vos ventes et faites revenir vos clients avec les pagaies de pickleball de DinkPickleball. B\u00e9n\u00e9ficiez de nos prix comp\u00e9titifs, de nos remises en gros et d'un support client in\u00e9gal\u00e9, tous con\u00e7us pour vous aider \u00e0 maximiser vos profits tout en fournissant des produits exceptionnels \u00e0 vos clients. Choisissez DinkPickleball comme partenaire de confiance et ouvrez la voie \u00e0 une entreprise de pickleball prosp\u00e8re et couronn\u00e9e de succ\u00e8s.<\/p>\n<p>                <a href=\"https:\/\/dinkpickleball.com\/fr\/thermoformed-pickleball-paddle\/\"><br \/>\n                    <img loading=\"lazy\" decoding=\"async\" width=\"800\" height=\"800\" src=\"https:\/\/dinkpickleball.com\/wp-content\/uploads\/2023\/05\/Thermoformed-Pickleball-Paddle-Factory.png\" alt=\"Fabricant de pagaies de pickleball thermoform\u00e9es\" srcset=\"https:\/\/dinkpickleball.com\/wp-content\/uploads\/2023\/05\/Thermoformed-Pickleball-Paddle-Factory.png 800w, https:\/\/dinkpickleball.com\/wp-content\/uploads\/2023\/05\/Thermoformed-Pickleball-Paddle-Factory-300x300.png 300w, https:\/\/dinkpickleball.com\/wp-content\/uploads\/2023\/05\/Thermoformed-Pickleball-Paddle-Factory-150x150.png 150w, https:\/\/dinkpickleball.com\/wp-content\/uploads\/2023\/05\/Thermoformed-Pickleball-Paddle-Factory-768x768.png 768w, https:\/\/dinkpickleball.com\/wp-content\/uploads\/2023\/05\/Thermoformed-Pickleball-Paddle-Factory-600x600.png 600w, https:\/\/dinkpickleball.com\/wp-content\/uploads\/2023\/05\/Thermoformed-Pickleball-Paddle-Factory-100x100.png 100w\" sizes=\"auto, (max-width: 800px) 100vw, 800px\" \/><br \/>\n                <\/a><\/p>\n<h6>\n                        Pagaie thermoform\u00e9e<br \/>\n                    <\/h6>\n<p>                                                            <a ><br \/>\n                                    Envoyer une demande de renseignements Maintenant                                <\/a><br \/>\n                <a href=\"https:\/\/dinkpickleball.com\/fr\/kevlar-pickleball-paddle\/\"><br \/>\n                    <img loading=\"lazy\" decoding=\"async\" width=\"807\" height=\"807\" src=\"https:\/\/dinkpickleball.com\/wp-content\/uploads\/2024\/01\/kevlar-pickleball-paddle.png\" alt=\"raquette de pickleball en kevlar\" srcset=\"https:\/\/dinkpickleball.com\/wp-content\/uploads\/2024\/01\/kevlar-pickleball-paddle.png 807w, https:\/\/dinkpickleball.com\/wp-content\/uploads\/2024\/01\/kevlar-pickleball-paddle-300x300.png 300w, https:\/\/dinkpickleball.com\/wp-content\/uploads\/2024\/01\/kevlar-pickleball-paddle-150x150.png 150w, https:\/\/dinkpickleball.com\/wp-content\/uploads\/2024\/01\/kevlar-pickleball-paddle-768x768.png 768w\" sizes=\"auto, (max-width: 807px) 100vw, 807px\" \/><br \/>\n                <\/a><\/p>\n<h6>\n                         Pagaie de Pickleball en Kevlar<br \/>\n                    <\/h6>\n<p>                                                            <a ><br \/>\n                                    Envoyer une demande de renseignements Maintenant                                <\/a><br \/>\n                <a href=\"https:\/\/dinkpickleball.com\/fr\/edgeless-pickleball-paddles\/\"><br \/>\n                    <img loading=\"lazy\" decoding=\"async\" width=\"800\" height=\"800\" src=\"https:\/\/dinkpickleball.com\/wp-content\/uploads\/2023\/04\/Edgeless-Pickleball-Paddles.png\" alt=\"Pagaies de Pickleball sans bord\" srcset=\"https:\/\/dinkpickleball.com\/wp-content\/uploads\/2023\/04\/Edgeless-Pickleball-Paddles.png 800w, https:\/\/dinkpickleball.com\/wp-content\/uploads\/2023\/04\/Edgeless-Pickleball-Paddles-300x300.png 300w, https:\/\/dinkpickleball.com\/wp-content\/uploads\/2023\/04\/Edgeless-Pickleball-Paddles-150x150.png 150w, https:\/\/dinkpickleball.com\/wp-content\/uploads\/2023\/04\/Edgeless-Pickleball-Paddles-768x768.png 768w, https:\/\/dinkpickleball.com\/wp-content\/uploads\/2023\/04\/Edgeless-Pickleball-Paddles-600x600.png 600w, https:\/\/dinkpickleball.com\/wp-content\/uploads\/2023\/04\/Edgeless-Pickleball-Paddles-100x100.png 100w\" sizes=\"auto, (max-width: 800px) 100vw, 800px\" \/><br \/>\n                <\/a><\/p>\n<h5>\n                        Pagaies de Pickleball sans bord<br \/>\n                    <\/h5>\n<p>                                                            <a ><br \/>\n                                    Envoyer une demande de renseignements Maintenant                                <\/a><br \/>\n                <a href=\"https:\/\/dinkpickleball.com\/fr\/graphite-pickleball-paddles\/\"><br \/>\n                    <img loading=\"lazy\" decoding=\"async\" width=\"800\" height=\"800\" src=\"https:\/\/dinkpickleball.com\/wp-content\/uploads\/2023\/04\/graphite-paddle.png\" alt=\"pagaie en graphite\" srcset=\"https:\/\/dinkpickleball.com\/wp-content\/uploads\/2023\/04\/graphite-paddle.png 800w, https:\/\/dinkpickleball.com\/wp-content\/uploads\/2023\/04\/graphite-paddle-300x300.png 300w, https:\/\/dinkpickleball.com\/wp-content\/uploads\/2023\/04\/graphite-paddle-150x150.png 150w, https:\/\/dinkpickleball.com\/wp-content\/uploads\/2023\/04\/graphite-paddle-768x768.png 768w, https:\/\/dinkpickleball.com\/wp-content\/uploads\/2023\/04\/graphite-paddle-600x600.png 600w, https:\/\/dinkpickleball.com\/wp-content\/uploads\/2023\/04\/graphite-paddle-100x100.png 100w\" sizes=\"auto, (max-width: 800px) 100vw, 800px\" \/><br \/>\n                <\/a><\/p>\n<h6>\n                        Pagaies de Pickleball en graphite<br \/>\n                    <\/h6>\n<p>                                                            <a ><br \/>\n                                    Envoyer une demande de renseignements Maintenant                                <\/a><br \/>\n                <a href=\"https:\/\/dinkpickleball.com\/fr\/titanium-pickleball-paddle\/\"><br \/>\n                    <img loading=\"lazy\" decoding=\"async\" width=\"1024\" height=\"1024\" src=\"https:\/\/dinkpickleball.com\/wp-content\/uploads\/2024\/07\/Titanium-Pickleball-Paddle.png\" alt=\"pagaie de pickleball en titane\" srcset=\"https:\/\/dinkpickleball.com\/wp-content\/uploads\/2024\/07\/Titanium-Pickleball-Paddle.png 1024w, https:\/\/dinkpickleball.com\/wp-content\/uploads\/2024\/07\/Titanium-Pickleball-Paddle-300x300.png 300w, https:\/\/dinkpickleball.com\/wp-content\/uploads\/2024\/07\/Titanium-Pickleball-Paddle-150x150.png 150w, https:\/\/dinkpickleball.com\/wp-content\/uploads\/2024\/07\/Titanium-Pickleball-Paddle-768x768.png 768w\" sizes=\"auto, (max-width: 1024px) 100vw, 1024px\" \/><br \/>\n                <\/a><\/p>\n<h6>\n                         Pagaie de Pickleball en titane<br \/>\n                    <\/h6>\n<p>                                                            <a ><br \/>\n                                    Envoyer une demande de renseignements Maintenant                                <\/a><br \/>\n                <a href=\"https:\/\/dinkpickleball.com\/fr\/carbon-pickleball-paddles\/\"><br \/>\n                    <img loading=\"lazy\" decoding=\"async\" width=\"800\" height=\"800\" src=\"https:\/\/dinkpickleball.com\/wp-content\/uploads\/2023\/04\/Carbon-Pickleball-Paddles.png\" alt=\"Pagaies de Pickleball en carbone\" srcset=\"https:\/\/dinkpickleball.com\/wp-content\/uploads\/2023\/04\/Carbon-Pickleball-Paddles.png 800w, https:\/\/dinkpickleball.com\/wp-content\/uploads\/2023\/04\/Carbon-Pickleball-Paddles-300x300.png 300w, https:\/\/dinkpickleball.com\/wp-content\/uploads\/2023\/04\/Carbon-Pickleball-Paddles-150x150.png 150w, https:\/\/dinkpickleball.com\/wp-content\/uploads\/2023\/04\/Carbon-Pickleball-Paddles-768x768.png 768w, https:\/\/dinkpickleball.com\/wp-content\/uploads\/2023\/04\/Carbon-Pickleball-Paddles-600x600.png 600w, https:\/\/dinkpickleball.com\/wp-content\/uploads\/2023\/04\/Carbon-Pickleball-Paddles-100x100.png 100w\" sizes=\"auto, (max-width: 800px) 100vw, 800px\" \/><br \/>\n                <\/a><\/p>\n<h6>\n                        Pagaies de Pickleball en carbone<br \/>\n                    <\/h6>\n<p>                                                            <a ><br \/>\n                                    Envoyer une demande de renseignements Maintenant                                <\/a><\/p>\n<h2>Fabricant de pagaies de Pickleball et de Pickleball<\/h2>\n<p>DinkPickleball a \u00e9t\u00e9 fond\u00e9 en 2012. Nous sommes un fabricant professionnel de produits de pickleball approuv\u00e9s par l'USAPA, et notre usine est certifi\u00e9e BSCI et ISO9001.<\/p>\n<p>Nos principaux produits de pickleball comprennent le pickleball, la pagaie de pickleball, le filet de pickleball, les accessoires de pickleball, etc.<\/p>\n<p>Notre client\u00e8le comprend des marques de sport de pickleball, des d\u00e9taillants, des grossistes, des \u00e9coles, des clubs, des organisateurs d'\u00e9v\u00e9nements, etc. La plupart d'entre eux pr\u00e9f\u00e8rent les pagaies de pickleball personnalis\u00e9es, c'est pourquoi nous avons une grande exp\u00e9rience dans la fabrication de pagaies de pickleball OEM\/ODM.<\/p>\n<h3><a href=\"https:\/\/dinkpickleball.com\/fr\/about-us\/\">En savoir plus<\/a><\/h3>\n<figure><img decoding=\"async\" src=\"https:\/\/dinkpickleball.com\/wp-content\/uploads\/2022\/06\/onix.png\" alt=\"onix\" \/><\/figure>\n<figure><img decoding=\"async\" src=\"https:\/\/dinkpickleball.com\/wp-content\/uploads\/2022\/06\/Diadem-logo.png\" alt=\"Logo Diadem\" \/><\/figure>\n<figure><img decoding=\"async\" src=\"https:\/\/dinkpickleball.com\/wp-content\/uploads\/2022\/06\/Gamma.png\" alt=\"Gamma\" \/><\/figure>\n<figure><img decoding=\"async\" src=\"https:\/\/dinkpickleball.com\/wp-content\/uploads\/2022\/06\/Paddletek.png\" alt=\"Paddletek\" \/><\/figure>\n<figure><img decoding=\"async\" src=\"https:\/\/dinkpickleball.com\/wp-content\/uploads\/2023\/04\/RECESS-logo.png\" alt=\"Logo RECESS\" \/><\/figure>\n<figure><img decoding=\"async\" src=\"https:\/\/dinkpickleball.com\/wp-content\/uploads\/2023\/04\/CRBN-logo.png\" alt=\"Logo du CRBN\" \/><\/figure>\n<figure><img decoding=\"async\" src=\"https:\/\/dinkpickleball.com\/wp-content\/uploads\/2023\/04\/STIGA-logo.png\" alt=\"Logo STIGA\" \/><\/figure>\n<figure><img decoding=\"async\" src=\"https:\/\/dinkpickleball.com\/wp-content\/uploads\/2024\/01\/tangerine.png\" alt=\"mandarine\" \/><\/figure>\n<figure><img decoding=\"async\" src=\"https:\/\/dinkpickleball.com\/wp-content\/uploads\/2024\/01\/pickleball-apes.png\" alt=\"les singes du pickleball\" \/><\/figure>\n<figure><img decoding=\"async\" src=\"https:\/\/dinkpickleball.com\/wp-content\/uploads\/2024\/01\/Holbrook.png\" alt=\"holbrook\" \/><\/figure>\n<figure><img decoding=\"async\" src=\"https:\/\/dinkpickleball.com\/wp-content\/uploads\/2024\/01\/6.0.png\" alt=\"6.0\" \/><\/figure>\n<figure><img decoding=\"async\" src=\"https:\/\/dinkpickleball.com\/wp-content\/uploads\/2022\/06\/niupipo.png\" alt=\"niupipo\" \/><\/figure>\n<h2>Nos clients parlent de nous<\/h2>\n<p>\t\t\t\t\t\tPendant tout le processus d'achat, PB m'a fait sentir tr\u00e8s satisfait. Leur vendeur \u00e9tait tr\u00e8s professionnel, j'ai \u00e9t\u00e9 tr\u00e8s satisfait de leur service et de la qualit\u00e9 des pagaies de pickleball personnalis\u00e9es, et le design de l'impression personnalis\u00e9e est \u00e9clatant. Je les adore.<br \/>\n\t\t\t\t\t\t<img decoding=\"async\" src=\"https:\/\/dinkpickleball.com\/wp-content\/uploads\/2022\/06\/picklebase-client-4.jpg\" alt=\"Angela Lee\"><br \/>\n\t\t\t\t\t\t\t\t<cite>Angela LeeCEO<\/cite><br \/>\n\t\t\t\t\t\tS'approvisionner en pagaies de pickleball \u00e0 l'\u00e9tranger est parfois frustrant. Travailler avec DinkPickleball est beaucoup moins compliqu\u00e9. Les processus de conception et de commande ont \u00e9t\u00e9 faciles. Tout ce que j'ai \u00e0 faire, c'est de m'asseoir au bureau et d'attendre de recevoir les marchandises.<br \/>\n\t\t\t\t\t\t<img decoding=\"async\" src=\"https:\/\/dinkpickleball.com\/wp-content\/uploads\/2022\/06\/y11.png\" alt=\"Mike Stuart\"><br \/>\n\t\t\t\t\t\t\t\t<cite>Mike StuartAcheteur<\/cite><br \/>\n\t\t\t\t\t\tJe tiens \u00e0 vous remercier chaleureusement tout au long du processus ! Tout a \u00e9t\u00e9 tr\u00e8s rapide, du devis au paiement, en passant par l'\u00e9chantillon, la production et la livraison. Ce fut un plaisir de travailler avec vous. Je vous remercie encore une fois !<br \/>\n\t\t\t\t\t\t<img decoding=\"async\" src=\"https:\/\/dinkpickleball.com\/wp-content\/uploads\/2022\/06\/picklebase-client-1.jpg\" alt=\"Gislaine Vanhook\"><br \/>\n\t\t\t\t\t\t\t\t<cite>Gislaine VanhookSp\u00e9cialiste du produit<\/cite><br \/>\n\t\t\t\t\t\tAbordables, \u00e9l\u00e9gantes, un service formidable. Les enfants adorent les pagaies de pickleball personnalis\u00e9es ! Elles ont eu un \u00e9norme succ\u00e8s ! Les enfants les adorent et c'est un plaisir de travailler avec vous. La livraison s'est faite en avance. Merci beaucoup !<br \/>\n\t\t\t\t\t\t<img decoding=\"async\" src=\"https:\/\/dinkpickleball.com\/wp-content\/uploads\/2022\/06\/picklebase-client-3.jpg\" alt=\"Alex Hannifin\"><br \/>\n\t\t\t\t\t\t\t\t<cite>Alex HannifinAdministrateur de bureau<\/cite><br \/>\n\t\t\t\t\t\tDinkPickleball est de loin le meilleur fournisseur de pagaies de pickleball avec lequel nous avons travaill\u00e9 ! Nous avons visit\u00e9 l'usine en Chine et nous avons \u00e9t\u00e9 agr\u00e9ablement surpris par le c\u0153ur qu'ils mettent dans chacun de leurs produits.<br \/>\n\t\t\t\t\t\t<img decoding=\"async\" src=\"https:\/\/dinkpickleball.com\/wp-content\/uploads\/2022\/06\/picklebase-client-2.jpg\" alt=\"Jean Dupont\"><br \/>\n\t\t\t\t\t\t\t\t<cite>John DoeAcheteur<\/cite>\t\t\t<\/p>\n<h2>Pourquoi DinkPickleball<\/h2>\n<h2>Haute qualit\u00e9<\/h2>\n<p>Des mat\u00e9riaux de haute qualit\u00e9 et des machines de pointe permettent de fabriquer des produits de premi\u00e8re qualit\u00e9.<\/p>\n<h2>Cha\u00eene d'approvisionnement<\/h2>\n<p>10 ans d'exp\u00e9rience pour contr\u00f4ler les produits de qualit\u00e9 stable avec les normes les plus \u00e9lev\u00e9es.<\/p>\n<h2>Faible MOQ<\/h2>\n<p>En tant que fabricant de premier plan, nous pouvons servir un plus grand nombre de clients en acceptant des commandes \u00e0 faible quantit\u00e9.<\/p>\n<h2>Un grand soutien<\/h2>\n<p>Haute satisfaction avec une r\u00e9ponse rapide dans les 24 heures * 365 jours. 7 ans d'exp\u00e9rience dans le domaine de la vente permettent de communiquer efficacement avec vous.<\/p>\n<h2>OEM \/ODM disponible<\/h2>\n<p>Que vous souhaitiez que votre logo soit imprim\u00e9 sur le Pickleball et les pagaies ou que vous souhaitiez le concevoir diff\u00e9remment, nous pouvons vous aider.<\/p>\n<h2>Livraison rapide<\/h2>\n<p>Notre forte productivit\u00e9 et notre riche exp\u00e9rience en mati\u00e8re de vente peuvent garantir la livraison rapide de votre commande.<\/p>\n<h2>Demandez-nous ce que vous voulez<\/h2>\n<p>\t\t\t\t\t\t\t\t\t\t\t\t<a tabindex=\"0\">Vous \u00eates un fabricant ou une soci\u00e9t\u00e9 commerciale ? <\/a><\/p>\n<p>Nous sommes un fabricant exp\u00e9riment\u00e9 et professionnel situ\u00e9 \u00e0 Dongguan, en Chine, et nous poss\u00e9dons notre propre soci\u00e9t\u00e9 commerciale.<\/p>\n<p>\t\t\t\t\t\t\t\t\t\t\t\t<a tabindex=\"0\">Qu'en est-il du prix ? Pouvez-vous le rendre moins cher ?<\/a><\/p>\n<p>Oui, nous esp\u00e9rons pouvoir \u00e9tablir une coop\u00e9ration \u00e0 long terme et de bonnes relations commerciales avec vous. Veuillez indiquer la quantit\u00e9 command\u00e9e et d'autres exigences sp\u00e9cifiques, nous v\u00e9rifierons le meilleur prix pour vous.<\/p>\n<p>\t\t\t\t\t\t\t\t\t\t\t\t<a tabindex=\"0\">Si la forme de votre cadre de pagaie me pla\u00eet, puis-je passer des commandes OEM\/ODM ? <\/a><\/p>\n<p>Oui, nous avons d'autres formes. Veuillez nous contacter par Email\/WhatsApp pour plus d'informations, nous vous r\u00e9pondrons dans les 24 heures.<\/p>\n<p>\t\t\t\t\t\t\t\t\t\t\t\t<a tabindex=\"0\">Qu'en est-il du d\u00e9lai d'ex\u00e9cution ?<\/a><\/p>\n<p>Normalement, le d\u00e9lai est de 7 \u00e0 15 jours ouvrables, en fonction de la quantit\u00e9 command\u00e9e et de notre calendrier de commandes.<\/p>\n<p>\t\t\t\t\t\t\t\t\t\t\t\t<a tabindex=\"0\">Puis-je cr\u00e9er une nouvelle forme de raquette de pickleball ?<\/a><\/p>\n<p>Nous pouvons la fabriquer en fonction de vos d\u00e9tails et de vos exigences. Indiquez-nous les dimensions de la pagaie finie que vous souhaitez.<\/p>\n<p>\t\t\t\t\t\t\t\t\t\t\t\t<a tabindex=\"0\">Quels sont les mat\u00e9riaux utilis\u00e9s pour les pagaies de pickleball ?<\/a><\/p>\n<p>Graphite\/fibre de carbone\/fibre de verre pour la surface de la pagaie, nid d'abeille en polym\u00e8re\/aramide (Nomex)\/nid d'abeille en aluminium pour l'\u00e2me. Ce sont les mat\u00e9riaux les meilleurs et les plus courants pour la production de pagaies. Le nid d'abeille en fibre de verre + PP est le plus vendu.<\/p>\n<p>\t\t\t\t\t\t\t\t\t\t\t\t<a tabindex=\"0\">Puis-je imprimer un logo\/graphique sur une raquette, une balle, une housse, un sac ou une bo\u00eete de pickleball ?<\/a><\/p>\n<p>Oui, nous proposons un service d'impression personnalis\u00e9e. Nous aurons besoin de vos documents de conception\/logo, puis nous ferons une \u00e9preuve et un \u00e9chantillon de pr\u00e9-production pour votre approbation.<\/p>\n<p>\t\t\t\t\t\t\t\t\t\t\t\t<a tabindex=\"0\">Qu'en est-il du d\u00e9lai de livraison ?<\/a><\/p>\n<p>Pour les \u00c9tats-Unis, le d\u00e9lai de livraison express est de 5 \u00e0 9 jours ouvrables, le d\u00e9lai de livraison maritime est de 20 \u00e0 32 jours ouvrables. Vous pouvez choisir le mode d'exp\u00e9dition en fonction de votre emploi du temps.<\/p>\n<h2> Derniers blogs<\/h2>\n<h2>La vente en gros de pagaies de pickleball personnalis\u00e9es peut \u00eatre facile et s\u00fbre<\/h2>\n<p>Vous avez besoin de plus qu'une simple balle de pickleball, vous avez besoin d'un fournisseur exp\u00e9riment\u00e9 qui travaille dans ce domaine depuis 10 ans pour construire votre marque et augmenter vos profits. Laissez DinkPickleball vous aider \u00e0 atteindre le succ\u00e8s commercial.<\/p>\n<p>\t\t\t\t\t<a role=\"button\"><br \/>\n\t\t\t\t\t\t\t\t\tobtenir un devis rapide<br \/>\n\t\t\t\t\t<\/a><br \/>\n\t\t\t\t\t<a href=\"\/fr\/custom-paddles\/\"><br \/>\n\t\t\t\t\t\t\t\t\tEXPLORER LES PAGAIES PERSONNALIS\u00c9ES<br \/>\n\t\t\t\t\t<\/a><\/p>","protected":false},"excerpt":{"rendered":"<p>Pickleball Paddle Manufacturer and Wholesale Over 10 Years of Experience In Custom Pickleball Paddle Design &amp; Manufacturing Request For Quotation Sourcing Pickleball Producsts from DinkPickleball Boost Your Business For OEM\/ODM Want to customize pickleball paddle? DinkPickleball can help develop your product and make it into a real one! We help you avoid the pitfalls to [&hellip;]<\/p>\n","protected":false},"author":1,"featured_media":0,"parent":0,"menu_order":0,"comment_status":"closed","ping_status":"closed","template":"","meta":{"_seopress_robots_primary_cat":"","_seopress_titles_title":"Pickleball Paddle Manufacturer","_seopress_titles_desc":"You need more than just a single pickleball, you need a veteran supplier who has been in this field for 10 years to build your brand and grow your profits.","_seopress_robots_index":"","footnotes":""},"class_list":["post-8","page","type-page","status-publish","hentry"],"meta_box":[],"_links":{"self":[{"href":"https:\/\/dinkpickleball.com\/fr\/wp-json\/wp\/v2\/pages\/8","targetHints":{"allow":["GET"]}}],"collection":[{"href":"https:\/\/dinkpickleball.com\/fr\/wp-json\/wp\/v2\/pages"}],"about":[{"href":"https:\/\/dinkpickleball.com\/fr\/wp-json\/wp\/v2\/types\/page"}],"author":[{"embeddable":true,"href":"https:\/\/dinkpickleball.com\/fr\/wp-json\/wp\/v2\/users\/1"}],"replies":[{"embeddable":true,"href":"https:\/\/dinkpickleball.com\/fr\/wp-json\/wp\/v2\/comments?post=8"}],"version-history":[{"count":101,"href":"https:\/\/dinkpickleball.com\/fr\/wp-json\/wp\/v2\/pages\/8\/revisions"}],"predecessor-version":[{"id":16241,"href":"https:\/\/dinkpickleball.com\/fr\/wp-json\/wp\/v2\/pages\/8\/revisions\/16241"}],"wp:attachment":[{"href":"https:\/\/dinkpickleball.com\/fr\/wp-json\/wp\/v2\/media?parent=8"}],"curies":[{"name":"wp","href":"https:\/\/api.w.org\/{rel}","templated":true}]}}