{"id":15891,"date":"2024-06-14T17:19:35","date_gmt":"2024-06-14T09:19:35","guid":{"rendered":"https:\/\/dinkpickleball.com\/?page_id=15891"},"modified":"2025-01-13T21:58:00","modified_gmt":"2025-01-13T13:58:00","slug":"pickleball-bag","status":"publish","type":"page","link":"https:\/\/dinkpickleball.com\/fr\/pickleball-bag\/","title":{"rendered":"Sac de pickleball"},"content":{"rendered":"<h1>Sac de pickleball personnalis\u00e9<\/h1>\n<p>Nos sacs de pickleball personnalis\u00e9s sont parfaits pour les d\u00e9taillants, les distributeurs et les marques qui cherchent \u00e0 offrir des produits uniques \u00e0 leurs clients. Nous travaillons en \u00e9troite collaboration avec vous pour nous assurer que votre marque et vos sp\u00e9cifications de conception sont respect\u00e9es, cr\u00e9ant ainsi un produit qui se d\u00e9marque sur le march\u00e9.<\/p>\n<p>\t\t\t<a role=\"button\"><br \/>\n\t\t\t\t\t\t\t\t\tObtenir un devis rapide<br \/>\n\t\t\t\t\t<\/a><br \/>\n\t\t\t\t\t\t\t\t\t\t\t\t\t<img loading=\"lazy\" decoding=\"async\" width=\"1024\" height=\"1024\" src=\"https:\/\/dinkpickleball.com\/wp-content\/uploads\/2024\/06\/pickleball-bag.png\" alt=\"sac de pickleball\" srcset=\"https:\/\/dinkpickleball.com\/wp-content\/uploads\/2024\/06\/pickleball-bag.png 1024w, https:\/\/dinkpickleball.com\/wp-content\/uploads\/2024\/06\/pickleball-bag-300x300.png 300w, https:\/\/dinkpickleball.com\/wp-content\/uploads\/2024\/06\/pickleball-bag-150x150.png 150w, https:\/\/dinkpickleball.com\/wp-content\/uploads\/2024\/06\/pickleball-bag-768x768.png 768w\" sizes=\"auto, (max-width: 1024px) 100vw, 1024px\" \/>\t\t\t\t\t\t\t\t\t\t\t\t\t<\/p>\n<h2>Sur mesure pour votre marque<\/h2>\n<p>Notre <strong>sacs de pickleball personnalis\u00e9s<\/strong> peuvent \u00eatre personnalis\u00e9s pour pr\u00e9senter le logo, les couleurs et les motifs uniques de votre marque, vous aidant ainsi \u00e0 cr\u00e9er une ligne de produits distinctive qui trouve un \u00e9cho aupr\u00e8s de votre march\u00e9 cible. Cette personnalisation permet non seulement d'am\u00e9liorer la reconnaissance de la marque, mais aussi d'ajouter de la valeur \u00e0 vos offres.<\/p>\n<figure class='gallery-item'>\n\t\t\t\t<a  href='https:\/\/dinkpickleball.com\/wp-content\/uploads\/2024\/06\/pickleball-backpack.jpeg'><img loading=\"lazy\" width=\"800\" height=\"800\" src=\"https:\/\/dinkpickleball.com\/wp-content\/uploads\/2024\/06\/pickleball-backpack.jpeg\" alt=\"sac \u00e0 dos pour pickleball\" decoding=\"async\" srcset=\"https:\/\/dinkpickleball.com\/wp-content\/uploads\/2024\/06\/pickleball-backpack.jpeg 800w, https:\/\/dinkpickleball.com\/wp-content\/uploads\/2024\/06\/pickleball-backpack-300x300.jpeg 300w, https:\/\/dinkpickleball.com\/wp-content\/uploads\/2024\/06\/pickleball-backpack-150x150.jpeg 150w, https:\/\/dinkpickleball.com\/wp-content\/uploads\/2024\/06\/pickleball-backpack-768x768.jpeg 768w\" sizes=\"auto, (max-width: 800px) 100vw, 800px\" \/><\/a><br \/>\n\t\t\t<\/figure>\n<figure class='gallery-item'>\n\t\t\t\t<a  href='https:\/\/dinkpickleball.com\/wp-content\/uploads\/2024\/06\/pickleball-bag-manufacturer.jpeg'><img loading=\"lazy\" width=\"720\" height=\"720\" src=\"https:\/\/dinkpickleball.com\/wp-content\/uploads\/2024\/06\/pickleball-bag-manufacturer.jpeg\" alt=\"Fabricant de sacs de pickleball\" decoding=\"async\" srcset=\"https:\/\/dinkpickleball.com\/wp-content\/uploads\/2024\/06\/pickleball-bag-manufacturer.jpeg 720w, https:\/\/dinkpickleball.com\/wp-content\/uploads\/2024\/06\/pickleball-bag-manufacturer-300x300.jpeg 300w, https:\/\/dinkpickleball.com\/wp-content\/uploads\/2024\/06\/pickleball-bag-manufacturer-150x150.jpeg 150w\" sizes=\"auto, (max-width: 720px) 100vw, 720px\" \/><\/a><br \/>\n\t\t\t<\/figure>\n<figure class='gallery-item'>\n\t\t\t\t<a  href='https:\/\/dinkpickleball.com\/wp-content\/uploads\/2024\/06\/pickleball-bag-wholesale.jpeg'><img loading=\"lazy\" width=\"720\" height=\"720\" src=\"https:\/\/dinkpickleball.com\/wp-content\/uploads\/2024\/06\/pickleball-bag-wholesale.jpeg\" alt=\"Sac de pickleball en gros\" decoding=\"async\" srcset=\"https:\/\/dinkpickleball.com\/wp-content\/uploads\/2024\/06\/pickleball-bag-wholesale.jpeg 720w, https:\/\/dinkpickleball.com\/wp-content\/uploads\/2024\/06\/pickleball-bag-wholesale-300x300.jpeg 300w, https:\/\/dinkpickleball.com\/wp-content\/uploads\/2024\/06\/pickleball-bag-wholesale-150x150.jpeg 150w\" sizes=\"auto, (max-width: 720px) 100vw, 720px\" \/><\/a><br \/>\n\t\t\t<\/figure>\n<figure class='gallery-item'>\n\t\t\t\t<a  href='https:\/\/dinkpickleball.com\/wp-content\/uploads\/2024\/06\/pickleball-paddle-bag.jpeg'><img loading=\"lazy\" width=\"800\" height=\"800\" src=\"https:\/\/dinkpickleball.com\/wp-content\/uploads\/2024\/06\/pickleball-paddle-bag.jpeg\" alt=\"sac de padel pickleball\" decoding=\"async\" srcset=\"https:\/\/dinkpickleball.com\/wp-content\/uploads\/2024\/06\/pickleball-paddle-bag.jpeg 800w, https:\/\/dinkpickleball.com\/wp-content\/uploads\/2024\/06\/pickleball-paddle-bag-300x300.jpeg 300w, https:\/\/dinkpickleball.com\/wp-content\/uploads\/2024\/06\/pickleball-paddle-bag-150x150.jpeg 150w, https:\/\/dinkpickleball.com\/wp-content\/uploads\/2024\/06\/pickleball-paddle-bag-768x768.jpeg 768w\" sizes=\"auto, (max-width: 800px) 100vw, 800px\" \/><\/a><br \/>\n\t\t\t<\/figure>\n<figure class='gallery-item'>\n\t\t\t\t<a  href='https:\/\/dinkpickleball.com\/wp-content\/uploads\/2024\/06\/pickleball-bag-factory.jpg'><img loading=\"lazy\" width=\"1000\" height=\"1000\" src=\"https:\/\/dinkpickleball.com\/wp-content\/uploads\/2024\/06\/pickleball-bag-factory.jpg\" alt=\"fabrique de sacs de pickleball\" decoding=\"async\" srcset=\"https:\/\/dinkpickleball.com\/wp-content\/uploads\/2024\/06\/pickleball-bag-factory.jpg 1000w, https:\/\/dinkpickleball.com\/wp-content\/uploads\/2024\/06\/pickleball-bag-factory-300x300.jpg 300w, https:\/\/dinkpickleball.com\/wp-content\/uploads\/2024\/06\/pickleball-bag-factory-150x150.jpg 150w, https:\/\/dinkpickleball.com\/wp-content\/uploads\/2024\/06\/pickleball-bag-factory-768x768.jpg 768w\" sizes=\"auto, (max-width: 1000px) 100vw, 1000px\" \/><\/a><br \/>\n\t\t\t<\/figure>\n<figure class='gallery-item'>\n\t\t\t\t<a  href='https:\/\/dinkpickleball.com\/wp-content\/uploads\/2024\/06\/custom-pickleball-bag.png'><img loading=\"lazy\" width=\"753\" height=\"735\" src=\"https:\/\/dinkpickleball.com\/wp-content\/uploads\/2024\/06\/custom-pickleball-bag.png\" alt=\"sac de pickleball personnalis\u00e9\" decoding=\"async\" srcset=\"https:\/\/dinkpickleball.com\/wp-content\/uploads\/2024\/06\/custom-pickleball-bag.png 753w, https:\/\/dinkpickleball.com\/wp-content\/uploads\/2024\/06\/custom-pickleball-bag-300x293.png 300w\" sizes=\"auto, (max-width: 753px) 100vw, 753px\" \/><\/a><br \/>\n\t\t\t<\/figure>\n<h2>Personnaliser \u00e0 la perfection<\/h2>\n<p><strong>Am\u00e9liorez votre marque avec les sacs de pickleball personnalis\u00e9s de DinkPickleball<\/strong><\/p>\n<h2> Prix de gros comp\u00e9titifs<\/h2>\n<p>Notre mod\u00e8le de prix de gros est con\u00e7u pour permettre aux clients B2B de r\u00e9aliser d'importantes \u00e9conomies. En vous associant \u00e0 DinkPickleball, vous b\u00e9n\u00e9ficiez de nos prix comp\u00e9titifs, ce qui vous permet de maximiser vos marges b\u00e9n\u00e9ficiaires tout en offrant des produits de haute qualit\u00e9 \u00e0 vos clients.<\/p>\n<h2>Options de personnalisation \u00e9tendues<\/h2>\n<p>DinkPickleball offre un large \u00e9ventail d'options de personnalisation pour r\u00e9pondre \u00e0 vos besoins sp\u00e9cifiques. Que vous souhaitiez des tailles diff\u00e9rentes, des compartiments suppl\u00e9mentaires ou des caract\u00e9ristiques sp\u00e9ciales telles que des poches isol\u00e9es, nos <strong data-immersive-translate-walked=\"32ff1652-6224-42eb-a6e8-49b3a088daa7\">sacs personnalis\u00e9s<\/strong> peut \u00eatre enti\u00e8rement adapt\u00e9 pour r\u00e9pondre aux exigences de votre march\u00e9.\u00a0<\/p>\n<h2>Des r\u00e9sultats probants et une port\u00e9e mondiale<\/h2>\n<p>Nous sommes un partenaire de confiance pour les entreprises des \u00c9tats-Unis, du Canada, de l'Australie et d'ailleurs. Notre exp\u00e9rience et notre expertise en mati\u00e8re de fabrication<strong data-immersive-translate-walked=\"32ff1652-6224-42eb-a6e8-49b3a088daa7\">\u00a0sacs de pickleball<\/strong> font de nous le choix id\u00e9al si vous cherchez \u00e0 \u00e9largir votre offre de produits et \u00e0 atteindre de nouveaux march\u00e9s.<\/p>\n<h2>Ax\u00e9 sur les marques et les distributeurs<\/h2>\n<p>Nous sommes sp\u00e9cialis\u00e9s dans le service aux marques et aux distributeurs, et nous comprenons leurs d\u00e9fis et leurs exigences uniques. Nos services <strong data-immersive-translate-walked=\"32ff1652-6224-42eb-a6e8-49b3a088daa7\">sacs<\/strong> sont con\u00e7us pour r\u00e9pondre \u00e0 des normes \u00e9lev\u00e9es, garantissant ainsi que votre produit se d\u00e9marque.<\/p>\n<h2>Production efficace et d\u00e9lais d'ex\u00e9cution rapides<\/h2>\n<p>Nos processus de fabrication efficaces nous permettent de traiter des commandes importantes dans des d\u00e9lais rapides. En choisissant DinkPickleball, vous pouvez compter sur une livraison rapide de votre<strong data-immersive-translate-walked=\"32ff1652-6224-42eb-a6e8-49b3a088daa7\"> sacs pour pagaies de pickleball<\/strong>.<\/p>\n<h2>Soutien global et collaboration<\/h2>\n<p>De la consultation initiale \u00e0 la livraison finale, nous fournissons une assistance compl\u00e8te pour garantir votre satisfaction. Notre \u00e9quipe s'engage \u00e0 collaborer \u00e9troitement avec vous pour cr\u00e9er le produit id\u00e9al. <strong data-immersive-translate-walked=\"32ff1652-6224-42eb-a6e8-49b3a088daa7\">sac de pickleball personnalis\u00e9<\/strong> pour votre entreprise.<\/p>\n<figure><img decoding=\"async\" src=\"https:\/\/dinkpickleball.com\/wp-content\/uploads\/2024\/06\/onix.png\" alt=\"onix.png\" \/><\/figure>\n<figure><img decoding=\"async\" src=\"https:\/\/dinkpickleball.com\/wp-content\/uploads\/2024\/06\/Diadem-logo.png\" alt=\"logo diadem.png\" \/><\/figure>\n<figure><img decoding=\"async\" src=\"https:\/\/dinkpickleball.com\/wp-content\/uploads\/2024\/06\/Gamma.png\" alt=\"gamma.png\" \/><\/figure>\n<figure><img decoding=\"async\" src=\"https:\/\/dinkpickleball.com\/wp-content\/uploads\/2024\/06\/Paddletek.png\" alt=\"paddletek.png\" \/><\/figure>\n<figure><img decoding=\"async\" src=\"https:\/\/dinkpickleball.com\/wp-content\/uploads\/2024\/06\/RECESS-logo.png\" alt=\"logo de la r\u00e9cr\u00e9ation.png\" \/><\/figure>\n<figure><img decoding=\"async\" src=\"https:\/\/dinkpickleball.com\/wp-content\/uploads\/2024\/06\/CRBN-logo.png\" alt=\"logo du crbn.png\" \/><\/figure>\n<figure><img decoding=\"async\" src=\"https:\/\/dinkpickleball.com\/wp-content\/uploads\/2024\/06\/STIGA-logo.png\" alt=\"logo stiga.png\" \/><\/figure>\n<figure><img decoding=\"async\" src=\"https:\/\/dinkpickleball.com\/wp-content\/uploads\/2024\/06\/tangerine.png\" alt=\"tangerine.png\" \/><\/figure>\n<figure><img decoding=\"async\" src=\"https:\/\/dinkpickleball.com\/wp-content\/uploads\/2024\/06\/pickleball-apes.png\" alt=\"pickleball apes.png\" \/><\/figure>\n<figure><img decoding=\"async\" src=\"https:\/\/dinkpickleball.com\/wp-content\/uploads\/2024\/06\/6.0.png\" alt=\"6.0.png\" \/><\/figure>\n<figure><img decoding=\"async\" src=\"https:\/\/dinkpickleball.com\/wp-content\/uploads\/2024\/06\/Holbrook.png\" alt=\"holbrook.png\" \/><\/figure>\n<figure><img decoding=\"async\" src=\"https:\/\/dinkpickleball.com\/wp-content\/uploads\/2024\/06\/niupipo.png\" alt=\"niupipo.png\" \/><\/figure>\n<h2>Con\u00e7u pour l'identit\u00e9 unique de votre marque<\/h2>\n<p><strong>Se d\u00e9marquer avec des sacs de pickleball personnalis\u00e9s<\/strong><\/p>\n<p>\t\t\t\t\t\t\t\t\t\t\t\t\t<img decoding=\"async\" src=\"https:\/\/dinkpickleball.com\/wp-content\/uploads\/2024\/06\/Proven-Track-Record.jpg\" title=\"Dossier de piste \u00e9prouv\u00e9.jpg\" alt=\"une exp\u00e9rience \u00e9prouv\u00e9e.jpg\" loading=\"lazy\" \/>\t\t\t\t\t\t\t\t\t\t\t\t\t<\/p>\n<h3>Mod\u00e8les enti\u00e8rement personnalisables<\/h3>\n<p>Notre <strong data-immersive-translate-walked=\"e655e911-21e6-482c-aeca-edb3e4a1e534\">sacs de pickleball personnalis\u00e9s<\/strong> offrent des options de personnalisation \u00e9tendues, permettant aux d\u00e9taillants et aux marques de cr\u00e9er des designs uniques et accrocheurs. De la palette de couleurs \u00e0 l'emplacement du logo, chaque d\u00e9tail peut \u00eatre adapt\u00e9 \u00e0 l'identit\u00e9 de votre marque, ce qui permet \u00e0 vos produits de se d\u00e9marquer sur le march\u00e9.<\/p>\n<p>\t\t\t<a role=\"button\"><br \/>\n\t\t\t\t\t\t\t\t\tObtenir un devis imm\u00e9diat<br \/>\n\t\t\t\t\t<\/a><br \/>\n\t\t\t\t\t\t\t\t\t\t\t\t\t<img decoding=\"async\" src=\"https:\/\/dinkpickleball.com\/wp-content\/uploads\/2024\/06\/Premium-Quality-Products.jpg\" title=\"Produits de qualit\u00e9 sup\u00e9rieure.jpg\" alt=\"produits de qualit\u00e9 sup\u00e9rieure.jpg\" loading=\"lazy\" \/>\t\t\t\t\t\t\t\t\t\t\t\t\t<\/p>\n<h3>Mat\u00e9riaux de premi\u00e8re qualit\u00e9 et durabilit\u00e9<\/h3>\n<p>Nous utilisons des mat\u00e9riaux durables et de haute qualit\u00e9 pour fabriquer nos <strong data-immersive-translate-walked=\"e655e911-21e6-482c-aeca-edb3e4a1e534\">sacs de pickleball personnalis\u00e9s<\/strong>. Cela garantit que les sacs ne sont pas seulement \u00e9l\u00e9gants, mais aussi robustes et durables, capables de r\u00e9sister aux rigueurs d'une utilisation quotidienne sur et en dehors du terrain.<\/p>\n<p>\t\t\t<a role=\"button\"><br \/>\n\t\t\t\t\t\t\t\t\tObtenir un devis imm\u00e9diat<br \/>\n\t\t\t\t\t<\/a><br \/>\n\t\t\t\t\t\t\t\t\t\t\t\t\t<img decoding=\"async\" src=\"https:\/\/dinkpickleball.com\/wp-content\/uploads\/2024\/06\/Adaptability-and-Responsiveness-to-Market.jpeg\" title=\"Adaptabilit\u00e9 et r\u00e9activit\u00e9 au march\u00e9.jpeg\" alt=\"adaptabilit\u00e9 et r\u00e9activit\u00e9 au march\u00e9.jpeg\" loading=\"lazy\" \/>\t\t\t\t\t\t\t\t\t\t\t\t\t<\/p>\n<h3>Options \u00e9cologiques<\/h3>\n<p>Notre <strong data-immersive-translate-walked=\"e655e911-21e6-482c-aeca-edb3e4a1e534\">sacs de pickleball personnalis\u00e9s<\/strong> sont con\u00e7us en pensant \u00e0 l'utilisateur final. Des caract\u00e9ristiques telles que des compartiments multiples, des sangles ergonomiques et des fermetures \u00e0 glissi\u00e8re durables garantissent une fonctionnalit\u00e9 et une commodit\u00e9 maximales pour les joueurs, am\u00e9liorant ainsi leur exp\u00e9rience globale.<\/p>\n<p>\t\t\t<a role=\"button\"><br \/>\n\t\t\t\t\t\t\t\t\tObtenir un devis imm\u00e9diat<br \/>\n\t\t\t\t\t<\/a><br \/>\n\t\t\t\t\t\t\t\t\t\t\t\t\t<img decoding=\"async\" src=\"https:\/\/dinkpickleball.com\/wp-content\/uploads\/2024\/06\/Collaborative-Approach-.jpeg\" title=\"Approche collaborative-.jpeg\" alt=\"approche collaborative .jpeg\" loading=\"lazy\" \/>\t\t\t\t\t\t\t\t\t\t\t\t\t<\/p>\n<h3>Fonctionnalit\u00e9 et conception am\u00e9lior\u00e9es<\/h3>\n<p>Notre <strong data-immersive-translate-walked=\"e655e911-21e6-482c-aeca-edb3e4a1e534\">sacs de pickleball personnalis\u00e9s<\/strong> sont con\u00e7us en pensant \u00e0 l'utilisateur final. Des caract\u00e9ristiques telles que des compartiments multiples, des sangles ergonomiques et des fermetures \u00e0 glissi\u00e8re durables garantissent une fonctionnalit\u00e9 et une commodit\u00e9 maximales pour les joueurs, am\u00e9liorant ainsi leur exp\u00e9rience globale.<\/p>\n<p>\t\t\t<a role=\"button\"><br \/>\n\t\t\t\t\t\t\t\t\tObtenir un devis imm\u00e9diat<br \/>\n\t\t\t\t\t<\/a><\/p>","protected":false},"excerpt":{"rendered":"<p>Custom Pickleball Bag Our custom pickleball bags are perfect for retailers, distributors, and brands looking to offer unique products to their customers. We work closely with you to ensure your branding and design specifications are met, creating a product that stands out in the market. Get Quick Quote Tailored for Your Brand Our custom pickleball [&hellip;]<\/p>\n","protected":false},"author":1,"featured_media":0,"parent":0,"menu_order":0,"comment_status":"closed","ping_status":"closed","template":"","meta":{"_seopress_robots_primary_cat":"","_seopress_titles_title":"","_seopress_titles_desc":"","_seopress_robots_index":"","footnotes":""},"class_list":["post-15891","page","type-page","status-publish","hentry"],"meta_box":[],"_links":{"self":[{"href":"https:\/\/dinkpickleball.com\/fr\/wp-json\/wp\/v2\/pages\/15891","targetHints":{"allow":["GET"]}}],"collection":[{"href":"https:\/\/dinkpickleball.com\/fr\/wp-json\/wp\/v2\/pages"}],"about":[{"href":"https:\/\/dinkpickleball.com\/fr\/wp-json\/wp\/v2\/types\/page"}],"author":[{"embeddable":true,"href":"https:\/\/dinkpickleball.com\/fr\/wp-json\/wp\/v2\/users\/1"}],"replies":[{"embeddable":true,"href":"https:\/\/dinkpickleball.com\/fr\/wp-json\/wp\/v2\/comments?post=15891"}],"version-history":[{"count":31,"href":"https:\/\/dinkpickleball.com\/fr\/wp-json\/wp\/v2\/pages\/15891\/revisions"}],"predecessor-version":[{"id":16291,"href":"https:\/\/dinkpickleball.com\/fr\/wp-json\/wp\/v2\/pages\/15891\/revisions\/16291"}],"wp:attachment":[{"href":"https:\/\/dinkpickleball.com\/fr\/wp-json\/wp\/v2\/media?parent=15891"}],"curies":[{"name":"wp","href":"https:\/\/api.w.org\/{rel}","templated":true}]}}