{"id":15833,"date":"2024-04-30T15:57:11","date_gmt":"2024-04-30T07:57:11","guid":{"rendered":"https:\/\/dinkpickleball.com\/?page_id=15833"},"modified":"2025-01-13T21:58:53","modified_gmt":"2025-01-13T13:58:53","slug":"gen-3-pickleball-paddle","status":"publish","type":"page","link":"https:\/\/dinkpickleball.com\/fr\/gen-3-pickleball-paddle\/","title":{"rendered":"Gen 3 Pagaie de Pickleball"},"content":{"rendered":"<h2>Fabricant de pagaies de pickleball Gen 3<\/h2>\n<h3>De la base \u00e0 la surface, chaque d\u00e9tail de notre pagaie Gen 3 stimule votre activit\u00e9.<\/h3>\n<p>\t\t\t<a role=\"button\"><br \/>\n\t\t\t\t\t\t\t\t\tDemande de devis<br \/>\n\t\t\t\t\t<\/a><br \/>\n\t\t\t\t\t\t\t\t\t\t\t\t\t<img loading=\"lazy\" decoding=\"async\" width=\"527\" height=\"527\" src=\"https:\/\/dinkpickleball.com\/wp-content\/uploads\/2024\/04\/Gen-3-Pickleball-Paddles-factory.png\" alt=\"gen 3 pickleball paddles factory\" srcset=\"https:\/\/dinkpickleball.com\/wp-content\/uploads\/2024\/04\/Gen-3-Pickleball-Paddles-factory.png 527w, https:\/\/dinkpickleball.com\/wp-content\/uploads\/2024\/04\/Gen-3-Pickleball-Paddles-factory-300x300.png 300w, https:\/\/dinkpickleball.com\/wp-content\/uploads\/2024\/04\/Gen-3-Pickleball-Paddles-factory-150x150.png 150w\" sizes=\"auto, (max-width: 527px) 100vw, 527px\" \/>\t\t\t\t\t\t\t\t\t\t\t\t\t<\/p>\n<h2>Cha\u00eene d'approvisionnement rationalis\u00e9e<\/h2>\n<p>DinkPickleball offre un acc\u00e8s direct \u00e0 notre ligne de production, ce qui \u00e9limine les interm\u00e9diaires et r\u00e9duit les d\u00e9lais. Cette cha\u00eene d'approvisionnement rationalis\u00e9e garantit des d\u00e9lais plus courts entre la commande et la livraison, ce qui vous permet de r\u00e9pondre aux demandes du march\u00e9 sans stocks excessifs.<\/p>\n<p>\t\t\t<a role=\"button\"><br \/>\n\t\t\t\t\t\t\t\t\tDemande de devis<br \/>\n\t\t\t\t\t<\/a><\/p>\n<h2>Capacit\u00e9s de personnalisation<\/h2>\n<p>Nous comprenons l'importance de la diff\u00e9renciation des marques, c'est pourquoi nous offrons des options de personnalisation pour la Gen 3 Pickleball Paddle. Qu'il s'agisse de couleurs personnalis\u00e9es, d'une marque ou d'un design unique, nos capacit\u00e9s vous permettent d'offrir un produit qui se d\u00e9marque sur le march\u00e9.<\/p>\n<p>\t\t\t<a role=\"button\"><br \/>\n\t\t\t\t\t\t\t\t\tDemande de devis<br \/>\n\t\t\t\t\t<\/a><\/p>\n<h2>Structure de prix comp\u00e9titive<\/h2>\n<p>DinkPickleball fonctionne avec une structure de co\u00fbts efficace, ce qui nous permet de r\u00e9percuter les \u00e9conomies r\u00e9alis\u00e9es sur nos clients B2B. Nos prix comp\u00e9titifs pour les grossistes et les distributeurs vous permettent de b\u00e9n\u00e9ficier de marges plus \u00e9lev\u00e9es tout en offrant des produits de qualit\u00e9 \u00e0 vos clients.<\/p>\n<p>\t\t\t<a role=\"button\"><br \/>\n\t\t\t\t\t\t\t\t\tDemande de devis<br \/>\n\t\t\t\t\t<\/a><\/p>\n<figure><img decoding=\"async\" src=\"https:\/\/dinkpickleball.com\/wp-content\/uploads\/2022\/06\/onix.png\" alt=\"onix\" \/><\/figure>\n<figure><img decoding=\"async\" src=\"https:\/\/dinkpickleball.com\/wp-content\/uploads\/2022\/06\/Diadem-logo.png\" alt=\"Logo Diadem\" \/><\/figure>\n<figure><img decoding=\"async\" src=\"https:\/\/dinkpickleball.com\/wp-content\/uploads\/2022\/06\/Gamma.png\" alt=\"Gamma\" \/><\/figure>\n<figure><img decoding=\"async\" src=\"https:\/\/dinkpickleball.com\/wp-content\/uploads\/2023\/04\/CRBN-logo.png\" alt=\"Logo du CRBN\" \/><\/figure>\n<figure><img decoding=\"async\" src=\"https:\/\/dinkpickleball.com\/wp-content\/uploads\/2023\/04\/RECESS-logo.png\" alt=\"Logo RECESS\" \/><\/figure>\n<figure><img decoding=\"async\" src=\"https:\/\/dinkpickleball.com\/wp-content\/uploads\/2023\/04\/STIGA-logo.png\" alt=\"Logo STIGA\" \/><\/figure>\n<figure><img decoding=\"async\" src=\"https:\/\/dinkpickleball.com\/wp-content\/uploads\/2022\/06\/Paddletek.png\" alt=\"Paddletek\" \/><\/figure>\n<figure><img decoding=\"async\" src=\"https:\/\/dinkpickleball.com\/wp-content\/uploads\/2024\/01\/tangerine.png\" alt=\"mandarine\" \/><\/figure>\n<figure><img decoding=\"async\" src=\"https:\/\/dinkpickleball.com\/wp-content\/uploads\/2024\/01\/pickleball-apes.png\" alt=\"les singes du pickleball\" \/><\/figure>\n<figure><img decoding=\"async\" src=\"https:\/\/dinkpickleball.com\/wp-content\/uploads\/2024\/01\/Holbrook.png\" alt=\"holbrook\" \/><\/figure>\n<figure><img decoding=\"async\" src=\"https:\/\/dinkpickleball.com\/wp-content\/uploads\/2024\/01\/6.0.png\" alt=\"6.0\" \/><\/figure>\n<figure><img decoding=\"async\" src=\"https:\/\/dinkpickleball.com\/wp-content\/uploads\/2022\/06\/niupipo.png\" alt=\"niupipo\" \/><\/figure>\n<h2>Stimuler les ventes gr\u00e2ce \u00e0 des performances in\u00e9gal\u00e9es <\/h2>\n<p>DinkPickleball s'engage \u00e0 poursuivre la recherche et le d\u00e9veloppement, en cherchant constamment \u00e0 innover et \u00e0 am\u00e9liorer ses produits. En nous choisissant, vous avez acc\u00e8s aux derni\u00e8res avanc\u00e9es technologiques en mati\u00e8re de pickleball, ce qui vous permet de proposer des produits toujours plus innovants et passionnants.<\/p>\n<p>\t\t\t\t\t\t\t\t\t\t\t\t\t<img decoding=\"async\" src=\"https:\/\/dinkpickleball.com\/wp-content\/uploads\/2024\/04\/Gen-3-Pickleball-Paddle-wholesale.png\" title=\"Gen 3 Pagaie de Pickleball en gros\" alt=\"gen 3 pickleball paddle wholesale\" loading=\"lazy\" \/>\t\t\t\t\t\t\t\t\t\t\t\t\t<\/p>\n<h3>Technologie de base de la propulsion de nouvelle g\u00e9n\u00e9ration<\/h3>\n<p>La Gen 3 Pickleball Paddle est \u00e9quip\u00e9e de notre Propulsion Core exclusif, con\u00e7u pour une puissance explosive sur les drives agressifs, les contres et les acc\u00e9l\u00e9rations, tout en conservant un contr\u00f4le raffin\u00e9 pour les jeux doux comme les dinks, les drops et les resets. Ce m\u00e9lange de puissance et de pr\u00e9cision s'adresse aussi bien aux joueurs de comp\u00e9tition qu'aux joueurs occasionnels.<\/p>\n<p>\t\t\t<a role=\"button\"><br \/>\n\t\t\t\t\t\t\t\t\tObtenir un devis imm\u00e9diat<br \/>\n\t\t\t\t\t<\/a><br \/>\n\t\t\t\t\t\t\t\t\t\t\t\t\t<img decoding=\"async\" src=\"https:\/\/dinkpickleball.com\/wp-content\/uploads\/2024\/04\/New-Pickleball-Paddles.png\" title=\"Nouvelles pagaies de pickleball\" alt=\"nouvelles pagaies de pickleball\" loading=\"lazy\" \/>\t\t\t\t\t\t\t\t\t\t\t\t\t<\/p>\n<h3>Amortissement avanc\u00e9 des vibrations<\/h3>\n<p>L'int\u00e9gration d'une mousse antivibrations dans le noyau en nid d'abeille r\u00e9duit le choc de l'impact, offrant une sensation plus douce au moment du contact avec la balle. Cette caract\u00e9ristique est particuli\u00e8rement b\u00e9n\u00e9fique pour les joueurs qui cherchent \u00e0 r\u00e9duire les tensions sur les articulations pendant le jeu.<\/p>\n<p>\t\t\t<a role=\"button\"><br \/>\n\t\t\t\t\t\t\t\t\tObtenir un devis imm\u00e9diat<br \/>\n\t\t\t\t\t<\/a><br \/>\n\t\t\t\t\t\t\t\t\t\t\t\t\t<img decoding=\"async\" src=\"https:\/\/dinkpickleball.com\/wp-content\/uploads\/2024\/04\/Gen-3-Pickleball-Paddles-Manufacturer.png\" title=\"Fabricant de pagaies de pickleball Gen 3\" alt=\"Fabricant de pagaies de pickleball gen 3\" loading=\"lazy\" \/>\t\t\t\t\t\t\t\t\t\t\t\t\t<\/p>\n<h3>Protection des bords<\/h3>\n<p>Une robuste protection des bords permet non seulement de consolider la structure de la pagaie, mais aussi d'\u00e9viter la d\u00e9lamination de la surface. Cette durabilit\u00e9 en fait un choix id\u00e9al pour les d\u00e9taillants \u00e0 la recherche de pagaies durables.<\/p>\n<p>\t\t\t<a role=\"button\"><br \/>\n\t\t\t\t\t\t\t\t\tObtenir un devis imm\u00e9diat<br \/>\n\t\t\t\t\t<\/a><br \/>\n\t\t\t\t\t\t\t\t\t\t\t\t\t<img decoding=\"async\" src=\"https:\/\/dinkpickleball.com\/wp-content\/uploads\/2024\/04\/Gen-3-Pickleball-Paddles-factory-1.png\" title=\"Gen 3 Pickleball Paddles factory\" alt=\"gen 3 pickleball paddles factory\" loading=\"lazy\" \/>\t\t\t\t\t\t\t\t\t\t\t\t\t<\/p>\n<h3>Surface de frottement en carbone<\/h3>\n<p>La raquette est dot\u00e9e d'une surface de friction en carbone qui offre une adh\u00e9rence textur\u00e9e \u00e0 la balle, ce qui permet d'am\u00e9liorer les effets et de mieux contr\u00f4ler la trajectoire de la balle, ce qui s\u00e9duit les joueurs de haut niveau qui cherchent \u00e0 am\u00e9liorer leur jeu.<\/p>\n<p>\t\t\t<a role=\"button\"><br \/>\n\t\t\t\t\t\t\t\t\tObtenir un devis imm\u00e9diat<br \/>\n\t\t\t\t\t<\/a><br \/>\n\t\t\t\t\t\t\t\t\t\t\t\t\t<img decoding=\"async\" src=\"https:\/\/dinkpickleball.com\/wp-content\/uploads\/2024\/04\/Gen-3-Pickleball-Paddle-bulk.png\" title=\"Gen 3 Pickleball Paddle bulk\" alt=\"gen 3 pickleball paddle bulk\" loading=\"lazy\" \/>\t\t\t\t\t\t\t\t\t\t\t\t\t<\/p>\n<h3>Construction innovante et durabilit\u00e9<\/h3>\n<p>Construite avec un mat\u00e9riau tiss\u00e9 blanc sous le carbone brut et une section transversale de 14 mm pour une durabilit\u00e9 et une long\u00e9vit\u00e9 accrues des performances. Le noyau en polypropyl\u00e8ne est soutenu par un syst\u00e8me de suspension en mousse blanche, con\u00e7u pour r\u00e9sister \u00e0 un jeu rigoureux tout en maintenant l'int\u00e9grit\u00e9 structurelle de la pagaie.<\/p>\n<p>\t\t\t<a role=\"button\"><br \/>\n\t\t\t\t\t\t\t\t\tObtenir un devis imm\u00e9diat<br \/>\n\t\t\t\t\t<\/a><br \/>\n\t\t\t\t\t\t\t\t\t\t\t\t\t<img decoding=\"async\" src=\"https:\/\/dinkpickleball.com\/wp-content\/uploads\/2024\/04\/Gen-3-Pickleball-Paddle-in-bulk.png\" title=\"Gen 3 Pagaie de Pickleball en vrac\" alt=\"pagaie de pickleball gen 3 en vrac\" loading=\"lazy\" \/>\t\t\t\t\t\t\t\t\t\t\t\t\t<\/p>\n<h3>Paroi en mousse pour une meilleure stabilit\u00e9<\/h3>\n<p>Le mur de mousse inject\u00e9 autour du p\u00e9rim\u00e8tre de la pagaie ajoute le poids et la stabilit\u00e9 n\u00e9cessaires, ce qui augmente de mani\u00e8re significative le sweet spot et assure une performance constante sur toute la surface de la pagaie.<\/p>\n<p>\t\t\t<a role=\"button\"><br \/>\n\t\t\t\t\t\t\t\t\tObtenir un devis imm\u00e9diat<br \/>\n\t\t\t\t\t<\/a><\/p>\n<h2>Fabricant de pagaies de pickleball sur mesure<\/h2>\n<p>Notre \u00e9quipe d\u00e9di\u00e9e au service client\u00e8le est form\u00e9e pour aider les clients B2B \u00e0 r\u00e9soudre tous les probl\u00e8mes qui se posent, qu'il s'agisse de logistique ou de questions sur les produits. Gr\u00e2ce \u00e0 ce service r\u00e9actif, vous pouvez toujours compter sur nous pour vous aider \u00e0 maintenir votre r\u00e9putation de qualit\u00e9 et de fiabilit\u00e9.<\/p>","protected":false},"excerpt":{"rendered":"<p>Gen 3 Pickleball Paddle Manufacturer From Core to Surface \u2013 Every Detail of Our Gen 3 Paddle Boosts Your Business. Request For Quotation Streamlined Supply Chain DinkPickleball offers direct access to our production line, eliminating intermediaries and reducing delays. This streamlined supply chain ensures quicker turnaround times from order to delivery, allowing you to keep [&hellip;]<\/p>\n","protected":false},"author":1,"featured_media":0,"parent":0,"menu_order":0,"comment_status":"closed","ping_status":"closed","template":"","meta":{"_seopress_robots_primary_cat":"","_seopress_titles_title":"","_seopress_titles_desc":"","_seopress_robots_index":"","footnotes":""},"class_list":["post-15833","page","type-page","status-publish","hentry"],"meta_box":[],"_links":{"self":[{"href":"https:\/\/dinkpickleball.com\/fr\/wp-json\/wp\/v2\/pages\/15833","targetHints":{"allow":["GET"]}}],"collection":[{"href":"https:\/\/dinkpickleball.com\/fr\/wp-json\/wp\/v2\/pages"}],"about":[{"href":"https:\/\/dinkpickleball.com\/fr\/wp-json\/wp\/v2\/types\/page"}],"author":[{"embeddable":true,"href":"https:\/\/dinkpickleball.com\/fr\/wp-json\/wp\/v2\/users\/1"}],"replies":[{"embeddable":true,"href":"https:\/\/dinkpickleball.com\/fr\/wp-json\/wp\/v2\/comments?post=15833"}],"version-history":[{"count":34,"href":"https:\/\/dinkpickleball.com\/fr\/wp-json\/wp\/v2\/pages\/15833\/revisions"}],"predecessor-version":[{"id":16265,"href":"https:\/\/dinkpickleball.com\/fr\/wp-json\/wp\/v2\/pages\/15833\/revisions\/16265"}],"wp:attachment":[{"href":"https:\/\/dinkpickleball.com\/fr\/wp-json\/wp\/v2\/media?parent=15833"}],"curies":[{"name":"wp","href":"https:\/\/api.w.org\/{rel}","templated":true}]}}