{"id":15652,"date":"2024-01-28T09:44:52","date_gmt":"2024-01-28T01:44:52","guid":{"rendered":"https:\/\/dinkpickleball.com\/?page_id=15652"},"modified":"2025-01-13T21:59:32","modified_gmt":"2025-01-13T13:59:32","slug":"kevlar-pickleball-paddle","status":"publish","type":"page","link":"https:\/\/dinkpickleball.com\/fr\/kevlar-pickleball-paddle\/","title":{"rendered":"Pagaie de Pickleball en Kevlar"},"content":{"rendered":"<h1>Pagaie de Pickleball en Kevlar<\/h1>\n<h3>Le kevlar, connu pour son utilisation dans des applications de haute performance, est synth\u00e9tis\u00e9 par un processus chimique complexe, cr\u00e9ant un mat\u00e9riau au comportement liquide-cristallin. Cette composition unique contribue \u00e0 la durabilit\u00e9 et \u00e0 la solidit\u00e9 exceptionnelles de nos pagaies.<\/h3>\n<p>\t\t\t\t\t<a role=\"button\"><br \/>\n\t\t\t\t\t\t\t\t\tDEMANDER UN DEVIS<br \/>\n\t\t\t\t\t<\/a><br \/>\n\t\t\t\t\t\t\t\t\t\t\t\t\t<img loading=\"lazy\" decoding=\"async\" width=\"682\" height=\"1024\" src=\"https:\/\/dinkpickleball.com\/wp-content\/uploads\/2024\/01\/Kevlar-Pickleball-Paddles.png\" alt=\"pagaies de pickleball en kevlar\" srcset=\"https:\/\/dinkpickleball.com\/wp-content\/uploads\/2024\/01\/Kevlar-Pickleball-Paddles.png 682w, https:\/\/dinkpickleball.com\/wp-content\/uploads\/2024\/01\/Kevlar-Pickleball-Paddles-200x300.png 200w\" sizes=\"auto, (max-width: 682px) 100vw, 682px\" \/>\t\t\t\t\t\t\t\t\t\t\t\t\t<\/p>\n<h2>La conformit\u00e9 \u00e0 l'USAPA pour un avantage concurrentiel<\/h2>\n<p>Les marques recherchent des \u00e9quipements non seulement de haute qualit\u00e9, mais aussi conformes aux normes professionnelles. Nos pagaies r\u00e9pondent aux normes de l'USAPA, offrant aux marques un avantage concurrentiel sur un march\u00e9 qui valorise les \u00e9quipements de qualit\u00e9 professionnelle, en enrichissant leur portefeuille avec des produits reconnus pour leur excellence.<\/p>\n<p>\t\t\t\t\t<a role=\"button\"><br \/>\n\t\t\t\t\t\t\t\t\tDEMANDER UN DEVIS<br \/>\n\t\t\t\t\t<\/a><\/p>\n<h2>La personnalisation au service de la marque<\/h2>\n<p>Une image de marque unique est essentielle pour que les entreprises se distinguent. Nous proposons des pagaies en Kevlar personnalisables, permettant aux entreprises de les aligner sur l'identit\u00e9 de leur marque, faisant de chaque pagaie non seulement une pi\u00e8ce d'\u00e9quipement mais aussi une d\u00e9claration de l'engagement de leur marque en faveur de la qualit\u00e9 et de l'unicit\u00e9.<\/p>\n<p>\t\t\t\t\t<a role=\"button\"><br \/>\n\t\t\t\t\t\t\t\t\tDEMANDER UN DEVIS<br \/>\n\t\t\t\t\t<\/a><\/p>\n<h2>Rentabilit\u00e9 des achats en gros<\/h2>\n<p>Les contraintes budg\u00e9taires sont une r\u00e9alit\u00e9 pour de nombreux d\u00e9taillants et distributeurs. Dinkpickleball propose des prix comp\u00e9titifs pour les commandes en gros, offrant ainsi une solution rentable sans compromis sur la qualit\u00e9, ce qui permet aux entreprises de s'approvisionner plus facilement et d'offrir de la valeur \u00e0 leurs clients.<\/p>\n<p>\t\t\t\t\t<a role=\"button\"><br \/>\n\t\t\t\t\t\t\t\t\tDEMANDER UN DEVIS<br \/>\n\t\t\t\t\t<\/a><\/p>\n<figure><img decoding=\"async\" src=\"https:\/\/dinkpickleball.com\/wp-content\/uploads\/2022\/06\/onix.png\" alt=\"onix\" \/><\/figure>\n<figure><img decoding=\"async\" src=\"https:\/\/dinkpickleball.com\/wp-content\/uploads\/2022\/06\/Diadem-logo.png\" alt=\"Logo Diadem\" \/><\/figure>\n<figure><img decoding=\"async\" src=\"https:\/\/dinkpickleball.com\/wp-content\/uploads\/2022\/06\/Gamma.png\" alt=\"Gamma\" \/><\/figure>\n<figure><img decoding=\"async\" src=\"https:\/\/dinkpickleball.com\/wp-content\/uploads\/2022\/06\/Paddletek.png\" alt=\"Paddletek\" \/><\/figure>\n<figure><img decoding=\"async\" src=\"https:\/\/dinkpickleball.com\/wp-content\/uploads\/2023\/04\/RECESS-logo.png\" alt=\"Logo RECESS\" \/><\/figure>\n<figure><img decoding=\"async\" src=\"https:\/\/dinkpickleball.com\/wp-content\/uploads\/2023\/04\/CRBN-logo.png\" alt=\"Logo du CRBN\" \/><\/figure>\n<figure><img decoding=\"async\" src=\"https:\/\/dinkpickleball.com\/wp-content\/uploads\/2023\/04\/STIGA-logo.png\" alt=\"Logo STIGA\" \/><\/figure>\n<figure><img decoding=\"async\" src=\"https:\/\/dinkpickleball.com\/wp-content\/uploads\/2024\/01\/6.0.png\" alt=\"6.0\" \/><\/figure>\n<figure><img decoding=\"async\" src=\"https:\/\/dinkpickleball.com\/wp-content\/uploads\/2024\/01\/Holbrook.png\" alt=\"holbrook\" \/><\/figure>\n<figure><img decoding=\"async\" src=\"https:\/\/dinkpickleball.com\/wp-content\/uploads\/2024\/01\/pickleball-apes.png\" alt=\"les singes du pickleball\" \/><\/figure>\n<figure><img decoding=\"async\" src=\"https:\/\/dinkpickleball.com\/wp-content\/uploads\/2024\/01\/tangerine.png\" alt=\"mandarine\" \/><\/figure>\n<figure><img decoding=\"async\" src=\"https:\/\/dinkpickleball.com\/wp-content\/uploads\/2022\/06\/niupipo.png\" alt=\"niupipo\" \/><\/figure>\n<h2>Personnaliser pour l'excellence - Votre marque, notre qualit\u00e9<\/h2>\n<p>Vous voulez que votre marque se distingue sur le march\u00e9 comp\u00e9titif du sport ? Dinkpickleball fournit des pagaies en Kevlar personnalisables, garantissant que votre marque brille par sa qualit\u00e9 et son innovation.\u00a0<b>\u00a0<\/b>Collaborons pour cr\u00e9er des pagaies qui repr\u00e9sentent votre marque de mani\u00e8re unique !<\/p>\n<p>                <a ><br \/>\n                    <img loading=\"lazy\" decoding=\"async\" width=\"720\" height=\"720\" src=\"https:\/\/dinkpickleball.com\/wp-content\/uploads\/2024\/01\/Kevlar-Pickleball-Paddle-factory.jpg\" alt=\"kevlar pickleball paddle factory\" srcset=\"https:\/\/dinkpickleball.com\/wp-content\/uploads\/2024\/01\/Kevlar-Pickleball-Paddle-factory.jpg 720w, https:\/\/dinkpickleball.com\/wp-content\/uploads\/2024\/01\/Kevlar-Pickleball-Paddle-factory-300x300.jpg 300w, https:\/\/dinkpickleball.com\/wp-content\/uploads\/2024\/01\/Kevlar-Pickleball-Paddle-factory-150x150.jpg 150w\" sizes=\"auto, (max-width: 720px) 100vw, 720px\" \/><br \/>\n                <\/a><br \/>\n                                                            <a ><br \/>\n                                    DEMANDER UN DEVIS                                <\/a><br \/>\n                <a ><br \/>\n                    <img loading=\"lazy\" decoding=\"async\" width=\"720\" height=\"720\" src=\"https:\/\/dinkpickleball.com\/wp-content\/uploads\/2024\/01\/Kevlar-Pickleball-Paddle-wholesale.png\" alt=\"kevlar pickleball paddle wholesale\" srcset=\"https:\/\/dinkpickleball.com\/wp-content\/uploads\/2024\/01\/Kevlar-Pickleball-Paddle-wholesale.png 720w, https:\/\/dinkpickleball.com\/wp-content\/uploads\/2024\/01\/Kevlar-Pickleball-Paddle-wholesale-300x300.png 300w, https:\/\/dinkpickleball.com\/wp-content\/uploads\/2024\/01\/Kevlar-Pickleball-Paddle-wholesale-150x150.png 150w\" sizes=\"auto, (max-width: 720px) 100vw, 720px\" \/><br \/>\n                <\/a><br \/>\n                                                            <a ><br \/>\n                                    DEMANDER UN DEVIS                                <\/a><br \/>\n                <a ><br \/>\n                    <img loading=\"lazy\" decoding=\"async\" width=\"720\" height=\"720\" src=\"https:\/\/dinkpickleball.com\/wp-content\/uploads\/2024\/01\/Kevlar-Pickleball-Paddle-bulk.jpg\" alt=\"pagaie de pickleball en kevlar en vrac\" srcset=\"https:\/\/dinkpickleball.com\/wp-content\/uploads\/2024\/01\/Kevlar-Pickleball-Paddle-bulk.jpg 720w, https:\/\/dinkpickleball.com\/wp-content\/uploads\/2024\/01\/Kevlar-Pickleball-Paddle-bulk-300x300.jpg 300w, https:\/\/dinkpickleball.com\/wp-content\/uploads\/2024\/01\/Kevlar-Pickleball-Paddle-bulk-150x150.jpg 150w\" sizes=\"auto, (max-width: 720px) 100vw, 720px\" \/><br \/>\n                <\/a><br \/>\n                                                            <a ><br \/>\n                                    DEMANDER UN DEVIS                                <\/a><br \/>\n\t\t\t\t\t\t\t<a href=\"https:\/\/dinkpickleball.com\/wp-content\/uploads\/2024\/01\/kevlar-Black.jpeg\"><br \/>\n\t\t\t\t\t\t\t\t\t\t\t\t\t\t\t\t\t\tkevlar Noir<br \/>\n\t\t\t\t\t\t\t\t\t<\/a><br \/>\n\t\t\t\t\t\t\t<a href=\"https:\/\/dinkpickleball.com\/wp-content\/uploads\/2024\/01\/kevlar-BlueBlack.jpg\"><br \/>\n\t\t\t\t\t\t\t\t\t\t\t\t\t\t\t\t\t\tkevlar Bleu:Noir<br \/>\n\t\t\t\t\t\t\t\t\t<\/a><br \/>\n\t\t\t\t\t\t\t<a href=\"https:\/\/dinkpickleball.com\/wp-content\/uploads\/2024\/01\/kevlar-Red.jpg\"><br \/>\n\t\t\t\t\t\t\t\t\t\t\t\t\t\t\t\t\t\tkevlar Rouge<br \/>\n\t\t\t\t\t\t\t\t\t<\/a><br \/>\n\t\t\t\t\t\t\t<a href=\"https:\/\/dinkpickleball.com\/wp-content\/uploads\/2024\/01\/kevlar-RedBlack.jpg\"><br \/>\n\t\t\t\t\t\t\t\t\t\t\t\t\t\t\t\t\t\tkevlar Rouge:Noir<br \/>\n\t\t\t\t\t\t\t\t\t<\/a><br \/>\n\t\t\t\t\t\t\t<a href=\"https:\/\/dinkpickleball.com\/wp-content\/uploads\/2024\/01\/kevlar-YellowBlack.png\"><br \/>\n\t\t\t\t\t\t\t\t\t\t\t\t\t\t\t\t\t\tkevlar Jaune:Noir<br \/>\n\t\t\t\t\t\t\t\t\t<\/a><\/p>\n<h2>Comment faire du sur-mesure<\/h2>\n<h3>\n\t\t\t\t\t\t\t\u00c9tape 1 : Consultation initiale<br \/>\n\t\t\t\t\t<\/h3>\n<p>\n\t\t\t\t\t\tEngagement du client : Nous commen\u00e7ons par une consultation pour comprendre vos besoins et pr\u00e9f\u00e9rences sp\u00e9cifiques. Nous discutons notamment de votre march\u00e9 cible, de l'identit\u00e9 de votre marque et de toute exigence sp\u00e9cifique concernant les pagaies. Recueil des besoins : Nous d\u00e9taillons les aspects tels que les sch\u00e9mas de couleurs, les logos, les types de poign\u00e9es et toute autre caract\u00e9ristique personnalis\u00e9e que vous souhaitez incorporer.\t\t\t\t\t<\/p>\n<h3>\n\t\t\t\t\t\t\t \u00c9tape 2 : Conception et \u00e9chantillons<br \/>\n\t\t\t\t\t<\/h3>\n<p>\n\t\t\t\t\t\tDessin de la conception : Sur la base de la consultation, notre \u00e9quipe de conception cr\u00e9e des croquis initiaux et des rendus num\u00e9riques de la pagaie de pickleball en kevlar personnalis\u00e9e. D\u00e9veloppement d'\u00e9chantillons : Des \u00e9chantillons sont ensuite produits pour que vous puissiez les examiner. Cela vous permet de vous faire une id\u00e9e concr\u00e8te du produit et de faire les ajustements n\u00e9cessaires avant la production finale.\t\t\t\t\t<\/p>\n<h3>\n\t\t\t\t\t\t\t\u00c9tape 3 : Retour d'information et finalisation<br \/>\n\t\t\t\t\t<\/h3>\n<p>\n\t\t\t\t\t\tExamen et perfectionnement : Vous examinez les \u00e9chantillons et nous faites part de vos commentaires. Nous affinons la conception en fonction de vos suggestions afin qu'elle corresponde parfaitement \u00e0 votre vision. Approbation : Une fois que vous \u00eates satisfait de la conception et du prototype, vous donnez votre accord final pour la production en s\u00e9rie.\t\t\t\t\t<\/p>\n<h3>\n\t\t\t\t\t\t\t\u00c9tape 4 : Production en s\u00e9rie<br \/>\n\t\t\t\t\t<\/h3>\n<p>\n\t\t\t\t\t\tD\u00e9but de la production : Apr\u00e8s approbation, nous lan\u00e7ons la production en s\u00e9rie de vos pagaies de pickleball en kevlar personnalis\u00e9es. Assurance qualit\u00e9 : Tout au long du processus de production, nous maintenons un contr\u00f4le de qualit\u00e9 strict afin de nous assurer que chaque pagaie r\u00e9pond \u00e0 nos normes \u00e9lev\u00e9es et \u00e0 vos attentes.\t\t\t\t\t<\/p>\n<p>\t\t\t\t\t<a role=\"button\"><br \/>\n\t\t\t\t\t\t\t\t\tDEMANDER UN DEVIS<br \/>\n\t\t\t\t\t<\/a><\/p>\n<h2>Pourquoi DinkPickleball<\/h2>\n<h2>Construction innovante en Kevlar<\/h2>\n<p><em data-immersive-translate-walked=\"09d7a50e-5077-4245-888f-461d2c388f7a\">Durabilit\u00e9 et solidit\u00e9 :<\/em>\u00a0Fabriqu\u00e9es en Kevlar de haute qualit\u00e9, connu pour son utilisation dans des applications avanc\u00e9es, nos pagaies offrent une durabilit\u00e9 et une r\u00e9sistance in\u00e9gal\u00e9es, ce qui les rend id\u00e9ales pour les jeux intenses.<\/p>\n<h2>Grades de Kevlar<\/h2>\n<p>Nos pagaies utilisent des qualit\u00e9s de Kevlar sp\u00e9cifiques, comme le Kevlar K-29 et le Kevlar K149, choisies pour leur grande r\u00e9sistance \u00e0 la traction et \u00e0 l'impact, garantissant que votre pagaie r\u00e9siste aux rigueurs d'un jeu intense.<\/p>\n<h2>Surface de frappe indulgente<\/h2>\n<p>D\u00e9couvrez un m\u00e9lange de puissance et de contr\u00f4le avec une surface qui r\u00e9agit \u00e0 chacun de vos mouvements. La conception m\u00e9ticuleuse assure une pr\u00e9cision parfaite pour les tirs rentrants, faisant de chaque match une occasion de gagner.<\/p>\n<h2>FAQ<\/h2>\n<p>Voici quelques questions fr\u00e9quemment pos\u00e9es (FAQ) que les clients B2B peuvent se poser lorsqu'ils envisagent d'acheter des pagaies de pickleball en kevlar :<\/p>\n<p>                        <a href=\"#collapse-bc228306743f7e2227ed\" data-ekit-toggle=\"collapse\" data-target=\"#Collapse-bc228306743f7e2227ed\" aria-expanded=\"true\" aria-controls=\"Collapse-bc228306743f7e2227ed\"><br \/>\n                            Les pagaies de pickleball en kevlar r\u00e9pondent-elles aux normes professionnelles ?<br \/>\n                                        <!-- Normal Icon --><br \/>\n                                        <!-- Active Icon --><br \/>\n                                                    <\/a><\/p>\n<p><em>Oui, nos pagaies sont con\u00e7ues conform\u00e9ment aux normes de l'USA Pickleball Association (USAPA), ce qui garantit qu'elles r\u00e9pondent aux exigences du jeu professionnel et des tournois.<\/em><\/p>\n<p>                <!-- .elementskit-card END --><br \/>\n                        <a href=\"#collapse-3dad4e06743f7e2227ed\" data-ekit-toggle=\"collapse\" data-target=\"#Collapse-3dad4e06743f7e2227ed\" aria-expanded=\"false\" aria-controls=\"Collapse-3dad4e06743f7e2227ed\"><br \/>\n                            Quelles sont les options de personnalisation disponibles pour les commandes en gros ?<br \/>\n                                        <!-- Normal Icon --><br \/>\n                                        <!-- Active Icon --><br \/>\n                                                    <\/a><\/p>\n<p><em>Nous proposons diverses options de personnalisation, y compris les couleurs, l'impression du logo et les styles de poign\u00e9e, pour s'aligner sur l'identit\u00e9 de votre marque ou sur les pr\u00e9f\u00e9rences sp\u00e9cifiques de vos clients.<\/em><\/p>\n<p>                <!-- .elementskit-card END --><br \/>\n                        <a href=\"#collapse-8417e716743f7e2227ed\" data-ekit-toggle=\"collapse\" data-target=\"#Collapse-8417e716743f7e2227ed\" aria-expanded=\"false\" aria-controls=\"Collapse-8417e716743f7e2227ed\"><br \/>\n                            Quelle est la durabilit\u00e9 des pagaies en Kevlar par rapport aux mat\u00e9riaux traditionnels ?<br \/>\n                                        <!-- Normal Icon --><br \/>\n                                        <!-- Active Icon --><br \/>\n                                                    <\/a><\/p>\n<p><em>Le kevlar est r\u00e9put\u00e9 pour sa grande r\u00e9sistance et sa durabilit\u00e9. Nos pagaies sont plus r\u00e9sistantes \u00e0 l'usure que celles fabriqu\u00e9es avec des mat\u00e9riaux traditionnels, ce qui leur conf\u00e8re une dur\u00e9e de vie plus longue.<\/em><\/p>\n<p>                <!-- .elementskit-card END --><br \/>\n                        <a href=\"#collapse-293f4f96743f7e2227ed\" data-ekit-toggle=\"collapse\" data-target=\"#Collapse-293f4f96743f7e2227ed\" aria-expanded=\"false\" aria-controls=\"Collapse-293f4f96743f7e2227ed\"><br \/>\n                            Quelle est la fourchette de prix pour les commandes en gros ?<br \/>\n                                        <!-- Normal Icon --><br \/>\n                                        <!-- Active Icon --><br \/>\n                                                    <\/a><\/p>\n<p><em>Les prix varient en fonction de la quantit\u00e9 command\u00e9e et des exigences de personnalisation. Nous proposons des prix comp\u00e9titifs pour les commandes en gros et vous encourageons \u00e0 nous contacter pour obtenir un devis d\u00e9taill\u00e9.<\/em><\/p>\n<p>                <!-- .elementskit-card END --><br \/>\n                        <a href=\"#collapse-1e5da806743f7e2227ed\" data-ekit-toggle=\"collapse\" data-target=\"#Collapse-1e5da806743f7e2227ed\" aria-expanded=\"false\" aria-controls=\"Collapse-1e5da806743f7e2227ed\"><br \/>\n                            Comment le mat\u00e9riau Kevlar affecte-t-il les performances de la pagaie ?<br \/>\n                                        <!-- Normal Icon --><br \/>\n                                        <!-- Active Icon --><br \/>\n                                                    <\/a><\/p>\n<p><em>Le Kevlar am\u00e9liore la puissance et le contr\u00f4le de la raquette, offrant une exp\u00e9rience de jeu sup\u00e9rieure avec une pr\u00e9cision accrue et une surface de frappe plus tol\u00e9rante.<\/em><\/p>\n<p>                <!-- .elementskit-card END --><\/p>","protected":false},"excerpt":{"rendered":"<p>Kevlar Pickleball Paddle Kevlar, known for its use in high-performance applications, is synthesized through a complex chemical process, creating a material with liquid-crystalline behavior. This unique composition contributes to the exceptional durability and strength of our paddles. GET A QUOTE USAPA Compliance for Competitive Edge Brands seek equipment that\u2019s not only high-quality but also compliant [&hellip;]<\/p>\n","protected":false},"author":1,"featured_media":0,"parent":0,"menu_order":0,"comment_status":"closed","ping_status":"closed","template":"","meta":{"_seopress_robots_primary_cat":"","_seopress_titles_title":"","_seopress_titles_desc":"Want your brand to stand out in the competitive sports market? Dinkpickleball provides customizable Kevlar Paddles, ensuring your brand shines through quality and innovation.  Let&#039;s collaborate to create paddles that uniquely represent your brand!","_seopress_robots_index":"","footnotes":""},"class_list":["post-15652","page","type-page","status-publish","hentry"],"meta_box":[],"_links":{"self":[{"href":"https:\/\/dinkpickleball.com\/fr\/wp-json\/wp\/v2\/pages\/15652","targetHints":{"allow":["GET"]}}],"collection":[{"href":"https:\/\/dinkpickleball.com\/fr\/wp-json\/wp\/v2\/pages"}],"about":[{"href":"https:\/\/dinkpickleball.com\/fr\/wp-json\/wp\/v2\/types\/page"}],"author":[{"embeddable":true,"href":"https:\/\/dinkpickleball.com\/fr\/wp-json\/wp\/v2\/users\/1"}],"replies":[{"embeddable":true,"href":"https:\/\/dinkpickleball.com\/fr\/wp-json\/wp\/v2\/comments?post=15652"}],"version-history":[{"count":6,"href":"https:\/\/dinkpickleball.com\/fr\/wp-json\/wp\/v2\/pages\/15652\/revisions"}],"predecessor-version":[{"id":16284,"href":"https:\/\/dinkpickleball.com\/fr\/wp-json\/wp\/v2\/pages\/15652\/revisions\/16284"}],"wp:attachment":[{"href":"https:\/\/dinkpickleball.com\/fr\/wp-json\/wp\/v2\/media?parent=15652"}],"curies":[{"name":"wp","href":"https:\/\/api.w.org\/{rel}","templated":true}]}}