{"id":15639,"date":"2024-01-28T09:37:43","date_gmt":"2024-01-28T01:37:43","guid":{"rendered":"https:\/\/dinkpickleball.com\/?page_id=15639"},"modified":"2025-01-09T14:20:10","modified_gmt":"2025-01-09T06:20:10","slug":"usapa-pickleball-paddle-testing","status":"publish","type":"page","link":"https:\/\/dinkpickleball.com\/fr\/usapa-pickleball-paddle-testing\/","title":{"rendered":"Test de padel USAPA Pickleball"},"content":{"rendered":"<h2>Test de padel USAPA Pickleball<\/h2>\n<p>En effectuant les m\u00eames tests rigoureux que l'USAPA avant d'\u00eatre soumises \u00e0 la certification, nous augmentons consid\u00e9rablement la probabilit\u00e9 que nos pagaies satisfassent aux normes strictes de l'USAPA. Cette strat\u00e9gie pr\u00e9ventive t\u00e9moigne de notre engagement en faveur de l'excellence et de notre volont\u00e9 de fournir aux joueurs le meilleur \u00e9quipement possible. Notre approche garantit que lorsque vous choisissez nos pagaies, vous choisissez un produit qui incarne les normes les plus \u00e9lev\u00e9es en mati\u00e8re de qualit\u00e9, d'innovation et de conformit\u00e9. Cet engagement nous place \u00e0 l'avant-garde de la fabrication de pagaies de pickleball, faisant de notre marque un synonyme d'excellence dans ce sport.<\/p>\n<p>\t\t\t\t\t\t\t\t\t\t\t\t<img decoding=\"async\" src=\"https:\/\/dinkpickleball.com\/wp-content\/uploads\/2024\/01\/Size.png\" title=\"Taille\" alt=\"taille\" loading=\"lazy\" \/>\t\t\t\t\t\t\t\t\t\t\t\t\t\t<\/p>\n<h3>Tests de taille : Respect rigoureux des normes dimensionnelles<\/h3>\n<p data-immersive-translate-walked=\"7ecd28ab-6b24-4e9b-979b-55a63fd07619\" data-immersive-translate-paragraph=\"1\">Les tests de dimensionnement des pagaies sont essentiels pour s'assurer que toutes les pagaies de pickleball sont conformes aux directives strictes de l'USAPA en mati\u00e8re de dimensions. Une r\u00e9glementation pr\u00e9cise des dimensions des pagaies est essentielle pour assurer le fair-play et la coh\u00e9rence du sport.<\/p>\n<ul data-immersive-translate-walked=\"7ecd28ab-6b24-4e9b-979b-55a63fd07619\">\n<li data-immersive-translate-walked=\"7ecd28ab-6b24-4e9b-979b-55a63fd07619\" data-immersive-translate-paragraph=\"1\"><strong data-immersive-translate-walked=\"7ecd28ab-6b24-4e9b-979b-55a63fd07619\">Crit\u00e8res dimensionnels stricts<\/strong>: La longueur de la pagaie, y compris la protection des bords et l'embout, ne doit pas d\u00e9passer 17,0 pouces. De m\u00eame, la longueur et la largeur combin\u00e9es ne doivent pas d\u00e9passer 24,0 pouces, ce qui garantit qu'aucune pagaie ne d\u00e9passe les limites de taille fix\u00e9es.<\/li>\n<li data-immersive-translate-walked=\"7ecd28ab-6b24-4e9b-979b-55a63fd07619\" data-immersive-translate-paragraph=\"1\"><strong data-immersive-translate-walked=\"7ecd28ab-6b24-4e9b-979b-55a63fd07619\">Mesures et v\u00e9rifications d\u00e9taill\u00e9es<\/strong>: Chaque pagaie est m\u00e9ticuleusement mesur\u00e9e en longueur et en largeur, y compris les protections des bords. Ce processus garantit la conformit\u00e9 avec les crit\u00e8res de taille \u00e9tablis par l'USAPA, assurant qu'aucune pagaie n'offre un avantage injuste.<\/li>\n<\/ul>\n<p data-immersive-translate-walked=\"7ecd28ab-6b24-4e9b-979b-55a63fd07619\" data-immersive-translate-paragraph=\"1\">La m\u00e9ticulosit\u00e9 des tests de taille des pagaies souligne l'engagement de l'USAPA \u00e0 maintenir l'int\u00e9grit\u00e9 du sport et \u00e0 garantir des r\u00e8gles du jeu \u00e9quitables pour tous les joueurs.<\/p>\n<p>\t\t\t<a role=\"button\"><br \/>\n\t\t\t\t\t\tObtenir un devis imm\u00e9diat<br \/>\n\t\t\t\t\t<\/a><br \/>\n\t\t\t\t\t\t\t\t\t\t\t\t<img decoding=\"async\" src=\"https:\/\/dinkpickleball.com\/wp-content\/uploads\/2024\/01\/Roughness.png\" title=\"Rugosit\u00e9\" alt=\"rugosit\u00e9\" loading=\"lazy\" \/>\t\t\t\t\t\t\t\t\t\t\t\t\t\t<\/p>\n<h3>Test de rugosit\u00e9 : Pr\u00e9cision dans la texturation des surfaces<\/h3>\n<p data-immersive-translate-walked=\"7ecd28ab-6b24-4e9b-979b-55a63fd07619\" data-immersive-translate-paragraph=\"1\">La rugosit\u00e9 de la surface joue un r\u00f4le crucial dans la performance des pagaies de pickleball. Les tests d\u00e9taill\u00e9s de l'USAPA garantissent que les surfaces des pagaies respectent des param\u00e8tres de rugosit\u00e9 sp\u00e9cifiques.<\/p>\n<ul data-immersive-translate-walked=\"7ecd28ab-6b24-4e9b-979b-55a63fd07619\">\n<li data-immersive-translate-walked=\"7ecd28ab-6b24-4e9b-979b-55a63fd07619\" data-immersive-translate-paragraph=\"1\"><strong data-immersive-translate-walked=\"7ecd28ab-6b24-4e9b-979b-55a63fd07619\">Limites critiques de rugosit\u00e9<\/strong>: La limite de rugosit\u00e9 autoris\u00e9e est fix\u00e9e \u00e0 40 microm\u00e8tres en moyenne, ce qui permet de s'assurer que la surface de la raquette n'influence pas trop la rotation et la vitesse de la balle.<\/li>\n<li data-immersive-translate-walked=\"7ecd28ab-6b24-4e9b-979b-55a63fd07619\" data-immersive-translate-paragraph=\"1\"><strong data-immersive-translate-walked=\"7ecd28ab-6b24-4e9b-979b-55a63fd07619\">Approche globale de la mesure<\/strong>: Les mesures de rugosit\u00e9 sont prises dans six directions sur la zone la plus rugueuse de la raquette, comme d\u00e9termin\u00e9 par un technicien de laboratoire. Cette approche globale garantit une exp\u00e9rience de jeu coh\u00e9rente et le respect des normes rigoureuses de l'USAPA.<\/li>\n<\/ul>\n<p data-immersive-translate-walked=\"7ecd28ab-6b24-4e9b-979b-55a63fd07619\" data-immersive-translate-paragraph=\"1\">Cet aspect des tests est essentiel pour pr\u00e9server la nature du jeu, qui met l'accent sur les comp\u00e9tences du joueur plut\u00f4t que sur les avantages de l'\u00e9quipement.<\/p>\n<p>\t\t\t<a role=\"button\"><br \/>\n\t\t\t\t\t\tObtenir un devis imm\u00e9diat<br \/>\n\t\t\t\t\t<\/a><br \/>\n\t\t\t\t\t\t\t\t\t\t\t\t<img decoding=\"async\" src=\"https:\/\/dinkpickleball.com\/wp-content\/uploads\/2024\/01\/Reflection.png\" title=\"R\u00e9flexion\" alt=\"r\u00e9flexion\" loading=\"lazy\" \/>\t\t\t\t\t\t\t\t\t\t\t\t\t\t<\/p>\n<h3>Test de r\u00e9flexion : Normalisation de la brillance de la surface des pagaies<\/h3>\n<p data-immersive-translate-walked=\"7ecd28ab-6b24-4e9b-979b-55a63fd07619\" data-immersive-translate-paragraph=\"1\">Le test de r\u00e9flexion est un \u00e9l\u00e9ment essentiel du processus de certification des pagaies de l'USAPA, qui se concentre sur la r\u00e9flectivit\u00e9 de la surface de la pagaie afin d'\u00e9viter toute perturbation du jeu.<\/p>\n<ul data-immersive-translate-walked=\"7ecd28ab-6b24-4e9b-979b-55a63fd07619\">\n<li data-immersive-translate-walked=\"7ecd28ab-6b24-4e9b-979b-55a63fd07619\" data-immersive-translate-paragraph=\"1\"><strong data-immersive-translate-walked=\"7ecd28ab-6b24-4e9b-979b-55a63fd07619\">Limites de la r\u00e9flectivit\u00e9<\/strong>: Le test \u00e9value la brillance de la raquette, la plus haute brillance autoris\u00e9e \u00e9tant fix\u00e9e \u00e0 \u2264 80 GU. Cela permet de s'assurer que la surface de la raquette ne produit pas d'\u00e9blouissement excessif, ce qui pourrait nuire \u00e0 la performance du joueur ou au plaisir des spectateurs.<\/li>\n<li data-immersive-translate-walked=\"7ecd28ab-6b24-4e9b-979b-55a63fd07619\" data-immersive-translate-paragraph=\"1\"><strong data-immersive-translate-walked=\"7ecd28ab-6b24-4e9b-979b-55a63fd07619\">Proc\u00e9dure d'essai m\u00e9thodique<\/strong>: Trois endroits de la surface de la raquette sont choisis \u00e0 un angle universel de 60 degr\u00e9s pour le test de r\u00e9flectivit\u00e9. Ce processus garantit que la raquette r\u00e9pond aux normes de r\u00e9flectivit\u00e9 de l'USAPA, contribuant ainsi \u00e0 un environnement de jeu s\u00fbr et \u00e9quitable.<\/li>\n<\/ul>\n<p data-immersive-translate-walked=\"7ecd28ab-6b24-4e9b-979b-55a63fd07619\" data-immersive-translate-paragraph=\"1\">Le contr\u00f4le de la r\u00e9flectivit\u00e9 est une \u00e9tape cruciale dans les efforts de l'USAPA pour maintenir la s\u00e9curit\u00e9 des joueurs et l'\u00e9quit\u00e9 de la comp\u00e9tition.<\/p>\n<p>\t\t\t<a role=\"button\"><br \/>\n\t\t\t\t\t\tObtenir un devis imm\u00e9diat<br \/>\n\t\t\t\t\t<\/a><br \/>\n\t\t\t\t\t\t\t\t\t\t\t\t<img decoding=\"async\" src=\"https:\/\/dinkpickleball.com\/wp-content\/uploads\/2024\/01\/COF-Fixture.png\" title=\"Fixation COF\" alt=\"fixation du cof\" loading=\"lazy\" \/>\t\t\t\t\t\t\t\t\t\t\t\t\t\t<\/p>\n<h3>Test de gabarit COF : \u00c9valuation des caract\u00e9ristiques de frottement<\/h3>\n<p data-immersive-translate-walked=\"7ecd28ab-6b24-4e9b-979b-55a63fd07619\" data-immersive-translate-paragraph=\"1\">Le test de fixation du coefficient de friction (COF) fait partie int\u00e9grante de l'\u00e9valuation de l'interaction de la pagaie avec la balle, cruciale pour le maintien de l'\u00e9quilibre du sport.<\/p>\n<ul data-immersive-translate-walked=\"7ecd28ab-6b24-4e9b-979b-55a63fd07619\">\n<li data-immersive-translate-walked=\"7ecd28ab-6b24-4e9b-979b-55a63fd07619\" data-immersive-translate-paragraph=\"1\"><strong data-immersive-translate-walked=\"7ecd28ab-6b24-4e9b-979b-55a63fd07619\">R\u00f4le et limites du COF<\/strong>: Le coefficient de frottement cin\u00e9tique est plafonn\u00e9 \u00e0 \u2264 0,1875. Cela permet de s'assurer que la raquette n'accroche pas excessivement la balle, ce qui pourrait avoir un impact sur l'effet et la trajectoire.<\/li>\n<li data-immersive-translate-walked=\"7ecd28ab-6b24-4e9b-979b-55a63fd07619\" data-immersive-translate-paragraph=\"1\"><strong data-immersive-translate-walked=\"7ecd28ab-6b24-4e9b-979b-55a63fd07619\">Zone d'essai cibl\u00e9e<\/strong>: Le test est effectu\u00e9 dans le centre approximatif de la pagaie ou dans toute zone non uniforme susceptible d'augmenter la friction cin\u00e9tique. Cela permet de maintenir l'accessibilit\u00e9 et le plaisir du sport \u00e0 diff\u00e9rents niveaux de comp\u00e9tence.<\/li>\n<\/ul>\n<p data-immersive-translate-walked=\"7ecd28ab-6b24-4e9b-979b-55a63fd07619\" data-immersive-translate-paragraph=\"1\">L'\u00e9quilibre des propri\u00e9t\u00e9s de frottement de la pagaie gr\u00e2ce au test COF est essentiel pour que le pickleball reste un sport d'adresse et de strat\u00e9gie.<\/p>\n<p>\t\t\t<a role=\"button\"><br \/>\n\t\t\t\t\t\tObtenir un devis imm\u00e9diat<br \/>\n\t\t\t\t\t<\/a><br \/>\n\t\t\t\t\t\t\t\t\t\t\t\t<img decoding=\"async\" src=\"https:\/\/dinkpickleball.com\/wp-content\/uploads\/2024\/01\/Deflection.png\" title=\"D\u00e9viation\" alt=\"d\u00e9viation\" loading=\"lazy\" \/>\t\t\t\t\t\t\t\t\t\t\t\t\t\t<\/p>\n<h3>Essai de d\u00e9flexion : \u00c9valuation de la flexibilit\u00e9 et de la r\u00e9ponse<\/h3>\n<p data-immersive-translate-walked=\"7ecd28ab-6b24-4e9b-979b-55a63fd07619\" data-immersive-translate-paragraph=\"1\">Le test de d\u00e9viation de la pagaie est essentiel pour \u00e9valuer la fa\u00e7on dont une pagaie r\u00e9agit sous la force, influen\u00e7ant la dynamique du jeu.<\/p>\n<ul data-immersive-translate-walked=\"7ecd28ab-6b24-4e9b-979b-55a63fd07619\">\n<li data-immersive-translate-walked=\"7ecd28ab-6b24-4e9b-979b-55a63fd07619\" data-immersive-translate-paragraph=\"1\"><strong data-immersive-translate-walked=\"7ecd28ab-6b24-4e9b-979b-55a63fd07619\">Crit\u00e8res de d\u00e9flexion<\/strong>: La d\u00e9viation moyenne de la raquette doit \u00eatre \u2264 0,005 pouce, ce qui permet de s'assurer que la raquette ne se plie pas excessivement \u00e0 l'impact, ce qui pourrait modifier de mani\u00e8re impr\u00e9visible la vitesse et la direction de la balle.<\/li>\n<li data-immersive-translate-walked=\"7ecd28ab-6b24-4e9b-979b-55a63fd07619\" data-immersive-translate-paragraph=\"1\"><strong data-immersive-translate-walked=\"7ecd28ab-6b24-4e9b-979b-55a63fd07619\">M\u00e9thode d'essai pr\u00e9cise<\/strong>: La pagaie est positionn\u00e9e sur des blocs parall\u00e8les et une force standardis\u00e9e est appliqu\u00e9e jusqu'\u00e0 ce qu'une pr\u00e9charge de 5,0 livres soit atteinte. Ce test garantit que les pagaies offrent une r\u00e9ponse coh\u00e9rente pendant le jeu, ce qui est essentiel pour maintenir l'int\u00e9grit\u00e9 du sport.<\/li>\n<\/ul>\n<p data-immersive-translate-walked=\"7ecd28ab-6b24-4e9b-979b-55a63fd07619\" data-immersive-translate-paragraph=\"1\">Le test de d\u00e9viation des pagaies t\u00e9moigne de l'engagement de l'USAPA \u00e0 garantir des performances coh\u00e9rentes et l'\u00e9quit\u00e9 \u00e0 tous les niveaux de jeu.<\/p>\n<p>\t\t\t<a role=\"button\"><br \/>\n\t\t\t\t\t\tObtenir un devis imm\u00e9diat<br \/>\n\t\t\t\t\t<\/a><\/p>","protected":false},"excerpt":{"rendered":"<p>USAPA Pickleball Paddle Testing By conducting the same rigorous testing as USAPA before submission for certification, we significantly increase the likelihood of our paddles passing USAPA\u2019s stringent standards. This preemptive strategy is a testament to our commitment to excellence and our dedication to providing players with the best possible equipment. Our approach ensures that when [&hellip;]<\/p>\n","protected":false},"author":1,"featured_media":0,"parent":0,"menu_order":0,"comment_status":"closed","ping_status":"closed","template":"","meta":{"_seopress_robots_primary_cat":"","_seopress_titles_title":"","_seopress_titles_desc":"By conducting the same rigorous testing as USAPA before submission for certification, we significantly increase the likelihood of our paddles passing USAPA\u2019s stringent standards. This preemptive strategy is a testament to our commitment to excellence and our dedication to providing players with the best possible equipment.","_seopress_robots_index":"","footnotes":""},"class_list":["post-15639","page","type-page","status-publish","hentry"],"meta_box":[],"_links":{"self":[{"href":"https:\/\/dinkpickleball.com\/fr\/wp-json\/wp\/v2\/pages\/15639","targetHints":{"allow":["GET"]}}],"collection":[{"href":"https:\/\/dinkpickleball.com\/fr\/wp-json\/wp\/v2\/pages"}],"about":[{"href":"https:\/\/dinkpickleball.com\/fr\/wp-json\/wp\/v2\/types\/page"}],"author":[{"embeddable":true,"href":"https:\/\/dinkpickleball.com\/fr\/wp-json\/wp\/v2\/users\/1"}],"replies":[{"embeddable":true,"href":"https:\/\/dinkpickleball.com\/fr\/wp-json\/wp\/v2\/comments?post=15639"}],"version-history":[{"count":9,"href":"https:\/\/dinkpickleball.com\/fr\/wp-json\/wp\/v2\/pages\/15639\/revisions"}],"predecessor-version":[{"id":15750,"href":"https:\/\/dinkpickleball.com\/fr\/wp-json\/wp\/v2\/pages\/15639\/revisions\/15750"}],"wp:attachment":[{"href":"https:\/\/dinkpickleball.com\/fr\/wp-json\/wp\/v2\/media?parent=15639"}],"curies":[{"name":"wp","href":"https:\/\/api.w.org\/{rel}","templated":true}]}}