{"id":15549,"date":"2023-12-09T16:43:57","date_gmt":"2023-12-09T08:43:57","guid":{"rendered":"https:\/\/dinkpickleball.com\/?page_id=15549"},"modified":"2025-01-13T22:10:13","modified_gmt":"2025-01-13T14:10:13","slug":"custom-pickleball-paddle-cover","status":"publish","type":"page","link":"https:\/\/dinkpickleball.com\/fr\/custom-pickleball-paddle-cover\/","title":{"rendered":"Housse de pagaie de pickleball personnalis\u00e9e"},"content":{"rendered":"<h1>Housse de pagaie de pickleball personnalis\u00e9e<\/h1>\n<h3>Comprenant les besoins uniques des marques et des \u00e9quipes, Dinkpickleball offre des services de personnalisation exceptionnels. Qu'il s'agisse de designs personnalis\u00e9s ou d'exigences sp\u00e9cifiques en mati\u00e8re d'image de marque, notre expertise dans la cr\u00e9ation de housses de padel sur mesure nous distingue et vous apporte une valeur ajout\u00e9e significative.<\/h3>\n<p>\t\t\t<a role=\"button\"><br \/>\n\t\t\t\t\t\tDEMANDER UN DEVIS<br \/>\n\t\t\t\t\t<\/a><br \/>\n\t\t\t\t\t\t\t\t\t\t\t\t<img loading=\"lazy\" decoding=\"async\" width=\"800\" height=\"1200\" src=\"https:\/\/dinkpickleball.com\/wp-content\/uploads\/2023\/12\/Custom-Pickleball-Paddle-Cover.png\" alt=\"housse de raquette de pickleball personnalis\u00e9e\" srcset=\"https:\/\/dinkpickleball.com\/wp-content\/uploads\/2023\/12\/Custom-Pickleball-Paddle-Cover.png 800w, https:\/\/dinkpickleball.com\/wp-content\/uploads\/2023\/12\/Custom-Pickleball-Paddle-Cover-200x300.png 200w, https:\/\/dinkpickleball.com\/wp-content\/uploads\/2023\/12\/Custom-Pickleball-Paddle-Cover-683x1024.png 683w, https:\/\/dinkpickleball.com\/wp-content\/uploads\/2023\/12\/Custom-Pickleball-Paddle-Cover-768x1152.png 768w\" sizes=\"auto, (max-width: 800px) 100vw, 800px\" \/>\t\t\t\t\t\t\t\t\t\t\t\t\t\t<\/p>\n<h2>Prix comp\u00e9titifs<\/h2>\n<p>Dinkpickleball propose des structures de prix comp\u00e9titives, en particulier pour les commandes en gros et en masse. Notre strat\u00e9gie de prix est con\u00e7ue pour offrir une valeur maximale \u00e0 nos partenaires B2B, en veillant \u00e0 ce qu'ils puissent b\u00e9n\u00e9ficier de marges saines tout en offrant des produits de qualit\u00e9 \u00e0 leurs clients.<\/p>\n<p>\t\t\t<a role=\"button\"><br \/>\n\t\t\t\t\t\tDEMANDER UN DEVIS<br \/>\n\t\t\t\t\t<\/a><\/p>\n<h2>Haute qualit\u00e9<\/h2>\n<p>L'utilisation de mat\u00e9riaux de premi\u00e8re qualit\u00e9 tels que le n\u00e9opr\u00e8ne et la toile de coton garantit que chaque housse de padel personnalis\u00e9e que nous produisons r\u00e9pond aux crit\u00e8res de qualit\u00e9 les plus \u00e9lev\u00e9s. Cet engagement en faveur de la qualit\u00e9 est essentiel pour vous qui exigez des produits qui refl\u00e8tent leurs propres normes d'excellence.<\/p>\n<p>\t\t\t<a role=\"button\"><br \/>\n\t\t\t\t\t\tDEMANDER UN DEVIS<br \/>\n\t\t\t\t\t<\/a><\/p>\n<h2>Un service client\u00e8le d\u00e9vou\u00e9<\/h2>\n<p>Chez Dinkpickleball, nous fournissons un service client d\u00e9di\u00e9 pour traiter toutes les demandes et commandes B2B. Notre \u00e9quipe est form\u00e9e pour offrir un soutien personnalis\u00e9, en veillant \u00e0 ce que les besoins et les pr\u00e9occupations uniques de chaque client soient trait\u00e9s rapidement et efficacement.<\/p>\n<p>\t\t\t<a role=\"button\"><br \/>\n\t\t\t\t\t\tDEMANDER UN DEVIS<br \/>\n\t\t\t\t\t<\/a><\/p>\n<figure><img decoding=\"async\" src=\"https:\/\/dinkpickleball.com\/wp-content\/uploads\/2022\/06\/onix.png\" alt=\"onix\" \/><\/figure>\n<figure><img decoding=\"async\" src=\"https:\/\/dinkpickleball.com\/wp-content\/uploads\/2022\/06\/Diadem-logo.png\" alt=\"Logo Diadem\" \/><\/figure>\n<figure><img decoding=\"async\" src=\"https:\/\/dinkpickleball.com\/wp-content\/uploads\/2022\/06\/Gamma.png\" alt=\"Gamma\" \/><\/figure>\n<figure><img decoding=\"async\" src=\"https:\/\/dinkpickleball.com\/wp-content\/uploads\/2022\/06\/Paddletek.png\" alt=\"Paddletek\" \/><\/figure>\n<figure><img decoding=\"async\" src=\"https:\/\/dinkpickleball.com\/wp-content\/uploads\/2023\/04\/RECESS-logo.png\" alt=\"Logo RECESS\" \/><\/figure>\n<figure><img decoding=\"async\" src=\"https:\/\/dinkpickleball.com\/wp-content\/uploads\/2023\/04\/CRBN-logo.png\" alt=\"Logo du CRBN\" \/><\/figure>\n<figure><img decoding=\"async\" src=\"https:\/\/dinkpickleball.com\/wp-content\/uploads\/2023\/04\/STIGA-logo.png\" alt=\"Logo STIGA\" \/><\/figure>\n<figure><img decoding=\"async\" src=\"https:\/\/dinkpickleball.com\/wp-content\/uploads\/2022\/06\/niupipo.png\" alt=\"niupipo\" \/><\/figure>\n<h2>Housses de pagaies de pickleball personnalis\u00e9es<\/h2>\n<p>Du concept \u00e0 la cr\u00e9ation : Votre vision, notre m\u00e9tier. Vous souhaitez concr\u00e9tiser vos id\u00e9es uniques en mati\u00e8re de housses de pagaie ? Il n'est pas facile de trouver un fabricant capable de traduire fid\u00e8lement votre vision. Dinkpickleball collabore \u00e9troitement avec vous pour cr\u00e9er des housses de padel personnalis\u00e9es qui capturent parfaitement l'essence de votre marque. Faites l'exp\u00e9rience d'une personnalisation sans faille avec nous !<\/p>\n<p>                <a ><br \/>\n                    <img loading=\"lazy\" decoding=\"async\" width=\"800\" height=\"800\" src=\"https:\/\/dinkpickleball.com\/wp-content\/uploads\/2023\/12\/Pickleball-Paddle-Cover-bulk.jpg\" alt=\"housse de padel pickleball en vrac\" srcset=\"https:\/\/dinkpickleball.com\/wp-content\/uploads\/2023\/12\/Pickleball-Paddle-Cover-bulk.jpg 800w, https:\/\/dinkpickleball.com\/wp-content\/uploads\/2023\/12\/Pickleball-Paddle-Cover-bulk-300x300.jpg 300w, https:\/\/dinkpickleball.com\/wp-content\/uploads\/2023\/12\/Pickleball-Paddle-Cover-bulk-150x150.jpg 150w, https:\/\/dinkpickleball.com\/wp-content\/uploads\/2023\/12\/Pickleball-Paddle-Cover-bulk-768x768.jpg 768w\" sizes=\"auto, (max-width: 800px) 100vw, 800px\" \/><br \/>\n                <\/a><br \/>\n                                                            <a ><br \/>\n                                    DEMANDER UN DEVIS                                <\/a><br \/>\n                <a ><br \/>\n                    <img loading=\"lazy\" decoding=\"async\" width=\"800\" height=\"800\" src=\"https:\/\/dinkpickleball.com\/wp-content\/uploads\/2023\/12\/Pickleball-Paddle-Cover-wholesale.jpg\" alt=\"housse de raquette de pickleball en gros\" srcset=\"https:\/\/dinkpickleball.com\/wp-content\/uploads\/2023\/12\/Pickleball-Paddle-Cover-wholesale.jpg 800w, https:\/\/dinkpickleball.com\/wp-content\/uploads\/2023\/12\/Pickleball-Paddle-Cover-wholesale-300x300.jpg 300w, https:\/\/dinkpickleball.com\/wp-content\/uploads\/2023\/12\/Pickleball-Paddle-Cover-wholesale-150x150.jpg 150w, https:\/\/dinkpickleball.com\/wp-content\/uploads\/2023\/12\/Pickleball-Paddle-Cover-wholesale-768x768.jpg 768w\" sizes=\"auto, (max-width: 800px) 100vw, 800px\" \/><br \/>\n                <\/a><br \/>\n                                                            <a ><br \/>\n                                    DEMANDER UN DEVIS                                <\/a><br \/>\n                <a ><br \/>\n                    <img loading=\"lazy\" decoding=\"async\" width=\"800\" height=\"800\" src=\"https:\/\/dinkpickleball.com\/wp-content\/uploads\/2023\/12\/Pickleball-Paddle-Cover-custom.jpg\" alt=\"housse de raquette de pickleball personnalis\u00e9e\" srcset=\"https:\/\/dinkpickleball.com\/wp-content\/uploads\/2023\/12\/Pickleball-Paddle-Cover-custom.jpg 800w, https:\/\/dinkpickleball.com\/wp-content\/uploads\/2023\/12\/Pickleball-Paddle-Cover-custom-300x300.jpg 300w, https:\/\/dinkpickleball.com\/wp-content\/uploads\/2023\/12\/Pickleball-Paddle-Cover-custom-150x150.jpg 150w, https:\/\/dinkpickleball.com\/wp-content\/uploads\/2023\/12\/Pickleball-Paddle-Cover-custom-768x768.jpg 768w\" sizes=\"auto, (max-width: 800px) 100vw, 800px\" \/><br \/>\n                <\/a><br \/>\n                                                            <a ><br \/>\n                                    DEMANDER UN DEVIS                                <\/a><br \/>\n                <a ><br \/>\n                    <img loading=\"lazy\" decoding=\"async\" width=\"1024\" height=\"1024\" src=\"https:\/\/dinkpickleball.com\/wp-content\/uploads\/2023\/12\/Pickleball-Paddle-Cover-manufacturer.jpg\" alt=\"Fabricant de housses de padel de pickleball\" srcset=\"https:\/\/dinkpickleball.com\/wp-content\/uploads\/2023\/12\/Pickleball-Paddle-Cover-manufacturer.jpg 1024w, https:\/\/dinkpickleball.com\/wp-content\/uploads\/2023\/12\/Pickleball-Paddle-Cover-manufacturer-300x300.jpg 300w, https:\/\/dinkpickleball.com\/wp-content\/uploads\/2023\/12\/Pickleball-Paddle-Cover-manufacturer-150x150.jpg 150w, https:\/\/dinkpickleball.com\/wp-content\/uploads\/2023\/12\/Pickleball-Paddle-Cover-manufacturer-768x768.jpg 768w\" sizes=\"auto, (max-width: 1024px) 100vw, 1024px\" \/><br \/>\n                <\/a><br \/>\n                                                            <a ><br \/>\n                                    DEMANDER UN DEVIS                                <\/a><br \/>\n                <a ><br \/>\n                    <img loading=\"lazy\" decoding=\"async\" width=\"800\" height=\"800\" src=\"https:\/\/dinkpickleball.com\/wp-content\/uploads\/2023\/12\/Pickleball-Paddle-Covers.jpg\" alt=\"housses de pagaies de pickleball\" srcset=\"https:\/\/dinkpickleball.com\/wp-content\/uploads\/2023\/12\/Pickleball-Paddle-Covers.jpg 800w, https:\/\/dinkpickleball.com\/wp-content\/uploads\/2023\/12\/Pickleball-Paddle-Covers-300x300.jpg 300w, https:\/\/dinkpickleball.com\/wp-content\/uploads\/2023\/12\/Pickleball-Paddle-Covers-150x150.jpg 150w, https:\/\/dinkpickleball.com\/wp-content\/uploads\/2023\/12\/Pickleball-Paddle-Covers-768x768.jpg 768w\" sizes=\"auto, (max-width: 800px) 100vw, 800px\" \/><br \/>\n                <\/a><br \/>\n                                                            <a ><br \/>\n                                    DEMANDER UN DEVIS                                <\/a><br \/>\n                <a ><br \/>\n                    <img loading=\"lazy\" decoding=\"async\" width=\"800\" height=\"800\" src=\"https:\/\/dinkpickleball.com\/wp-content\/uploads\/2023\/12\/Pickleball-Paddle-Cover-logo.jpeg\" alt=\"logo de la housse de la raquette de pickleball\" srcset=\"https:\/\/dinkpickleball.com\/wp-content\/uploads\/2023\/12\/Pickleball-Paddle-Cover-logo.jpeg 800w, https:\/\/dinkpickleball.com\/wp-content\/uploads\/2023\/12\/Pickleball-Paddle-Cover-logo-300x300.jpeg 300w, https:\/\/dinkpickleball.com\/wp-content\/uploads\/2023\/12\/Pickleball-Paddle-Cover-logo-150x150.jpeg 150w, https:\/\/dinkpickleball.com\/wp-content\/uploads\/2023\/12\/Pickleball-Paddle-Cover-logo-768x768.jpeg 768w\" sizes=\"auto, (max-width: 800px) 100vw, 800px\" \/><br \/>\n                <\/a><br \/>\n                                                            <a ><br \/>\n                                    DEMANDER UN DEVIS                                <\/a><br \/>\n                <a ><br \/>\n                    <img loading=\"lazy\" decoding=\"async\" width=\"800\" height=\"800\" src=\"https:\/\/dinkpickleball.com\/wp-content\/uploads\/2023\/12\/Pickleball-Paddle-Cover-company.jpg\" alt=\"soci\u00e9t\u00e9 de housses de padel pickleball\" srcset=\"https:\/\/dinkpickleball.com\/wp-content\/uploads\/2023\/12\/Pickleball-Paddle-Cover-company.jpg 800w, https:\/\/dinkpickleball.com\/wp-content\/uploads\/2023\/12\/Pickleball-Paddle-Cover-company-300x300.jpg 300w, https:\/\/dinkpickleball.com\/wp-content\/uploads\/2023\/12\/Pickleball-Paddle-Cover-company-150x150.jpg 150w, https:\/\/dinkpickleball.com\/wp-content\/uploads\/2023\/12\/Pickleball-Paddle-Cover-company-768x768.jpg 768w\" sizes=\"auto, (max-width: 800px) 100vw, 800px\" \/><br \/>\n                <\/a><br \/>\n                                                            <a ><br \/>\n                                    DEMANDER UN DEVIS                                <\/a><br \/>\n                <a ><br \/>\n                    <img loading=\"lazy\" decoding=\"async\" width=\"800\" height=\"800\" src=\"https:\/\/dinkpickleball.com\/wp-content\/uploads\/2023\/12\/Pickleball-Paddle-Cover-factory.jpg\" alt=\"housse de padel pickleball usine\" srcset=\"https:\/\/dinkpickleball.com\/wp-content\/uploads\/2023\/12\/Pickleball-Paddle-Cover-factory.jpg 800w, https:\/\/dinkpickleball.com\/wp-content\/uploads\/2023\/12\/Pickleball-Paddle-Cover-factory-300x300.jpg 300w, https:\/\/dinkpickleball.com\/wp-content\/uploads\/2023\/12\/Pickleball-Paddle-Cover-factory-150x150.jpg 150w, https:\/\/dinkpickleball.com\/wp-content\/uploads\/2023\/12\/Pickleball-Paddle-Cover-factory-768x768.jpg 768w\" sizes=\"auto, (max-width: 800px) 100vw, 800px\" \/><br \/>\n                <\/a><br \/>\n                                                            <a ><br \/>\n                                    DEMANDER UN DEVIS                                <\/a><br \/>\n\t\t\t\t\t\t\t\t\t\t\t\t<img loading=\"lazy\" decoding=\"async\" width=\"1032\" height=\"1548\" src=\"https:\/\/dinkpickleball.com\/wp-content\/uploads\/2023\/12\/Personalized-Pickleball-Paddle-Covers.png\" alt=\"housses de padel personnalis\u00e9es pour le pickleball\" srcset=\"https:\/\/dinkpickleball.com\/wp-content\/uploads\/2023\/12\/Personalized-Pickleball-Paddle-Covers.png 1032w, https:\/\/dinkpickleball.com\/wp-content\/uploads\/2023\/12\/Personalized-Pickleball-Paddle-Covers-200x300.png 200w, https:\/\/dinkpickleball.com\/wp-content\/uploads\/2023\/12\/Personalized-Pickleball-Paddle-Covers-683x1024.png 683w, https:\/\/dinkpickleball.com\/wp-content\/uploads\/2023\/12\/Personalized-Pickleball-Paddle-Covers-768x1152.png 768w, https:\/\/dinkpickleball.com\/wp-content\/uploads\/2023\/12\/Personalized-Pickleball-Paddle-Covers-1024x1536.png 1024w\" sizes=\"auto, (max-width: 1032px) 100vw, 1032px\" \/>\t\t\t\t\t\t\t\t\t\t\t\t\t\t<\/p>\n<h2>Comment faire du sur-mesure<\/h2>\n<h3>\n\t\t\t\t\t\tConsultation initiale<br \/>\n\t\t\t\t<\/h3>\n<p>\n\t\t\t\t\t\tRassembler toutes les informations n\u00e9cessaires pour cr\u00e9er un produit personnalis\u00e9 qui s'aligne sur l'identit\u00e9 de votre marque ou de votre \u00e9quipe.\t\t\t\t\t<\/p>\n<h3>\n\t\t\t\t\t\tProposition et approbation de la conception<br \/>\n\t\t\t\t<\/h3>\n<p>\n\t\t\t\t\t\tSur la base de la consultation initiale, notre \u00e9quipe de conception cr\u00e9era une maquette de la housse de pagaie personnalis\u00e9e. Cette proposition de design vous sera envoy\u00e9e pour examen et approbation. Nous nous assurons ainsi que la conception propos\u00e9e r\u00e9pond \u00e0 vos attentes et nous proc\u00e9dons aux ajustements n\u00e9cessaires avant de passer \u00e0 la production.\t\t\t\t\t<\/p>\n<h3>\n\t\t\t\t\t\tProduction d'\u00e9chantillons<br \/>\n\t\t\t\t<\/h3>\n<p>\n\t\t\t\t\t\tFournir un exemple tangible du produit final pour votre tranquillit\u00e9 d'esprit et votre confirmation finale.\t\t\t\t\t<\/p>\n<h3>\n\t\t\t\t\t\tProduction en vrac<br \/>\n\t\t\t\t<\/h3>\n<p>\n\t\t\t\t\t\tProduire efficacement les couvertures de pagaies personnalis\u00e9es tout en maintenant une qualit\u00e9 constante dans toutes les unit\u00e9s.\t\t\t\t\t<\/p>\n<p>\t\t\t<a role=\"button\"><br \/>\n\t\t\t\t\t\tDEMANDER UN DEVIS<br \/>\n\t\t\t\t\t<\/a><\/p>\n<h2>Couverture de Pickleball personnalis\u00e9e de DinkPickleball<\/h2>\n<h2>Excellence en mati\u00e8re de personnalisation<\/h2>\n<p>Nos housses de padel de pickleball sur mesure offrent des possibilit\u00e9s de personnalisation in\u00e9gal\u00e9es. Qu'il s'agisse d'une marque ou d'un style individuel, nos options de personnalisation garantissent que chaque housse refl\u00e8te l'identit\u00e9 unique de votre marque ou de votre \u00e9quipe.\u00a0<\/p>\n<h2>Mat\u00e9riaux de premi\u00e8re qualit\u00e9<\/h2>\n<p>Fabriqu\u00e9es en n\u00e9opr\u00e8ne et en toile de coton de haute qualit\u00e9, nos housses offrent une protection durable \u00e0 vos pagaies. Ce choix de mat\u00e9riau est id\u00e9al pour les d\u00e9taillants et les distributeurs \u00e0 la recherche de produits de qualit\u00e9 qui r\u00e9sistent \u00e0 l'\u00e9preuve du temps.<\/p>\n<h2>Facilit\u00e9 d'utilisation<\/h2>\n<p>Con\u00e7ues pour \u00eatre pratiques, nos housses de padel sont extr\u00eamement faciles \u00e0 mettre et \u00e0 enlever, ce qui permet aux joueurs de gagner du temps et de s'\u00e9pargner des tracas. Cette caract\u00e9ristique est particuli\u00e8rement int\u00e9ressante pour les \u00e9quipes sportives tr\u00e8s occup\u00e9es et les joueurs individuels.<\/p>\n<h2>Entretien facile<\/h2>\n<p>La facilit\u00e9 de nettoyage de nos housses leur permet de rester en parfait \u00e9tat avec un minimum d'efforts. Cet aspect est essentiel pour les marques et les entreprises qui exigent que leur mat\u00e9riel ait toujours l'air professionnel et bien entretenu.<\/p>\n<h2>Conception protectrice<\/h2>\n<p>Nos housses offrent une excellente protection contre les rayures, les bosses et l'usure g\u00e9n\u00e9rale. Cette protection garantit que les pagaies restent en parfait \u00e9tat, un facteur crucial pour les d\u00e9taillants et les \u00e9quipes sportives.<\/p>\n<h2>Options de style polyvalentes<\/h2>\n<p>Avec une large gamme d'options de style, nos housses de padel personnalis\u00e9es r\u00e9pondent \u00e0 tous les go\u00fbts et \u00e0 toutes les pr\u00e9f\u00e9rences. Cette polyvalence fait de nos housses un choix populaire pour les marques et les entreprises qui cherchent \u00e0 aligner le produit avec leur image.<\/p>\n<h2>FAQ<\/h2>\n<p>Ces FAQ sont con\u00e7ues pour r\u00e9pondre aux principales pr\u00e9occupations et rationaliser le processus de prise de d\u00e9cision des clients B2B qui envisagent de faire appel \u00e0 Dinkpickleball pour leurs besoins en housses de padel de pickleball personnalis\u00e9es :<\/p>\n<p>                        <a href=\"#collapse-bc228306575666a901bd\" data-ekit-toggle=\"collapse\" data-target=\"#Collapse-bc228306575666a901bd\" aria-expanded=\"true\" aria-controls=\"Collapse-bc228306575666a901bd\"><br \/>\n                            Quelles sont les options de personnalisation disponibles pour les housses de pagaies de pickleball ?<br \/>\n                                        <!-- Normal Icon --><br \/>\n                                        <!-- Active Icon --><br \/>\n                                                    <\/a><\/p>\n<p>Nous proposons un large \u00e9ventail d'options de personnalisation, notamment le choix des couleurs, l'impression de logos et des motifs uniques. Notre \u00e9quipe peut travailler avec vous pour cr\u00e9er des couvertures qui correspondent parfaitement \u00e0 l'identit\u00e9 de votre marque ou de votre \u00e9quipe.<\/p>\n<p>                <!-- .elementskit-card END --><br \/>\n                        <a href=\"#collapse-3dad4e06575666a901bd\" data-ekit-toggle=\"collapse\" data-target=\"#Collapse-3dad4e06575666a901bd\" aria-expanded=\"false\" aria-controls=\"Collapse-3dad4e06575666a901bd\"><br \/>\n                            Quels sont les mat\u00e9riaux utilis\u00e9s pour les couvertures des palettes ?<br \/>\n                                        <!-- Normal Icon --><br \/>\n                                        <!-- Active Icon --><br \/>\n                                                    <\/a><\/p>\n<p>Nos housses de pagaies sont fabriqu\u00e9es en n\u00e9opr\u00e8ne et en toile de coton de haute qualit\u00e9, ce qui garantit la durabilit\u00e9 et la protection des pagaies.<\/p>\n<p>                <!-- .elementskit-card END --><br \/>\n                        <a href=\"#collapse-8417e716575666a901bd\" data-ekit-toggle=\"collapse\" data-target=\"#Collapse-8417e716575666a901bd\" aria-expanded=\"false\" aria-controls=\"Collapse-8417e716575666a901bd\"><br \/>\n                            Existe-t-il des r\u00e9ductions pour les commandes group\u00e9es ?<br \/>\n                                        <!-- Normal Icon --><br \/>\n                                        <!-- Active Icon --><br \/>\n                                                    <\/a><\/p>\n<p>Oui, nous proposons des prix comp\u00e9titifs et des remises pour les commandes en gros. Le taux de remise d\u00e9pend de la quantit\u00e9 command\u00e9e. N'h\u00e9sitez pas \u00e0 nous contacter pour obtenir un devis d\u00e9taill\u00e9.<\/p>\n<p>                <!-- .elementskit-card END --><br \/>\n                        <a href=\"#collapse-293f4f96575666a901bd\" data-ekit-toggle=\"collapse\" data-target=\"#Collapse-293f4f96575666a901bd\" aria-expanded=\"false\" aria-controls=\"Collapse-293f4f96575666a901bd\"><br \/>\n                            Comment garantissons-nous la qualit\u00e9 des produits ?<br \/>\n                                        <!-- Normal Icon --><br \/>\n                                        <!-- Active Icon --><br \/>\n                                                    <\/a><\/p>\n<p>La qualit\u00e9 est notre priorit\u00e9 absolue. Nous effectuons des contr\u00f4les de qualit\u00e9 rigoureux \u00e0 chaque \u00e9tape de la production afin de nous assurer que chaque couverture r\u00e9pond \u00e0 nos normes \u00e9lev\u00e9es et \u00e0 vos attentes.<\/p>\n<p>                <!-- .elementskit-card END --><br \/>\n                        <a href=\"#collapse-1e5da806575666a901bd\" data-ekit-toggle=\"collapse\" data-target=\"#Collapse-1e5da806575666a901bd\" aria-expanded=\"false\" aria-controls=\"Collapse-1e5da806575666a901bd\"><br \/>\n                            Peut-on demander des \u00e9chantillons avant de passer une commande en gros ?<br \/>\n                                        <!-- Normal Icon --><br \/>\n                                        <!-- Active Icon --><br \/>\n                                                    <\/a><\/p>\n<p>Absolument, nous pouvons fournir des \u00e9chantillons de couvertures pour votre \u00e9valuation. Veuillez nous contacter pour discuter des sp\u00e9cificit\u00e9s et organiser la livraison des \u00e9chantillons.<\/p>\n<p>                <!-- .elementskit-card END --><\/p>","protected":false},"excerpt":{"rendered":"<p>Custom Pickleball Paddle Cover Understanding the unique needs of brands and teams, Dinkpickleball offers exceptional customization services. From personalized designs to specific branding requirements, our expertise in creating tailor-made pickleball paddle covers sets us apart and adds significant value for you. GET A QUOTE Competitive Pricing Dinkpickleball offers competitive pricing structures, especially for bulk and [&hellip;]<\/p>\n","protected":false},"author":1,"featured_media":0,"parent":0,"menu_order":0,"comment_status":"closed","ping_status":"closed","template":"","meta":{"_seopress_robots_primary_cat":"","_seopress_titles_title":"","_seopress_titles_desc":"","_seopress_robots_index":"","footnotes":""},"class_list":["post-15549","page","type-page","status-publish","hentry"],"meta_box":[],"_links":{"self":[{"href":"https:\/\/dinkpickleball.com\/fr\/wp-json\/wp\/v2\/pages\/15549","targetHints":{"allow":["GET"]}}],"collection":[{"href":"https:\/\/dinkpickleball.com\/fr\/wp-json\/wp\/v2\/pages"}],"about":[{"href":"https:\/\/dinkpickleball.com\/fr\/wp-json\/wp\/v2\/types\/page"}],"author":[{"embeddable":true,"href":"https:\/\/dinkpickleball.com\/fr\/wp-json\/wp\/v2\/users\/1"}],"replies":[{"embeddable":true,"href":"https:\/\/dinkpickleball.com\/fr\/wp-json\/wp\/v2\/comments?post=15549"}],"version-history":[{"count":62,"href":"https:\/\/dinkpickleball.com\/fr\/wp-json\/wp\/v2\/pages\/15549\/revisions"}],"predecessor-version":[{"id":16292,"href":"https:\/\/dinkpickleball.com\/fr\/wp-json\/wp\/v2\/pages\/15549\/revisions\/16292"}],"wp:attachment":[{"href":"https:\/\/dinkpickleball.com\/fr\/wp-json\/wp\/v2\/media?parent=15549"}],"curies":[{"name":"wp","href":"https:\/\/api.w.org\/{rel}","templated":true}]}}