{"id":15243,"date":"2023-09-21T17:16:47","date_gmt":"2023-09-21T09:16:47","guid":{"rendered":"https:\/\/dinkpickleball.com\/?page_id=15243"},"modified":"2025-01-13T22:01:12","modified_gmt":"2025-01-13T14:01:12","slug":"pickleball-training-paddle","status":"publish","type":"page","link":"https:\/\/dinkpickleball.com\/fr\/pickleball-training-paddle\/","title":{"rendered":"Pagaie d'entra\u00eenement pour le pickleball"},"content":{"rendered":"<h1>Pagaie d'entra\u00eenement pour le pickleball<\/h1>\n<h3>Con\u00e7ue pour perfectionner votre jeu. D\u00e9couvrez les avantages d'une pagaie con\u00e7ue pour atteindre le point le plus bas. Am\u00e9liorez vos comp\u00e9tences, qu'il s'agisse d'un match d\u00e9contract\u00e9 ou d'un tournoi comp\u00e9titif. Avec notre pagaie, la pr\u00e9cision n'est pas seulement un objectif, c'est une garantie.<\/h3>\n<p>\t\t\t<a role=\"button\"><br \/>\n\t\t\t\t\t\t\t\t\tDEMANDER UN DEVIS<br \/>\n\t\t\t\t\t<\/a><br \/>\n\t\t\t\t\t\t\t\t\t\t\t\t\t<img loading=\"lazy\" decoding=\"async\" width=\"600\" height=\"900\" src=\"https:\/\/dinkpickleball.com\/wp-content\/uploads\/2023\/11\/pickleball-focus-training-paddle.png\" alt=\"pickleball focus training paddle\" srcset=\"https:\/\/dinkpickleball.com\/wp-content\/uploads\/2023\/11\/pickleball-focus-training-paddle.png 600w, https:\/\/dinkpickleball.com\/wp-content\/uploads\/2023\/11\/pickleball-focus-training-paddle-200x300.png 200w\" sizes=\"auto, (max-width: 600px) 100vw, 600px\" \/>\t\t\t\t\t\t\t\t\t\t\t\t\t<\/p>\n<h2>Pour les entra\u00eeneurs et les formateurs<\/h2>\n<p>Les pagaies d'entra\u00eenement de pickleball de Dinkpickleball sont un atout pour les entra\u00eeneurs professionnels et les formateurs qui cherchent \u00e0 am\u00e9liorer les comp\u00e9tences de leurs clients. La conception des pagaies est ax\u00e9e sur l'am\u00e9lioration de la pr\u00e9cision et de la coordination \u0153il-main, ce qui les rend plus efficaces et plus gratifiantes.<\/p>\n<p>\t\t\t<a role=\"button\"><br \/>\n\t\t\t\t\t\t\t\t\tDEMANDER UN DEVIS<br \/>\n\t\t\t\t\t<\/a><\/p>\n<h2>Pour les d\u00e9taillants et les distributeurs<\/h2>\n<p>Dinkpickleball vous offre une opportunit\u00e9 exceptionnelle de diversifier votre stock d'\u00e9quipements sportifs. Nos <!-- notionvc: 227f3bd9-c6d5-4ef1-8d12-62837ad2cf11 -->Les pagaies d'entra\u00eenement de pickleball sont con\u00e7ues pour une performance et une durabilit\u00e9 sup\u00e9rieures, garantissant la satisfaction du client.\u00a0<\/p>\n<p>\t\t\t<a role=\"button\"><br \/>\n\t\t\t\t\t\t\t\t\tDEMANDER UN DEVIS<br \/>\n\t\t\t\t\t<\/a><\/p>\n<h2>Pour les marques<\/h2>\n<p>Dans un march\u00e9 o\u00f9 la diff\u00e9renciation est essentielle, Dinkpickleball vous offre une pagaie d'entra\u00eenement de pickleball qui incarne \u00e0 la fois la qualit\u00e9 et l'innovation. Notre poids personnalisable permet \u00e0 votre marque d'offrir une exp\u00e9rience sur mesure \u00e0 chaque client.\u00a0<\/p>\n<p>\t\t\t<a role=\"button\"><br \/>\n\t\t\t\t\t\t\t\t\tDEMANDER UN DEVIS<br \/>\n\t\t\t\t\t<\/a><\/p>\n<figure><img decoding=\"async\" src=\"https:\/\/dinkpickleball.com\/wp-content\/uploads\/2022\/06\/onix.png\" alt=\"onix\" \/><\/figure>\n<figure><img decoding=\"async\" src=\"https:\/\/dinkpickleball.com\/wp-content\/uploads\/2022\/06\/Diadem-logo.png\" alt=\"Logo Diadem\" \/><\/figure>\n<figure><img decoding=\"async\" src=\"https:\/\/dinkpickleball.com\/wp-content\/uploads\/2022\/06\/Gamma.png\" alt=\"Gamma\" \/><\/figure>\n<figure><img decoding=\"async\" src=\"https:\/\/dinkpickleball.com\/wp-content\/uploads\/2022\/06\/Paddletek.png\" alt=\"Paddletek\" \/><\/figure>\n<figure><img decoding=\"async\" src=\"https:\/\/dinkpickleball.com\/wp-content\/uploads\/2023\/04\/RECESS-logo.png\" alt=\"Logo RECESS\" \/><\/figure>\n<figure><img decoding=\"async\" src=\"https:\/\/dinkpickleball.com\/wp-content\/uploads\/2023\/04\/CRBN-logo.png\" alt=\"Logo du CRBN\" \/><\/figure>\n<figure><img decoding=\"async\" src=\"https:\/\/dinkpickleball.com\/wp-content\/uploads\/2023\/04\/STIGA-logo.png\" alt=\"Logo STIGA\" \/><\/figure>\n<figure><img decoding=\"async\" src=\"https:\/\/dinkpickleball.com\/wp-content\/uploads\/2022\/06\/niupipo.png\" alt=\"niupipo\" \/><\/figure>\n<h2>Am\u00e9liorez votre jeu, am\u00e9liorez votre technique<\/h2>\n<p>Dinkpickleball red\u00e9finit l'entra\u00eenement avec des pagaies con\u00e7ues pour \u00e9lever votre jeu. Nos pagaies ne sont pas de simples \u00e9quipements, elles sont le prolongement de votre ambition d'exceller. En am\u00e9liorant la pr\u00e9cision et la coordination, elles renforcent votre technique, faisant en sorte que chaque s\u00e9ance d'entra\u00eenement compte dans votre parcours pour devenir un champion de pickleball.<\/p>\n<p>                <a ><br \/>\n                    <img loading=\"lazy\" decoding=\"async\" width=\"1000\" height=\"1000\" src=\"https:\/\/dinkpickleball.com\/wp-content\/uploads\/2023\/11\/pickleball-training-paddles.jpg\" alt=\"pagaies d&#039;entra\u00eenement pour le pickleball\" srcset=\"https:\/\/dinkpickleball.com\/wp-content\/uploads\/2023\/11\/pickleball-training-paddles.jpg 1000w, https:\/\/dinkpickleball.com\/wp-content\/uploads\/2023\/11\/pickleball-training-paddles-300x300.jpg 300w, https:\/\/dinkpickleball.com\/wp-content\/uploads\/2023\/11\/pickleball-training-paddles-150x150.jpg 150w, https:\/\/dinkpickleball.com\/wp-content\/uploads\/2023\/11\/pickleball-training-paddles-768x768.jpg 768w\" sizes=\"auto, (max-width: 1000px) 100vw, 1000px\" \/><br \/>\n                <\/a><br \/>\n                                                            <a ><br \/>\n                                    DEMANDER UN DEVIS                                <\/a><br \/>\n                <a ><br \/>\n                    <img loading=\"lazy\" decoding=\"async\" width=\"1000\" height=\"1000\" src=\"https:\/\/dinkpickleball.com\/wp-content\/uploads\/2023\/11\/training-pickleball-paddle.jpg\" alt=\"raquette d&#039;entra\u00eenement pour le pickleball\" srcset=\"https:\/\/dinkpickleball.com\/wp-content\/uploads\/2023\/11\/training-pickleball-paddle.jpg 1000w, https:\/\/dinkpickleball.com\/wp-content\/uploads\/2023\/11\/training-pickleball-paddle-300x300.jpg 300w, https:\/\/dinkpickleball.com\/wp-content\/uploads\/2023\/11\/training-pickleball-paddle-150x150.jpg 150w, https:\/\/dinkpickleball.com\/wp-content\/uploads\/2023\/11\/training-pickleball-paddle-768x768.jpg 768w\" sizes=\"auto, (max-width: 1000px) 100vw, 1000px\" \/><br \/>\n                <\/a><br \/>\n                                                            <a ><br \/>\n                                    DEMANDER UN DEVIS                                <\/a><br \/>\n\t\t\t\t\t\t\t\t\t\t\t\t\t<img loading=\"lazy\" decoding=\"async\" width=\"1078\" height=\"1618\" src=\"https:\/\/dinkpickleball.com\/wp-content\/uploads\/2023\/11\/custom-pickleball-training-paddle.png\" alt=\"Pagaie d&#039;entra\u00eenement personnalis\u00e9e pour le pickleball\" srcset=\"https:\/\/dinkpickleball.com\/wp-content\/uploads\/2023\/11\/custom-pickleball-training-paddle.png 1078w, https:\/\/dinkpickleball.com\/wp-content\/uploads\/2023\/11\/custom-pickleball-training-paddle-200x300.png 200w, https:\/\/dinkpickleball.com\/wp-content\/uploads\/2023\/11\/custom-pickleball-training-paddle-682x1024.png 682w, https:\/\/dinkpickleball.com\/wp-content\/uploads\/2023\/11\/custom-pickleball-training-paddle-768x1153.png 768w, https:\/\/dinkpickleball.com\/wp-content\/uploads\/2023\/11\/custom-pickleball-training-paddle-1023x1536.png 1023w\" sizes=\"auto, (max-width: 1078px) 100vw, 1078px\" \/>\t\t\t\t\t\t\t\t\t\t\t\t\t<\/p>\n<h2>Comment faire du sur-mesure<\/h2>\n<h3>\n\t\t\t\t\t\t\tEnqu\u00eate initiale et consultation<br \/>\n\t\t\t\t\t<\/h3>\n<p>\n\t\t\t\t\t\tUn chef de produit planifiera une consultation pour discuter des besoins et des exigences sp\u00e9cifiques du client en ce qui concerne les pagaies d'entra\u00eenement de pickleball personnalis\u00e9es. Au cours de la consultation, le repr\u00e9sentant commercial recueillera les exigences d\u00e9taill\u00e9es du client. Il s'agit notamment de la quantit\u00e9 de pagaies n\u00e9cessaires, des pr\u00e9f\u00e9rences en mati\u00e8re de design (couleurs, logos et autres \u00e9l\u00e9ments de marque), des pr\u00e9f\u00e9rences en mati\u00e8re de mat\u00e9riaux, des sp\u00e9cifications de poids et de toutes les autres caract\u00e9ristiques personnalis\u00e9es souhait\u00e9es.\t\t\t\t\t<\/p>\n<h3>\n\t\t\t\t\t\t\tConception et prototypage<br \/>\n\t\t\t\t\t<\/h3>\n<p>\n\t\t\t\t\t\tSur la base des exigences recueillies, l'\u00e9quipe de conception de Dinkpickleball cr\u00e9era un prototype de la raquette personnalis\u00e9e. Il peut s'agir de maquettes num\u00e9riques ou d'un \u00e9chantillon physique, en fonction des besoins du client et de la complexit\u00e9 de la conception.\t\t\t\t\t<\/p>\n<h3>\n\t\t\t\t\t\t\tExamen et approbation par le client<br \/>\n\t\t\t\t\t<\/h3>\n<p>\n\t\t\t\t\t\tLe prototype ou la maquette est ensuite envoy\u00e9 au client pour examen. Le client peut demander des modifications ou des ajustements. Cette \u00e9tape permet de s'assurer que le produit final r\u00e9pondra aux attentes du client. Une fois que le client a approuv\u00e9 la conception, Dinkpickleball lui fournit un devis final comprenant le co\u00fbt unitaire et le co\u00fbt total de la commande. Le client confirme alors la commande et effectue les paiements n\u00e9cessaires conform\u00e9ment aux conditions convenues.\t\t\t\t\t<\/p>\n<h3>\n\t\t\t\t\t\t\t\u00c9chantillon et production<br \/>\n\t\t\t\t\t<\/h3>\n<p>\n\t\t\t\t\t\tEn tenant compte des commentaires du client, un \u00e9chantillon final de la pagaie personnalis\u00e9e est produit. Cet \u00e9chantillon est une repr\u00e9sentation fid\u00e8le du produit final, pr\u00e9sentant les mat\u00e9riaux, le poids et le design r\u00e9els. Une fois la commande confirm\u00e9e et le paiement effectu\u00e9, l'\u00e9quipe de fabrication de Dinkpickleball commence la production des pagaies d'entra\u00eenement de pickleball personnalis\u00e9es. Le temps de production peut varier en fonction de la taille de la commande et de la complexit\u00e9 des personnalisations.\t\t\t\t\t<\/p>\n<p>\t\t\t<a role=\"button\"><br \/>\n\t\t\t\t\t\t\t\t\tDEMANDER UN DEVIS<br \/>\n\t\t\t\t\t<\/a><\/p>\n<h2>Pourquoi DinkPickleball<\/h2>\n<h2>Am\u00e9lioration de la pr\u00e9cision<\/h2>\n<p>La raquette d'entra\u00eenement de Dinkpickleball est con\u00e7ue de mani\u00e8re experte pour am\u00e9liorer la pr\u00e9cision, en ciblant sp\u00e9cifiquement la zone de frappe. Cette am\u00e9lioration de la pr\u00e9cision est cruciale pour vous qui souhaitez proposer des produits de haute qualit\u00e9, ax\u00e9s sur la performance.<\/p>\n<h2>Un outil de formation polyvalent<\/h2>\n<p>Id\u00e9ale pour les \u00e9chauffements et les exercices intensifs, cette raquette est un compl\u00e9ment polyvalent \u00e0 la trousse \u00e0 outils de tout joueur. Cette adaptabilit\u00e9 la rend int\u00e9ressante pour les tournois, les \u00e9quipes sportives et les organisations \u00e0 but non lucratif qui accueillent des joueurs de niveaux vari\u00e9s.<\/p>\n<h2>Poids personnalisable <\/h2>\n<p>Avec la possibilit\u00e9 d'ajouter un poids en plomb, notre raquette d'entra\u00eenement pour le pickleball peut \u00eatre adapt\u00e9e pour correspondre \u00e0 la sensation de la raquette pr\u00e9f\u00e9r\u00e9e du joueur, ce qui la rend parfaite pour les marques et les joueurs individuels qui recherchent une exp\u00e9rience d'entra\u00eenement personnalis\u00e9e.<\/p>\n<h2>Am\u00e9lioration de la coordination \u0153il-main<\/h2>\n<p>Notre pagaie \u00e9l\u00e8ve le niveau de jeu des joueurs en am\u00e9liorant la coordination main-\u0153il. Cette caract\u00e9ristique est particuli\u00e8rement int\u00e9ressante pour les entra\u00eeneurs, les \u00e9quipes sportives et les \u00e9tablissements d'enseignement qui mettent l'accent sur le d\u00e9veloppement des comp\u00e9tences.<\/p>\n<h2>Respect des normes de l'USAPA<\/h2>\n<p>Dinkpickleball s'assure que ses pagaies sont conformes aux normes de l'USAPA, ce qui garantit la qualit\u00e9 et la conformit\u00e9 aux r\u00e8glements pour les d\u00e9taillants, les distributeurs et les entit\u00e9s professionnelles.<\/p>\n<h2>Commandes en gros et personnalis\u00e9es pour les besoins des entreprises<\/h2>\n<p>Dinkpickleball se sp\u00e9cialise dans les commandes B2B, en vrac et personnalis\u00e9es, ce qui fait de nos pagaies un choix de premier ordre pour les d\u00e9taillants, les marques et les organisations \u00e0 la recherche de solutions personnalis\u00e9es.<\/p>\n<h2>FAQ<\/h2>\n<p>Voici quelques questions fr\u00e9quemment pos\u00e9es (FAQ) que les clients B2B peuvent se poser lorsqu'ils envisagent d'acheter une pagaie d'entra\u00eenement pour le pickleball :<\/p>\n<p>                        <a href=\"#collapse-bc22830662f09a6c7f00\" data-ekit-toggle=\"collapse\" data-target=\"#Collapse-bc22830662f09a6c7f00\" aria-expanded=\"true\" aria-controls=\"Collapse-bc22830662f09a6c7f00\"><br \/>\n                            Q : Qu'est-ce qui diff\u00e9rencie les pagaies d'entra\u00eenement de Dinkpickleball&#039;de celles de ses concurrents ?<br \/>\n                                        <!-- Normal Icon --><br \/>\n                                        <!-- Active Icon --><br \/>\n                                                    <\/a><\/p>\n<p>R : Nos pagaies sont con\u00e7ues pour am\u00e9liorer les performances des joueurs. Elles sont dot\u00e9es d'un design unique qui permet de mieux toucher la zone de frappe, d'am\u00e9liorer la coordination \u0153il-main et de s'adapter aux joueurs de tous niveaux. Elles sont donc id\u00e9ales pour un large \u00e9ventail de clients, des d\u00e9butants aux joueurs confirm\u00e9s.A : Nos raquettes sont con\u00e7ues pour am\u00e9liorer les performances des joueurs. Elles sont dot\u00e9es d'un design unique qui permet de mieux toucher la zone de frappe, d'am\u00e9liorer la coordination main-\u0153il et de s'adapter aux joueurs de tous niveaux. Elles sont donc id\u00e9ales pour un large \u00e9ventail de clients, des d\u00e9butants aux joueurs confirm\u00e9s.<\/p>\n<p>                <!-- .elementskit-card END --><br \/>\n                        <a href=\"#collapse-3dad4e0662f09a6c7f00\" data-ekit-toggle=\"collapse\" data-target=\"#Collapse-3dad4e0662f09a6c7f00\" aria-expanded=\"false\" aria-controls=\"Collapse-3dad4e0662f09a6c7f00\"><br \/>\n                            Q : Les pagaies peuvent-elles \u00eatre personnalis\u00e9es pour les commandes en gros ?<br \/>\n                                        <!-- Normal Icon --><br \/>\n                                        <!-- Active Icon --><br \/>\n                                                    <\/a><\/p>\n<p>R : Absolument. Nous proposons des options de personnalisation pour les commandes en gros, ce qui permet aux entreprises et aux organisations d'adapter les pagaies \u00e0 leurs besoins sp\u00e9cifiques, que ce soit \u00e0 des fins d'image de marque ou pour r\u00e9pondre aux besoins d'un groupe particulier de joueurs.<\/p>\n<p>                <!-- .elementskit-card END --><br \/>\n                        <a href=\"#collapse-8417e71662f09a6c7f00\" data-ekit-toggle=\"collapse\" data-target=\"#Collapse-8417e71662f09a6c7f00\" aria-expanded=\"false\" aria-controls=\"Collapse-8417e71662f09a6c7f00\"><br \/>\n                            Q : Les pagaies sont-elles conformes aux normes officielles pour l'\u00e9quipement de pickleball ?<br \/>\n                                        <!-- Normal Icon --><br \/>\n                                        <!-- Active Icon --><br \/>\n                                                    <\/a><\/p>\n<p>R : Oui, toutes les pagaies d'entra\u00eenement de Dinkpickleball sont con\u00e7ues pour respecter et d\u00e9passer les normes \u00e9tablies par l'USA Pickleball Association (USAPA), ce qui garantit qu'elles conviennent \u00e0 la fois \u00e0 l'entra\u00eenement et aux tournois officiels.<\/p>\n<p>                <!-- .elementskit-card END --><br \/>\n                        <a href=\"#collapse-293f4f9662f09a6c7f00\" data-ekit-toggle=\"collapse\" data-target=\"#Collapse-293f4f9662f09a6c7f00\" aria-expanded=\"false\" aria-controls=\"Collapse-293f4f9662f09a6c7f00\"><br \/>\n                            Q : Pouvez-vous traiter des commandes importantes pour des \u00e9v\u00e9nements ou des organisations ?<br \/>\n                                        <!-- Normal Icon --><br \/>\n                                        <!-- Active Icon --><br \/>\n                                                    <\/a><\/p>\n<p>R : Oui, nous sommes parfaitement \u00e9quip\u00e9s pour traiter des commandes importantes. Notre capacit\u00e9 de production nous permet de r\u00e9pondre aux demandes des grands \u00e9v\u00e9nements, des tournois, des \u00e9coles ou des organisations qui ont besoin d'une quantit\u00e9 substantielle de pagaies sans faire de compromis sur la qualit\u00e9.<\/p>\n<p>                <!-- .elementskit-card END --><br \/>\n                        <a href=\"#collapse-1e5da80662f09a6c7f00\" data-ekit-toggle=\"collapse\" data-target=\"#Collapse-1e5da80662f09a6c7f00\" aria-expanded=\"false\" aria-controls=\"Collapse-1e5da80662f09a6c7f00\"><br \/>\n                            Q : Existe-t-il des remises pour les commandes group\u00e9es ou r\u00e9p\u00e9t\u00e9es ?<br \/>\n                                        <!-- Normal Icon --><br \/>\n                                        <!-- Active Icon --><br \/>\n                                                    <\/a><\/p>\n<p>R : Nous accordons une grande importance aux relations \u00e0 long terme et proposons des prix comp\u00e9titifs pour les commandes en gros et les commandes r\u00e9p\u00e9t\u00e9es. Notre structure de prix est con\u00e7ue pour \u00eatre avantageuse pour les entreprises et les organisations qui effectuent des achats plus importants.<\/p>\n<p>                <!-- .elementskit-card END --><\/p>","protected":false},"excerpt":{"rendered":"<p>Pickleball Training Paddle Engineered to perfect your play. Experience the game-changing advantage of a paddle designed to consistently hit the sweet spot. Elevate your skills, whether it&#8217;s a casual match or a competitive tournament. With our paddle, accuracy isn&#8217;t just a goal; it&#8217;s a guarantee. GET A QUOTE For Coaches and Trainers Dinkpickleball&#8217;s pickleball training [&hellip;]<\/p>\n","protected":false},"author":1,"featured_media":0,"parent":0,"menu_order":0,"comment_status":"closed","ping_status":"closed","template":"","meta":{"_seopress_robots_primary_cat":"","_seopress_titles_title":"","_seopress_titles_desc":"","_seopress_robots_index":"","footnotes":""},"class_list":["post-15243","page","type-page","status-publish","hentry"],"meta_box":[],"_links":{"self":[{"href":"https:\/\/dinkpickleball.com\/fr\/wp-json\/wp\/v2\/pages\/15243","targetHints":{"allow":["GET"]}}],"collection":[{"href":"https:\/\/dinkpickleball.com\/fr\/wp-json\/wp\/v2\/pages"}],"about":[{"href":"https:\/\/dinkpickleball.com\/fr\/wp-json\/wp\/v2\/types\/page"}],"author":[{"embeddable":true,"href":"https:\/\/dinkpickleball.com\/fr\/wp-json\/wp\/v2\/users\/1"}],"replies":[{"embeddable":true,"href":"https:\/\/dinkpickleball.com\/fr\/wp-json\/wp\/v2\/comments?post=15243"}],"version-history":[{"count":39,"href":"https:\/\/dinkpickleball.com\/fr\/wp-json\/wp\/v2\/pages\/15243\/revisions"}],"predecessor-version":[{"id":16287,"href":"https:\/\/dinkpickleball.com\/fr\/wp-json\/wp\/v2\/pages\/15243\/revisions\/16287"}],"wp:attachment":[{"href":"https:\/\/dinkpickleball.com\/fr\/wp-json\/wp\/v2\/media?parent=15243"}],"curies":[{"name":"wp","href":"https:\/\/api.w.org\/{rel}","templated":true}]}}