{"id":15195,"date":"2023-09-08T10:08:54","date_gmt":"2023-09-08T02:08:54","guid":{"rendered":"https:\/\/dinkpickleball.com\/?page_id=15195"},"modified":"2025-01-13T22:02:06","modified_gmt":"2025-01-13T14:02:06","slug":"3d-18k-carbon-fiber-paddle","status":"publish","type":"page","link":"https:\/\/dinkpickleball.com\/fr\/3d-18k-carbon-fiber-paddle\/","title":{"rendered":"Pagaie 3D en fibre de carbone 18k"},"content":{"rendered":"<h1>Pagaie 3D en fibre de carbone 18k<\/h1>\n<p>Rehaussez votre espace de vente avec notre raquette de pickleball en fibre de carbone 3D 18 carats. Son design unique et son attrait visuel promettent d'attirer davantage de visiteurs, augmentant ainsi l'engagement en magasin et les ventes potentielles. Gr\u00e2ce \u00e0 la technologie de pointe et aux caract\u00e9ristiques uniques de notre raquette, les d\u00e9taillants peuvent obtenir un prix sup\u00e9rieur, ce qui augmente vos marges b\u00e9n\u00e9ficiaires et votre chiffre d'affaires global.<\/p>\n<p><a role=\"button\"><br \/>\nDemandez notre dernier prix<br \/>\n<\/a><br \/>\n<img decoding=\"async\" src=\"https:\/\/dinkpickleball.com\/wp-content\/uploads\/2023\/09\/3D-18k-Carbon-Fiber-Paddle-Manufacturer.png\" title=\"Pagaie 3D en fibre de carbone 18k\" alt=\"Fabricant de palettes 3d en fibre de carbone 18k\" loading=\"lazy\" \/><\/p>\n<h2>Un appel dans tous les domaines<\/h2>\n<p>En proposant des produits \u00e0 la pointe de l'innovation et de la qualit\u00e9, vous ne vous contentez pas de faire une vente, vous favorisez la fid\u00e9lit\u00e9 \u00e0 votre marque. Les clients satisfaits reviendront, \u00e0 la recherche de ce qu'il y a de mieux et de plus r\u00e9cent, et notre palette vous place \u00e0 l'avant-garde de cette demande.<\/p>\n<h3>\n\t\t\t\t\t\tInvestissement dans les technologies avanc\u00e9es<\/h3>\n<p>Exploitez la puissance de la technologie de pointe de la fibre de carbone 3D 18k. D\u00e9marquez-vous sur le march\u00e9 avec une pagaie qui repr\u00e9sente le summum de l'innovation dans l'industrie du pickleball.<\/p>\n<h3>\n\t\t\t\t\t\tContr\u00f4le sup\u00e9rieur de la rotation<\/h3>\n<p>Dot\u00e9e d'un tissage triaxial unique de fils entrelac\u00e9s, notre palette offre un potentiel d'essorage in\u00e9gal\u00e9 sous tous les angles. Offrez \u00e0 vos clients un avantage concurrentiel sans pareil.<\/p>\n<h3>\n\t\t\t\t\t\tUn attrait visuel saisissant<\/h3>\n<p>L'optique 3D de la raquette ne se contente pas d'am\u00e9liorer l'exp\u00e9rience du joueur, elle promet \u00e9galement d'\u00eatre un argument de vente visuel, attirant les clients et am\u00e9liorant les \u00e9talages dans les magasins.<\/p>\n<h3>\n\t\t\t\t\t\tDiff\u00e9renciation concurrentielle<\/h3>\n<p>D\u00e9marquez-vous dans le paysage B2B en proposant un produit avec une face unique en fibre de carbone 3D-18k. Rehaussez votre marque en l'associant \u00e0 un produit qui est tout simplement \"meilleur\".<\/p>\n<h3>\n\t\t\t\t\t\tEngagement en faveur de la qualit\u00e9<\/h3>\n<p>Associez-vous \u00e0 Dinkpickleball, une entreprise qui privil\u00e9gie une fabrication et une conception de premier ordre. Assurez-vous que vos clients re\u00e7oivent un produit fabriqu\u00e9 avec une pr\u00e9cision et une passion in\u00e9gal\u00e9es.<\/p>\n<h3>\n\t\t\t\t\t\tPositionnement polyvalent sur le march\u00e9<\/h3>\n<p>Qu'elle s'adresse aux joueurs chevronn\u00e9s ou aux novices, la pagaie 3D 18k r\u00e9pond aux besoins d'un large public. Une solution unique pour diversifier votre offre de produits.<\/p>","protected":false},"excerpt":{"rendered":"<p>3D 18k Carbon Fiber Paddle Manufacturer Elevate your retail space with our 3D 18k Carbon Fiber Pickleball Paddle. Its unique design and visual appeal promise to attract more foot traffic, increasing in-store engagement and potential sales. Given the advanced technology and unique features of our paddle, retailers can command a premium price point, increasing your [&hellip;]<\/p>\n","protected":false},"author":1,"featured_media":0,"parent":0,"menu_order":0,"comment_status":"closed","ping_status":"closed","template":"","meta":{"_seopress_robots_primary_cat":"","_seopress_titles_title":"","_seopress_titles_desc":"Elevate your retail space with our 3D 18k Carbon Fiber Pickleball Paddle. Its unique design and visual appeal promise to attract more foot traffic, increasing in-store engagement and potential sales.","_seopress_robots_index":"","footnotes":""},"class_list":["post-15195","page","type-page","status-publish","hentry"],"meta_box":[],"_links":{"self":[{"href":"https:\/\/dinkpickleball.com\/fr\/wp-json\/wp\/v2\/pages\/15195","targetHints":{"allow":["GET"]}}],"collection":[{"href":"https:\/\/dinkpickleball.com\/fr\/wp-json\/wp\/v2\/pages"}],"about":[{"href":"https:\/\/dinkpickleball.com\/fr\/wp-json\/wp\/v2\/types\/page"}],"author":[{"embeddable":true,"href":"https:\/\/dinkpickleball.com\/fr\/wp-json\/wp\/v2\/users\/1"}],"replies":[{"embeddable":true,"href":"https:\/\/dinkpickleball.com\/fr\/wp-json\/wp\/v2\/comments?post=15195"}],"version-history":[{"count":24,"href":"https:\/\/dinkpickleball.com\/fr\/wp-json\/wp\/v2\/pages\/15195\/revisions"}],"predecessor-version":[{"id":16283,"href":"https:\/\/dinkpickleball.com\/fr\/wp-json\/wp\/v2\/pages\/15195\/revisions\/16283"}],"wp:attachment":[{"href":"https:\/\/dinkpickleball.com\/fr\/wp-json\/wp\/v2\/media?parent=15195"}],"curies":[{"name":"wp","href":"https:\/\/api.w.org\/{rel}","templated":true}]}}