{"id":15081,"date":"2023-08-12T01:35:23","date_gmt":"2023-08-11T17:35:23","guid":{"rendered":"https:\/\/dinkpickleball.com\/?page_id=15081"},"modified":"2025-01-13T22:08:11","modified_gmt":"2025-01-13T14:08:11","slug":"pickleball-paddle-eraser","status":"publish","type":"page","link":"https:\/\/dinkpickleball.com\/fr\/pickleball-paddle-eraser\/","title":{"rendered":"Gomme pour raquette de pickleball"},"content":{"rendered":"<h1>Gomme pour raquette de pickleball<\/h1>\n<p><strong>Con\u00e7u pour impressionner, con\u00e7u pour durer<\/strong>: Equipez votre entreprise de la solution ultime d'entretien des palettes. Une propret\u00e9 optimale, \u00e0 chaque fois. Votre entreprise m\u00e9rite plus qu'un produit g\u00e9n\u00e9rique. Choisissez l'effaceur de padel personnalis\u00e9 de Dinkpickleball - o\u00f9 votre marque brille \u00e0 chaque coup.<\/p>\n<p>\t\t\t<a role=\"button\"><br \/>\n\t\t\t\t\t\tObtenir un devis rapide<br \/>\n\t\t\t\t\t<\/a><br \/>\n\t\t\t\t\t\t\t\t\t\t\t\t<img decoding=\"async\" width=\"800\" height=\"800\" src=\"https:\/\/dinkpickleball.com\/wp-content\/uploads\/2023\/08\/banner.png\" alt=\"banni\u00e8re\" loading=\"lazy\" srcset=\"https:\/\/dinkpickleball.com\/wp-content\/uploads\/2023\/08\/banner.png 800w, https:\/\/dinkpickleball.com\/wp-content\/uploads\/2023\/08\/banner-300x300.png 300w, https:\/\/dinkpickleball.com\/wp-content\/uploads\/2023\/08\/banner-150x150.png 150w, https:\/\/dinkpickleball.com\/wp-content\/uploads\/2023\/08\/banner-768x768.png 768w, https:\/\/dinkpickleball.com\/wp-content\/uploads\/2023\/08\/banner-600x600.png 600w, https:\/\/dinkpickleball.com\/wp-content\/uploads\/2023\/08\/banner-100x100.png 100w\" sizes=\"auto, (max-width: 800px) 100vw, 800px\" \/>\t\t\t\t\t\t\t\t\t\t\t\t\t\t<\/p>\n<h2>Nettoyage de pr\u00e9cision, performances maximales<\/h2>\n<p>Transformez votre offre de pickleball avec des gommes adapt\u00e9es \u00e0 l'essence de votre marque. Personnalis\u00e9es. Propres. Captivant.<\/p>\n<figure class='gallery-item'>\n\t\t\t\t<a  title=\"Gomme pour raquette de pickleball\"  href='https:\/\/dinkpickleball.com\/wp-content\/uploads\/2023\/08\/Pickleball-Paddle-Eraser.jpg'><img width=\"800\" height=\"800\" src=\"https:\/\/dinkpickleball.com\/wp-content\/uploads\/2023\/08\/Pickleball-Paddle-Eraser.jpg\" alt=\"Gomme pour raquette de pickleball\" decoding=\"async\" aria-describedby=\"gallery-1-15090\" loading=\"lazy\" srcset=\"https:\/\/dinkpickleball.com\/wp-content\/uploads\/2023\/08\/Pickleball-Paddle-Eraser.jpg 800w, https:\/\/dinkpickleball.com\/wp-content\/uploads\/2023\/08\/Pickleball-Paddle-Eraser-300x300.jpg 300w, https:\/\/dinkpickleball.com\/wp-content\/uploads\/2023\/08\/Pickleball-Paddle-Eraser-150x150.jpg 150w, https:\/\/dinkpickleball.com\/wp-content\/uploads\/2023\/08\/Pickleball-Paddle-Eraser-768x768.jpg 768w, https:\/\/dinkpickleball.com\/wp-content\/uploads\/2023\/08\/Pickleball-Paddle-Eraser-600x600.jpg 600w, https:\/\/dinkpickleball.com\/wp-content\/uploads\/2023\/08\/Pickleball-Paddle-Eraser-100x100.jpg 100w\" sizes=\"auto, (max-width: 800px) 100vw, 800px\" \/><\/a><figcaption class='wp-caption-text gallery-caption' id='gallery-1-15090'>\n\t\t\t\tGomme pour raquette de pickleball<br \/>\n\t\t\t\t<\/figcaption><\/figure>\n<figure class='gallery-item'>\n\t\t\t\t<a  title=\"Gomme pour raquette de pickleball en gros\"  href='https:\/\/dinkpickleball.com\/wp-content\/uploads\/2023\/08\/Pickleball-Paddle-Eraser-wholesale.jpg'><img width=\"800\" height=\"800\" src=\"https:\/\/dinkpickleball.com\/wp-content\/uploads\/2023\/08\/Pickleball-Paddle-Eraser-wholesale.jpg\" alt=\"Gomme pour raquette de pickleball en gros\" decoding=\"async\" aria-describedby=\"gallery-1-15089\" loading=\"lazy\" srcset=\"https:\/\/dinkpickleball.com\/wp-content\/uploads\/2023\/08\/Pickleball-Paddle-Eraser-wholesale.jpg 800w, https:\/\/dinkpickleball.com\/wp-content\/uploads\/2023\/08\/Pickleball-Paddle-Eraser-wholesale-300x300.jpg 300w, https:\/\/dinkpickleball.com\/wp-content\/uploads\/2023\/08\/Pickleball-Paddle-Eraser-wholesale-150x150.jpg 150w, https:\/\/dinkpickleball.com\/wp-content\/uploads\/2023\/08\/Pickleball-Paddle-Eraser-wholesale-768x768.jpg 768w, https:\/\/dinkpickleball.com\/wp-content\/uploads\/2023\/08\/Pickleball-Paddle-Eraser-wholesale-600x600.jpg 600w, https:\/\/dinkpickleball.com\/wp-content\/uploads\/2023\/08\/Pickleball-Paddle-Eraser-wholesale-100x100.jpg 100w\" sizes=\"auto, (max-width: 800px) 100vw, 800px\" \/><\/a><figcaption class='wp-caption-text gallery-caption' id='gallery-1-15089'>\n\t\t\t\tGomme pour raquette de pickleball en gros<br \/>\n\t\t\t\t<\/figcaption><\/figure>\n<figure class='gallery-item'>\n\t\t\t\t<a  title=\"Gomme \u00e0 effacer en vrac pour les pagaies de Pickleball\"  href='https:\/\/dinkpickleball.com\/wp-content\/uploads\/2023\/08\/Pickleball-Paddle-Eraser-bulk.jpg'><img width=\"800\" height=\"800\" src=\"https:\/\/dinkpickleball.com\/wp-content\/uploads\/2023\/08\/Pickleball-Paddle-Eraser-bulk.jpg\" alt=\"Gomme \u00e0 effacer en vrac pour les pagaies de Pickleball\" decoding=\"async\" aria-describedby=\"gallery-1-15088\" loading=\"lazy\" srcset=\"https:\/\/dinkpickleball.com\/wp-content\/uploads\/2023\/08\/Pickleball-Paddle-Eraser-bulk.jpg 800w, https:\/\/dinkpickleball.com\/wp-content\/uploads\/2023\/08\/Pickleball-Paddle-Eraser-bulk-300x300.jpg 300w, https:\/\/dinkpickleball.com\/wp-content\/uploads\/2023\/08\/Pickleball-Paddle-Eraser-bulk-150x150.jpg 150w, https:\/\/dinkpickleball.com\/wp-content\/uploads\/2023\/08\/Pickleball-Paddle-Eraser-bulk-768x768.jpg 768w, https:\/\/dinkpickleball.com\/wp-content\/uploads\/2023\/08\/Pickleball-Paddle-Eraser-bulk-600x600.jpg 600w, https:\/\/dinkpickleball.com\/wp-content\/uploads\/2023\/08\/Pickleball-Paddle-Eraser-bulk-100x100.jpg 100w\" sizes=\"auto, (max-width: 800px) 100vw, 800px\" \/><\/a><figcaption class='wp-caption-text gallery-caption' id='gallery-1-15088'>\n\t\t\t\tGomme \u00e0 effacer en vrac pour les pagaies de Pickleball<br \/>\n\t\t\t\t<\/figcaption><\/figure>\n<figure class='gallery-item'>\n\t\t\t\t<a  title=\"Usine \u00e0 effacer les pagaies de Pickleball\"  href='https:\/\/dinkpickleball.com\/wp-content\/uploads\/2023\/08\/Pickleball-Paddle-Eraser-factory.jpg'><img width=\"1024\" height=\"990\" src=\"https:\/\/dinkpickleball.com\/wp-content\/uploads\/2023\/08\/Pickleball-Paddle-Eraser-factory.jpg\" alt=\"Usine \u00e0 effacer les pagaies de Pickleball\" decoding=\"async\" aria-describedby=\"gallery-1-15087\" loading=\"lazy\" srcset=\"https:\/\/dinkpickleball.com\/wp-content\/uploads\/2023\/08\/Pickleball-Paddle-Eraser-factory.jpg 1024w, https:\/\/dinkpickleball.com\/wp-content\/uploads\/2023\/08\/Pickleball-Paddle-Eraser-factory-300x290.jpg 300w, https:\/\/dinkpickleball.com\/wp-content\/uploads\/2023\/08\/Pickleball-Paddle-Eraser-factory-768x743.jpg 768w, https:\/\/dinkpickleball.com\/wp-content\/uploads\/2023\/08\/Pickleball-Paddle-Eraser-factory-600x580.jpg 600w\" sizes=\"auto, (max-width: 1024px) 100vw, 1024px\" \/><\/a><figcaption class='wp-caption-text gallery-caption' id='gallery-1-15087'>\n\t\t\t\tUsine \u00e0 effacer les pagaies de Pickleball<br \/>\n\t\t\t\t<\/figcaption><\/figure>\n<figure class='gallery-item'>\n\t\t\t\t<a  title=\"Pickleball Paddle Eraser company\"  href='https:\/\/dinkpickleball.com\/wp-content\/uploads\/2023\/08\/Pickleball-Paddle-Eraser-company.jpeg'><img width=\"800\" height=\"800\" src=\"https:\/\/dinkpickleball.com\/wp-content\/uploads\/2023\/08\/Pickleball-Paddle-Eraser-company.jpeg\" alt=\"Pickleball Paddle Eraser company\" decoding=\"async\" aria-describedby=\"gallery-1-15086\" loading=\"lazy\" srcset=\"https:\/\/dinkpickleball.com\/wp-content\/uploads\/2023\/08\/Pickleball-Paddle-Eraser-company.jpeg 800w, https:\/\/dinkpickleball.com\/wp-content\/uploads\/2023\/08\/Pickleball-Paddle-Eraser-company-300x300.jpeg 300w, https:\/\/dinkpickleball.com\/wp-content\/uploads\/2023\/08\/Pickleball-Paddle-Eraser-company-150x150.jpeg 150w, https:\/\/dinkpickleball.com\/wp-content\/uploads\/2023\/08\/Pickleball-Paddle-Eraser-company-768x768.jpeg 768w, https:\/\/dinkpickleball.com\/wp-content\/uploads\/2023\/08\/Pickleball-Paddle-Eraser-company-600x600.jpeg 600w, https:\/\/dinkpickleball.com\/wp-content\/uploads\/2023\/08\/Pickleball-Paddle-Eraser-company-100x100.jpeg 100w\" sizes=\"auto, (max-width: 800px) 100vw, 800px\" \/><\/a><figcaption class='wp-caption-text gallery-caption' id='gallery-1-15086'>\n\t\t\t\tPickleball Paddle Eraser company<br \/>\n\t\t\t\t<\/figcaption><\/figure>\n<figure class='gallery-item'>\n\t\t\t\t<a  title=\"Marque Pickleball Paddle Eraser\"  href='https:\/\/dinkpickleball.com\/wp-content\/uploads\/2023\/08\/Pickleball-Paddle-Eraser-brand.jpg'><img width=\"800\" height=\"800\" src=\"https:\/\/dinkpickleball.com\/wp-content\/uploads\/2023\/08\/Pickleball-Paddle-Eraser-brand.jpg\" alt=\"Marque Pickleball Paddle Eraser\" decoding=\"async\" aria-describedby=\"gallery-1-15085\" loading=\"lazy\" srcset=\"https:\/\/dinkpickleball.com\/wp-content\/uploads\/2023\/08\/Pickleball-Paddle-Eraser-brand.jpg 800w, https:\/\/dinkpickleball.com\/wp-content\/uploads\/2023\/08\/Pickleball-Paddle-Eraser-brand-300x300.jpg 300w, https:\/\/dinkpickleball.com\/wp-content\/uploads\/2023\/08\/Pickleball-Paddle-Eraser-brand-150x150.jpg 150w, https:\/\/dinkpickleball.com\/wp-content\/uploads\/2023\/08\/Pickleball-Paddle-Eraser-brand-768x768.jpg 768w, https:\/\/dinkpickleball.com\/wp-content\/uploads\/2023\/08\/Pickleball-Paddle-Eraser-brand-600x600.jpg 600w, https:\/\/dinkpickleball.com\/wp-content\/uploads\/2023\/08\/Pickleball-Paddle-Eraser-brand-100x100.jpg 100w\" sizes=\"auto, (max-width: 800px) 100vw, 800px\" \/><\/a><figcaption class='wp-caption-text gallery-caption' id='gallery-1-15085'>\n\t\t\t\tMarque Pickleball Paddle Eraser<br \/>\n\t\t\t\t<\/figcaption><\/figure>\n<h2>Nettoyage de pr\u00e9cision, performances maximales<\/h2>\n<p>\u00a0Notre gomme est con\u00e7ue pour les pagaies de pickleball en fibre de carbone, non seulement pour assurer la propret\u00e9, mais aussi pour pr\u00e9server les capacit\u00e9s inn\u00e9es de rotation et l'esth\u00e9tique de la pagaie. Il ne s'agit pas seulement de nettoyer, mais aussi de pr\u00e9server la valeur de la raquette.<\/p>\n<p>https:\/\/www.youtube.com\/watch?v=SZ23rUQuJLA\t\t<\/p>\n<h3>\n\t\t\t\t\t\tMaintien d'une performance optimale<br \/>\n\t\t\t\t<\/h3>\n<p>\n\t\t\t\t\t\t Notre effaceur de padel Pickleball assure un nettoyage facile, en utilisant un m\u00e9lange exclusif de caoutchouc qui \u00e9limine sans effort les r\u00e9sidus de balles, la salet\u00e9 et les petites \u00e9raflures\/rayures. Cela rajeunit l'apparence de la raquette, la faisant para\u00eetre toute neuve apr\u00e8s chaque nettoyage.\n\t\t\t\t\t<\/p>\n<h3>\n\t\t\t\t\t\tToujours \u00e0 port\u00e9e de main<br \/>\n\t\t\t\t<\/h3>\n<p>\n\t\t\t\t\t\tGr\u00e2ce \u00e0 sa conception portable, l'effaceur de pagaies Dinkpickleball peut facilement \u00eatre gliss\u00e9 dans n'importe quel sac de pickleball, garantissant que l'entretien des pagaies peut \u00eatre effectu\u00e9 \u00e0 tout moment, n'importe o\u00f9 - que vous soyez au milieu d'un match ou que vous terminiez un tournoi.\t\t\t\t\t<\/p>\n<h3>\n\t\t\t\t\t\tPr\u00e9server la rotation de la pagaie<br \/>\n\t\t\t\t<\/h3>\n<p>\n\t\t\t\t\t\tL'une des premi\u00e8res choses \u00e0 se d\u00e9t\u00e9riorer dans une pagaie est son spin, principalement en raison de l'accumulation de petites fibres de balle. Notre Paddle Eraser s'attaque efficacement \u00e0 ce probl\u00e8me gr\u00e2ce \u00e0 sa fonction de r\u00e9tention de l'effet, garantissant que votre pagaie conserve sa capacit\u00e9 d'effet au fil du temps.\t\t\t\t\t<\/p>\n<h3>\n\t\t\t\t\t\tValidation scientifique<br \/>\n\t\t\t\t<\/h3>\n<p>\n\t\t\t\t\t\tNous croyons aux preuves. Gr\u00e2ce \u00e0 la validation par microscopie, nos tests ont montr\u00e9 une am\u00e9lioration tangible de la propret\u00e9 des pagaies et le maintien des capacit\u00e9s d'essorage apr\u00e8s utilisation. Votre achat n'est pas bas\u00e9 sur notre seule parole, il est soutenu par la science.\t\t\t\t\t<\/p>\n<h3>\n\t\t\t\t\t\tUn choix \u00e9co-responsable<br \/>\n\t\t\t\t<\/h3>\n<p>\n\t\t\t\t\t\t\u00c0 une \u00e9poque o\u00f9 l'on prend de plus en plus conscience de l'importance de l'environnement, notre gomme \u00e0 palette se distingue par le fait qu'elle est fabriqu\u00e9e \u00e0 partir de mat\u00e9riaux \u00e9cologiques. Nous croyons qu'il est possible de fournir des performances de premier ordre sans compromettre le bien-\u00eatre de notre plan\u00e8te.\t\t\t\t\t<\/p>\n<h3>\n\t\t\t\t\t\tMaintenance rentable<br \/>\n\t\t\t\t<\/h3>\n<p>\n\t\t\t\t\t\tGr\u00e2ce \u00e0 notre gomme \u00e0 palette, il n'est plus n\u00e9cessaire d'acheter constamment de nouveaux produits de nettoyage. R\u00e9utilisable, elle offre des performances constantes au cours de nombreux cycles de nettoyage, ce qui garantit un bon rapport qualit\u00e9-prix et une r\u00e9duction des d\u00e9chets.\t\t\t\t\t<\/p>\n<figure><img decoding=\"async\" src=\"https:\/\/dinkpickleball.com\/wp-content\/uploads\/2022\/06\/onix.png\" alt=\"onix\" \/><\/figure>\n<figure><img decoding=\"async\" src=\"https:\/\/dinkpickleball.com\/wp-content\/uploads\/2022\/06\/Diadem-logo.png\" alt=\"Logo Diadem\" \/><\/figure>\n<figure><img decoding=\"async\" src=\"https:\/\/dinkpickleball.com\/wp-content\/uploads\/2022\/06\/Gamma.png\" alt=\"Gamma\" \/><\/figure>\n<figure><img decoding=\"async\" src=\"https:\/\/dinkpickleball.com\/wp-content\/uploads\/2022\/06\/Paddletek.png\" alt=\"Paddletek\" \/><\/figure>\n<figure><img decoding=\"async\" src=\"https:\/\/dinkpickleball.com\/wp-content\/uploads\/2023\/04\/RECESS-logo.png\" alt=\"Logo RECESS\" \/><\/figure>\n<figure><img decoding=\"async\" src=\"https:\/\/dinkpickleball.com\/wp-content\/uploads\/2023\/04\/CRBN-logo.png\" alt=\"Logo du CRBN\" \/><\/figure>\n<figure><img decoding=\"async\" src=\"https:\/\/dinkpickleball.com\/wp-content\/uploads\/2023\/04\/STIGA-logo.png\" alt=\"Logo STIGA\" \/><\/figure>\n<figure><img decoding=\"async\" src=\"https:\/\/dinkpickleball.com\/wp-content\/uploads\/2022\/06\/niupipo.png\" alt=\"niupipo\" \/><\/figure>\n<h2>Votre partenaire ultime sur le march\u00e9 mondial du pickleball<\/h2>\n<p>Dans le domaine tr\u00e8s anim\u00e9 des accessoires de pickleball, les entreprises se retrouvent souvent perdues au milieu de produits g\u00e9n\u00e9riques. Et s'il existait un nom qui s'engageait \u00e0 se distinguer ? Voici Dinkpickleball, o\u00f9 l'innovation rencontre la tradition.<\/p>\n<p>\t\t\t\t\t\t\t\t\t\t\t\t<img decoding=\"async\" src=\"https:\/\/dinkpickleball.com\/wp-content\/uploads\/2023\/04\/Proven-Track-Record.jpg\" title=\"Des r\u00e9sultats probants\" alt=\"Des r\u00e9sultats probants\" loading=\"lazy\" \/>\t\t\t\t\t\t\t\t\t\t\t\t\t\t<\/p>\n<h3>Adapt\u00e9 \u00e0 vos besoins<\/h3>\n<p>Le march\u00e9 B2B se nourrit de la personnalisation. Il ne s'agit pas seulement d'avoir un produit, mais d'avoir VOTRE produit. Dinkpickleball s'en fait le champion avec son effaceur de pagaies de pickleball personnalis\u00e9, con\u00e7u pour r\u00e9pondre \u00e0 l'identit\u00e9 de votre marque et aux d\u00e9sirs de vos clients.<\/p>\n<p>\t\t\t<a role=\"button\"><br \/>\n\t\t\t\t\t\tObtenir un devis imm\u00e9diat<br \/>\n\t\t\t\t\t<\/a><br \/>\n\t\t\t\t\t\t\t\t\t\t\t\t<img decoding=\"async\" src=\"https:\/\/dinkpickleball.com\/wp-content\/uploads\/2023\/04\/Premium-Quality-Products.jpg\" title=\"Produits de qualit\u00e9 sup\u00e9rieure\" alt=\"Produits de qualit\u00e9 sup\u00e9rieure\" loading=\"lazy\" \/>\t\t\t\t\t\t\t\t\t\t\t\t\t\t<\/p>\n<h3>Un engagement de qualit\u00e9 in\u00e9branlable<\/h3>\n<p>Nous avons tous entendu ces histoires : des entreprises attir\u00e9es par des promesses tape-\u00e0-l'\u0153il qui sont ensuite d\u00e9\u00e7ues par une qualit\u00e9 inf\u00e9rieure. Dinkpickleball inverse la tendance. Gr\u00e2ce \u00e0 notre engagement in\u00e9branlable en faveur de la qualit\u00e9, nous ne nous contentons pas de r\u00e9pondre aux attentes, nous les d\u00e9passons.<\/p>\n<p>\t\t\t<a role=\"button\"><br \/>\n\t\t\t\t\t\tObtenir un devis imm\u00e9diat<br \/>\n\t\t\t\t\t<\/a><br \/>\n\t\t\t\t\t\t\t\t\t\t\t\t<img decoding=\"async\" src=\"https:\/\/dinkpickleball.com\/wp-content\/uploads\/2023\/04\/Adaptability-and-Responsiveness-to-Market.jpeg\" title=\"Adaptabilit\u00e9 et r\u00e9activit\u00e9 au march\u00e9\" alt=\"Adaptabilit\u00e9 et r\u00e9activit\u00e9 au march\u00e9\" loading=\"lazy\" \/>\t\t\t\t\t\t\t\t\t\t\t\t\t\t<\/p>\n<h3>Fournisseur de solutions holistiques<\/h3>\n<p>Le monde du pickleball est vaste, tout comme les besoins des entreprises. Avec Dinkpickleball, vous n'obtenez pas seulement un produit, mais une solution globale. De la conception initiale \u00e0 la livraison finale, nos solutions de bout en bout vous garantissent une couverture \u00e0 chaque \u00e9tape.<\/p>\n<p>\t\t\t<a role=\"button\"><br \/>\n\t\t\t\t\t\tObtenir un devis imm\u00e9diat<br \/>\n\t\t\t\t\t<\/a><br \/>\n\t\t\t\t\t\t\t\t\t\t\t\t<img decoding=\"async\" src=\"https:\/\/dinkpickleball.com\/wp-content\/uploads\/2023\/04\/Collaborative-Approach-.jpeg\" title=\"Approche collaborative\" alt=\"Approche collaborative\" loading=\"lazy\" \/>\t\t\t\t\t\t\t\t\t\t\t\t\t\t<\/p>\n<h3>Un partenariat, pas seulement un achat<\/h3>\n<p>Chaque entreprise cherche plus qu'un simple fournisseur, elle cherche un partenaire. L'\u00e9thique de Dinkpickleball est ancr\u00e9e dans le partenariat. Nous ne nous contentons pas de fournir, nous collaborons, en veillant \u00e0 ce que chaque produit soit en accord avec la voix et la vision de votre marque.<\/p>\n<p>\t\t\t<a role=\"button\"><br \/>\n\t\t\t\t\t\tObtenir un devis imm\u00e9diat<br \/>\n\t\t\t\t\t<\/a><\/p>\n<h2>FAQ<\/h2>\n<p>Vous avez des pr\u00e9occupations sp\u00e9cifiques lorsque vous achetez des produits, en particulier en gros. Vous recherchez souvent l'assurance de la qualit\u00e9, la rentabilit\u00e9 et une livraison efficace. Voici quelques questions fr\u00e9quemment pos\u00e9es (FAQ) qu'ils peuvent avoir lorsqu'ils envisagent d'acheter la gomme pour padel de pickleball.<\/p>\n<p>                        <a href=\"#collapse-a767ad6650c4ffe523eb\" data-ekit-toggle=\"collapse\" data-target=\"#Collapse-a767ad6650c4ffe523eb\" aria-expanded=\"true\" aria-controls=\"Collapse-a767ad6650c4ffe523eb\"><br \/>\n                            Quel est le mat\u00e9riau principal utilis\u00e9 dans la gomme de la raquette de Dinkpickleball ?<br \/>\n                                        <!-- Normal Icon --><br \/>\n                                        <!-- Active Icon --><br \/>\n                                                    <\/a><\/p>\n<p>La gomme pour pagaies de Dinkpickleball est fabriqu\u00e9e \u00e0 partir d'un m\u00e9lange exclusif de caoutchouc \u00e9cologique con\u00e7u pour \u00e9liminer efficacement les r\u00e9sidus de balles, la salet\u00e9 et les petites \u00e9raflures\/rayures sans utiliser de produits chimiques.<\/p>\n<p>                <!-- .elementskit-card END --><br \/>\n                        <a href=\"#collapse-bc22830650c4ffe523eb\" data-ekit-toggle=\"collapse\" data-target=\"#Collapse-bc22830650c4ffe523eb\" aria-expanded=\"false\" aria-controls=\"Collapse-bc22830650c4ffe523eb\"><br \/>\n                            En quoi le Paddle Eraser diff\u00e8re-t-il des autres produits de nettoyage disponibles sur le march\u00e9 ?<br \/>\n                                        <!-- Normal Icon --><br \/>\n                                        <!-- Active Icon --><br \/>\n                                                    <\/a><\/p>\n<p>Notre Paddle Eraser est sp\u00e9cialement con\u00e7u pour les pagaies de pickleball en fibre de carbone. Elle ne se contente pas de nettoyer la pagaie, mais pr\u00e9serve \u00e9galement ses capacit\u00e9s de rotation et son esth\u00e9tique. De plus, sa nature \u00e9cologique et r\u00e9utilisable la distingue des autres produits de nettoyage conventionnels.<\/p>\n<p>                <!-- .elementskit-card END --><br \/>\n                        <a href=\"#collapse-8417e71650c4ffe523eb\" data-ekit-toggle=\"collapse\" data-target=\"#Collapse-8417e71650c4ffe523eb\" aria-expanded=\"false\" aria-controls=\"Collapse-8417e71650c4ffe523eb\"><br \/>\n                             L'effaceur de pagaies peut-il \u00eatre personnalis\u00e9 pour correspondre \u00e0 l'identit\u00e9 de notre marque ?<br \/>\n                                        <!-- Normal Icon --><br \/>\n                                        <!-- Active Icon --><br \/>\n                                                    <\/a><\/p>\n<p>Absolument ! Dinkpickleball reconna\u00eet les besoins uniques des clients B2B et offre des options de personnalisation pour les commandes en gros afin de s'aligner sur l'identit\u00e9 et les exigences de votre marque.<\/p>\n<p>                <!-- .elementskit-card END --><br \/>\n                        <a href=\"#collapse-3dad4e0650c4ffe523eb\" data-ekit-toggle=\"collapse\" data-target=\"#Collapse-3dad4e0650c4ffe523eb\" aria-expanded=\"false\" aria-controls=\"Collapse-3dad4e0650c4ffe523eb\"><br \/>\n                            Comment le Paddle Eraser assure-t-il le maintien de la rotation de la pagaie ?<br \/>\n                                        <!-- Normal Icon --><br \/>\n                                        <!-- Active Icon --><br \/>\n                                                    <\/a><\/p>\n<p>Le Paddle Eraser est con\u00e7u pour traiter l'accumulation de petites fibres de balle qui peuvent diminuer la rotation de la raquette au fil du temps. En \u00e9liminant efficacement ces fibres et r\u00e9sidus, les capacit\u00e9s de rotation de la raquette sont maintenues.<\/p>\n<p>                <!-- .elementskit-card END --><br \/>\n                        <a href=\"#collapse-17fe5a5650c4ffe523eb\" data-ekit-toggle=\"collapse\" data-target=\"#Collapse-17fe5a5650c4ffe523eb\" aria-expanded=\"false\" aria-controls=\"Collapse-17fe5a5650c4ffe523eb\"><br \/>\n                            Existe-t-il une validation scientifique de l'efficacit\u00e9 du Paddle Eraser ?<br \/>\n                                        <!-- Normal Icon --><br \/>\n                                        <!-- Active Icon --><br \/>\n                                                    <\/a><\/p>\n<p>Oui, l'efficacit\u00e9 de notre produit a \u00e9t\u00e9 valid\u00e9e par une analyse microscopique, qui montre une am\u00e9lioration tangible de la propret\u00e9 des pales et de la r\u00e9tention de l'essorage apr\u00e8s utilisation.<\/p>\n<p>                <!-- .elementskit-card END --><\/p>","protected":false},"excerpt":{"rendered":"<p>Pickleball Paddle Eraser Tailored to Impress, Designed to Last: Equip your business with the ultimate paddle care solution. Optimal cleanliness, every single time. Your business deserves more than generic. Choose Dinkpickleball&#8217;s Custom Paddle Eraser \u2013 where your brand shines with every swipe. Get Quick Quote Precision Clean, Peak Performance Transform your pickleball offerings with erasers [&hellip;]<\/p>\n","protected":false},"author":1,"featured_media":0,"parent":0,"menu_order":0,"comment_status":"closed","ping_status":"closed","template":"","meta":{"_seopress_robots_primary_cat":"","_seopress_titles_title":"Custom Pickleball Paddle Eraser","_seopress_titles_desc":"Tailored to Impress, Designed to Last: Equip your business with the ultimate paddle care solution. Choose Dinkpickleball\u2019s Custom Paddle Eraser \u2013 Your business deserves more than generic. ","_seopress_robots_index":"","footnotes":""},"class_list":["post-15081","page","type-page","status-publish","hentry"],"meta_box":[],"_links":{"self":[{"href":"https:\/\/dinkpickleball.com\/fr\/wp-json\/wp\/v2\/pages\/15081","targetHints":{"allow":["GET"]}}],"collection":[{"href":"https:\/\/dinkpickleball.com\/fr\/wp-json\/wp\/v2\/pages"}],"about":[{"href":"https:\/\/dinkpickleball.com\/fr\/wp-json\/wp\/v2\/types\/page"}],"author":[{"embeddable":true,"href":"https:\/\/dinkpickleball.com\/fr\/wp-json\/wp\/v2\/users\/1"}],"replies":[{"embeddable":true,"href":"https:\/\/dinkpickleball.com\/fr\/wp-json\/wp\/v2\/comments?post=15081"}],"version-history":[{"count":11,"href":"https:\/\/dinkpickleball.com\/fr\/wp-json\/wp\/v2\/pages\/15081\/revisions"}],"predecessor-version":[{"id":15901,"href":"https:\/\/dinkpickleball.com\/fr\/wp-json\/wp\/v2\/pages\/15081\/revisions\/15901"}],"wp:attachment":[{"href":"https:\/\/dinkpickleball.com\/fr\/wp-json\/wp\/v2\/media?parent=15081"}],"curies":[{"name":"wp","href":"https:\/\/api.w.org\/{rel}","templated":true}]}}