{"id":15000,"date":"2023-07-31T07:15:03","date_gmt":"2023-07-30T23:15:03","guid":{"rendered":"https:\/\/dinkpickleball.com\/?page_id=15000"},"modified":"2025-01-20T14:34:26","modified_gmt":"2025-01-20T06:34:26","slug":"pickleball-bands","status":"publish","type":"page","link":"https:\/\/dinkpickleball.com\/fr\/pickleball-bands\/","title":{"rendered":"Bandes pour pickleball"},"content":{"rendered":"<h1>Bracelets de pickleball personnalis\u00e9s<\/h1>\n<p><strong>Vous \u00eates \u00e0 la recherche d'une opportunit\u00e9 de marque unique dans le domaine du sport ?<\/strong> Avec les bracelets de pickleball personnalis\u00e9s de DinkPickleball, transformez votre logo, votre texte ou votre dessin en une partie int\u00e9grante de chaque partie. Faites en sorte que votre marque soit visible \u00e0 chaque swing !<\/p>\n<p>\t\t\t<a role=\"button\"><br \/>\n\t\t\t\t\t\tObtenir un devis rapide<br \/>\n\t\t\t\t\t<\/a><br \/>\n\t\t\t\t\t\t\t\t\t\t\t\t<img decoding=\"async\" width=\"900\" height=\"900\" src=\"https:\/\/dinkpickleball.com\/wp-content\/uploads\/2023\/07\/Custom-Pickleball-Bands.png\" alt=\"Bracelets de pickleball personnalis\u00e9s\" loading=\"lazy\" srcset=\"https:\/\/dinkpickleball.com\/wp-content\/uploads\/2023\/07\/Custom-Pickleball-Bands.png 900w, https:\/\/dinkpickleball.com\/wp-content\/uploads\/2023\/07\/Custom-Pickleball-Bands-300x300.png 300w, https:\/\/dinkpickleball.com\/wp-content\/uploads\/2023\/07\/Custom-Pickleball-Bands-150x150.png 150w, https:\/\/dinkpickleball.com\/wp-content\/uploads\/2023\/07\/Custom-Pickleball-Bands-768x768.png 768w, https:\/\/dinkpickleball.com\/wp-content\/uploads\/2023\/07\/Custom-Pickleball-Bands-600x600.png 600w, https:\/\/dinkpickleball.com\/wp-content\/uploads\/2023\/07\/Custom-Pickleball-Bands-100x100.png 100w\" sizes=\"auto, (max-width: 900px) 100vw, 900px\" \/>\t\t\t\t\t\t\t\t\t\t\t\t\t\t<\/p>\n<h2>Faites votre marque \u00e0 chaque coup<\/h2>\n<p>Augmentez la visibilit\u00e9 de votre marque avec nos bracelets de pickleball personnalisables. Avec DinkPickleball, votre logo, texte ou dessin peut devenir un \u00e9l\u00e9ment inoubliable du jeu.<\/p>\n<figure class='gallery-item'>\n\t\t\t\t<a  title=\"le pic-ball\"  href='https:\/\/dinkpickleball.com\/wp-content\/uploads\/2023\/07\/dinkpickleball.jpg'><img width=\"930\" height=\"930\" src=\"https:\/\/dinkpickleball.com\/wp-content\/uploads\/2023\/07\/dinkpickleball.jpg\" alt=\"le pic-ball\" decoding=\"async\" aria-describedby=\"gallery-1-15048\" loading=\"lazy\" srcset=\"https:\/\/dinkpickleball.com\/wp-content\/uploads\/2023\/07\/dinkpickleball.jpg 930w, https:\/\/dinkpickleball.com\/wp-content\/uploads\/2023\/07\/dinkpickleball-300x300.jpg 300w, https:\/\/dinkpickleball.com\/wp-content\/uploads\/2023\/07\/dinkpickleball-150x150.jpg 150w, https:\/\/dinkpickleball.com\/wp-content\/uploads\/2023\/07\/dinkpickleball-768x768.jpg 768w, https:\/\/dinkpickleball.com\/wp-content\/uploads\/2023\/07\/dinkpickleball-600x600.jpg 600w, https:\/\/dinkpickleball.com\/wp-content\/uploads\/2023\/07\/dinkpickleball-100x100.jpg 100w\" sizes=\"auto, (max-width: 930px) 100vw, 930px\" \/><\/a><figcaption class='wp-caption-text gallery-caption' id='gallery-1-15048'>\n\t\t\t\tle pic-ball<br \/>\n\t\t\t\t<\/figcaption><\/figure>\n<figure class='gallery-item'>\n\t\t\t\t<a  title=\"bandes pour pagaies de pickleball\"  href='https:\/\/dinkpickleball.com\/wp-content\/uploads\/2023\/07\/pickleball-paddle-bands.jpg'><img width=\"930\" height=\"930\" src=\"https:\/\/dinkpickleball.com\/wp-content\/uploads\/2023\/07\/pickleball-paddle-bands.jpg\" alt=\"bandes pour pagaies de pickleball\" decoding=\"async\" aria-describedby=\"gallery-1-15050\" loading=\"lazy\" srcset=\"https:\/\/dinkpickleball.com\/wp-content\/uploads\/2023\/07\/pickleball-paddle-bands.jpg 930w, https:\/\/dinkpickleball.com\/wp-content\/uploads\/2023\/07\/pickleball-paddle-bands-300x300.jpg 300w, https:\/\/dinkpickleball.com\/wp-content\/uploads\/2023\/07\/pickleball-paddle-bands-150x150.jpg 150w, https:\/\/dinkpickleball.com\/wp-content\/uploads\/2023\/07\/pickleball-paddle-bands-768x768.jpg 768w, https:\/\/dinkpickleball.com\/wp-content\/uploads\/2023\/07\/pickleball-paddle-bands-600x600.jpg 600w, https:\/\/dinkpickleball.com\/wp-content\/uploads\/2023\/07\/pickleball-paddle-bands-100x100.jpg 100w\" sizes=\"auto, (max-width: 930px) 100vw, 930px\" \/><\/a><figcaption class='wp-caption-text gallery-caption' id='gallery-1-15050'>\n\t\t\t\tbandes pour pagaies de pickleball<br \/>\n\t\t\t\t<\/figcaption><\/figure>\n<figure class='gallery-item'>\n\t\t\t\t<a  title=\"groupes de pickleball\"  href='https:\/\/dinkpickleball.com\/wp-content\/uploads\/2023\/07\/pickleball-bands.jpg'><img width=\"930\" height=\"930\" src=\"https:\/\/dinkpickleball.com\/wp-content\/uploads\/2023\/07\/pickleball-bands.jpg\" alt=\"groupes de pickleball\" decoding=\"async\" aria-describedby=\"gallery-1-15049\" loading=\"lazy\" srcset=\"https:\/\/dinkpickleball.com\/wp-content\/uploads\/2023\/07\/pickleball-bands.jpg 930w, https:\/\/dinkpickleball.com\/wp-content\/uploads\/2023\/07\/pickleball-bands-300x300.jpg 300w, https:\/\/dinkpickleball.com\/wp-content\/uploads\/2023\/07\/pickleball-bands-150x150.jpg 150w, https:\/\/dinkpickleball.com\/wp-content\/uploads\/2023\/07\/pickleball-bands-768x768.jpg 768w, https:\/\/dinkpickleball.com\/wp-content\/uploads\/2023\/07\/pickleball-bands-600x600.jpg 600w, https:\/\/dinkpickleball.com\/wp-content\/uploads\/2023\/07\/pickleball-bands-100x100.jpg 100w\" sizes=\"auto, (max-width: 930px) 100vw, 930px\" \/><\/a><figcaption class='wp-caption-text gallery-caption' id='gallery-1-15049'>\n\t\t\t\tgroupes de pickleball<br \/>\n\t\t\t\t<\/figcaption><\/figure>\n<h2>Donnez une nouvelle dimension \u00e0 votre entreprise<\/h2>\n<p>Nous sommes ravis de vous aider \u00e0 cr\u00e9er des exp\u00e9riences gagnantes pour vos clients. Le choix ultime pour les d\u00e9taillants d'\u00e9quipements sportifs, les entreprises d'articles promotionnels, les clients corporatifs et les services de personnalisation.<\/p>\n<h3>\n\t\t\t\t\t\tAdaptation universelle<br \/>\n\t\t\t\t<\/h3>\n<p>\n\t\t\t\t\t\tUne taille unique ! Nos bandes sont con\u00e7ues pour s'adapter \u00e0 toutes les pagaies de pickleball, ce qui en fait un choix polyvalent pour une large gamme d'\u00e9quipements.\n\t\t\t\t\t<\/p>\n<h3>\n\t\t\t\t\t\tVisibilit\u00e9 de la marque<br \/>\n\t\t\t\t<\/h3>\n<p>\n\t\t\t\t\t\tRenforcez la pr\u00e9sence de votre marque \u00e0 chaque match ! Nos bandes personnalis\u00e9es vous permettent d'ajouter votre logo, votre texte ou n'importe quel motif, transformant chaque pagaie en un panneau d'affichage ambulant pour votre marque.\t\t\t\t\t<\/p>\n<h3>\n\t\t\t\t\t\tFacile \u00e0 installer<br \/>\n\t\t\t\t<\/h3>\n<p>\n\t\t\t\t\t\tD'une excellente \u00e9lasticit\u00e9, nos bandes de pr\u00e9hension pour pagaies de pickleball, personnalis\u00e9es selon vos pr\u00e9f\u00e9rences, sont faciles \u00e0 installer, ce qui vous permet de gagner du temps et d'\u00e9conomiser des efforts.\t\t\t\t\t<\/p>\n<h3>\n\t\t\t\t\t\tDurabilit\u00e9 in\u00e9gal\u00e9e<br \/>\n\t\t\t\t<\/h3>\n<p>\n\t\t\t\t\t\tDinkPickleball offre une durabilit\u00e9 qui change la donne avec ses bandes de poign\u00e9e de pickleball personnalis\u00e9es. Con\u00e7ues pour r\u00e9sister \u00e0 des jeux rigoureux, nos bandes garantissent une plus longue dur\u00e9e de vie \u00e0 vos pagaies.\t\t\t\t\t<\/p>\n<h3>\n\t\t\t\t\t\tEsth\u00e9tique sur mesure<br \/>\n\t\t\t\t<\/h3>\n<p>\n\t\t\t\t\t\tPersonnalisez l'apparence de votre \u00e9quipement de pickleball avec les bandes de padel personnalis\u00e9es de DinkPickleball. Personnalisez les couleurs en fonction de votre marque, de votre \u00e9quipe ou du th\u00e8me de l'\u00e9v\u00e9nement pour un attrait unique.\t\t\t\t\t<\/p>\n<h3>\n\t\t\t\t\t\tTechniques d'impression avanc\u00e9es<br \/>\n\t\t\t\t<\/h3>\n<p>\n\t\t\t\t\t\tChez DinkPickleball, nous utilisons la tampographie ou le gaufrage pour obtenir des motifs et des d\u00e9tails nets et \u00e9clatants pour une touche de luxe. Ces bracelets ne sont pas seulement fonctionnels, ils sont aussi un signe de style.\t\t\t\t\t<\/p>\n<figure><img decoding=\"async\" src=\"https:\/\/dinkpickleball.com\/wp-content\/uploads\/2022\/06\/onix.png\" alt=\"onix\" \/><\/figure>\n<figure><img decoding=\"async\" src=\"https:\/\/dinkpickleball.com\/wp-content\/uploads\/2022\/06\/Diadem-logo.png\" alt=\"Logo Diadem\" \/><\/figure>\n<figure><img decoding=\"async\" src=\"https:\/\/dinkpickleball.com\/wp-content\/uploads\/2022\/06\/Gamma.png\" alt=\"Gamma\" \/><\/figure>\n<figure><img decoding=\"async\" src=\"https:\/\/dinkpickleball.com\/wp-content\/uploads\/2022\/06\/Paddletek.png\" alt=\"Paddletek\" \/><\/figure>\n<figure><img decoding=\"async\" src=\"https:\/\/dinkpickleball.com\/wp-content\/uploads\/2023\/04\/RECESS-logo.png\" alt=\"Logo RECESS\" \/><\/figure>\n<figure><img decoding=\"async\" src=\"https:\/\/dinkpickleball.com\/wp-content\/uploads\/2023\/04\/CRBN-logo.png\" alt=\"Logo du CRBN\" \/><\/figure>\n<figure><img decoding=\"async\" src=\"https:\/\/dinkpickleball.com\/wp-content\/uploads\/2023\/04\/STIGA-logo.png\" alt=\"Logo STIGA\" \/><\/figure>\n<figure><img decoding=\"async\" src=\"https:\/\/dinkpickleball.com\/wp-content\/uploads\/2022\/06\/niupipo.png\" alt=\"niupipo\" \/><\/figure>\n<h2>Votre partenaire ultime sur le march\u00e9 mondial du pickleball<\/h2>\n<p>D\u00e9couvrez les avantages in\u00e9gal\u00e9s d'un partenariat avec DinkPickleball, l'un des principaux fabricants de bracelets de pickleball personnalis\u00e9s, con\u00e7us pour r\u00e9pondre aux besoins des d\u00e9taillants d'\u00e9quipements sportifs, des soci\u00e9t\u00e9s d'articles promotionnels, des clients d'entreprise et des services de personnalisation.\u00a0<\/p>\n<p>\t\t\t\t\t\t\t\t\t\t\t\t<img decoding=\"async\" src=\"https:\/\/dinkpickleball.com\/wp-content\/uploads\/2023\/04\/Premium-Quality-Products.jpg\" title=\"Produits de qualit\u00e9 sup\u00e9rieure\" alt=\"Produits de qualit\u00e9 sup\u00e9rieure\" loading=\"lazy\" \/>\t\t\t\t\t\t\t\t\t\t\t\t\t\t<\/p>\n<h3>Vous recherchez des d\u00e9lais d'ex\u00e9cution rapides sans sacrifier la qualit\u00e9 ?<\/h3>\n<p>DinkPickleball est fier de ses processus de production efficaces, ce qui signifie que vous recevez vos bracelets de pickleball personnalis\u00e9s de haute qualit\u00e9 exactement quand vous en avez besoin. Dites adieu aux commandes retard\u00e9es.<\/p>\n<p>\t\t\t<a role=\"button\"><br \/>\n\t\t\t\t\t\tObtenir un devis imm\u00e9diat<br \/>\n\t\t\t\t\t<\/a><br \/>\n\t\t\t\t\t\t\t\t\t\t\t\t<img decoding=\"async\" src=\"https:\/\/dinkpickleball.com\/wp-content\/uploads\/2023\/04\/Proven-Track-Record.jpg\" title=\"Des r\u00e9sultats probants\" alt=\"Des r\u00e9sultats probants\" loading=\"lazy\" \/>\t\t\t\t\t\t\t\t\t\t\t\t\t\t<\/p>\n<h3>Vous voulez vous d\u00e9marquer ?<\/h3>\n<p>DinkPickleball utilise des techniques avanc\u00e9es de tampographie et de gaufrage pour cr\u00e9er des bracelets qui se distinguent par leur style. Faites l'exp\u00e9rience de la diff\u00e9rence en termes de d\u00e9tails et d'\u00e9clat avec nous !<\/p>\n<p>\t\t\t<a role=\"button\"><br \/>\n\t\t\t\t\t\tObtenir un devis imm\u00e9diat<br \/>\n\t\t\t\t\t<\/a><br \/>\n\t\t\t\t\t\t\t\t\t\t\t\t<img decoding=\"async\" src=\"https:\/\/dinkpickleball.com\/wp-content\/uploads\/2023\/04\/Adaptability-and-Responsiveness-to-Market.jpeg\" title=\"Adaptabilit\u00e9 et r\u00e9activit\u00e9 au march\u00e9\" alt=\"Adaptabilit\u00e9 et r\u00e9activit\u00e9 au march\u00e9\" loading=\"lazy\" \/>\t\t\t\t\t\t\t\t\t\t\t\t\t\t<\/p>\n<h3>Vous avez besoin d'un fournisseur qui comprenne l'importance de votre image de marque ?<\/h3>\n<p>Chez DinkPickleball, nous ne nous contentons pas de fabriquer des bracelets de pickleball, nous cr\u00e9ons des solutions de marquage. Avec la possibilit\u00e9 d'ajouter des logos, du texte ou des dessins, nous vous aidons \u00e0 rendre votre marque plus visible et plus percutante.<\/p>\n<p>\t\t\t<a role=\"button\"><br \/>\n\t\t\t\t\t\tObtenir un devis imm\u00e9diat<br \/>\n\t\t\t\t\t<\/a><br \/>\n\t\t\t\t\t\t\t\t\t\t\t\t<img decoding=\"async\" src=\"https:\/\/dinkpickleball.com\/wp-content\/uploads\/2023\/04\/Collaborative-Approach-.jpeg\" title=\"Approche collaborative\" alt=\"Approche collaborative\" loading=\"lazy\" \/>\t\t\t\t\t\t\t\t\t\t\t\t\t\t<\/p>\n<h3>Vous souhaitez travailler avec un fabricant qui accorde autant d'importance que vous \u00e0 votre entreprise ?<\/h3>\n<p>Avec DinkPickleball, vous \u00eates plus qu'un simple client - vous \u00eates un partenaire pr\u00e9cieux. Nous travaillons en \u00e9troite collaboration avec vous pour comprendre vos besoins et vous proposer des solutions qui vous permettront de r\u00e9ussir. Faites \u00e9quipe avec nous et d\u00e9couvrez la diff\u00e9rence DinkPickleball !<\/p>\n<p>\t\t\t<a role=\"button\"><br \/>\n\t\t\t\t\t\tObtenir un devis imm\u00e9diat<br \/>\n\t\t\t\t\t<\/a><\/p>\n<h2>FAQ<\/h2>\n<p>Pour les segments de client\u00e8le cibles que sont les d\u00e9taillants d'\u00e9quipements sportifs, les soci\u00e9t\u00e9s d'articles promotionnels, les entreprises clientes et les services de personnalisation, voici quelques questions fr\u00e9quemment pos\u00e9es (FAQ) qu'ils peuvent se poser lorsqu'ils envisagent d'acheter des bracelets de pickleball personnalis\u00e9s.<\/p>\n<p>                        <a href=\"#collapse-a767ad6650c4fd147238\" data-ekit-toggle=\"collapse\" data-target=\"#Collapse-a767ad6650c4fd147238\" aria-expanded=\"true\" aria-controls=\"Collapse-a767ad6650c4fd147238\"><br \/>\n                            Q : Pouvons-nous pr\u00e9visualiser notre produit avant qu'il n'entre en production ?<br \/>\n                                        <!-- Normal Icon --><br \/>\n                                        <!-- Active Icon --><br \/>\n                                                    <\/a><\/p>\n<p>R : Oui, nous offrons la possibilit\u00e9 de pr\u00e9visualiser vos bracelets de pickleball personnalis\u00e9s. Cela vous permet de vous assurer que tout correspond \u00e0 vos attentes avant que le processus de fabrication ne commence.<\/p>\n<p>                <!-- .elementskit-card END --><br \/>\n                        <a href=\"#collapse-bc22830650c4fd147238\" data-ekit-toggle=\"collapse\" data-target=\"#Collapse-bc22830650c4fd147238\" aria-expanded=\"false\" aria-controls=\"Collapse-bc22830650c4fd147238\"><br \/>\n                            Q : Quelle est la quantit\u00e9 minimale pour les commandes personnalis\u00e9es ?<br \/>\n                                        <!-- Normal Icon --><br \/>\n                                        <!-- Active Icon --><br \/>\n                                                    <\/a><\/p>\n<p>R : Nos quantit\u00e9s minimales de commande sont con\u00e7ues pour \u00eatre flexibles afin de r\u00e9pondre aux besoins vari\u00e9s de nos clients. Veuillez nous contacter directement pour obtenir des chiffres pr\u00e9cis.<\/p>\n<p>                <!-- .elementskit-card END --><br \/>\n                        <a href=\"#collapse-8417e71650c4fd147238\" data-ekit-toggle=\"collapse\" data-target=\"#Collapse-8417e71650c4fd147238\" aria-expanded=\"false\" aria-controls=\"Collapse-8417e71650c4fd147238\"><br \/>\n                            Q : Comment faire pour personnaliser les couleurs et ajouter notre logo ou notre texte sur les bandes ?<br \/>\n                                        <!-- Normal Icon --><br \/>\n                                        <!-- Active Icon --><br \/>\n                                                    <\/a><\/p>\n<p>R : Une fois votre commande pass\u00e9e, notre \u00e9quipe de conception travaillera avec vous pour cr\u00e9er vos mod\u00e8les personnalis\u00e9s. Vous pourrez choisir les couleurs et ajouter les logos, textes ou \u00e9l\u00e9ments graphiques que vous souhaitez.<\/p>\n<p>                <!-- .elementskit-card END --><br \/>\n                        <a href=\"#collapse-3dad4e0650c4fd147238\" data-ekit-toggle=\"collapse\" data-target=\"#Collapse-3dad4e0650c4fd147238\" aria-expanded=\"false\" aria-controls=\"Collapse-3dad4e0650c4fd147238\"><br \/>\n                            Q : Quel est le d\u00e9lai de production pour les commandes personnalis\u00e9es ?<br \/>\n                                        <!-- Normal Icon --><br \/>\n                                        <!-- Active Icon --><br \/>\n                                                    <\/a><\/p>\n<p>R : Les d\u00e9lais de production varient en fonction de la taille de la commande et de la complexit\u00e9 du dessin. Cependant, nous sommes fiers de nos d\u00e9lais d'ex\u00e9cution rapides. Veuillez nous contacter pour obtenir une estimation plus pr\u00e9cise.<\/p>\n<p>                <!-- .elementskit-card END --><\/p>","protected":false},"excerpt":{"rendered":"<p>Custom Pickleball Bands Seeking a unique branding opportunity in the sports field? With DinkPickleball&#8217;s Custom Pickleball Bands, transform your logo, text, or design into an integral part of every game. Let your brand be seen with every swing! Get Quick Quote Make Your Mark with Every Swing Amplify your brand&#8217;s visibility with our customizable pickleball [&hellip;]<\/p>\n","protected":false},"author":1,"featured_media":0,"parent":0,"menu_order":0,"comment_status":"closed","ping_status":"closed","template":"","meta":{"_seopress_robots_primary_cat":"","_seopress_titles_title":"Custom Pickleball Bands","_seopress_titles_desc":"With DinkPickleball&#039;s Custom Pickleball Bands, transform your logo, text, or design into an integral part of every game. Let your brand be seen with every swing!","_seopress_robots_index":"","footnotes":""},"class_list":["post-15000","page","type-page","status-publish","hentry"],"meta_box":[],"_links":{"self":[{"href":"https:\/\/dinkpickleball.com\/fr\/wp-json\/wp\/v2\/pages\/15000","targetHints":{"allow":["GET"]}}],"collection":[{"href":"https:\/\/dinkpickleball.com\/fr\/wp-json\/wp\/v2\/pages"}],"about":[{"href":"https:\/\/dinkpickleball.com\/fr\/wp-json\/wp\/v2\/types\/page"}],"author":[{"embeddable":true,"href":"https:\/\/dinkpickleball.com\/fr\/wp-json\/wp\/v2\/users\/1"}],"replies":[{"embeddable":true,"href":"https:\/\/dinkpickleball.com\/fr\/wp-json\/wp\/v2\/comments?post=15000"}],"version-history":[{"count":50,"href":"https:\/\/dinkpickleball.com\/fr\/wp-json\/wp\/v2\/pages\/15000\/revisions"}],"predecessor-version":[{"id":16267,"href":"https:\/\/dinkpickleball.com\/fr\/wp-json\/wp\/v2\/pages\/15000\/revisions\/16267"}],"wp:attachment":[{"href":"https:\/\/dinkpickleball.com\/fr\/wp-json\/wp\/v2\/media?parent=15000"}],"curies":[{"name":"wp","href":"https:\/\/api.w.org\/{rel}","templated":true}]}}