{"id":14808,"date":"2023-07-11T07:36:50","date_gmt":"2023-07-10T23:36:50","guid":{"rendered":"https:\/\/dinkpickleball.com\/?page_id=14808"},"modified":"2025-01-13T22:04:22","modified_gmt":"2025-01-13T14:04:22","slug":"custom-pickleball-balls","status":"publish","type":"page","link":"https:\/\/dinkpickleball.com\/fr\/custom-pickleball-balls\/","title":{"rendered":"Balles de Pickleball personnalis\u00e9es"},"content":{"rendered":"<h1>Balles de Pickleball personnalis\u00e9es<\/h1>\n<h3>Con\u00e7us pour r\u00e9pondre aux normes de l'USAPA, nos ballons offrent des performances constantes et mettent en valeur votre marque \u00e0 un prix d'usine en vrac.<\/h3>\n<p>\t\t\t<a role=\"button\"><br \/>\n\t\t\t\t\t\tDEMANDER UN DEVIS<br \/>\n\t\t\t\t\t<\/a><br \/>\n\t\t\t\t\t\t\t\t\t\t\t\t<img decoding=\"async\" width=\"500\" height=\"500\" src=\"https:\/\/dinkpickleball.com\/wp-content\/uploads\/2022\/06\/custom-pickleball-ball.png\" alt=\"balle de pickleball personnalis\u00e9e\" loading=\"lazy\" srcset=\"https:\/\/dinkpickleball.com\/wp-content\/uploads\/2022\/06\/custom-pickleball-ball.png 500w, https:\/\/dinkpickleball.com\/wp-content\/uploads\/2022\/06\/custom-pickleball-ball-300x300.png 300w, https:\/\/dinkpickleball.com\/wp-content\/uploads\/2022\/06\/custom-pickleball-ball-150x150.png 150w, https:\/\/dinkpickleball.com\/wp-content\/uploads\/2022\/06\/custom-pickleball-ball-100x100.png 100w, https:\/\/dinkpickleball.com\/wp-content\/uploads\/2022\/06\/elementor\/thumbs\/custom-pickleball-ball-pq3a0g1h697msdprdorg1i8bur38posx8ahar5tv34.png 400w\" sizes=\"auto, (max-width: 500px) 100vw, 500px\" \/>\t\t\t\t\t\t\t\t\t\t\t\t\t\t<\/p>\n<h2>Vous comprendre<\/h2>\n<p>Nous comprenons que votre marque est unique. Nos balles de pickleball personnalis\u00e9es sont une extension de votre marque, un moyen de communiquer vos valeurs et de vous rapprocher de votre public. Nous nous engageons \u00e0 faire en sorte que chaque design personnalis\u00e9 donne vie \u00e0 votre marque.<\/p>\n<p>\t\t\t<a role=\"button\"><br \/>\n\t\t\t\t\t\tDEMANDER UN DEVIS<br \/>\n\t\t\t\t\t<\/a><\/p>\n<h2> Une qualit\u00e9 sans compromis<\/h2>\n<p>La qualit\u00e9 est au c\u0153ur de nos activit\u00e9s. Nos balles de pickleball personnalis\u00e9es sont con\u00e7ues pour r\u00e9pondre aux normes strictes de l'USAPA, ce qui garantit des performances de premier ordre \u00e0 chaque jeu, \u00e0 chaque fois. Votre marque m\u00e9rite ce qu'il y a de mieux, et nous sommes l\u00e0 pour le faire.<\/p>\n<p>\t\t\t<a role=\"button\"><br \/>\n\t\t\t\t\t\tDEMANDER UN DEVIS<br \/>\n\t\t\t\t\t<\/a><\/p>\n<h2> Prix comp\u00e9titifs<\/h2>\n<p>Chez Dinkpickleball, nous pensons qu'une qualit\u00e9 sup\u00e9rieure ne doit pas s'accompagner d'un prix sup\u00e9rieur. Notre mod\u00e8le de prix comp\u00e9titif vous offre le meilleur rapport qualit\u00e9-prix, vous aidant \u00e0 maximiser votre budget sans faire de compromis sur la qualit\u00e9 ou le design.<\/p>\n<p>\t\t\t<a role=\"button\"><br \/>\n\t\t\t\t\t\tDEMANDER UN DEVIS<br \/>\n\t\t\t\t\t<\/a><\/p>\n<figure><img decoding=\"async\" src=\"https:\/\/dinkpickleball.com\/wp-content\/uploads\/2022\/06\/onix.png\" alt=\"onix\" \/><\/figure>\n<figure><img decoding=\"async\" src=\"https:\/\/dinkpickleball.com\/wp-content\/uploads\/2022\/06\/Diadem-logo.png\" alt=\"Logo Diadem\" \/><\/figure>\n<figure><img decoding=\"async\" src=\"https:\/\/dinkpickleball.com\/wp-content\/uploads\/2022\/06\/Gamma.png\" alt=\"Gamma\" \/><\/figure>\n<figure><img decoding=\"async\" src=\"https:\/\/dinkpickleball.com\/wp-content\/uploads\/2022\/06\/Paddletek.png\" alt=\"Paddletek\" \/><\/figure>\n<figure><img decoding=\"async\" src=\"https:\/\/dinkpickleball.com\/wp-content\/uploads\/2023\/04\/RECESS-logo.png\" alt=\"Logo RECESS\" \/><\/figure>\n<figure><img decoding=\"async\" src=\"https:\/\/dinkpickleball.com\/wp-content\/uploads\/2023\/04\/CRBN-logo.png\" alt=\"Logo du CRBN\" \/><\/figure>\n<figure><img decoding=\"async\" src=\"https:\/\/dinkpickleball.com\/wp-content\/uploads\/2023\/04\/STIGA-logo.png\" alt=\"Logo STIGA\" \/><\/figure>\n<figure><img decoding=\"async\" src=\"https:\/\/dinkpickleball.com\/wp-content\/uploads\/2022\/06\/niupipo.png\" alt=\"niupipo\" \/><\/figure>\n<h2>Des performances remarquables, un design inoubliable<\/h2>\n<p>Dinkpickleball offre les meilleures options de personnalisation de sa cat\u00e9gorie. Qu'il s'agisse de logos, de couleurs, de dessins uniques ou de slogans, nous proposons de nombreuses options pour que vos balles de pickleball personnalis\u00e9es repr\u00e9sentent vraiment votre marque.<\/p>\n<p>                <a ><br \/>\n                    <img decoding=\"async\" width=\"500\" height=\"500\" src=\"https:\/\/dinkpickleball.com\/wp-content\/uploads\/2022\/06\/custom-pickleball-ball-wholesale-3.jpg\" alt=\"balle de pickleball personnalis\u00e9e grossiste 3\" loading=\"lazy\" srcset=\"https:\/\/dinkpickleball.com\/wp-content\/uploads\/2022\/06\/custom-pickleball-ball-wholesale-3.jpg 500w, https:\/\/dinkpickleball.com\/wp-content\/uploads\/2022\/06\/custom-pickleball-ball-wholesale-3-300x300.jpg 300w, https:\/\/dinkpickleball.com\/wp-content\/uploads\/2022\/06\/custom-pickleball-ball-wholesale-3-150x150.jpg 150w, https:\/\/dinkpickleball.com\/wp-content\/uploads\/2022\/06\/custom-pickleball-ball-wholesale-3-100x100.jpg 100w\" sizes=\"auto, (max-width: 500px) 100vw, 500px\" \/><br \/>\n                <\/a><br \/>\n                                                            <a ><br \/>\n                                    DEMANDER UN DEVIS                                <\/a><br \/>\n                <a ><br \/>\n                    <img decoding=\"async\" width=\"500\" height=\"500\" src=\"https:\/\/dinkpickleball.com\/wp-content\/uploads\/2022\/06\/custom-pickleball-ball-wholesale-2.jpg\" alt=\"balle de pickleball personnalis\u00e9e grossiste 2\" loading=\"lazy\" srcset=\"https:\/\/dinkpickleball.com\/wp-content\/uploads\/2022\/06\/custom-pickleball-ball-wholesale-2.jpg 500w, https:\/\/dinkpickleball.com\/wp-content\/uploads\/2022\/06\/custom-pickleball-ball-wholesale-2-300x300.jpg 300w, https:\/\/dinkpickleball.com\/wp-content\/uploads\/2022\/06\/custom-pickleball-ball-wholesale-2-150x150.jpg 150w, https:\/\/dinkpickleball.com\/wp-content\/uploads\/2022\/06\/custom-pickleball-ball-wholesale-2-100x100.jpg 100w\" sizes=\"auto, (max-width: 500px) 100vw, 500px\" \/><br \/>\n                <\/a><br \/>\n                                                            <a ><br \/>\n                                    DEMANDER UN DEVIS                                <\/a><br \/>\n                <a ><br \/>\n                    <img decoding=\"async\" width=\"500\" height=\"500\" src=\"https:\/\/dinkpickleball.com\/wp-content\/uploads\/2022\/06\/custom-pickleball-ball-wholesale-1.jpg\" alt=\"balle de pickleball personnalis\u00e9e grossiste 1\" loading=\"lazy\" srcset=\"https:\/\/dinkpickleball.com\/wp-content\/uploads\/2022\/06\/custom-pickleball-ball-wholesale-1.jpg 500w, https:\/\/dinkpickleball.com\/wp-content\/uploads\/2022\/06\/custom-pickleball-ball-wholesale-1-300x300.jpg 300w, https:\/\/dinkpickleball.com\/wp-content\/uploads\/2022\/06\/custom-pickleball-ball-wholesale-1-150x150.jpg 150w, https:\/\/dinkpickleball.com\/wp-content\/uploads\/2022\/06\/custom-pickleball-ball-wholesale-1-100x100.jpg 100w\" sizes=\"auto, (max-width: 500px) 100vw, 500px\" \/><br \/>\n                <\/a><br \/>\n                                                            <a ><br \/>\n                                    DEMANDER UN DEVIS                                <\/a><br \/>\n\t\t\t\t\t\t\t\t\t\t\t\t<img decoding=\"async\" width=\"800\" height=\"1200\" src=\"https:\/\/dinkpickleball.com\/wp-content\/uploads\/2023\/07\/custom-pickleball.jpg\" alt=\"pickleball personnalis\u00e9\" loading=\"lazy\" srcset=\"https:\/\/dinkpickleball.com\/wp-content\/uploads\/2023\/07\/custom-pickleball.jpg 800w, https:\/\/dinkpickleball.com\/wp-content\/uploads\/2023\/07\/custom-pickleball-200x300.jpg 200w, https:\/\/dinkpickleball.com\/wp-content\/uploads\/2023\/07\/custom-pickleball-683x1024.jpg 683w, https:\/\/dinkpickleball.com\/wp-content\/uploads\/2023\/07\/custom-pickleball-768x1152.jpg 768w, https:\/\/dinkpickleball.com\/wp-content\/uploads\/2023\/07\/custom-pickleball-600x900.jpg 600w\" sizes=\"auto, (max-width: 800px) 100vw, 800px\" \/>\t\t\t\t\t\t\t\t\t\t\t\t\t\t<\/p>\n<h2>Comment faire du sur-mesure<\/h2>\n<h3>\n\t\t\t\t\t\tConception et consultation<br \/>\n\t\t\t\t<\/h3>\n<p>\n\t\t\t\t\t\tNous commen\u00e7ons par une consultation approfondie pour comprendre votre vision. Vous pouvez choisir parmi une vari\u00e9t\u00e9 d'options, y compris les couleurs, les styles (sans couture ou avec soudure) et les m\u00e9thodes d'impression (impression UV ou laser). Nous vous assistons \u00e0 chaque \u00e9tape du processus pour nous assurer que la conception finale refl\u00e8te l'identit\u00e9 de votre marque et r\u00e9pond \u00e0 vos attentes.\t\t\t\t\t<\/p>\n<h3>\n\t\t\t\t\t\t\u00c9chantillons<br \/>\n\t\t\t\t<\/h3>\n<p>\n\t\t\t\t\t\tNous croyons en une approche \"sans surprise\". Une fois le design finalis\u00e9, nous cr\u00e9ons un \u00e9chantillon de votre balle de pickleball personnalis\u00e9e. Cela vous permet de d\u00e9couvrir l'aspect et la sensation du produit avant que la production \u00e0 grande \u00e9chelle ne commence. C'est \u00e9galement l'occasion de proc\u00e9der aux derniers ajustements pour s'assurer que tout est parfait.\t\t\t\t\t<\/p>\n<h3>\n\t\t\t\t\t\tPaquet personnalis\u00e9<br \/>\n\t\t\t\t<\/h3>\n<p>\n\t\t\t\t\t\tNous offrons des services de consultation et d'orientation en mati\u00e8re d'emballage, adapt\u00e9s \u00e0 vos besoins. Que vous vous adressiez \u00e0 des d\u00e9taillants, des distributeurs, des \u00e9coles, des \u00e9quipes sportives ou des organisations \u00e0 but non lucratif, nous vous aidons \u00e0 cr\u00e9er des emballages qui trouvent un \u00e9cho aupr\u00e8s de votre public cible et renforcent l'identit\u00e9 de votre marque, tout en respectant votre budget.\t\t\t\t\t<\/p>\n<h3>\n\t\t\t\t\t\tProduction et livraison<br \/>\n\t\t\t\t<\/h3>\n<p>\n\t\t\t\t\t\tUne fois que vous avez approuv\u00e9 l'\u00e9chantillon et l'emballage, nous lan\u00e7ons la production \u00e0 grande \u00e9chelle. En utilisant des \u00e9quipements de pointe et en suivant des mesures strictes de contr\u00f4le de la qualit\u00e9, nous nous assurons que chaque balle de pickleball personnalis\u00e9e r\u00e9pond \u00e0 nos normes \u00e9lev\u00e9es et \u00e0 vos attentes. Une fois la production termin\u00e9e, nous g\u00e9rons efficacement le processus de livraison, en veillant \u00e0 ce que votre commande vous parvienne \u00e0 temps, \u00e0 chaque fois.\t\t\t\t\t<\/p>\n<p>\t\t\t<a role=\"button\"><br \/>\n\t\t\t\t\t\tDEMANDER UN DEVIS<br \/>\n\t\t\t\t\t<\/a><\/p>\n<h2>Pourquoi DinkPickleball<\/h2>\n<h2>Personnaliser pour se d\u00e9marquer<\/h2>\n<p>Rehaussez votre marque avec nos balles de pickleball personnalis\u00e9es. Dinkpickleball vous permet de concevoir des balles de pickleball qui refl\u00e8tent l'identit\u00e9 unique de votre marque. D\u00e9marquez-vous sur le march\u00e9 avec des balles de pickleball qui sont exclusivement les v\u00f4tres.<\/p>\n<h2>Une qualit\u00e9 \u00e0 laquelle vous pouvez faire confiance<\/h2>\n<p>Lorsqu'il s'agit de balles de pickleball personnalis\u00e9es, la qualit\u00e9 est importante. Chez Dinkpickleball, nous sommes fiers de r\u00e9pondre aux normes de l'USAPA, ce qui garantit que vos produits personnalis\u00e9s sont non seulement \u00e9l\u00e9gants, mais aussi performants.<\/p>\n<h2>Une exp\u00e9rience sur mesure<\/h2>\n<p>Chaque client est unique et chaque commande de balles de pickleball doit l'\u00eatre aussi. Chez Dinkpickleball, nous travaillons en \u00e9troite collaboration avec vous pour comprendre vos besoins sp\u00e9cifiques et vous livrer des balles de pickleball qui d\u00e9passent vos attentes.<\/p>\n<h2>Impressions durables<\/h2>\n<p>Nous pensons que les balles de pickleball personnalis\u00e9es ne sont pas seulement un outil de marketing, mais aussi une d\u00e9claration de l'engagement de votre marque envers la qualit\u00e9. Avec Dinkpickleball, vous obtenez des balles qui sont aussi durables et fiables que votre marque promet de l'\u00eatre.<\/p>\n<h2>Emballage personnalis\u00e9<\/h2>\n<p>Au-del\u00e0 du produit, nous savons que la pr\u00e9sentation est importante. C'est pourquoi nous proposons un emballage personnalis\u00e9 pour vos balles de pickleball personnalis\u00e9es, offrant \u00e0 vos clients une exp\u00e9rience de d\u00e9ballage inoubliable qui s'aligne sur l'image de votre marque.<\/p>\n<h2> Une production rapide et fiable<\/h2>\n<p>La rapidit\u00e9 est cruciale sur le march\u00e9 actuel qui \u00e9volue rapidement. C'est pourquoi Dinkpickleball garantit une production rapide et fiable de vos balles de pickleball personnalis\u00e9es, afin que vous puissiez respecter vos d\u00e9lais sans compromettre la qualit\u00e9.<\/p>\n<h2>CERTIFICATION<\/h2>\n<p>\t\t\t\t\t\t\t\t\t\t\t\t\t\tDiapositive pr\u00e9c\u00e9dente<br \/>\n\t\t\t\t\t\t\t\t\t\t\t\t\t\tDiapositive suivante<br \/>\n\t\thttps:\/\/www.youtube.com\/watch?v=Qabfon2h21Mhttps:\/\/www.youtube.com\/watch?v=Ua9srFrvZFg\t\t<\/p>\n<h2>T\u00e9moignages<\/h2>\n<h3>Avec Dinkpickleball, vous pouvez vous attendre \u00e0 des produits exceptionnels, \u00e0 des prix comp\u00e9titifs et \u00e0 un service client\u00e8le remarquable.<\/h3>\n<p>\t\t\t\t\t\t\tLeurs balles de pickleball personnalis\u00e9es ne sont pas seulement des produits, mais des extensions de notre marque, chacune portant notre identit\u00e9 distincte. La durabilit\u00e9 de ces balles t\u00e9moigne de l'attention port\u00e9e par Dinkpickleball aux d\u00e9tails et de son engagement \u00e0 produire des produits durables.<\/p>\n<p>L'emballage personnalis\u00e9 de Dinkpickleball a ajout\u00e9 une touche suppl\u00e9mentaire de professionnalisme, offrant \u00e0 nos clients une exp\u00e9rience de d\u00e9ballage inoubliable. Pour toute entreprise recherchant la qualit\u00e9, la fiabilit\u00e9 et la personnalisation de ses produits de pickleball, nous recommandons sans r\u00e9serve Dinkpickleball.<br \/>\n\t\t\t\t\t\t\t<img decoding=\"async\" width=\"150\" height=\"150\" src=\"https:\/\/dinkpickleball.com\/wp-content\/uploads\/2023\/04\/Benjamin-Thompson-150x150.jpg\" alt=\"Benjamin Thompson\" loading=\"lazy\" \/><br \/>\n\t\t\t\t\t\t\t\t\t\t\t\t\t\tBenjamin Thompson<br \/>\n\t\t\t\t\t\t\t\t\t\t\t\t\t\t\t\t\t\t\t\t\t\tPDG<br \/>\n\t\t\t\t\t\t\tDinkpickleball a \u00e9t\u00e9 plus qu'un simple fournisseur. Elle s'est comport\u00e9e comme un v\u00e9ritable partenaire, prenant le temps de comprendre nos besoins uniques et adaptant ses services en cons\u00e9quence. La possibilit\u00e9 de personnaliser nos balles de pickleball pour qu'elles correspondent \u00e0 notre marque a chang\u00e9 la donne, nous a permis de nous d\u00e9marquer sur le march\u00e9 et a eu une forte r\u00e9sonance aupr\u00e8s de nos clients.<br \/>\n\t\t\t\t\t\t\t<img decoding=\"async\" width=\"150\" height=\"150\" src=\"https:\/\/dinkpickleball.com\/wp-content\/uploads\/2023\/04\/Amelia-Henderson-150x150.jpg\" alt=\"Amelia Henderson\" loading=\"lazy\" \/><br \/>\n\t\t\t\t\t\t\t\t\t\t\t\t\t\tAmelia Henderson<br \/>\n\t\t\t\t\t\t\t\t\t\t\t\t\t\t\t\t\t\t\t\t\t\tAcheteur<br \/>\n\t\t\t\t\t\t\tNous avons \u00e9t\u00e9 particuli\u00e8rement impressionn\u00e9s par la rapidit\u00e9 et la fiabilit\u00e9 du processus de production de Dinkpickleball. Malgr\u00e9 la nature personnalis\u00e9e de notre commande, ils ont \u00e9t\u00e9 en mesure de respecter nos d\u00e9lais serr\u00e9s sans compromettre la qualit\u00e9 des produits.<br \/>\n\t\t\t\t\t\t\t<img decoding=\"async\" width=\"150\" height=\"150\" src=\"https:\/\/dinkpickleball.com\/wp-content\/uploads\/2023\/04\/Lucas-Martinez-150x150.jpg\" alt=\"Lucas Martinez\" loading=\"lazy\" \/><br \/>\n\t\t\t\t\t\t\t\t\t\t\t\t\t\tLucas Martinez<br \/>\n\t\t\t\t\t\t\t\t\t\t\t\t\t\t\t\t\t\t\t\t\t\tD\u00e9taillants <\/p>\n<h2>FAQ<\/h2>\n<p>Voici quelques questions fr\u00e9quemment pos\u00e9es (FAQ) que les clients B2B peuvent se poser lorsqu'ils envisagent d'acheter des balles de pickleball personnalis\u00e9es :<\/p>\n<p>                        <a href=\"#collapse-bc22830650c4e17c0bcd\" data-ekit-toggle=\"collapse\" data-target=\"#Collapse-bc22830650c4e17c0bcd\" aria-expanded=\"true\" aria-controls=\"Collapse-bc22830650c4e17c0bcd\"><br \/>\n                            Les balles de pickleball personnalis\u00e9es sont-elles conformes aux normes de l'USAPA ?<br \/>\n                                        <!-- Normal Icon --><br \/>\n                                        <!-- Active Icon --><br \/>\n                                                    <\/a><\/p>\n<p>Absolument ! Toutes nos balles de pickleball respectent et d\u00e9passent les normes rigoureuses \u00e9tablies par l'USAPA. Nous nous engageons \u00e0 fournir \u00e0 nos clients des produits de la plus haute qualit\u00e9.<\/p>\n<p>                <!-- .elementskit-card END --><br \/>\n                        <a href=\"#collapse-3dad4e0650c4e17c0bcd\" data-ekit-toggle=\"collapse\" data-target=\"#Collapse-3dad4e0650c4e17c0bcd\" aria-expanded=\"false\" aria-controls=\"Collapse-3dad4e0650c4e17c0bcd\"><br \/>\n                            Quelles sont les options de personnalisation disponibles pour vos balles de pickleball ?<br \/>\n                                        <!-- Normal Icon --><br \/>\n                                        <!-- Active Icon --><br \/>\n                                                    <\/a><\/p>\n<p>Nous offrons une vari\u00e9t\u00e9 d'options de personnalisation, y compris la couleur, l'impression du logo et les \u00e9l\u00e9ments de conception pour s'aligner sur votre marque, votre \u00e9v\u00e9nement ou vos pr\u00e9f\u00e9rences personnelles.<\/p>\n<p>                <!-- .elementskit-card END --><br \/>\n                        <a href=\"#collapse-8417e71650c4e17c0bcd\" data-ekit-toggle=\"collapse\" data-target=\"#Collapse-8417e71650c4e17c0bcd\" aria-expanded=\"false\" aria-controls=\"Collapse-8417e71650c4e17c0bcd\"><br \/>\n                            Quelle est la durabilit\u00e9 des balles de pickleball personnalis\u00e9es de Dinkpickleball ?<br \/>\n                                        <!-- Normal Icon --><br \/>\n                                        <!-- Active Icon --><br \/>\n                                                    <\/a><\/p>\n<p>Nos balles de pickleball sont con\u00e7ues pour durer. Elles sont con\u00e7ues pour r\u00e9sister \u00e0 un jeu prolong\u00e9 tout en conservant des performances et des caract\u00e9ristiques de rebond constantes.<\/p>\n<p>                <!-- .elementskit-card END --><br \/>\n                        <a href=\"#collapse-293f4f9650c4e17c0bcd\" data-ekit-toggle=\"collapse\" data-target=\"#Collapse-293f4f9650c4e17c0bcd\" aria-expanded=\"false\" aria-controls=\"Collapse-293f4f9650c4e17c0bcd\"><br \/>\n                            Quel est le d\u00e9lai de livraison pour les commandes personnalis\u00e9es ?<br \/>\n                                        <!-- Normal Icon --><br \/>\n                                        <!-- Active Icon --><br \/>\n                                                    <\/a><\/p>\n<p>Notre d\u00e9lai de livraison typique pour les commandes personnalis\u00e9es varie en fonction des sp\u00e9cificit\u00e9s de la commande, mais nous nous effor\u00e7ons d'honorer toutes les commandes aussi rapidement que possible. Veuillez nous contacter pour de plus amples informations.<\/p>\n<p>                <!-- .elementskit-card END --><br \/>\n                        <a href=\"#collapse-1e5da80650c4e17c0bcd\" data-ekit-toggle=\"collapse\" data-target=\"#Collapse-1e5da80650c4e17c0bcd\" aria-expanded=\"false\" aria-controls=\"Collapse-1e5da80650c4e17c0bcd\"><br \/>\n                            Pouvez-vous livrer les balles de pickleball personnalis\u00e9es \u00e0 plusieurs endroits ?<br \/>\n                                        <!-- Normal Icon --><br \/>\n                                        <!-- Active Icon --><br \/>\n                                                    <\/a><\/p>\n<p>Nous proposons la livraison \u00e0 plusieurs endroits. Des frais suppl\u00e9mentaires peuvent s'appliquer, et nous vous recommandons de contacter notre service client\u00e8le pour plus de d\u00e9tails.<\/p>\n<p>                <!-- .elementskit-card END --><br \/>\n                        <a href=\"#collapse-a5eda63650c4e17c0bcd\" data-ekit-toggle=\"collapse\" data-target=\"#Collapse-a5eda63650c4e17c0bcd\" aria-expanded=\"false\" aria-controls=\"Collapse-a5eda63650c4e17c0bcd\"><br \/>\n                            Que faire si nous ne sommes pas satisfaits des balles que nous avons re\u00e7ues ?<br \/>\n                                        <!-- Normal Icon --><br \/>\n                                        <!-- Active Icon --><br \/>\n                                                    <\/a><\/p>\n<p>\u00a0Chez Dinkpickleball, la satisfaction du client est notre priorit\u00e9 absolue. Si vous n'\u00eates pas satisfait de votre commande pour quelque raison que ce soit, veuillez nous contacter imm\u00e9diatement. Nous travaillerons avec vous pour r\u00e9soudre tout probl\u00e8me ou pr\u00e9occupation que vous pourriez avoir.<\/p>\n<p>                <!-- .elementskit-card END --><\/p>","protected":false},"excerpt":{"rendered":"<p>Custom Pickleball Balls Designed to meet the USAPA standards, our balls provide consistent performance and enhance your brand at a factory price in bulk. GET A QUOTE Understanding You We understand that your brand is unique. Our custom pickleball balls are an extension of your brand, a means of communicating your values and connecting with [&hellip;]<\/p>\n","protected":false},"author":1,"featured_media":0,"parent":0,"menu_order":0,"comment_status":"closed","ping_status":"closed","template":"","meta":{"_seopress_robots_primary_cat":"","_seopress_titles_title":"Custom Pickleball Balls meet the USAPA standards","_seopress_titles_desc":"Designed to meet the USAPA standards, our balls provide consistent performance and enhance your brand at a factory price in bulk.","_seopress_robots_index":"","footnotes":""},"class_list":["post-14808","page","type-page","status-publish","hentry"],"meta_box":[],"_links":{"self":[{"href":"https:\/\/dinkpickleball.com\/fr\/wp-json\/wp\/v2\/pages\/14808","targetHints":{"allow":["GET"]}}],"collection":[{"href":"https:\/\/dinkpickleball.com\/fr\/wp-json\/wp\/v2\/pages"}],"about":[{"href":"https:\/\/dinkpickleball.com\/fr\/wp-json\/wp\/v2\/types\/page"}],"author":[{"embeddable":true,"href":"https:\/\/dinkpickleball.com\/fr\/wp-json\/wp\/v2\/users\/1"}],"replies":[{"embeddable":true,"href":"https:\/\/dinkpickleball.com\/fr\/wp-json\/wp\/v2\/comments?post=14808"}],"version-history":[{"count":48,"href":"https:\/\/dinkpickleball.com\/fr\/wp-json\/wp\/v2\/pages\/14808\/revisions"}],"predecessor-version":[{"id":16260,"href":"https:\/\/dinkpickleball.com\/fr\/wp-json\/wp\/v2\/pages\/14808\/revisions\/16260"}],"wp:attachment":[{"href":"https:\/\/dinkpickleball.com\/fr\/wp-json\/wp\/v2\/media?parent=14808"}],"curies":[{"name":"wp","href":"https:\/\/api.w.org\/{rel}","templated":true}]}}