{"id":14456,"date":"2023-05-05T21:18:00","date_gmt":"2023-05-05T13:18:00","guid":{"rendered":"https:\/\/dinkpickleball.com\/?page_id=14456"},"modified":"2025-01-13T22:09:39","modified_gmt":"2025-01-13T14:09:39","slug":"junior-pickleball-paddles","status":"publish","type":"page","link":"https:\/\/dinkpickleball.com\/fr\/junior-pickleball-paddles\/","title":{"rendered":"Pagaies de pickleball junior"},"content":{"rendered":"<h1>Fabricant de pagaies de pickleball junior<\/h1>\n<p>Choisissez les pagaies de pickleball junior de DinkPickleball pour leur m\u00e9lange imbattable de qualit\u00e9, de personnalisation et de prix en vrac comp\u00e9titifs. Faites l'exp\u00e9rience d'une collaboration sans faille avec un fabricant fiable et voyez votre entreprise prosp\u00e9rer au fur et \u00e0 mesure que nous grandissons ensemble !<\/p>\n<p>\t\t\t<a role=\"button\"><br \/>\n\t\t\t\t\t\tDemandez notre dernier prix<br \/>\n\t\t\t\t\t<\/a><br \/>\n\t\t\t\t\t\t\t\t\t\t\t\t<img decoding=\"async\" src=\"https:\/\/dinkpickleball.com\/wp-content\/uploads\/2023\/05\/Junior-Pickleball-Paddles.png\" title=\"Pagaies de pickleball junior\" alt=\"Pagaies de pickleball junior\" loading=\"lazy\" \/>\t\t\t\t\t\t\t\t\t\t\t\t\t\t<\/p>\n<h2>Surpassez la concurrence avec les pagaies de pickleball pour enfants<\/h2>\n<p>Am\u00e9liorez votre inventaire avec les pagaies de pickleball junior personnalisables de DinkPickleball, con\u00e7ues pour r\u00e9pondre aux besoins uniques de vos clients. Offrez une vari\u00e9t\u00e9 et une qualit\u00e9 in\u00e9gal\u00e9es, en vous assurant que votre entreprise reste la destination de choix pour tout ce qui concerne le pickleball !<\/p>\n<p>                    <img decoding=\"async\" width=\"1000\" height=\"1000\" src=\"https:\/\/dinkpickleball.com\/wp-content\/uploads\/2023\/05\/Kids-Pickleball-Paddles.jpg\" alt=\"Pagaies de pickleball pour enfants\" loading=\"lazy\" srcset=\"https:\/\/dinkpickleball.com\/wp-content\/uploads\/2023\/05\/Kids-Pickleball-Paddles.jpg 1000w, https:\/\/dinkpickleball.com\/wp-content\/uploads\/2023\/05\/Kids-Pickleball-Paddles-300x300.jpg 300w, https:\/\/dinkpickleball.com\/wp-content\/uploads\/2023\/05\/Kids-Pickleball-Paddles-150x150.jpg 150w, https:\/\/dinkpickleball.com\/wp-content\/uploads\/2023\/05\/Kids-Pickleball-Paddles-768x768.jpg 768w, https:\/\/dinkpickleball.com\/wp-content\/uploads\/2023\/05\/Kids-Pickleball-Paddles-600x600.jpg 600w, https:\/\/dinkpickleball.com\/wp-content\/uploads\/2023\/05\/Kids-Pickleball-Paddles-100x100.jpg 100w\" sizes=\"auto, (max-width: 1000px) 100vw, 1000px\" \/><br \/>\n                                                            <a ><br \/>\n                                    Envoyer une demande de renseignements Maintenant                                <\/a><br \/>\n                    <img decoding=\"async\" width=\"1000\" height=\"1000\" src=\"https:\/\/dinkpickleball.com\/wp-content\/uploads\/2023\/05\/Junior-Pickleball-Paddle.jpg\" alt=\"Pagaie de pickleball junior\" loading=\"lazy\" srcset=\"https:\/\/dinkpickleball.com\/wp-content\/uploads\/2023\/05\/Junior-Pickleball-Paddle.jpg 1000w, https:\/\/dinkpickleball.com\/wp-content\/uploads\/2023\/05\/Junior-Pickleball-Paddle-300x300.jpg 300w, https:\/\/dinkpickleball.com\/wp-content\/uploads\/2023\/05\/Junior-Pickleball-Paddle-150x150.jpg 150w, https:\/\/dinkpickleball.com\/wp-content\/uploads\/2023\/05\/Junior-Pickleball-Paddle-768x768.jpg 768w, https:\/\/dinkpickleball.com\/wp-content\/uploads\/2023\/05\/Junior-Pickleball-Paddle-600x600.jpg 600w, https:\/\/dinkpickleball.com\/wp-content\/uploads\/2023\/05\/Junior-Pickleball-Paddle-100x100.jpg 100w\" sizes=\"auto, (max-width: 1000px) 100vw, 1000px\" \/><br \/>\n                                                            <a ><br \/>\n                                    Envoyer une demande de renseignements Maintenant                                <\/a><br \/>\n                    <img decoding=\"async\" width=\"1000\" height=\"1000\" src=\"https:\/\/dinkpickleball.com\/wp-content\/uploads\/2023\/05\/Junior-Pickleball-Paddle-Bulk.jpg\" alt=\"Junior Pickleball Pagaie en vrac\" loading=\"lazy\" srcset=\"https:\/\/dinkpickleball.com\/wp-content\/uploads\/2023\/05\/Junior-Pickleball-Paddle-Bulk.jpg 1000w, https:\/\/dinkpickleball.com\/wp-content\/uploads\/2023\/05\/Junior-Pickleball-Paddle-Bulk-300x300.jpg 300w, https:\/\/dinkpickleball.com\/wp-content\/uploads\/2023\/05\/Junior-Pickleball-Paddle-Bulk-150x150.jpg 150w, https:\/\/dinkpickleball.com\/wp-content\/uploads\/2023\/05\/Junior-Pickleball-Paddle-Bulk-768x768.jpg 768w, https:\/\/dinkpickleball.com\/wp-content\/uploads\/2023\/05\/Junior-Pickleball-Paddle-Bulk-600x600.jpg 600w, https:\/\/dinkpickleball.com\/wp-content\/uploads\/2023\/05\/Junior-Pickleball-Paddle-Bulk-100x100.jpg 100w\" sizes=\"auto, (max-width: 1000px) 100vw, 1000px\" \/><br \/>\n                                                            <a ><br \/>\n                                    Envoyer une demande de renseignements Maintenant                                <\/a><br \/>\n                    <img decoding=\"async\" width=\"1000\" height=\"1000\" src=\"https:\/\/dinkpickleball.com\/wp-content\/uploads\/2023\/05\/Junior-Pickleball-Paddle-Wholesale.jpg\" alt=\"Junior Pickleball Paddle Wholesale\" loading=\"lazy\" srcset=\"https:\/\/dinkpickleball.com\/wp-content\/uploads\/2023\/05\/Junior-Pickleball-Paddle-Wholesale.jpg 1000w, https:\/\/dinkpickleball.com\/wp-content\/uploads\/2023\/05\/Junior-Pickleball-Paddle-Wholesale-300x300.jpg 300w, https:\/\/dinkpickleball.com\/wp-content\/uploads\/2023\/05\/Junior-Pickleball-Paddle-Wholesale-150x150.jpg 150w, https:\/\/dinkpickleball.com\/wp-content\/uploads\/2023\/05\/Junior-Pickleball-Paddle-Wholesale-768x768.jpg 768w, https:\/\/dinkpickleball.com\/wp-content\/uploads\/2023\/05\/Junior-Pickleball-Paddle-Wholesale-600x600.jpg 600w, https:\/\/dinkpickleball.com\/wp-content\/uploads\/2023\/05\/Junior-Pickleball-Paddle-Wholesale-100x100.jpg 100w\" sizes=\"auto, (max-width: 1000px) 100vw, 1000px\" \/><br \/>\n                                                            <a ><br \/>\n                                    Envoyer une demande de renseignements Maintenant                                <\/a><br \/>\n                    <img decoding=\"async\" width=\"1000\" height=\"1000\" src=\"https:\/\/dinkpickleball.com\/wp-content\/uploads\/2023\/05\/Junior-Paddle-.jpg\" alt=\"Pagaie junior\" loading=\"lazy\" srcset=\"https:\/\/dinkpickleball.com\/wp-content\/uploads\/2023\/05\/Junior-Paddle-.jpg 1000w, https:\/\/dinkpickleball.com\/wp-content\/uploads\/2023\/05\/Junior-Paddle--300x300.jpg 300w, https:\/\/dinkpickleball.com\/wp-content\/uploads\/2023\/05\/Junior-Paddle--150x150.jpg 150w, https:\/\/dinkpickleball.com\/wp-content\/uploads\/2023\/05\/Junior-Paddle--768x768.jpg 768w, https:\/\/dinkpickleball.com\/wp-content\/uploads\/2023\/05\/Junior-Paddle--600x600.jpg 600w, https:\/\/dinkpickleball.com\/wp-content\/uploads\/2023\/05\/Junior-Paddle--100x100.jpg 100w\" sizes=\"auto, (max-width: 1000px) 100vw, 1000px\" \/><br \/>\n                                                            <a ><br \/>\n                                    Envoyer une demande de renseignements Maintenant                                <\/a><br \/>\n                    <img decoding=\"async\" width=\"1000\" height=\"1000\" src=\"https:\/\/dinkpickleball.com\/wp-content\/uploads\/2023\/05\/Junior-Pickleball-Paddle-Factory.jpg\" alt=\"Junior Pickleball Paddle Factory\" loading=\"lazy\" srcset=\"https:\/\/dinkpickleball.com\/wp-content\/uploads\/2023\/05\/Junior-Pickleball-Paddle-Factory.jpg 1000w, https:\/\/dinkpickleball.com\/wp-content\/uploads\/2023\/05\/Junior-Pickleball-Paddle-Factory-300x300.jpg 300w, https:\/\/dinkpickleball.com\/wp-content\/uploads\/2023\/05\/Junior-Pickleball-Paddle-Factory-150x150.jpg 150w, https:\/\/dinkpickleball.com\/wp-content\/uploads\/2023\/05\/Junior-Pickleball-Paddle-Factory-768x768.jpg 768w, https:\/\/dinkpickleball.com\/wp-content\/uploads\/2023\/05\/Junior-Pickleball-Paddle-Factory-600x600.jpg 600w, https:\/\/dinkpickleball.com\/wp-content\/uploads\/2023\/05\/Junior-Pickleball-Paddle-Factory-100x100.jpg 100w\" sizes=\"auto, (max-width: 1000px) 100vw, 1000px\" \/><br \/>\n                                                            <a ><br \/>\n                                    Envoyer une demande de renseignements Maintenant                                <\/a><\/p>\n<h2>Votre partenaire ultime sur le march\u00e9 mondial du pickleball<\/h2>\n<p>D\u00e9couvrez la diff\u00e9rence DinkPickleball et \u00e9levez votre entreprise gr\u00e2ce \u00e0 nos pagaies de pickleball pour enfants, leaders du secteur, et \u00e0 notre engagement in\u00e9branlable en faveur de votre r\u00e9ussite.<\/p>\n<p>\t\t\t\t\t\t\t\t\t\t\t\t<img decoding=\"async\" src=\"https:\/\/dinkpickleball.com\/wp-content\/uploads\/2023\/04\/brand_identity-01.png\" title=\"\" alt=\"Meilleure usine de pailles en m\u00e9tal\" loading=\"lazy\" \/>\t\t\t\t\t\t\t\t\t\t\t\t\t\t<\/p>\n<h3>Une taille parfaite pour les jeunes joueurs<\/h3>\n<p>Nos pagaies de pickleball junior sont sp\u00e9cialement con\u00e7ues pour les enfants, garantissant une prise en main confortable et un bon \u00e9quilibre du poids pour une exp\u00e9rience de jeu agr\u00e9able.<\/p>\n<p>\t\t\t<a role=\"button\"><br \/>\n\t\t\t\t\t\tObtenir un devis imm\u00e9diat<br \/>\n\t\t\t\t\t<\/a><br \/>\n\t\t\t\t\t\t\t\t\t\t\t\t<img decoding=\"async\" src=\"https:\/\/dinkpickleball.com\/wp-content\/uploads\/2023\/04\/Premium-Quality-Products.jpg\" title=\"Produits de qualit\u00e9 sup\u00e9rieure\" alt=\"Produits de qualit\u00e9 sup\u00e9rieure\" loading=\"lazy\" \/>\t\t\t\t\t\t\t\t\t\t\t\t\t\t<\/p>\n<h3>Mat\u00e9riaux de haute qualit\u00e9<\/h3>\n<p>Les pagaies de pickleball pour enfants de DinkPickleball sont fabriqu\u00e9es avec des mat\u00e9riaux de premi\u00e8re qualit\u00e9 qui garantissent la durabilit\u00e9 et la performance, offrant un investissement \u00e0 long terme pour votre entreprise.<\/p>\n<p>\t\t\t<a role=\"button\"><br \/>\n\t\t\t\t\t\tObtenir un devis imm\u00e9diat<br \/>\n\t\t\t\t\t<\/a><br \/>\n\t\t\t\t\t\t\t\t\t\t\t\t<img decoding=\"async\" src=\"https:\/\/dinkpickleball.com\/wp-content\/uploads\/2023\/04\/Thermoformed-Edges.jpg\" title=\"Bords thermoform\u00e9s\" alt=\"Bords thermoform\u00e9s\" loading=\"lazy\" \/>\t\t\t\t\t\t\t\t\t\t\t\t\t\t<\/p>\n<h3>Conformit\u00e9 aux normes de l'USAPA<\/h3>\n<p>Nos pagaies de pickleball junior r\u00e9pondent \u00e0 toutes les normes de l'USAPA, ce qui garantit que les jeunes joueurs ont acc\u00e8s \u00e0 un \u00e9quipement de qualit\u00e9 sup\u00e9rieure qui respecte les directives officielles.<\/p>\n<p>\t\t\t<a role=\"button\"><br \/>\n\t\t\t\t\t\tObtenir un devis imm\u00e9diat<br \/>\n\t\t\t\t\t<\/a><br \/>\n\t\t\t\t\t\t\t\t\t\t\t\t<img decoding=\"async\" src=\"https:\/\/dinkpickleball.com\/wp-content\/uploads\/2023\/04\/Collaborative-Approach-.jpeg\" title=\"Approche collaborative\" alt=\"Approche collaborative\" loading=\"lazy\" \/>\t\t\t\t\t\t\t\t\t\t\t\t\t\t<\/p>\n<h3>Mod\u00e8les personnalisables<\/h3>\n<p>R\u00e9pondez aux pr\u00e9f\u00e9rences uniques de vos clients en offrant une vari\u00e9t\u00e9 d'options de personnalisation pour nos pagaies de pickleball junior, y compris des couleurs, des logos et d'autres \u00e9l\u00e9ments de conception.<\/p>\n<p>\t\t\t<a role=\"button\"><br \/>\n\t\t\t\t\t\tObtenir un devis imm\u00e9diat<br \/>\n\t\t\t\t\t<\/a><br \/>\n\t\t\t\t\t\t\t\t\t\t\t\t<img decoding=\"async\" src=\"https:\/\/dinkpickleball.com\/wp-content\/uploads\/2023\/03\/Responsive-Customer-Service.jpg\" title=\"Un service client r\u00e9actif\" alt=\"Un service client r\u00e9actif\" loading=\"lazy\" \/>\t\t\t\t\t\t\t\t\t\t\t\t\t\t<\/p>\n<h3>Soutien et service professionnels<\/h3>\n<p>Notre \u00e9quipe d'experts d\u00e9vou\u00e9s est l\u00e0 pour vous aider en cas de questions ou de pr\u00e9occupations, en fournissant un service client exceptionnel qui am\u00e9liore votre relation avec DinkPickleball.<\/p>\n<p>\t\t\t<a role=\"button\"><br \/>\n\t\t\t\t\t\tObtenir un devis imm\u00e9diat<br \/>\n\t\t\t\t\t<\/a><br \/>\n\t\t\t\t\t\t\t\t\t\t\t\t<img decoding=\"async\" src=\"https:\/\/dinkpickleball.com\/wp-content\/uploads\/2023\/04\/Adaptability-and-Responsiveness-to-Market.jpeg\" title=\"Adaptabilit\u00e9 et r\u00e9activit\u00e9 au march\u00e9\" alt=\"Adaptabilit\u00e9 et r\u00e9activit\u00e9 au march\u00e9\" loading=\"lazy\" \/>\t\t\t\t\t\t\t\t\t\t\t\t\t\t<\/p>\n<h3>La confiance des grandes marques<\/h3>\n<p>Les d\u00e9taillants, les distributeurs et les marques du monde entier font confiance \u00e0 DinkPickleball pour leurs besoins en pagaies de pickleball junior, ce qui fait de nous un fournisseur fiable et r\u00e9put\u00e9 pour votre entreprise.<\/p>\n<p>\t\t\t<a role=\"button\"><br \/>\n\t\t\t\t\t\tObtenir un devis imm\u00e9diat<br \/>\n\t\t\t\t\t<\/a><\/p>\n<figure><img decoding=\"async\" src=\"https:\/\/dinkpickleball.com\/wp-content\/uploads\/2022\/06\/onix.png\" alt=\"onix\" \/><\/figure>\n<figure><img decoding=\"async\" src=\"https:\/\/dinkpickleball.com\/wp-content\/uploads\/2022\/06\/Diadem-logo.png\" alt=\"Logo Diadem\" \/><\/figure>\n<figure><img decoding=\"async\" src=\"https:\/\/dinkpickleball.com\/wp-content\/uploads\/2022\/06\/Gamma.png\" alt=\"Gamma\" \/><\/figure>\n<figure><img decoding=\"async\" src=\"https:\/\/dinkpickleball.com\/wp-content\/uploads\/2023\/04\/CRBN-logo.png\" alt=\"Logo du CRBN\" \/><\/figure>\n<figure><img decoding=\"async\" src=\"https:\/\/dinkpickleball.com\/wp-content\/uploads\/2023\/04\/RECESS-logo.png\" alt=\"Logo RECESS\" \/><\/figure>\n<figure><img decoding=\"async\" src=\"https:\/\/dinkpickleball.com\/wp-content\/uploads\/2023\/04\/STIGA-logo.png\" alt=\"Logo STIGA\" \/><\/figure>\n<figure><img decoding=\"async\" src=\"https:\/\/dinkpickleball.com\/wp-content\/uploads\/2022\/06\/niupipo.png\" alt=\"niupipo\" \/><\/figure>\n<figure><img decoding=\"async\" src=\"https:\/\/dinkpickleball.com\/wp-content\/uploads\/2022\/06\/Paddletek.png\" alt=\"Paddletek\" \/><\/figure>\n<h2>FAQ<\/h2>\n<p>Voici quelques questions fr\u00e9quemment pos\u00e9es (FAQ) que les clients B2B peuvent se poser lorsqu'ils envisagent d'acheter des pagaies de pickleball junior :<\/p>\n<p>                        <a href=\"#collapse-a767ad6650c4ca1059e4\" data-ekit-toggle=\"collapse\" data-target=\"#Collapse-a767ad6650c4ca1059e4\" aria-expanded=\"true\" aria-controls=\"Collapse-a767ad6650c4ca1059e4\"><br \/>\n                            Quels sont les mat\u00e9riaux utilis\u00e9s dans la construction des pagaies de pickleball junior ?<br \/>\n                                        <!-- Normal Icon --><br \/>\n                                        <!-- Active Icon --><br \/>\n                                                    <\/a><\/p>\n<p>Nos pagaies de pickleball junior sont fabriqu\u00e9es \u00e0 partir de mat\u00e9riaux de haute qualit\u00e9 qui garantissent la durabilit\u00e9, la performance et une exp\u00e9rience de jeu confortable pour les jeunes joueurs.<\/p>\n<p>                <!-- .elementskit-card END --><br \/>\n                        <a href=\"#collapse-bc22830650c4ca1059e4\" data-ekit-toggle=\"collapse\" data-target=\"#Collapse-bc22830650c4ca1059e4\" aria-expanded=\"false\" aria-controls=\"Collapse-bc22830650c4ca1059e4\"><br \/>\n                            Vos pagaies de pickleball junior sont-elles conformes aux normes de l'USAPA ?<br \/>\n                                        <!-- Normal Icon --><br \/>\n                                        <!-- Active Icon --><br \/>\n                                                    <\/a><\/p>\n<p>Oui, nos pagaies de pickleball junior sont conformes \u00e0 toutes les normes de l'USAPA, ce qui garantit que les jeunes joueurs ont acc\u00e8s \u00e0 un \u00e9quipement de qualit\u00e9 sup\u00e9rieure qui respecte les directives officielles.<\/p>\n<p>                <!-- .elementskit-card END --><br \/>\n                        <a href=\"#collapse-8417e71650c4ca1059e4\" data-ekit-toggle=\"collapse\" data-target=\"#Collapse-8417e71650c4ca1059e4\" aria-expanded=\"false\" aria-controls=\"Collapse-8417e71650c4ca1059e4\"><br \/>\n                            Quelles options de personnalisation offrez-vous pour vos pagaies de pickleball junior ?<br \/>\n                                        <!-- Normal Icon --><br \/>\n                                        <!-- Active Icon --><br \/>\n                                                    <\/a><\/p>\n<p>Nous offrons une vari\u00e9t\u00e9 d'options de personnalisation, y compris les couleurs, l'emplacement du logo et d'autres \u00e9l\u00e9ments de conception, afin de r\u00e9pondre aux pr\u00e9f\u00e9rences uniques de vos clients.<\/p>\n<p>                <!-- .elementskit-card END --><br \/>\n                        <a href=\"#collapse-3dad4e0650c4ca1059e4\" data-ekit-toggle=\"collapse\" data-target=\"#Collapse-3dad4e0650c4ca1059e4\" aria-expanded=\"false\" aria-controls=\"Collapse-3dad4e0650c4ca1059e4\"><br \/>\n                            Quelles sont les options de tarification en gros et en masse ?<br \/>\n                                        <!-- Normal Icon --><br \/>\n                                        <!-- Active Icon --><br \/>\n                                                    <\/a><\/p>\n<p>Nous proposons des prix comp\u00e9titifs pour les commandes en gros et en masse, ce qui vous permet de r\u00e9percuter les \u00e9conomies r\u00e9alis\u00e9es sur vos clients et d'augmenter vos marges b\u00e9n\u00e9ficiaires. Pour plus de d\u00e9tails sur les prix, veuillez contacter notre \u00e9quipe de vente.<\/p>\n<p>                <!-- .elementskit-card END --><br \/>\n                        <a href=\"#collapse-293f4f9650c4ca1059e4\" data-ekit-toggle=\"collapse\" data-target=\"#Collapse-293f4f9650c4ca1059e4\" aria-expanded=\"false\" aria-controls=\"Collapse-293f4f9650c4ca1059e4\"><br \/>\n                            Quelle est la quantit\u00e9 minimale de commande (MOQ) pour les pagaies de pickleball junior ?<br \/>\n                                        <!-- Normal Icon --><br \/>\n                                        <!-- Active Icon --><br \/>\n                                                    <\/a><\/p>\n<p>Notre MOQ varie en fonction du produit sp\u00e9cifique et des exigences de personnalisation. Veuillez contacter notre \u00e9quipe de vente pour plus d'informations sur les MOQ pour les pagaies de pickleball junior que vous souhaitez.<\/p>\n<p>                <!-- .elementskit-card END --><br \/>\n                        <a href=\"#collapse-1e5da80650c4ca1059e4\" data-ekit-toggle=\"collapse\" data-target=\"#Collapse-1e5da80650c4ca1059e4\" aria-expanded=\"false\" aria-controls=\"Collapse-1e5da80650c4ca1059e4\"><br \/>\n                            Quel est le d\u00e9lai de production et d'exp\u00e9dition ?<br \/>\n                                        <!-- Normal Icon --><br \/>\n                                        <!-- Active Icon --><br \/>\n                                                    <\/a><\/p>\n<p>Nos d\u00e9lais de livraison varient en fonction de la taille de la commande et du niveau de personnalisation requis. En r\u00e8gle g\u00e9n\u00e9rale, les d\u00e9lais de production et d'exp\u00e9dition sont compris entre 2 et 4 semaines. Veuillez contacter notre \u00e9quipe de vente pour obtenir des informations plus pr\u00e9cises en fonction de vos besoins.<\/p>\n<p>                <!-- .elementskit-card END --><\/p>","protected":false},"excerpt":{"rendered":"<p>Junior Pickleball Paddles Manufacturer Choose DinkPickleball&#8217;s Junior Pickleball Paddles for their unbeatable blend of quality, customization, and competitive bulk pricing. Experience seamless collaboration with a reliable manufacturer, and watch your business flourish as we grow together! Request Our Latest Price Outshine the Competition with Kids Pickleball Paddles Elevate your inventory with DinkPickleball&#8217;s customizable Junior Pickleball [&hellip;]<\/p>\n","protected":false},"author":1,"featured_media":0,"parent":0,"menu_order":0,"comment_status":"closed","ping_status":"closed","template":"","meta":{"_seopress_robots_primary_cat":"","_seopress_titles_title":"Junior Pickleball Paddles Manufacturer","_seopress_titles_desc":"Choose DinkPickleball\u2019s Junior Pickleball Paddles for their unbeatable blend of quality, customization, and competitive bulk pricing. Experience seamless collaboration with a reliable manufacturer, and watch your business flourish as we grow together!","_seopress_robots_index":"","footnotes":""},"class_list":["post-14456","page","type-page","status-publish","hentry"],"meta_box":[],"_links":{"self":[{"href":"https:\/\/dinkpickleball.com\/fr\/wp-json\/wp\/v2\/pages\/14456","targetHints":{"allow":["GET"]}}],"collection":[{"href":"https:\/\/dinkpickleball.com\/fr\/wp-json\/wp\/v2\/pages"}],"about":[{"href":"https:\/\/dinkpickleball.com\/fr\/wp-json\/wp\/v2\/types\/page"}],"author":[{"embeddable":true,"href":"https:\/\/dinkpickleball.com\/fr\/wp-json\/wp\/v2\/users\/1"}],"replies":[{"embeddable":true,"href":"https:\/\/dinkpickleball.com\/fr\/wp-json\/wp\/v2\/comments?post=14456"}],"version-history":[{"count":18,"href":"https:\/\/dinkpickleball.com\/fr\/wp-json\/wp\/v2\/pages\/14456\/revisions"}],"predecessor-version":[{"id":16286,"href":"https:\/\/dinkpickleball.com\/fr\/wp-json\/wp\/v2\/pages\/14456\/revisions\/16286"}],"wp:attachment":[{"href":"https:\/\/dinkpickleball.com\/fr\/wp-json\/wp\/v2\/media?parent=14456"}],"curies":[{"name":"wp","href":"https:\/\/api.w.org\/{rel}","templated":true}]}}