{"id":14351,"date":"2023-04-25T22:22:12","date_gmt":"2023-04-25T14:22:12","guid":{"rendered":"https:\/\/dinkpickleball.com\/?page_id=14351"},"modified":"2025-01-13T22:10:02","modified_gmt":"2025-01-13T14:10:02","slug":"thermoformed-pickleball-paddle","status":"publish","type":"page","link":"https:\/\/dinkpickleball.com\/fr\/thermoformed-pickleball-paddle\/","title":{"rendered":"Pagaie de Pickleball thermoform\u00e9e"},"content":{"rendered":"<h1>Fabricant de pagaies de pickleball thermoform\u00e9es<\/h1>\n<p>Pagaie de pickleball thermoform\u00e9e par DinkPickleball, une innovation de pointe dans la technologie des pagaies de pickleball. Nos pagaies thermoform\u00e9es combinent durabilit\u00e9, l\u00e9g\u00e8ret\u00e9 et contr\u00f4le sup\u00e9rieur, donnant aux joueurs un avantage comp\u00e9titif sur le terrain. Con\u00e7ues pour les d\u00e9taillants, les distributeurs et les marques, ces pagaies sont fabriqu\u00e9es \u00e0 l'aide du dernier proc\u00e9d\u00e9 de thermoformage, ce qui garantit des produits de haute qualit\u00e9 conformes aux normes de l'USAPA.<\/p>\n<p>\t\t\t<a role=\"button\"><br \/>\n\t\t\t\t\t\tDemandez notre dernier prix<br \/>\n\t\t\t\t\t<\/a><br \/>\n\t\t\t\t\t\t\t\t\t\t\t\t<img decoding=\"async\" src=\"https:\/\/dinkpickleball.com\/wp-content\/uploads\/2023\/04\/Thermoformed-Pickleball-Paddle-Factory.png\" title=\"Fabricant de pagaies de pickleball thermoform\u00e9es\" alt=\"Fabricant de pagaies de pickleball thermoform\u00e9es\" loading=\"lazy\" \/>\t\t\t\t\t\t\t\t\t\t\t\t\t\t<\/p>\n<h5>Processus de fabrication<\/h5>\n<p>Le thermoformage est un processus et il s'agit du joint int\u00e9rieur de thermoformage. Nous ajoutons le mat\u00e9riau en fibre de carbone et la mousse EVA inject\u00e9e sur le bord, et utilisons la nouvelle technologie de thermoformage pour cr\u00e9er des bords thermoform\u00e9s et une construction unibody. Ce processus cr\u00e9e un bord scell\u00e9 en mousse inject\u00e9e qui est \u00e0 la fois l\u00e9ger et durable, de sorte que le noyau en nid d'abeille est scell\u00e9 avant que nous ne mettions la protection de bord. Les pagaies de Pickleball thermoform\u00e9es sont diff\u00e9rentes des autres types de pagaies parce qu'elles sont press\u00e9es \u00e0 chaud et que les bords sont scell\u00e9s au lieu d'\u00eatre coup\u00e9s \u00e0 froid. Ce bord scell\u00e9 avec une couche de mousse offre une sensation plus douce et plus de contr\u00f4le, ce qui facilite la frappe de la balle avec pr\u00e9cision.<\/p>\n<p>En tant qu'usine et fabricant, DinkPickleball s'engage \u00e0 produire des pagaies de pickleball thermoform\u00e9es de haute qualit\u00e9. Notre processus de fabrication implique des mesures strictes de contr\u00f4le de la qualit\u00e9 et l'utilisation de technologies de pointe pour garantir que nos produits r\u00e9pondent aux normes les plus \u00e9lev\u00e9es de l'industrie.<\/p>\n<p>\t\t\t<a role=\"button\"><br \/>\n\t\t\t\t\t\tDemande de devis<br \/>\n\t\t\t\t\t<\/a><br \/>\n\t\t\t\t\t\t\t\t\t\t\t\t<img decoding=\"async\" width=\"600\" height=\"600\" src=\"https:\/\/dinkpickleball.com\/wp-content\/uploads\/2023\/04\/Thermoformed-Pickleball-Paddle.png\" alt=\"Pagaie de Pickleball thermoform\u00e9e\" loading=\"lazy\" srcset=\"https:\/\/dinkpickleball.com\/wp-content\/uploads\/2023\/04\/Thermoformed-Pickleball-Paddle.png 600w, https:\/\/dinkpickleball.com\/wp-content\/uploads\/2023\/04\/Thermoformed-Pickleball-Paddle-300x300.png 300w, https:\/\/dinkpickleball.com\/wp-content\/uploads\/2023\/04\/Thermoformed-Pickleball-Paddle-150x150.png 150w, https:\/\/dinkpickleball.com\/wp-content\/uploads\/2023\/04\/Thermoformed-Pickleball-Paddle-100x100.png 100w\" sizes=\"auto, (max-width: 600px) 100vw, 600px\" \/>\t\t\t\t\t\t\t\t\t\t\t\t\t\t<\/p>\n<h2>Pourquoi<\/h2>\n<h2>se contenter de moins quand on peut avoir ce qu'il y a de mieux ?<\/h2>\n<p>Notre pagaie de Pickleball thermoform\u00e9e est con\u00e7ue pour les joueurs modernes, offrant un confort et une performance in\u00e9gal\u00e9s. Entrez sur le court avec confiance et laissez votre pagaie parler !<\/p>\n<p>\t\t\t<a role=\"button\"><br \/>\n\t\t\t\t\t\tDemande de devis<br \/>\n\t\t\t\t\t<\/a><br \/>\n\t\t<iframe loading=\"lazy\" title=\"Fabricant de pagaies de pickleball thermoform\u00e9es | dinkpickleball.com\" width=\"500\" height=\"281\" src=\"https:\/\/www.youtube.com\/embed\/AL8NKWylYVE?feature=oembed\" frameborder=\"0\" allow=\"accelerometer; autoplay; clipboard-write; encrypted-media; gyroscope; picture-in-picture; web-share\" referrerpolicy=\"strict-origin-when-cross-origin\" allowfullscreen><\/iframe><br \/>\n\t\t\t\t\t\t\t\t\t\t\t\t<img decoding=\"async\" width=\"800\" height=\"800\" src=\"https:\/\/dinkpickleball.com\/wp-content\/uploads\/2023\/08\/DP43-Thermoformed-Pickleball-Paddle.png\" alt=\"dp43 pagaie de pickleball thermoform\u00e9e\" loading=\"lazy\" srcset=\"https:\/\/dinkpickleball.com\/wp-content\/uploads\/2023\/08\/DP43-Thermoformed-Pickleball-Paddle.png 800w, https:\/\/dinkpickleball.com\/wp-content\/uploads\/2023\/08\/DP43-Thermoformed-Pickleball-Paddle-300x300.png 300w, https:\/\/dinkpickleball.com\/wp-content\/uploads\/2023\/08\/DP43-Thermoformed-Pickleball-Paddle-150x150.png 150w, https:\/\/dinkpickleball.com\/wp-content\/uploads\/2023\/08\/DP43-Thermoformed-Pickleball-Paddle-768x768.png 768w\" sizes=\"auto, (max-width: 800px) 100vw, 800px\" \/>\t\t\t\t\t\t\t\t\t\t\t\t\t\t<\/p>\n<ul>\n<li>\n\t\t\t\t\t\t\t\t\t\tL418*L190mm L16.5*W7.5in Longueur de la poign\u00e9e : 135-140mm\/5.3-5.5in\n\t\t\t\t\t\t\t\t\t<\/li>\n<li>\n\t\t\t\t\t\t\t\t\t\t\u00c9paisseur avec options de protection des bords 16\/19mm (0.63\/0.75in)\n\t\t\t\t\t\t\t\t\t<\/li>\n<li>\n\t\t\t\t\t\t\t\t\t\tOptions de noyau en PP 13,3\/16 mm\n\t\t\t\t\t\t\t\t\t<\/li>\n<\/ul>\n<p>\t\t\t<a role=\"button\"><br \/>\n\t\t\t\t\t\tObtenir un devis<br \/>\n\t\t\t\t\t<\/a><br \/>\n\t\t\t\t\t\t\t\t\t\t\t\t<img decoding=\"async\" width=\"800\" height=\"800\" src=\"https:\/\/dinkpickleball.com\/wp-content\/uploads\/2023\/08\/DP69-Thermoformed-Pickleball-Paddle.png\" alt=\"pagaie de pickleball thermoform\u00e9e dp69\" loading=\"lazy\" srcset=\"https:\/\/dinkpickleball.com\/wp-content\/uploads\/2023\/08\/DP69-Thermoformed-Pickleball-Paddle.png 800w, https:\/\/dinkpickleball.com\/wp-content\/uploads\/2023\/08\/DP69-Thermoformed-Pickleball-Paddle-300x300.png 300w, https:\/\/dinkpickleball.com\/wp-content\/uploads\/2023\/08\/DP69-Thermoformed-Pickleball-Paddle-150x150.png 150w, https:\/\/dinkpickleball.com\/wp-content\/uploads\/2023\/08\/DP69-Thermoformed-Pickleball-Paddle-768x768.png 768w\" sizes=\"auto, (max-width: 800px) 100vw, 800px\" \/>\t\t\t\t\t\t\t\t\t\t\t\t\t\t<\/p>\n<ul>\n<li>\n\t\t\t\t\t\t\t\t\t\tL418*L189mm L16.5*W7.48in Longueur de la poign\u00e9e : 135-140mm\/5.3-5.5in\n\t\t\t\t\t\t\t\t\t<\/li>\n<li>\n\t\t\t\t\t\t\t\t\t\t\u00c9paisseur avec options de protection des bords 19mm\/0.75in\n\t\t\t\t\t\t\t\t\t<\/li>\n<li>\n\t\t\t\t\t\t\t\t\t\tOptions de noyau en PP 16mm\n\t\t\t\t\t\t\t\t\t<\/li>\n<\/ul>\n<p>\t\t\t<a role=\"button\"><br \/>\n\t\t\t\t\t\tObtenir un devis<br \/>\n\t\t\t\t\t<\/a><br \/>\n\t\t\t\t\t\t\t\t\t\t\t\t<img decoding=\"async\" width=\"800\" height=\"800\" src=\"https:\/\/dinkpickleball.com\/wp-content\/uploads\/2023\/08\/DP70-Thermoformed-Pickleball-Paddle.png\" alt=\"pagaie de pickleball thermoform\u00e9e dp70\" loading=\"lazy\" srcset=\"https:\/\/dinkpickleball.com\/wp-content\/uploads\/2023\/08\/DP70-Thermoformed-Pickleball-Paddle.png 800w, https:\/\/dinkpickleball.com\/wp-content\/uploads\/2023\/08\/DP70-Thermoformed-Pickleball-Paddle-300x300.png 300w, https:\/\/dinkpickleball.com\/wp-content\/uploads\/2023\/08\/DP70-Thermoformed-Pickleball-Paddle-150x150.png 150w, https:\/\/dinkpickleball.com\/wp-content\/uploads\/2023\/08\/DP70-Thermoformed-Pickleball-Paddle-768x768.png 768w\" sizes=\"auto, (max-width: 800px) 100vw, 800px\" \/>\t\t\t\t\t\t\t\t\t\t\t\t\t\t<\/p>\n<ul>\n<li>\n\t\t\t\t\t\t\t\t\t\tL408*L200mm L16.06*W7.87in Longueur de la poign\u00e9e : 125-130mm\/4.8-5.1in\n\t\t\t\t\t\t\t\t\t<\/li>\n<li>\n\t\t\t\t\t\t\t\t\t\t\u00c9paisseur avec options de protection des bords 19mm\/0.75in\n\t\t\t\t\t\t\t\t\t<\/li>\n<li>\n\t\t\t\t\t\t\t\t\t\tOptions de noyau en PP 16mm\n\t\t\t\t\t\t\t\t\t<\/li>\n<\/ul>\n<p>\t\t\t<a role=\"button\"><br \/>\n\t\t\t\t\t\tObtenir un devis<br \/>\n\t\t\t\t\t<\/a><br \/>\n\t\t\t\t\t\t\t\t\t\t\t\t<img decoding=\"async\" width=\"800\" height=\"801\" src=\"https:\/\/dinkpickleball.com\/wp-content\/uploads\/2023\/08\/DP72-Thermoformed-Pickleball-Paddle.png\" alt=\"pagaie de pickleball thermoform\u00e9e dp72\" loading=\"lazy\" srcset=\"https:\/\/dinkpickleball.com\/wp-content\/uploads\/2023\/08\/DP72-Thermoformed-Pickleball-Paddle.png 800w, https:\/\/dinkpickleball.com\/wp-content\/uploads\/2023\/08\/DP72-Thermoformed-Pickleball-Paddle-300x300.png 300w, https:\/\/dinkpickleball.com\/wp-content\/uploads\/2023\/08\/DP72-Thermoformed-Pickleball-Paddle-150x150.png 150w, https:\/\/dinkpickleball.com\/wp-content\/uploads\/2023\/08\/DP72-Thermoformed-Pickleball-Paddle-768x769.png 768w\" sizes=\"auto, (max-width: 800px) 100vw, 800px\" \/>\t\t\t\t\t\t\t\t\t\t\t\t\t\t<\/p>\n<ul>\n<li>\n\t\t\t\t\t\t\t\t\t\tL418*L189mm L16.5*W7.48in Longueur de la poign\u00e9e : 135-140mm\/5.3-5.5in\n\t\t\t\t\t\t\t\t\t<\/li>\n<li>\n\t\t\t\t\t\t\t\t\t\t\u00c9paisseur avec options de protection des bords 19mm\/0.75in\n\t\t\t\t\t\t\t\t\t<\/li>\n<li>\n\t\t\t\t\t\t\t\t\t\tOptions de noyau en PP 16mm\n\t\t\t\t\t\t\t\t\t<\/li>\n<\/ul>\n<p>\t\t\t<a role=\"button\"><br \/>\n\t\t\t\t\t\tObtenir un devis<br \/>\n\t\t\t\t\t<\/a><\/p>\n<h2>Votre partenaire ultime sur le march\u00e9 mondial du pickleball<\/h2>\n<p>Les pagaies de pickleball thermoform\u00e9es de DinkPickleball sont le choix id\u00e9al pour les d\u00e9taillants, les distributeurs et les marques \u00e0 la recherche d'un produit de haute qualit\u00e9, personnalisable et offrant les derni\u00e8res technologies en mati\u00e8re de pickleball.<\/p>\n<p>\t\t\t\t\t\t\t\t\t\t\t\t<img decoding=\"async\" src=\"https:\/\/dinkpickleball.com\/wp-content\/uploads\/2023\/04\/Premium-Quality-Products.jpg\" title=\"Produits de qualit\u00e9 sup\u00e9rieure\" alt=\"Produits de qualit\u00e9 sup\u00e9rieure\" loading=\"lazy\" \/>\t\t\t\t\t\t\t\t\t\t\t\t\t\t<\/p>\n<h3>Construction thermoform\u00e9e<\/h3>\n<p>Le processus de thermoformage fusionne l'\u00e2me en nid d'abeille avec le rev\u00eatement en fibre, ce qui donne une structure solide et durable. Cette m\u00e9thode de construction avanc\u00e9e cr\u00e9e un design de bord scell\u00e9 qui am\u00e9liore consid\u00e9rablement la durabilit\u00e9 et la performance de la pagaie.<\/p>\n<p>\t\t\t<a role=\"button\"><br \/>\n\t\t\t\t\t\tObtenir un devis imm\u00e9diat<br \/>\n\t\t\t\t\t<\/a><br \/>\n\t\t\t\t\t\t\t\t\t\t\t\t<img decoding=\"async\" src=\"https:\/\/dinkpickleball.com\/wp-content\/uploads\/2023\/04\/EVA.jpg\" title=\"EVA\" alt=\"EVA\" loading=\"lazy\" \/>\t\t\t\t\t\t\t\t\t\t\t\t\t\t<\/p>\n<h3>Mousse EVA inject\u00e9e<\/h3>\n<p>Nos pagaies de pickleball thermoform\u00e9es sont dot\u00e9es d'un bord en mousse EVA inject\u00e9e, qui offre toute une s\u00e9rie d'avantages, notamment une puissance accrue, une r\u00e9duction des vibrations, un meilleur amortissement et une meilleure performance des bords. Le bord en mousse et le noyau en nid d'abeille absorbent les chocs, ce qui permet un contr\u00f4le pr\u00e9cis de la balle et une exp\u00e9rience de jeu confortable.<\/p>\n<p>\t\t\t<a role=\"button\"><br \/>\n\t\t\t\t\t\tObtenir un devis imm\u00e9diat<br \/>\n\t\t\t\t\t<\/a><br \/>\n\t\t\t\t\t\t\t\t\t\t\t\t<img decoding=\"async\" src=\"https:\/\/dinkpickleball.com\/wp-content\/uploads\/2023\/04\/Thermoformed-Edges.jpg\" title=\"Bords thermoform\u00e9s\" alt=\"Bords thermoform\u00e9s\" loading=\"lazy\" \/>\t\t\t\t\t\t\t\t\t\t\t\t\t\t<\/p>\n<h3>Bords thermoform\u00e9s<\/h3>\n<p>Le design des bords scell\u00e9s de nos pagaies thermoform\u00e9es ajoutera \u00e9galement la protection des bords, qui prot\u00e8ge le bord de la pagaie. Ce design innovant permet une meilleure performance des bords et une sensation plus solide pendant le jeu.<\/p>\n<p>\t\t\t<a role=\"button\"><br \/>\n\t\t\t\t\t\tObtenir un devis imm\u00e9diat<br \/>\n\t\t\t\t\t<\/a><br \/>\n\t\t\t\t\t\t\t\t\t\t\t\t<img decoding=\"async\" src=\"https:\/\/dinkpickleball.com\/wp-content\/uploads\/2023\/04\/Collaborative-Approach-.jpeg\" title=\"Approche collaborative\" alt=\"Approche collaborative\" loading=\"lazy\" \/>\t\t\t\t\t\t\t\t\t\t\t\t\t\t<\/p>\n<h3>Options de personnalisation<\/h3>\n<p>En tant qu'usine et fabricant, DinkPickleball peut offrir aux d\u00e9taillants, aux distributeurs et aux marques la possibilit\u00e9 de passer des commandes en gros, en gros et personnalis\u00e9es, en r\u00e9pondant \u00e0 leurs exigences et pr\u00e9f\u00e9rences sp\u00e9cifiques.<\/p>\n<p>\t\t\t<a role=\"button\"><br \/>\n\t\t\t\t\t\tObtenir un devis imm\u00e9diat<br \/>\n\t\t\t\t\t<\/a><br \/>\n\t\t\t\t\t\t\t\t\t\t\t\t<img decoding=\"async\" src=\"https:\/\/dinkpickleball.com\/wp-content\/uploads\/2023\/04\/Adaptability-and-Responsiveness-to-Market.jpeg\" title=\"Adaptabilit\u00e9 et r\u00e9activit\u00e9 au march\u00e9\" alt=\"Adaptabilit\u00e9 et r\u00e9activit\u00e9 au march\u00e9\" loading=\"lazy\" \/>\t\t\t\t\t\t\t\t\t\t\t\t\t\t<\/p>\n<h3>Technologie exclusive<\/h3>\n<p>Notre processus de thermoformage de pointe distingue DinkPickleball de ses concurrents, offrant \u00e0 vos clients l'acc\u00e8s aux derni\u00e8res innovations en mati\u00e8re de technologie des pagaies de pickleball.<\/p>\n<p>\t\t\t<a role=\"button\"><br \/>\n\t\t\t\t\t\tObtenir un devis imm\u00e9diat<br \/>\n\t\t\t\t\t<\/a><br \/>\n\t\t\t\t\t\t\t\t\t\t\t\t<img decoding=\"async\" src=\"https:\/\/dinkpickleball.com\/wp-content\/uploads\/2023\/03\/Responsive-Customer-Service.jpg\" title=\"Un service client r\u00e9actif\" alt=\"Un service client r\u00e9actif\" loading=\"lazy\" \/>\t\t\t\t\t\t\t\t\t\t\t\t\t\t<\/p>\n<h3>Soutien complet<\/h3>\n<p>DinkPickleball s'engage \u00e0 fournir un service client et une assistance exceptionnels \u00e0 ses d\u00e9taillants, distributeurs et marques. Nous nous engageons \u00e0 assurer votre succ\u00e8s dans la promotion et la vente de nos pagaies thermoform\u00e9es \u00e0 vos clients.<\/p>\n<p>\t\t\t<a role=\"button\"><br \/>\n\t\t\t\t\t\tObtenir un devis imm\u00e9diat<br \/>\n\t\t\t\t\t<\/a><\/p>","protected":false},"excerpt":{"rendered":"<p>Thermoformed Pickleball Paddle Factory Thermoformed Pickleball Paddle by DinkPickleball, a cutting-edge innovation in pickleball paddle technology. Our thermoformed paddles combine durability, lightweight design, and superior control, giving players a competitive advantage on the court. Designed for retailers, distributors, and brands, these paddles are manufactured using the latest thermoforming process, ensuring high-quality products that meet USAPA [&hellip;]<\/p>\n","protected":false},"author":1,"featured_media":0,"parent":0,"menu_order":0,"comment_status":"closed","ping_status":"closed","template":"","meta":{"_seopress_robots_primary_cat":"","_seopress_titles_title":"Thermoformed Pickleball Paddle Factory","_seopress_titles_desc":"Thermoformed Pickleball Paddle by DinkPickleball, is a cutting-edge innovation in pickleball paddle technology. Our thermoformed paddles combine durability, lightweight design, and superior control, giving players a competitive advantage on the court. ","_seopress_robots_index":"","footnotes":""},"class_list":["post-14351","page","type-page","status-publish","hentry"],"meta_box":[],"_links":{"self":[{"href":"https:\/\/dinkpickleball.com\/fr\/wp-json\/wp\/v2\/pages\/14351","targetHints":{"allow":["GET"]}}],"collection":[{"href":"https:\/\/dinkpickleball.com\/fr\/wp-json\/wp\/v2\/pages"}],"about":[{"href":"https:\/\/dinkpickleball.com\/fr\/wp-json\/wp\/v2\/types\/page"}],"author":[{"embeddable":true,"href":"https:\/\/dinkpickleball.com\/fr\/wp-json\/wp\/v2\/users\/1"}],"replies":[{"embeddable":true,"href":"https:\/\/dinkpickleball.com\/fr\/wp-json\/wp\/v2\/comments?post=14351"}],"version-history":[{"count":23,"href":"https:\/\/dinkpickleball.com\/fr\/wp-json\/wp\/v2\/pages\/14351\/revisions"}],"predecessor-version":[{"id":15181,"href":"https:\/\/dinkpickleball.com\/fr\/wp-json\/wp\/v2\/pages\/14351\/revisions\/15181"}],"wp:attachment":[{"href":"https:\/\/dinkpickleball.com\/fr\/wp-json\/wp\/v2\/media?parent=14351"}],"curies":[{"name":"wp","href":"https:\/\/api.w.org\/{rel}","templated":true}]}}