{"id":13934,"date":"2023-04-14T21:28:42","date_gmt":"2023-04-14T13:28:42","guid":{"rendered":"https:\/\/dinkpickleball.com\/?page_id=13934"},"modified":"2025-01-13T17:03:55","modified_gmt":"2025-01-13T09:03:55","slug":"fabric-textured-carbon-fiber","status":"publish","type":"page","link":"https:\/\/dinkpickleball.com\/fr\/fabric-textured-carbon-fiber\/","title":{"rendered":"Tissu fibre de carbone textur\u00e9"},"content":{"rendered":"<h1>Tissu fibre de carbone textur\u00e9<\/h1>\n<p>Cette finition pr\u00e9sente une texture semblable \u00e0 celle d'un tissu, qui peut offrir une meilleure adh\u00e9rence et potentiellement plus d'effets sur la balle en raison de la friction suppl\u00e9mentaire.<\/p>\n<p><a role=\"button\"><br \/>\nDEMANDE DE DEVIS<br \/>\n<\/a><\/p>\n<figure class=\"gallery-item\">\n\t\t\t\t<a href=\"https:\/\/dinkpickleball.com\/wp-content\/uploads\/2023\/04\/Fabric-Textured-Carbon-Fiber-1.jpg\"><img width=\"800\" height=\"800\" src=\"https:\/\/dinkpickleball.com\/wp-content\/uploads\/2023\/04\/Fabric-Textured-Carbon-Fiber-1.jpg\" alt=\"\" decoding=\"async\" loading=\"lazy\" srcset=\"https:\/\/dinkpickleball.com\/wp-content\/uploads\/2023\/04\/Fabric-Textured-Carbon-Fiber-1.jpg 800w, https:\/\/dinkpickleball.com\/wp-content\/uploads\/2023\/04\/Fabric-Textured-Carbon-Fiber-1-300x300.jpg 300w, https:\/\/dinkpickleball.com\/wp-content\/uploads\/2023\/04\/Fabric-Textured-Carbon-Fiber-1-150x150.jpg 150w, https:\/\/dinkpickleball.com\/wp-content\/uploads\/2023\/04\/Fabric-Textured-Carbon-Fiber-1-768x768.jpg 768w, https:\/\/dinkpickleball.com\/wp-content\/uploads\/2023\/04\/Fabric-Textured-Carbon-Fiber-1-600x600.jpg 600w, https:\/\/dinkpickleball.com\/wp-content\/uploads\/2023\/04\/Fabric-Textured-Carbon-Fiber-1-100x100.jpg 100w\" sizes=\"auto, (max-width: 800px) 100vw, 800px\"><\/a><\/figure>\n<figure class=\"gallery-item\">\n\t\t\t\t<a href=\"https:\/\/dinkpickleball.com\/wp-content\/uploads\/2023\/04\/Fabric-Textured-Carbon-Fiber-6.jpg\"><img width=\"800\" height=\"800\" src=\"https:\/\/dinkpickleball.com\/wp-content\/uploads\/2023\/04\/Fabric-Textured-Carbon-Fiber-6.jpg\" alt=\"\" decoding=\"async\" loading=\"lazy\" srcset=\"https:\/\/dinkpickleball.com\/wp-content\/uploads\/2023\/04\/Fabric-Textured-Carbon-Fiber-6.jpg 800w, https:\/\/dinkpickleball.com\/wp-content\/uploads\/2023\/04\/Fabric-Textured-Carbon-Fiber-6-300x300.jpg 300w, https:\/\/dinkpickleball.com\/wp-content\/uploads\/2023\/04\/Fabric-Textured-Carbon-Fiber-6-150x150.jpg 150w, https:\/\/dinkpickleball.com\/wp-content\/uploads\/2023\/04\/Fabric-Textured-Carbon-Fiber-6-768x768.jpg 768w, https:\/\/dinkpickleball.com\/wp-content\/uploads\/2023\/04\/Fabric-Textured-Carbon-Fiber-6-600x600.jpg 600w, https:\/\/dinkpickleball.com\/wp-content\/uploads\/2023\/04\/Fabric-Textured-Carbon-Fiber-6-100x100.jpg 100w\" sizes=\"auto, (max-width: 800px) 100vw, 800px\"><\/a><\/figure>\n<figure class=\"gallery-item\">\n\t\t\t\t<a href=\"https:\/\/dinkpickleball.com\/wp-content\/uploads\/2023\/04\/Fabric-Textured-Carbon-Fiber-8.jpg\"><img width=\"800\" height=\"800\" src=\"https:\/\/dinkpickleball.com\/wp-content\/uploads\/2023\/04\/Fabric-Textured-Carbon-Fiber-8.jpg\" alt=\"\" decoding=\"async\" loading=\"lazy\" srcset=\"https:\/\/dinkpickleball.com\/wp-content\/uploads\/2023\/04\/Fabric-Textured-Carbon-Fiber-8.jpg 800w, https:\/\/dinkpickleball.com\/wp-content\/uploads\/2023\/04\/Fabric-Textured-Carbon-Fiber-8-300x300.jpg 300w, https:\/\/dinkpickleball.com\/wp-content\/uploads\/2023\/04\/Fabric-Textured-Carbon-Fiber-8-150x150.jpg 150w, https:\/\/dinkpickleball.com\/wp-content\/uploads\/2023\/04\/Fabric-Textured-Carbon-Fiber-8-768x768.jpg 768w, https:\/\/dinkpickleball.com\/wp-content\/uploads\/2023\/04\/Fabric-Textured-Carbon-Fiber-8-600x600.jpg 600w, https:\/\/dinkpickleball.com\/wp-content\/uploads\/2023\/04\/Fabric-Textured-Carbon-Fiber-8-100x100.jpg 100w\" sizes=\"auto, (max-width: 800px) 100vw, 800px\"><\/a><\/figure>\n<figure class=\"gallery-item\">\n\t\t\t\t<a href=\"https:\/\/dinkpickleball.com\/wp-content\/uploads\/2023\/04\/Fabric-Textured-Carbon-Fiber-2.jpg\"><img width=\"800\" height=\"800\" src=\"https:\/\/dinkpickleball.com\/wp-content\/uploads\/2023\/04\/Fabric-Textured-Carbon-Fiber-2.jpg\" alt=\"\" decoding=\"async\" loading=\"lazy\" srcset=\"https:\/\/dinkpickleball.com\/wp-content\/uploads\/2023\/04\/Fabric-Textured-Carbon-Fiber-2.jpg 800w, https:\/\/dinkpickleball.com\/wp-content\/uploads\/2023\/04\/Fabric-Textured-Carbon-Fiber-2-300x300.jpg 300w, https:\/\/dinkpickleball.com\/wp-content\/uploads\/2023\/04\/Fabric-Textured-Carbon-Fiber-2-150x150.jpg 150w, https:\/\/dinkpickleball.com\/wp-content\/uploads\/2023\/04\/Fabric-Textured-Carbon-Fiber-2-768x768.jpg 768w, https:\/\/dinkpickleball.com\/wp-content\/uploads\/2023\/04\/Fabric-Textured-Carbon-Fiber-2-600x600.jpg 600w, https:\/\/dinkpickleball.com\/wp-content\/uploads\/2023\/04\/Fabric-Textured-Carbon-Fiber-2-100x100.jpg 100w\" sizes=\"auto, (max-width: 800px) 100vw, 800px\"><\/a><\/figure>\n<figure class=\"gallery-item\">\n\t\t\t\t<a href=\"https:\/\/dinkpickleball.com\/wp-content\/uploads\/2023\/04\/Fabric-Textured-Carbon-Fiber-3.jpg\"><img width=\"800\" height=\"800\" src=\"https:\/\/dinkpickleball.com\/wp-content\/uploads\/2023\/04\/Fabric-Textured-Carbon-Fiber-3.jpg\" alt=\"\" decoding=\"async\" loading=\"lazy\" srcset=\"https:\/\/dinkpickleball.com\/wp-content\/uploads\/2023\/04\/Fabric-Textured-Carbon-Fiber-3.jpg 800w, https:\/\/dinkpickleball.com\/wp-content\/uploads\/2023\/04\/Fabric-Textured-Carbon-Fiber-3-300x300.jpg 300w, https:\/\/dinkpickleball.com\/wp-content\/uploads\/2023\/04\/Fabric-Textured-Carbon-Fiber-3-150x150.jpg 150w, https:\/\/dinkpickleball.com\/wp-content\/uploads\/2023\/04\/Fabric-Textured-Carbon-Fiber-3-768x768.jpg 768w, https:\/\/dinkpickleball.com\/wp-content\/uploads\/2023\/04\/Fabric-Textured-Carbon-Fiber-3-600x600.jpg 600w, https:\/\/dinkpickleball.com\/wp-content\/uploads\/2023\/04\/Fabric-Textured-Carbon-Fiber-3-100x100.jpg 100w\" sizes=\"auto, (max-width: 800px) 100vw, 800px\"><\/a><\/figure>\n<figure class=\"gallery-item\">\n\t\t\t\t<a href=\"https:\/\/dinkpickleball.com\/wp-content\/uploads\/2023\/04\/Fabric-Textured-Carbon-Fiber-5.jpg\"><img width=\"800\" height=\"800\" src=\"https:\/\/dinkpickleball.com\/wp-content\/uploads\/2023\/04\/Fabric-Textured-Carbon-Fiber-5.jpg\" alt=\"\" decoding=\"async\" loading=\"lazy\" srcset=\"https:\/\/dinkpickleball.com\/wp-content\/uploads\/2023\/04\/Fabric-Textured-Carbon-Fiber-5.jpg 800w, https:\/\/dinkpickleball.com\/wp-content\/uploads\/2023\/04\/Fabric-Textured-Carbon-Fiber-5-300x300.jpg 300w, https:\/\/dinkpickleball.com\/wp-content\/uploads\/2023\/04\/Fabric-Textured-Carbon-Fiber-5-150x150.jpg 150w, https:\/\/dinkpickleball.com\/wp-content\/uploads\/2023\/04\/Fabric-Textured-Carbon-Fiber-5-768x768.jpg 768w, https:\/\/dinkpickleball.com\/wp-content\/uploads\/2023\/04\/Fabric-Textured-Carbon-Fiber-5-600x600.jpg 600w, https:\/\/dinkpickleball.com\/wp-content\/uploads\/2023\/04\/Fabric-Textured-Carbon-Fiber-5-100x100.jpg 100w\" sizes=\"auto, (max-width: 800px) 100vw, 800px\"><\/a><\/figure>\n<figure class=\"gallery-item\">\n\t\t\t\t<a href=\"https:\/\/dinkpickleball.com\/wp-content\/uploads\/2023\/04\/Fabric-Textured-Carbon-Fiber-7.jpg\"><img width=\"800\" height=\"800\" src=\"https:\/\/dinkpickleball.com\/wp-content\/uploads\/2023\/04\/Fabric-Textured-Carbon-Fiber-7.jpg\" alt=\"\" decoding=\"async\" loading=\"lazy\" srcset=\"https:\/\/dinkpickleball.com\/wp-content\/uploads\/2023\/04\/Fabric-Textured-Carbon-Fiber-7.jpg 800w, https:\/\/dinkpickleball.com\/wp-content\/uploads\/2023\/04\/Fabric-Textured-Carbon-Fiber-7-300x300.jpg 300w, https:\/\/dinkpickleball.com\/wp-content\/uploads\/2023\/04\/Fabric-Textured-Carbon-Fiber-7-150x150.jpg 150w, https:\/\/dinkpickleball.com\/wp-content\/uploads\/2023\/04\/Fabric-Textured-Carbon-Fiber-7-768x768.jpg 768w, https:\/\/dinkpickleball.com\/wp-content\/uploads\/2023\/04\/Fabric-Textured-Carbon-Fiber-7-600x600.jpg 600w, https:\/\/dinkpickleball.com\/wp-content\/uploads\/2023\/04\/Fabric-Textured-Carbon-Fiber-7-100x100.jpg 100w\" sizes=\"auto, (max-width: 800px) 100vw, 800px\"><\/a><\/figure>","protected":false},"excerpt":{"rendered":"<p>Fabric Textured Carbon Fiber Cette finition pr\u00e9sente une texture semblable \u00e0 celle d'un tissu, qui peut offrir une meilleure adh\u00e9rence et potentiellement plus d'effets sur la balle en raison de la friction suppl\u00e9mentaire. DEMANDE DE DEVIS<\/p>","protected":false},"author":1,"featured_media":0,"parent":0,"menu_order":0,"comment_status":"closed","ping_status":"closed","template":"","meta":{"_seopress_robots_primary_cat":"","_seopress_titles_title":"","_seopress_titles_desc":"","_seopress_robots_index":"yes","footnotes":""},"class_list":["post-13934","page","type-page","status-publish","hentry"],"meta_box":[],"_links":{"self":[{"href":"https:\/\/dinkpickleball.com\/fr\/wp-json\/wp\/v2\/pages\/13934","targetHints":{"allow":["GET"]}}],"collection":[{"href":"https:\/\/dinkpickleball.com\/fr\/wp-json\/wp\/v2\/pages"}],"about":[{"href":"https:\/\/dinkpickleball.com\/fr\/wp-json\/wp\/v2\/types\/page"}],"author":[{"embeddable":true,"href":"https:\/\/dinkpickleball.com\/fr\/wp-json\/wp\/v2\/users\/1"}],"replies":[{"embeddable":true,"href":"https:\/\/dinkpickleball.com\/fr\/wp-json\/wp\/v2\/comments?post=13934"}],"version-history":[{"count":5,"href":"https:\/\/dinkpickleball.com\/fr\/wp-json\/wp\/v2\/pages\/13934\/revisions"}],"predecessor-version":[{"id":13949,"href":"https:\/\/dinkpickleball.com\/fr\/wp-json\/wp\/v2\/pages\/13934\/revisions\/13949"}],"wp:attachment":[{"href":"https:\/\/dinkpickleball.com\/fr\/wp-json\/wp\/v2\/media?parent=13934"}],"curies":[{"name":"wp","href":"https:\/\/api.w.org\/{rel}","templated":true}]}}