{"id":13774,"date":"2023-04-14T15:54:01","date_gmt":"2023-04-14T07:54:01","guid":{"rendered":"https:\/\/dinkpickleball.com\/?page_id=13774"},"modified":"2025-01-13T16:53:13","modified_gmt":"2025-01-13T08:53:13","slug":"fiberglass","status":"publish","type":"page","link":"https:\/\/dinkpickleball.com\/fr\/fiberglass\/","title":{"rendered":"Fibre de verre"},"content":{"rendered":"<h1>Fibre de verre<\/h1>\n<p>La fibre de verre est une option plus abordable que la fibre de carbone et peut \u00eatre utilis\u00e9e dans les pagaies composites. Elle offre un \u00e9quilibre entre le poids, la r\u00e9sistance et la flexibilit\u00e9, mais n'a pas les m\u00eames caract\u00e9ristiques de performance que la fibre de carbone.<\/p>\n<p><a role=\"button\"><br \/>\nDEMANDE DE DEVIS<br \/>\n<\/a><\/p>\n<figure class=\"gallery-item\">\n\t\t\t\t<a href=\"https:\/\/dinkpickleball.com\/wp-content\/uploads\/2023\/04\/Fiberglass-1.jpg\"><img width=\"800\" height=\"800\" src=\"https:\/\/dinkpickleball.com\/wp-content\/uploads\/2023\/04\/Fiberglass-1.jpg\" alt=\"\" decoding=\"async\" loading=\"lazy\" srcset=\"https:\/\/dinkpickleball.com\/wp-content\/uploads\/2023\/04\/Fiberglass-1.jpg 800w, https:\/\/dinkpickleball.com\/wp-content\/uploads\/2023\/04\/Fiberglass-1-300x300.jpg 300w, https:\/\/dinkpickleball.com\/wp-content\/uploads\/2023\/04\/Fiberglass-1-150x150.jpg 150w, https:\/\/dinkpickleball.com\/wp-content\/uploads\/2023\/04\/Fiberglass-1-768x768.jpg 768w, https:\/\/dinkpickleball.com\/wp-content\/uploads\/2023\/04\/Fiberglass-1-600x600.jpg 600w, https:\/\/dinkpickleball.com\/wp-content\/uploads\/2023\/04\/Fiberglass-1-100x100.jpg 100w\" sizes=\"auto, (max-width: 800px) 100vw, 800px\"><\/a><\/figure>\n<figure class=\"gallery-item\">\n\t\t\t\t<a href=\"https:\/\/dinkpickleball.com\/wp-content\/uploads\/2023\/04\/Fiberglass-2.jpg\"><img width=\"800\" height=\"800\" src=\"https:\/\/dinkpickleball.com\/wp-content\/uploads\/2023\/04\/Fiberglass-2.jpg\" alt=\"\" decoding=\"async\" loading=\"lazy\" srcset=\"https:\/\/dinkpickleball.com\/wp-content\/uploads\/2023\/04\/Fiberglass-2.jpg 800w, https:\/\/dinkpickleball.com\/wp-content\/uploads\/2023\/04\/Fiberglass-2-300x300.jpg 300w, https:\/\/dinkpickleball.com\/wp-content\/uploads\/2023\/04\/Fiberglass-2-150x150.jpg 150w, https:\/\/dinkpickleball.com\/wp-content\/uploads\/2023\/04\/Fiberglass-2-768x768.jpg 768w, https:\/\/dinkpickleball.com\/wp-content\/uploads\/2023\/04\/Fiberglass-2-600x600.jpg 600w, https:\/\/dinkpickleball.com\/wp-content\/uploads\/2023\/04\/Fiberglass-2-100x100.jpg 100w\" sizes=\"auto, (max-width: 800px) 100vw, 800px\"><\/a><\/figure>\n<figure class=\"gallery-item\">\n\t\t\t\t<a href=\"https:\/\/dinkpickleball.com\/wp-content\/uploads\/2023\/04\/Fiberglass-7.jpg\"><img width=\"800\" height=\"800\" src=\"https:\/\/dinkpickleball.com\/wp-content\/uploads\/2023\/04\/Fiberglass-7.jpg\" alt=\"\" decoding=\"async\" loading=\"lazy\" srcset=\"https:\/\/dinkpickleball.com\/wp-content\/uploads\/2023\/04\/Fiberglass-7.jpg 800w, https:\/\/dinkpickleball.com\/wp-content\/uploads\/2023\/04\/Fiberglass-7-300x300.jpg 300w, https:\/\/dinkpickleball.com\/wp-content\/uploads\/2023\/04\/Fiberglass-7-150x150.jpg 150w, https:\/\/dinkpickleball.com\/wp-content\/uploads\/2023\/04\/Fiberglass-7-768x768.jpg 768w, https:\/\/dinkpickleball.com\/wp-content\/uploads\/2023\/04\/Fiberglass-7-600x600.jpg 600w, https:\/\/dinkpickleball.com\/wp-content\/uploads\/2023\/04\/Fiberglass-7-100x100.jpg 100w\" sizes=\"auto, (max-width: 800px) 100vw, 800px\"><\/a><\/figure>\n<figure class=\"gallery-item\">\n\t\t\t\t<a href=\"https:\/\/dinkpickleball.com\/wp-content\/uploads\/2023\/04\/Fiberglass-4.jpg\"><img width=\"800\" height=\"800\" src=\"https:\/\/dinkpickleball.com\/wp-content\/uploads\/2023\/04\/Fiberglass-4.jpg\" alt=\"\" decoding=\"async\" loading=\"lazy\" srcset=\"https:\/\/dinkpickleball.com\/wp-content\/uploads\/2023\/04\/Fiberglass-4.jpg 800w, https:\/\/dinkpickleball.com\/wp-content\/uploads\/2023\/04\/Fiberglass-4-300x300.jpg 300w, https:\/\/dinkpickleball.com\/wp-content\/uploads\/2023\/04\/Fiberglass-4-150x150.jpg 150w, https:\/\/dinkpickleball.com\/wp-content\/uploads\/2023\/04\/Fiberglass-4-768x768.jpg 768w, https:\/\/dinkpickleball.com\/wp-content\/uploads\/2023\/04\/Fiberglass-4-600x600.jpg 600w, https:\/\/dinkpickleball.com\/wp-content\/uploads\/2023\/04\/Fiberglass-4-100x100.jpg 100w\" sizes=\"auto, (max-width: 800px) 100vw, 800px\"><\/a><\/figure>\n<figure class=\"gallery-item\">\n\t\t\t\t<a href=\"https:\/\/dinkpickleball.com\/wp-content\/uploads\/2023\/04\/Fiberglass-5.jpg\"><img width=\"800\" height=\"800\" src=\"https:\/\/dinkpickleball.com\/wp-content\/uploads\/2023\/04\/Fiberglass-5.jpg\" alt=\"\" decoding=\"async\" loading=\"lazy\" srcset=\"https:\/\/dinkpickleball.com\/wp-content\/uploads\/2023\/04\/Fiberglass-5.jpg 800w, https:\/\/dinkpickleball.com\/wp-content\/uploads\/2023\/04\/Fiberglass-5-300x300.jpg 300w, https:\/\/dinkpickleball.com\/wp-content\/uploads\/2023\/04\/Fiberglass-5-150x150.jpg 150w, https:\/\/dinkpickleball.com\/wp-content\/uploads\/2023\/04\/Fiberglass-5-768x768.jpg 768w, https:\/\/dinkpickleball.com\/wp-content\/uploads\/2023\/04\/Fiberglass-5-600x600.jpg 600w, https:\/\/dinkpickleball.com\/wp-content\/uploads\/2023\/04\/Fiberglass-5-100x100.jpg 100w\" sizes=\"auto, (max-width: 800px) 100vw, 800px\"><\/a><\/figure>\n<figure class=\"gallery-item\">\n\t\t\t\t<a href=\"https:\/\/dinkpickleball.com\/wp-content\/uploads\/2023\/04\/Fiberglass-6.jpg\"><img width=\"800\" height=\"800\" src=\"https:\/\/dinkpickleball.com\/wp-content\/uploads\/2023\/04\/Fiberglass-6.jpg\" alt=\"\" decoding=\"async\" loading=\"lazy\" srcset=\"https:\/\/dinkpickleball.com\/wp-content\/uploads\/2023\/04\/Fiberglass-6.jpg 800w, https:\/\/dinkpickleball.com\/wp-content\/uploads\/2023\/04\/Fiberglass-6-300x300.jpg 300w, https:\/\/dinkpickleball.com\/wp-content\/uploads\/2023\/04\/Fiberglass-6-150x150.jpg 150w, https:\/\/dinkpickleball.com\/wp-content\/uploads\/2023\/04\/Fiberglass-6-768x768.jpg 768w, https:\/\/dinkpickleball.com\/wp-content\/uploads\/2023\/04\/Fiberglass-6-600x600.jpg 600w, https:\/\/dinkpickleball.com\/wp-content\/uploads\/2023\/04\/Fiberglass-6-100x100.jpg 100w\" sizes=\"auto, (max-width: 800px) 100vw, 800px\"><\/a><\/figure>\n<figure class=\"gallery-item\">\n\t\t\t\t<a href=\"https:\/\/dinkpickleball.com\/wp-content\/uploads\/2023\/04\/Fiberglass-3.jpg\"><img width=\"800\" height=\"800\" src=\"https:\/\/dinkpickleball.com\/wp-content\/uploads\/2023\/04\/Fiberglass-3.jpg\" alt=\"\" decoding=\"async\" loading=\"lazy\" srcset=\"https:\/\/dinkpickleball.com\/wp-content\/uploads\/2023\/04\/Fiberglass-3.jpg 800w, https:\/\/dinkpickleball.com\/wp-content\/uploads\/2023\/04\/Fiberglass-3-300x300.jpg 300w, https:\/\/dinkpickleball.com\/wp-content\/uploads\/2023\/04\/Fiberglass-3-150x150.jpg 150w, https:\/\/dinkpickleball.com\/wp-content\/uploads\/2023\/04\/Fiberglass-3-768x768.jpg 768w, https:\/\/dinkpickleball.com\/wp-content\/uploads\/2023\/04\/Fiberglass-3-600x600.jpg 600w, https:\/\/dinkpickleball.com\/wp-content\/uploads\/2023\/04\/Fiberglass-3-100x100.jpg 100w\" sizes=\"auto, (max-width: 800px) 100vw, 800px\"><\/a><\/figure>","protected":false},"excerpt":{"rendered":"<p>Fibre de verre La fibre de verre est une option plus abordable que la fibre de carbone et peut \u00eatre utilis\u00e9e dans les pagaies en composite. Elle offre un \u00e9quilibre entre le poids, la r\u00e9sistance et la flexibilit\u00e9, mais n'a pas n\u00e9cessairement les m\u00eames caract\u00e9ristiques de performance que la fibre de carbone. DEMANDE DE DEVIS<\/p>","protected":false},"author":1,"featured_media":0,"parent":0,"menu_order":0,"comment_status":"closed","ping_status":"closed","template":"","meta":{"_seopress_robots_primary_cat":"","_seopress_titles_title":"","_seopress_titles_desc":"","_seopress_robots_index":"yes","footnotes":""},"class_list":["post-13774","page","type-page","status-publish","hentry"],"meta_box":[],"_links":{"self":[{"href":"https:\/\/dinkpickleball.com\/fr\/wp-json\/wp\/v2\/pages\/13774","targetHints":{"allow":["GET"]}}],"collection":[{"href":"https:\/\/dinkpickleball.com\/fr\/wp-json\/wp\/v2\/pages"}],"about":[{"href":"https:\/\/dinkpickleball.com\/fr\/wp-json\/wp\/v2\/types\/page"}],"author":[{"embeddable":true,"href":"https:\/\/dinkpickleball.com\/fr\/wp-json\/wp\/v2\/users\/1"}],"replies":[{"embeddable":true,"href":"https:\/\/dinkpickleball.com\/fr\/wp-json\/wp\/v2\/comments?post=13774"}],"version-history":[{"count":5,"href":"https:\/\/dinkpickleball.com\/fr\/wp-json\/wp\/v2\/pages\/13774\/revisions"}],"predecessor-version":[{"id":13788,"href":"https:\/\/dinkpickleball.com\/fr\/wp-json\/wp\/v2\/pages\/13774\/revisions\/13788"}],"wp:attachment":[{"href":"https:\/\/dinkpickleball.com\/fr\/wp-json\/wp\/v2\/media?parent=13774"}],"curies":[{"name":"wp","href":"https:\/\/api.w.org\/{rel}","templated":true}]}}