{"id":10472,"date":"2022-05-29T02:38:42","date_gmt":"2022-05-28T18:38:42","guid":{"rendered":"https:\/\/dinkpickleball.com\/?page_id=10472"},"modified":"2025-01-13T22:15:05","modified_gmt":"2025-01-13T14:15:05","slug":"balls","status":"publish","type":"page","link":"https:\/\/dinkpickleball.com\/fr\/balls\/","title":{"rendered":"Balles"},"content":{"rendered":"<h1>Pickleball Ball Wholesale at Factory Price<\/h1>\n<h3>The DinkPickleball est fier d'offrir des balles de pickleball de haute qualit\u00e9 \u00e0 des prix de gros. Nos balles sont fabriqu\u00e9es \u00e0 partir de mat\u00e9riaux de la plus haute qualit\u00e9 qui r\u00e9pondent aux normes de l'USAPA. <\/h3>\n<p>\t\t\t<a role=\"button\"><br \/>\n\t\t\t\t\t\tDemande de devis<br \/>\n\t\t\t\t\t<\/a><br \/>\n\t\t\t\t\t\t\t\t\t\t\t\t<img decoding=\"async\" src=\"https:\/\/dinkpickleball.com\/wp-content\/uploads\/elementor\/thumbs\/custom-pickleball-ball-pq3a0g1h697msdprdorg1i8bur38posx8ahar5tv34.png\" title=\"balle de pickleball personnalis\u00e9e\" alt=\"balle de pickleball personnalis\u00e9e\" loading=\"lazy\" \/>\t\t\t\t\t\t\t\t\t\t\t\t\t\t<\/p>\n<h2>Balles de pickleball<\/h2>\n<p>Notre usine produit des balles de pickleball en vrac qui sont parfaites pour tout \u00e9v\u00e9nement, qu'il s'agisse d'un tournoi ou d'une partie d\u00e9contract\u00e9e. Nos balles sont disponibles \u00e0 la fois en version sans couture et en version avec soudure, ce qui vous permet de choisir l'option qui r\u00e9pond le mieux \u00e0 vos besoins. Nous utilisons des mat\u00e9riaux et un savoir-faire de la plus haute qualit\u00e9 pour cr\u00e9er nos balles, vous pouvez donc \u00eatre s\u00fbr qu'elles dureront. Et comme elles sont fabriqu\u00e9es en PP, vous pouvez \u00eatre s\u00fbr qu'elles r\u00e9sisteront m\u00eame aux parties les plus intenses. Nos balles de pickleball sont le choix id\u00e9al pour ceux qui veulent ce qu'il y a de mieux en termes de performance et de durabilit\u00e9.<\/p>\n<p>                    <img decoding=\"async\" width=\"500\" height=\"500\" src=\"https:\/\/dinkpickleball.com\/wp-content\/uploads\/2022\/06\/pickleball-ball-1.jpg\" alt=\"balle de pickleball 1\" loading=\"lazy\" srcset=\"https:\/\/dinkpickleball.com\/wp-content\/uploads\/2022\/06\/pickleball-ball-1.jpg 500w, https:\/\/dinkpickleball.com\/wp-content\/uploads\/2022\/06\/pickleball-ball-1-300x300.jpg 300w, https:\/\/dinkpickleball.com\/wp-content\/uploads\/2022\/06\/pickleball-ball-1-150x150.jpg 150w, https:\/\/dinkpickleball.com\/wp-content\/uploads\/2022\/06\/pickleball-ball-1-100x100.jpg 100w\" sizes=\"auto, (max-width: 500px) 100vw, 500px\" \/><\/p>\n<h3>\n                        Boule sans soudure<br \/>\n                    <\/h3>\n<p>                        La conception d'une seule pi\u00e8ce moul\u00e9e par rotation signifie que les balles volent droit et vrai et qu'il y a moins de balles fissur\u00e9es ou cass\u00e9es.<br \/>\n                    <img decoding=\"async\" width=\"500\" height=\"500\" src=\"https:\/\/dinkpickleball.com\/wp-content\/uploads\/2022\/06\/pickleball-ball-2.jpg\" alt=\"balle de pickleball 2\" loading=\"lazy\" srcset=\"https:\/\/dinkpickleball.com\/wp-content\/uploads\/2022\/06\/pickleball-ball-2.jpg 500w, https:\/\/dinkpickleball.com\/wp-content\/uploads\/2022\/06\/pickleball-ball-2-300x300.jpg 300w, https:\/\/dinkpickleball.com\/wp-content\/uploads\/2022\/06\/pickleball-ball-2-150x150.jpg 150w, https:\/\/dinkpickleball.com\/wp-content\/uploads\/2022\/06\/pickleball-ball-2-100x100.jpg 100w\" sizes=\"auto, (max-width: 500px) 100vw, 500px\" \/><\/p>\n<h3>\n                        Boule de soudure<br \/>\n                    <\/h3>\n<p>                        Les boules soud\u00e9es \u00e0 40 trous pour l'ext\u00e9rieur et les boules soud\u00e9es \u00e0 26 trous pour l'int\u00e9rieur sont plus rentables pour une utilisation courante.                    <\/p>\n<h2>Que faisons-nous ?<\/h2>\n<p>NOUS SOMMES PROFESSIONNELS<\/p>\n<p>\t\t\t        <!-- link opening --><br \/>\n                <!-- end link opening --><\/p>\n<h3>\n                    Consultation gratuite                <\/h3>\n<p>Comment voulez-vous vos boules ? Vous pouvez b\u00e9n\u00e9ficier d'une session de conseil GRATUITE avec nos experts exp\u00e9riment\u00e9s !<\/p>\n<p>\t\t\t        <!-- link opening --><br \/>\n                <!-- end link opening --><\/p>\n<h3>\n                    \u00c9chantillons gratuits                <\/h3>\n<p>Vous vous inqui\u00e9tez de la qualit\u00e9 ? Vous pouvez demander des \u00e9chantillons GRATUITS pour tester notre balle de pickleball en situation r\u00e9elle !<\/p>\n<p>\t\t\t        <!-- link opening --><br \/>\n                <!-- end link opening --><\/p>\n<h3>\n                    Faible MOQ requis                <\/h3>\n<p>Vous souhaitez conna\u00eetre les r\u00e9actions du march\u00e9 ? Votre commande peut commencer \u00e0 partir de 100 boules de cornichon !<\/p>\n<p>\t\t\t        <!-- link opening --><br \/>\n                <!-- end link opening --><\/p>\n<h3>\n                    Prix direct d'usine                <\/h3>\n<p>Pas de frais suppl\u00e9mentaires pour vos commandes ! Toutes les balles de pickleball sont fabriqu\u00e9es et vendues directement par notre usine !<\/p>\n<h2>Balle de Pickleball personnalis\u00e9e<\/h2>\n<p>Vous \u00eates \u00e0 la recherche d'une balle de pickleball personnalis\u00e9e, faite selon vos besoins ?  Ne cherchez pas plus loin que DinkPickleball. Nous sommes le principal fabricant de balles de pickleball, et notre marque d'usine et de vente en gros vous assure d'obtenir le meilleur produit possible. Nous pouvons fabriquer la balle qui vous convient le mieux. Nous proposons des balles de pickleball sur mesure qui conviennent \u00e0 tous les styles de jeu. Que vous ayez besoin d'une balle pour jouer en comp\u00e9tition ou que vous souhaitiez simplement une balle qui dure plus longtemps, nous avons ce qu'il vous faut. Nous proposons des balles de pickleball personnalis\u00e9es qui sont fabriqu\u00e9es sur commande et peuvent \u00eatre personnalis\u00e9es avec vos propres dessins. Que vous souhaitiez une commande en gros pour votre marque ou votre club, ou juste quelques balles pour votre \u00e9quipe, nous pouvons r\u00e9pondre \u00e0 vos besoins. Nous offrons \u00e9galement des r\u00e9ductions si vous avez besoin d'une grande quantit\u00e9 de balles.<\/p>\n<p>Si vous souhaitez concevoir votre balle de pickleball, nous pouvons vous aider \u00e0 le faire gratuitement. Le service comprend 5 \u00e9tapes principales.<\/p>\n<ol>\n<li><strong>S\u00e9lectionner les options du produit<\/strong><\/li>\n<\/ol>\n<p>Choisissez la couleur et le style. Nous proposons des mod\u00e8les avec ou sans soudure. Couleurs disponibles en stock : Jaune, vert et orange<\/p>\n<p>\u00a0<\/p>\n<ol start=\"2\">\n<li><strong>Cr\u00e9ez votre balle de Pickleball<\/strong><\/li>\n<\/ol>\n<p>Envoyez-nous le texte, le logo, etc. que vous souhaitez personnaliser. Nous vous enverrons une \u00e9preuve avec votre logo par e-mail pour approbation.<\/p>\n<p>\u00a0<\/p>\n<ol start=\"3\">\n<li><strong>Demande de devis<\/strong><\/li>\n<\/ol>\n<p>Une fois toutes les informations confirm\u00e9es, nous vous fournirons un devis. Veuillez noter que la quantit\u00e9 minimale de commande de balles de pickleball personnalis\u00e9es est de 200pcs. Si votre quantit\u00e9 de commande est inf\u00e9rieure \u00e0 200pcs, le prix unitaire augmentera l\u00e9g\u00e8rement, veuillez communiquer avec le service des ventes.<\/p>\n<p>\u00a0<\/p>\n<ol start=\"4\">\n<li><strong>D\u00e9lai de livraison et paiement<\/strong><\/li>\n<\/ol>\n<p>D\u00c9LAI DE LIVRAISON : En g\u00e9n\u00e9ral, 6 \u00e0 12 jours ouvrables pour 10 000 pi\u00e8ces. Pour les commandes tr\u00e8s urgentes, en fonction du calendrier, une production prioritaire est \u00e9galement possible. Les commandes de mat\u00e9riaux et de couleurs sp\u00e9ciales n\u00e9cessitent plusieurs jours suppl\u00e9mentaires.<\/p>\n<p>PAIEMENT : Un acompte de 40% est demand\u00e9 lors de la commande. Nous vous enverrons les photos de production pour que vous puissiez les visualiser rapidement et nous organiserons la livraison apr\u00e8s avoir r\u00e9gl\u00e9 le solde de 60%.<\/p>\n<p>\u00a0<\/p>\n<ol start=\"5\">\n<li><strong>Production de masse<\/strong><\/li>\n<\/ol>\n<p>Notre d\u00e9partement de production commencera votre commande en fonction de votre approbation du design. Pour faire le logo sur les balles de pickleball, le laser est maintenant le plus souvent utilis\u00e9, et il durera \u00e9ternellement.<\/p>\n<p>\t\t\t\t\t\t\t<a href=\"https:\/\/dinkpickleball.com\/wp-content\/uploads\/2022\/06\/custom-pickleball-ball-wholesale-2.jpg\"><br \/>\n\t\t\t\t\t\t\t\t\t\t\t\t\t\t<\/a><br \/>\n\t\t\t\t\t\t\t<a href=\"https:\/\/dinkpickleball.com\/wp-content\/uploads\/2022\/06\/custom-pickleball-ball-wholesale-3.jpg\"><br \/>\n\t\t\t\t\t\t\t\t\t\t\t\t\t\t<\/a><br \/>\n\t\t\t\t\t\t\t<a href=\"https:\/\/dinkpickleball.com\/wp-content\/uploads\/2022\/06\/custom-pickleball-ball-wholesale-4.jpg\"><br \/>\n\t\t\t\t\t\t\t\t\t\t\t\t\t\t<\/a><br \/>\n\t\t\t\t\t\t\t<a href=\"https:\/\/dinkpickleball.com\/wp-content\/uploads\/2022\/06\/custom-pickleball-ball-wholesale-1.jpg\"><br \/>\n\t\t\t\t\t\t\t\t\t\t\t\t\t\t<\/a><br \/>\n\t\t\t<a role=\"button\"><br \/>\n\t\t\t\t\t\tDemande de devis<br \/>\n\t\t\t\t\t<\/a><\/p>\n<h2>Nos clients parlent de nous<\/h2>\n<p>\t\t\t\t\t\tPendant tout le processus d'achat, PB m'a fait sentir tr\u00e8s satisfait. Leur vendeur \u00e9tait tr\u00e8s professionnel, j'ai \u00e9t\u00e9 tr\u00e8s satisfait de leur service et de la qualit\u00e9 des pagaies de pickleball personnalis\u00e9es, et le design de l'impression personnalis\u00e9e est \u00e9clatant. Je les adore.<br \/>\n\t\t\t\t\t\t<img decoding=\"async\" src=\"https:\/\/dinkpickleball.com\/wp-content\/uploads\/2022\/06\/picklebase-client-4.jpg\" alt=\"Angela Lee\"><br \/>\n\t\t\t\t\t\t\t\t<cite>Angela LeeCEO<\/cite><br \/>\n\t\t\t\t\t\tS'approvisionner en pagaies de pickleball \u00e0 l'\u00e9tranger est parfois frustrant. Travailler avec DinkPickleball est beaucoup moins compliqu\u00e9. Les processus de conception et de commande ont \u00e9t\u00e9 faciles. Tout ce que j'ai \u00e0 faire, c'est de m'asseoir au bureau et d'attendre de recevoir les marchandises.<br \/>\n\t\t\t\t\t\t<img decoding=\"async\" src=\"https:\/\/dinkpickleball.com\/wp-content\/uploads\/2022\/06\/y11.png\" alt=\"Mike Stuart\"><br \/>\n\t\t\t\t\t\t\t\t<cite>Mike StuartAcheteur<\/cite><br \/>\n\t\t\t\t\t\tJe tiens \u00e0 vous remercier chaleureusement tout au long du processus ! Tout a \u00e9t\u00e9 tr\u00e8s rapide, du devis au paiement, en passant par l'\u00e9chantillon, la production et la livraison. Ce fut un plaisir de travailler avec vous. Je vous remercie encore une fois !<br \/>\n\t\t\t\t\t\t<img decoding=\"async\" src=\"https:\/\/dinkpickleball.com\/wp-content\/uploads\/2022\/06\/picklebase-client-1.jpg\" alt=\"Gislaine Vanhook\"><br \/>\n\t\t\t\t\t\t\t\t<cite>Gislaine VanhookSp\u00e9cialiste du produit<\/cite><br \/>\n\t\t\t\t\t\tAbordables, \u00e9l\u00e9gantes, un service formidable. Les enfants adorent les pagaies de pickleball personnalis\u00e9es ! Elles ont eu un \u00e9norme succ\u00e8s ! Les enfants les adorent et c'est un plaisir de travailler avec vous. La livraison s'est faite en avance. Merci beaucoup !<br \/>\n\t\t\t\t\t\t<img decoding=\"async\" src=\"https:\/\/dinkpickleball.com\/wp-content\/uploads\/2022\/06\/picklebase-client-3.jpg\" alt=\"Alex Hannifin\"><br \/>\n\t\t\t\t\t\t\t\t<cite>Alex HannifinAdministrateur de bureau<\/cite><br \/>\n\t\t\t\t\t\tDinkPickleball est de loin le meilleur fournisseur de pagaies de pickleball avec lequel nous avons travaill\u00e9 ! Nous avons visit\u00e9 l'usine en Chine et nous avons \u00e9t\u00e9 agr\u00e9ablement surpris par le c\u0153ur qu'ils mettent dans chacun de leurs produits.<br \/>\n\t\t\t\t\t\t<img decoding=\"async\" src=\"https:\/\/dinkpickleball.com\/wp-content\/uploads\/2022\/06\/picklebase-client-2.jpg\" alt=\"Jean Dupont\"><br \/>\n\t\t\t\t\t\t\t\t<cite>John DoeAcheteur<\/cite>\t\t\t<\/p>\n<figure><img decoding=\"async\" src=\"https:\/\/dinkpickleball.com\/wp-content\/uploads\/2022\/06\/onix.png\" alt=\"onix\" \/><\/figure>\n<figure><img decoding=\"async\" src=\"https:\/\/dinkpickleball.com\/wp-content\/uploads\/2022\/06\/Diadem-logo.png\" alt=\"Logo Diadem\" \/><\/figure>\n<figure><img decoding=\"async\" src=\"https:\/\/dinkpickleball.com\/wp-content\/uploads\/2022\/06\/Gamma.png\" alt=\"Gamma\" \/><\/figure>\n<figure><img decoding=\"async\" src=\"https:\/\/dinkpickleball.com\/wp-content\/uploads\/2022\/06\/niupipo.png\" alt=\"niupipo\" \/><\/figure>\n<figure><img decoding=\"async\" src=\"https:\/\/dinkpickleball.com\/wp-content\/uploads\/2022\/06\/Paddletek.png\" alt=\"Paddletek\" \/><\/figure>\n<h2>Certification<\/h2>\n<p>\t\t\t\t\t\t\t\t\t\t\t\t\t\tDiapositive pr\u00e9c\u00e9dente<br \/>\n\t\t\t\t\t\t\t\t\t\t\t\t\t\tDiapositive suivante<\/p>\n<h2>Emballage pour les balles<\/h2>\n<p>Bo\u00eete en PET pour les paquets de 3 ou 6 boules. La couleur et le logo peuvent \u00eatre personnalis\u00e9s.<\/p>\n<p>Sac en filet pour 3, 4, 6, 12 boules QTY en option<\/p>\n<p>Bo\u00eete individuelle personnalis\u00e9e pour boules 3, 4, 6, 12pc<\/p>\n<p>Carton individuel personnalis\u00e9 pour plusieurs jeux de balles<\/p>\n<p>Sac plastique personnalis\u00e9 pour 3,4,6,12boules<\/p>\n<p>Sac en plastique composite adh\u00e9sif sur mesure pour certaines balles<\/p>\n<p>\t\t\t\t\t\t\t\t\t\t\t\t<img decoding=\"async\" width=\"1500\" height=\"396\" src=\"https:\/\/dinkpickleball.com\/wp-content\/uploads\/2022\/06\/Package-For-Balls.jpg\" alt=\"Emballage pour les balles\" loading=\"lazy\" srcset=\"https:\/\/dinkpickleball.com\/wp-content\/uploads\/2022\/06\/Package-For-Balls.jpg 1500w, https:\/\/dinkpickleball.com\/wp-content\/uploads\/2022\/06\/Package-For-Balls-300x79.jpg 300w, https:\/\/dinkpickleball.com\/wp-content\/uploads\/2022\/06\/Package-For-Balls-1024x270.jpg 1024w, https:\/\/dinkpickleball.com\/wp-content\/uploads\/2022\/06\/Package-For-Balls-768x203.jpg 768w, https:\/\/dinkpickleball.com\/wp-content\/uploads\/2022\/06\/Package-For-Balls-600x158.jpg 600w\" sizes=\"auto, (max-width: 1500px) 100vw, 1500px\" \/>\t\t\t\t\t\t\t\t\t\t\t\t\t\t<\/p>\n<h2>Grossiste Balles de Pickleball personnalis\u00e9es<\/h2>\n<p>Nous proposons des balles de pickleball personnalis\u00e9es \u00e0 des prix de gros. Nous vous aidons \u00e0 \u00e9viter les pi\u00e8ges et \u00e0 fournir la qualit\u00e9 et la valeur dont vos balles de pickleball personnalis\u00e9es ont besoin, dans le respect des d\u00e9lais et du budget.<\/p>","protected":false},"excerpt":{"rendered":"<p>Pickleball Ball Wholesale at Factory Price The DinkPickleball is proud to offer high-quality pickleball balls at wholesale prices. Our balls are made from the highest quality materials that meet USAPA standards. Request For Quotation Pickleball Balls Our factory produces bulk pickleballs that are perfect for any event, whether it be a tournament or a casual [&hellip;]<\/p>\n","protected":false},"author":1,"featured_media":0,"parent":0,"menu_order":0,"comment_status":"closed","ping_status":"closed","template":"","meta":{"_seopress_robots_primary_cat":"","_seopress_titles_title":"Pickleball Ball Wholesale at Factory Price","_seopress_titles_desc":"The DinkPickleball is proud to offer high-quality pickleball balls at wholesale prices. Our balls are made from the highest quality materials that meet USAPA standards.","_seopress_robots_index":"","footnotes":""},"class_list":["post-10472","page","type-page","status-publish","hentry"],"meta_box":[],"_links":{"self":[{"href":"https:\/\/dinkpickleball.com\/fr\/wp-json\/wp\/v2\/pages\/10472","targetHints":{"allow":["GET"]}}],"collection":[{"href":"https:\/\/dinkpickleball.com\/fr\/wp-json\/wp\/v2\/pages"}],"about":[{"href":"https:\/\/dinkpickleball.com\/fr\/wp-json\/wp\/v2\/types\/page"}],"author":[{"embeddable":true,"href":"https:\/\/dinkpickleball.com\/fr\/wp-json\/wp\/v2\/users\/1"}],"replies":[{"embeddable":true,"href":"https:\/\/dinkpickleball.com\/fr\/wp-json\/wp\/v2\/comments?post=10472"}],"version-history":[{"count":89,"href":"https:\/\/dinkpickleball.com\/fr\/wp-json\/wp\/v2\/pages\/10472\/revisions"}],"predecessor-version":[{"id":16268,"href":"https:\/\/dinkpickleball.com\/fr\/wp-json\/wp\/v2\/pages\/10472\/revisions\/16268"}],"wp:attachment":[{"href":"https:\/\/dinkpickleball.com\/fr\/wp-json\/wp\/v2\/media?parent=10472"}],"curies":[{"name":"wp","href":"https:\/\/api.w.org\/{rel}","templated":true}]}}