{"id":9,"date":"2020-03-29T19:17:09","date_gmt":"2020-03-29T11:17:09","guid":{"rendered":"https:\/\/dinkpickleball.com\/?page_id=9"},"modified":"2025-08-20T15:37:06","modified_gmt":"2025-08-20T07:37:06","slug":"about-us","status":"publish","type":"page","link":"https:\/\/dinkpickleball.com\/es\/about-us\/","title":{"rendered":"Qui\u00e9nes somos"},"content":{"rendered":"<h2>DinkPickleball<\/h2>\n<h2>Especialista en dise\u00f1o y fabricaci\u00f3n de productos de pickleball a medida<\/p>\n<p>Pickleball Productos en promoci\u00f3n y regalos Proveedor<\/h2>\n<p>\t\t\t<a role=\"button\"><br \/>\n\t\t\t\t\t\tSolicitud de presupuesto<br \/>\n\t\t\t\t\t<\/a><br \/>\n\t\t\t\t\t\t\t\t\t\t\t\t<img decoding=\"async\" src=\"https:\/\/dinkpickleball.com\/wp-content\/uploads\/elementor\/thumbs\/coding-isometric-06-pph206rqk3tso5egj5wgx0144dzkgd3nvaemoqtgiq.png\" title=\"codificaci\u00f3n isom\u00e9trica 06\" alt=\"codificaci\u00f3n isom\u00e9trica 06\" loading=\"lazy\" \/>\t\t\t\t\t\t\t\t\t\t\t\t\t\t<\/p>\n<h2>\u00bfQui\u00e9n es DinkPickleball.com?<\/h2>\n<p>DinkPickleball.com se fund\u00f3 en 2012, y llevamos en este campo m\u00e1s de 10 a\u00f1os, \u00a1incre\u00edble!<\/p>\n<p>Hemos visto que hoy en d\u00eda tambi\u00e9n hay muchas f\u00e1bricas y mayoristas de productos de pickleball a nivel internacional. Sin embargo, su nivel artesanal sigue estancado en hace unos a\u00f1os.<\/p>\n<p>De hecho, el equipo de producci\u00f3n de productos de pickleball se ha actualizado en los \u00faltimos a\u00f1os, y DinkPickleball.com espera que nuestra avanzada tecnolog\u00eda pueda inyectar sangre fresca en este mercado. Los consumidores merecen mejores productos de pickleball.<\/p>\n<p>Nuestro equipo de dise\u00f1o profesional tiene como objetivo desarrollar productos de pickleball profesionales y pr\u00e1cticos. Siempre somos una f\u00e1brica de confianza que podr\u00eda suministrar productos de pickleball competitivos y el mejor servicio para nuestros clientes.<\/p>\n<p>\t\t\t\t\t\t\t<a href=\"https:\/\/dinkpickleball.com\/wp-content\/uploads\/2022\/06\/pickleball-wholesale-1.jpg\"><br \/>\n\t\t\t\t\t\t\t\t\t\t\t\t\t\t<\/a><br \/>\n\t\t\t\t\t\t\t<a href=\"https:\/\/dinkpickleball.com\/wp-content\/uploads\/2022\/06\/pickleball-wholesale-4.jpg\"><br \/>\n\t\t\t\t\t\t\t\t\t\t\t\t\t\t<\/a><br \/>\n\t\t\t\t\t\t\t<a href=\"https:\/\/dinkpickleball.com\/wp-content\/uploads\/2022\/06\/pickleball-wholesale-3.jpg\"><br \/>\n\t\t\t\t\t\t\t\t\t\t\t\t\t\t<\/a><br \/>\n\t\t\t\t\t\t\t<a href=\"https:\/\/dinkpickleball.com\/wp-content\/uploads\/2022\/06\/pickleball-wholesale-2.jpg\"><br \/>\n\t\t\t\t\t\t\t\t\t\t\t\t\t\t<\/a><br \/>\n\t\t\t\t\t\t\t\t\t\t\t\t<img decoding=\"async\" width=\"500\" height=\"500\" src=\"https:\/\/dinkpickleball.com\/wp-content\/uploads\/2022\/05\/COCONUTIO-team.webp.jpg\" alt=\"Equipo COCONUTIO.webp\" loading=\"lazy\" srcset=\"https:\/\/dinkpickleball.com\/wp-content\/uploads\/2022\/05\/COCONUTIO-team.webp.jpg 500w, https:\/\/dinkpickleball.com\/wp-content\/uploads\/2022\/05\/COCONUTIO-team.webp-300x300.jpg 300w, https:\/\/dinkpickleball.com\/wp-content\/uploads\/2022\/05\/COCONUTIO-team.webp-150x150.jpg 150w, https:\/\/dinkpickleball.com\/wp-content\/uploads\/2022\/05\/COCONUTIO-team.webp-100x100.jpg 100w\" sizes=\"auto, (max-width: 500px) 100vw, 500px\" \/>\t\t\t\t\t\t\t\t\t\t\t\t\t\t<\/p>\n<h2>N\u00fameros de los que estamos orgullosos<\/h2>\n<p>Somos fabricantes profesionales de productos de pickleball. Centr\u00e1ndonos en materias primas de alta calidad y tecnolog\u00edas avanzadas, liderados por nuestro equipo de mercado y producto, nuestro objetivo es satisfacer los m\u00e1s altos est\u00e1ndares de calidad y las demandas de los clientes. Nuestros productos se exportan principalmente a EE.UU., Canad\u00e1, Australia y otros 20 pa\u00edses, y gozan de buena reputaci\u00f3n en todo el mundo.<\/p>\n<p>El negocio mayorista de DinkPickleball nunca es f\u00e1cil, pero tenemos suficiente confianza en nuestros productos, y estas cifras atestiguan nuestro desarrollo en el mercado internacional, \u00bfle gustar\u00eda ser nuestro socio comercial?<\/p>\n<h2>100+<\/h2>\n<p>Clientes satisfechos<\/p>\n<h2>20+<\/h2>\n<p>De los pa\u00edses<\/p>\n<h2>200+<\/h2>\n<p>Empleados<\/p>\n<h2>150+<\/h2>\n<p>\u00c9xito del proyecto<\/p>\n<h2>\n10,000+<\/h2>\n<p>Tama\u00f1o de f\u00e1brica<\/p>\n<h2>10+<\/h2>\n<p>A\u00f1os<\/p>\n<h2>Deje que DinkPickleball.com impulse su negocio hoy mismo.<\/h2>\n<p>DinkPickleball ha estado en el negocio de la venta al por mayor de productos de pickleball durante 10 a\u00f1os, deje que un verdadero veterano de la industria le proporcione productos de pickleball de alta calidad.<\/p>\n<p>\t\t\t\t\t\t\t\t\t\t\t\t<img decoding=\"async\" width=\"800\" height=\"533\" src=\"https:\/\/dinkpickleball.com\/wp-content\/uploads\/2022\/05\/10.-team.webp.jpg\" alt=\"10. equipo.webp\" loading=\"lazy\" srcset=\"https:\/\/dinkpickleball.com\/wp-content\/uploads\/2022\/05\/10.-team.webp.jpg 800w, https:\/\/dinkpickleball.com\/wp-content\/uploads\/2022\/05\/10.-team.webp-300x200.jpg 300w, https:\/\/dinkpickleball.com\/wp-content\/uploads\/2022\/05\/10.-team.webp-768x512.jpg 768w, https:\/\/dinkpickleball.com\/wp-content\/uploads\/2022\/05\/10.-team.webp-600x400.jpg 600w\" sizes=\"auto, (max-width: 800px) 100vw, 800px\" \/><\/p>","protected":false},"excerpt":{"rendered":"<p>DinkPickleball Specializes in Custom Pickleball Products Design and Manufacturing Pickleball Promotional Products&amp;Gifts Supplier Request For Quotation Who is DinkPickleball.com? DinkPickleball.com was founded in 2012, and we have been in this field for more than 10 years, amazing! We have seen that today there are also many pickleball products factories and wholesalers internationally. However, their craftsmanship [&hellip;]<\/p>\n","protected":false},"author":1,"featured_media":0,"parent":0,"menu_order":0,"comment_status":"closed","ping_status":"closed","template":"","meta":{"_seopress_robots_primary_cat":"","_seopress_titles_title":"Specializes in Custom Pickleball Products Design and Manufacturing","_seopress_titles_desc":"Our professional design team aims to develop professional and practical pickleball products. We are always a trustful factory that could supply competitive pickleball products and the best service for our customers.","_seopress_robots_index":"","footnotes":""},"class_list":["post-9","page","type-page","status-publish","hentry"],"meta_box":[],"_links":{"self":[{"href":"https:\/\/dinkpickleball.com\/es\/wp-json\/wp\/v2\/pages\/9","targetHints":{"allow":["GET"]}}],"collection":[{"href":"https:\/\/dinkpickleball.com\/es\/wp-json\/wp\/v2\/pages"}],"about":[{"href":"https:\/\/dinkpickleball.com\/es\/wp-json\/wp\/v2\/types\/page"}],"author":[{"embeddable":true,"href":"https:\/\/dinkpickleball.com\/es\/wp-json\/wp\/v2\/users\/1"}],"replies":[{"embeddable":true,"href":"https:\/\/dinkpickleball.com\/es\/wp-json\/wp\/v2\/comments?post=9"}],"version-history":[{"count":371,"href":"https:\/\/dinkpickleball.com\/es\/wp-json\/wp\/v2\/pages\/9\/revisions"}],"predecessor-version":[{"id":16247,"href":"https:\/\/dinkpickleball.com\/es\/wp-json\/wp\/v2\/pages\/9\/revisions\/16247"}],"wp:attachment":[{"href":"https:\/\/dinkpickleball.com\/es\/wp-json\/wp\/v2\/media?parent=9"}],"curies":[{"name":"wp","href":"https:\/\/api.w.org\/{rel}","templated":true}]}}