{"id":8,"date":"2020-03-29T19:17:09","date_gmt":"2020-03-29T11:17:09","guid":{"rendered":"https:\/\/dinkpickleball.com\/?page_id=8"},"modified":"2026-03-12T19:57:07","modified_gmt":"2026-03-12T11:57:07","slug":"home","status":"publish","type":"page","link":"https:\/\/dinkpickleball.com\/es\/","title":{"rendered":"Inicio"},"content":{"rendered":"<p><img loading=\"lazy\" decoding=\"async\" width=\"702\" height=\"500\" src=\"https:\/\/dinkpickleball.com\/wp-content\/uploads\/2022\/05\/pickleball-paddles-factory.png\" alt=\"f\u00e1brica de palas de pickleball\" srcset=\"https:\/\/dinkpickleball.com\/wp-content\/uploads\/2022\/05\/pickleball-paddles-factory.png 702w, https:\/\/dinkpickleball.com\/wp-content\/uploads\/2022\/05\/pickleball-paddles-factory-300x214.png 300w, https:\/\/dinkpickleball.com\/wp-content\/uploads\/2022\/05\/pickleball-paddles-factory-600x427.png 600w\" sizes=\"auto, (max-width: 702px) 100vw, 702px\" \/>\t\t\t\t\t\t\t\t\t\t\t\t\t<\/p>\n<h1>Pickleball Paddle Fabricante y mayorista<\/h1>\n<h2>M\u00e1s de 10 a\u00f1os de experiencia en el dise\u00f1o y fabricaci\u00f3n de palas de Pickleball a medida<\/h2>\n<p>\t\t\t\t\t<a role=\"button\"><br \/>\n\t\t\t\t\t\t\t\t\tSolicitud de presupuesto<br \/>\n\t\t\t\t\t<\/a><\/p>\n<h2>Comprar productos de Pickleball en DinkPickleball<\/h2>\n<p>\t\t\t\t\t<a role=\"button\"><br \/>\n\t\t\t\t\t\t\t\t\tImpulse su negocio<br \/>\n\t\t\t\t\t<\/a><\/p>\n<h3>\n\t\t\t\t\t\t\tPara OEM\/ODM<br \/>\n\t\t\t\t\t<\/h3>\n<p>\n\t\t\t\t\t\t\u00bfQuieres personalizar tu pala de pickleball? DinkPickleball puede ayudarle a desarrollar su producto y convertirlo en realidad. Le ayudamos a evitar las trampas para entregar la calidad y el valor que sus pelotas de pickleball personalizadas necesitan, a tiempo y dentro del presupuesto.\t\t\t\t\t<\/p>\n<h3>\n\t\t\t\t\t\t\tPropietarios de marcas<br \/>\n\t\t\t\t\t<\/h3>\n<p>\n\t\t\t\t\t\t\u00bfQuiere comprar palas de p\u00e1del para su marca? Tenemos un proceso simplificado para las marcas privadas de palas de p\u00e1del. Desde el estilo personalizado, el dise\u00f1o del logotipo y el embalaje del producto hasta la preparaci\u00f3n para Amazon FBA, \u00a1tenemos todo cubierto!\t\t\t\t\t<\/p>\n<h3>\n\t\t\t\t\t\t\tMayoristas<br \/>\n\t\t\t\t\t<\/h3>\n<p>\n\t\t\t\t\t\t\u00bfBusca cientos de productos de pickleball? Ofrecemos palas, pelotas, accesorios y mucho m\u00e1s. Ofrecemos los mejores productos de pickleball personalizados para ampliar su negocio y aumentar sus beneficios.\t\t\t\t\t<\/p>\n<p>\t\t<iframe loading=\"lazy\" title=\"Revolucionando las palas de Pickleball: Dentro de la f\u00e1brica de DinkPickleball\" width=\"500\" height=\"281\" src=\"https:\/\/www.youtube.com\/embed\/kPvfvxb44x0?feature=oembed\" frameborder=\"0\" allow=\"accelerometer; autoplay; clipboard-write; encrypted-media; gyroscope; picture-in-picture; web-share\" referrerpolicy=\"strict-origin-when-cross-origin\" allowfullscreen><\/iframe>\t\t<\/p>\n<h2>Eleve su negocio, deleite a sus clientes<\/h2>\n<p>Aumente sus ventas y haga que sus clientes vuelvan a por m\u00e1s con las palas de Pickleball de DinkPickleball. Benef\u00edciese de nuestros precios competitivos, descuentos por volumen y atenci\u00f3n al cliente sin igual, todo dise\u00f1ado para ayudarle a maximizar sus beneficios al tiempo que ofrece productos excepcionales a sus clientes. Elija DinkPickleball como su socio de confianza y allane el camino hacia un exitoso y pr\u00f3spero negocio de pickleball.<\/p>\n<p>                <a href=\"https:\/\/dinkpickleball.com\/es\/thermoformed-pickleball-paddle\/\"><br \/>\n                    <img loading=\"lazy\" decoding=\"async\" width=\"800\" height=\"800\" src=\"https:\/\/dinkpickleball.com\/wp-content\/uploads\/2023\/05\/Thermoformed-Pickleball-Paddle-Factory.png\" alt=\"F\u00e1brica de palas de Pickleball termoformadas\" srcset=\"https:\/\/dinkpickleball.com\/wp-content\/uploads\/2023\/05\/Thermoformed-Pickleball-Paddle-Factory.png 800w, https:\/\/dinkpickleball.com\/wp-content\/uploads\/2023\/05\/Thermoformed-Pickleball-Paddle-Factory-300x300.png 300w, https:\/\/dinkpickleball.com\/wp-content\/uploads\/2023\/05\/Thermoformed-Pickleball-Paddle-Factory-150x150.png 150w, https:\/\/dinkpickleball.com\/wp-content\/uploads\/2023\/05\/Thermoformed-Pickleball-Paddle-Factory-768x768.png 768w, https:\/\/dinkpickleball.com\/wp-content\/uploads\/2023\/05\/Thermoformed-Pickleball-Paddle-Factory-600x600.png 600w, https:\/\/dinkpickleball.com\/wp-content\/uploads\/2023\/05\/Thermoformed-Pickleball-Paddle-Factory-100x100.png 100w\" sizes=\"auto, (max-width: 800px) 100vw, 800px\" \/><br \/>\n                <\/a><\/p>\n<h6>\n                        Pala termoformada<br \/>\n                    <\/h6>\n<p>                                                            <a ><br \/>\n                                    Enviar consulta ahora                                <\/a><br \/>\n                <a href=\"https:\/\/dinkpickleball.com\/es\/kevlar-pickleball-paddle\/\"><br \/>\n                    <img loading=\"lazy\" decoding=\"async\" width=\"807\" height=\"807\" src=\"https:\/\/dinkpickleball.com\/wp-content\/uploads\/2024\/01\/kevlar-pickleball-paddle.png\" alt=\"pala de pickleball kevlar\" srcset=\"https:\/\/dinkpickleball.com\/wp-content\/uploads\/2024\/01\/kevlar-pickleball-paddle.png 807w, https:\/\/dinkpickleball.com\/wp-content\/uploads\/2024\/01\/kevlar-pickleball-paddle-300x300.png 300w, https:\/\/dinkpickleball.com\/wp-content\/uploads\/2024\/01\/kevlar-pickleball-paddle-150x150.png 150w, https:\/\/dinkpickleball.com\/wp-content\/uploads\/2024\/01\/kevlar-pickleball-paddle-768x768.png 768w\" sizes=\"auto, (max-width: 807px) 100vw, 807px\" \/><br \/>\n                <\/a><\/p>\n<h6>\n                         Pala de Pickleball Kevlar<br \/>\n                    <\/h6>\n<p>                                                            <a ><br \/>\n                                    Enviar consulta ahora                                <\/a><br \/>\n                <a href=\"https:\/\/dinkpickleball.com\/es\/edgeless-pickleball-paddles\/\"><br \/>\n                    <img loading=\"lazy\" decoding=\"async\" width=\"800\" height=\"800\" src=\"https:\/\/dinkpickleball.com\/wp-content\/uploads\/2023\/04\/Edgeless-Pickleball-Paddles.png\" alt=\"Palas de Pickleball sin bordes\" srcset=\"https:\/\/dinkpickleball.com\/wp-content\/uploads\/2023\/04\/Edgeless-Pickleball-Paddles.png 800w, https:\/\/dinkpickleball.com\/wp-content\/uploads\/2023\/04\/Edgeless-Pickleball-Paddles-300x300.png 300w, https:\/\/dinkpickleball.com\/wp-content\/uploads\/2023\/04\/Edgeless-Pickleball-Paddles-150x150.png 150w, https:\/\/dinkpickleball.com\/wp-content\/uploads\/2023\/04\/Edgeless-Pickleball-Paddles-768x768.png 768w, https:\/\/dinkpickleball.com\/wp-content\/uploads\/2023\/04\/Edgeless-Pickleball-Paddles-600x600.png 600w, https:\/\/dinkpickleball.com\/wp-content\/uploads\/2023\/04\/Edgeless-Pickleball-Paddles-100x100.png 100w\" sizes=\"auto, (max-width: 800px) 100vw, 800px\" \/><br \/>\n                <\/a><\/p>\n<h5>\n                        Palas de Pickleball sin bordes<br \/>\n                    <\/h5>\n<p>                                                            <a ><br \/>\n                                    Enviar consulta ahora                                <\/a><br \/>\n                <a href=\"https:\/\/dinkpickleball.com\/es\/graphite-pickleball-paddles\/\"><br \/>\n                    <img loading=\"lazy\" decoding=\"async\" width=\"800\" height=\"800\" src=\"https:\/\/dinkpickleball.com\/wp-content\/uploads\/2023\/04\/graphite-paddle.png\" alt=\"pala de grafito\" srcset=\"https:\/\/dinkpickleball.com\/wp-content\/uploads\/2023\/04\/graphite-paddle.png 800w, https:\/\/dinkpickleball.com\/wp-content\/uploads\/2023\/04\/graphite-paddle-300x300.png 300w, https:\/\/dinkpickleball.com\/wp-content\/uploads\/2023\/04\/graphite-paddle-150x150.png 150w, https:\/\/dinkpickleball.com\/wp-content\/uploads\/2023\/04\/graphite-paddle-768x768.png 768w, https:\/\/dinkpickleball.com\/wp-content\/uploads\/2023\/04\/graphite-paddle-600x600.png 600w, https:\/\/dinkpickleball.com\/wp-content\/uploads\/2023\/04\/graphite-paddle-100x100.png 100w\" sizes=\"auto, (max-width: 800px) 100vw, 800px\" \/><br \/>\n                <\/a><\/p>\n<h6>\n                        Palas de grafito para Pickleball<br \/>\n                    <\/h6>\n<p>                                                            <a ><br \/>\n                                    Enviar consulta ahora                                <\/a><br \/>\n                <a href=\"https:\/\/dinkpickleball.com\/es\/titanium-pickleball-paddle\/\"><br \/>\n                    <img loading=\"lazy\" decoding=\"async\" width=\"1024\" height=\"1024\" src=\"https:\/\/dinkpickleball.com\/wp-content\/uploads\/2024\/07\/Titanium-Pickleball-Paddle.png\" alt=\"pala de titanio para pickleball\" srcset=\"https:\/\/dinkpickleball.com\/wp-content\/uploads\/2024\/07\/Titanium-Pickleball-Paddle.png 1024w, https:\/\/dinkpickleball.com\/wp-content\/uploads\/2024\/07\/Titanium-Pickleball-Paddle-300x300.png 300w, https:\/\/dinkpickleball.com\/wp-content\/uploads\/2024\/07\/Titanium-Pickleball-Paddle-150x150.png 150w, https:\/\/dinkpickleball.com\/wp-content\/uploads\/2024\/07\/Titanium-Pickleball-Paddle-768x768.png 768w\" sizes=\"auto, (max-width: 1024px) 100vw, 1024px\" \/><br \/>\n                <\/a><\/p>\n<h6>\n                         Pala de Pickleball de titanio<br \/>\n                    <\/h6>\n<p>                                                            <a ><br \/>\n                                    Enviar consulta ahora                                <\/a><br \/>\n                <a href=\"https:\/\/dinkpickleball.com\/es\/carbon-pickleball-paddles\/\"><br \/>\n                    <img loading=\"lazy\" decoding=\"async\" width=\"800\" height=\"800\" src=\"https:\/\/dinkpickleball.com\/wp-content\/uploads\/2023\/04\/Carbon-Pickleball-Paddles.png\" alt=\"Palas de carbono para Pickleball\" srcset=\"https:\/\/dinkpickleball.com\/wp-content\/uploads\/2023\/04\/Carbon-Pickleball-Paddles.png 800w, https:\/\/dinkpickleball.com\/wp-content\/uploads\/2023\/04\/Carbon-Pickleball-Paddles-300x300.png 300w, https:\/\/dinkpickleball.com\/wp-content\/uploads\/2023\/04\/Carbon-Pickleball-Paddles-150x150.png 150w, https:\/\/dinkpickleball.com\/wp-content\/uploads\/2023\/04\/Carbon-Pickleball-Paddles-768x768.png 768w, https:\/\/dinkpickleball.com\/wp-content\/uploads\/2023\/04\/Carbon-Pickleball-Paddles-600x600.png 600w, https:\/\/dinkpickleball.com\/wp-content\/uploads\/2023\/04\/Carbon-Pickleball-Paddles-100x100.png 100w\" sizes=\"auto, (max-width: 800px) 100vw, 800px\" \/><br \/>\n                <\/a><\/p>\n<h6>\n                        Palas de carbono para Pickleball<br \/>\n                    <\/h6>\n<p>                                                            <a ><br \/>\n                                    Enviar consulta ahora                                <\/a><\/p>\n<h2>Pickleball y palas de pickleball Fabricantes<\/h2>\n<p>DinkPickleball fue fundada en 2012. Somos un fabricante profesional de productos de pickleball aprobados por USAPA, y nuestra f\u00e1brica certificada BSCI e ISO9001.<\/p>\n<p>Nuestros principales productos de pickleball incluyen pickleball, pala de pickleball, red de pickleball, accesorios de pickleball, etc.<\/p>\n<p>Nuestra base de clientes abarca desde marcas deportivas de palas de pickleball, minoristas, mayoristas, escuelas, clubes, organizadores de eventos, etc. La mayor\u00eda de ellos prefieren las palas de pickleball personalizadas, por lo que tenemos mucha experiencia en la fabricaci\u00f3n de palas de pickleball OEM\/ODM.<\/p>\n<h3><a href=\"https:\/\/dinkpickleball.com\/es\/about-us\/\">M\u00e1s informaci\u00f3n<\/a><\/h3>\n<figure><img decoding=\"async\" src=\"https:\/\/dinkpickleball.com\/wp-content\/uploads\/2022\/06\/onix.png\" alt=\"onix\" \/><\/figure>\n<figure><img decoding=\"async\" src=\"https:\/\/dinkpickleball.com\/wp-content\/uploads\/2022\/06\/Diadem-logo.png\" alt=\"Logotipo de la diadema\" \/><\/figure>\n<figure><img decoding=\"async\" src=\"https:\/\/dinkpickleball.com\/wp-content\/uploads\/2022\/06\/Gamma.png\" alt=\"Gamma\" \/><\/figure>\n<figure><img decoding=\"async\" src=\"https:\/\/dinkpickleball.com\/wp-content\/uploads\/2022\/06\/Paddletek.png\" alt=\"Paddletek\" \/><\/figure>\n<figure><img decoding=\"async\" src=\"https:\/\/dinkpickleball.com\/wp-content\/uploads\/2023\/04\/RECESS-logo.png\" alt=\"Logotipo de RECESS\" \/><\/figure>\n<figure><img decoding=\"async\" src=\"https:\/\/dinkpickleball.com\/wp-content\/uploads\/2023\/04\/CRBN-logo.png\" alt=\"Logotipo de CRBN\" \/><\/figure>\n<figure><img decoding=\"async\" src=\"https:\/\/dinkpickleball.com\/wp-content\/uploads\/2023\/04\/STIGA-logo.png\" alt=\"Logotipo de STIGA\" \/><\/figure>\n<figure><img decoding=\"async\" src=\"https:\/\/dinkpickleball.com\/wp-content\/uploads\/2024\/01\/tangerine.png\" alt=\"mandarina\" \/><\/figure>\n<figure><img decoding=\"async\" src=\"https:\/\/dinkpickleball.com\/wp-content\/uploads\/2024\/01\/pickleball-apes.png\" alt=\"monos de pickleball\" \/><\/figure>\n<figure><img decoding=\"async\" src=\"https:\/\/dinkpickleball.com\/wp-content\/uploads\/2024\/01\/Holbrook.png\" alt=\"holbrook\" \/><\/figure>\n<figure><img decoding=\"async\" src=\"https:\/\/dinkpickleball.com\/wp-content\/uploads\/2024\/01\/6.0.png\" alt=\"6.0\" \/><\/figure>\n<figure><img decoding=\"async\" src=\"https:\/\/dinkpickleball.com\/wp-content\/uploads\/2022\/06\/niupipo.png\" alt=\"niupipo\" \/><\/figure>\n<h2>Nuestros clientes opinan de nosotros<\/h2>\n<p>\t\t\t\t\t\tDurante todo el proceso de compra, PB me hizo sentir muy satisfecho. Su vendedor fue muy profesional, qued\u00e9 muy satisfecho con su servicio y la calidad de las palas de pickleball personalizadas, y el dise\u00f1o de impresi\u00f3n personalizado es v\u00edvido. Me encantan.<br \/>\n\t\t\t\t\t\t<img decoding=\"async\" src=\"https:\/\/dinkpickleball.com\/wp-content\/uploads\/2022\/06\/picklebase-client-4.jpg\" alt=\"Angela Lee\"><br \/>\n\t\t\t\t\t\t\t\t<cite>Angela LeeCEO<\/cite><br \/>\n\t\t\t\t\t\tA veces es frustrante comprar palas de pickleball en el extranjero. Trabajar con DinkPickleball es mucho menos complicado. Los procesos de dise\u00f1o y pedido fueron muy sencillos. Todo lo que tengo que hacer es sentarme en la oficina y esperar a recibir la mercanc\u00eda.<br \/>\n\t\t\t\t\t\t<img decoding=\"async\" src=\"https:\/\/dinkpickleball.com\/wp-content\/uploads\/2022\/06\/y11.png\" alt=\"Mike Stuart\"><br \/>\n\t\t\t\t\t\t\t\t<cite>Mike StuartComprador<\/cite><br \/>\n\t\t\t\t\t\tQuiero daros las gracias por todo el proceso. Todo fue muy r\u00e1pido, desde el presupuesto, el pago, la muestra, la producci\u00f3n y la entrega. Ha sido un placer hacer negocios con vosotros. Muchas gracias de nuevo.<br \/>\n\t\t\t\t\t\t<img decoding=\"async\" src=\"https:\/\/dinkpickleball.com\/wp-content\/uploads\/2022\/06\/picklebase-client-1.jpg\" alt=\"Gislaine Vanhook\"><br \/>\n\t\t\t\t\t\t\t\t<cite>Gislaine VanhookEspecialista en productos<\/cite><br \/>\n\t\t\t\t\t\tAsequibles, con estilo y un servicio incre\u00edble. A los ni\u00f1os les encantan las palas de pickleball personalizadas. \u00a1Han sido un gran \u00e9xito! Han quedado geniales y a los ni\u00f1os les encantan y ha sido un placer trabajar con vosotros. La entrega lleg\u00f3 pronto. Muchas gracias.<br \/>\n\t\t\t\t\t\t<img decoding=\"async\" src=\"https:\/\/dinkpickleball.com\/wp-content\/uploads\/2022\/06\/picklebase-client-3.jpg\" alt=\"Alex Hannifin\"><br \/>\n\t\t\t\t\t\t\t\t<cite>Alex HannifinAdministrador de la oficina<\/cite><br \/>\n\t\t\t\t\t\tDinkPickleball es de lejos el mejor proveedor de palas de pickleball con el que hemos trabajado. Visitamos la f\u00e1brica en China y nos quedamos gratamente sorprendidos por la cantidad de coraz\u00f3n que han puesto en todos y cada uno de los productos.<br \/>\n\t\t\t\t\t\t<img decoding=\"async\" src=\"https:\/\/dinkpickleball.com\/wp-content\/uploads\/2022\/06\/picklebase-client-2.jpg\" alt=\"Juan Nadie\"><br \/>\n\t\t\t\t\t\t\t\t<cite>John DoeComprador<\/cite>\t\t\t<\/p>\n<h2>Por qu\u00e9 DinkPickleball<\/h2>\n<h2>Alta calidad<\/h2>\n<p>Material de alta calidad y maquinaria avanzada para productos de primera clase<\/p>\n<h2>Cadena de suministro<\/h2>\n<p>10 a\u00f1os de experiencia para controlar productos de calidad estable con el m\u00e1s alto est\u00e1ndar.<\/p>\n<h2>MOQ bajo<\/h2>\n<p>Como fabricante superior, podemos servir a m\u00e1s clientes aceptando pedidos de MOQ bajo.<\/p>\n<h2>Gran apoyo<\/h2>\n<p>Alta satisfacci\u00f3n con una respuesta r\u00e1pida en 24 horas * 365 d\u00edas. 7 a\u00f1os experimentaron ventas podr\u00edan comunicarse con usted con eficacia.<\/p>\n<h2>OEM \/ODM disponible<\/h2>\n<p>Tanto si desea imprimir su logotipo en el Pickleball y las palas como si desea un dise\u00f1o diferente, podemos ayudarle.<\/p>\n<h2>Entrega r\u00e1pida<\/h2>\n<p>Nuestra fuerte productividad y rica experiencia en ventas podr\u00edan garantizar la r\u00e1pida entrega de su pedido<\/p>\n<h2>Preg\u00fantanos lo que quieras<\/h2>\n<p>\t\t\t\t\t\t\t\t\t\t\t\t<a tabindex=\"0\">\u00bfEs usted fabricante o empresa comercial? <\/a><\/p>\n<p>Somos un fabricante experimentado y profesional ubicado en Dongguan, China, y tenemos nuestra propia empresa comercial.<\/p>\n<p>\t\t\t\t\t\t\t\t\t\t\t\t<a tabindex=\"0\">\u00bfY el precio? \u00bfSe puede abaratar?<\/a><\/p>\n<p>S\u00ed, esperamos tener una cooperaci\u00f3n a largo plazo y una buena relaci\u00f3n comercial con usted. Aconseje por favor su cantidad de la orden y algunos otros requisitos espec\u00edficos, comprobaremos el mejor precio para usted.<\/p>\n<p>\t\t\t\t\t\t\t\t\t\t\t\t<a tabindex=\"0\">Si me gustan sus formas de marco de pala, \u00bfpuedo hacer pedidos OEM\/ODM? <\/a><\/p>\n<p>S\u00ed, tenemos m\u00e1s formas. P\u00f3ngase en contacto con nosotros por correo electr\u00f3nico \/ WhatsApp para obtener m\u00e1s informaci\u00f3n, le responderemos en 24 horas.<\/p>\n<p>\t\t\t\t\t\t\t\t\t\t\t\t<a tabindex=\"0\">\u00bfY el plazo de entrega?<\/a><\/p>\n<p>Normalmente es de 7-15 d\u00edas laborables depende de la cantidad de su pedido y nuestro horario de pedidos.<\/p>\n<p>\t\t\t\t\t\t\t\t\t\t\t\t<a tabindex=\"0\">\u00bfPuedo crear una nueva forma de paleta de pickleball?<\/a><\/p>\n<p>Podemos fabricarlo seg\u00fan sus detalles y requisitos. H\u00e1ganos saber las dimensiones de la paleta acabada que desea.<\/p>\n<p>\t\t\t\t\t\t\t\t\t\t\t\t<a tabindex=\"0\">\u00bfCu\u00e1les son los materiales para la paleta de pickleball que tiene?<\/a><\/p>\n<p>Grafito\/fibra de carbono\/fibra de vidrio para la superficie de la pala, nido de abeja de pol\u00edmero \/ nido de abeja de aramida (Nomex) \/ nido de abeja de aluminio para el n\u00facleo. Son los mejores y m\u00e1s comunes materiales para la producci\u00f3n de paletas. Y la fibra de vidrio + PP nido de abeja es el m\u00e1s vendido.<\/p>\n<p>\t\t\t\t\t\t\t\t\t\t\t\t<a tabindex=\"0\">\u00bfPuedo imprimir mi logotipo\/gr\u00e1fico en la pala, pelota, funda, bolsa o caja de pickleball?<\/a><\/p>\n<p>S\u00ed, ofrecemos servicio de impresi\u00f3n personalizada. Necesitaremos sus documentos del dise\u00f1o\/del logotipo, despu\u00e9s podemos hacer la prueba y la muestra de la preproducci\u00f3n para su aprobaci\u00f3n.<\/p>\n<p>\t\t\t\t\t\t\t\t\t\t\t\t<a tabindex=\"0\">\u00bfY el plazo de entrega?<\/a><\/p>\n<p>A Estados Unidos, por expreso son unos 5-9 d\u00edas laborables, por mar son unos 20-32 d\u00edas laborables. Usted puede elegir el m\u00e9todo de env\u00edo de acuerdo a su horario.<\/p>\n<h2> \u00daltimos blogs<\/h2>\n<h2>La venta al por mayor de palas de pickleball personalizadas puede ser f\u00e1cil y segura<\/h2>\n<p>Usted necesita algo m\u00e1s que un simple pickleball, necesita un proveedor veterano que lleve 10 a\u00f1os en este campo para construir su marca y hacer crecer sus beneficios. Deje que DinkPickleball le ayude a alcanzar el \u00e9xito empresarial.<\/p>\n<p>\t\t\t\t\t<a role=\"button\"><br \/>\n\t\t\t\t\t\t\t\t\tobtener un presupuesto r\u00e1pido<br \/>\n\t\t\t\t\t<\/a><br \/>\n\t\t\t\t\t<a href=\"\/es\/custom-paddles\/\"><br \/>\n\t\t\t\t\t\t\t\t\tEXPLORE LAS PALAS PERSONALIZADAS<br \/>\n\t\t\t\t\t<\/a><\/p>","protected":false},"excerpt":{"rendered":"<p>Pickleball Paddle Manufacturer and Wholesale Over 10 Years of Experience In Custom Pickleball Paddle Design &amp; Manufacturing Request For Quotation Sourcing Pickleball Producsts from DinkPickleball Boost Your Business For OEM\/ODM Want to customize pickleball paddle? DinkPickleball can help develop your product and make it into a real one! We help you avoid the pitfalls to [&hellip;]<\/p>\n","protected":false},"author":1,"featured_media":0,"parent":0,"menu_order":0,"comment_status":"closed","ping_status":"closed","template":"","meta":{"_seopress_robots_primary_cat":"","_seopress_titles_title":"Pickleball Paddle Manufacturer","_seopress_titles_desc":"You need more than just a single pickleball, you need a veteran supplier who has been in this field for 10 years to build your brand and grow your profits.","_seopress_robots_index":"","footnotes":""},"class_list":["post-8","page","type-page","status-publish","hentry"],"meta_box":[],"_links":{"self":[{"href":"https:\/\/dinkpickleball.com\/es\/wp-json\/wp\/v2\/pages\/8","targetHints":{"allow":["GET"]}}],"collection":[{"href":"https:\/\/dinkpickleball.com\/es\/wp-json\/wp\/v2\/pages"}],"about":[{"href":"https:\/\/dinkpickleball.com\/es\/wp-json\/wp\/v2\/types\/page"}],"author":[{"embeddable":true,"href":"https:\/\/dinkpickleball.com\/es\/wp-json\/wp\/v2\/users\/1"}],"replies":[{"embeddable":true,"href":"https:\/\/dinkpickleball.com\/es\/wp-json\/wp\/v2\/comments?post=8"}],"version-history":[{"count":101,"href":"https:\/\/dinkpickleball.com\/es\/wp-json\/wp\/v2\/pages\/8\/revisions"}],"predecessor-version":[{"id":16241,"href":"https:\/\/dinkpickleball.com\/es\/wp-json\/wp\/v2\/pages\/8\/revisions\/16241"}],"wp:attachment":[{"href":"https:\/\/dinkpickleball.com\/es\/wp-json\/wp\/v2\/media?parent=8"}],"curies":[{"name":"wp","href":"https:\/\/api.w.org\/{rel}","templated":true}]}}