{"id":15891,"date":"2024-06-14T17:19:35","date_gmt":"2024-06-14T09:19:35","guid":{"rendered":"https:\/\/dinkpickleball.com\/?page_id=15891"},"modified":"2025-01-13T21:58:00","modified_gmt":"2025-01-13T13:58:00","slug":"pickleball-bag","status":"publish","type":"page","link":"https:\/\/dinkpickleball.com\/es\/pickleball-bag\/","title":{"rendered":"Bolsa Pickleball"},"content":{"rendered":"<h1>Bolsa Pickleball personalizada<\/h1>\n<p>Nuestras bolsas de pickleball personalizadas son perfectas para minoristas, distribuidores y marcas que buscan ofrecer productos \u00fanicos a sus clientes. Trabajamos estrechamente con usted para garantizar que se cumplan sus especificaciones de marca y dise\u00f1o, creando un producto que destaque en el mercado.<\/p>\n<p>\t\t\t<a role=\"button\"><br \/>\n\t\t\t\t\t\t\t\t\tPresupuesto r\u00e1pido<br \/>\n\t\t\t\t\t<\/a><br \/>\n\t\t\t\t\t\t\t\t\t\t\t\t\t<img loading=\"lazy\" decoding=\"async\" width=\"1024\" height=\"1024\" src=\"https:\/\/dinkpickleball.com\/wp-content\/uploads\/2024\/06\/pickleball-bag.png\" alt=\"bolsa de pickleball\" srcset=\"https:\/\/dinkpickleball.com\/wp-content\/uploads\/2024\/06\/pickleball-bag.png 1024w, https:\/\/dinkpickleball.com\/wp-content\/uploads\/2024\/06\/pickleball-bag-300x300.png 300w, https:\/\/dinkpickleball.com\/wp-content\/uploads\/2024\/06\/pickleball-bag-150x150.png 150w, https:\/\/dinkpickleball.com\/wp-content\/uploads\/2024\/06\/pickleball-bag-768x768.png 768w\" sizes=\"auto, (max-width: 1024px) 100vw, 1024px\" \/>\t\t\t\t\t\t\t\t\t\t\t\t\t<\/p>\n<h2>A la medida de su marca<\/h2>\n<p>Nuestra <strong>bolsas de pickleball personalizadas<\/strong> pueden personalizarse para que incluyan el logotipo, los colores y los dise\u00f1os exclusivos de su marca, ayud\u00e1ndole a crear una l\u00ednea de productos distintiva que resuene en su mercado objetivo. Esta personalizaci\u00f3n no solo mejora el reconocimiento de la marca, sino que tambi\u00e9n a\u00f1ade valor a su oferta.<\/p>\n<figure class='gallery-item'>\n\t\t\t\t<a  href='https:\/\/dinkpickleball.com\/wp-content\/uploads\/2024\/06\/pickleball-backpack.jpeg'><img loading=\"lazy\" width=\"800\" height=\"800\" src=\"https:\/\/dinkpickleball.com\/wp-content\/uploads\/2024\/06\/pickleball-backpack.jpeg\" alt=\"mochila de pickleball\" decoding=\"async\" srcset=\"https:\/\/dinkpickleball.com\/wp-content\/uploads\/2024\/06\/pickleball-backpack.jpeg 800w, https:\/\/dinkpickleball.com\/wp-content\/uploads\/2024\/06\/pickleball-backpack-300x300.jpeg 300w, https:\/\/dinkpickleball.com\/wp-content\/uploads\/2024\/06\/pickleball-backpack-150x150.jpeg 150w, https:\/\/dinkpickleball.com\/wp-content\/uploads\/2024\/06\/pickleball-backpack-768x768.jpeg 768w\" sizes=\"auto, (max-width: 800px) 100vw, 800px\" \/><\/a><br \/>\n\t\t\t<\/figure>\n<figure class='gallery-item'>\n\t\t\t\t<a  href='https:\/\/dinkpickleball.com\/wp-content\/uploads\/2024\/06\/pickleball-bag-manufacturer.jpeg'><img loading=\"lazy\" width=\"720\" height=\"720\" src=\"https:\/\/dinkpickleball.com\/wp-content\/uploads\/2024\/06\/pickleball-bag-manufacturer.jpeg\" alt=\"fabricante de bolsas de pickleball\" decoding=\"async\" srcset=\"https:\/\/dinkpickleball.com\/wp-content\/uploads\/2024\/06\/pickleball-bag-manufacturer.jpeg 720w, https:\/\/dinkpickleball.com\/wp-content\/uploads\/2024\/06\/pickleball-bag-manufacturer-300x300.jpeg 300w, https:\/\/dinkpickleball.com\/wp-content\/uploads\/2024\/06\/pickleball-bag-manufacturer-150x150.jpeg 150w\" sizes=\"auto, (max-width: 720px) 100vw, 720px\" \/><\/a><br \/>\n\t\t\t<\/figure>\n<figure class='gallery-item'>\n\t\t\t\t<a  href='https:\/\/dinkpickleball.com\/wp-content\/uploads\/2024\/06\/pickleball-bag-wholesale.jpeg'><img loading=\"lazy\" width=\"720\" height=\"720\" src=\"https:\/\/dinkpickleball.com\/wp-content\/uploads\/2024\/06\/pickleball-bag-wholesale.jpeg\" alt=\"bolsa de pickleball al por mayor\" decoding=\"async\" srcset=\"https:\/\/dinkpickleball.com\/wp-content\/uploads\/2024\/06\/pickleball-bag-wholesale.jpeg 720w, https:\/\/dinkpickleball.com\/wp-content\/uploads\/2024\/06\/pickleball-bag-wholesale-300x300.jpeg 300w, https:\/\/dinkpickleball.com\/wp-content\/uploads\/2024\/06\/pickleball-bag-wholesale-150x150.jpeg 150w\" sizes=\"auto, (max-width: 720px) 100vw, 720px\" \/><\/a><br \/>\n\t\t\t<\/figure>\n<figure class='gallery-item'>\n\t\t\t\t<a  href='https:\/\/dinkpickleball.com\/wp-content\/uploads\/2024\/06\/pickleball-paddle-bag.jpeg'><img loading=\"lazy\" width=\"800\" height=\"800\" src=\"https:\/\/dinkpickleball.com\/wp-content\/uploads\/2024\/06\/pickleball-paddle-bag.jpeg\" alt=\"bolsa de p\u00e1del pickleball\" decoding=\"async\" srcset=\"https:\/\/dinkpickleball.com\/wp-content\/uploads\/2024\/06\/pickleball-paddle-bag.jpeg 800w, https:\/\/dinkpickleball.com\/wp-content\/uploads\/2024\/06\/pickleball-paddle-bag-300x300.jpeg 300w, https:\/\/dinkpickleball.com\/wp-content\/uploads\/2024\/06\/pickleball-paddle-bag-150x150.jpeg 150w, https:\/\/dinkpickleball.com\/wp-content\/uploads\/2024\/06\/pickleball-paddle-bag-768x768.jpeg 768w\" sizes=\"auto, (max-width: 800px) 100vw, 800px\" \/><\/a><br \/>\n\t\t\t<\/figure>\n<figure class='gallery-item'>\n\t\t\t\t<a  href='https:\/\/dinkpickleball.com\/wp-content\/uploads\/2024\/06\/pickleball-bag-factory.jpg'><img loading=\"lazy\" width=\"1000\" height=\"1000\" src=\"https:\/\/dinkpickleball.com\/wp-content\/uploads\/2024\/06\/pickleball-bag-factory.jpg\" alt=\"f\u00e1brica de bolsas de pickleball\" decoding=\"async\" srcset=\"https:\/\/dinkpickleball.com\/wp-content\/uploads\/2024\/06\/pickleball-bag-factory.jpg 1000w, https:\/\/dinkpickleball.com\/wp-content\/uploads\/2024\/06\/pickleball-bag-factory-300x300.jpg 300w, https:\/\/dinkpickleball.com\/wp-content\/uploads\/2024\/06\/pickleball-bag-factory-150x150.jpg 150w, https:\/\/dinkpickleball.com\/wp-content\/uploads\/2024\/06\/pickleball-bag-factory-768x768.jpg 768w\" sizes=\"auto, (max-width: 1000px) 100vw, 1000px\" \/><\/a><br \/>\n\t\t\t<\/figure>\n<figure class='gallery-item'>\n\t\t\t\t<a  href='https:\/\/dinkpickleball.com\/wp-content\/uploads\/2024\/06\/custom-pickleball-bag.png'><img loading=\"lazy\" width=\"753\" height=\"735\" src=\"https:\/\/dinkpickleball.com\/wp-content\/uploads\/2024\/06\/custom-pickleball-bag.png\" alt=\"bolsa personalizada para pickleball\" decoding=\"async\" srcset=\"https:\/\/dinkpickleball.com\/wp-content\/uploads\/2024\/06\/custom-pickleball-bag.png 753w, https:\/\/dinkpickleball.com\/wp-content\/uploads\/2024\/06\/custom-pickleball-bag-300x293.png 300w\" sizes=\"auto, (max-width: 753px) 100vw, 753px\" \/><\/a><br \/>\n\t\t\t<\/figure>\n<h2>Personalice a la perfecci\u00f3n<\/h2>\n<p><strong>Eleve su marca con las bolsas de pickleball personalizadas de DinkPickleball<\/strong><\/p>\n<h2> Precios al por mayor competitivos<\/h2>\n<p>Nuestro modelo de precios al por mayor est\u00e1 dise\u00f1ado para proporcionar un importante ahorro de costes a los clientes B2B. Al asociarse con DinkPickleball, usted se beneficia de nuestros precios competitivos, que le permiten maximizar los m\u00e1rgenes de beneficio al tiempo que ofrece productos de alta calidad a sus clientes.<\/p>\n<h2>Amplias opciones de personalizaci\u00f3n<\/h2>\n<p>DinkPickleball ofrece una amplia gama de opciones de personalizaci\u00f3n para adaptarse a sus necesidades espec\u00edficas. Tanto si necesita diferentes tama\u00f1os, compartimentos adicionales o caracter\u00edsticas especiales como bolsillos aislados, nuestra <strong data-immersive-translate-walked=\"32ff1652-6224-42eb-a6e8-49b3a088daa7\">bolsas personalizadas<\/strong> puede adaptarse totalmente a las exigencias de su mercado.\u00a0<\/p>\n<h2>Trayectoria probada y alcance mundial<\/h2>\n<p>Somos un socio de confianza para empresas de Estados Unidos, Canad\u00e1, Australia y otros pa\u00edses. Nuestra experiencia y conocimientos en fabricaci\u00f3n<strong data-immersive-translate-walked=\"32ff1652-6224-42eb-a6e8-49b3a088daa7\">\u00a0bolsas de pickleball<\/strong> nos convierten en la opci\u00f3n ideal para quienes desean ampliar su oferta de productos y llegar a nuevos mercados.<\/p>\n<h2>Centrados en marcas y distribuidores<\/h2>\n<p>Estamos especializados en prestar servicios a marcas y distribuidores, comprendiendo sus retos y requisitos \u00fanicos. Nuestra <strong data-immersive-translate-walked=\"32ff1652-6224-42eb-a6e8-49b3a088daa7\">bolsas<\/strong> est\u00e1n dise\u00f1ados para cumplir las normas m\u00e1s exigentes, garantizando que su producto destaque.<\/p>\n<h2>Producci\u00f3n eficiente y entrega r\u00e1pida<\/h2>\n<p>Nuestros eficientes procesos de fabricaci\u00f3n garantizan que podamos gestionar grandes pedidos con plazos de entrega r\u00e1pidos. Al elegir DinkPickleball, usted puede confiar en la entrega oportuna de su<strong data-immersive-translate-walked=\"32ff1652-6224-42eb-a6e8-49b3a088daa7\"> bolsas para palas de pickleball<\/strong>.<\/p>\n<h2>Apoyo y colaboraci\u00f3n integrales<\/h2>\n<p>Desde la consulta inicial hasta la entrega final, le ofrecemos un apoyo integral para garantizar su satisfacci\u00f3n. Nuestro equipo se dedica a colaborar estrechamente con usted para crear el producto perfecto. <strong data-immersive-translate-walked=\"32ff1652-6224-42eb-a6e8-49b3a088daa7\">bolsa personalizada para pickleball<\/strong> para su empresa.<\/p>\n<figure><img decoding=\"async\" src=\"https:\/\/dinkpickleball.com\/wp-content\/uploads\/2024\/06\/onix.png\" alt=\"onix.png\" \/><\/figure>\n<figure><img decoding=\"async\" src=\"https:\/\/dinkpickleball.com\/wp-content\/uploads\/2024\/06\/Diadem-logo.png\" alt=\"logo diadema.png\" \/><\/figure>\n<figure><img decoding=\"async\" src=\"https:\/\/dinkpickleball.com\/wp-content\/uploads\/2024\/06\/Gamma.png\" alt=\"gamma.png\" \/><\/figure>\n<figure><img decoding=\"async\" src=\"https:\/\/dinkpickleball.com\/wp-content\/uploads\/2024\/06\/Paddletek.png\" alt=\"paddletek.png\" \/><\/figure>\n<figure><img decoding=\"async\" src=\"https:\/\/dinkpickleball.com\/wp-content\/uploads\/2024\/06\/RECESS-logo.png\" alt=\"recess logo.png\" \/><\/figure>\n<figure><img decoding=\"async\" src=\"https:\/\/dinkpickleball.com\/wp-content\/uploads\/2024\/06\/CRBN-logo.png\" alt=\"crbn logo.png\" \/><\/figure>\n<figure><img decoding=\"async\" src=\"https:\/\/dinkpickleball.com\/wp-content\/uploads\/2024\/06\/STIGA-logo.png\" alt=\"stiga logo.png\" \/><\/figure>\n<figure><img decoding=\"async\" src=\"https:\/\/dinkpickleball.com\/wp-content\/uploads\/2024\/06\/tangerine.png\" alt=\"mandarina.png\" \/><\/figure>\n<figure><img decoding=\"async\" src=\"https:\/\/dinkpickleball.com\/wp-content\/uploads\/2024\/06\/pickleball-apes.png\" alt=\"pickleball monos.png\" \/><\/figure>\n<figure><img decoding=\"async\" src=\"https:\/\/dinkpickleball.com\/wp-content\/uploads\/2024\/06\/6.0.png\" alt=\"6.0.png\" \/><\/figure>\n<figure><img decoding=\"async\" src=\"https:\/\/dinkpickleball.com\/wp-content\/uploads\/2024\/06\/Holbrook.png\" alt=\"holbrook.png\" \/><\/figure>\n<figure><img decoding=\"async\" src=\"https:\/\/dinkpickleball.com\/wp-content\/uploads\/2024\/06\/niupipo.png\" alt=\"niupipo.png\" \/><\/figure>\n<h2>Creado para la identidad \u00fanica de su marca<\/h2>\n<p><strong>Destaca con bolsas de pickleball personalizadas<\/strong><\/p>\n<p>\t\t\t\t\t\t\t\t\t\t\t\t\t<img decoding=\"async\" src=\"https:\/\/dinkpickleball.com\/wp-content\/uploads\/2024\/06\/Proven-Track-Record.jpg\" title=\"Historial probado.jpg\" alt=\"historial probado.jpg\" loading=\"lazy\" \/>\t\t\t\t\t\t\t\t\t\t\t\t\t<\/p>\n<h3>Dise\u00f1os totalmente personalizables<\/h3>\n<p>Nuestra <strong data-immersive-translate-walked=\"e655e911-21e6-482c-aeca-edb3e4a1e534\">bolsas de pickleball personalizadas<\/strong> ofrecen amplias opciones de personalizaci\u00f3n, lo que permite a minoristas y marcas crear dise\u00f1os \u00fanicos y llamativos. Desde la combinaci\u00f3n de colores hasta la colocaci\u00f3n del logotipo, cada detalle puede adaptarse a la identidad de su marca, para que sus productos destaquen en el mercado.<\/p>\n<p>\t\t\t<a role=\"button\"><br \/>\n\t\t\t\t\t\t\t\t\tPresupuesto inmediato<br \/>\n\t\t\t\t\t<\/a><br \/>\n\t\t\t\t\t\t\t\t\t\t\t\t\t<img decoding=\"async\" src=\"https:\/\/dinkpickleball.com\/wp-content\/uploads\/2024\/06\/Premium-Quality-Products.jpg\" title=\"Productos de primera calidad.jpg\" alt=\"productos de primera calidad.jpg\" loading=\"lazy\" \/>\t\t\t\t\t\t\t\t\t\t\t\t\t<\/p>\n<h3>Materiales de primera calidad y durabilidad<\/h3>\n<p>Utilizamos materiales duraderos y de alta calidad para fabricar nuestros <strong data-immersive-translate-walked=\"e655e911-21e6-482c-aeca-edb3e4a1e534\">bolsas de pickleball personalizadas<\/strong>. Esto garantiza que las bolsas no s\u00f3lo sean elegantes, sino tambi\u00e9n robustas y duraderas, capaces de soportar los rigores del uso diario dentro y fuera de la pista.<\/p>\n<p>\t\t\t<a role=\"button\"><br \/>\n\t\t\t\t\t\t\t\t\tPresupuesto inmediato<br \/>\n\t\t\t\t\t<\/a><br \/>\n\t\t\t\t\t\t\t\t\t\t\t\t\t<img decoding=\"async\" src=\"https:\/\/dinkpickleball.com\/wp-content\/uploads\/2024\/06\/Adaptability-and-Responsiveness-to-Market.jpeg\" title=\"Adaptabilidad y receptividad al mercado.jpeg\" alt=\"adaptabilidad y capacidad de respuesta al mercado.jpeg\" loading=\"lazy\" \/>\t\t\t\t\t\t\t\t\t\t\t\t\t<\/p>\n<h3>Opciones ecol\u00f3gicas<\/h3>\n<p>Nuestra <strong data-immersive-translate-walked=\"e655e911-21e6-482c-aeca-edb3e4a1e534\">bolsas de pickleball personalizadas<\/strong> se han dise\u00f1ado pensando en el usuario final. Caracter\u00edsticas como m\u00faltiples compartimentos, correas ergon\u00f3micas y cremalleras duraderas garantizan la m\u00e1xima funcionalidad y comodidad para los jugadores, mejorando su experiencia global.<\/p>\n<p>\t\t\t<a role=\"button\"><br \/>\n\t\t\t\t\t\t\t\t\tPresupuesto inmediato<br \/>\n\t\t\t\t\t<\/a><br \/>\n\t\t\t\t\t\t\t\t\t\t\t\t\t<img decoding=\"async\" src=\"https:\/\/dinkpickleball.com\/wp-content\/uploads\/2024\/06\/Collaborative-Approach-.jpeg\" title=\"Enfoque colaborativo-.jpeg\" alt=\"enfoque colaborativo .jpeg\" loading=\"lazy\" \/>\t\t\t\t\t\t\t\t\t\t\t\t\t<\/p>\n<h3>Funcionalidad y dise\u00f1o mejorados<\/h3>\n<p>Nuestra <strong data-immersive-translate-walked=\"e655e911-21e6-482c-aeca-edb3e4a1e534\">bolsas de pickleball personalizadas<\/strong> se han dise\u00f1ado pensando en el usuario final. Caracter\u00edsticas como m\u00faltiples compartimentos, correas ergon\u00f3micas y cremalleras duraderas garantizan la m\u00e1xima funcionalidad y comodidad para los jugadores, mejorando su experiencia global.<\/p>\n<p>\t\t\t<a role=\"button\"><br \/>\n\t\t\t\t\t\t\t\t\tPresupuesto inmediato<br \/>\n\t\t\t\t\t<\/a><\/p>","protected":false},"excerpt":{"rendered":"<p>Custom Pickleball Bag Our custom pickleball bags are perfect for retailers, distributors, and brands looking to offer unique products to their customers. We work closely with you to ensure your branding and design specifications are met, creating a product that stands out in the market. Get Quick Quote Tailored for Your Brand Our custom pickleball [&hellip;]<\/p>\n","protected":false},"author":1,"featured_media":0,"parent":0,"menu_order":0,"comment_status":"closed","ping_status":"closed","template":"","meta":{"_seopress_robots_primary_cat":"","_seopress_titles_title":"","_seopress_titles_desc":"","_seopress_robots_index":"","footnotes":""},"class_list":["post-15891","page","type-page","status-publish","hentry"],"meta_box":[],"_links":{"self":[{"href":"https:\/\/dinkpickleball.com\/es\/wp-json\/wp\/v2\/pages\/15891","targetHints":{"allow":["GET"]}}],"collection":[{"href":"https:\/\/dinkpickleball.com\/es\/wp-json\/wp\/v2\/pages"}],"about":[{"href":"https:\/\/dinkpickleball.com\/es\/wp-json\/wp\/v2\/types\/page"}],"author":[{"embeddable":true,"href":"https:\/\/dinkpickleball.com\/es\/wp-json\/wp\/v2\/users\/1"}],"replies":[{"embeddable":true,"href":"https:\/\/dinkpickleball.com\/es\/wp-json\/wp\/v2\/comments?post=15891"}],"version-history":[{"count":31,"href":"https:\/\/dinkpickleball.com\/es\/wp-json\/wp\/v2\/pages\/15891\/revisions"}],"predecessor-version":[{"id":16291,"href":"https:\/\/dinkpickleball.com\/es\/wp-json\/wp\/v2\/pages\/15891\/revisions\/16291"}],"wp:attachment":[{"href":"https:\/\/dinkpickleball.com\/es\/wp-json\/wp\/v2\/media?parent=15891"}],"curies":[{"name":"wp","href":"https:\/\/api.w.org\/{rel}","templated":true}]}}