{"id":15833,"date":"2024-04-30T15:57:11","date_gmt":"2024-04-30T07:57:11","guid":{"rendered":"https:\/\/dinkpickleball.com\/?page_id=15833"},"modified":"2025-01-13T21:58:53","modified_gmt":"2025-01-13T13:58:53","slug":"gen-3-pickleball-paddle","status":"publish","type":"page","link":"https:\/\/dinkpickleball.com\/es\/gen-3-pickleball-paddle\/","title":{"rendered":"Pala de Pickleball Gen 3"},"content":{"rendered":"<h2>Gen 3 Pickleball Padel Fabricante<\/h2>\n<h3>Desde el n\u00facleo hasta la superficie: cada detalle de nuestra pala Gen 3 impulsa su negocio.<\/h3>\n<p>\t\t\t<a role=\"button\"><br \/>\n\t\t\t\t\t\t\t\t\tSolicitud de presupuesto<br \/>\n\t\t\t\t\t<\/a><br \/>\n\t\t\t\t\t\t\t\t\t\t\t\t\t<img loading=\"lazy\" decoding=\"async\" width=\"527\" height=\"527\" src=\"https:\/\/dinkpickleball.com\/wp-content\/uploads\/2024\/04\/Gen-3-Pickleball-Paddles-factory.png\" alt=\"gen 3 f\u00e1brica de palas de pickleball\" srcset=\"https:\/\/dinkpickleball.com\/wp-content\/uploads\/2024\/04\/Gen-3-Pickleball-Paddles-factory.png 527w, https:\/\/dinkpickleball.com\/wp-content\/uploads\/2024\/04\/Gen-3-Pickleball-Paddles-factory-300x300.png 300w, https:\/\/dinkpickleball.com\/wp-content\/uploads\/2024\/04\/Gen-3-Pickleball-Paddles-factory-150x150.png 150w\" sizes=\"auto, (max-width: 527px) 100vw, 527px\" \/>\t\t\t\t\t\t\t\t\t\t\t\t\t<\/p>\n<h2>Cadena de suministro racionalizada<\/h2>\n<p>DinkPickleball ofrece acceso directo a nuestra l\u00ednea de producci\u00f3n, eliminando intermediarios y reduciendo los retrasos. Esta cadena de suministro racionalizada garantiza tiempos de respuesta m\u00e1s r\u00e1pidos desde el pedido hasta la entrega, lo que le permite mantenerse al d\u00eda con las demandas del mercado sin un inventario excesivo.<\/p>\n<p>\t\t\t<a role=\"button\"><br \/>\n\t\t\t\t\t\t\t\t\tSolicitud de presupuesto<br \/>\n\t\t\t\t\t<\/a><\/p>\n<h2>Capacidades de personalizaci\u00f3n<\/h2>\n<p>Entendemos la importancia de la diferenciaci\u00f3n de la marca, por lo que ofrecemos opciones de personalizaci\u00f3n para la Gen 3 Pickleball Paddle. Ya se trate de colores personalizados, marcas o ajustes de dise\u00f1o \u00fanicos, nuestras capacidades le permiten ofrecer un producto que destaque en el mercado.<\/p>\n<p>\t\t\t<a role=\"button\"><br \/>\n\t\t\t\t\t\t\t\t\tSolicitud de presupuesto<br \/>\n\t\t\t\t\t<\/a><\/p>\n<h2>Estructura de precios competitiva<\/h2>\n<p>DinkPickleball opera con una estructura de costes eficiente, lo que nos permite trasladar los ahorros a nuestros clientes B2B. Nuestros precios competitivos para mayoristas y distribuidores le permiten disfrutar de m\u00e1rgenes m\u00e1s altos al tiempo que ofrece productos de calidad a sus clientes.<\/p>\n<p>\t\t\t<a role=\"button\"><br \/>\n\t\t\t\t\t\t\t\t\tSolicitud de presupuesto<br \/>\n\t\t\t\t\t<\/a><\/p>\n<figure><img decoding=\"async\" src=\"https:\/\/dinkpickleball.com\/wp-content\/uploads\/2022\/06\/onix.png\" alt=\"onix\" \/><\/figure>\n<figure><img decoding=\"async\" src=\"https:\/\/dinkpickleball.com\/wp-content\/uploads\/2022\/06\/Diadem-logo.png\" alt=\"Logotipo de la diadema\" \/><\/figure>\n<figure><img decoding=\"async\" src=\"https:\/\/dinkpickleball.com\/wp-content\/uploads\/2022\/06\/Gamma.png\" alt=\"Gamma\" \/><\/figure>\n<figure><img decoding=\"async\" src=\"https:\/\/dinkpickleball.com\/wp-content\/uploads\/2023\/04\/CRBN-logo.png\" alt=\"Logotipo de CRBN\" \/><\/figure>\n<figure><img decoding=\"async\" src=\"https:\/\/dinkpickleball.com\/wp-content\/uploads\/2023\/04\/RECESS-logo.png\" alt=\"Logotipo de RECESS\" \/><\/figure>\n<figure><img decoding=\"async\" src=\"https:\/\/dinkpickleball.com\/wp-content\/uploads\/2023\/04\/STIGA-logo.png\" alt=\"Logotipo de STIGA\" \/><\/figure>\n<figure><img decoding=\"async\" src=\"https:\/\/dinkpickleball.com\/wp-content\/uploads\/2022\/06\/Paddletek.png\" alt=\"Paddletek\" \/><\/figure>\n<figure><img decoding=\"async\" src=\"https:\/\/dinkpickleball.com\/wp-content\/uploads\/2024\/01\/tangerine.png\" alt=\"mandarina\" \/><\/figure>\n<figure><img decoding=\"async\" src=\"https:\/\/dinkpickleball.com\/wp-content\/uploads\/2024\/01\/pickleball-apes.png\" alt=\"monos de pickleball\" \/><\/figure>\n<figure><img decoding=\"async\" src=\"https:\/\/dinkpickleball.com\/wp-content\/uploads\/2024\/01\/Holbrook.png\" alt=\"holbrook\" \/><\/figure>\n<figure><img decoding=\"async\" src=\"https:\/\/dinkpickleball.com\/wp-content\/uploads\/2024\/01\/6.0.png\" alt=\"6.0\" \/><\/figure>\n<figure><img decoding=\"async\" src=\"https:\/\/dinkpickleball.com\/wp-content\/uploads\/2022\/06\/niupipo.png\" alt=\"niupipo\" \/><\/figure>\n<h2>Impulse las ventas con un rendimiento inigualable <\/h2>\n<p>DinkPickleball est\u00e1 comprometido con la investigaci\u00f3n y el desarrollo continuos, buscando constantemente innovar y mejorar nuestros productos. Al elegirnos, tendr\u00e1 acceso a los \u00faltimos avances en tecnolog\u00eda de pickleball, manteniendo su oferta de productos fresca y emocionante.<\/p>\n<p>\t\t\t\t\t\t\t\t\t\t\t\t\t<img decoding=\"async\" src=\"https:\/\/dinkpickleball.com\/wp-content\/uploads\/2024\/04\/Gen-3-Pickleball-Paddle-wholesale.png\" title=\"Gen 3 Paleta de Pickleball al por mayor\" alt=\"mayorista de palas de pickleball gen 3\" loading=\"lazy\" \/>\t\t\t\t\t\t\t\t\t\t\t\t\t<\/p>\n<h3>Tecnolog\u00eda b\u00e1sica de propulsi\u00f3n de nueva generaci\u00f3n<\/h3>\n<p>La Gen 3 Pickleball Paddle cuenta con nuestro n\u00facleo de propulsi\u00f3n patentado, dise\u00f1ado para una potencia explosiva en drives agresivos, contragolpes y speed-ups, manteniendo un control refinado para jugadas suaves como dinks, drops y resets. Esta mezcla de potencia y precisi\u00f3n satisface tanto a los jugadores de competici\u00f3n como a los ocasionales.<\/p>\n<p>\t\t\t<a role=\"button\"><br \/>\n\t\t\t\t\t\t\t\t\tPresupuesto inmediato<br \/>\n\t\t\t\t\t<\/a><br \/>\n\t\t\t\t\t\t\t\t\t\t\t\t\t<img decoding=\"async\" src=\"https:\/\/dinkpickleball.com\/wp-content\/uploads\/2024\/04\/New-Pickleball-Paddles.png\" title=\"Nuevas palas de Pickleball\" alt=\"nuevas palas de pickleball\" loading=\"lazy\" \/>\t\t\t\t\t\t\t\t\t\t\t\t\t<\/p>\n<h3>Amortiguaci\u00f3n avanzada de las vibraciones<\/h3>\n<p>La integraci\u00f3n de espuma amortiguadora de vibraciones en el n\u00facleo de nido de abeja reduce el choque del impacto, proporcionando una sensaci\u00f3n m\u00e1s suave al contacto con la pelota. Esta caracter\u00edstica es especialmente beneficiosa para los jugadores que buscan reducir la tensi\u00f3n en las articulaciones durante el juego.<\/p>\n<p>\t\t\t<a role=\"button\"><br \/>\n\t\t\t\t\t\t\t\t\tPresupuesto inmediato<br \/>\n\t\t\t\t\t<\/a><br \/>\n\t\t\t\t\t\t\t\t\t\t\t\t\t<img decoding=\"async\" src=\"https:\/\/dinkpickleball.com\/wp-content\/uploads\/2024\/04\/Gen-3-Pickleball-Paddles-Manufacturer.png\" title=\"Gen 3 Palas Pickleball Fabricantes\" alt=\"fabricante de palas de pickleball gen 3\" loading=\"lazy\" \/>\t\t\t\t\t\t\t\t\t\t\t\t\t<\/p>\n<h3>Protector de cantos<\/h3>\n<p>Un robusto protector de bordes no s\u00f3lo solidifica la estructura de la pala, sino que tambi\u00e9n evita la delaminaci\u00f3n de la superficie. Esta durabilidad la convierte en una opci\u00f3n ideal para los minoristas que buscan ofertas de palas duraderas.<\/p>\n<p>\t\t\t<a role=\"button\"><br \/>\n\t\t\t\t\t\t\t\t\tPresupuesto inmediato<br \/>\n\t\t\t\t\t<\/a><br \/>\n\t\t\t\t\t\t\t\t\t\t\t\t\t<img decoding=\"async\" src=\"https:\/\/dinkpickleball.com\/wp-content\/uploads\/2024\/04\/Gen-3-Pickleball-Paddles-factory-1.png\" title=\"F\u00e1brica de palas de Pickleball Gen 3\" alt=\"gen 3 f\u00e1brica de palas de pickleball\" loading=\"lazy\" \/>\t\t\t\t\t\t\t\t\t\t\t\t\t<\/p>\n<h3>Superficie de fricci\u00f3n de carbono<\/h3>\n<p>La pala cuenta con una superficie de fricci\u00f3n de carbono que proporciona un agarre texturizado de la pelota, proporcionando una mayor capacidad de efecto y un mejor control de la trayectoria de la pelota, lo que atrae a los jugadores avanzados que buscan mejorar su juego.<\/p>\n<p>\t\t\t<a role=\"button\"><br \/>\n\t\t\t\t\t\t\t\t\tPresupuesto inmediato<br \/>\n\t\t\t\t\t<\/a><br \/>\n\t\t\t\t\t\t\t\t\t\t\t\t\t<img decoding=\"async\" src=\"https:\/\/dinkpickleball.com\/wp-content\/uploads\/2024\/04\/Gen-3-Pickleball-Paddle-bulk.png\" title=\"Gen 3 Paleta de Pickleball a granel\" alt=\"gen 3 paleta de pickleball a granel\" loading=\"lazy\" \/>\t\t\t\t\t\t\t\t\t\t\t\t\t<\/p>\n<h3>Construcci\u00f3n innovadora y durabilidad<\/h3>\n<p>Construida con un material tejido blanco bajo el carbono en bruto y una secci\u00f3n transversal de 14 mm para una mayor durabilidad y longevidad del rendimiento. El n\u00facleo de polipropileno est\u00e1 soportado por un sistema de suspensi\u00f3n de espuma blanca, dise\u00f1ado para soportar el juego riguroso manteniendo la integridad estructural de la pala.<\/p>\n<p>\t\t\t<a role=\"button\"><br \/>\n\t\t\t\t\t\t\t\t\tPresupuesto inmediato<br \/>\n\t\t\t\t\t<\/a><br \/>\n\t\t\t\t\t\t\t\t\t\t\t\t\t<img decoding=\"async\" src=\"https:\/\/dinkpickleball.com\/wp-content\/uploads\/2024\/04\/Gen-3-Pickleball-Paddle-in-bulk.png\" title=\"Pala de Pickleball Gen 3 a granel\" alt=\"pala de pickleball gen 3 a granel\" loading=\"lazy\" \/>\t\t\t\t\t\t\t\t\t\t\t\t\t<\/p>\n<h3>Pared con bordes de espuma para mayor estabilidad<\/h3>\n<p>La pared del borde de espuma inyectada alrededor del per\u00edmetro de la pala a\u00f1ade el peso y la estabilidad necesarios, lo que aumenta significativamente el punto dulce y garantiza un rendimiento constante en toda la cara de la pala.<\/p>\n<p>\t\t\t<a role=\"button\"><br \/>\n\t\t\t\t\t\t\t\t\tPresupuesto inmediato<br \/>\n\t\t\t\t\t<\/a><\/p>\n<h2>Fabricante de palas de Pickleball a medida<\/h2>\n<p>Nuestro equipo de atenci\u00f3n al cliente est\u00e1 formado para ayudar a los clientes B2B con cualquier problema que surja, desde log\u00edstica hasta consultas sobre productos. Este servicio receptivo garantiza que siempre pueda confiar en nosotros para ayudarle a mantener su reputaci\u00f3n de calidad y fiabilidad.<\/p>","protected":false},"excerpt":{"rendered":"<p>Gen 3 Pickleball Paddle Manufacturer From Core to Surface \u2013 Every Detail of Our Gen 3 Paddle Boosts Your Business. Request For Quotation Streamlined Supply Chain DinkPickleball offers direct access to our production line, eliminating intermediaries and reducing delays. This streamlined supply chain ensures quicker turnaround times from order to delivery, allowing you to keep [&hellip;]<\/p>\n","protected":false},"author":1,"featured_media":0,"parent":0,"menu_order":0,"comment_status":"closed","ping_status":"closed","template":"","meta":{"_seopress_robots_primary_cat":"","_seopress_titles_title":"","_seopress_titles_desc":"","_seopress_robots_index":"","footnotes":""},"class_list":["post-15833","page","type-page","status-publish","hentry"],"meta_box":[],"_links":{"self":[{"href":"https:\/\/dinkpickleball.com\/es\/wp-json\/wp\/v2\/pages\/15833","targetHints":{"allow":["GET"]}}],"collection":[{"href":"https:\/\/dinkpickleball.com\/es\/wp-json\/wp\/v2\/pages"}],"about":[{"href":"https:\/\/dinkpickleball.com\/es\/wp-json\/wp\/v2\/types\/page"}],"author":[{"embeddable":true,"href":"https:\/\/dinkpickleball.com\/es\/wp-json\/wp\/v2\/users\/1"}],"replies":[{"embeddable":true,"href":"https:\/\/dinkpickleball.com\/es\/wp-json\/wp\/v2\/comments?post=15833"}],"version-history":[{"count":34,"href":"https:\/\/dinkpickleball.com\/es\/wp-json\/wp\/v2\/pages\/15833\/revisions"}],"predecessor-version":[{"id":16265,"href":"https:\/\/dinkpickleball.com\/es\/wp-json\/wp\/v2\/pages\/15833\/revisions\/16265"}],"wp:attachment":[{"href":"https:\/\/dinkpickleball.com\/es\/wp-json\/wp\/v2\/media?parent=15833"}],"curies":[{"name":"wp","href":"https:\/\/api.w.org\/{rel}","templated":true}]}}