{"id":15652,"date":"2024-01-28T09:44:52","date_gmt":"2024-01-28T01:44:52","guid":{"rendered":"https:\/\/dinkpickleball.com\/?page_id=15652"},"modified":"2025-01-13T21:59:32","modified_gmt":"2025-01-13T13:59:32","slug":"kevlar-pickleball-paddle","status":"publish","type":"page","link":"https:\/\/dinkpickleball.com\/es\/kevlar-pickleball-paddle\/","title":{"rendered":"Pala de Pickleball Kevlar"},"content":{"rendered":"<h1>Pala de Pickleball Kevlar<\/h1>\n<h3>El Kevlar, conocido por su uso en aplicaciones de alto rendimiento, se sintetiza mediante un complejo proceso qu\u00edmico, creando un material con comportamiento l\u00edquido-cristalino. Esta composici\u00f3n \u00fanica contribuye a la excepcional durabilidad y resistencia de nuestras palas.<\/h3>\n<p>\t\t\t\t\t<a role=\"button\"><br \/>\n\t\t\t\t\t\t\t\t\tSOLICITAR PRESUPUESTO<br \/>\n\t\t\t\t\t<\/a><br \/>\n\t\t\t\t\t\t\t\t\t\t\t\t\t<img loading=\"lazy\" decoding=\"async\" width=\"682\" height=\"1024\" src=\"https:\/\/dinkpickleball.com\/wp-content\/uploads\/2024\/01\/Kevlar-Pickleball-Paddles.png\" alt=\"palas de pickleball kevlar\" srcset=\"https:\/\/dinkpickleball.com\/wp-content\/uploads\/2024\/01\/Kevlar-Pickleball-Paddles.png 682w, https:\/\/dinkpickleball.com\/wp-content\/uploads\/2024\/01\/Kevlar-Pickleball-Paddles-200x300.png 200w\" sizes=\"auto, (max-width: 682px) 100vw, 682px\" \/>\t\t\t\t\t\t\t\t\t\t\t\t\t<\/p>\n<h2>Cumplimiento de la USAPA para una ventaja competitiva<\/h2>\n<p>Las marcas buscan equipos que no s\u00f3lo sean de alta calidad, sino que tambi\u00e9n cumplan las normas profesionales. Nuestras palas cumplen las normas de la USAPA, lo que ofrece a las marcas una ventaja competitiva en un mercado que valora los equipos de calidad profesional, mejorando su cartera con productos reconocidos por su excelencia.<\/p>\n<p>\t\t\t\t\t<a role=\"button\"><br \/>\n\t\t\t\t\t\t\t\t\tSOLICITAR PRESUPUESTO<br \/>\n\t\t\t\t\t<\/a><\/p>\n<h2>Personalizaci\u00f3n para distinguir su marca<\/h2>\n<p>Una marca \u00fanica es crucial para que las empresas destaquen. Ofrecemos palas de Kevlar personalizables, lo que permite a las empresas alinearlas con su identidad de marca, haciendo que cada pala no sea solo una pieza de equipamiento, sino una declaraci\u00f3n del compromiso de su marca con la calidad y la exclusividad.<\/p>\n<p>\t\t\t\t\t<a role=\"button\"><br \/>\n\t\t\t\t\t\t\t\t\tSOLICITAR PRESUPUESTO<br \/>\n\t\t\t\t\t<\/a><\/p>\n<h2>Rentabilidad de las compras a granel<\/h2>\n<p>Las limitaciones presupuestarias son una realidad para muchos minoristas y distribuidores. Dinkpickleball ofrece precios competitivos en los pedidos al por mayor, proporcionando una soluci\u00f3n rentable sin comprometer la calidad, por lo que es m\u00e1s f\u00e1cil para las empresas para abastecerse y ofrecer valor a sus clientes.<\/p>\n<p>\t\t\t\t\t<a role=\"button\"><br \/>\n\t\t\t\t\t\t\t\t\tSOLICITAR PRESUPUESTO<br \/>\n\t\t\t\t\t<\/a><\/p>\n<figure><img decoding=\"async\" src=\"https:\/\/dinkpickleball.com\/wp-content\/uploads\/2022\/06\/onix.png\" alt=\"onix\" \/><\/figure>\n<figure><img decoding=\"async\" src=\"https:\/\/dinkpickleball.com\/wp-content\/uploads\/2022\/06\/Diadem-logo.png\" alt=\"Logotipo de la diadema\" \/><\/figure>\n<figure><img decoding=\"async\" src=\"https:\/\/dinkpickleball.com\/wp-content\/uploads\/2022\/06\/Gamma.png\" alt=\"Gamma\" \/><\/figure>\n<figure><img decoding=\"async\" src=\"https:\/\/dinkpickleball.com\/wp-content\/uploads\/2022\/06\/Paddletek.png\" alt=\"Paddletek\" \/><\/figure>\n<figure><img decoding=\"async\" src=\"https:\/\/dinkpickleball.com\/wp-content\/uploads\/2023\/04\/RECESS-logo.png\" alt=\"Logotipo de RECESS\" \/><\/figure>\n<figure><img decoding=\"async\" src=\"https:\/\/dinkpickleball.com\/wp-content\/uploads\/2023\/04\/CRBN-logo.png\" alt=\"Logotipo de CRBN\" \/><\/figure>\n<figure><img decoding=\"async\" src=\"https:\/\/dinkpickleball.com\/wp-content\/uploads\/2023\/04\/STIGA-logo.png\" alt=\"Logotipo de STIGA\" \/><\/figure>\n<figure><img decoding=\"async\" src=\"https:\/\/dinkpickleball.com\/wp-content\/uploads\/2024\/01\/6.0.png\" alt=\"6.0\" \/><\/figure>\n<figure><img decoding=\"async\" src=\"https:\/\/dinkpickleball.com\/wp-content\/uploads\/2024\/01\/Holbrook.png\" alt=\"holbrook\" \/><\/figure>\n<figure><img decoding=\"async\" src=\"https:\/\/dinkpickleball.com\/wp-content\/uploads\/2024\/01\/pickleball-apes.png\" alt=\"monos de pickleball\" \/><\/figure>\n<figure><img decoding=\"async\" src=\"https:\/\/dinkpickleball.com\/wp-content\/uploads\/2024\/01\/tangerine.png\" alt=\"mandarina\" \/><\/figure>\n<figure><img decoding=\"async\" src=\"https:\/\/dinkpickleball.com\/wp-content\/uploads\/2022\/06\/niupipo.png\" alt=\"niupipo\" \/><\/figure>\n<h2>Personalizar para la excelencia - Su marca, nuestra calidad<\/h2>\n<p>\u00bfQuiere que su marca destaque en el competitivo mercado deportivo? Dinkpickleball proporciona palas de Kevlar personalizables, garantizando que su marca brille por su calidad e innovaci\u00f3n.\u00a0<b>\u00a0<\/b>Colaboremos para crear palas que representen su marca de forma \u00fanica.<\/p>\n<p>                <a ><br \/>\n                    <img loading=\"lazy\" decoding=\"async\" width=\"720\" height=\"720\" src=\"https:\/\/dinkpickleball.com\/wp-content\/uploads\/2024\/01\/Kevlar-Pickleball-Paddle-factory.jpg\" alt=\"f\u00e1brica de palas de pickleball kevlar\" srcset=\"https:\/\/dinkpickleball.com\/wp-content\/uploads\/2024\/01\/Kevlar-Pickleball-Paddle-factory.jpg 720w, https:\/\/dinkpickleball.com\/wp-content\/uploads\/2024\/01\/Kevlar-Pickleball-Paddle-factory-300x300.jpg 300w, https:\/\/dinkpickleball.com\/wp-content\/uploads\/2024\/01\/Kevlar-Pickleball-Paddle-factory-150x150.jpg 150w\" sizes=\"auto, (max-width: 720px) 100vw, 720px\" \/><br \/>\n                <\/a><br \/>\n                                                            <a ><br \/>\n                                    SOLICITAR PRESUPUESTO                                <\/a><br \/>\n                <a ><br \/>\n                    <img loading=\"lazy\" decoding=\"async\" width=\"720\" height=\"720\" src=\"https:\/\/dinkpickleball.com\/wp-content\/uploads\/2024\/01\/Kevlar-Pickleball-Paddle-wholesale.png\" alt=\"mayorista de palas de pickleball de kevlar\" srcset=\"https:\/\/dinkpickleball.com\/wp-content\/uploads\/2024\/01\/Kevlar-Pickleball-Paddle-wholesale.png 720w, https:\/\/dinkpickleball.com\/wp-content\/uploads\/2024\/01\/Kevlar-Pickleball-Paddle-wholesale-300x300.png 300w, https:\/\/dinkpickleball.com\/wp-content\/uploads\/2024\/01\/Kevlar-Pickleball-Paddle-wholesale-150x150.png 150w\" sizes=\"auto, (max-width: 720px) 100vw, 720px\" \/><br \/>\n                <\/a><br \/>\n                                                            <a ><br \/>\n                                    SOLICITAR PRESUPUESTO                                <\/a><br \/>\n                <a ><br \/>\n                    <img loading=\"lazy\" decoding=\"async\" width=\"720\" height=\"720\" src=\"https:\/\/dinkpickleball.com\/wp-content\/uploads\/2024\/01\/Kevlar-Pickleball-Paddle-bulk.jpg\" alt=\"pala de pickleball kevlar a granel\" srcset=\"https:\/\/dinkpickleball.com\/wp-content\/uploads\/2024\/01\/Kevlar-Pickleball-Paddle-bulk.jpg 720w, https:\/\/dinkpickleball.com\/wp-content\/uploads\/2024\/01\/Kevlar-Pickleball-Paddle-bulk-300x300.jpg 300w, https:\/\/dinkpickleball.com\/wp-content\/uploads\/2024\/01\/Kevlar-Pickleball-Paddle-bulk-150x150.jpg 150w\" sizes=\"auto, (max-width: 720px) 100vw, 720px\" \/><br \/>\n                <\/a><br \/>\n                                                            <a ><br \/>\n                                    SOLICITAR PRESUPUESTO                                <\/a><br \/>\n\t\t\t\t\t\t\t<a href=\"https:\/\/dinkpickleball.com\/wp-content\/uploads\/2024\/01\/kevlar-Black.jpeg\"><br \/>\n\t\t\t\t\t\t\t\t\t\t\t\t\t\t\t\t\t\tkevlar Negro<br \/>\n\t\t\t\t\t\t\t\t\t<\/a><br \/>\n\t\t\t\t\t\t\t<a href=\"https:\/\/dinkpickleball.com\/wp-content\/uploads\/2024\/01\/kevlar-BlueBlack.jpg\"><br \/>\n\t\t\t\t\t\t\t\t\t\t\t\t\t\t\t\t\t\tkevlar Azul:Negro<br \/>\n\t\t\t\t\t\t\t\t\t<\/a><br \/>\n\t\t\t\t\t\t\t<a href=\"https:\/\/dinkpickleball.com\/wp-content\/uploads\/2024\/01\/kevlar-Red.jpg\"><br \/>\n\t\t\t\t\t\t\t\t\t\t\t\t\t\t\t\t\t\tkevlar Rojo<br \/>\n\t\t\t\t\t\t\t\t\t<\/a><br \/>\n\t\t\t\t\t\t\t<a href=\"https:\/\/dinkpickleball.com\/wp-content\/uploads\/2024\/01\/kevlar-RedBlack.jpg\"><br \/>\n\t\t\t\t\t\t\t\t\t\t\t\t\t\t\t\t\t\tkevlar Rojo:Negro<br \/>\n\t\t\t\t\t\t\t\t\t<\/a><br \/>\n\t\t\t\t\t\t\t<a href=\"https:\/\/dinkpickleball.com\/wp-content\/uploads\/2024\/01\/kevlar-YellowBlack.png\"><br \/>\n\t\t\t\t\t\t\t\t\t\t\t\t\t\t\t\t\t\tkevlar Amarillo:Negro<br \/>\n\t\t\t\t\t\t\t\t\t<\/a><\/p>\n<h2>C\u00f3mo personalizar<\/h2>\n<h3>\n\t\t\t\t\t\t\tPaso 1: Consulta inicial<br \/>\n\t\t\t\t\t<\/h3>\n<p>\n\t\t\t\t\t\tCompromiso con el cliente: Comenzamos con una consulta para comprender sus necesidades y preferencias espec\u00edficas. Esto incluye hablar de su mercado objetivo, identidad de marca y cualquier requisito espec\u00edfico para las palas. Recopilaci\u00f3n de requisitos: Detallamos aspectos como los esquemas de color, los dise\u00f1os de logotipo, los tipos de empu\u00f1adura y cualquier otra caracter\u00edstica personalizada que desee incorporar.\t\t\t\t\t<\/p>\n<h3>\n\t\t\t\t\t\t\t Paso 2: Dise\u00f1o y muestras<br \/>\n\t\t\t\t\t<\/h3>\n<p>\n\t\t\t\t\t\tRedacci\u00f3n del dise\u00f1o: Bas\u00e1ndose en la consulta, nuestro equipo de dise\u00f1o crea bocetos iniciales y renders digitales del Kevlar Pickleball Paddle personalizado. Desarrollo de muestras: Las muestras se producen para su revisi\u00f3n. Esto le permite obtener una sensaci\u00f3n tangible del producto y hacer los ajustes necesarios antes de la producci\u00f3n final.\t\t\t\t\t<\/p>\n<h3>\n\t\t\t\t\t\t\tPaso 3: Comentarios y finalizaci\u00f3n<br \/>\n\t\t\t\t\t<\/h3>\n<p>\n\t\t\t\t\t\tRevisi\u00f3n y perfeccionamiento: Usted revisa las muestras y nos da su opini\u00f3n. Refinamos el dise\u00f1o seg\u00fan sus sugerencias para asegurarnos de que se ajusta perfectamente a su visi\u00f3n. Aprobaci\u00f3n: Cuando est\u00e9 satisfecho con el dise\u00f1o y el prototipo, dar\u00e1 su aprobaci\u00f3n final para la producci\u00f3n en serie.\t\t\t\t\t<\/p>\n<h3>\n\t\t\t\t\t\t\tPaso 4: Producci\u00f3n en serie<br \/>\n\t\t\t\t\t<\/h3>\n<p>\n\t\t\t\t\t\tInicio de la producci\u00f3n: Tras la aprobaci\u00f3n, iniciamos la producci\u00f3n en serie de sus palas personalizadas de Kevlar para Pickleball. Garant\u00eda de calidad: A lo largo del proceso de producci\u00f3n, mantenemos un estricto control de calidad para garantizar que cada pala cumple con nuestros altos est\u00e1ndares y sus expectativas.\t\t\t\t\t<\/p>\n<p>\t\t\t\t\t<a role=\"button\"><br \/>\n\t\t\t\t\t\t\t\t\tSOLICITAR PRESUPUESTO<br \/>\n\t\t\t\t\t<\/a><\/p>\n<h2>Por qu\u00e9 DinkPickleball<\/h2>\n<h2>Innovadora construcci\u00f3n de Kevlar<\/h2>\n<p><em data-immersive-translate-walked=\"09d7a50e-5077-4245-888f-461d2c388f7a\">Durabilidad y resistencia:<\/em>\u00a0Fabricadas con Kevlar de alta calidad, conocido por su uso en aplicaciones avanzadas, nuestras palas ofrecen una durabilidad y resistencia inigualables, lo que las hace ideales para el juego intenso.<\/p>\n<h2>Clases de Kevlar<\/h2>\n<p>Nuestras palas utilizan grados espec\u00edficos de Kevlar, como Kevlar K-29 y Kevlar K149, elegidos por su alta resistencia a la tracci\u00f3n y a los impactos, lo que garantiza que su pala resista los rigores del juego intenso.<\/p>\n<h2>Superficie de golpeo indulgente<\/h2>\n<p>Experimente una mezcla de potencia y control con una superficie que responde a cada uno de sus movimientos. Su meticuloso dise\u00f1o garantiza una precisi\u00f3n milim\u00e9trica en los tiros de salida, convirtiendo cada partido en una oportunidad ganadora.<\/p>\n<h2>PREGUNTAS FRECUENTES<\/h2>\n<p>Estas son algunas de las preguntas m\u00e1s frecuentes (FAQ) que los clientes B2B pueden tener al considerar la compra de Kevlar Pickleball Paddles:<\/p>\n<p>                        <a href=\"#collapse-bc228306743f7e2227ed\" data-ekit-toggle=\"collapse\" data-target=\"#Collapse-bc228306743f7e2227ed\" aria-expanded=\"true\" aria-controls=\"Collapse-bc228306743f7e2227ed\"><br \/>\n                            \u00bfCumplen las palas de Pickleball Kevlar los est\u00e1ndares profesionales?<br \/>\n                                        <!-- Normal Icon --><br \/>\n                                        <!-- Active Icon --><br \/>\n                                                    <\/a><\/p>\n<p><em>S\u00ed, nuestras palas est\u00e1n dise\u00f1adas conforme a las normas de la USA Pickleball Association (USAPA), lo que garantiza que cumplen los requisitos para el juego profesional y de torneo.<\/em><\/p>\n<p>                <!-- .elementskit-card END --><br \/>\n                        <a href=\"#collapse-3dad4e06743f7e2227ed\" data-ekit-toggle=\"collapse\" data-target=\"#Collapse-3dad4e06743f7e2227ed\" aria-expanded=\"false\" aria-controls=\"Collapse-3dad4e06743f7e2227ed\"><br \/>\n                            \u00bfQu\u00e9 opciones de personalizaci\u00f3n hay para los pedidos al por mayor?<br \/>\n                                        <!-- Normal Icon --><br \/>\n                                        <!-- Active Icon --><br \/>\n                                                    <\/a><\/p>\n<p><em>Ofrecemos varias opciones de personalizaci\u00f3n, como colores, impresi\u00f3n de logotipos y estilos de agarre, para adaptarnos a la identidad de su marca o a las preferencias espec\u00edficas de sus clientes.<\/em><\/p>\n<p>                <!-- .elementskit-card END --><br \/>\n                        <a href=\"#collapse-8417e716743f7e2227ed\" data-ekit-toggle=\"collapse\" data-target=\"#Collapse-8417e716743f7e2227ed\" aria-expanded=\"false\" aria-controls=\"Collapse-8417e716743f7e2227ed\"><br \/>\n                            \u00bfQu\u00e9 durabilidad tienen las palas de Kevlar en comparaci\u00f3n con los materiales tradicionales?<br \/>\n                                        <!-- Normal Icon --><br \/>\n                                        <!-- Active Icon --><br \/>\n                                                    <\/a><\/p>\n<p><em>El Kevlar es famoso por su gran resistencia y durabilidad. Nuestras palas son m\u00e1s resistentes al desgaste que las fabricadas con materiales tradicionales, por lo que ofrecen una vida \u00fatil m\u00e1s larga.<\/em><\/p>\n<p>                <!-- .elementskit-card END --><br \/>\n                        <a href=\"#collapse-293f4f96743f7e2227ed\" data-ekit-toggle=\"collapse\" data-target=\"#Collapse-293f4f96743f7e2227ed\" aria-expanded=\"false\" aria-controls=\"Collapse-293f4f96743f7e2227ed\"><br \/>\n                            \u00bfCu\u00e1l es el precio de los pedidos al por mayor?<br \/>\n                                        <!-- Normal Icon --><br \/>\n                                        <!-- Active Icon --><br \/>\n                                                    <\/a><\/p>\n<p><em>Los precios var\u00edan en funci\u00f3n de la cantidad del pedido y los requisitos de personalizaci\u00f3n. Ofrecemos precios competitivos para pedidos al por mayor y le animamos a ponerse en contacto con nosotros para obtener un presupuesto detallado.<\/em><\/p>\n<p>                <!-- .elementskit-card END --><br \/>\n                        <a href=\"#collapse-1e5da806743f7e2227ed\" data-ekit-toggle=\"collapse\" data-target=\"#Collapse-1e5da806743f7e2227ed\" aria-expanded=\"false\" aria-controls=\"Collapse-1e5da806743f7e2227ed\"><br \/>\n                            \u00bfC\u00f3mo afecta el material Kevlar al rendimiento de la pala?<br \/>\n                                        <!-- Normal Icon --><br \/>\n                                        <!-- Active Icon --><br \/>\n                                                    <\/a><\/p>\n<p><em>El Kevlar mejora la potencia y el control de la pala, proporcionando una experiencia de juego superior con mayor precisi\u00f3n y una superficie de golpeo m\u00e1s permisiva.<\/em><\/p>\n<p>                <!-- .elementskit-card END --><\/p>","protected":false},"excerpt":{"rendered":"<p>Kevlar Pickleball Paddle Kevlar, known for its use in high-performance applications, is synthesized through a complex chemical process, creating a material with liquid-crystalline behavior. This unique composition contributes to the exceptional durability and strength of our paddles. GET A QUOTE USAPA Compliance for Competitive Edge Brands seek equipment that\u2019s not only high-quality but also compliant [&hellip;]<\/p>\n","protected":false},"author":1,"featured_media":0,"parent":0,"menu_order":0,"comment_status":"closed","ping_status":"closed","template":"","meta":{"_seopress_robots_primary_cat":"","_seopress_titles_title":"","_seopress_titles_desc":"Want your brand to stand out in the competitive sports market? Dinkpickleball provides customizable Kevlar Paddles, ensuring your brand shines through quality and innovation.  Let&#039;s collaborate to create paddles that uniquely represent your brand!","_seopress_robots_index":"","footnotes":""},"class_list":["post-15652","page","type-page","status-publish","hentry"],"meta_box":[],"_links":{"self":[{"href":"https:\/\/dinkpickleball.com\/es\/wp-json\/wp\/v2\/pages\/15652","targetHints":{"allow":["GET"]}}],"collection":[{"href":"https:\/\/dinkpickleball.com\/es\/wp-json\/wp\/v2\/pages"}],"about":[{"href":"https:\/\/dinkpickleball.com\/es\/wp-json\/wp\/v2\/types\/page"}],"author":[{"embeddable":true,"href":"https:\/\/dinkpickleball.com\/es\/wp-json\/wp\/v2\/users\/1"}],"replies":[{"embeddable":true,"href":"https:\/\/dinkpickleball.com\/es\/wp-json\/wp\/v2\/comments?post=15652"}],"version-history":[{"count":6,"href":"https:\/\/dinkpickleball.com\/es\/wp-json\/wp\/v2\/pages\/15652\/revisions"}],"predecessor-version":[{"id":16284,"href":"https:\/\/dinkpickleball.com\/es\/wp-json\/wp\/v2\/pages\/15652\/revisions\/16284"}],"wp:attachment":[{"href":"https:\/\/dinkpickleball.com\/es\/wp-json\/wp\/v2\/media?parent=15652"}],"curies":[{"name":"wp","href":"https:\/\/api.w.org\/{rel}","templated":true}]}}