{"id":15639,"date":"2024-01-28T09:37:43","date_gmt":"2024-01-28T01:37:43","guid":{"rendered":"https:\/\/dinkpickleball.com\/?page_id=15639"},"modified":"2025-01-09T14:20:10","modified_gmt":"2025-01-09T06:20:10","slug":"usapa-pickleball-paddle-testing","status":"publish","type":"page","link":"https:\/\/dinkpickleball.com\/es\/usapa-pickleball-paddle-testing\/","title":{"rendered":"Pruebas de p\u00e1del USAPA Pickleball"},"content":{"rendered":"<h2>Pruebas de p\u00e1del USAPA Pickleball<\/h2>\n<p>Al realizar las mismas pruebas rigurosas que la USAPA antes de presentarlas para su certificaci\u00f3n, aumentamos significativamente la probabilidad de que nuestras palas superen las estrictas normas de la USAPA. Esta estrategia preventiva es un testimonio de nuestro compromiso con la excelencia y nuestra dedicaci\u00f3n a proporcionar a los jugadores el mejor equipo posible. Nuestro enfoque asegura que cuando usted elige nuestras palas, est\u00e1 eligiendo un producto que encarna los m\u00e1s altos est\u00e1ndares de calidad, innovaci\u00f3n y cumplimiento. Este compromiso nos sit\u00faa a la vanguardia de la fabricaci\u00f3n de palas de pickleball, convirtiendo nuestra marca en sin\u00f3nimo de excelencia en este deporte.<\/p>\n<p>\t\t\t\t\t\t\t\t\t\t\t\t<img decoding=\"async\" src=\"https:\/\/dinkpickleball.com\/wp-content\/uploads\/2024\/01\/Size.png\" title=\"Talla\" alt=\"talla\" loading=\"lazy\" \/>\t\t\t\t\t\t\t\t\t\t\t\t\t\t<\/p>\n<h3>Pruebas de tama\u00f1o: Cumplimiento riguroso de las normas dimensionales<\/h3>\n<p data-immersive-translate-walked=\"7ecd28ab-6b24-4e9b-979b-55a63fd07619\" data-immersive-translate-paragraph=\"1\">Las pruebas de tama\u00f1o de las palas son fundamentales para garantizar que todas las palas de pickleball se ajusten a las estrictas directrices dimensionales de la USAPA. La regulaci\u00f3n precisa de las dimensiones de las palas es esencial para el juego limpio y la consistencia en el deporte.<\/p>\n<ul data-immersive-translate-walked=\"7ecd28ab-6b24-4e9b-979b-55a63fd07619\">\n<li data-immersive-translate-walked=\"7ecd28ab-6b24-4e9b-979b-55a63fd07619\" data-immersive-translate-paragraph=\"1\"><strong data-immersive-translate-walked=\"7ecd28ab-6b24-4e9b-979b-55a63fd07619\">Criterios dimensionales estrictos<\/strong>: La longitud de la pala, incluidas las protecciones de los bordes y la tapa de la culata, no debe superar las 17,0 pulgadas. Del mismo modo, la longitud y la anchura combinadas no deben superar las 24,0 pulgadas, lo que garantiza que ninguna pala supere los l\u00edmites de tama\u00f1o establecidos.<\/li>\n<li data-immersive-translate-walked=\"7ecd28ab-6b24-4e9b-979b-55a63fd07619\" data-immersive-translate-paragraph=\"1\"><strong data-immersive-translate-walked=\"7ecd28ab-6b24-4e9b-979b-55a63fd07619\">Medici\u00f3n y verificaci\u00f3n detalladas<\/strong>: Cada pala se mide meticulosamente en longitud y anchura, incluyendo las protecciones de los bordes. Este proceso garantiza el cumplimiento de los criterios de tama\u00f1o establecidos por USAPA, asegurando que ninguna pala proporciona una ventaja injusta.<\/li>\n<\/ul>\n<p data-immersive-translate-walked=\"7ecd28ab-6b24-4e9b-979b-55a63fd07619\" data-immersive-translate-paragraph=\"1\">La meticulosidad de las pruebas de tama\u00f1o de las palas subraya el compromiso de la USAPA de mantener la integridad del deporte y garantizar la igualdad de condiciones para todos los jugadores.<\/p>\n<p>\t\t\t<a role=\"button\"><br \/>\n\t\t\t\t\t\tPresupuesto inmediato<br \/>\n\t\t\t\t\t<\/a><br \/>\n\t\t\t\t\t\t\t\t\t\t\t\t<img decoding=\"async\" src=\"https:\/\/dinkpickleball.com\/wp-content\/uploads\/2024\/01\/Roughness.png\" title=\"Rugosidad\" alt=\"rugosidad\" loading=\"lazy\" \/>\t\t\t\t\t\t\t\t\t\t\t\t\t\t<\/p>\n<h3>Pruebas de rugosidad: Precisi\u00f3n en el texturizado de superficies<\/h3>\n<p data-immersive-translate-walked=\"7ecd28ab-6b24-4e9b-979b-55a63fd07619\" data-immersive-translate-paragraph=\"1\">La rugosidad de la superficie juega un papel crucial en el rendimiento de las palas de pickleball. Las pruebas detalladas de USAPA garantizan que las superficies de las palas se adhieran a par\u00e1metros de rugosidad espec\u00edficos.<\/p>\n<ul data-immersive-translate-walked=\"7ecd28ab-6b24-4e9b-979b-55a63fd07619\">\n<li data-immersive-translate-walked=\"7ecd28ab-6b24-4e9b-979b-55a63fd07619\" data-immersive-translate-paragraph=\"1\"><strong data-immersive-translate-walked=\"7ecd28ab-6b24-4e9b-979b-55a63fd07619\">L\u00edmites cr\u00edticos de rugosidad<\/strong>: El l\u00edmite de rugosidad permitido se fija en no m\u00e1s de 40 micr\u00f3metros de media, lo que garantiza que la superficie de la pala no influya excesivamente en el efecto y la velocidad de la pelota.<\/li>\n<li data-immersive-translate-walked=\"7ecd28ab-6b24-4e9b-979b-55a63fd07619\" data-immersive-translate-paragraph=\"1\"><strong data-immersive-translate-walked=\"7ecd28ab-6b24-4e9b-979b-55a63fd07619\">Enfoque de medici\u00f3n global<\/strong>: Las mediciones de rugosidad se toman en seis direcciones en el \u00e1rea m\u00e1s rugosa de la pala, seg\u00fan lo determinado por un t\u00e9cnico de laboratorio. Este enfoque integral garantiza una experiencia de juego uniforme y el cumplimiento de las estrictas normas de la USAPA.<\/li>\n<\/ul>\n<p data-immersive-translate-walked=\"7ecd28ab-6b24-4e9b-979b-55a63fd07619\" data-immersive-translate-paragraph=\"1\">Este aspecto de las pruebas es vital para preservar la naturaleza del juego, que se centra en la habilidad del jugador por encima de las ventajas del equipamiento.<\/p>\n<p>\t\t\t<a role=\"button\"><br \/>\n\t\t\t\t\t\tPresupuesto inmediato<br \/>\n\t\t\t\t\t<\/a><br \/>\n\t\t\t\t\t\t\t\t\t\t\t\t<img decoding=\"async\" src=\"https:\/\/dinkpickleball.com\/wp-content\/uploads\/2024\/01\/Reflection.png\" title=\"Reflexi\u00f3n\" alt=\"reflexi\u00f3n\" loading=\"lazy\" \/>\t\t\t\t\t\t\t\t\t\t\t\t\t\t<\/p>\n<h3>Pruebas de reflexi\u00f3n: Normalizaci\u00f3n del brillo de la superficie de las palas<\/h3>\n<p data-immersive-translate-walked=\"7ecd28ab-6b24-4e9b-979b-55a63fd07619\" data-immersive-translate-paragraph=\"1\">La prueba de reflexi\u00f3n es un componente vital del proceso de certificaci\u00f3n de palas de la USAPA, que se centra en la reflectividad de la superficie de la pala para evitar interrupciones en el juego.<\/p>\n<ul data-immersive-translate-walked=\"7ecd28ab-6b24-4e9b-979b-55a63fd07619\">\n<li data-immersive-translate-walked=\"7ecd28ab-6b24-4e9b-979b-55a63fd07619\" data-immersive-translate-paragraph=\"1\"><strong data-immersive-translate-walked=\"7ecd28ab-6b24-4e9b-979b-55a63fd07619\">Limitaciones de la reflectividad<\/strong>: La prueba eval\u00faa el brillo de la pala, con el m\u00e1ximo brillo de pala permitido fijado en \u2264 80 GU. Esto garantiza que la superficie de la pala no produzca un brillo excesivo, que podr\u00eda dificultar el rendimiento del jugador o el disfrute del espectador.<\/li>\n<li data-immersive-translate-walked=\"7ecd28ab-6b24-4e9b-979b-55a63fd07619\" data-immersive-translate-paragraph=\"1\"><strong data-immersive-translate-walked=\"7ecd28ab-6b24-4e9b-979b-55a63fd07619\">Procedimiento met\u00f3dico de ensayo<\/strong>: Se eligen tres puntos de la superficie de la pala en un \u00e1ngulo universal de 60 grados para realizar pruebas de reflectividad. Este proceso garantiza que la pala cumple los est\u00e1ndares de reflectividad de la USAPA, contribuyendo a un entorno de juego seguro y justo.<\/li>\n<\/ul>\n<p data-immersive-translate-walked=\"7ecd28ab-6b24-4e9b-979b-55a63fd07619\" data-immersive-translate-paragraph=\"1\">Las pruebas de reflexi\u00f3n son un paso crucial en los esfuerzos de la USAPA por mantener la seguridad de los jugadores y la equidad competitiva.<\/p>\n<p>\t\t\t<a role=\"button\"><br \/>\n\t\t\t\t\t\tPresupuesto inmediato<br \/>\n\t\t\t\t\t<\/a><br \/>\n\t\t\t\t\t\t\t\t\t\t\t\t<img decoding=\"async\" src=\"https:\/\/dinkpickleball.com\/wp-content\/uploads\/2024\/01\/COF-Fixture.png\" title=\"Fijaci\u00f3n COF\" alt=\"accesorio cof\" loading=\"lazy\" \/>\t\t\t\t\t\t\t\t\t\t\t\t\t\t<\/p>\n<h3>Pruebas de fijaci\u00f3n COF: Evaluaci\u00f3n de las caracter\u00edsticas de fricci\u00f3n<\/h3>\n<p data-immersive-translate-walked=\"7ecd28ab-6b24-4e9b-979b-55a63fd07619\" data-immersive-translate-paragraph=\"1\">La prueba de fijaci\u00f3n del coeficiente de fricci\u00f3n (COF) es fundamental para evaluar la interacci\u00f3n de la pala con la pelota, crucial para mantener el equilibrio en este deporte.<\/p>\n<ul data-immersive-translate-walked=\"7ecd28ab-6b24-4e9b-979b-55a63fd07619\">\n<li data-immersive-translate-walked=\"7ecd28ab-6b24-4e9b-979b-55a63fd07619\" data-immersive-translate-paragraph=\"1\"><strong data-immersive-translate-walked=\"7ecd28ab-6b24-4e9b-979b-55a63fd07619\">Funci\u00f3n y l\u00edmite del COF<\/strong>: El coeficiente cin\u00e9tico de fricci\u00f3n est\u00e1 limitado a \u2264 0,1875. Esto garantiza que la pala no agarre excesivamente la pelota, lo que podr\u00eda afectar al efecto y la trayectoria.<\/li>\n<li data-immersive-translate-walked=\"7ecd28ab-6b24-4e9b-979b-55a63fd07619\" data-immersive-translate-paragraph=\"1\"><strong data-immersive-translate-walked=\"7ecd28ab-6b24-4e9b-979b-55a63fd07619\">\u00c1rea de pruebas<\/strong>: Las pruebas se realizan en el centro aproximado de la pala o en cualquier zona no uniforme que pueda aumentar la fricci\u00f3n cin\u00e9tica. Esto ayuda a mantener la accesibilidad y el disfrute del deporte a trav\u00e9s de diferentes niveles de habilidad.<\/li>\n<\/ul>\n<p data-immersive-translate-walked=\"7ecd28ab-6b24-4e9b-979b-55a63fd07619\" data-immersive-translate-paragraph=\"1\">Equilibrar las propiedades de fricci\u00f3n de la pala mediante pruebas de COF es clave para que el pickleball siga siendo un deporte de habilidad y estrategia.<\/p>\n<p>\t\t\t<a role=\"button\"><br \/>\n\t\t\t\t\t\tPresupuesto inmediato<br \/>\n\t\t\t\t\t<\/a><br \/>\n\t\t\t\t\t\t\t\t\t\t\t\t<img decoding=\"async\" src=\"https:\/\/dinkpickleball.com\/wp-content\/uploads\/2024\/01\/Deflection.png\" title=\"Desviaci\u00f3n\" alt=\"desviaci\u00f3n\" loading=\"lazy\" \/>\t\t\t\t\t\t\t\t\t\t\t\t\t\t<\/p>\n<h3>Pruebas de flexi\u00f3n: Evaluaci\u00f3n de la flexibilidad y la respuesta<\/h3>\n<p data-immersive-translate-walked=\"7ecd28ab-6b24-4e9b-979b-55a63fd07619\" data-immersive-translate-paragraph=\"1\">La prueba de deflexi\u00f3n de la pala es fundamental para evaluar c\u00f3mo responde una pala a la fuerza, lo que influye en la din\u00e1mica del juego.<\/p>\n<ul data-immersive-translate-walked=\"7ecd28ab-6b24-4e9b-979b-55a63fd07619\">\n<li data-immersive-translate-walked=\"7ecd28ab-6b24-4e9b-979b-55a63fd07619\" data-immersive-translate-paragraph=\"1\"><strong data-immersive-translate-walked=\"7ecd28ab-6b24-4e9b-979b-55a63fd07619\">Criterios de deformaci\u00f3n<\/strong>: La desviaci\u00f3n media de la pala debe ser \u2264 0,005 pulgadas, lo que garantiza que la pala no se doble excesivamente en el momento del impacto, lo que podr\u00eda alterar imprevisiblemente la velocidad y la direcci\u00f3n de la pelota.<\/li>\n<li data-immersive-translate-walked=\"7ecd28ab-6b24-4e9b-979b-55a63fd07619\" data-immersive-translate-paragraph=\"1\"><strong data-immersive-translate-walked=\"7ecd28ab-6b24-4e9b-979b-55a63fd07619\">M\u00e9todo de ensayo preciso<\/strong>: La pala se coloca sobre bloques paralelos y se aplica una fuerza estandarizada hasta alcanzar una precarga de 5,0 libras. Esta prueba garantiza que las palas ofrezcan una respuesta consistente durante el juego, algo crucial para mantener la integridad del deporte.<\/li>\n<\/ul>\n<p data-immersive-translate-walked=\"7ecd28ab-6b24-4e9b-979b-55a63fd07619\" data-immersive-translate-paragraph=\"1\">La prueba de desviaci\u00f3n de la paleta es un testimonio del compromiso de la USAPA para asegurar un rendimiento consistente y equidad en todos los niveles de juego.<\/p>\n<p>\t\t\t<a role=\"button\"><br \/>\n\t\t\t\t\t\tPresupuesto inmediato<br \/>\n\t\t\t\t\t<\/a><\/p>","protected":false},"excerpt":{"rendered":"<p>USAPA Pickleball Paddle Testing By conducting the same rigorous testing as USAPA before submission for certification, we significantly increase the likelihood of our paddles passing USAPA\u2019s stringent standards. This preemptive strategy is a testament to our commitment to excellence and our dedication to providing players with the best possible equipment. Our approach ensures that when [&hellip;]<\/p>\n","protected":false},"author":1,"featured_media":0,"parent":0,"menu_order":0,"comment_status":"closed","ping_status":"closed","template":"","meta":{"_seopress_robots_primary_cat":"","_seopress_titles_title":"","_seopress_titles_desc":"By conducting the same rigorous testing as USAPA before submission for certification, we significantly increase the likelihood of our paddles passing USAPA\u2019s stringent standards. This preemptive strategy is a testament to our commitment to excellence and our dedication to providing players with the best possible equipment.","_seopress_robots_index":"","footnotes":""},"class_list":["post-15639","page","type-page","status-publish","hentry"],"meta_box":[],"_links":{"self":[{"href":"https:\/\/dinkpickleball.com\/es\/wp-json\/wp\/v2\/pages\/15639","targetHints":{"allow":["GET"]}}],"collection":[{"href":"https:\/\/dinkpickleball.com\/es\/wp-json\/wp\/v2\/pages"}],"about":[{"href":"https:\/\/dinkpickleball.com\/es\/wp-json\/wp\/v2\/types\/page"}],"author":[{"embeddable":true,"href":"https:\/\/dinkpickleball.com\/es\/wp-json\/wp\/v2\/users\/1"}],"replies":[{"embeddable":true,"href":"https:\/\/dinkpickleball.com\/es\/wp-json\/wp\/v2\/comments?post=15639"}],"version-history":[{"count":9,"href":"https:\/\/dinkpickleball.com\/es\/wp-json\/wp\/v2\/pages\/15639\/revisions"}],"predecessor-version":[{"id":15750,"href":"https:\/\/dinkpickleball.com\/es\/wp-json\/wp\/v2\/pages\/15639\/revisions\/15750"}],"wp:attachment":[{"href":"https:\/\/dinkpickleball.com\/es\/wp-json\/wp\/v2\/media?parent=15639"}],"curies":[{"name":"wp","href":"https:\/\/api.w.org\/{rel}","templated":true}]}}