{"id":15549,"date":"2023-12-09T16:43:57","date_gmt":"2023-12-09T08:43:57","guid":{"rendered":"https:\/\/dinkpickleball.com\/?page_id=15549"},"modified":"2025-01-13T22:10:13","modified_gmt":"2025-01-13T14:10:13","slug":"custom-pickleball-paddle-cover","status":"publish","type":"page","link":"https:\/\/dinkpickleball.com\/es\/custom-pickleball-paddle-cover\/","title":{"rendered":"Funda personalizada para palas de Pickleball"},"content":{"rendered":"<h1>Funda personalizada para palas de Pickleball<\/h1>\n<h3>Entendiendo las necesidades \u00fanicas de marcas y equipos, Dinkpickleball ofrece servicios de personalizaci\u00f3n excepcionales. Desde dise\u00f1os personalizados hasta requisitos de marca espec\u00edficos, nuestra experiencia en la creaci\u00f3n de fundas para palas de pickleball a medida nos diferencia y a\u00f1ade un valor significativo para usted.<\/h3>\n<p>\t\t\t<a role=\"button\"><br \/>\n\t\t\t\t\t\tSOLICITAR PRESUPUESTO<br \/>\n\t\t\t\t\t<\/a><br \/>\n\t\t\t\t\t\t\t\t\t\t\t\t<img loading=\"lazy\" decoding=\"async\" width=\"800\" height=\"1200\" src=\"https:\/\/dinkpickleball.com\/wp-content\/uploads\/2023\/12\/Custom-Pickleball-Paddle-Cover.png\" alt=\"funda personalizada para palas de pickleball\" srcset=\"https:\/\/dinkpickleball.com\/wp-content\/uploads\/2023\/12\/Custom-Pickleball-Paddle-Cover.png 800w, https:\/\/dinkpickleball.com\/wp-content\/uploads\/2023\/12\/Custom-Pickleball-Paddle-Cover-200x300.png 200w, https:\/\/dinkpickleball.com\/wp-content\/uploads\/2023\/12\/Custom-Pickleball-Paddle-Cover-683x1024.png 683w, https:\/\/dinkpickleball.com\/wp-content\/uploads\/2023\/12\/Custom-Pickleball-Paddle-Cover-768x1152.png 768w\" sizes=\"auto, (max-width: 800px) 100vw, 800px\" \/>\t\t\t\t\t\t\t\t\t\t\t\t\t\t<\/p>\n<h2>Precios competitivos<\/h2>\n<p>Dinkpickleball ofrece estructuras de precios competitivas, especialmente para pedidos al por mayor y al por mayor. Nuestra estrategia de precios est\u00e1 dise\u00f1ada para proporcionar el m\u00e1ximo valor a nuestros socios B2B, garantizando que puedan disfrutar de m\u00e1rgenes saludables al tiempo que ofrecen productos de calidad a sus clientes.<\/p>\n<p>\t\t\t<a role=\"button\"><br \/>\n\t\t\t\t\t\tSOLICITAR PRESUPUESTO<br \/>\n\t\t\t\t\t<\/a><\/p>\n<h2>Alta calidad<\/h2>\n<p>Nuestro uso de materiales de primera calidad, como el neopreno y la lona de algod\u00f3n, garantiza que todas las fundas personalizadas para palas de p\u00e1del que producimos cumplan los m\u00e1s altos est\u00e1ndares de calidad. Este compromiso con la calidad es vital para usted, que exige productos que reflejen sus propios est\u00e1ndares de excelencia.<\/p>\n<p>\t\t\t<a role=\"button\"><br \/>\n\t\t\t\t\t\tSOLICITAR PRESUPUESTO<br \/>\n\t\t\t\t\t<\/a><\/p>\n<h2>Servicio de atenci\u00f3n al cliente<\/h2>\n<p>En Dinkpickleball, ofrecemos un servicio de atenci\u00f3n al cliente dedicado a gestionar todas las consultas y pedidos B2B. Nuestro equipo est\u00e1 capacitado para ofrecer un apoyo personalizado, asegurando que las necesidades y preocupaciones \u00fanicas de cada cliente se abordan con prontitud y eficacia.<\/p>\n<p>\t\t\t<a role=\"button\"><br \/>\n\t\t\t\t\t\tSOLICITAR PRESUPUESTO<br \/>\n\t\t\t\t\t<\/a><\/p>\n<figure><img decoding=\"async\" src=\"https:\/\/dinkpickleball.com\/wp-content\/uploads\/2022\/06\/onix.png\" alt=\"onix\" \/><\/figure>\n<figure><img decoding=\"async\" src=\"https:\/\/dinkpickleball.com\/wp-content\/uploads\/2022\/06\/Diadem-logo.png\" alt=\"Logotipo de la diadema\" \/><\/figure>\n<figure><img decoding=\"async\" src=\"https:\/\/dinkpickleball.com\/wp-content\/uploads\/2022\/06\/Gamma.png\" alt=\"Gamma\" \/><\/figure>\n<figure><img decoding=\"async\" src=\"https:\/\/dinkpickleball.com\/wp-content\/uploads\/2022\/06\/Paddletek.png\" alt=\"Paddletek\" \/><\/figure>\n<figure><img decoding=\"async\" src=\"https:\/\/dinkpickleball.com\/wp-content\/uploads\/2023\/04\/RECESS-logo.png\" alt=\"Logotipo de RECESS\" \/><\/figure>\n<figure><img decoding=\"async\" src=\"https:\/\/dinkpickleball.com\/wp-content\/uploads\/2023\/04\/CRBN-logo.png\" alt=\"Logotipo de CRBN\" \/><\/figure>\n<figure><img decoding=\"async\" src=\"https:\/\/dinkpickleball.com\/wp-content\/uploads\/2023\/04\/STIGA-logo.png\" alt=\"Logotipo de STIGA\" \/><\/figure>\n<figure><img decoding=\"async\" src=\"https:\/\/dinkpickleball.com\/wp-content\/uploads\/2022\/06\/niupipo.png\" alt=\"niupipo\" \/><\/figure>\n<h2>Fundas personalizadas para palas de Pickleball<\/h2>\n<p>Del concepto a la creaci\u00f3n: Su visi\u00f3n, nuestro oficio. \u00bfDesea hacer realidad sus ideas exclusivas para cubiertas de palas de p\u00e1del? Encontrar un fabricante que pueda traducir con precisi\u00f3n su visi\u00f3n es dif\u00edcil. Dinkpickleball colabora estrechamente con usted para crear fundas de p\u00e1del personalizadas que capten a la perfecci\u00f3n la esencia de su marca. \u00a1Experimente la personalizaci\u00f3n sin fisuras con nosotros!<\/p>\n<p>                <a ><br \/>\n                    <img loading=\"lazy\" decoding=\"async\" width=\"800\" height=\"800\" src=\"https:\/\/dinkpickleball.com\/wp-content\/uploads\/2023\/12\/Pickleball-Paddle-Cover-bulk.jpg\" alt=\"funda para pala de pickleball a granel\" srcset=\"https:\/\/dinkpickleball.com\/wp-content\/uploads\/2023\/12\/Pickleball-Paddle-Cover-bulk.jpg 800w, https:\/\/dinkpickleball.com\/wp-content\/uploads\/2023\/12\/Pickleball-Paddle-Cover-bulk-300x300.jpg 300w, https:\/\/dinkpickleball.com\/wp-content\/uploads\/2023\/12\/Pickleball-Paddle-Cover-bulk-150x150.jpg 150w, https:\/\/dinkpickleball.com\/wp-content\/uploads\/2023\/12\/Pickleball-Paddle-Cover-bulk-768x768.jpg 768w\" sizes=\"auto, (max-width: 800px) 100vw, 800px\" \/><br \/>\n                <\/a><br \/>\n                                                            <a ><br \/>\n                                    SOLICITAR PRESUPUESTO                                <\/a><br \/>\n                <a ><br \/>\n                    <img loading=\"lazy\" decoding=\"async\" width=\"800\" height=\"800\" src=\"https:\/\/dinkpickleball.com\/wp-content\/uploads\/2023\/12\/Pickleball-Paddle-Cover-wholesale.jpg\" alt=\"funda de pala de pickleball al por mayor\" srcset=\"https:\/\/dinkpickleball.com\/wp-content\/uploads\/2023\/12\/Pickleball-Paddle-Cover-wholesale.jpg 800w, https:\/\/dinkpickleball.com\/wp-content\/uploads\/2023\/12\/Pickleball-Paddle-Cover-wholesale-300x300.jpg 300w, https:\/\/dinkpickleball.com\/wp-content\/uploads\/2023\/12\/Pickleball-Paddle-Cover-wholesale-150x150.jpg 150w, https:\/\/dinkpickleball.com\/wp-content\/uploads\/2023\/12\/Pickleball-Paddle-Cover-wholesale-768x768.jpg 768w\" sizes=\"auto, (max-width: 800px) 100vw, 800px\" \/><br \/>\n                <\/a><br \/>\n                                                            <a ><br \/>\n                                    SOLICITAR PRESUPUESTO                                <\/a><br \/>\n                <a ><br \/>\n                    <img loading=\"lazy\" decoding=\"async\" width=\"800\" height=\"800\" src=\"https:\/\/dinkpickleball.com\/wp-content\/uploads\/2023\/12\/Pickleball-Paddle-Cover-custom.jpg\" alt=\"funda para pala de pickleball custom\" srcset=\"https:\/\/dinkpickleball.com\/wp-content\/uploads\/2023\/12\/Pickleball-Paddle-Cover-custom.jpg 800w, https:\/\/dinkpickleball.com\/wp-content\/uploads\/2023\/12\/Pickleball-Paddle-Cover-custom-300x300.jpg 300w, https:\/\/dinkpickleball.com\/wp-content\/uploads\/2023\/12\/Pickleball-Paddle-Cover-custom-150x150.jpg 150w, https:\/\/dinkpickleball.com\/wp-content\/uploads\/2023\/12\/Pickleball-Paddle-Cover-custom-768x768.jpg 768w\" sizes=\"auto, (max-width: 800px) 100vw, 800px\" \/><br \/>\n                <\/a><br \/>\n                                                            <a ><br \/>\n                                    SOLICITAR PRESUPUESTO                                <\/a><br \/>\n                <a ><br \/>\n                    <img loading=\"lazy\" decoding=\"async\" width=\"1024\" height=\"1024\" src=\"https:\/\/dinkpickleball.com\/wp-content\/uploads\/2023\/12\/Pickleball-Paddle-Cover-manufacturer.jpg\" alt=\"fabricante de fundas para palas de pickleball\" srcset=\"https:\/\/dinkpickleball.com\/wp-content\/uploads\/2023\/12\/Pickleball-Paddle-Cover-manufacturer.jpg 1024w, https:\/\/dinkpickleball.com\/wp-content\/uploads\/2023\/12\/Pickleball-Paddle-Cover-manufacturer-300x300.jpg 300w, https:\/\/dinkpickleball.com\/wp-content\/uploads\/2023\/12\/Pickleball-Paddle-Cover-manufacturer-150x150.jpg 150w, https:\/\/dinkpickleball.com\/wp-content\/uploads\/2023\/12\/Pickleball-Paddle-Cover-manufacturer-768x768.jpg 768w\" sizes=\"auto, (max-width: 1024px) 100vw, 1024px\" \/><br \/>\n                <\/a><br \/>\n                                                            <a ><br \/>\n                                    SOLICITAR PRESUPUESTO                                <\/a><br \/>\n                <a ><br \/>\n                    <img loading=\"lazy\" decoding=\"async\" width=\"800\" height=\"800\" src=\"https:\/\/dinkpickleball.com\/wp-content\/uploads\/2023\/12\/Pickleball-Paddle-Covers.jpg\" alt=\"fundas para palas de pickleball\" srcset=\"https:\/\/dinkpickleball.com\/wp-content\/uploads\/2023\/12\/Pickleball-Paddle-Covers.jpg 800w, https:\/\/dinkpickleball.com\/wp-content\/uploads\/2023\/12\/Pickleball-Paddle-Covers-300x300.jpg 300w, https:\/\/dinkpickleball.com\/wp-content\/uploads\/2023\/12\/Pickleball-Paddle-Covers-150x150.jpg 150w, https:\/\/dinkpickleball.com\/wp-content\/uploads\/2023\/12\/Pickleball-Paddle-Covers-768x768.jpg 768w\" sizes=\"auto, (max-width: 800px) 100vw, 800px\" \/><br \/>\n                <\/a><br \/>\n                                                            <a ><br \/>\n                                    SOLICITAR PRESUPUESTO                                <\/a><br \/>\n                <a ><br \/>\n                    <img loading=\"lazy\" decoding=\"async\" width=\"800\" height=\"800\" src=\"https:\/\/dinkpickleball.com\/wp-content\/uploads\/2023\/12\/Pickleball-Paddle-Cover-logo.jpeg\" alt=\"logotipo de la funda de paleta de pickleball\" srcset=\"https:\/\/dinkpickleball.com\/wp-content\/uploads\/2023\/12\/Pickleball-Paddle-Cover-logo.jpeg 800w, https:\/\/dinkpickleball.com\/wp-content\/uploads\/2023\/12\/Pickleball-Paddle-Cover-logo-300x300.jpeg 300w, https:\/\/dinkpickleball.com\/wp-content\/uploads\/2023\/12\/Pickleball-Paddle-Cover-logo-150x150.jpeg 150w, https:\/\/dinkpickleball.com\/wp-content\/uploads\/2023\/12\/Pickleball-Paddle-Cover-logo-768x768.jpeg 768w\" sizes=\"auto, (max-width: 800px) 100vw, 800px\" \/><br \/>\n                <\/a><br \/>\n                                                            <a ><br \/>\n                                    SOLICITAR PRESUPUESTO                                <\/a><br \/>\n                <a ><br \/>\n                    <img loading=\"lazy\" decoding=\"async\" width=\"800\" height=\"800\" src=\"https:\/\/dinkpickleball.com\/wp-content\/uploads\/2023\/12\/Pickleball-Paddle-Cover-company.jpg\" alt=\"empresa de fundas para palas de pickleball\" srcset=\"https:\/\/dinkpickleball.com\/wp-content\/uploads\/2023\/12\/Pickleball-Paddle-Cover-company.jpg 800w, https:\/\/dinkpickleball.com\/wp-content\/uploads\/2023\/12\/Pickleball-Paddle-Cover-company-300x300.jpg 300w, https:\/\/dinkpickleball.com\/wp-content\/uploads\/2023\/12\/Pickleball-Paddle-Cover-company-150x150.jpg 150w, https:\/\/dinkpickleball.com\/wp-content\/uploads\/2023\/12\/Pickleball-Paddle-Cover-company-768x768.jpg 768w\" sizes=\"auto, (max-width: 800px) 100vw, 800px\" \/><br \/>\n                <\/a><br \/>\n                                                            <a ><br \/>\n                                    SOLICITAR PRESUPUESTO                                <\/a><br \/>\n                <a ><br \/>\n                    <img loading=\"lazy\" decoding=\"async\" width=\"800\" height=\"800\" src=\"https:\/\/dinkpickleball.com\/wp-content\/uploads\/2023\/12\/Pickleball-Paddle-Cover-factory.jpg\" alt=\"f\u00e1brica de fundas para palas de pickleball\" srcset=\"https:\/\/dinkpickleball.com\/wp-content\/uploads\/2023\/12\/Pickleball-Paddle-Cover-factory.jpg 800w, https:\/\/dinkpickleball.com\/wp-content\/uploads\/2023\/12\/Pickleball-Paddle-Cover-factory-300x300.jpg 300w, https:\/\/dinkpickleball.com\/wp-content\/uploads\/2023\/12\/Pickleball-Paddle-Cover-factory-150x150.jpg 150w, https:\/\/dinkpickleball.com\/wp-content\/uploads\/2023\/12\/Pickleball-Paddle-Cover-factory-768x768.jpg 768w\" sizes=\"auto, (max-width: 800px) 100vw, 800px\" \/><br \/>\n                <\/a><br \/>\n                                                            <a ><br \/>\n                                    SOLICITAR PRESUPUESTO                                <\/a><br \/>\n\t\t\t\t\t\t\t\t\t\t\t\t<img loading=\"lazy\" decoding=\"async\" width=\"1032\" height=\"1548\" src=\"https:\/\/dinkpickleball.com\/wp-content\/uploads\/2023\/12\/Personalized-Pickleball-Paddle-Covers.png\" alt=\"fundas personalizadas para palas de pickleball\" srcset=\"https:\/\/dinkpickleball.com\/wp-content\/uploads\/2023\/12\/Personalized-Pickleball-Paddle-Covers.png 1032w, https:\/\/dinkpickleball.com\/wp-content\/uploads\/2023\/12\/Personalized-Pickleball-Paddle-Covers-200x300.png 200w, https:\/\/dinkpickleball.com\/wp-content\/uploads\/2023\/12\/Personalized-Pickleball-Paddle-Covers-683x1024.png 683w, https:\/\/dinkpickleball.com\/wp-content\/uploads\/2023\/12\/Personalized-Pickleball-Paddle-Covers-768x1152.png 768w, https:\/\/dinkpickleball.com\/wp-content\/uploads\/2023\/12\/Personalized-Pickleball-Paddle-Covers-1024x1536.png 1024w\" sizes=\"auto, (max-width: 1032px) 100vw, 1032px\" \/>\t\t\t\t\t\t\t\t\t\t\t\t\t\t<\/p>\n<h2>C\u00f3mo personalizar<\/h2>\n<h3>\n\t\t\t\t\t\tConsulta inicial<br \/>\n\t\t\t\t<\/h3>\n<p>\n\t\t\t\t\t\tRecopilar toda la informaci\u00f3n necesaria para crear un producto personalizado que se ajuste a la identidad de su marca o equipo.\t\t\t\t\t<\/p>\n<h3>\n\t\t\t\t\t\tPropuesta de dise\u00f1o y aprobaci\u00f3n<br \/>\n\t\t\t\t<\/h3>\n<p>\n\t\t\t\t\t\tBas\u00e1ndose en la consulta inicial, nuestro equipo de dise\u00f1o crear\u00e1 una maqueta de la funda de p\u00e1del personalizada. Esta propuesta de dise\u00f1o le ser\u00e1 enviada para su revisi\u00f3n y aprobaci\u00f3n. Para garantizar que el dise\u00f1o propuesto cumple sus expectativas y realizar los ajustes necesarios antes de proceder a la producci\u00f3n.\t\t\t\t\t<\/p>\n<h3>\n\t\t\t\t\t\tProducci\u00f3n de muestras<br \/>\n\t\t\t\t<\/h3>\n<p>\n\t\t\t\t\t\tProporcionar un ejemplo tangible del producto final para su tranquilidad y confirmaci\u00f3n final.\t\t\t\t\t<\/p>\n<h3>\n\t\t\t\t\t\tProducci\u00f3n a granel<br \/>\n\t\t\t\t<\/h3>\n<p>\n\t\t\t\t\t\tProducir eficazmente las fundas de p\u00e1del personalizadas manteniendo una calidad uniforme en todas las unidades.\t\t\t\t\t<\/p>\n<p>\t\t\t<a role=\"button\"><br \/>\n\t\t\t\t\t\tSOLICITAR PRESUPUESTO<br \/>\n\t\t\t\t\t<\/a><\/p>\n<h2>Funda de Pickleball personalizada de DinkPickleball<\/h2>\n<h2>Excelencia en personalizaci\u00f3n<\/h2>\n<p>Nuestras fundas personalizadas para palas de pickleball ofrecen oportunidades inigualables de personalizaci\u00f3n. Ya sea por marca o por estilo individual, nuestras opciones de personalizaci\u00f3n garantizan que cada funda refleje la identidad \u00fanica de su marca o equipo.\u00a0<\/p>\n<h2>Materiales de primera calidad<\/h2>\n<p>Fabricadas con neopreno de alta calidad y lona de algod\u00f3n, nuestras fundas prometen durabilidad y una protecci\u00f3n duradera para sus remos. Este material es ideal para minoristas y distribuidores que buscan productos de calidad que resistan el paso del tiempo.<\/p>\n<h2>Facilidad de uso<\/h2>\n<p>Dise\u00f1adas para mayor comodidad, nuestras fundas para palas de p\u00e1del son extremadamente f\u00e1ciles de poner y quitar, lo que ahorra tiempo y molestias a los jugadores. Esta caracter\u00edstica resulta especialmente atractiva para equipos deportivos y jugadores individuales muy ocupados.<\/p>\n<h2>F\u00e1cil mantenimiento<\/h2>\n<p>La facilidad de limpieza de nuestras fundas garantiza que se mantengan en perfectas condiciones con el m\u00ednimo esfuerzo. Este aspecto es vital para las marcas y corporaciones que requieren que sus equipos tengan siempre un aspecto profesional y bien mantenido.<\/p>\n<h2>Dise\u00f1o protector<\/h2>\n<p>Nuestras fundas ofrecen una excelente protecci\u00f3n contra ara\u00f1azos, abolladuras y desgaste general. Esta protecci\u00f3n garantiza que las palas se mantengan en las mejores condiciones, un factor crucial para minoristas y equipos deportivos.<\/p>\n<h2>Opciones de estilo vers\u00e1tiles<\/h2>\n<p>Con una amplia gama de opciones de estilo, nuestras fundas personalizadas para palas de p\u00e1del se adaptan a todos los gustos y preferencias. Esta versatilidad hace que nuestras fundas sean una opci\u00f3n popular para marcas y corporaciones que buscan alinear el producto con su imagen.<\/p>\n<h2>PREGUNTAS FRECUENTES<\/h2>\n<p>Estas preguntas frecuentes est\u00e1n dise\u00f1adas para abordar las principales preocupaciones y agilizar el proceso de toma de decisiones para los clientes B2B que consideran Dinkpickleball para sus necesidades de fundas personalizadas para palas de pickleball:<\/p>\n<p>                        <a href=\"#collapse-bc228306575666a901bd\" data-ekit-toggle=\"collapse\" data-target=\"#Collapse-bc228306575666a901bd\" aria-expanded=\"true\" aria-controls=\"Collapse-bc228306575666a901bd\"><br \/>\n                            \u00bfQu\u00e9 opciones de personalizaci\u00f3n existen para las fundas de las palas de p\u00e1del?<br \/>\n                                        <!-- Normal Icon --><br \/>\n                                        <!-- Active Icon --><br \/>\n                                                    <\/a><\/p>\n<p>Ofrecemos una amplia gama de opciones de personalizaci\u00f3n, como opciones de color, impresi\u00f3n de logotipos y dise\u00f1os exclusivos. Nuestro equipo puede trabajar con usted para crear cubiertas que se adapten perfectamente a la identidad de su marca o equipo.<\/p>\n<p>                <!-- .elementskit-card END --><br \/>\n                        <a href=\"#collapse-3dad4e06575666a901bd\" data-ekit-toggle=\"collapse\" data-target=\"#Collapse-3dad4e06575666a901bd\" aria-expanded=\"false\" aria-controls=\"Collapse-3dad4e06575666a901bd\"><br \/>\n                            \u00bfQu\u00e9 materiales se utilizan en las fundas de las palas?<br \/>\n                                        <!-- Normal Icon --><br \/>\n                                        <!-- Active Icon --><br \/>\n                                                    <\/a><\/p>\n<p>Nuestras fundas para remos est\u00e1n fabricadas con neopreno y lona de algod\u00f3n de alta calidad, lo que garantiza la durabilidad y la protecci\u00f3n de los remos.<\/p>\n<p>                <!-- .elementskit-card END --><br \/>\n                        <a href=\"#collapse-8417e716575666a901bd\" data-ekit-toggle=\"collapse\" data-target=\"#Collapse-8417e716575666a901bd\" aria-expanded=\"false\" aria-controls=\"Collapse-8417e716575666a901bd\"><br \/>\n                            \u00bfHay descuentos por pedidos al por mayor?<br \/>\n                                        <!-- Normal Icon --><br \/>\n                                        <!-- Active Icon --><br \/>\n                                                    <\/a><\/p>\n<p>S\u00ed, ofrecemos precios competitivos y descuentos para pedidos al por mayor. El porcentaje de descuento depende de la cantidad del pedido. P\u00f3ngase en contacto con nosotros para obtener un presupuesto detallado.<\/p>\n<p>                <!-- .elementskit-card END --><br \/>\n                        <a href=\"#collapse-293f4f96575666a901bd\" data-ekit-toggle=\"collapse\" data-target=\"#Collapse-293f4f96575666a901bd\" aria-expanded=\"false\" aria-controls=\"Collapse-293f4f96575666a901bd\"><br \/>\n                            \u00bfC\u00f3mo garantizamos la calidad de los productos?<br \/>\n                                        <!-- Normal Icon --><br \/>\n                                        <!-- Active Icon --><br \/>\n                                                    <\/a><\/p>\n<p>La calidad es nuestra m\u00e1xima prioridad. Llevamos a cabo rigurosos controles de calidad en cada fase de la producci\u00f3n para garantizar que cada cubierta cumple nuestros elevados est\u00e1ndares y sus expectativas.<\/p>\n<p>                <!-- .elementskit-card END --><br \/>\n                        <a href=\"#collapse-1e5da806575666a901bd\" data-ekit-toggle=\"collapse\" data-target=\"#Collapse-1e5da806575666a901bd\" aria-expanded=\"false\" aria-controls=\"Collapse-1e5da806575666a901bd\"><br \/>\n                            \u00bfPodemos solicitar muestras antes de hacer un pedido al por mayor?<br \/>\n                                        <!-- Normal Icon --><br \/>\n                                        <!-- Active Icon --><br \/>\n                                                    <\/a><\/p>\n<p>Por supuesto, podemos proporcionarle fundas de muestra para su evaluaci\u00f3n. P\u00f3ngase en contacto con nosotros para hablar de los detalles y organizar la entrega de muestras.<\/p>\n<p>                <!-- .elementskit-card END --><\/p>","protected":false},"excerpt":{"rendered":"<p>Custom Pickleball Paddle Cover Understanding the unique needs of brands and teams, Dinkpickleball offers exceptional customization services. From personalized designs to specific branding requirements, our expertise in creating tailor-made pickleball paddle covers sets us apart and adds significant value for you. GET A QUOTE Competitive Pricing Dinkpickleball offers competitive pricing structures, especially for bulk and [&hellip;]<\/p>\n","protected":false},"author":1,"featured_media":0,"parent":0,"menu_order":0,"comment_status":"closed","ping_status":"closed","template":"","meta":{"_seopress_robots_primary_cat":"","_seopress_titles_title":"","_seopress_titles_desc":"","_seopress_robots_index":"","footnotes":""},"class_list":["post-15549","page","type-page","status-publish","hentry"],"meta_box":[],"_links":{"self":[{"href":"https:\/\/dinkpickleball.com\/es\/wp-json\/wp\/v2\/pages\/15549","targetHints":{"allow":["GET"]}}],"collection":[{"href":"https:\/\/dinkpickleball.com\/es\/wp-json\/wp\/v2\/pages"}],"about":[{"href":"https:\/\/dinkpickleball.com\/es\/wp-json\/wp\/v2\/types\/page"}],"author":[{"embeddable":true,"href":"https:\/\/dinkpickleball.com\/es\/wp-json\/wp\/v2\/users\/1"}],"replies":[{"embeddable":true,"href":"https:\/\/dinkpickleball.com\/es\/wp-json\/wp\/v2\/comments?post=15549"}],"version-history":[{"count":62,"href":"https:\/\/dinkpickleball.com\/es\/wp-json\/wp\/v2\/pages\/15549\/revisions"}],"predecessor-version":[{"id":16292,"href":"https:\/\/dinkpickleball.com\/es\/wp-json\/wp\/v2\/pages\/15549\/revisions\/16292"}],"wp:attachment":[{"href":"https:\/\/dinkpickleball.com\/es\/wp-json\/wp\/v2\/media?parent=15549"}],"curies":[{"name":"wp","href":"https:\/\/api.w.org\/{rel}","templated":true}]}}