{"id":15243,"date":"2023-09-21T17:16:47","date_gmt":"2023-09-21T09:16:47","guid":{"rendered":"https:\/\/dinkpickleball.com\/?page_id=15243"},"modified":"2025-01-13T22:01:12","modified_gmt":"2025-01-13T14:01:12","slug":"pickleball-training-paddle","status":"publish","type":"page","link":"https:\/\/dinkpickleball.com\/es\/pickleball-training-paddle\/","title":{"rendered":"Paleta de entrenamiento Pickleball"},"content":{"rendered":"<h1>Paleta de entrenamiento Pickleball<\/h1>\n<h3>Dise\u00f1ada para perfeccionar su juego. Experimente la ventaja que cambia el juego de una pala dise\u00f1ada para golpear consistentemente el punto dulce. Eleve sus habilidades, ya sea en un partido casual o en un torneo competitivo. Con nuestra pala, la precisi\u00f3n no es s\u00f3lo un objetivo; es una garant\u00eda.<\/h3>\n<p>\t\t\t<a role=\"button\"><br \/>\n\t\t\t\t\t\t\t\t\tSOLICITAR PRESUPUESTO<br \/>\n\t\t\t\t\t<\/a><br \/>\n\t\t\t\t\t\t\t\t\t\t\t\t\t<img loading=\"lazy\" decoding=\"async\" width=\"600\" height=\"900\" src=\"https:\/\/dinkpickleball.com\/wp-content\/uploads\/2023\/11\/pickleball-focus-training-paddle.png\" alt=\"paleta de entrenamiento pickleball focus\" srcset=\"https:\/\/dinkpickleball.com\/wp-content\/uploads\/2023\/11\/pickleball-focus-training-paddle.png 600w, https:\/\/dinkpickleball.com\/wp-content\/uploads\/2023\/11\/pickleball-focus-training-paddle-200x300.png 200w\" sizes=\"auto, (max-width: 600px) 100vw, 600px\" \/>\t\t\t\t\t\t\t\t\t\t\t\t\t<\/p>\n<h2>Para entrenadores y formadores<\/h2>\n<p>Las palas de entrenamiento de pickleball de Dinkpickleball son una gran ayuda para entrenadores profesionales que buscan mejorar las habilidades de sus clientes. El dise\u00f1o de las palas se centra en mejorar la precisi\u00f3n y la coordinaci\u00f3n mano-ojo, lo que las hace m\u00e1s eficaces y gratificantes.<\/p>\n<p>\t\t\t<a role=\"button\"><br \/>\n\t\t\t\t\t\t\t\t\tSOLICITAR PRESUPUESTO<br \/>\n\t\t\t\t\t<\/a><\/p>\n<h2>Para minoristas y distribuidores<\/h2>\n<p>Dinkpickleball le ofrece una oportunidad excepcional para diversificar su inventario de material deportivo. Nuestro <!-- notionvc: 227f3bd9-c6d5-4ef1-8d12-62837ad2cf11 -->Las palas de entrenamiento de pickleball est\u00e1n dise\u00f1adas para ofrecer un rendimiento y una durabilidad superiores, garantizando la satisfacci\u00f3n del cliente.\u00a0<\/p>\n<p>\t\t\t<a role=\"button\"><br \/>\n\t\t\t\t\t\t\t\t\tSOLICITAR PRESUPUESTO<br \/>\n\t\t\t\t\t<\/a><\/p>\n<h2>Para las marcas<\/h2>\n<p>En un mercado en el que la diferenciaci\u00f3n es clave, Dinkpickleball le ofrece una pala de entrenamiento de pickleball que encarna tanto la calidad como la innovaci\u00f3n. Nuestra funci\u00f3n de peso personalizable permite a su marca ofrecer una experiencia adaptada a cada cliente.\u00a0<\/p>\n<p>\t\t\t<a role=\"button\"><br \/>\n\t\t\t\t\t\t\t\t\tSOLICITAR PRESUPUESTO<br \/>\n\t\t\t\t\t<\/a><\/p>\n<figure><img decoding=\"async\" src=\"https:\/\/dinkpickleball.com\/wp-content\/uploads\/2022\/06\/onix.png\" alt=\"onix\" \/><\/figure>\n<figure><img decoding=\"async\" src=\"https:\/\/dinkpickleball.com\/wp-content\/uploads\/2022\/06\/Diadem-logo.png\" alt=\"Logotipo de la diadema\" \/><\/figure>\n<figure><img decoding=\"async\" src=\"https:\/\/dinkpickleball.com\/wp-content\/uploads\/2022\/06\/Gamma.png\" alt=\"Gamma\" \/><\/figure>\n<figure><img decoding=\"async\" src=\"https:\/\/dinkpickleball.com\/wp-content\/uploads\/2022\/06\/Paddletek.png\" alt=\"Paddletek\" \/><\/figure>\n<figure><img decoding=\"async\" src=\"https:\/\/dinkpickleball.com\/wp-content\/uploads\/2023\/04\/RECESS-logo.png\" alt=\"Logotipo de RECESS\" \/><\/figure>\n<figure><img decoding=\"async\" src=\"https:\/\/dinkpickleball.com\/wp-content\/uploads\/2023\/04\/CRBN-logo.png\" alt=\"Logotipo de CRBN\" \/><\/figure>\n<figure><img decoding=\"async\" src=\"https:\/\/dinkpickleball.com\/wp-content\/uploads\/2023\/04\/STIGA-logo.png\" alt=\"Logotipo de STIGA\" \/><\/figure>\n<figure><img decoding=\"async\" src=\"https:\/\/dinkpickleball.com\/wp-content\/uploads\/2022\/06\/niupipo.png\" alt=\"niupipo\" \/><\/figure>\n<h2>Eleve su juego, mejore su t\u00e9cnica<\/h2>\n<p>Dinkpickleball est\u00e1 redefiniendo el entrenamiento con palas dise\u00f1adas para elevar su juego. Nuestras palas no son s\u00f3lo equipamiento; son una extensi\u00f3n de tu ambici\u00f3n de superaci\u00f3n. Al mejorar la precisi\u00f3n y la coordinaci\u00f3n, mejoran tu t\u00e9cnica, haciendo que cada sesi\u00f3n de entrenamiento cuente en tu camino para convertirte en un campe\u00f3n de pickleball.<\/p>\n<p>                <a ><br \/>\n                    <img loading=\"lazy\" decoding=\"async\" width=\"1000\" height=\"1000\" src=\"https:\/\/dinkpickleball.com\/wp-content\/uploads\/2023\/11\/pickleball-training-paddles.jpg\" alt=\"palas de entrenamiento de pickleball\" srcset=\"https:\/\/dinkpickleball.com\/wp-content\/uploads\/2023\/11\/pickleball-training-paddles.jpg 1000w, https:\/\/dinkpickleball.com\/wp-content\/uploads\/2023\/11\/pickleball-training-paddles-300x300.jpg 300w, https:\/\/dinkpickleball.com\/wp-content\/uploads\/2023\/11\/pickleball-training-paddles-150x150.jpg 150w, https:\/\/dinkpickleball.com\/wp-content\/uploads\/2023\/11\/pickleball-training-paddles-768x768.jpg 768w\" sizes=\"auto, (max-width: 1000px) 100vw, 1000px\" \/><br \/>\n                <\/a><br \/>\n                                                            <a ><br \/>\n                                    SOLICITAR PRESUPUESTO                                <\/a><br \/>\n                <a ><br \/>\n                    <img loading=\"lazy\" decoding=\"async\" width=\"1000\" height=\"1000\" src=\"https:\/\/dinkpickleball.com\/wp-content\/uploads\/2023\/11\/training-pickleball-paddle.jpg\" alt=\"pala de entrenamiento de pickleball\" srcset=\"https:\/\/dinkpickleball.com\/wp-content\/uploads\/2023\/11\/training-pickleball-paddle.jpg 1000w, https:\/\/dinkpickleball.com\/wp-content\/uploads\/2023\/11\/training-pickleball-paddle-300x300.jpg 300w, https:\/\/dinkpickleball.com\/wp-content\/uploads\/2023\/11\/training-pickleball-paddle-150x150.jpg 150w, https:\/\/dinkpickleball.com\/wp-content\/uploads\/2023\/11\/training-pickleball-paddle-768x768.jpg 768w\" sizes=\"auto, (max-width: 1000px) 100vw, 1000px\" \/><br \/>\n                <\/a><br \/>\n                                                            <a ><br \/>\n                                    SOLICITAR PRESUPUESTO                                <\/a><br \/>\n\t\t\t\t\t\t\t\t\t\t\t\t\t<img loading=\"lazy\" decoding=\"async\" width=\"1078\" height=\"1618\" src=\"https:\/\/dinkpickleball.com\/wp-content\/uploads\/2023\/11\/custom-pickleball-training-paddle.png\" alt=\"pala de entrenamiento de pickleball personalizada\" srcset=\"https:\/\/dinkpickleball.com\/wp-content\/uploads\/2023\/11\/custom-pickleball-training-paddle.png 1078w, https:\/\/dinkpickleball.com\/wp-content\/uploads\/2023\/11\/custom-pickleball-training-paddle-200x300.png 200w, https:\/\/dinkpickleball.com\/wp-content\/uploads\/2023\/11\/custom-pickleball-training-paddle-682x1024.png 682w, https:\/\/dinkpickleball.com\/wp-content\/uploads\/2023\/11\/custom-pickleball-training-paddle-768x1153.png 768w, https:\/\/dinkpickleball.com\/wp-content\/uploads\/2023\/11\/custom-pickleball-training-paddle-1023x1536.png 1023w\" sizes=\"auto, (max-width: 1078px) 100vw, 1078px\" \/>\t\t\t\t\t\t\t\t\t\t\t\t\t<\/p>\n<h2>C\u00f3mo personalizar<\/h2>\n<h3>\n\t\t\t\t\t\t\tConsulta inicial<br \/>\n\t\t\t\t\t<\/h3>\n<p>\n\t\t\t\t\t\tUn gestor de producto programar\u00e1 una consulta para discutir las necesidades y requisitos espec\u00edficos del cliente para las palas de entrenamiento de pickleball personalizadas. Durante la consulta, el representante de ventas recopilar\u00e1 los requisitos detallados del cliente. Esto incluye la cantidad de palas necesarias, las preferencias de dise\u00f1o espec\u00edficas (como colores, logotipos y otros elementos de marca), las preferencias de material, las especificaciones de peso y cualquier otra caracter\u00edstica personalizada deseada.\t\t\t\t\t<\/p>\n<h3>\n\t\t\t\t\t\t\tDise\u00f1o y prototipo<br \/>\n\t\t\t\t\t<\/h3>\n<p>\n\t\t\t\t\t\tBas\u00e1ndose en los requisitos recopilados, el equipo de dise\u00f1o de Dinkpickleball crear\u00e1 un prototipo de la pala personalizada. Esto puede implicar la creaci\u00f3n de maquetas digitales o de una muestra f\u00edsica real, en funci\u00f3n de las necesidades del cliente y de la complejidad del dise\u00f1o.\t\t\t\t\t<\/p>\n<h3>\n\t\t\t\t\t\t\tRevisi\u00f3n y aprobaci\u00f3n del cliente<br \/>\n\t\t\t\t\t<\/h3>\n<p>\n\t\t\t\t\t\tEl prototipo o maqueta se env\u00eda al cliente para que lo revise. El cliente puede solicitar cualquier cambio o ajuste. Una vez que el cliente aprueba el dise\u00f1o, Dinkpickleball proporciona un presupuesto final que incluye el coste por unidad y el coste total del pedido. A continuaci\u00f3n, el cliente confirmar\u00e1 el pedido y efectuar\u00e1 los pagos necesarios seg\u00fan las condiciones acordadas.\t\t\t\t\t<\/p>\n<h3>\n\t\t\t\t\t\t\tMuestra y producci\u00f3n<br \/>\n\t\t\t\t\t<\/h3>\n<p>\n\t\t\t\t\t\tA partir de los comentarios del cliente, se elabora una muestra final del remo personalizado. Esta muestra es una representaci\u00f3n cercana del producto final, mostrando los materiales reales, el peso y el dise\u00f1o. Una vez confirmado el pedido y procesado el pago, el equipo de fabricaci\u00f3n de Dinkpickleball comienza la producci\u00f3n de las palas de entrenamiento de pickleball personalizadas. El tiempo de producci\u00f3n puede variar dependiendo del tama\u00f1o del pedido y la complejidad de las personalizaciones.\t\t\t\t\t<\/p>\n<p>\t\t\t<a role=\"button\"><br \/>\n\t\t\t\t\t\t\t\t\tSOLICITAR PRESUPUESTO<br \/>\n\t\t\t\t\t<\/a><\/p>\n<h2>Por qu\u00e9 DinkPickleball<\/h2>\n<h2>Mejora de la precisi\u00f3n<\/h2>\n<p>La pala de entrenamiento de Dinkpickleball est\u00e1 dise\u00f1ada por expertos para mejorar la precisi\u00f3n, centr\u00e1ndose espec\u00edficamente en el punto dulce. Esta mejora de la precisi\u00f3n es crucial para usted que busca ofrecer productos de alta calidad y centrados en el rendimiento.<\/p>\n<h2>Herramienta de formaci\u00f3n vers\u00e1til<\/h2>\n<p>Ideal tanto para calentamientos como para entrenamientos intensivos, esta pala es un complemento vers\u00e1til para cualquier jugador. Esta adaptabilidad la hace atractiva para torneos, equipos deportivos y organizaciones sin \u00e1nimo de lucro que acogen a jugadores de distintos niveles.<\/p>\n<h2>Peso personalizable <\/h2>\n<p>Con la opci\u00f3n de a\u00f1adir peso de plomo, nuestra pala de entrenamiento de pickleball se puede adaptar para que coincida con la sensaci\u00f3n de la pala favorita de un jugador, por lo que es perfecta para marcas y jugadores individuales centrados en una experiencia de entrenamiento personalizada.<\/p>\n<h2>Mejora de la coordinaci\u00f3n \u00f3culo-manual<\/h2>\n<p>Nuestra pala eleva el juego de los jugadores al mejorar la coordinaci\u00f3n mano-ojo. Esta caracter\u00edstica es especialmente atractiva para entrenadores, equipos deportivos e instituciones educativas que se centran en el desarrollo de habilidades.<\/p>\n<h2>Cumplimiento de las normas de la USAPA<\/h2>\n<p>Dinkpickleball garantiza que nuestras palas cumplen los est\u00e1ndares de la USAPA, proporcionando garant\u00eda de calidad y cumplimiento de la normativa a minoristas, distribuidores y entidades profesionales.<\/p>\n<h2>Pedidos a granel y personalizados para necesidades empresariales<\/h2>\n<p>Dinkpickleball se especializa en pedidos B2B, a granel y personalizados, lo que convierte a nuestras palas en la opci\u00f3n preferida de minoristas, marcas y organizaciones que buscan soluciones personalizadas.<\/p>\n<h2>PREGUNTAS FRECUENTES<\/h2>\n<p>Estas son algunas de las preguntas m\u00e1s frecuentes (FAQ) que los clientes B2B pueden tener al considerar la compra de Pickleball Training Paddle:<\/p>\n<p>                        <a href=\"#collapse-bc22830662f09a6c7f00\" data-ekit-toggle=\"collapse\" data-target=\"#Collapse-bc22830662f09a6c7f00\" aria-expanded=\"true\" aria-controls=\"Collapse-bc22830662f09a6c7f00\"><br \/>\n                            P: \u00bfQu\u00e9 distingue a las palas de entrenamiento Dinkpickleball&#039;de las de la competencia?<br \/>\n                                        <!-- Normal Icon --><br \/>\n                                        <!-- Active Icon --><br \/>\n                                                    <\/a><\/p>\n<p>R: Nuestras palas est\u00e1n dise\u00f1adas para mejorar el rendimiento de los jugadores. Cuentan con un dise\u00f1o \u00fanico que mejora el golpeo en el punto dulce, mejora la coordinaci\u00f3n mano-ojo y se adapta a jugadores de todos los niveles. Esto las hace ideales para una amplia gama de clientes, desde principiantes hasta jugadores avanzados.R: Nuestras palas est\u00e1n dise\u00f1adas con el objetivo de mejorar el rendimiento del jugador. Cuentan con un dise\u00f1o \u00fanico que mejora el golpeo en el punto dulce, mejora la coordinaci\u00f3n mano-ojo y se adapta a jugadores de todos los niveles. Esto las hace ideales para una amplia gama de clientes, desde principiantes hasta jugadores avanzados.<\/p>\n<p>                <!-- .elementskit-card END --><br \/>\n                        <a href=\"#collapse-3dad4e0662f09a6c7f00\" data-ekit-toggle=\"collapse\" data-target=\"#Collapse-3dad4e0662f09a6c7f00\" aria-expanded=\"false\" aria-controls=\"Collapse-3dad4e0662f09a6c7f00\"><br \/>\n                            P: \u00bfSe pueden personalizar las palas para pedidos al por mayor?<br \/>\n                                        <!-- Normal Icon --><br \/>\n                                        <!-- Active Icon --><br \/>\n                                                    <\/a><\/p>\n<p>R: Por supuesto. Ofrecemos opciones de personalizaci\u00f3n para pedidos al por mayor, lo que permite a las empresas y organizaciones adaptar las palas a sus necesidades espec\u00edficas, ya sea con fines de marca o para atender a un grupo concreto de jugadores.<\/p>\n<p>                <!-- .elementskit-card END --><br \/>\n                        <a href=\"#collapse-8417e71662f09a6c7f00\" data-ekit-toggle=\"collapse\" data-target=\"#Collapse-8417e71662f09a6c7f00\" aria-expanded=\"false\" aria-controls=\"Collapse-8417e71662f09a6c7f00\"><br \/>\n                            P: \u00bfCumplen las palas las normas oficiales de equipamiento de pickleball?<br \/>\n                                        <!-- Normal Icon --><br \/>\n                                        <!-- Active Icon --><br \/>\n                                                    <\/a><\/p>\n<p>R: S\u00ed, todas las palas de entrenamiento Dinkpickleball est\u00e1n dise\u00f1adas para cumplir y superar los est\u00e1ndares establecidos por la USA Pickleball Association (USAPA), asegurando que son adecuadas tanto para el entrenamiento como para el juego oficial en torneos.<\/p>\n<p>                <!-- .elementskit-card END --><br \/>\n                        <a href=\"#collapse-293f4f9662f09a6c7f00\" data-ekit-toggle=\"collapse\" data-target=\"#Collapse-293f4f9662f09a6c7f00\" aria-expanded=\"false\" aria-controls=\"Collapse-293f4f9662f09a6c7f00\"><br \/>\n                            P: \u00bfPueden gestionar grandes pedidos para eventos u organizaciones?<br \/>\n                                        <!-- Normal Icon --><br \/>\n                                        <!-- Active Icon --><br \/>\n                                                    <\/a><\/p>\n<p>R: S\u00ed, estamos totalmente equipados para gestionar grandes pedidos. Nuestra capacidad de fabricaci\u00f3n nos permite satisfacer las demandas de grandes eventos, torneos, escuelas u organizaciones que necesitan una cantidad considerable de palas sin comprometer la calidad.<\/p>\n<p>                <!-- .elementskit-card END --><br \/>\n                        <a href=\"#collapse-1e5da80662f09a6c7f00\" data-ekit-toggle=\"collapse\" data-target=\"#Collapse-1e5da80662f09a6c7f00\" aria-expanded=\"false\" aria-controls=\"Collapse-1e5da80662f09a6c7f00\"><br \/>\n                            P: \u00bfHay descuentos por pedidos al por mayor o repetidos?<br \/>\n                                        <!-- Normal Icon --><br \/>\n                                        <!-- Active Icon --><br \/>\n                                                    <\/a><\/p>\n<p>R: Valoramos las relaciones a largo plazo y ofrecemos precios competitivos para pedidos al por mayor y repetidos. Nuestra estructura de precios est\u00e1 dise\u00f1ada para beneficiar a las empresas y organizaciones que realizan grandes compras.<\/p>\n<p>                <!-- .elementskit-card END --><\/p>","protected":false},"excerpt":{"rendered":"<p>Pickleball Training Paddle Engineered to perfect your play. Experience the game-changing advantage of a paddle designed to consistently hit the sweet spot. Elevate your skills, whether it&#8217;s a casual match or a competitive tournament. With our paddle, accuracy isn&#8217;t just a goal; it&#8217;s a guarantee. GET A QUOTE For Coaches and Trainers Dinkpickleball&#8217;s pickleball training [&hellip;]<\/p>\n","protected":false},"author":1,"featured_media":0,"parent":0,"menu_order":0,"comment_status":"closed","ping_status":"closed","template":"","meta":{"_seopress_robots_primary_cat":"","_seopress_titles_title":"","_seopress_titles_desc":"","_seopress_robots_index":"","footnotes":""},"class_list":["post-15243","page","type-page","status-publish","hentry"],"meta_box":[],"_links":{"self":[{"href":"https:\/\/dinkpickleball.com\/es\/wp-json\/wp\/v2\/pages\/15243","targetHints":{"allow":["GET"]}}],"collection":[{"href":"https:\/\/dinkpickleball.com\/es\/wp-json\/wp\/v2\/pages"}],"about":[{"href":"https:\/\/dinkpickleball.com\/es\/wp-json\/wp\/v2\/types\/page"}],"author":[{"embeddable":true,"href":"https:\/\/dinkpickleball.com\/es\/wp-json\/wp\/v2\/users\/1"}],"replies":[{"embeddable":true,"href":"https:\/\/dinkpickleball.com\/es\/wp-json\/wp\/v2\/comments?post=15243"}],"version-history":[{"count":39,"href":"https:\/\/dinkpickleball.com\/es\/wp-json\/wp\/v2\/pages\/15243\/revisions"}],"predecessor-version":[{"id":16287,"href":"https:\/\/dinkpickleball.com\/es\/wp-json\/wp\/v2\/pages\/15243\/revisions\/16287"}],"wp:attachment":[{"href":"https:\/\/dinkpickleball.com\/es\/wp-json\/wp\/v2\/media?parent=15243"}],"curies":[{"name":"wp","href":"https:\/\/api.w.org\/{rel}","templated":true}]}}