{"id":15195,"date":"2023-09-08T10:08:54","date_gmt":"2023-09-08T02:08:54","guid":{"rendered":"https:\/\/dinkpickleball.com\/?page_id=15195"},"modified":"2025-01-13T22:02:06","modified_gmt":"2025-01-13T14:02:06","slug":"3d-18k-carbon-fiber-paddle","status":"publish","type":"page","link":"https:\/\/dinkpickleball.com\/es\/3d-18k-carbon-fiber-paddle\/","title":{"rendered":"Pala de fibra de carbono 3D 18k"},"content":{"rendered":"<h1>Fabricante de palas de fibra de carbono 3D 18k<\/h1>\n<p>Eleve su espacio comercial con nuestra paleta de Pickleball 3D de fibra de carbono de 18 quilates. Su dise\u00f1o \u00fanico y su atractivo visual prometen atraer m\u00e1s visitantes, aumentando el compromiso en la tienda y las ventas potenciales. Dada la tecnolog\u00eda avanzada y las caracter\u00edsticas \u00fanicas de nuestra pala, los minoristas pueden obtener un precio superior, aumentando sus m\u00e1rgenes de beneficio y los ingresos totales.<\/p>\n<p><a role=\"button\"><br \/>\nSolicite nuestro \u00faltimo precio<br \/>\n<\/a><br \/>\n<img decoding=\"async\" src=\"https:\/\/dinkpickleball.com\/wp-content\/uploads\/2023\/09\/3D-18k-Carbon-Fiber-Paddle-Manufacturer.png\" title=\"Fabricante de palas de fibra de carbono 3D 18k\" alt=\"3d 18k fabricante de paletas de fibra de carbono\" loading=\"lazy\" \/><\/p>\n<h2>Atractivo para todos<\/h2>\n<p>Al ofrecer productos que muestran la c\u00faspide de la innovaci\u00f3n y la calidad, no s\u00f3lo est\u00e1 haciendo una venta; est\u00e1 fomentando la fidelidad a la marca. Los clientes satisfechos volver\u00e1n buscando lo \u00faltimo y lo mejor, y nuestro remo le sit\u00faa a la vanguardia de esa demanda.<\/p>\n<h3>\n\t\t\t\t\t\tInversi\u00f3n en tecnolog\u00eda avanzada<\/h3>\n<p>Aproveche el poder de la tecnolog\u00eda de vanguardia de fibra de carbono 3D 18k. Destaca en el mercado con una pala que representa el pin\u00e1culo de la innovaci\u00f3n en la industria del pickleball.<\/p>\n<h3>\n\t\t\t\t\t\tControl de giro superior<\/h3>\n<p>Con un exclusivo tejido triaxial de hilos entrelazados, nuestra pala ofrece un potencial de giro inigualable en todos los \u00e1ngulos. Ofrezca a sus clientes una ventaja competitiva sin igual.<\/p>\n<h3>\n\t\t\t\t\t\tAtractivo visual<\/h3>\n<p>La fascinante \u00f3ptica 3D de la pala no s\u00f3lo eleva la experiencia del jugador, sino que tambi\u00e9n promete ser un punto de venta visual, atrayendo a los clientes y mejorando los escaparates de las tiendas.<\/p>\n<h3>\n\t\t\t\t\t\tDiferenciaci\u00f3n competitiva<\/h3>\n<p>Destaque en el panorama B2B ofreciendo un producto con una cara \u00fanica de fibra de carbono 3D-18k. Eleve su marca asoci\u00e1ndose a un producto que es simplemente \"mejor\".<\/p>\n<h3>\n\t\t\t\t\t\tCompromiso con la calidad<\/h3>\n<p>As\u00f3ciese con Dinkpickleball, una empresa que prioriza la fabricaci\u00f3n y el dise\u00f1o de primer nivel. Aseg\u00farese de que sus clientes reciben un producto elaborado con una precisi\u00f3n y una pasi\u00f3n inigualables.<\/p>\n<h3>\n\t\t\t\t\t\tPosicionamiento vers\u00e1til en el mercado<\/h3>\n<p>Tanto si se dirige a jugadores experimentados como a principiantes, la pala 3D 18k se adapta a un amplio espectro de p\u00fablico. Una soluci\u00f3n \u00fanica para diversificar su oferta de productos.<\/p>","protected":false},"excerpt":{"rendered":"<p>3D 18k Carbon Fiber Paddle Manufacturer Elevate your retail space with our 3D 18k Carbon Fiber Pickleball Paddle. Its unique design and visual appeal promise to attract more foot traffic, increasing in-store engagement and potential sales. Given the advanced technology and unique features of our paddle, retailers can command a premium price point, increasing your [&hellip;]<\/p>\n","protected":false},"author":1,"featured_media":0,"parent":0,"menu_order":0,"comment_status":"closed","ping_status":"closed","template":"","meta":{"_seopress_robots_primary_cat":"","_seopress_titles_title":"","_seopress_titles_desc":"Elevate your retail space with our 3D 18k Carbon Fiber Pickleball Paddle. Its unique design and visual appeal promise to attract more foot traffic, increasing in-store engagement and potential sales.","_seopress_robots_index":"","footnotes":""},"class_list":["post-15195","page","type-page","status-publish","hentry"],"meta_box":[],"_links":{"self":[{"href":"https:\/\/dinkpickleball.com\/es\/wp-json\/wp\/v2\/pages\/15195","targetHints":{"allow":["GET"]}}],"collection":[{"href":"https:\/\/dinkpickleball.com\/es\/wp-json\/wp\/v2\/pages"}],"about":[{"href":"https:\/\/dinkpickleball.com\/es\/wp-json\/wp\/v2\/types\/page"}],"author":[{"embeddable":true,"href":"https:\/\/dinkpickleball.com\/es\/wp-json\/wp\/v2\/users\/1"}],"replies":[{"embeddable":true,"href":"https:\/\/dinkpickleball.com\/es\/wp-json\/wp\/v2\/comments?post=15195"}],"version-history":[{"count":24,"href":"https:\/\/dinkpickleball.com\/es\/wp-json\/wp\/v2\/pages\/15195\/revisions"}],"predecessor-version":[{"id":16283,"href":"https:\/\/dinkpickleball.com\/es\/wp-json\/wp\/v2\/pages\/15195\/revisions\/16283"}],"wp:attachment":[{"href":"https:\/\/dinkpickleball.com\/es\/wp-json\/wp\/v2\/media?parent=15195"}],"curies":[{"name":"wp","href":"https:\/\/api.w.org\/{rel}","templated":true}]}}