{"id":15081,"date":"2023-08-12T01:35:23","date_gmt":"2023-08-11T17:35:23","guid":{"rendered":"https:\/\/dinkpickleball.com\/?page_id=15081"},"modified":"2025-01-13T22:08:11","modified_gmt":"2025-01-13T14:08:11","slug":"pickleball-paddle-eraser","status":"publish","type":"page","link":"https:\/\/dinkpickleball.com\/es\/pickleball-paddle-eraser\/","title":{"rendered":"Borrador de palas de Pickleball"},"content":{"rendered":"<h1>Borrador de palas de Pickleball<\/h1>\n<p><strong>A medida para impresionar, dise\u00f1ado para durar<\/strong>: Equipe su negocio con la soluci\u00f3n definitiva para el cuidado de las palas. Limpieza \u00f3ptima en todo momento. Su negocio se merece algo m\u00e1s que gen\u00e9rico. Elija Dinkpickleball's Custom Paddle Eraser - donde su marca brilla con cada pasada.<\/p>\n<p>\t\t\t<a role=\"button\"><br \/>\n\t\t\t\t\t\tPresupuesto r\u00e1pido<br \/>\n\t\t\t\t\t<\/a><br \/>\n\t\t\t\t\t\t\t\t\t\t\t\t<img decoding=\"async\" width=\"800\" height=\"800\" src=\"https:\/\/dinkpickleball.com\/wp-content\/uploads\/2023\/08\/banner.png\" alt=\"banner\" loading=\"lazy\" srcset=\"https:\/\/dinkpickleball.com\/wp-content\/uploads\/2023\/08\/banner.png 800w, https:\/\/dinkpickleball.com\/wp-content\/uploads\/2023\/08\/banner-300x300.png 300w, https:\/\/dinkpickleball.com\/wp-content\/uploads\/2023\/08\/banner-150x150.png 150w, https:\/\/dinkpickleball.com\/wp-content\/uploads\/2023\/08\/banner-768x768.png 768w, https:\/\/dinkpickleball.com\/wp-content\/uploads\/2023\/08\/banner-600x600.png 600w, https:\/\/dinkpickleball.com\/wp-content\/uploads\/2023\/08\/banner-100x100.png 100w\" sizes=\"auto, (max-width: 800px) 100vw, 800px\" \/>\t\t\t\t\t\t\t\t\t\t\t\t\t\t<\/p>\n<h2>Limpieza de precisi\u00f3n, m\u00e1ximo rendimiento<\/h2>\n<p>Transforme su oferta de pickleball con gomas de borrar adaptadas a la esencia de su marca. Personalizados. Limpias. Cautivadoras.<\/p>\n<figure class='gallery-item'>\n\t\t\t\t<a  title=\"Borrador de palas de Pickleball\"  href='https:\/\/dinkpickleball.com\/wp-content\/uploads\/2023\/08\/Pickleball-Paddle-Eraser.jpg'><img width=\"800\" height=\"800\" src=\"https:\/\/dinkpickleball.com\/wp-content\/uploads\/2023\/08\/Pickleball-Paddle-Eraser.jpg\" alt=\"Borrador de palas de Pickleball\" decoding=\"async\" aria-describedby=\"gallery-1-15090\" loading=\"lazy\" srcset=\"https:\/\/dinkpickleball.com\/wp-content\/uploads\/2023\/08\/Pickleball-Paddle-Eraser.jpg 800w, https:\/\/dinkpickleball.com\/wp-content\/uploads\/2023\/08\/Pickleball-Paddle-Eraser-300x300.jpg 300w, https:\/\/dinkpickleball.com\/wp-content\/uploads\/2023\/08\/Pickleball-Paddle-Eraser-150x150.jpg 150w, https:\/\/dinkpickleball.com\/wp-content\/uploads\/2023\/08\/Pickleball-Paddle-Eraser-768x768.jpg 768w, https:\/\/dinkpickleball.com\/wp-content\/uploads\/2023\/08\/Pickleball-Paddle-Eraser-600x600.jpg 600w, https:\/\/dinkpickleball.com\/wp-content\/uploads\/2023\/08\/Pickleball-Paddle-Eraser-100x100.jpg 100w\" sizes=\"auto, (max-width: 800px) 100vw, 800px\" \/><\/a><figcaption class='wp-caption-text gallery-caption' id='gallery-1-15090'>\n\t\t\t\tBorrador de palas de Pickleball<br \/>\n\t\t\t\t<\/figcaption><\/figure>\n<figure class='gallery-item'>\n\t\t\t\t<a  title=\"Borrador de paleta de Pickleball al por mayor\"  href='https:\/\/dinkpickleball.com\/wp-content\/uploads\/2023\/08\/Pickleball-Paddle-Eraser-wholesale.jpg'><img width=\"800\" height=\"800\" src=\"https:\/\/dinkpickleball.com\/wp-content\/uploads\/2023\/08\/Pickleball-Paddle-Eraser-wholesale.jpg\" alt=\"Borrador de paleta de Pickleball al por mayor\" decoding=\"async\" aria-describedby=\"gallery-1-15089\" loading=\"lazy\" srcset=\"https:\/\/dinkpickleball.com\/wp-content\/uploads\/2023\/08\/Pickleball-Paddle-Eraser-wholesale.jpg 800w, https:\/\/dinkpickleball.com\/wp-content\/uploads\/2023\/08\/Pickleball-Paddle-Eraser-wholesale-300x300.jpg 300w, https:\/\/dinkpickleball.com\/wp-content\/uploads\/2023\/08\/Pickleball-Paddle-Eraser-wholesale-150x150.jpg 150w, https:\/\/dinkpickleball.com\/wp-content\/uploads\/2023\/08\/Pickleball-Paddle-Eraser-wholesale-768x768.jpg 768w, https:\/\/dinkpickleball.com\/wp-content\/uploads\/2023\/08\/Pickleball-Paddle-Eraser-wholesale-600x600.jpg 600w, https:\/\/dinkpickleball.com\/wp-content\/uploads\/2023\/08\/Pickleball-Paddle-Eraser-wholesale-100x100.jpg 100w\" sizes=\"auto, (max-width: 800px) 100vw, 800px\" \/><\/a><figcaption class='wp-caption-text gallery-caption' id='gallery-1-15089'>\n\t\t\t\tBorrador de paleta de Pickleball al por mayor<br \/>\n\t\t\t\t<\/figcaption><\/figure>\n<figure class='gallery-item'>\n\t\t\t\t<a  title=\"Borrador de pala de Pickleball a granel\"  href='https:\/\/dinkpickleball.com\/wp-content\/uploads\/2023\/08\/Pickleball-Paddle-Eraser-bulk.jpg'><img width=\"800\" height=\"800\" src=\"https:\/\/dinkpickleball.com\/wp-content\/uploads\/2023\/08\/Pickleball-Paddle-Eraser-bulk.jpg\" alt=\"Borrador de pala de Pickleball a granel\" decoding=\"async\" aria-describedby=\"gallery-1-15088\" loading=\"lazy\" srcset=\"https:\/\/dinkpickleball.com\/wp-content\/uploads\/2023\/08\/Pickleball-Paddle-Eraser-bulk.jpg 800w, https:\/\/dinkpickleball.com\/wp-content\/uploads\/2023\/08\/Pickleball-Paddle-Eraser-bulk-300x300.jpg 300w, https:\/\/dinkpickleball.com\/wp-content\/uploads\/2023\/08\/Pickleball-Paddle-Eraser-bulk-150x150.jpg 150w, https:\/\/dinkpickleball.com\/wp-content\/uploads\/2023\/08\/Pickleball-Paddle-Eraser-bulk-768x768.jpg 768w, https:\/\/dinkpickleball.com\/wp-content\/uploads\/2023\/08\/Pickleball-Paddle-Eraser-bulk-600x600.jpg 600w, https:\/\/dinkpickleball.com\/wp-content\/uploads\/2023\/08\/Pickleball-Paddle-Eraser-bulk-100x100.jpg 100w\" sizes=\"auto, (max-width: 800px) 100vw, 800px\" \/><\/a><figcaption class='wp-caption-text gallery-caption' id='gallery-1-15088'>\n\t\t\t\tBorrador de pala de Pickleball a granel<br \/>\n\t\t\t\t<\/figcaption><\/figure>\n<figure class='gallery-item'>\n\t\t\t\t<a  title=\"F\u00e1brica de borradores de palas de Pickleball\"  href='https:\/\/dinkpickleball.com\/wp-content\/uploads\/2023\/08\/Pickleball-Paddle-Eraser-factory.jpg'><img width=\"1024\" height=\"990\" src=\"https:\/\/dinkpickleball.com\/wp-content\/uploads\/2023\/08\/Pickleball-Paddle-Eraser-factory.jpg\" alt=\"F\u00e1brica de borradores de palas de Pickleball\" decoding=\"async\" aria-describedby=\"gallery-1-15087\" loading=\"lazy\" srcset=\"https:\/\/dinkpickleball.com\/wp-content\/uploads\/2023\/08\/Pickleball-Paddle-Eraser-factory.jpg 1024w, https:\/\/dinkpickleball.com\/wp-content\/uploads\/2023\/08\/Pickleball-Paddle-Eraser-factory-300x290.jpg 300w, https:\/\/dinkpickleball.com\/wp-content\/uploads\/2023\/08\/Pickleball-Paddle-Eraser-factory-768x743.jpg 768w, https:\/\/dinkpickleball.com\/wp-content\/uploads\/2023\/08\/Pickleball-Paddle-Eraser-factory-600x580.jpg 600w\" sizes=\"auto, (max-width: 1024px) 100vw, 1024px\" \/><\/a><figcaption class='wp-caption-text gallery-caption' id='gallery-1-15087'>\n\t\t\t\tF\u00e1brica de borradores de palas de Pickleball<br \/>\n\t\t\t\t<\/figcaption><\/figure>\n<figure class='gallery-item'>\n\t\t\t\t<a  title=\"Pickleball Padel Eraser empresa\"  href='https:\/\/dinkpickleball.com\/wp-content\/uploads\/2023\/08\/Pickleball-Paddle-Eraser-company.jpeg'><img width=\"800\" height=\"800\" src=\"https:\/\/dinkpickleball.com\/wp-content\/uploads\/2023\/08\/Pickleball-Paddle-Eraser-company.jpeg\" alt=\"Pickleball Padel Eraser empresa\" decoding=\"async\" aria-describedby=\"gallery-1-15086\" loading=\"lazy\" srcset=\"https:\/\/dinkpickleball.com\/wp-content\/uploads\/2023\/08\/Pickleball-Paddle-Eraser-company.jpeg 800w, https:\/\/dinkpickleball.com\/wp-content\/uploads\/2023\/08\/Pickleball-Paddle-Eraser-company-300x300.jpeg 300w, https:\/\/dinkpickleball.com\/wp-content\/uploads\/2023\/08\/Pickleball-Paddle-Eraser-company-150x150.jpeg 150w, https:\/\/dinkpickleball.com\/wp-content\/uploads\/2023\/08\/Pickleball-Paddle-Eraser-company-768x768.jpeg 768w, https:\/\/dinkpickleball.com\/wp-content\/uploads\/2023\/08\/Pickleball-Paddle-Eraser-company-600x600.jpeg 600w, https:\/\/dinkpickleball.com\/wp-content\/uploads\/2023\/08\/Pickleball-Paddle-Eraser-company-100x100.jpeg 100w\" sizes=\"auto, (max-width: 800px) 100vw, 800px\" \/><\/a><figcaption class='wp-caption-text gallery-caption' id='gallery-1-15086'>\n\t\t\t\tPickleball Padel Eraser empresa<br \/>\n\t\t\t\t<\/figcaption><\/figure>\n<figure class='gallery-item'>\n\t\t\t\t<a  title=\"Borrador de palas de Pickleball marca\"  href='https:\/\/dinkpickleball.com\/wp-content\/uploads\/2023\/08\/Pickleball-Paddle-Eraser-brand.jpg'><img width=\"800\" height=\"800\" src=\"https:\/\/dinkpickleball.com\/wp-content\/uploads\/2023\/08\/Pickleball-Paddle-Eraser-brand.jpg\" alt=\"Borrador de palas de Pickleball marca\" decoding=\"async\" aria-describedby=\"gallery-1-15085\" loading=\"lazy\" srcset=\"https:\/\/dinkpickleball.com\/wp-content\/uploads\/2023\/08\/Pickleball-Paddle-Eraser-brand.jpg 800w, https:\/\/dinkpickleball.com\/wp-content\/uploads\/2023\/08\/Pickleball-Paddle-Eraser-brand-300x300.jpg 300w, https:\/\/dinkpickleball.com\/wp-content\/uploads\/2023\/08\/Pickleball-Paddle-Eraser-brand-150x150.jpg 150w, https:\/\/dinkpickleball.com\/wp-content\/uploads\/2023\/08\/Pickleball-Paddle-Eraser-brand-768x768.jpg 768w, https:\/\/dinkpickleball.com\/wp-content\/uploads\/2023\/08\/Pickleball-Paddle-Eraser-brand-600x600.jpg 600w, https:\/\/dinkpickleball.com\/wp-content\/uploads\/2023\/08\/Pickleball-Paddle-Eraser-brand-100x100.jpg 100w\" sizes=\"auto, (max-width: 800px) 100vw, 800px\" \/><\/a><figcaption class='wp-caption-text gallery-caption' id='gallery-1-15085'>\n\t\t\t\tBorrador de palas de Pickleball marca<br \/>\n\t\t\t\t<\/figcaption><\/figure>\n<h2>Limpieza de precisi\u00f3n, m\u00e1ximo rendimiento<\/h2>\n<p>\u00a0Nuestro borrador est\u00e1 dise\u00f1ado espec\u00edficamente para palas de pickleball de fibra de carbono, no s\u00f3lo para garantizar la limpieza, sino tambi\u00e9n para mantener la capacidad innata de giro y la est\u00e9tica de la pala. No se trata solo de limpiar; se trata de preservar el valor de la pala.<\/p>\n<p>https:\/\/www.youtube.com\/watch?v=SZ23rUQuJLA\t\t<\/p>\n<h3>\n\t\t\t\t\t\tMantenimiento del rendimiento \u00f3ptimo<br \/>\n\t\t\t\t<\/h3>\n<p>\n\t\t\t\t\t\t Nuestro borrador de p\u00e1del Pickleball asegura una limpieza f\u00e1cil, utilizando una mezcla patentada de caucho que elimina sin esfuerzo los residuos de la pelota, la suciedad y los rasgu\u00f1os\/ara\u00f1azos menores. Esto rejuvenece el aspecto de la pala, haciendo que parezca nueva despu\u00e9s de cada limpieza.\n\t\t\t\t\t<\/p>\n<h3>\n\t\t\t\t\t\tSiempre a su alcance<br \/>\n\t\t\t\t<\/h3>\n<p>\n\t\t\t\t\t\tGracias a su dise\u00f1o port\u00e1til, el Dinkpickleball Paddle Eraser puede ser f\u00e1cilmente lanzado en cualquier bolsa de pickleball, asegurando que el mantenimiento de la pala se puede hacer en cualquier momento y en cualquier lugar - si usted est\u00e1 en medio de un juego o terminando un torneo.\t\t\t\t\t<\/p>\n<h3>\n\t\t\t\t\t\tPreservar el giro de Paddle<br \/>\n\t\t\t\t<\/h3>\n<p>\n\t\t\t\t\t\tUna de las primeras cosas que se deterioran en una pala de p\u00e1del es su spin, debido principalmente a la acumulaci\u00f3n de peque\u00f1as fibras de bola. Nuestro Borrador de Palas aborda eficazmente este problema con su caracter\u00edstica de Retenci\u00f3n de Giro, asegurando que tu pala conserve su capacidad de giro a lo largo del tiempo.\t\t\t\t\t<\/p>\n<h3>\n\t\t\t\t\t\tValidaci\u00f3n cient\u00edfica<br \/>\n\t\t\t\t<\/h3>\n<p>\n\t\t\t\t\t\tCreemos en las pruebas. Con la validaci\u00f3n mediante microscop\u00eda, nuestras pruebas han demostrado una mejora tangible en la limpieza de las palas y el mantenimiento de la capacidad de centrifugado tras su uso. Su compra no se basa s\u00f3lo en nuestra palabra; est\u00e1 respaldada por la ciencia.\t\t\t\t\t<\/p>\n<h3>\n\t\t\t\t\t\tElecci\u00f3n ecol\u00f3gica<br \/>\n\t\t\t\t<\/h3>\n<p>\n\t\t\t\t\t\tEn una era de creciente concienciaci\u00f3n medioambiental, nuestro Paddle Eraser destaca por estar fabricado con materiales respetuosos con el medio ambiente. Creemos en ofrecer un rendimiento de primera sin comprometer el bienestar de nuestro planeta.\t\t\t\t\t<\/p>\n<h3>\n\t\t\t\t\t\tMantenimiento rentable<br \/>\n\t\t\t\t<\/h3>\n<p>\n\t\t\t\t\t\tCon nuestro Paddle Eraser, no hay necesidad de comprar constantemente nuevos materiales de limpieza. Es reutilizable y ofrece un rendimiento constante a lo largo de numerosos ciclos de limpieza, lo que garantiza una buena relaci\u00f3n calidad-precio y una reducci\u00f3n de los residuos.\t\t\t\t\t<\/p>\n<figure><img decoding=\"async\" src=\"https:\/\/dinkpickleball.com\/wp-content\/uploads\/2022\/06\/onix.png\" alt=\"onix\" \/><\/figure>\n<figure><img decoding=\"async\" src=\"https:\/\/dinkpickleball.com\/wp-content\/uploads\/2022\/06\/Diadem-logo.png\" alt=\"Logotipo de la diadema\" \/><\/figure>\n<figure><img decoding=\"async\" src=\"https:\/\/dinkpickleball.com\/wp-content\/uploads\/2022\/06\/Gamma.png\" alt=\"Gamma\" \/><\/figure>\n<figure><img decoding=\"async\" src=\"https:\/\/dinkpickleball.com\/wp-content\/uploads\/2022\/06\/Paddletek.png\" alt=\"Paddletek\" \/><\/figure>\n<figure><img decoding=\"async\" src=\"https:\/\/dinkpickleball.com\/wp-content\/uploads\/2023\/04\/RECESS-logo.png\" alt=\"Logotipo de RECESS\" \/><\/figure>\n<figure><img decoding=\"async\" src=\"https:\/\/dinkpickleball.com\/wp-content\/uploads\/2023\/04\/CRBN-logo.png\" alt=\"Logotipo de CRBN\" \/><\/figure>\n<figure><img decoding=\"async\" src=\"https:\/\/dinkpickleball.com\/wp-content\/uploads\/2023\/04\/STIGA-logo.png\" alt=\"Logotipo de STIGA\" \/><\/figure>\n<figure><img decoding=\"async\" src=\"https:\/\/dinkpickleball.com\/wp-content\/uploads\/2022\/06\/niupipo.png\" alt=\"niupipo\" \/><\/figure>\n<h2>Su socio definitivo en el mercado mundial del pickleball<\/h2>\n<p>En el bullicioso mundo de los accesorios de pickleball, las empresas a menudo se encuentran perdidas entre productos gen\u00e9ricos. Pero, \u00bfy si hubiera un nombre comprometido con la distinci\u00f3n? Dinkpickleball, donde la innovaci\u00f3n se une a la tradici\u00f3n.<\/p>\n<p>\t\t\t\t\t\t\t\t\t\t\t\t<img decoding=\"async\" src=\"https:\/\/dinkpickleball.com\/wp-content\/uploads\/2023\/04\/Proven-Track-Record.jpg\" title=\"Experiencia demostrada\" alt=\"Experiencia demostrada\" loading=\"lazy\" \/>\t\t\t\t\t\t\t\t\t\t\t\t\t\t<\/p>\n<h3>A la medida de sus necesidades<\/h3>\n<p>El mercado B2B se nutre de la personalizaci\u00f3n. No se trata s\u00f3lo de tener un producto, sino de tener SU producto. Dinkpickleball defiende esta idea con nuestro borrador de pala de Pickleball personalizado, dise\u00f1ado exclusivamente para adaptarse a la identidad de su marca y a los deseos de sus clientes.<\/p>\n<p>\t\t\t<a role=\"button\"><br \/>\n\t\t\t\t\t\tPresupuesto inmediato<br \/>\n\t\t\t\t\t<\/a><br \/>\n\t\t\t\t\t\t\t\t\t\t\t\t<img decoding=\"async\" src=\"https:\/\/dinkpickleball.com\/wp-content\/uploads\/2023\/04\/Premium-Quality-Products.jpg\" title=\"Productos de calidad superior\" alt=\"Productos de calidad superior\" loading=\"lazy\" \/>\t\t\t\t\t\t\t\t\t\t\t\t\t\t<\/p>\n<h3>Compromiso inquebrantable con la calidad<\/h3>\n<p>Todos hemos o\u00eddo hablar de ello: empresas atra\u00eddas por promesas llamativas que acaban defraudadas por una calidad inferior. Dinkpickleball invierte la narrativa. Con nuestro compromiso inquebrantable con la calidad, no solo cumplimos las expectativas, sino que las superamos.<\/p>\n<p>\t\t\t<a role=\"button\"><br \/>\n\t\t\t\t\t\tPresupuesto inmediato<br \/>\n\t\t\t\t\t<\/a><br \/>\n\t\t\t\t\t\t\t\t\t\t\t\t<img decoding=\"async\" src=\"https:\/\/dinkpickleball.com\/wp-content\/uploads\/2023\/04\/Adaptability-and-Responsiveness-to-Market.jpeg\" title=\"Adaptabilidad y capacidad de respuesta al mercado\" alt=\"Adaptabilidad y capacidad de respuesta al mercado\" loading=\"lazy\" \/>\t\t\t\t\t\t\t\t\t\t\t\t\t\t<\/p>\n<h3>Proveedor de soluciones hol\u00edsticas<\/h3>\n<p>El mundo del pickleball es muy amplio, y tambi\u00e9n lo son las necesidades de las empresas. Con Dinkpickleball, no s\u00f3lo obtendr\u00e1 un producto, sino una soluci\u00f3n integral. Desde el dise\u00f1o inicial hasta la entrega final, nuestras soluciones integrales garantizan que usted est\u00e9 cubierto en cada paso del camino.<\/p>\n<p>\t\t\t<a role=\"button\"><br \/>\n\t\t\t\t\t\tPresupuesto inmediato<br \/>\n\t\t\t\t\t<\/a><br \/>\n\t\t\t\t\t\t\t\t\t\t\t\t<img decoding=\"async\" src=\"https:\/\/dinkpickleball.com\/wp-content\/uploads\/2023\/04\/Collaborative-Approach-.jpeg\" title=\"Enfoque colaborativo\" alt=\"Enfoque colaborativo\" loading=\"lazy\" \/>\t\t\t\t\t\t\t\t\t\t\t\t\t\t<\/p>\n<h3>Una asociaci\u00f3n, no s\u00f3lo una compra<\/h3>\n<p>Toda empresa busca algo m\u00e1s que un simple proveedor: busca un socio. El esp\u00edritu de Dinkpickleball se basa en la colaboraci\u00f3n. No nos limitamos a suministrar, sino que colaboramos para garantizar que cada producto resuene con la voz y la visi\u00f3n de su marca.<\/p>\n<p>\t\t\t<a role=\"button\"><br \/>\n\t\t\t\t\t\tPresupuesto inmediato<br \/>\n\t\t\t\t\t<\/a><\/p>\n<h2>PREGUNTAS FRECUENTES<\/h2>\n<p>Usted tiene preocupaciones espec\u00edficas cuando compra productos, especialmente al por mayor. A menudo se busca la garant\u00eda de calidad, rentabilidad y entrega eficiente, aqu\u00ed est\u00e1n algunas preguntas frecuentes (FAQs) que podr\u00edan tener al considerar la compra de Pickleball Paddle Eraser.<\/p>\n<p>                        <a href=\"#collapse-a767ad6650c4ffe523eb\" data-ekit-toggle=\"collapse\" data-target=\"#Collapse-a767ad6650c4ffe523eb\" aria-expanded=\"true\" aria-controls=\"Collapse-a767ad6650c4ffe523eb\"><br \/>\n                            \u00bfCu\u00e1l es el material principal utilizado en el borrador de paleta Dinkpickleball?<br \/>\n                                        <!-- Normal Icon --><br \/>\n                                        <!-- Active Icon --><br \/>\n                                                    <\/a><\/p>\n<p>El Dinkpickleball Paddle Eraser se hace usando una mezcla patentada de caucho ecol\u00f3gico dise\u00f1ado para eliminar eficazmente los residuos de bolas, la suciedad y los rasgu\u00f1os \/ ara\u00f1azos menores sin el uso de productos qu\u00edmicos.<\/p>\n<p>                <!-- .elementskit-card END --><br \/>\n                        <a href=\"#collapse-bc22830650c4ffe523eb\" data-ekit-toggle=\"collapse\" data-target=\"#Collapse-bc22830650c4ffe523eb\" aria-expanded=\"false\" aria-controls=\"Collapse-bc22830650c4ffe523eb\"><br \/>\n                            \u00bfEn qu\u00e9 se diferencia el Paddle Eraser de otros productos de limpieza del mercado?<br \/>\n                                        <!-- Normal Icon --><br \/>\n                                        <!-- Active Icon --><br \/>\n                                                    <\/a><\/p>\n<p>Nuestro borrador de palas est\u00e1 dise\u00f1ado espec\u00edficamente para palas de pickleball de fibra de carbono. No s\u00f3lo limpia la pala, sino que tambi\u00e9n conserva su capacidad de giro y su est\u00e9tica. Adem\u00e1s, su naturaleza ecol\u00f3gica y reutilizable la diferencia de otros productos de limpieza convencionales.<\/p>\n<p>                <!-- .elementskit-card END --><br \/>\n                        <a href=\"#collapse-8417e71650c4ffe523eb\" data-ekit-toggle=\"collapse\" data-target=\"#Collapse-8417e71650c4ffe523eb\" aria-expanded=\"false\" aria-controls=\"Collapse-8417e71650c4ffe523eb\"><br \/>\n                             \u00bfSe puede personalizar el Paddle Eraser para adaptarlo a la identidad de nuestra marca?<br \/>\n                                        <!-- Normal Icon --><br \/>\n                                        <!-- Active Icon --><br \/>\n                                                    <\/a><\/p>\n<p>\u00a1Por supuesto! Dinkpickleball reconoce las necesidades \u00fanicas de los clientes B2B y ofrece opciones de personalizaci\u00f3n para pedidos al por mayor para alinearse con la identidad y los requisitos de su marca.<\/p>\n<p>                <!-- .elementskit-card END --><br \/>\n                        <a href=\"#collapse-3dad4e0650c4ffe523eb\" data-ekit-toggle=\"collapse\" data-target=\"#Collapse-3dad4e0650c4ffe523eb\" aria-expanded=\"false\" aria-controls=\"Collapse-3dad4e0650c4ffe523eb\"><br \/>\n                            \u00bfC\u00f3mo garantiza el Paddle Eraser la retenci\u00f3n del giro de la pala?<br \/>\n                                        <!-- Normal Icon --><br \/>\n                                        <!-- Active Icon --><br \/>\n                                                    <\/a><\/p>\n<p>El borrador de palas est\u00e1 dise\u00f1ado para eliminar la acumulaci\u00f3n de peque\u00f1as fibras de bolas que pueden disminuir el efecto de la pala con el paso del tiempo. Al eliminar eficazmente estas fibras y residuos, se mantiene la capacidad de giro de la pala.<\/p>\n<p>                <!-- .elementskit-card END --><br \/>\n                        <a href=\"#collapse-17fe5a5650c4ffe523eb\" data-ekit-toggle=\"collapse\" data-target=\"#Collapse-17fe5a5650c4ffe523eb\" aria-expanded=\"false\" aria-controls=\"Collapse-17fe5a5650c4ffe523eb\"><br \/>\n                            \u00bfExiste alguna validaci\u00f3n cient\u00edfica que respalde la eficacia de Paddle Eraser&#039;s?<br \/>\n                                        <!-- Normal Icon --><br \/>\n                                        <!-- Active Icon --><br \/>\n                                                    <\/a><\/p>\n<p>S\u00ed, la eficacia de nuestro producto ha sido validada mediante an\u00e1lisis microsc\u00f3picos, que muestran una mejora tangible en la limpieza de las palas y la retenci\u00f3n del centrifugado tras su uso.<\/p>\n<p>                <!-- .elementskit-card END --><\/p>","protected":false},"excerpt":{"rendered":"<p>Pickleball Paddle Eraser Tailored to Impress, Designed to Last: Equip your business with the ultimate paddle care solution. Optimal cleanliness, every single time. Your business deserves more than generic. Choose Dinkpickleball&#8217;s Custom Paddle Eraser \u2013 where your brand shines with every swipe. Get Quick Quote Precision Clean, Peak Performance Transform your pickleball offerings with erasers [&hellip;]<\/p>\n","protected":false},"author":1,"featured_media":0,"parent":0,"menu_order":0,"comment_status":"closed","ping_status":"closed","template":"","meta":{"_seopress_robots_primary_cat":"","_seopress_titles_title":"Custom Pickleball Paddle Eraser","_seopress_titles_desc":"Tailored to Impress, Designed to Last: Equip your business with the ultimate paddle care solution. Choose Dinkpickleball\u2019s Custom Paddle Eraser \u2013 Your business deserves more than generic. ","_seopress_robots_index":"","footnotes":""},"class_list":["post-15081","page","type-page","status-publish","hentry"],"meta_box":[],"_links":{"self":[{"href":"https:\/\/dinkpickleball.com\/es\/wp-json\/wp\/v2\/pages\/15081","targetHints":{"allow":["GET"]}}],"collection":[{"href":"https:\/\/dinkpickleball.com\/es\/wp-json\/wp\/v2\/pages"}],"about":[{"href":"https:\/\/dinkpickleball.com\/es\/wp-json\/wp\/v2\/types\/page"}],"author":[{"embeddable":true,"href":"https:\/\/dinkpickleball.com\/es\/wp-json\/wp\/v2\/users\/1"}],"replies":[{"embeddable":true,"href":"https:\/\/dinkpickleball.com\/es\/wp-json\/wp\/v2\/comments?post=15081"}],"version-history":[{"count":11,"href":"https:\/\/dinkpickleball.com\/es\/wp-json\/wp\/v2\/pages\/15081\/revisions"}],"predecessor-version":[{"id":15901,"href":"https:\/\/dinkpickleball.com\/es\/wp-json\/wp\/v2\/pages\/15081\/revisions\/15901"}],"wp:attachment":[{"href":"https:\/\/dinkpickleball.com\/es\/wp-json\/wp\/v2\/media?parent=15081"}],"curies":[{"name":"wp","href":"https:\/\/api.w.org\/{rel}","templated":true}]}}