{"id":15000,"date":"2023-07-31T07:15:03","date_gmt":"2023-07-30T23:15:03","guid":{"rendered":"https:\/\/dinkpickleball.com\/?page_id=15000"},"modified":"2025-01-20T14:34:26","modified_gmt":"2025-01-20T06:34:26","slug":"pickleball-bands","status":"publish","type":"page","link":"https:\/\/dinkpickleball.com\/es\/pickleball-bands\/","title":{"rendered":"Bandas de Pickleball"},"content":{"rendered":"<h1>Bandas de Pickleball personalizadas<\/h1>\n<p><strong>\u00bfBusca una oportunidad de marca \u00fanica en el \u00e1mbito deportivo?<\/strong> Con las Bandas de Pickleball Personalizadas de DinkPickleball, transforme su logotipo, texto o dise\u00f1o en una parte integral de cada juego. \u00a1Deja que tu marca se vea en cada swing!<\/p>\n<p>\t\t\t<a role=\"button\"><br \/>\n\t\t\t\t\t\tPresupuesto r\u00e1pido<br \/>\n\t\t\t\t\t<\/a><br \/>\n\t\t\t\t\t\t\t\t\t\t\t\t<img decoding=\"async\" width=\"900\" height=\"900\" src=\"https:\/\/dinkpickleball.com\/wp-content\/uploads\/2023\/07\/Custom-Pickleball-Bands.png\" alt=\"Bandas de Pickleball personalizadas\" loading=\"lazy\" srcset=\"https:\/\/dinkpickleball.com\/wp-content\/uploads\/2023\/07\/Custom-Pickleball-Bands.png 900w, https:\/\/dinkpickleball.com\/wp-content\/uploads\/2023\/07\/Custom-Pickleball-Bands-300x300.png 300w, https:\/\/dinkpickleball.com\/wp-content\/uploads\/2023\/07\/Custom-Pickleball-Bands-150x150.png 150w, https:\/\/dinkpickleball.com\/wp-content\/uploads\/2023\/07\/Custom-Pickleball-Bands-768x768.png 768w, https:\/\/dinkpickleball.com\/wp-content\/uploads\/2023\/07\/Custom-Pickleball-Bands-600x600.png 600w, https:\/\/dinkpickleball.com\/wp-content\/uploads\/2023\/07\/Custom-Pickleball-Bands-100x100.png 100w\" sizes=\"auto, (max-width: 900px) 100vw, 900px\" \/>\t\t\t\t\t\t\t\t\t\t\t\t\t\t<\/p>\n<h2>Deja huella con cada swing<\/h2>\n<p>Ampl\u00ede la visibilidad de su marca con nuestras bandas de pickleball personalizables. Con DinkPickleball, su logotipo, texto o dise\u00f1o pueden convertirse en una parte inolvidable del juego.<\/p>\n<figure class='gallery-item'>\n\t\t\t\t<a  title=\"dinkpickleball\"  href='https:\/\/dinkpickleball.com\/wp-content\/uploads\/2023\/07\/dinkpickleball.jpg'><img width=\"930\" height=\"930\" src=\"https:\/\/dinkpickleball.com\/wp-content\/uploads\/2023\/07\/dinkpickleball.jpg\" alt=\"dinkpickleball\" decoding=\"async\" aria-describedby=\"gallery-1-15048\" loading=\"lazy\" srcset=\"https:\/\/dinkpickleball.com\/wp-content\/uploads\/2023\/07\/dinkpickleball.jpg 930w, https:\/\/dinkpickleball.com\/wp-content\/uploads\/2023\/07\/dinkpickleball-300x300.jpg 300w, https:\/\/dinkpickleball.com\/wp-content\/uploads\/2023\/07\/dinkpickleball-150x150.jpg 150w, https:\/\/dinkpickleball.com\/wp-content\/uploads\/2023\/07\/dinkpickleball-768x768.jpg 768w, https:\/\/dinkpickleball.com\/wp-content\/uploads\/2023\/07\/dinkpickleball-600x600.jpg 600w, https:\/\/dinkpickleball.com\/wp-content\/uploads\/2023\/07\/dinkpickleball-100x100.jpg 100w\" sizes=\"auto, (max-width: 930px) 100vw, 930px\" \/><\/a><figcaption class='wp-caption-text gallery-caption' id='gallery-1-15048'>\n\t\t\t\tdinkpickleball<br \/>\n\t\t\t\t<\/figcaption><\/figure>\n<figure class='gallery-item'>\n\t\t\t\t<a  title=\"bandas de p\u00e1del pickleball\"  href='https:\/\/dinkpickleball.com\/wp-content\/uploads\/2023\/07\/pickleball-paddle-bands.jpg'><img width=\"930\" height=\"930\" src=\"https:\/\/dinkpickleball.com\/wp-content\/uploads\/2023\/07\/pickleball-paddle-bands.jpg\" alt=\"bandas de p\u00e1del pickleball\" decoding=\"async\" aria-describedby=\"gallery-1-15050\" loading=\"lazy\" srcset=\"https:\/\/dinkpickleball.com\/wp-content\/uploads\/2023\/07\/pickleball-paddle-bands.jpg 930w, https:\/\/dinkpickleball.com\/wp-content\/uploads\/2023\/07\/pickleball-paddle-bands-300x300.jpg 300w, https:\/\/dinkpickleball.com\/wp-content\/uploads\/2023\/07\/pickleball-paddle-bands-150x150.jpg 150w, https:\/\/dinkpickleball.com\/wp-content\/uploads\/2023\/07\/pickleball-paddle-bands-768x768.jpg 768w, https:\/\/dinkpickleball.com\/wp-content\/uploads\/2023\/07\/pickleball-paddle-bands-600x600.jpg 600w, https:\/\/dinkpickleball.com\/wp-content\/uploads\/2023\/07\/pickleball-paddle-bands-100x100.jpg 100w\" sizes=\"auto, (max-width: 930px) 100vw, 930px\" \/><\/a><figcaption class='wp-caption-text gallery-caption' id='gallery-1-15050'>\n\t\t\t\tbandas de p\u00e1del pickleball<br \/>\n\t\t\t\t<\/figcaption><\/figure>\n<figure class='gallery-item'>\n\t\t\t\t<a  title=\"bandas de pickleball\"  href='https:\/\/dinkpickleball.com\/wp-content\/uploads\/2023\/07\/pickleball-bands.jpg'><img width=\"930\" height=\"930\" src=\"https:\/\/dinkpickleball.com\/wp-content\/uploads\/2023\/07\/pickleball-bands.jpg\" alt=\"bandas de pickleball\" decoding=\"async\" aria-describedby=\"gallery-1-15049\" loading=\"lazy\" srcset=\"https:\/\/dinkpickleball.com\/wp-content\/uploads\/2023\/07\/pickleball-bands.jpg 930w, https:\/\/dinkpickleball.com\/wp-content\/uploads\/2023\/07\/pickleball-bands-300x300.jpg 300w, https:\/\/dinkpickleball.com\/wp-content\/uploads\/2023\/07\/pickleball-bands-150x150.jpg 150w, https:\/\/dinkpickleball.com\/wp-content\/uploads\/2023\/07\/pickleball-bands-768x768.jpg 768w, https:\/\/dinkpickleball.com\/wp-content\/uploads\/2023\/07\/pickleball-bands-600x600.jpg 600w, https:\/\/dinkpickleball.com\/wp-content\/uploads\/2023\/07\/pickleball-bands-100x100.jpg 100w\" sizes=\"auto, (max-width: 930px) 100vw, 930px\" \/><\/a><figcaption class='wp-caption-text gallery-caption' id='gallery-1-15049'>\n\t\t\t\tbandas de pickleball<br \/>\n\t\t\t\t<\/figcaption><\/figure>\n<h2>Eleve su negocio a nuevas cotas<\/h2>\n<p>Estamos encantados de ayudarle a crear experiencias ganadoras para sus clientes. la elecci\u00f3n definitiva para minoristas de material deportivo, empresas de productos promocionales, clientes corporativos y servicios de personalizaci\u00f3n.<\/p>\n<h3>\n\t\t\t\t\t\tAjuste universal<br \/>\n\t\t\t\t<\/h3>\n<p>\n\t\t\t\t\t\tTalla \u00fanica Nuestras bandas est\u00e1n dise\u00f1adas para adaptarse a cualquier pala de pickleball, por lo que son una opci\u00f3n vers\u00e1til para una amplia gama de equipos.\n\t\t\t\t\t<\/p>\n<h3>\n\t\t\t\t\t\tVisibilidad de la marca<br \/>\n\t\t\t\t<\/h3>\n<p>\n\t\t\t\t\t\t\u00a1Refuerce la presencia de su marca en cada partido! Nuestras bandas personalizadas le permiten a\u00f1adir su logotipo, texto o cualquier dise\u00f1o, convirtiendo cada pala en una valla publicitaria andante para su marca.\t\t\t\t\t<\/p>\n<h3>\n\t\t\t\t\t\tF\u00e1cil de instalar<br \/>\n\t\t\t\t<\/h3>\n<p>\n\t\t\t\t\t\tCon una elasticidad superior, nuestras bandas de agarre de p\u00e1del personalizadas seg\u00fan sus preferencias son f\u00e1ciles de instalar, lo que le ahorrar\u00e1 tiempo y esfuerzo.\t\t\t\t\t<\/p>\n<h3>\n\t\t\t\t\t\tDurabilidad sin igual<br \/>\n\t\t\t\t<\/h3>\n<p>\n\t\t\t\t\t\tDinkPickleball ofrece una durabilidad que cambia el juego con nuestras bandas de agarre de pickleball personalizadas. Fabricadas para soportar los juegos m\u00e1s duros, nuestras bandas garantizan una vida \u00fatil m\u00e1s larga para tus palas.\t\t\t\t\t<\/p>\n<h3>\n\t\t\t\t\t\tEst\u00e9tica a medida<br \/>\n\t\t\t\t<\/h3>\n<p>\n\t\t\t\t\t\tPersonaliza el aspecto de tu equipo de pickleball con las bandas personalizadas para palas de pickleball de DinkPickleball. Personalice los colores para que coincidan con su marca, equipo o tema del evento para ese atractivo \u00fanico.\t\t\t\t\t<\/p>\n<h3>\n\t\t\t\t\t\tT\u00e9cnicas avanzadas de impresi\u00f3n<br \/>\n\t\t\t\t<\/h3>\n<p>\n\t\t\t\t\t\tEn DinkPickleball, utilizamos la tampograf\u00eda o el estampado en relieve para obtener dise\u00f1os n\u00edtidos y vibrantes y detalles para dar un toque de lujo. Estas bandas no son s\u00f3lo acerca de la funci\u00f3n, son una declaraci\u00f3n de estilo tambi\u00e9n.\t\t\t\t\t<\/p>\n<figure><img decoding=\"async\" src=\"https:\/\/dinkpickleball.com\/wp-content\/uploads\/2022\/06\/onix.png\" alt=\"onix\" \/><\/figure>\n<figure><img decoding=\"async\" src=\"https:\/\/dinkpickleball.com\/wp-content\/uploads\/2022\/06\/Diadem-logo.png\" alt=\"Logotipo de la diadema\" \/><\/figure>\n<figure><img decoding=\"async\" src=\"https:\/\/dinkpickleball.com\/wp-content\/uploads\/2022\/06\/Gamma.png\" alt=\"Gamma\" \/><\/figure>\n<figure><img decoding=\"async\" src=\"https:\/\/dinkpickleball.com\/wp-content\/uploads\/2022\/06\/Paddletek.png\" alt=\"Paddletek\" \/><\/figure>\n<figure><img decoding=\"async\" src=\"https:\/\/dinkpickleball.com\/wp-content\/uploads\/2023\/04\/RECESS-logo.png\" alt=\"Logotipo de RECESS\" \/><\/figure>\n<figure><img decoding=\"async\" src=\"https:\/\/dinkpickleball.com\/wp-content\/uploads\/2023\/04\/CRBN-logo.png\" alt=\"Logotipo de CRBN\" \/><\/figure>\n<figure><img decoding=\"async\" src=\"https:\/\/dinkpickleball.com\/wp-content\/uploads\/2023\/04\/STIGA-logo.png\" alt=\"Logotipo de STIGA\" \/><\/figure>\n<figure><img decoding=\"async\" src=\"https:\/\/dinkpickleball.com\/wp-content\/uploads\/2022\/06\/niupipo.png\" alt=\"niupipo\" \/><\/figure>\n<h2>Su socio definitivo en el mercado mundial del pickleball<\/h2>\n<p>Descubra las inigualables ventajas de asociarse con DinkPickleball, fabricante l\u00edder de cintas de pickleball personalizadas dise\u00f1adas para satisfacer las necesidades de minoristas de material deportivo, empresas de productos promocionales, clientes corporativos y servicios de personalizaci\u00f3n.\u00a0<\/p>\n<p>\t\t\t\t\t\t\t\t\t\t\t\t<img decoding=\"async\" src=\"https:\/\/dinkpickleball.com\/wp-content\/uploads\/2023\/04\/Premium-Quality-Products.jpg\" title=\"Productos de calidad superior\" alt=\"Productos de calidad superior\" loading=\"lazy\" \/>\t\t\t\t\t\t\t\t\t\t\t\t\t\t<\/p>\n<h3>\u00bfBusca plazos de entrega r\u00e1pidos sin sacrificar la calidad?<\/h3>\n<p>En DinkPickleball nos enorgullecemos de nuestros eficientes procesos de producci\u00f3n, lo que significa que recibir\u00e1s tus bandas de pickleball personalizadas de alta calidad exactamente cuando las necesites. Desp\u00eddete de los retrasos en los pedidos.<\/p>\n<p>\t\t\t<a role=\"button\"><br \/>\n\t\t\t\t\t\tPresupuesto inmediato<br \/>\n\t\t\t\t\t<\/a><br \/>\n\t\t\t\t\t\t\t\t\t\t\t\t<img decoding=\"async\" src=\"https:\/\/dinkpickleball.com\/wp-content\/uploads\/2023\/04\/Proven-Track-Record.jpg\" title=\"Experiencia demostrada\" alt=\"Experiencia demostrada\" loading=\"lazy\" \/>\t\t\t\t\t\t\t\t\t\t\t\t\t\t<\/p>\n<h3>\u00bfQuiere destacar entre la multitud?<\/h3>\n<p>DinkPickleball emplea t\u00e9cnicas avanzadas de tampograf\u00eda y estampaci\u00f3n para crear bandas que marcan estilo. \u00a1Experimenta la diferencia en detalle y vivacidad con nosotros!<\/p>\n<p>\t\t\t<a role=\"button\"><br \/>\n\t\t\t\t\t\tPresupuesto inmediato<br \/>\n\t\t\t\t\t<\/a><br \/>\n\t\t\t\t\t\t\t\t\t\t\t\t<img decoding=\"async\" src=\"https:\/\/dinkpickleball.com\/wp-content\/uploads\/2023\/04\/Adaptability-and-Responsiveness-to-Market.jpeg\" title=\"Adaptabilidad y capacidad de respuesta al mercado\" alt=\"Adaptabilidad y capacidad de respuesta al mercado\" loading=\"lazy\" \/>\t\t\t\t\t\t\t\t\t\t\t\t\t\t<\/p>\n<h3>\u00bfNecesita un proveedor que entienda la importancia de su marca?<\/h3>\n<p>En DinkPickleball, no s\u00f3lo fabricamos bandas de pickleball - creamos soluciones de marca. Con opciones para a\u00f1adir logotipos, texto o dise\u00f1os, ayudamos a que su marca sea m\u00e1s visible e impactante.<\/p>\n<p>\t\t\t<a role=\"button\"><br \/>\n\t\t\t\t\t\tPresupuesto inmediato<br \/>\n\t\t\t\t\t<\/a><br \/>\n\t\t\t\t\t\t\t\t\t\t\t\t<img decoding=\"async\" src=\"https:\/\/dinkpickleball.com\/wp-content\/uploads\/2023\/04\/Collaborative-Approach-.jpeg\" title=\"Enfoque colaborativo\" alt=\"Enfoque colaborativo\" loading=\"lazy\" \/>\t\t\t\t\t\t\t\t\t\t\t\t\t\t<\/p>\n<h3>\u00bfDesea trabajar con un fabricante que valore su negocio tanto como usted?<\/h3>\n<p>Con DinkPickleball, usted es m\u00e1s que un cliente: es un socio valioso. Trabajamos estrechamente con usted para entender sus necesidades y ofrecerle soluciones que impulsen su \u00e9xito. \u00a1As\u00f3ciese con nosotros para experimentar la diferencia DinkPickleball!<\/p>\n<p>\t\t\t<a role=\"button\"><br \/>\n\t\t\t\t\t\tPresupuesto inmediato<br \/>\n\t\t\t\t\t<\/a><\/p>\n<h2>PREGUNTAS FRECUENTES<\/h2>\n<p>Para los segmentos de clientes objetivo de minoristas de equipamiento deportivo, empresas de productos promocionales, clientes corporativos y servicios de personalizaci\u00f3n, he aqu\u00ed algunas preguntas frecuentes (FAQ) que podr\u00edan tener al considerar la compra de Bandas de Pickleball Personalizadas.<\/p>\n<p>                        <a href=\"#collapse-a767ad6650c4fd147238\" data-ekit-toggle=\"collapse\" data-target=\"#Collapse-a767ad6650c4fd147238\" aria-expanded=\"true\" aria-controls=\"Collapse-a767ad6650c4fd147238\"><br \/>\n                            P: \u00bfPodemos previsualizar nuestro producto antes de que entre en producci\u00f3n?<br \/>\n                                        <!-- Normal Icon --><br \/>\n                                        <!-- Active Icon --><br \/>\n                                                    <\/a><\/p>\n<p>R: S\u00ed, ofrecemos la posibilidad de previsualizar sus bandas de pickleball personalizadas. Esto le permite asegurarse de que todo cumple con sus expectativas antes de que comience el proceso de fabricaci\u00f3n.<\/p>\n<p>                <!-- .elementskit-card END --><br \/>\n                        <a href=\"#collapse-bc22830650c4fd147238\" data-ekit-toggle=\"collapse\" data-target=\"#Collapse-bc22830650c4fd147238\" aria-expanded=\"false\" aria-controls=\"Collapse-bc22830650c4fd147238\"><br \/>\n                            P: \u00bfCu\u00e1l es la cantidad m\u00ednima para los pedidos personalizados?<br \/>\n                                        <!-- Normal Icon --><br \/>\n                                        <!-- Active Icon --><br \/>\n                                                    <\/a><\/p>\n<p>R: Nuestras cantidades m\u00ednimas de pedido est\u00e1n dise\u00f1adas para ser flexibles y adaptarse a las distintas necesidades de nuestros clientes. P\u00f3ngase en contacto con nosotros directamente para conocer las cantidades concretas.<\/p>\n<p>                <!-- .elementskit-card END --><br \/>\n                        <a href=\"#collapse-8417e71650c4fd147238\" data-ekit-toggle=\"collapse\" data-target=\"#Collapse-8417e71650c4fd147238\" aria-expanded=\"false\" aria-controls=\"Collapse-8417e71650c4fd147238\"><br \/>\n                            P: \u00bfQu\u00e9 hay que hacer para personalizar los colores y a\u00f1adir nuestro logotipo o texto a las bandas?<br \/>\n                                        <!-- Normal Icon --><br \/>\n                                        <!-- Active Icon --><br \/>\n                                                    <\/a><\/p>\n<p>R: Una vez realizado el pedido, nuestro equipo de dise\u00f1o trabajar\u00e1 contigo para crear tus dise\u00f1os personalizados. Podr\u00e1s elegir los colores y a\u00f1adir los logotipos, textos o elementos de dise\u00f1o que desees.<\/p>\n<p>                <!-- .elementskit-card END --><br \/>\n                        <a href=\"#collapse-3dad4e0650c4fd147238\" data-ekit-toggle=\"collapse\" data-target=\"#Collapse-3dad4e0650c4fd147238\" aria-expanded=\"false\" aria-controls=\"Collapse-3dad4e0650c4fd147238\"><br \/>\n                            P: \u00bfCu\u00e1l es el plazo de producci\u00f3n de los pedidos personalizados?<br \/>\n                                        <!-- Normal Icon --><br \/>\n                                        <!-- Active Icon --><br \/>\n                                                    <\/a><\/p>\n<p>R: Los plazos de producci\u00f3n var\u00edan en funci\u00f3n del tama\u00f1o del pedido y de la complejidad del dise\u00f1o. Sin embargo, nos enorgullecemos de nuestros r\u00e1pidos plazos de entrega. P\u00f3ngase en contacto con nosotros para obtener una estimaci\u00f3n m\u00e1s precisa.<\/p>\n<p>                <!-- .elementskit-card END --><\/p>","protected":false},"excerpt":{"rendered":"<p>Custom Pickleball Bands Seeking a unique branding opportunity in the sports field? With DinkPickleball&#8217;s Custom Pickleball Bands, transform your logo, text, or design into an integral part of every game. Let your brand be seen with every swing! Get Quick Quote Make Your Mark with Every Swing Amplify your brand&#8217;s visibility with our customizable pickleball [&hellip;]<\/p>\n","protected":false},"author":1,"featured_media":0,"parent":0,"menu_order":0,"comment_status":"closed","ping_status":"closed","template":"","meta":{"_seopress_robots_primary_cat":"","_seopress_titles_title":"Custom Pickleball Bands","_seopress_titles_desc":"With DinkPickleball&#039;s Custom Pickleball Bands, transform your logo, text, or design into an integral part of every game. Let your brand be seen with every swing!","_seopress_robots_index":"","footnotes":""},"class_list":["post-15000","page","type-page","status-publish","hentry"],"meta_box":[],"_links":{"self":[{"href":"https:\/\/dinkpickleball.com\/es\/wp-json\/wp\/v2\/pages\/15000","targetHints":{"allow":["GET"]}}],"collection":[{"href":"https:\/\/dinkpickleball.com\/es\/wp-json\/wp\/v2\/pages"}],"about":[{"href":"https:\/\/dinkpickleball.com\/es\/wp-json\/wp\/v2\/types\/page"}],"author":[{"embeddable":true,"href":"https:\/\/dinkpickleball.com\/es\/wp-json\/wp\/v2\/users\/1"}],"replies":[{"embeddable":true,"href":"https:\/\/dinkpickleball.com\/es\/wp-json\/wp\/v2\/comments?post=15000"}],"version-history":[{"count":50,"href":"https:\/\/dinkpickleball.com\/es\/wp-json\/wp\/v2\/pages\/15000\/revisions"}],"predecessor-version":[{"id":16267,"href":"https:\/\/dinkpickleball.com\/es\/wp-json\/wp\/v2\/pages\/15000\/revisions\/16267"}],"wp:attachment":[{"href":"https:\/\/dinkpickleball.com\/es\/wp-json\/wp\/v2\/media?parent=15000"}],"curies":[{"name":"wp","href":"https:\/\/api.w.org\/{rel}","templated":true}]}}