{"id":14808,"date":"2023-07-11T07:36:50","date_gmt":"2023-07-10T23:36:50","guid":{"rendered":"https:\/\/dinkpickleball.com\/?page_id=14808"},"modified":"2025-01-13T22:04:22","modified_gmt":"2025-01-13T14:04:22","slug":"custom-pickleball-balls","status":"publish","type":"page","link":"https:\/\/dinkpickleball.com\/es\/custom-pickleball-balls\/","title":{"rendered":"Pelotas de Pickleball personalizadas"},"content":{"rendered":"<h1>Pelotas de Pickleball personalizadas<\/h1>\n<h3>Dise\u00f1ados para cumplir las normas de la USAPA, nuestros balones ofrecen un rendimiento constante y realzan su marca a un precio de f\u00e1brica al por mayor.<\/h3>\n<p>\t\t\t<a role=\"button\"><br \/>\n\t\t\t\t\t\tSOLICITAR PRESUPUESTO<br \/>\n\t\t\t\t\t<\/a><br \/>\n\t\t\t\t\t\t\t\t\t\t\t\t<img decoding=\"async\" width=\"500\" height=\"500\" src=\"https:\/\/dinkpickleball.com\/wp-content\/uploads\/2022\/06\/custom-pickleball-ball.png\" alt=\"pelota de pickleball personalizada\" loading=\"lazy\" srcset=\"https:\/\/dinkpickleball.com\/wp-content\/uploads\/2022\/06\/custom-pickleball-ball.png 500w, https:\/\/dinkpickleball.com\/wp-content\/uploads\/2022\/06\/custom-pickleball-ball-300x300.png 300w, https:\/\/dinkpickleball.com\/wp-content\/uploads\/2022\/06\/custom-pickleball-ball-150x150.png 150w, https:\/\/dinkpickleball.com\/wp-content\/uploads\/2022\/06\/custom-pickleball-ball-100x100.png 100w, https:\/\/dinkpickleball.com\/wp-content\/uploads\/2022\/06\/elementor\/thumbs\/custom-pickleball-ball-pq3a0g1h697msdprdorg1i8bur38posx8ahar5tv34.png 400w\" sizes=\"auto, (max-width: 500px) 100vw, 500px\" \/>\t\t\t\t\t\t\t\t\t\t\t\t\t\t<\/p>\n<h2>Comprenderte<\/h2>\n<p>Entendemos que su marca es \u00fanica. Nuestras pelotas de pickleball personalizadas son una extensi\u00f3n de su marca, un medio para comunicar sus valores y conectar con su p\u00fablico. Nos comprometemos a que cada dise\u00f1o personalizado d\u00e9 vida a su marca.<\/p>\n<p>\t\t\t<a role=\"button\"><br \/>\n\t\t\t\t\t\tSOLICITAR PRESUPUESTO<br \/>\n\t\t\t\t\t<\/a><\/p>\n<h2> Calidad sin concesiones<\/h2>\n<p>La calidad est\u00e1 en el coraz\u00f3n de nuestras operaciones. Nuestras pelotas de pickleball personalizadas est\u00e1n dise\u00f1adas para cumplir las estrictas normas de la USAPA, lo que garantiza un rendimiento de primera categor\u00eda en cada partido, en todo momento. Su marca se merece lo mejor, y nosotros estamos aqu\u00ed para ofrec\u00e9rselo.<\/p>\n<p>\t\t\t<a role=\"button\"><br \/>\n\t\t\t\t\t\tSOLICITAR PRESUPUESTO<br \/>\n\t\t\t\t\t<\/a><\/p>\n<h2> Precios competitivos<\/h2>\n<p>En Dinkpickleball, creemos que una calidad superior no deber\u00eda conllevar un precio superior. Nuestro competitivo modelo de precios le ofrece la mejor relaci\u00f3n calidad-precio, ayud\u00e1ndole a maximizar su presupuesto sin comprometer la calidad o el dise\u00f1o.<\/p>\n<p>\t\t\t<a role=\"button\"><br \/>\n\t\t\t\t\t\tSOLICITAR PRESUPUESTO<br \/>\n\t\t\t\t\t<\/a><\/p>\n<figure><img decoding=\"async\" src=\"https:\/\/dinkpickleball.com\/wp-content\/uploads\/2022\/06\/onix.png\" alt=\"onix\" \/><\/figure>\n<figure><img decoding=\"async\" src=\"https:\/\/dinkpickleball.com\/wp-content\/uploads\/2022\/06\/Diadem-logo.png\" alt=\"Logotipo de la diadema\" \/><\/figure>\n<figure><img decoding=\"async\" src=\"https:\/\/dinkpickleball.com\/wp-content\/uploads\/2022\/06\/Gamma.png\" alt=\"Gamma\" \/><\/figure>\n<figure><img decoding=\"async\" src=\"https:\/\/dinkpickleball.com\/wp-content\/uploads\/2022\/06\/Paddletek.png\" alt=\"Paddletek\" \/><\/figure>\n<figure><img decoding=\"async\" src=\"https:\/\/dinkpickleball.com\/wp-content\/uploads\/2023\/04\/RECESS-logo.png\" alt=\"Logotipo de RECESS\" \/><\/figure>\n<figure><img decoding=\"async\" src=\"https:\/\/dinkpickleball.com\/wp-content\/uploads\/2023\/04\/CRBN-logo.png\" alt=\"Logotipo de CRBN\" \/><\/figure>\n<figure><img decoding=\"async\" src=\"https:\/\/dinkpickleball.com\/wp-content\/uploads\/2023\/04\/STIGA-logo.png\" alt=\"Logotipo de STIGA\" \/><\/figure>\n<figure><img decoding=\"async\" src=\"https:\/\/dinkpickleball.com\/wp-content\/uploads\/2022\/06\/niupipo.png\" alt=\"niupipo\" \/><\/figure>\n<h2>Rendimiento notable, dise\u00f1o inolvidable<\/h2>\n<p>Dinkpickleball ofrece las mejores opciones de personalizaci\u00f3n. Desde logotipos y colores hasta dise\u00f1os \u00fanicos y esl\u00f3ganes, ofrecemos amplias opciones para garantizar que sus bolas de pickleball personalizadas representen realmente su marca.<\/p>\n<p>                <a ><br \/>\n                    <img decoding=\"async\" width=\"500\" height=\"500\" src=\"https:\/\/dinkpickleball.com\/wp-content\/uploads\/2022\/06\/custom-pickleball-ball-wholesale-3.jpg\" alt=\"mayorista de pelotas de pickleball personalizadas 3\" loading=\"lazy\" srcset=\"https:\/\/dinkpickleball.com\/wp-content\/uploads\/2022\/06\/custom-pickleball-ball-wholesale-3.jpg 500w, https:\/\/dinkpickleball.com\/wp-content\/uploads\/2022\/06\/custom-pickleball-ball-wholesale-3-300x300.jpg 300w, https:\/\/dinkpickleball.com\/wp-content\/uploads\/2022\/06\/custom-pickleball-ball-wholesale-3-150x150.jpg 150w, https:\/\/dinkpickleball.com\/wp-content\/uploads\/2022\/06\/custom-pickleball-ball-wholesale-3-100x100.jpg 100w\" sizes=\"auto, (max-width: 500px) 100vw, 500px\" \/><br \/>\n                <\/a><br \/>\n                                                            <a ><br \/>\n                                    SOLICITAR PRESUPUESTO                                <\/a><br \/>\n                <a ><br \/>\n                    <img decoding=\"async\" width=\"500\" height=\"500\" src=\"https:\/\/dinkpickleball.com\/wp-content\/uploads\/2022\/06\/custom-pickleball-ball-wholesale-2.jpg\" alt=\"mayorista de pelotas de pickleball personalizadas 2\" loading=\"lazy\" srcset=\"https:\/\/dinkpickleball.com\/wp-content\/uploads\/2022\/06\/custom-pickleball-ball-wholesale-2.jpg 500w, https:\/\/dinkpickleball.com\/wp-content\/uploads\/2022\/06\/custom-pickleball-ball-wholesale-2-300x300.jpg 300w, https:\/\/dinkpickleball.com\/wp-content\/uploads\/2022\/06\/custom-pickleball-ball-wholesale-2-150x150.jpg 150w, https:\/\/dinkpickleball.com\/wp-content\/uploads\/2022\/06\/custom-pickleball-ball-wholesale-2-100x100.jpg 100w\" sizes=\"auto, (max-width: 500px) 100vw, 500px\" \/><br \/>\n                <\/a><br \/>\n                                                            <a ><br \/>\n                                    SOLICITAR PRESUPUESTO                                <\/a><br \/>\n                <a ><br \/>\n                    <img decoding=\"async\" width=\"500\" height=\"500\" src=\"https:\/\/dinkpickleball.com\/wp-content\/uploads\/2022\/06\/custom-pickleball-ball-wholesale-1.jpg\" alt=\"mayorista de pelotas de pickleball personalizadas 1\" loading=\"lazy\" srcset=\"https:\/\/dinkpickleball.com\/wp-content\/uploads\/2022\/06\/custom-pickleball-ball-wholesale-1.jpg 500w, https:\/\/dinkpickleball.com\/wp-content\/uploads\/2022\/06\/custom-pickleball-ball-wholesale-1-300x300.jpg 300w, https:\/\/dinkpickleball.com\/wp-content\/uploads\/2022\/06\/custom-pickleball-ball-wholesale-1-150x150.jpg 150w, https:\/\/dinkpickleball.com\/wp-content\/uploads\/2022\/06\/custom-pickleball-ball-wholesale-1-100x100.jpg 100w\" sizes=\"auto, (max-width: 500px) 100vw, 500px\" \/><br \/>\n                <\/a><br \/>\n                                                            <a ><br \/>\n                                    SOLICITAR PRESUPUESTO                                <\/a><br \/>\n\t\t\t\t\t\t\t\t\t\t\t\t<img decoding=\"async\" width=\"800\" height=\"1200\" src=\"https:\/\/dinkpickleball.com\/wp-content\/uploads\/2023\/07\/custom-pickleball.jpg\" alt=\"pickleball personalizado\" loading=\"lazy\" srcset=\"https:\/\/dinkpickleball.com\/wp-content\/uploads\/2023\/07\/custom-pickleball.jpg 800w, https:\/\/dinkpickleball.com\/wp-content\/uploads\/2023\/07\/custom-pickleball-200x300.jpg 200w, https:\/\/dinkpickleball.com\/wp-content\/uploads\/2023\/07\/custom-pickleball-683x1024.jpg 683w, https:\/\/dinkpickleball.com\/wp-content\/uploads\/2023\/07\/custom-pickleball-768x1152.jpg 768w, https:\/\/dinkpickleball.com\/wp-content\/uploads\/2023\/07\/custom-pickleball-600x900.jpg 600w\" sizes=\"auto, (max-width: 800px) 100vw, 800px\" \/>\t\t\t\t\t\t\t\t\t\t\t\t\t\t<\/p>\n<h2>C\u00f3mo personalizar<\/h2>\n<h3>\n\t\t\t\t\t\tDise\u00f1o y asesoramiento<br \/>\n\t\t\t\t<\/h3>\n<p>\n\t\t\t\t\t\tComenzamos con una consulta exhaustiva para comprender su visi\u00f3n. Puede elegir entre varias opciones, como colores, estilos (sin costuras o con soldadura) y m\u00e9todos de impresi\u00f3n (impresi\u00f3n UV o l\u00e1ser). Le ayudamos en todo momento para garantizar que el dise\u00f1o final refleje la identidad de su marca y cumpla sus expectativas.\t\t\t\t\t<\/p>\n<h3>\n\t\t\t\t\t\tMuestras<br \/>\n\t\t\t\t<\/h3>\n<p>\n\t\t\t\t\t\tCreemos en un enfoque \"sin sorpresas\". Una vez finalizado el dise\u00f1o, creamos una muestra de su pelota de pickleball personalizada. Esto le permite experimentar el aspecto y el tacto del producto antes de que comience la producci\u00f3n a gran escala. Tambi\u00e9n es una oportunidad para hacer los \u00faltimos ajustes y asegurarnos de que todo est\u00e1 perfecto.\t\t\t\t\t<\/p>\n<h3>\n\t\t\t\t\t\tPaquete personalizado<br \/>\n\t\t\t\t<\/h3>\n<p>\n\t\t\t\t\t\tOfrecemos asesoramiento y orientaci\u00f3n sobre envases adaptados a sus necesidades. Tanto si se dirige a minoristas, distribuidores, colegios, equipos deportivos u organizaciones sin \u00e1nimo de lucro, le ayudamos a crear envases que resuenen con su p\u00fablico objetivo y mejoren la identidad de su marca, todo ello sin salirse de su presupuesto.\t\t\t\t\t<\/p>\n<h3>\n\t\t\t\t\t\tProducci\u00f3n y entrega<br \/>\n\t\t\t\t<\/h3>\n<p>\n\t\t\t\t\t\tTras su aprobaci\u00f3n de la muestra y el embalaje, ponemos en marcha la producci\u00f3n a gran escala. Utilizando equipos de \u00faltima generaci\u00f3n y siguiendo estrictas medidas de control de calidad, nos aseguramos de que cada pelota de pickleball personalizada cumpla nuestros elevados est\u00e1ndares y sus expectativas. Una vez finalizada la producci\u00f3n, gestionamos eficazmente el proceso de entrega, garantizando que su pedido le llegue siempre a tiempo.\t\t\t\t\t<\/p>\n<p>\t\t\t<a role=\"button\"><br \/>\n\t\t\t\t\t\tSOLICITAR PRESUPUESTO<br \/>\n\t\t\t\t\t<\/a><\/p>\n<h2>Por qu\u00e9 DinkPickleball<\/h2>\n<h2>Personalizar para destacar<\/h2>\n<p>Eleve su marca con nuestras bolas de pickle personalizadas. Dinkpickleball le permite dise\u00f1ar pickleballs que reflejen la identidad \u00fanica de su marca. Destaque en el mercado con pickleballs exclusivamente suyos.<\/p>\n<h2>Calidad de confianza<\/h2>\n<p>Cuando se trata de pelotas de pickleball personalizadas, la calidad importa. En Dinkpickleball estamos orgullosos de cumplir con los est\u00e1ndares de la USAPA, garantizando que sus productos personalizados ofrezcan no s\u00f3lo estilo, sino tambi\u00e9n rendimiento.<\/p>\n<h2>Una experiencia a medida<\/h2>\n<p>Cada cliente es \u00fanico, y as\u00ed debe ser cada pedido de pelotas de pickleball personalizadas. En Dinkpickleball, trabajamos estrechamente con usted para entender sus necesidades espec\u00edficas y entregar pelotas de pickleball que superen sus expectativas.<\/p>\n<h2>Impresiones duraderas<\/h2>\n<p>Creemos que las bolas de pickle personalizadas no son s\u00f3lo una herramienta de marketing, sino una declaraci\u00f3n del compromiso de su marca con la calidad. Con Dinkpickleball, obtendr\u00e1 pelotas tan duraderas y fiables como promete ser su marca.<\/p>\n<h2>Envases personalizados<\/h2>\n<p>M\u00e1s all\u00e1 del producto, sabemos que la presentaci\u00f3n importa. Por eso ofrecemos embalajes personalizados para sus pelotas de pickleball personalizadas, para que sus clientes disfruten de una experiencia inolvidable al abrir la caja, acorde con la imagen de su marca.<\/p>\n<h2> Producci\u00f3n r\u00e1pida y fiable<\/h2>\n<p>La rapidez es crucial en el vertiginoso mercado actual. Por eso, Dinkpickleball garantiza una producci\u00f3n r\u00e1pida y fiable de sus pelotas de pickleball personalizadas, asegur\u00e1ndole el cumplimiento de sus plazos sin comprometer la calidad.<\/p>\n<h2>CERTIFICACI\u00d3N<\/h2>\n<p>\t\t\t\t\t\t\t\t\t\t\t\t\t\tDiapositiva anterior<br \/>\n\t\t\t\t\t\t\t\t\t\t\t\t\t\tSiguiente diapositiva<br \/>\n\t\thttps:\/\/www.youtube.com\/watch?v=Qabfon2h21Mhttps:\/\/www.youtube.com\/watch?v=Ua9srFrvZFg\t\t<\/p>\n<h2>Testimonios<\/h2>\n<h3>Con Dinkpickleball, puede esperar productos excepcionales, precios competitivos y un excelente servicio de atenci\u00f3n al cliente.<\/h3>\n<p>\t\t\t\t\t\t\tSus bolas de pickle personalizadas no han sido s\u00f3lo productos, sino extensiones de nuestra marca, cada una con nuestra identidad distintiva. La durabilidad de estas bolas es testimonio de la atenci\u00f3n al detalle y el compromiso de Dinkpickleball con la fabricaci\u00f3n de productos duraderos.<\/p>\n<p>El embalaje personalizado de Dinkpickleball a\u00f1adi\u00f3 un toque extra de profesionalidad, proporcionando a nuestros clientes una experiencia inolvidable al abrir la caja.Para cualquier empresa que busque calidad, fiabilidad y personalizaci\u00f3n en sus productos de pickleball, recomendamos de todo coraz\u00f3n Dinkpickleball.<br \/>\n\t\t\t\t\t\t\t<img decoding=\"async\" width=\"150\" height=\"150\" src=\"https:\/\/dinkpickleball.com\/wp-content\/uploads\/2023\/04\/Benjamin-Thompson-150x150.jpg\" alt=\"Benjamin Thompson\" loading=\"lazy\" \/><br \/>\n\t\t\t\t\t\t\t\t\t\t\t\t\t\tBenjamin Thompson<br \/>\n\t\t\t\t\t\t\t\t\t\t\t\t\t\t\t\t\t\t\t\t\t\tDIRECTOR GENERAL<br \/>\n\t\t\t\t\t\t\tDinkpickleball fue m\u00e1s que un simple proveedor. Actuaron como un verdadero socio, dedicando tiempo a comprender nuestras necesidades espec\u00edficas y adaptando sus servicios a ellas. La posibilidad de personalizar nuestras pelotas de pickleball para que encajaran con nuestra marca cambi\u00f3 las reglas del juego, nos diferenci\u00f3 en el mercado y cal\u00f3 hondo en nuestros clientes.<br \/>\n\t\t\t\t\t\t\t<img decoding=\"async\" width=\"150\" height=\"150\" src=\"https:\/\/dinkpickleball.com\/wp-content\/uploads\/2023\/04\/Amelia-Henderson-150x150.jpg\" alt=\"Amelia Henderson\" loading=\"lazy\" \/><br \/>\n\t\t\t\t\t\t\t\t\t\t\t\t\t\tAmelia Henderson<br \/>\n\t\t\t\t\t\t\t\t\t\t\t\t\t\t\t\t\t\t\t\t\t\tComprador<br \/>\n\t\t\t\t\t\t\tNos impresion\u00f3 especialmente la rapidez y fiabilidad del proceso de producci\u00f3n de Dinkpickleball. A pesar de la naturaleza personalizada de nuestro pedido, fueron capaces de cumplir nuestros ajustados plazos sin comprometer la calidad de los productos.<br \/>\n\t\t\t\t\t\t\t<img decoding=\"async\" width=\"150\" height=\"150\" src=\"https:\/\/dinkpickleball.com\/wp-content\/uploads\/2023\/04\/Lucas-Martinez-150x150.jpg\" alt=\"Lucas Mart\u00ednez\" loading=\"lazy\" \/><br \/>\n\t\t\t\t\t\t\t\t\t\t\t\t\t\tLucas Mart\u00ednez<br \/>\n\t\t\t\t\t\t\t\t\t\t\t\t\t\t\t\t\t\t\t\t\t\tMinoristas <\/p>\n<h2>PREGUNTAS FRECUENTES<\/h2>\n<p>Estas son algunas de las preguntas m\u00e1s frecuentes (FAQ) que los clientes B2B pueden tener al considerar la compra de Pelotas de Pickleball Personalizadas:<\/p>\n<p>                        <a href=\"#collapse-bc22830650c4e17c0bcd\" data-ekit-toggle=\"collapse\" data-target=\"#Collapse-bc22830650c4e17c0bcd\" aria-expanded=\"true\" aria-controls=\"Collapse-bc22830650c4e17c0bcd\"><br \/>\n                            \u00bfLas pelotas de pickleball personalizadas cumplen las normas de la USAPA?<br \/>\n                                        <!-- Normal Icon --><br \/>\n                                        <!-- Active Icon --><br \/>\n                                                    <\/a><\/p>\n<p>Absolutamente. Todas nuestras pelotas de pickleball cumplen y superan los rigurosos est\u00e1ndares establecidos por la USAPA. Estamos comprometidos a proporcionar productos de la m\u00e1s alta calidad para nuestros clientes.<\/p>\n<p>                <!-- .elementskit-card END --><br \/>\n                        <a href=\"#collapse-3dad4e0650c4e17c0bcd\" data-ekit-toggle=\"collapse\" data-target=\"#Collapse-3dad4e0650c4e17c0bcd\" aria-expanded=\"false\" aria-controls=\"Collapse-3dad4e0650c4e17c0bcd\"><br \/>\n                            \u00bfQu\u00e9 opciones de personalizaci\u00f3n hay para sus pelotas de pickleball?<br \/>\n                                        <!-- Normal Icon --><br \/>\n                                        <!-- Active Icon --><br \/>\n                                                    <\/a><\/p>\n<p>Ofrecemos una gran variedad de opciones de personalizaci\u00f3n, como el color, la impresi\u00f3n del logotipo y los elementos de dise\u00f1o para adaptarlos a su marca, evento o preferencia personal.<\/p>\n<p>                <!-- .elementskit-card END --><br \/>\n                        <a href=\"#collapse-8417e71650c4e17c0bcd\" data-ekit-toggle=\"collapse\" data-target=\"#Collapse-8417e71650c4e17c0bcd\" aria-expanded=\"false\" aria-controls=\"Collapse-8417e71650c4e17c0bcd\"><br \/>\n                            \u00bfSon duraderas las pelotas de pickleball personalizadas de Dinkpickleball?<br \/>\n                                        <!-- Normal Icon --><br \/>\n                                        <!-- Active Icon --><br \/>\n                                                    <\/a><\/p>\n<p>Nuestras pelotas de pickleball est\u00e1n dise\u00f1adas pensando en la durabilidad. Est\u00e1n hechas para resistir el juego prolongado, manteniendo un rendimiento consistente y caracter\u00edsticas de rebote.<\/p>\n<p>                <!-- .elementskit-card END --><br \/>\n                        <a href=\"#collapse-293f4f9650c4e17c0bcd\" data-ekit-toggle=\"collapse\" data-target=\"#Collapse-293f4f9650c4e17c0bcd\" aria-expanded=\"false\" aria-controls=\"Collapse-293f4f9650c4e17c0bcd\"><br \/>\n                            \u00bfCu\u00e1l es el plazo de entrega de los pedidos personalizados?<br \/>\n                                        <!-- Normal Icon --><br \/>\n                                        <!-- Active Icon --><br \/>\n                                                    <\/a><\/p>\n<p>Nuestro plazo de entrega habitual para pedidos personalizados var\u00eda en funci\u00f3n de las caracter\u00edsticas espec\u00edficas del pedido, pero nos esforzamos por satisfacer todos los pedidos lo antes posible. P\u00f3ngase en contacto con nosotros para obtener informaci\u00f3n m\u00e1s detallada.<\/p>\n<p>                <!-- .elementskit-card END --><br \/>\n                        <a href=\"#collapse-1e5da80650c4e17c0bcd\" data-ekit-toggle=\"collapse\" data-target=\"#Collapse-1e5da80650c4e17c0bcd\" aria-expanded=\"false\" aria-controls=\"Collapse-1e5da80650c4e17c0bcd\"><br \/>\n                            \u00bfPueden entregar las pelotas de pickleball personalizadas en varios lugares?<br \/>\n                                        <!-- Normal Icon --><br \/>\n                                        <!-- Active Icon --><br \/>\n                                                    <\/a><\/p>\n<p>Ofrecemos entrega en m\u00faltiples lugares. Es posible que se apliquen tarifas adicionales, por lo que le recomendamos que se ponga en contacto con nuestro servicio de atenci\u00f3n al cliente para obtener informaci\u00f3n detallada.<\/p>\n<p>                <!-- .elementskit-card END --><br \/>\n                        <a href=\"#collapse-a5eda63650c4e17c0bcd\" data-ekit-toggle=\"collapse\" data-target=\"#Collapse-a5eda63650c4e17c0bcd\" aria-expanded=\"false\" aria-controls=\"Collapse-a5eda63650c4e17c0bcd\"><br \/>\n                            \u00bfY si no estamos satisfechos con los balones recibidos?<br \/>\n                                        <!-- Normal Icon --><br \/>\n                                        <!-- Active Icon --><br \/>\n                                                    <\/a><\/p>\n<p>\u00a0En Dinkpickleball, la satisfacci\u00f3n del cliente es nuestra m\u00e1xima prioridad. Si no est\u00e1 satisfecho con su pedido por cualquier motivo, p\u00f3ngase en contacto con nosotros inmediatamente. Trabajaremos con usted para resolver cualquier problema o preocupaci\u00f3n que pueda tener.<\/p>\n<p>                <!-- .elementskit-card END --><\/p>","protected":false},"excerpt":{"rendered":"<p>Custom Pickleball Balls Designed to meet the USAPA standards, our balls provide consistent performance and enhance your brand at a factory price in bulk. GET A QUOTE Understanding You We understand that your brand is unique. Our custom pickleball balls are an extension of your brand, a means of communicating your values and connecting with [&hellip;]<\/p>\n","protected":false},"author":1,"featured_media":0,"parent":0,"menu_order":0,"comment_status":"closed","ping_status":"closed","template":"","meta":{"_seopress_robots_primary_cat":"","_seopress_titles_title":"Custom Pickleball Balls meet the USAPA standards","_seopress_titles_desc":"Designed to meet the USAPA standards, our balls provide consistent performance and enhance your brand at a factory price in bulk.","_seopress_robots_index":"","footnotes":""},"class_list":["post-14808","page","type-page","status-publish","hentry"],"meta_box":[],"_links":{"self":[{"href":"https:\/\/dinkpickleball.com\/es\/wp-json\/wp\/v2\/pages\/14808","targetHints":{"allow":["GET"]}}],"collection":[{"href":"https:\/\/dinkpickleball.com\/es\/wp-json\/wp\/v2\/pages"}],"about":[{"href":"https:\/\/dinkpickleball.com\/es\/wp-json\/wp\/v2\/types\/page"}],"author":[{"embeddable":true,"href":"https:\/\/dinkpickleball.com\/es\/wp-json\/wp\/v2\/users\/1"}],"replies":[{"embeddable":true,"href":"https:\/\/dinkpickleball.com\/es\/wp-json\/wp\/v2\/comments?post=14808"}],"version-history":[{"count":48,"href":"https:\/\/dinkpickleball.com\/es\/wp-json\/wp\/v2\/pages\/14808\/revisions"}],"predecessor-version":[{"id":16260,"href":"https:\/\/dinkpickleball.com\/es\/wp-json\/wp\/v2\/pages\/14808\/revisions\/16260"}],"wp:attachment":[{"href":"https:\/\/dinkpickleball.com\/es\/wp-json\/wp\/v2\/media?parent=14808"}],"curies":[{"name":"wp","href":"https:\/\/api.w.org\/{rel}","templated":true}]}}