{"id":14583,"date":"2023-05-11T00:34:23","date_gmt":"2023-05-10T16:34:23","guid":{"rendered":"https:\/\/dinkpickleball.com\/?page_id=14583"},"modified":"2025-01-13T22:09:07","modified_gmt":"2025-01-13T14:09:07","slug":"pickleball-paddle-set","status":"publish","type":"page","link":"https:\/\/dinkpickleball.com\/es\/pickleball-paddle-set\/","title":{"rendered":"Set de palas de Pickleball"},"content":{"rendered":"<h1>Pickleball Paddle Set Fabricantes<\/h1>\n<p>Destaque en el competitivo mercado del Pickleball ofreciendo juegos de palas de Pickleball a medida, dise\u00f1ados para adaptarse al estilo \u00fanico de su marca. En DinkPickleball, nos especializamos en la creaci\u00f3n de soluciones personalizadas de Pickleball que resuenan con su p\u00fablico objetivo, impulsando las ventas y la satisfacci\u00f3n del cliente.<\/p>\n<p>\t\t\t<a role=\"button\"><br \/>\n\t\t\t\t\t\tSolicite nuestro \u00faltimo precio<br \/>\n\t\t\t\t\t<\/a><br \/>\n\t\t\t\t\t\t\t\t\t\t\t\t<img decoding=\"async\" src=\"https:\/\/dinkpickleball.com\/wp-content\/uploads\/2023\/05\/Pickleball-Paddle-Set.png\" title=\"Set de palas de Pickleball\" alt=\"Set de palas de Pickleball\" loading=\"lazy\" \/>\t\t\t\t\t\t\t\t\t\t\t\t\t\t<\/p>\n<h2>Libere el potencial de beneficios con los juegos de palas de Pickleball personalizados<\/h2>\n<p>Simplifique su proceso de abastecimiento con los fiables juegos de palas de Pickleball de DinkPickleball. Como f\u00e1brica y fabricante l\u00edder en China, ofrecemos MOQs flexibles, precios competitivos y entrega eficiente a los EE.UU., Canad\u00e1, Australia y m\u00e1s all\u00e1. As\u00f3ciese con nosotros y experimente un servicio y soporte incomparables para sus necesidades comerciales de Pickleball.<\/p>\n<p>                    <img loading=\"lazy\" decoding=\"async\" width=\"800\" height=\"800\" src=\"https:\/\/dinkpickleball.com\/wp-content\/uploads\/2023\/05\/Pickleball-Sets-6.jpg\" alt=\"Pickleball Sets 6\" srcset=\"https:\/\/dinkpickleball.com\/wp-content\/uploads\/2023\/05\/Pickleball-Sets-6.jpg 800w, https:\/\/dinkpickleball.com\/wp-content\/uploads\/2023\/05\/Pickleball-Sets-6-300x300.jpg 300w, https:\/\/dinkpickleball.com\/wp-content\/uploads\/2023\/05\/Pickleball-Sets-6-150x150.jpg 150w, https:\/\/dinkpickleball.com\/wp-content\/uploads\/2023\/05\/Pickleball-Sets-6-768x768.jpg 768w, https:\/\/dinkpickleball.com\/wp-content\/uploads\/2023\/05\/Pickleball-Sets-6-600x600.jpg 600w, https:\/\/dinkpickleball.com\/wp-content\/uploads\/2023\/05\/Pickleball-Sets-6-100x100.jpg 100w\" sizes=\"auto, (max-width: 800px) 100vw, 800px\" \/><br \/>\n                                                            <a ><br \/>\n                                    Enviar consulta ahora                                <\/a><br \/>\n                    <img loading=\"lazy\" decoding=\"async\" width=\"800\" height=\"800\" src=\"https:\/\/dinkpickleball.com\/wp-content\/uploads\/2023\/05\/Pickleball-Sets-5.jpg\" alt=\"Pickleball Sets 5\" srcset=\"https:\/\/dinkpickleball.com\/wp-content\/uploads\/2023\/05\/Pickleball-Sets-5.jpg 800w, https:\/\/dinkpickleball.com\/wp-content\/uploads\/2023\/05\/Pickleball-Sets-5-300x300.jpg 300w, https:\/\/dinkpickleball.com\/wp-content\/uploads\/2023\/05\/Pickleball-Sets-5-150x150.jpg 150w, https:\/\/dinkpickleball.com\/wp-content\/uploads\/2023\/05\/Pickleball-Sets-5-768x768.jpg 768w, https:\/\/dinkpickleball.com\/wp-content\/uploads\/2023\/05\/Pickleball-Sets-5-600x600.jpg 600w, https:\/\/dinkpickleball.com\/wp-content\/uploads\/2023\/05\/Pickleball-Sets-5-100x100.jpg 100w\" sizes=\"auto, (max-width: 800px) 100vw, 800px\" \/><br \/>\n                                                            <a ><br \/>\n                                    Enviar consulta ahora                                <\/a><br \/>\n                    <img loading=\"lazy\" decoding=\"async\" width=\"800\" height=\"800\" src=\"https:\/\/dinkpickleball.com\/wp-content\/uploads\/2023\/05\/Pickleball-Sets-1.jpg\" alt=\"Pickleball Sets 1\" srcset=\"https:\/\/dinkpickleball.com\/wp-content\/uploads\/2023\/05\/Pickleball-Sets-1.jpg 800w, https:\/\/dinkpickleball.com\/wp-content\/uploads\/2023\/05\/Pickleball-Sets-1-300x300.jpg 300w, https:\/\/dinkpickleball.com\/wp-content\/uploads\/2023\/05\/Pickleball-Sets-1-150x150.jpg 150w, https:\/\/dinkpickleball.com\/wp-content\/uploads\/2023\/05\/Pickleball-Sets-1-768x768.jpg 768w, https:\/\/dinkpickleball.com\/wp-content\/uploads\/2023\/05\/Pickleball-Sets-1-600x600.jpg 600w, https:\/\/dinkpickleball.com\/wp-content\/uploads\/2023\/05\/Pickleball-Sets-1-100x100.jpg 100w\" sizes=\"auto, (max-width: 800px) 100vw, 800px\" \/><br \/>\n                                                            <a ><br \/>\n                                    Enviar consulta ahora                                <\/a><br \/>\n                    <img loading=\"lazy\" decoding=\"async\" width=\"800\" height=\"800\" src=\"https:\/\/dinkpickleball.com\/wp-content\/uploads\/2023\/05\/Pickleball-Sets-2.jpg\" alt=\"Pickleball Sets 2\" srcset=\"https:\/\/dinkpickleball.com\/wp-content\/uploads\/2023\/05\/Pickleball-Sets-2.jpg 800w, https:\/\/dinkpickleball.com\/wp-content\/uploads\/2023\/05\/Pickleball-Sets-2-300x300.jpg 300w, https:\/\/dinkpickleball.com\/wp-content\/uploads\/2023\/05\/Pickleball-Sets-2-150x150.jpg 150w, https:\/\/dinkpickleball.com\/wp-content\/uploads\/2023\/05\/Pickleball-Sets-2-768x768.jpg 768w, https:\/\/dinkpickleball.com\/wp-content\/uploads\/2023\/05\/Pickleball-Sets-2-600x600.jpg 600w, https:\/\/dinkpickleball.com\/wp-content\/uploads\/2023\/05\/Pickleball-Sets-2-100x100.jpg 100w\" sizes=\"auto, (max-width: 800px) 100vw, 800px\" \/><br \/>\n                                                            <a ><br \/>\n                                    Enviar consulta ahora                                <\/a><br \/>\n                    <img loading=\"lazy\" decoding=\"async\" width=\"800\" height=\"800\" src=\"https:\/\/dinkpickleball.com\/wp-content\/uploads\/2023\/05\/Pickleball-Sets-4.jpg\" alt=\"Pickleball Sets 4\" srcset=\"https:\/\/dinkpickleball.com\/wp-content\/uploads\/2023\/05\/Pickleball-Sets-4.jpg 800w, https:\/\/dinkpickleball.com\/wp-content\/uploads\/2023\/05\/Pickleball-Sets-4-300x300.jpg 300w, https:\/\/dinkpickleball.com\/wp-content\/uploads\/2023\/05\/Pickleball-Sets-4-150x150.jpg 150w, https:\/\/dinkpickleball.com\/wp-content\/uploads\/2023\/05\/Pickleball-Sets-4-768x768.jpg 768w, https:\/\/dinkpickleball.com\/wp-content\/uploads\/2023\/05\/Pickleball-Sets-4-600x600.jpg 600w, https:\/\/dinkpickleball.com\/wp-content\/uploads\/2023\/05\/Pickleball-Sets-4-100x100.jpg 100w\" sizes=\"auto, (max-width: 800px) 100vw, 800px\" \/><br \/>\n                                                            <a ><br \/>\n                                    Enviar consulta ahora                                <\/a><br \/>\n                    <img loading=\"lazy\" decoding=\"async\" width=\"800\" height=\"800\" src=\"https:\/\/dinkpickleball.com\/wp-content\/uploads\/2023\/05\/Pickleball-Sets-3.jpg\" alt=\"Pickleball Sets 3\" srcset=\"https:\/\/dinkpickleball.com\/wp-content\/uploads\/2023\/05\/Pickleball-Sets-3.jpg 800w, https:\/\/dinkpickleball.com\/wp-content\/uploads\/2023\/05\/Pickleball-Sets-3-300x300.jpg 300w, https:\/\/dinkpickleball.com\/wp-content\/uploads\/2023\/05\/Pickleball-Sets-3-150x150.jpg 150w, https:\/\/dinkpickleball.com\/wp-content\/uploads\/2023\/05\/Pickleball-Sets-3-768x768.jpg 768w, https:\/\/dinkpickleball.com\/wp-content\/uploads\/2023\/05\/Pickleball-Sets-3-600x600.jpg 600w, https:\/\/dinkpickleball.com\/wp-content\/uploads\/2023\/05\/Pickleball-Sets-3-100x100.jpg 100w\" sizes=\"auto, (max-width: 800px) 100vw, 800px\" \/><br \/>\n                                                            <a ><br \/>\n                                    Enviar consulta ahora                                <\/a><\/p>\n<h2>Set de Pickleball personalizado - Mejore el juego de sus clientes<\/h2>\n<p>Ofr\u00e9zcales los juegos de palas de Pickleball de primera calidad de DinkPickleball, fabricados por expertos para cumplir con los est\u00e1ndares de la USAPA. Como fabricante de confianza, garantizamos la m\u00e1s alta calidad y rendimiento para su negocio minorista o de distribuci\u00f3n. \u00a1Haga que su marca sea sin\u00f3nimo de excelencia asoci\u00e1ndose con DinkPickleball!<\/p>\n<p>\t\t\t\t\t\t\t\t\t\t\t\t<img decoding=\"async\" src=\"https:\/\/dinkpickleball.com\/wp-content\/uploads\/2023\/04\/Thermoformed-Edges.jpg\" title=\"Bordes termoformados\" alt=\"Bordes termoformados\" loading=\"lazy\" \/>\t\t\t\t\t\t\t\t\t\t\t\t\t\t<\/p>\n<h3>Juegos completos de Pickleball<\/h3>\n<p>DinkPickleball ofrece una variedad de Sets de Pickleball, incluyendo Set de Palas de Pickleball, Kit de Pickleball, Set de Pickleball con Red, Set de Iniciaci\u00f3n al Pickleball, y Set de 4 Pickleball, para jugadores de todos los niveles.<\/p>\n<p>\t\t\t<a role=\"button\"><br \/>\n\t\t\t\t\t\tPresupuesto inmediato<br \/>\n\t\t\t\t\t<\/a><br \/>\n\t\t\t\t\t\t\t\t\t\t\t\t<img decoding=\"async\" src=\"https:\/\/dinkpickleball.com\/wp-content\/uploads\/2023\/04\/Premium-Quality-Products.jpg\" title=\"Productos de calidad superior\" alt=\"Productos de calidad superior\" loading=\"lazy\" \/>\t\t\t\t\t\t\t\t\t\t\t\t\t\t<\/p>\n<h3>Palas de alta calidad y conformes con la USAPA<\/h3>\n<p>Nuestras palas de Pickleball cumplen con los est\u00e1ndares USAPA, garantizando un excelente rendimiento y durabilidad. Elija entre varios tipos de palas de Pickleball, incluyendo Graphite Pickleball Paddle Set y Set de 4 palas de Pickleball.<\/p>\n<p>\t\t\t<a role=\"button\"><br \/>\n\t\t\t\t\t\tPresupuesto inmediato<br \/>\n\t\t\t\t\t<\/a><br \/>\n\t\t\t\t\t\t\t\t\t\t\t\t<img decoding=\"async\" src=\"https:\/\/dinkpickleball.com\/wp-content\/uploads\/2023\/04\/Exceptional-Customer-Support.jpg\" title=\"Atenci\u00f3n al cliente excepcional\" alt=\"Atenci\u00f3n al cliente excepcional\" loading=\"lazy\" \/>\t\t\t\t\t\t\t\t\t\t\t\t\t\t<\/p>\n<h3>Opciones personalizables<\/h3>\n<p>En DinkPickleball, ofrecemos Set de 2 Palas de Pickleball, Set de Red de Pickleball, Set de 4 Palas de Pickleball, y Set de 4 Palas de Pickleball, permiti\u00e9ndote personalizar tu Set de Pickleball en base a tus necesidades espec\u00edficas.<\/p>\n<p>\t\t\t<a role=\"button\"><br \/>\n\t\t\t\t\t\tPresupuesto inmediato<br \/>\n\t\t\t\t\t<\/a><br \/>\n\t\t\t\t\t\t\t\t\t\t\t\t<img decoding=\"async\" src=\"https:\/\/dinkpickleball.com\/wp-content\/uploads\/2023\/04\/Collaborative-Approach-.jpeg\" title=\"Enfoque colaborativo\" alt=\"Enfoque colaborativo\" loading=\"lazy\" \/>\t\t\t\t\t\t\t\t\t\t\t\t\t\t<\/p>\n<h3>Ideal para principiantes y profesionales<\/h3>\n<p>Nuestro set de juego de pickleball, set de raquetas de pickleball y sets de venta de pickleball son adecuados para jugadores de todos los niveles, incluyendo set de pickleball para principiantes, set de pickleball port\u00e1til, kit de iniciaci\u00f3n al pickleball y set de pickleball para principiantes.<\/p>\n<p>\t\t\t<a role=\"button\"><br \/>\n\t\t\t\t\t\tPresupuesto inmediato<br \/>\n\t\t\t\t\t<\/a><br \/>\n\t\t\t\t\t\t\t\t\t\t\t\t<img decoding=\"async\" src=\"https:\/\/dinkpickleball.com\/wp-content\/uploads\/2023\/03\/Responsive-Customer-Service.jpg\" title=\"Servicio de atenci\u00f3n al cliente receptivo\" alt=\"Servicio de atenci\u00f3n al cliente receptivo\" loading=\"lazy\" \/>\t\t\t\t\t\t\t\t\t\t\t\t\t\t<\/p>\n<h3>Paquetes de gran valor<\/h3>\n<p>DinkPickleball proporciona Pickleball 4 Paddle Set, Pickleball Set para 2, Pickleball Paddle y Ball Set, Pickleball Court Set, Pickleball Home Set, y Pickleball Paddle Bundles para los clientes que buscan un gran valor y conveniencia.<\/p>\n<p>\t\t\t<a role=\"button\"><br \/>\n\t\t\t\t\t\tPresupuesto inmediato<br \/>\n\t\t\t\t\t<\/a><br \/>\n\t\t\t\t\t\t\t\t\t\t\t\t<img decoding=\"async\" src=\"https:\/\/dinkpickleball.com\/wp-content\/uploads\/2023\/04\/Proven-Track-Record.jpg\" title=\"Experiencia demostrada\" alt=\"Experiencia demostrada\" loading=\"lazy\" \/>\t\t\t\t\t\t\t\t\t\t\t\t\t\t<\/p>\n<h3>Amplia gama de juegos de Pickleball<\/h3>\n<p>Elija entre una gran variedad de opciones, como Kit de iniciaci\u00f3n de pickleball, Set de pickleball para exteriores, Set de pickleball con 4 palas y red, Set de juego de pickleball de 4 cuadrados y Set de pickleball de 4 palas, para asegurarse de encontrar el set perfecto para sus necesidades.<\/p>\n<p>\t\t\t<a role=\"button\"><br \/>\n\t\t\t\t\t\tPresupuesto inmediato<br \/>\n\t\t\t\t\t<\/a><br \/>\n\t\t\t\t\t\t\t\t\t\t\t\t<img decoding=\"async\" src=\"https:\/\/dinkpickleball.com\/wp-content\/uploads\/2023\/04\/Extensive-Industry-Experience-and-Expertise.jpeg\" title=\"Amplia experiencia y conocimientos del sector\" alt=\"Amplia experiencia y conocimientos del sector\" loading=\"lazy\" \/>\t\t\t\t\t\t\t\t\t\t\t\t\t\t<\/p>\n<h3>Port\u00e1til y f\u00e1cil de instalar<\/h3>\n<p>Nuestro Pickleball Net And Paddle Set, Pickleball Set Net, Pickleball Outdoor Set y Pickleball Portable Set est\u00e1n dise\u00f1ados para una f\u00e1cil instalaci\u00f3n y portabilidad, lo que le permite jugar al Pickleball en cualquier momento y en cualquier lugar.<\/p>\n<p>\t\t\t<a role=\"button\"><br \/>\n\t\t\t\t\t\tPresupuesto inmediato<br \/>\n\t\t\t\t\t<\/a><br \/>\n\t\t\t\t\t\t\t\t\t\t\t\t<img decoding=\"async\" src=\"https:\/\/dinkpickleball.com\/wp-content\/uploads\/2023\/04\/Expertise-in-Manufacturing.jpg\" title=\"Experiencia en fabricaci\u00f3n\" alt=\"Experiencia en fabricaci\u00f3n\" loading=\"lazy\" \/>\t\t\t\t\t\t\t\t\t\t\t\t\t\t<\/p>\n<h3>Fabricante fiable<\/h3>\n<p>Como f\u00e1brica y fabricante en China con 100 empleados, DinkPickleball garantiza una calidad de primera, precios competitivos y una entrega eficiente para minoristas, distribuidores y marcas que buscan Sets de Pickleball, lo que nos convierte en su socio de Pickleball de confianza.<\/p>\n<p>\t\t\t<a role=\"button\"><br \/>\n\t\t\t\t\t\tPresupuesto inmediato<br \/>\n\t\t\t\t\t<\/a><\/p>\n<h2>PREGUNTAS FRECUENTES<\/h2>\n<p>Estas son algunas de las preguntas m\u00e1s frecuentes (FAQs) que los clientes B2B pueden tener al considerar la compra de Pickleball Paddle Set:<\/p>\n<p>                        <a href=\"#collapse-a767ad6657675b3df5df\" data-ekit-toggle=\"collapse\" data-target=\"#Collapse-a767ad6657675b3df5df\" aria-expanded=\"true\" aria-controls=\"Collapse-a767ad6657675b3df5df\"><br \/>\n                            \u00bfCu\u00e1l es la cantidad m\u00ednima de pedido (MOQ) para sus juegos de Pickleball?<br \/>\n                                        <!-- Normal Icon --><br \/>\n                                        <!-- Active Icon --><br \/>\n                                                    <\/a><\/p>\n<p>La cantidad m\u00ednima para nuestros sets de Pickleball var\u00eda en funci\u00f3n del producto espec\u00edfico. P\u00f3ngase en contacto con nosotros para obtener m\u00e1s informaci\u00f3n sobre el MOQ para el Pickleball Set que le interesa.<\/p>\n<p>                <!-- .elementskit-card END --><br \/>\n                        <a href=\"#collapse-bc22830657675b3df5df\" data-ekit-toggle=\"collapse\" data-target=\"#Collapse-bc22830657675b3df5df\" aria-expanded=\"false\" aria-controls=\"Collapse-bc22830657675b3df5df\"><br \/>\n                            \u00bfPodemos personalizar los Sets de Pickleball con el logotipo y los colores de nuestra marca?<br \/>\n                                        <!-- Normal Icon --><br \/>\n                                        <!-- Active Icon --><br \/>\n                                                    <\/a><\/p>\n<p>S\u00ed, ofrecemos opciones de personalizaci\u00f3n para nuestros sets de Pickleball, incluyendo la adici\u00f3n del logotipo y los colores de su marca. Ind\u00edquenos sus requisitos de dise\u00f1o y trabajaremos con usted para crear el set de Pickleball personalizado perfecto para su marca.<\/p>\n<p>                <!-- .elementskit-card END --><br \/>\n                        <a href=\"#collapse-8417e71657675b3df5df\" data-ekit-toggle=\"collapse\" data-target=\"#Collapse-8417e71657675b3df5df\" aria-expanded=\"false\" aria-controls=\"Collapse-8417e71657675b3df5df\"><br \/>\n                            \u00bfCu\u00e1les son las condiciones de pago para los pedidos de juegos de Pickleball?<br \/>\n                                        <!-- Normal Icon --><br \/>\n                                        <!-- Active Icon --><br \/>\n                                                    <\/a><\/p>\n<p>Nuestras condiciones de pago para pedidos de Sets de Pickleball son flexibles, y aceptamos varios m\u00e9todos como T\/T, L\/C, y PayPal. Por favor, p\u00f3ngase en contacto con nosotros para discutir la mejor opci\u00f3n de pago para sus necesidades espec\u00edficas.<\/p>\n<p>                <!-- .elementskit-card END --><br \/>\n                        <a href=\"#collapse-3dad4e0657675b3df5df\" data-ekit-toggle=\"collapse\" data-target=\"#Collapse-3dad4e0657675b3df5df\" aria-expanded=\"false\" aria-controls=\"Collapse-3dad4e0657675b3df5df\"><br \/>\n                            \u00bfCu\u00e1nto tarda la producci\u00f3n y entrega de los sets de Pickleball?<br \/>\n                                        <!-- Normal Icon --><br \/>\n                                        <!-- Active Icon --><br \/>\n                                                    <\/a><\/p>\n<p>Los plazos de producci\u00f3n y entrega de nuestros sets de Pickleball var\u00edan en funci\u00f3n de la cantidad del pedido y de los requisitos de personalizaci\u00f3n. Por lo general, la producci\u00f3n y el env\u00edo a su domicilio tardan entre 30 y 45 d\u00edas. Sin embargo, le proporcionaremos un plazo m\u00e1s preciso en funci\u00f3n de su pedido espec\u00edfico.<\/p>\n<p>                <!-- .elementskit-card END --><br \/>\n                        <a href=\"#collapse-1e5da80657675b3df5df\" data-ekit-toggle=\"collapse\" data-target=\"#Collapse-1e5da80657675b3df5df\" aria-expanded=\"false\" aria-controls=\"Collapse-1e5da80657675b3df5df\"><br \/>\n                            \u00bfPueden facilitarnos muestras de sus juegos de Pickleball antes de que hagamos un pedido al por mayor?<br \/>\n                                        <!-- Normal Icon --><br \/>\n                                        <!-- Active Icon --><br \/>\n                                                    <\/a><\/p>\n<p>S\u00ed, podemos proporcionar muestras de nuestros juegos de Pickleball para su evaluaci\u00f3n antes de realizar un pedido al por mayor. P\u00f3ngase en contacto con nosotros para organizar la entrega de muestras y discutir los costes asociados.<\/p>\n<p>                <!-- .elementskit-card END --><br \/>\n                        <a href=\"#collapse-4e7624f657675b3df5df\" data-ekit-toggle=\"collapse\" data-target=\"#Collapse-4e7624f657675b3df5df\" aria-expanded=\"false\" aria-controls=\"Collapse-4e7624f657675b3df5df\"><br \/>\n                            \u00bfSus Sets de Pickleball cumplen las normas USAPA?<br \/>\n                                        <!-- Normal Icon --><br \/>\n                                        <!-- Active Icon --><br \/>\n                                                    <\/a><\/p>\n<p>S\u00ed, nuestras palas de Pickleball cumplen las normas USAPA, garantizando un rendimiento de alta calidad y fiable para sus clientes.<\/p>\n<p>                <!-- .elementskit-card END --><br \/>\n                        <a href=\"#collapse-a5eda63657675b3df5df\" data-ekit-toggle=\"collapse\" data-target=\"#Collapse-a5eda63657675b3df5df\" aria-expanded=\"false\" aria-controls=\"Collapse-a5eda63657675b3df5df\"><br \/>\n                            \u00bfQu\u00e9 opciones de env\u00edo ofrecen para exportar sets de Pickleball a EE.UU., Canad\u00e1, Australia y otros pa\u00edses?<br \/>\n                                        <!-- Normal Icon --><br \/>\n                                        <!-- Active Icon --><br \/>\n                                                    <\/a><\/p>\n<p>Ofrecemos varias opciones de env\u00edo para satisfacer sus necesidades, incluyendo transporte a\u00e9reo, mar\u00edtimo y urgente. Tambi\u00e9n podemos trabajar con su proveedor de transporte preferido para garantizar una entrega eficiente y rentable de su pedido de Pickleball Sets.<\/p>\n<p>                <!-- .elementskit-card END --><\/p>","protected":false},"excerpt":{"rendered":"<p>Pickleball Paddle Set Manufacturer Stand out in the competitive Pickleball market by offering tailored Pickleball Paddle Sets, designed to suit your brand&#8217;s unique style. At DinkPickleball, we specialize in creating custom Pickleball solutions that resonate with your target audience, driving sales and customer satisfaction. Request Our Latest Price Unlock Profit Potential with Custom Pickleball Paddle [&hellip;]<\/p>\n","protected":false},"author":1,"featured_media":0,"parent":0,"menu_order":0,"comment_status":"closed","ping_status":"closed","template":"","meta":{"_seopress_robots_primary_cat":"","_seopress_titles_title":"Pickleball Paddle Sets Manufacturer","_seopress_titles_desc":"Stand out in the competitive Pickleball market by offering tailored Pickleball Paddle Sets, designed to suit your brand&#039;s unique style. At DinkPickleball, we specialize in creating custom Pickleball solutions that resonate with your target","_seopress_robots_index":"","footnotes":""},"class_list":["post-14583","page","type-page","status-publish","hentry"],"meta_box":[],"_links":{"self":[{"href":"https:\/\/dinkpickleball.com\/es\/wp-json\/wp\/v2\/pages\/14583","targetHints":{"allow":["GET"]}}],"collection":[{"href":"https:\/\/dinkpickleball.com\/es\/wp-json\/wp\/v2\/pages"}],"about":[{"href":"https:\/\/dinkpickleball.com\/es\/wp-json\/wp\/v2\/types\/page"}],"author":[{"embeddable":true,"href":"https:\/\/dinkpickleball.com\/es\/wp-json\/wp\/v2\/users\/1"}],"replies":[{"embeddable":true,"href":"https:\/\/dinkpickleball.com\/es\/wp-json\/wp\/v2\/comments?post=14583"}],"version-history":[{"count":24,"href":"https:\/\/dinkpickleball.com\/es\/wp-json\/wp\/v2\/pages\/14583\/revisions"}],"predecessor-version":[{"id":16300,"href":"https:\/\/dinkpickleball.com\/es\/wp-json\/wp\/v2\/pages\/14583\/revisions\/16300"}],"wp:attachment":[{"href":"https:\/\/dinkpickleball.com\/es\/wp-json\/wp\/v2\/media?parent=14583"}],"curies":[{"name":"wp","href":"https:\/\/api.w.org\/{rel}","templated":true}]}}