{"id":14456,"date":"2023-05-05T21:18:00","date_gmt":"2023-05-05T13:18:00","guid":{"rendered":"https:\/\/dinkpickleball.com\/?page_id=14456"},"modified":"2025-01-13T22:09:39","modified_gmt":"2025-01-13T14:09:39","slug":"junior-pickleball-paddles","status":"publish","type":"page","link":"https:\/\/dinkpickleball.com\/es\/junior-pickleball-paddles\/","title":{"rendered":"Palas de Pickleball Junior"},"content":{"rendered":"<h1>palas pickleball junior Fabricantes<\/h1>\n<p>Elija las palas de Pickleball Junior de DinkPickleball por su inmejorable combinaci\u00f3n de calidad, personalizaci\u00f3n y precios competitivos al por mayor. Experimente una colaboraci\u00f3n perfecta con un fabricante de confianza y vea c\u00f3mo su negocio florece a medida que crecemos juntos.<\/p>\n<p>\t\t\t<a role=\"button\"><br \/>\n\t\t\t\t\t\tSolicite nuestro \u00faltimo precio<br \/>\n\t\t\t\t\t<\/a><br \/>\n\t\t\t\t\t\t\t\t\t\t\t\t<img decoding=\"async\" src=\"https:\/\/dinkpickleball.com\/wp-content\/uploads\/2023\/05\/Junior-Pickleball-Paddles.png\" title=\"Palas de Pickleball Junior\" alt=\"Palas de Pickleball Junior\" loading=\"lazy\" \/>\t\t\t\t\t\t\t\t\t\t\t\t\t\t<\/p>\n<h2>Supera a la competencia con las palas de Pickleball para ni\u00f1os<\/h2>\n<p>Eleve su inventario con las palas de Pickleball Junior personalizables de DinkPickleball, adaptadas para satisfacer las necesidades \u00fanicas de sus clientes. Ofrezca una variedad y calidad inigualables, \u00a1asegur\u00e1ndose de que su negocio siga siendo el destino al que acudir para todo lo relacionado con el pickleball!<\/p>\n<p>                    <img decoding=\"async\" width=\"1000\" height=\"1000\" src=\"https:\/\/dinkpickleball.com\/wp-content\/uploads\/2023\/05\/Kids-Pickleball-Paddles.jpg\" alt=\"Palas de Pickleball para ni\u00f1os\" loading=\"lazy\" srcset=\"https:\/\/dinkpickleball.com\/wp-content\/uploads\/2023\/05\/Kids-Pickleball-Paddles.jpg 1000w, https:\/\/dinkpickleball.com\/wp-content\/uploads\/2023\/05\/Kids-Pickleball-Paddles-300x300.jpg 300w, https:\/\/dinkpickleball.com\/wp-content\/uploads\/2023\/05\/Kids-Pickleball-Paddles-150x150.jpg 150w, https:\/\/dinkpickleball.com\/wp-content\/uploads\/2023\/05\/Kids-Pickleball-Paddles-768x768.jpg 768w, https:\/\/dinkpickleball.com\/wp-content\/uploads\/2023\/05\/Kids-Pickleball-Paddles-600x600.jpg 600w, https:\/\/dinkpickleball.com\/wp-content\/uploads\/2023\/05\/Kids-Pickleball-Paddles-100x100.jpg 100w\" sizes=\"auto, (max-width: 1000px) 100vw, 1000px\" \/><br \/>\n                                                            <a ><br \/>\n                                    Enviar consulta ahora                                <\/a><br \/>\n                    <img decoding=\"async\" width=\"1000\" height=\"1000\" src=\"https:\/\/dinkpickleball.com\/wp-content\/uploads\/2023\/05\/Junior-Pickleball-Paddle.jpg\" alt=\"Pala Pickleball Junior\" loading=\"lazy\" srcset=\"https:\/\/dinkpickleball.com\/wp-content\/uploads\/2023\/05\/Junior-Pickleball-Paddle.jpg 1000w, https:\/\/dinkpickleball.com\/wp-content\/uploads\/2023\/05\/Junior-Pickleball-Paddle-300x300.jpg 300w, https:\/\/dinkpickleball.com\/wp-content\/uploads\/2023\/05\/Junior-Pickleball-Paddle-150x150.jpg 150w, https:\/\/dinkpickleball.com\/wp-content\/uploads\/2023\/05\/Junior-Pickleball-Paddle-768x768.jpg 768w, https:\/\/dinkpickleball.com\/wp-content\/uploads\/2023\/05\/Junior-Pickleball-Paddle-600x600.jpg 600w, https:\/\/dinkpickleball.com\/wp-content\/uploads\/2023\/05\/Junior-Pickleball-Paddle-100x100.jpg 100w\" sizes=\"auto, (max-width: 1000px) 100vw, 1000px\" \/><br \/>\n                                                            <a ><br \/>\n                                    Enviar consulta ahora                                <\/a><br \/>\n                    <img decoding=\"async\" width=\"1000\" height=\"1000\" src=\"https:\/\/dinkpickleball.com\/wp-content\/uploads\/2023\/05\/Junior-Pickleball-Paddle-Bulk.jpg\" alt=\"Paleta Pickleball Junior Bulto\" loading=\"lazy\" srcset=\"https:\/\/dinkpickleball.com\/wp-content\/uploads\/2023\/05\/Junior-Pickleball-Paddle-Bulk.jpg 1000w, https:\/\/dinkpickleball.com\/wp-content\/uploads\/2023\/05\/Junior-Pickleball-Paddle-Bulk-300x300.jpg 300w, https:\/\/dinkpickleball.com\/wp-content\/uploads\/2023\/05\/Junior-Pickleball-Paddle-Bulk-150x150.jpg 150w, https:\/\/dinkpickleball.com\/wp-content\/uploads\/2023\/05\/Junior-Pickleball-Paddle-Bulk-768x768.jpg 768w, https:\/\/dinkpickleball.com\/wp-content\/uploads\/2023\/05\/Junior-Pickleball-Paddle-Bulk-600x600.jpg 600w, https:\/\/dinkpickleball.com\/wp-content\/uploads\/2023\/05\/Junior-Pickleball-Paddle-Bulk-100x100.jpg 100w\" sizes=\"auto, (max-width: 1000px) 100vw, 1000px\" \/><br \/>\n                                                            <a ><br \/>\n                                    Enviar consulta ahora                                <\/a><br \/>\n                    <img decoding=\"async\" width=\"1000\" height=\"1000\" src=\"https:\/\/dinkpickleball.com\/wp-content\/uploads\/2023\/05\/Junior-Pickleball-Paddle-Wholesale.jpg\" alt=\"Mayorista de palas de Pickleball Junior\" loading=\"lazy\" srcset=\"https:\/\/dinkpickleball.com\/wp-content\/uploads\/2023\/05\/Junior-Pickleball-Paddle-Wholesale.jpg 1000w, https:\/\/dinkpickleball.com\/wp-content\/uploads\/2023\/05\/Junior-Pickleball-Paddle-Wholesale-300x300.jpg 300w, https:\/\/dinkpickleball.com\/wp-content\/uploads\/2023\/05\/Junior-Pickleball-Paddle-Wholesale-150x150.jpg 150w, https:\/\/dinkpickleball.com\/wp-content\/uploads\/2023\/05\/Junior-Pickleball-Paddle-Wholesale-768x768.jpg 768w, https:\/\/dinkpickleball.com\/wp-content\/uploads\/2023\/05\/Junior-Pickleball-Paddle-Wholesale-600x600.jpg 600w, https:\/\/dinkpickleball.com\/wp-content\/uploads\/2023\/05\/Junior-Pickleball-Paddle-Wholesale-100x100.jpg 100w\" sizes=\"auto, (max-width: 1000px) 100vw, 1000px\" \/><br \/>\n                                                            <a ><br \/>\n                                    Enviar consulta ahora                                <\/a><br \/>\n                    <img decoding=\"async\" width=\"1000\" height=\"1000\" src=\"https:\/\/dinkpickleball.com\/wp-content\/uploads\/2023\/05\/Junior-Paddle-.jpg\" alt=\"P\u00e1del j\u00fanior\" loading=\"lazy\" srcset=\"https:\/\/dinkpickleball.com\/wp-content\/uploads\/2023\/05\/Junior-Paddle-.jpg 1000w, https:\/\/dinkpickleball.com\/wp-content\/uploads\/2023\/05\/Junior-Paddle--300x300.jpg 300w, https:\/\/dinkpickleball.com\/wp-content\/uploads\/2023\/05\/Junior-Paddle--150x150.jpg 150w, https:\/\/dinkpickleball.com\/wp-content\/uploads\/2023\/05\/Junior-Paddle--768x768.jpg 768w, https:\/\/dinkpickleball.com\/wp-content\/uploads\/2023\/05\/Junior-Paddle--600x600.jpg 600w, https:\/\/dinkpickleball.com\/wp-content\/uploads\/2023\/05\/Junior-Paddle--100x100.jpg 100w\" sizes=\"auto, (max-width: 1000px) 100vw, 1000px\" \/><br \/>\n                                                            <a ><br \/>\n                                    Enviar consulta ahora                                <\/a><br \/>\n                    <img decoding=\"async\" width=\"1000\" height=\"1000\" src=\"https:\/\/dinkpickleball.com\/wp-content\/uploads\/2023\/05\/Junior-Pickleball-Paddle-Factory.jpg\" alt=\"F\u00e1brica de palas de Pickleball Junior\" loading=\"lazy\" srcset=\"https:\/\/dinkpickleball.com\/wp-content\/uploads\/2023\/05\/Junior-Pickleball-Paddle-Factory.jpg 1000w, https:\/\/dinkpickleball.com\/wp-content\/uploads\/2023\/05\/Junior-Pickleball-Paddle-Factory-300x300.jpg 300w, https:\/\/dinkpickleball.com\/wp-content\/uploads\/2023\/05\/Junior-Pickleball-Paddle-Factory-150x150.jpg 150w, https:\/\/dinkpickleball.com\/wp-content\/uploads\/2023\/05\/Junior-Pickleball-Paddle-Factory-768x768.jpg 768w, https:\/\/dinkpickleball.com\/wp-content\/uploads\/2023\/05\/Junior-Pickleball-Paddle-Factory-600x600.jpg 600w, https:\/\/dinkpickleball.com\/wp-content\/uploads\/2023\/05\/Junior-Pickleball-Paddle-Factory-100x100.jpg 100w\" sizes=\"auto, (max-width: 1000px) 100vw, 1000px\" \/><br \/>\n                                                            <a ><br \/>\n                                    Enviar consulta ahora                                <\/a><\/p>\n<h2>Su socio definitivo en el mercado mundial del pickleball<\/h2>\n<p>Experimente la diferencia DinkPickleball y eleve su negocio con nuestras palas de Pickleball para ni\u00f1os l\u00edderes en la industria y el compromiso inquebrantable con su \u00e9xito.<\/p>\n<p>\t\t\t\t\t\t\t\t\t\t\t\t<img decoding=\"async\" src=\"https:\/\/dinkpickleball.com\/wp-content\/uploads\/2023\/04\/brand_identity-01.png\" title=\"\" alt=\"Mejor f\u00e1brica de pajitas met\u00e1licas\" loading=\"lazy\" \/>\t\t\t\t\t\t\t\t\t\t\t\t\t\t<\/p>\n<h3>Tama\u00f1o perfecto para jugadores j\u00f3venes<\/h3>\n<p>Nuestras palas de Pickleball Junior est\u00e1n dise\u00f1adas espec\u00edficamente para ni\u00f1os, garantizando un agarre c\u00f3modo y un equilibrio de peso adecuado para una experiencia de juego agradable.<\/p>\n<p>\t\t\t<a role=\"button\"><br \/>\n\t\t\t\t\t\tPresupuesto inmediato<br \/>\n\t\t\t\t\t<\/a><br \/>\n\t\t\t\t\t\t\t\t\t\t\t\t<img decoding=\"async\" src=\"https:\/\/dinkpickleball.com\/wp-content\/uploads\/2023\/04\/Premium-Quality-Products.jpg\" title=\"Productos de calidad superior\" alt=\"Productos de calidad superior\" loading=\"lazy\" \/>\t\t\t\t\t\t\t\t\t\t\t\t\t\t<\/p>\n<h3>Materiales de alta calidad<\/h3>\n<p>Las palas de Pickleball para ni\u00f1os de DinkPickleball est\u00e1n fabricadas con materiales de primera calidad que garantizan durabilidad y rendimiento, ofreciendo una inversi\u00f3n duradera para su negocio.<\/p>\n<p>\t\t\t<a role=\"button\"><br \/>\n\t\t\t\t\t\tPresupuesto inmediato<br \/>\n\t\t\t\t\t<\/a><br \/>\n\t\t\t\t\t\t\t\t\t\t\t\t<img decoding=\"async\" src=\"https:\/\/dinkpickleball.com\/wp-content\/uploads\/2023\/04\/Thermoformed-Edges.jpg\" title=\"Bordes termoformados\" alt=\"Bordes termoformados\" loading=\"lazy\" \/>\t\t\t\t\t\t\t\t\t\t\t\t\t\t<\/p>\n<h3>Cumple las normas USAPA<\/h3>\n<p>Nuestras palas de Pickleball Junior cumplen todos los est\u00e1ndares de la USAPA, garantizando que los j\u00f3venes jugadores tengan acceso a un equipamiento de la m\u00e1xima calidad que se adhiere a las directrices oficiales.<\/p>\n<p>\t\t\t<a role=\"button\"><br \/>\n\t\t\t\t\t\tPresupuesto inmediato<br \/>\n\t\t\t\t\t<\/a><br \/>\n\t\t\t\t\t\t\t\t\t\t\t\t<img decoding=\"async\" src=\"https:\/\/dinkpickleball.com\/wp-content\/uploads\/2023\/04\/Collaborative-Approach-.jpeg\" title=\"Enfoque colaborativo\" alt=\"Enfoque colaborativo\" loading=\"lazy\" \/>\t\t\t\t\t\t\t\t\t\t\t\t\t\t<\/p>\n<h3>Dise\u00f1os personalizables<\/h3>\n<p>Atienda las preferencias \u00fanicas de sus clientes ofreciendo una variedad de opciones de personalizaci\u00f3n para nuestras palas de Pickleball Junior, incluyendo colores, logotipos y otros elementos de dise\u00f1o.<\/p>\n<p>\t\t\t<a role=\"button\"><br \/>\n\t\t\t\t\t\tPresupuesto inmediato<br \/>\n\t\t\t\t\t<\/a><br \/>\n\t\t\t\t\t\t\t\t\t\t\t\t<img decoding=\"async\" src=\"https:\/\/dinkpickleball.com\/wp-content\/uploads\/2023\/03\/Responsive-Customer-Service.jpg\" title=\"Servicio de atenci\u00f3n al cliente receptivo\" alt=\"Servicio de atenci\u00f3n al cliente receptivo\" loading=\"lazy\" \/>\t\t\t\t\t\t\t\t\t\t\t\t\t\t<\/p>\n<h3>Asistencia y servicios profesionales<\/h3>\n<p>Nuestro dedicado equipo de expertos est\u00e1 aqu\u00ed para ayudarle con cualquier pregunta o preocupaci\u00f3n, proporcionando un servicio al cliente excepcional que mejora su relaci\u00f3n con DinkPickleball.<\/p>\n<p>\t\t\t<a role=\"button\"><br \/>\n\t\t\t\t\t\tPresupuesto inmediato<br \/>\n\t\t\t\t\t<\/a><br \/>\n\t\t\t\t\t\t\t\t\t\t\t\t<img decoding=\"async\" src=\"https:\/\/dinkpickleball.com\/wp-content\/uploads\/2023\/04\/Adaptability-and-Responsiveness-to-Market.jpeg\" title=\"Adaptabilidad y capacidad de respuesta al mercado\" alt=\"Adaptabilidad y capacidad de respuesta al mercado\" loading=\"lazy\" \/>\t\t\t\t\t\t\t\t\t\t\t\t\t\t<\/p>\n<h3>La confianza de las grandes marcas<\/h3>\n<p>Minoristas, distribuidores y marcas de todo el mundo conf\u00edan en DinkPickleball para sus necesidades de palas de Pickleball Junior, lo que nos convierte en un proveedor fiable y de buena reputaci\u00f3n para su negocio.<\/p>\n<p>\t\t\t<a role=\"button\"><br \/>\n\t\t\t\t\t\tPresupuesto inmediato<br \/>\n\t\t\t\t\t<\/a><\/p>\n<figure><img decoding=\"async\" src=\"https:\/\/dinkpickleball.com\/wp-content\/uploads\/2022\/06\/onix.png\" alt=\"onix\" \/><\/figure>\n<figure><img decoding=\"async\" src=\"https:\/\/dinkpickleball.com\/wp-content\/uploads\/2022\/06\/Diadem-logo.png\" alt=\"Logotipo de la diadema\" \/><\/figure>\n<figure><img decoding=\"async\" src=\"https:\/\/dinkpickleball.com\/wp-content\/uploads\/2022\/06\/Gamma.png\" alt=\"Gamma\" \/><\/figure>\n<figure><img decoding=\"async\" src=\"https:\/\/dinkpickleball.com\/wp-content\/uploads\/2023\/04\/CRBN-logo.png\" alt=\"Logotipo de CRBN\" \/><\/figure>\n<figure><img decoding=\"async\" src=\"https:\/\/dinkpickleball.com\/wp-content\/uploads\/2023\/04\/RECESS-logo.png\" alt=\"Logotipo de RECESS\" \/><\/figure>\n<figure><img decoding=\"async\" src=\"https:\/\/dinkpickleball.com\/wp-content\/uploads\/2023\/04\/STIGA-logo.png\" alt=\"Logotipo de STIGA\" \/><\/figure>\n<figure><img decoding=\"async\" src=\"https:\/\/dinkpickleball.com\/wp-content\/uploads\/2022\/06\/niupipo.png\" alt=\"niupipo\" \/><\/figure>\n<figure><img decoding=\"async\" src=\"https:\/\/dinkpickleball.com\/wp-content\/uploads\/2022\/06\/Paddletek.png\" alt=\"Paddletek\" \/><\/figure>\n<h2>PREGUNTAS FRECUENTES<\/h2>\n<p>Estas son algunas de las preguntas m\u00e1s frecuentes (FAQ) que los clientes B2B pueden tener al considerar la compra de Palas de Pickleball Junior:<\/p>\n<p>                        <a href=\"#collapse-a767ad6650c4ca1059e4\" data-ekit-toggle=\"collapse\" data-target=\"#Collapse-a767ad6650c4ca1059e4\" aria-expanded=\"true\" aria-controls=\"Collapse-a767ad6650c4ca1059e4\"><br \/>\n                            \u00bfQu\u00e9 materiales se utilizan en la construcci\u00f3n de sus palas de Pickleball Junior?<br \/>\n                                        <!-- Normal Icon --><br \/>\n                                        <!-- Active Icon --><br \/>\n                                                    <\/a><\/p>\n<p>Nuestras palas de Pickleball Junior est\u00e1n fabricadas con materiales de alta calidad que garantizan durabilidad, rendimiento y una experiencia de juego c\u00f3moda para los jugadores j\u00f3venes.<\/p>\n<p>                <!-- .elementskit-card END --><br \/>\n                        <a href=\"#collapse-bc22830650c4ca1059e4\" data-ekit-toggle=\"collapse\" data-target=\"#Collapse-bc22830650c4ca1059e4\" aria-expanded=\"false\" aria-controls=\"Collapse-bc22830650c4ca1059e4\"><br \/>\n                            \u00bfCumplen sus palas de Pickleball Junior los est\u00e1ndares USAPA?<br \/>\n                                        <!-- Normal Icon --><br \/>\n                                        <!-- Active Icon --><br \/>\n                                                    <\/a><\/p>\n<p>S\u00ed, nuestras palas de Pickleball Junior cumplen con todos los est\u00e1ndares de la USAPA, garantizando que los j\u00f3venes jugadores tengan acceso a un equipamiento de primera calidad que se adhiere a las directrices oficiales.<\/p>\n<p>                <!-- .elementskit-card END --><br \/>\n                        <a href=\"#collapse-8417e71650c4ca1059e4\" data-ekit-toggle=\"collapse\" data-target=\"#Collapse-8417e71650c4ca1059e4\" aria-expanded=\"false\" aria-controls=\"Collapse-8417e71650c4ca1059e4\"><br \/>\n                            \u00bfQu\u00e9 opciones de personalizaci\u00f3n ofrecen para sus palas de Pickleball Junior?<br \/>\n                                        <!-- Normal Icon --><br \/>\n                                        <!-- Active Icon --><br \/>\n                                                    <\/a><\/p>\n<p>Ofrecemos diversas opciones de personalizaci\u00f3n, como colores, colocaci\u00f3n del logotipo y otros elementos de dise\u00f1o, para satisfacer las preferencias exclusivas de sus clientes.<\/p>\n<p>                <!-- .elementskit-card END --><br \/>\n                        <a href=\"#collapse-3dad4e0650c4ca1059e4\" data-ekit-toggle=\"collapse\" data-target=\"#Collapse-3dad4e0650c4ca1059e4\" aria-expanded=\"false\" aria-controls=\"Collapse-3dad4e0650c4ca1059e4\"><br \/>\n                            \u00bfCu\u00e1les son sus opciones de precios al por mayor y al por mayor?<br \/>\n                                        <!-- Normal Icon --><br \/>\n                                        <!-- Active Icon --><br \/>\n                                                    <\/a><\/p>\n<p>Ofrecemos precios competitivos en pedidos al por mayor y al por mayor, lo que le permite trasladar el ahorro a sus clientes y aumentar sus m\u00e1rgenes de beneficio. Para m\u00e1s informaci\u00f3n sobre precios, p\u00f3ngase en contacto con nuestro equipo de ventas.<\/p>\n<p>                <!-- .elementskit-card END --><br \/>\n                        <a href=\"#collapse-293f4f9650c4ca1059e4\" data-ekit-toggle=\"collapse\" data-target=\"#Collapse-293f4f9650c4ca1059e4\" aria-expanded=\"false\" aria-controls=\"Collapse-293f4f9650c4ca1059e4\"><br \/>\n                            \u00bfCu\u00e1l es la cantidad m\u00ednima de pedido (MOQ) para las palas de Pickleball Junior?<br \/>\n                                        <!-- Normal Icon --><br \/>\n                                        <!-- Active Icon --><br \/>\n                                                    <\/a><\/p>\n<p>Nuestra MOQ var\u00eda dependiendo del producto espec\u00edfico y los requisitos de personalizaci\u00f3n. P\u00f3ngase en contacto con nuestro equipo de ventas para obtener m\u00e1s informaci\u00f3n sobre las MOQ para sus palas de Pickleball Junior deseadas.<\/p>\n<p>                <!-- .elementskit-card END --><br \/>\n                        <a href=\"#collapse-1e5da80650c4ca1059e4\" data-ekit-toggle=\"collapse\" data-target=\"#Collapse-1e5da80650c4ca1059e4\" aria-expanded=\"false\" aria-controls=\"Collapse-1e5da80650c4ca1059e4\"><br \/>\n                            \u00bfCu\u00e1l es su plazo de producci\u00f3n y env\u00edo?<br \/>\n                                        <!-- Normal Icon --><br \/>\n                                        <!-- Active Icon --><br \/>\n                                                    <\/a><\/p>\n<p>Nuestro plazo de entrega var\u00eda en funci\u00f3n del tama\u00f1o del pedido y del nivel de personalizaci\u00f3n requerido. Normalmente, los plazos de producci\u00f3n y env\u00edo oscilan entre 2 y 4 semanas. P\u00f3ngase en contacto con nuestro equipo de ventas para obtener informaci\u00f3n m\u00e1s espec\u00edfica en funci\u00f3n de sus necesidades.<\/p>\n<p>                <!-- .elementskit-card END --><\/p>","protected":false},"excerpt":{"rendered":"<p>Junior Pickleball Paddles Manufacturer Choose DinkPickleball&#8217;s Junior Pickleball Paddles for their unbeatable blend of quality, customization, and competitive bulk pricing. Experience seamless collaboration with a reliable manufacturer, and watch your business flourish as we grow together! Request Our Latest Price Outshine the Competition with Kids Pickleball Paddles Elevate your inventory with DinkPickleball&#8217;s customizable Junior Pickleball [&hellip;]<\/p>\n","protected":false},"author":1,"featured_media":0,"parent":0,"menu_order":0,"comment_status":"closed","ping_status":"closed","template":"","meta":{"_seopress_robots_primary_cat":"","_seopress_titles_title":"Junior Pickleball Paddles Manufacturer","_seopress_titles_desc":"Choose DinkPickleball\u2019s Junior Pickleball Paddles for their unbeatable blend of quality, customization, and competitive bulk pricing. Experience seamless collaboration with a reliable manufacturer, and watch your business flourish as we grow together!","_seopress_robots_index":"","footnotes":""},"class_list":["post-14456","page","type-page","status-publish","hentry"],"meta_box":[],"_links":{"self":[{"href":"https:\/\/dinkpickleball.com\/es\/wp-json\/wp\/v2\/pages\/14456","targetHints":{"allow":["GET"]}}],"collection":[{"href":"https:\/\/dinkpickleball.com\/es\/wp-json\/wp\/v2\/pages"}],"about":[{"href":"https:\/\/dinkpickleball.com\/es\/wp-json\/wp\/v2\/types\/page"}],"author":[{"embeddable":true,"href":"https:\/\/dinkpickleball.com\/es\/wp-json\/wp\/v2\/users\/1"}],"replies":[{"embeddable":true,"href":"https:\/\/dinkpickleball.com\/es\/wp-json\/wp\/v2\/comments?post=14456"}],"version-history":[{"count":18,"href":"https:\/\/dinkpickleball.com\/es\/wp-json\/wp\/v2\/pages\/14456\/revisions"}],"predecessor-version":[{"id":16286,"href":"https:\/\/dinkpickleball.com\/es\/wp-json\/wp\/v2\/pages\/14456\/revisions\/16286"}],"wp:attachment":[{"href":"https:\/\/dinkpickleball.com\/es\/wp-json\/wp\/v2\/media?parent=14456"}],"curies":[{"name":"wp","href":"https:\/\/api.w.org\/{rel}","templated":true}]}}