{"id":14351,"date":"2023-04-25T22:22:12","date_gmt":"2023-04-25T14:22:12","guid":{"rendered":"https:\/\/dinkpickleball.com\/?page_id=14351"},"modified":"2025-01-13T22:10:02","modified_gmt":"2025-01-13T14:10:02","slug":"thermoformed-pickleball-paddle","status":"publish","type":"page","link":"https:\/\/dinkpickleball.com\/es\/thermoformed-pickleball-paddle\/","title":{"rendered":"Paleta de Pickleball termoformada"},"content":{"rendered":"<h1>F\u00e1brica de palas de Pickleball termoformadas<\/h1>\n<p>Pala de Pickleball termoformada de DinkPickleball, una innovaci\u00f3n de vanguardia en la tecnolog\u00eda de palas de pickleball. Nuestras palas termoformadas combinan durabilidad, dise\u00f1o ligero y control superior, dando a los jugadores una ventaja competitiva en la cancha. Dise\u00f1adas para minoristas, distribuidores y marcas, estas palas se fabrican utilizando el \u00faltimo proceso de termoformado, garantizando productos de alta calidad que cumplen con los est\u00e1ndares de la USAPA.<\/p>\n<p>\t\t\t<a role=\"button\"><br \/>\n\t\t\t\t\t\tSolicite nuestro \u00faltimo precio<br \/>\n\t\t\t\t\t<\/a><br \/>\n\t\t\t\t\t\t\t\t\t\t\t\t<img decoding=\"async\" src=\"https:\/\/dinkpickleball.com\/wp-content\/uploads\/2023\/04\/Thermoformed-Pickleball-Paddle-Factory.png\" title=\"F\u00e1brica de palas de Pickleball termoformadas\" alt=\"F\u00e1brica de palas de Pickleball termoformadas\" loading=\"lazy\" \/>\t\t\t\t\t\t\t\t\t\t\t\t\t\t<\/p>\n<h5>Proceso de fabricaci\u00f3n<\/h5>\n<p>El termoformado es un proceso y es el sellado interior termoformado. A\u00f1adimos el material de fibra de carbono y la espuma EVA inyectada en el borde, y utilizamos la nueva tecnolog\u00eda de termoformado para crear un borde termoformado y una construcci\u00f3n Unibody. Este proceso crea un borde sellado de espuma inyectada que es a la vez ligero y duradero, por lo que el n\u00facleo de nido de abeja est\u00e1 sellado antes de que pongamos el protector de borde. Las palas de Pickleball termoformadas son diferentes de otros tipos de palas porque son prensadas con calor y borde sellado en lugar del corte en fr\u00edo. Este borde sellado con capa de espuma proporciona una sensaci\u00f3n m\u00e1s suave y m\u00e1s control, lo que facilita golpear la pelota con precisi\u00f3n.<\/p>\n<p>Como f\u00e1brica y fabricante, DinkPickleball se compromete a producir palas de pickleball termoformadas de alta calidad. Nuestro proceso de fabricaci\u00f3n implica estrictas medidas de control de calidad y el uso de tecnolog\u00eda de vanguardia para garantizar que nuestros productos cumplan con los m\u00e1s altos est\u00e1ndares de la industria.<\/p>\n<p>\t\t\t<a role=\"button\"><br \/>\n\t\t\t\t\t\tSolicitud de presupuesto<br \/>\n\t\t\t\t\t<\/a><br \/>\n\t\t\t\t\t\t\t\t\t\t\t\t<img decoding=\"async\" width=\"600\" height=\"600\" src=\"https:\/\/dinkpickleball.com\/wp-content\/uploads\/2023\/04\/Thermoformed-Pickleball-Paddle.png\" alt=\"Paleta de Pickleball termoformada\" loading=\"lazy\" srcset=\"https:\/\/dinkpickleball.com\/wp-content\/uploads\/2023\/04\/Thermoformed-Pickleball-Paddle.png 600w, https:\/\/dinkpickleball.com\/wp-content\/uploads\/2023\/04\/Thermoformed-Pickleball-Paddle-300x300.png 300w, https:\/\/dinkpickleball.com\/wp-content\/uploads\/2023\/04\/Thermoformed-Pickleball-Paddle-150x150.png 150w, https:\/\/dinkpickleball.com\/wp-content\/uploads\/2023\/04\/Thermoformed-Pickleball-Paddle-100x100.png 100w\" sizes=\"auto, (max-width: 600px) 100vw, 600px\" \/>\t\t\t\t\t\t\t\t\t\t\t\t\t\t<\/p>\n<h2>Por qu\u00e9<\/h2>\n<h2>\u00bfconformarse con menos cuando se puede tener lo mejor?<\/h2>\n<p>Nuestra pala de Pickleball termoformada est\u00e1 dise\u00f1ada pensando en el jugador moderno, proporcionando una comodidad y un rendimiento inigualables. Entra en la pista con confianza y deja que tu pala hable por ti.<\/p>\n<p>\t\t\t<a role=\"button\"><br \/>\n\t\t\t\t\t\tSolicitud de presupuesto<br \/>\n\t\t\t\t\t<\/a><br \/>\n\t\t<iframe loading=\"lazy\" title=\"Fabricante de palas de pickleball termoformadas | dinkpickleball.com\" width=\"500\" height=\"281\" src=\"https:\/\/www.youtube.com\/embed\/AL8NKWylYVE?feature=oembed\" frameborder=\"0\" allow=\"accelerometer; autoplay; clipboard-write; encrypted-media; gyroscope; picture-in-picture; web-share\" referrerpolicy=\"strict-origin-when-cross-origin\" allowfullscreen><\/iframe><br \/>\n\t\t\t\t\t\t\t\t\t\t\t\t<img decoding=\"async\" width=\"800\" height=\"800\" src=\"https:\/\/dinkpickleball.com\/wp-content\/uploads\/2023\/08\/DP43-Thermoformed-Pickleball-Paddle.png\" alt=\"dp43 pala de pickleball termoformada\" loading=\"lazy\" srcset=\"https:\/\/dinkpickleball.com\/wp-content\/uploads\/2023\/08\/DP43-Thermoformed-Pickleball-Paddle.png 800w, https:\/\/dinkpickleball.com\/wp-content\/uploads\/2023\/08\/DP43-Thermoformed-Pickleball-Paddle-300x300.png 300w, https:\/\/dinkpickleball.com\/wp-content\/uploads\/2023\/08\/DP43-Thermoformed-Pickleball-Paddle-150x150.png 150w, https:\/\/dinkpickleball.com\/wp-content\/uploads\/2023\/08\/DP43-Thermoformed-Pickleball-Paddle-768x768.png 768w\" sizes=\"auto, (max-width: 800px) 100vw, 800px\" \/>\t\t\t\t\t\t\t\t\t\t\t\t\t\t<\/p>\n<ul>\n<li>\n\t\t\t\t\t\t\t\t\t\tL418*W190mm L16.5*W7.5in Longitud del mango: 135-140mm\/5.3-5.5in\n\t\t\t\t\t\t\t\t\t<\/li>\n<li>\n\t\t\t\t\t\t\t\t\t\tGrosor con opciones de protector de cantos 16\/19 mm (0,63\/0,75 pulg.)\n\t\t\t\t\t\t\t\t\t<\/li>\n<li>\n\t\t\t\t\t\t\t\t\t\tOpciones de n\u00facleo de PP 13,3\/16 mm\n\t\t\t\t\t\t\t\t\t<\/li>\n<\/ul>\n<p>\t\t\t<a role=\"button\"><br \/>\n\t\t\t\t\t\tSolicitar presupuesto<br \/>\n\t\t\t\t\t<\/a><br \/>\n\t\t\t\t\t\t\t\t\t\t\t\t<img decoding=\"async\" width=\"800\" height=\"800\" src=\"https:\/\/dinkpickleball.com\/wp-content\/uploads\/2023\/08\/DP69-Thermoformed-Pickleball-Paddle.png\" alt=\"dp69 paleta de pickleball termoformada\" loading=\"lazy\" srcset=\"https:\/\/dinkpickleball.com\/wp-content\/uploads\/2023\/08\/DP69-Thermoformed-Pickleball-Paddle.png 800w, https:\/\/dinkpickleball.com\/wp-content\/uploads\/2023\/08\/DP69-Thermoformed-Pickleball-Paddle-300x300.png 300w, https:\/\/dinkpickleball.com\/wp-content\/uploads\/2023\/08\/DP69-Thermoformed-Pickleball-Paddle-150x150.png 150w, https:\/\/dinkpickleball.com\/wp-content\/uploads\/2023\/08\/DP69-Thermoformed-Pickleball-Paddle-768x768.png 768w\" sizes=\"auto, (max-width: 800px) 100vw, 800px\" \/>\t\t\t\t\t\t\t\t\t\t\t\t\t\t<\/p>\n<ul>\n<li>\n\t\t\t\t\t\t\t\t\t\tL418*W189mm L16.5*W7.48in Longitud del mango: 135-140mm\/5.3-5.5in\n\t\t\t\t\t\t\t\t\t<\/li>\n<li>\n\t\t\t\t\t\t\t\t\t\tGrosor con opciones de protector de cantos 19mm\/0.75in\n\t\t\t\t\t\t\t\t\t<\/li>\n<li>\n\t\t\t\t\t\t\t\t\t\tOpciones de n\u00facleo de PP 16 mm\n\t\t\t\t\t\t\t\t\t<\/li>\n<\/ul>\n<p>\t\t\t<a role=\"button\"><br \/>\n\t\t\t\t\t\tSolicitar presupuesto<br \/>\n\t\t\t\t\t<\/a><br \/>\n\t\t\t\t\t\t\t\t\t\t\t\t<img decoding=\"async\" width=\"800\" height=\"800\" src=\"https:\/\/dinkpickleball.com\/wp-content\/uploads\/2023\/08\/DP70-Thermoformed-Pickleball-Paddle.png\" alt=\"dp70 paleta de pickleball termoformada\" loading=\"lazy\" srcset=\"https:\/\/dinkpickleball.com\/wp-content\/uploads\/2023\/08\/DP70-Thermoformed-Pickleball-Paddle.png 800w, https:\/\/dinkpickleball.com\/wp-content\/uploads\/2023\/08\/DP70-Thermoformed-Pickleball-Paddle-300x300.png 300w, https:\/\/dinkpickleball.com\/wp-content\/uploads\/2023\/08\/DP70-Thermoformed-Pickleball-Paddle-150x150.png 150w, https:\/\/dinkpickleball.com\/wp-content\/uploads\/2023\/08\/DP70-Thermoformed-Pickleball-Paddle-768x768.png 768w\" sizes=\"auto, (max-width: 800px) 100vw, 800px\" \/>\t\t\t\t\t\t\t\t\t\t\t\t\t\t<\/p>\n<ul>\n<li>\n\t\t\t\t\t\t\t\t\t\tL408*W200mm L16.06*W7.87in Longitud del mango: 125-130mm\/4.8-5.1in\n\t\t\t\t\t\t\t\t\t<\/li>\n<li>\n\t\t\t\t\t\t\t\t\t\tGrosor con opciones de protector de cantos 19mm\/0.75in\n\t\t\t\t\t\t\t\t\t<\/li>\n<li>\n\t\t\t\t\t\t\t\t\t\tOpciones de n\u00facleo de PP 16 mm\n\t\t\t\t\t\t\t\t\t<\/li>\n<\/ul>\n<p>\t\t\t<a role=\"button\"><br \/>\n\t\t\t\t\t\tSolicitar presupuesto<br \/>\n\t\t\t\t\t<\/a><br \/>\n\t\t\t\t\t\t\t\t\t\t\t\t<img decoding=\"async\" width=\"800\" height=\"801\" src=\"https:\/\/dinkpickleball.com\/wp-content\/uploads\/2023\/08\/DP72-Thermoformed-Pickleball-Paddle.png\" alt=\"dp72 pala de pickleball termoformada\" loading=\"lazy\" srcset=\"https:\/\/dinkpickleball.com\/wp-content\/uploads\/2023\/08\/DP72-Thermoformed-Pickleball-Paddle.png 800w, https:\/\/dinkpickleball.com\/wp-content\/uploads\/2023\/08\/DP72-Thermoformed-Pickleball-Paddle-300x300.png 300w, https:\/\/dinkpickleball.com\/wp-content\/uploads\/2023\/08\/DP72-Thermoformed-Pickleball-Paddle-150x150.png 150w, https:\/\/dinkpickleball.com\/wp-content\/uploads\/2023\/08\/DP72-Thermoformed-Pickleball-Paddle-768x769.png 768w\" sizes=\"auto, (max-width: 800px) 100vw, 800px\" \/>\t\t\t\t\t\t\t\t\t\t\t\t\t\t<\/p>\n<ul>\n<li>\n\t\t\t\t\t\t\t\t\t\tL418*W189mm L16.5*W7.48in Longitud del mango: 135-140mm\/5.3-5.5in\n\t\t\t\t\t\t\t\t\t<\/li>\n<li>\n\t\t\t\t\t\t\t\t\t\tGrosor con opciones de protector de cantos 19mm\/0.75in\n\t\t\t\t\t\t\t\t\t<\/li>\n<li>\n\t\t\t\t\t\t\t\t\t\tOpciones de n\u00facleo de PP 16 mm\n\t\t\t\t\t\t\t\t\t<\/li>\n<\/ul>\n<p>\t\t\t<a role=\"button\"><br \/>\n\t\t\t\t\t\tSolicitar presupuesto<br \/>\n\t\t\t\t\t<\/a><\/p>\n<h2>Su socio definitivo en el mercado mundial del pickleball<\/h2>\n<p>Las palas de pickleball termoformadas de DinkPickleball son la elecci\u00f3n perfecta para minoristas, distribuidores y marcas que buscan un producto personalizable de alta calidad que ofrezca lo \u00faltimo en tecnolog\u00eda de pickleball.<\/p>\n<p>\t\t\t\t\t\t\t\t\t\t\t\t<img decoding=\"async\" src=\"https:\/\/dinkpickleball.com\/wp-content\/uploads\/2023\/04\/Premium-Quality-Products.jpg\" title=\"Productos de calidad superior\" alt=\"Productos de calidad superior\" loading=\"lazy\" \/>\t\t\t\t\t\t\t\t\t\t\t\t\t\t<\/p>\n<h3>Construcci\u00f3n termoformada<\/h3>\n<p>El proceso de termoformado fusiona el n\u00facleo de nido de abeja con el revestimiento de fibra, dando como resultado una estructura fuerte y duradera. Este avanzado m\u00e9todo de construcci\u00f3n crea un dise\u00f1o de borde sellado que mejora significativamente la durabilidad y el rendimiento de la pala.<\/p>\n<p>\t\t\t<a role=\"button\"><br \/>\n\t\t\t\t\t\tPresupuesto inmediato<br \/>\n\t\t\t\t\t<\/a><br \/>\n\t\t\t\t\t\t\t\t\t\t\t\t<img decoding=\"async\" src=\"https:\/\/dinkpickleball.com\/wp-content\/uploads\/2023\/04\/EVA.jpg\" title=\"EVA\" alt=\"EVA\" loading=\"lazy\" \/>\t\t\t\t\t\t\t\t\t\t\t\t\t\t<\/p>\n<h3>Espuma EVA inyectada<\/h3>\n<p>Nuestras palas de pickleball termoformadas tienen el borde de espuma EVA inyectada, que ofrece una serie de ventajas, como potencia adicional, reducci\u00f3n de las vibraciones, mayor amortiguaci\u00f3n y mejor rendimiento del borde. El borde de espuma y el n\u00facleo de nido de abeja absorben los impactos, lo que permite un control preciso de la pelota y una experiencia de juego c\u00f3moda.<\/p>\n<p>\t\t\t<a role=\"button\"><br \/>\n\t\t\t\t\t\tPresupuesto inmediato<br \/>\n\t\t\t\t\t<\/a><br \/>\n\t\t\t\t\t\t\t\t\t\t\t\t<img decoding=\"async\" src=\"https:\/\/dinkpickleball.com\/wp-content\/uploads\/2023\/04\/Thermoformed-Edges.jpg\" title=\"Bordes termoformados\" alt=\"Bordes termoformados\" loading=\"lazy\" \/>\t\t\t\t\t\t\t\t\t\t\t\t\t\t<\/p>\n<h3>Bordes termoformados<\/h3>\n<p>El dise\u00f1o de borde sellado de nuestras palas termoformadas tambi\u00e9n a\u00f1adir\u00e1 el protector de borde, que protege el borde de la pala. Este dise\u00f1o innovador permite un mejor rendimiento del borde y una sensaci\u00f3n m\u00e1s s\u00f3lida durante el juego.<\/p>\n<p>\t\t\t<a role=\"button\"><br \/>\n\t\t\t\t\t\tPresupuesto inmediato<br \/>\n\t\t\t\t\t<\/a><br \/>\n\t\t\t\t\t\t\t\t\t\t\t\t<img decoding=\"async\" src=\"https:\/\/dinkpickleball.com\/wp-content\/uploads\/2023\/04\/Collaborative-Approach-.jpeg\" title=\"Enfoque colaborativo\" alt=\"Enfoque colaborativo\" loading=\"lazy\" \/>\t\t\t\t\t\t\t\t\t\t\t\t\t\t<\/p>\n<h3>Opciones de personalizaci\u00f3n<\/h3>\n<p>Como f\u00e1brica y fabricante, DinkPickleball puede ofrecer a minoristas, distribuidores y marcas la oportunidad de realizar pedidos al por mayor, al por mayor y personalizados, atendiendo a sus necesidades y preferencias espec\u00edficas.<\/p>\n<p>\t\t\t<a role=\"button\"><br \/>\n\t\t\t\t\t\tPresupuesto inmediato<br \/>\n\t\t\t\t\t<\/a><br \/>\n\t\t\t\t\t\t\t\t\t\t\t\t<img decoding=\"async\" src=\"https:\/\/dinkpickleball.com\/wp-content\/uploads\/2023\/04\/Adaptability-and-Responsiveness-to-Market.jpeg\" title=\"Adaptabilidad y capacidad de respuesta al mercado\" alt=\"Adaptabilidad y capacidad de respuesta al mercado\" loading=\"lazy\" \/>\t\t\t\t\t\t\t\t\t\t\t\t\t\t<\/p>\n<h3>Tecnolog\u00eda exclusiva<\/h3>\n<p>Nuestro vanguardista proceso de termoformado diferencia a DinkPickleball de sus competidores, ofreciendo a sus clientes acceso a las \u00faltimas innovaciones en tecnolog\u00eda de palas de pickleball.<\/p>\n<p>\t\t\t<a role=\"button\"><br \/>\n\t\t\t\t\t\tPresupuesto inmediato<br \/>\n\t\t\t\t\t<\/a><br \/>\n\t\t\t\t\t\t\t\t\t\t\t\t<img decoding=\"async\" src=\"https:\/\/dinkpickleball.com\/wp-content\/uploads\/2023\/03\/Responsive-Customer-Service.jpg\" title=\"Servicio de atenci\u00f3n al cliente receptivo\" alt=\"Servicio de atenci\u00f3n al cliente receptivo\" loading=\"lazy\" \/>\t\t\t\t\t\t\t\t\t\t\t\t\t\t<\/p>\n<h3>Apoyo integral<\/h3>\n<p>DinkPickleball se compromete a proporcionar un servicio al cliente excepcional y apoyo a nuestros minoristas, distribuidores y marcas. Estamos dedicados a asegurar su \u00e9xito en la promoci\u00f3n y venta de nuestras palas termoformadas a sus clientes.<\/p>\n<p>\t\t\t<a role=\"button\"><br \/>\n\t\t\t\t\t\tPresupuesto inmediato<br \/>\n\t\t\t\t\t<\/a><\/p>","protected":false},"excerpt":{"rendered":"<p>Thermoformed Pickleball Paddle Factory Thermoformed Pickleball Paddle by DinkPickleball, a cutting-edge innovation in pickleball paddle technology. Our thermoformed paddles combine durability, lightweight design, and superior control, giving players a competitive advantage on the court. Designed for retailers, distributors, and brands, these paddles are manufactured using the latest thermoforming process, ensuring high-quality products that meet USAPA [&hellip;]<\/p>\n","protected":false},"author":1,"featured_media":0,"parent":0,"menu_order":0,"comment_status":"closed","ping_status":"closed","template":"","meta":{"_seopress_robots_primary_cat":"","_seopress_titles_title":"Thermoformed Pickleball Paddle Factory","_seopress_titles_desc":"Thermoformed Pickleball Paddle by DinkPickleball, is a cutting-edge innovation in pickleball paddle technology. Our thermoformed paddles combine durability, lightweight design, and superior control, giving players a competitive advantage on the court. ","_seopress_robots_index":"","footnotes":""},"class_list":["post-14351","page","type-page","status-publish","hentry"],"meta_box":[],"_links":{"self":[{"href":"https:\/\/dinkpickleball.com\/es\/wp-json\/wp\/v2\/pages\/14351","targetHints":{"allow":["GET"]}}],"collection":[{"href":"https:\/\/dinkpickleball.com\/es\/wp-json\/wp\/v2\/pages"}],"about":[{"href":"https:\/\/dinkpickleball.com\/es\/wp-json\/wp\/v2\/types\/page"}],"author":[{"embeddable":true,"href":"https:\/\/dinkpickleball.com\/es\/wp-json\/wp\/v2\/users\/1"}],"replies":[{"embeddable":true,"href":"https:\/\/dinkpickleball.com\/es\/wp-json\/wp\/v2\/comments?post=14351"}],"version-history":[{"count":23,"href":"https:\/\/dinkpickleball.com\/es\/wp-json\/wp\/v2\/pages\/14351\/revisions"}],"predecessor-version":[{"id":15181,"href":"https:\/\/dinkpickleball.com\/es\/wp-json\/wp\/v2\/pages\/14351\/revisions\/15181"}],"wp:attachment":[{"href":"https:\/\/dinkpickleball.com\/es\/wp-json\/wp\/v2\/media?parent=14351"}],"curies":[{"name":"wp","href":"https:\/\/api.w.org\/{rel}","templated":true}]}}