{"id":14110,"date":"2023-04-15T19:15:18","date_gmt":"2023-04-15T11:15:18","guid":{"rendered":"https:\/\/dinkpickleball.com\/?page_id=14110"},"modified":"2025-01-13T22:10:47","modified_gmt":"2025-01-13T14:10:47","slug":"pickleball-paddle-sizes-shapes","status":"publish","type":"page","link":"https:\/\/dinkpickleball.com\/es\/pickleball-paddle-sizes-shapes\/","title":{"rendered":"Pickleball Palas Tama\u00f1os Formas"},"content":{"rendered":"<h1>Pickleball Padel Tama\u00f1os | Formas<\/h1>\n<h6>D\u00e9 forma a su \u00e9xito con DinkPickleball: Deje que su inventario destaque con nuestras palas de pickleball elaboradas por expertos, disponibles en una variedad de tama\u00f1os y formas para satisfacer las demandas de su diversa clientela. Nuestro compromiso con la calidad y el rendimiento garantiza que cada jugador encuentre su pala ideal. As\u00f3ciese con DinkPickleball para ofrecer la soluci\u00f3n de palas perfecta y dar forma a un futuro ganador para su negocio.<\/h6>\n<p><img decoding=\"async\" src=\"https:\/\/dinkpickleball.com\/wp-content\/uploads\/elementor\/thumbs\/blank-pickleball-paddle-q4xs0mk7uxzwsrb0fzkifpoj2rtk2r3lu87p7pmlio.png\" title=\"paleta de pickleball en blanco\" alt=\"paleta de pickleball en blanco\"><br \/>\n<a data-gallery-index=\"all\"><br \/>\nTodos\t\t\t\t\t<\/a><br \/>\n<a data-gallery-index=\"0\"><br \/>\nPopular\t\t\t\t\t<\/a><br \/>\n<a data-gallery-index=\"1\"><br \/>\nSin bordes\t\t\t\t\t<\/a><br \/>\n<a data-gallery-index=\"2\"><br \/>\nA medida\t\t\t\t\t<\/a><br \/>\n<a data-e-gallery-tags=\"0\" href=\"https:\/\/dinkpickleball.com\/wp-content\/uploads\/2023\/04\/DP07.jpg\" data-elementor-open-lightbox=\"yes\" data-elementor-lightbox-slideshow=\"all-733ed72c\" e-action-hash=\"#elementor-action%3Aaction%3Dlightbox%26settings%3DeyJpZCI6MTQxNjUsInVybCI6Imh0dHBzOlwvXC9kaW5rcGlja2xlYmFsbC5jb21cL3dwLWNvbnRlbnRcL3VwbG9hZHNcLzIwMjNcLzA0XC9EUDA3LmpwZyIsInNsaWRlc2hvdyI6ImFsbC03MzNlZDcyYyJ9\"><br \/>\n<\/a><br \/>\n<a data-e-gallery-tags=\"0\" href=\"https:\/\/dinkpickleball.com\/wp-content\/uploads\/2023\/04\/DP09.jpg\" data-elementor-open-lightbox=\"yes\" data-elementor-lightbox-slideshow=\"all-733ed72c\" e-action-hash=\"#elementor-action%3Aaction%3Dlightbox%26settings%3DeyJpZCI6MTQxNjYsInVybCI6Imh0dHBzOlwvXC9kaW5rcGlja2xlYmFsbC5jb21cL3dwLWNvbnRlbnRcL3VwbG9hZHNcLzIwMjNcLzA0XC9EUDA5LmpwZyIsInNsaWRlc2hvdyI6ImFsbC03MzNlZDcyYyJ9\"><br \/>\n<\/a><br \/>\n<a data-e-gallery-tags=\"0\" href=\"https:\/\/dinkpickleball.com\/wp-content\/uploads\/2023\/04\/DP23.jpg\" data-elementor-open-lightbox=\"yes\" data-elementor-lightbox-slideshow=\"all-733ed72c\" e-action-hash=\"#elementor-action%3Aaction%3Dlightbox%26settings%3DeyJpZCI6MTQxNjcsInVybCI6Imh0dHBzOlwvXC9kaW5rcGlja2xlYmFsbC5jb21cL3dwLWNvbnRlbnRcL3VwbG9hZHNcLzIwMjNcLzA0XC9EUDIzLmpwZyIsInNsaWRlc2hvdyI6ImFsbC03MzNlZDcyYyJ9\"><br \/>\n<\/a><br \/>\n<a data-e-gallery-tags=\"0,1\" href=\"https:\/\/dinkpickleball.com\/wp-content\/uploads\/2023\/04\/DP43.jpg\" data-elementor-open-lightbox=\"yes\" data-elementor-lightbox-slideshow=\"all-733ed72c\" e-action-hash=\"#elementor-action%3Aaction%3Dlightbox%26settings%3DeyJpZCI6MTQxNjgsInVybCI6Imh0dHBzOlwvXC9kaW5rcGlja2xlYmFsbC5jb21cL3dwLWNvbnRlbnRcL3VwbG9hZHNcLzIwMjNcLzA0XC9EUDQzLmpwZyIsInNsaWRlc2hvdyI6ImFsbC03MzNlZDcyYyJ9\"><br \/>\n<\/a><br \/>\n<a data-e-gallery-tags=\"1\" href=\"https:\/\/dinkpickleball.com\/wp-content\/uploads\/2023\/04\/DP04.jpg\" data-elementor-open-lightbox=\"yes\" data-elementor-lightbox-slideshow=\"all-733ed72c\" e-action-hash=\"#elementor-action%3Aaction%3Dlightbox%26settings%3DeyJpZCI6MTQxNjQsInVybCI6Imh0dHBzOlwvXC9kaW5rcGlja2xlYmFsbC5jb21cL3dwLWNvbnRlbnRcL3VwbG9hZHNcLzIwMjNcLzA0XC9EUDA0LmpwZyIsInNsaWRlc2hvdyI6ImFsbC03MzNlZDcyYyJ9\"><br \/>\n<\/a><br \/>\n<a data-e-gallery-tags=\"2\" href=\"https:\/\/dinkpickleball.com\/wp-content\/uploads\/2023\/04\/DP01.jpg\" data-elementor-open-lightbox=\"yes\" data-elementor-lightbox-slideshow=\"all-733ed72c\" e-action-hash=\"#elementor-action%3Aaction%3Dlightbox%26settings%3DeyJpZCI6MTQxNjksInVybCI6Imh0dHBzOlwvXC9kaW5rcGlja2xlYmFsbC5jb21cL3dwLWNvbnRlbnRcL3VwbG9hZHNcLzIwMjNcLzA0XC9EUDAxLmpwZyIsInNsaWRlc2hvdyI6ImFsbC03MzNlZDcyYyJ9\"><br \/>\n<\/a><br \/>\n<a data-e-gallery-tags=\"2\" href=\"https:\/\/dinkpickleball.com\/wp-content\/uploads\/2023\/04\/DP02.jpg\" data-elementor-open-lightbox=\"yes\" data-elementor-lightbox-slideshow=\"all-733ed72c\" e-action-hash=\"#elementor-action%3Aaction%3Dlightbox%26settings%3DeyJpZCI6MTQxNzAsInVybCI6Imh0dHBzOlwvXC9kaW5rcGlja2xlYmFsbC5jb21cL3dwLWNvbnRlbnRcL3VwbG9hZHNcLzIwMjNcLzA0XC9EUDAyLmpwZyIsInNsaWRlc2hvdyI6ImFsbC03MzNlZDcyYyJ9\"><br \/>\n<\/a><br \/>\n<a data-e-gallery-tags=\"2\" href=\"https:\/\/dinkpickleball.com\/wp-content\/uploads\/2023\/04\/DP03.jpg\" data-elementor-open-lightbox=\"yes\" data-elementor-lightbox-slideshow=\"all-733ed72c\" e-action-hash=\"#elementor-action%3Aaction%3Dlightbox%26settings%3DeyJpZCI6MTQxNzEsInVybCI6Imh0dHBzOlwvXC9kaW5rcGlja2xlYmFsbC5jb21cL3dwLWNvbnRlbnRcL3VwbG9hZHNcLzIwMjNcLzA0XC9EUDAzLmpwZyIsInNsaWRlc2hvdyI6ImFsbC03MzNlZDcyYyJ9\"><br \/>\n<\/a><br \/>\n<a data-e-gallery-tags=\"2\" href=\"https:\/\/dinkpickleball.com\/wp-content\/uploads\/2023\/04\/DP05.jpg\" data-elementor-open-lightbox=\"yes\" data-elementor-lightbox-slideshow=\"all-733ed72c\" e-action-hash=\"#elementor-action%3Aaction%3Dlightbox%26settings%3DeyJpZCI6MTQxNzIsInVybCI6Imh0dHBzOlwvXC9kaW5rcGlja2xlYmFsbC5jb21cL3dwLWNvbnRlbnRcL3VwbG9hZHNcLzIwMjNcLzA0XC9EUDA1LmpwZyIsInNsaWRlc2hvdyI6ImFsbC03MzNlZDcyYyJ9\"><br \/>\n<\/a><br \/>\n<a data-e-gallery-tags=\"2\" href=\"https:\/\/dinkpickleball.com\/wp-content\/uploads\/2023\/04\/DP08.jpg\" data-elementor-open-lightbox=\"yes\" data-elementor-lightbox-slideshow=\"all-733ed72c\" e-action-hash=\"#elementor-action%3Aaction%3Dlightbox%26settings%3DeyJpZCI6MTQxNzMsInVybCI6Imh0dHBzOlwvXC9kaW5rcGlja2xlYmFsbC5jb21cL3dwLWNvbnRlbnRcL3VwbG9hZHNcLzIwMjNcLzA0XC9EUDA4LmpwZyIsInNsaWRlc2hvdyI6ImFsbC03MzNlZDcyYyJ9\"><br \/>\n<\/a><br \/>\n<a data-e-gallery-tags=\"2\" href=\"https:\/\/dinkpickleball.com\/wp-content\/uploads\/2023\/04\/DP10.jpg\" data-elementor-open-lightbox=\"yes\" data-elementor-lightbox-slideshow=\"all-733ed72c\" e-action-hash=\"#elementor-action%3Aaction%3Dlightbox%26settings%3DeyJpZCI6MTQxNzQsInVybCI6Imh0dHBzOlwvXC9kaW5rcGlja2xlYmFsbC5jb21cL3dwLWNvbnRlbnRcL3VwbG9hZHNcLzIwMjNcLzA0XC9EUDEwLmpwZyIsInNsaWRlc2hvdyI6ImFsbC03MzNlZDcyYyJ9\"><br \/>\n<\/a><br \/>\n<a data-e-gallery-tags=\"2\" href=\"https:\/\/dinkpickleball.com\/wp-content\/uploads\/2023\/04\/DP11.jpg\" data-elementor-open-lightbox=\"yes\" data-elementor-lightbox-slideshow=\"all-733ed72c\" e-action-hash=\"#elementor-action%3Aaction%3Dlightbox%26settings%3DeyJpZCI6MTQxNzUsInVybCI6Imh0dHBzOlwvXC9kaW5rcGlja2xlYmFsbC5jb21cL3dwLWNvbnRlbnRcL3VwbG9hZHNcLzIwMjNcLzA0XC9EUDExLmpwZyIsInNsaWRlc2hvdyI6ImFsbC03MzNlZDcyYyJ9\"><br \/>\n<\/a><br \/>\n<a data-e-gallery-tags=\"2\" href=\"https:\/\/dinkpickleball.com\/wp-content\/uploads\/2023\/04\/DP12.jpg\" data-elementor-open-lightbox=\"yes\" data-elementor-lightbox-slideshow=\"all-733ed72c\" e-action-hash=\"#elementor-action%3Aaction%3Dlightbox%26settings%3DeyJpZCI6MTQxNzYsInVybCI6Imh0dHBzOlwvXC9kaW5rcGlja2xlYmFsbC5jb21cL3dwLWNvbnRlbnRcL3VwbG9hZHNcLzIwMjNcLzA0XC9EUDEyLmpwZyIsInNsaWRlc2hvdyI6ImFsbC03MzNlZDcyYyJ9\"><br \/>\n<\/a><br \/>\n<a data-e-gallery-tags=\"2\" href=\"https:\/\/dinkpickleball.com\/wp-content\/uploads\/2023\/04\/DP13.jpg\" data-elementor-open-lightbox=\"yes\" data-elementor-lightbox-slideshow=\"all-733ed72c\" e-action-hash=\"#elementor-action%3Aaction%3Dlightbox%26settings%3DeyJpZCI6MTQxNzcsInVybCI6Imh0dHBzOlwvXC9kaW5rcGlja2xlYmFsbC5jb21cL3dwLWNvbnRlbnRcL3VwbG9hZHNcLzIwMjNcLzA0XC9EUDEzLmpwZyIsInNsaWRlc2hvdyI6ImFsbC03MzNlZDcyYyJ9\"><br \/>\n<\/a><br \/>\n<a data-e-gallery-tags=\"2\" href=\"https:\/\/dinkpickleball.com\/wp-content\/uploads\/2023\/04\/DP15.jpg\" data-elementor-open-lightbox=\"yes\" data-elementor-lightbox-slideshow=\"all-733ed72c\" e-action-hash=\"#elementor-action%3Aaction%3Dlightbox%26settings%3DeyJpZCI6MTQxNzgsInVybCI6Imh0dHBzOlwvXC9kaW5rcGlja2xlYmFsbC5jb21cL3dwLWNvbnRlbnRcL3VwbG9hZHNcLzIwMjNcLzA0XC9EUDE1LmpwZyIsInNsaWRlc2hvdyI6ImFsbC03MzNlZDcyYyJ9\"><br \/>\n<\/a><br \/>\n<a data-e-gallery-tags=\"2\" href=\"https:\/\/dinkpickleball.com\/wp-content\/uploads\/2023\/04\/DP16.jpg\" data-elementor-open-lightbox=\"yes\" data-elementor-lightbox-slideshow=\"all-733ed72c\" e-action-hash=\"#elementor-action%3Aaction%3Dlightbox%26settings%3DeyJpZCI6MTQxNzksInVybCI6Imh0dHBzOlwvXC9kaW5rcGlja2xlYmFsbC5jb21cL3dwLWNvbnRlbnRcL3VwbG9hZHNcLzIwMjNcLzA0XC9EUDE2LmpwZyIsInNsaWRlc2hvdyI6ImFsbC03MzNlZDcyYyJ9\"><br \/>\n<\/a><br \/>\n<a data-e-gallery-tags=\"2\" href=\"https:\/\/dinkpickleball.com\/wp-content\/uploads\/2023\/04\/DP17.jpg\" data-elementor-open-lightbox=\"yes\" data-elementor-lightbox-slideshow=\"all-733ed72c\" e-action-hash=\"#elementor-action%3Aaction%3Dlightbox%26settings%3DeyJpZCI6MTQxODAsInVybCI6Imh0dHBzOlwvXC9kaW5rcGlja2xlYmFsbC5jb21cL3dwLWNvbnRlbnRcL3VwbG9hZHNcLzIwMjNcLzA0XC9EUDE3LmpwZyIsInNsaWRlc2hvdyI6ImFsbC03MzNlZDcyYyJ9\"><br \/>\n<\/a><br \/>\n<a data-e-gallery-tags=\"2\" href=\"https:\/\/dinkpickleball.com\/wp-content\/uploads\/2023\/04\/DP18.jpg\" data-elementor-open-lightbox=\"yes\" data-elementor-lightbox-slideshow=\"all-733ed72c\" e-action-hash=\"#elementor-action%3Aaction%3Dlightbox%26settings%3DeyJpZCI6MTQxODEsInVybCI6Imh0dHBzOlwvXC9kaW5rcGlja2xlYmFsbC5jb21cL3dwLWNvbnRlbnRcL3VwbG9hZHNcLzIwMjNcLzA0XC9EUDE4LmpwZyIsInNsaWRlc2hvdyI6ImFsbC03MzNlZDcyYyJ9\"><br \/>\n<\/a><br \/>\n<a data-e-gallery-tags=\"2\" href=\"https:\/\/dinkpickleball.com\/wp-content\/uploads\/2023\/04\/DP22.jpg\" data-elementor-open-lightbox=\"yes\" data-elementor-lightbox-slideshow=\"all-733ed72c\" e-action-hash=\"#elementor-action%3Aaction%3Dlightbox%26settings%3DeyJpZCI6MTQxODIsInVybCI6Imh0dHBzOlwvXC9kaW5rcGlja2xlYmFsbC5jb21cL3dwLWNvbnRlbnRcL3VwbG9hZHNcLzIwMjNcLzA0XC9EUDIyLmpwZyIsInNsaWRlc2hvdyI6ImFsbC03MzNlZDcyYyJ9\"><br \/>\n<\/a><br \/>\n<a data-e-gallery-tags=\"2\" href=\"https:\/\/dinkpickleball.com\/wp-content\/uploads\/2023\/04\/DP25.jpg\" data-elementor-open-lightbox=\"yes\" data-elementor-lightbox-slideshow=\"all-733ed72c\" e-action-hash=\"#elementor-action%3Aaction%3Dlightbox%26settings%3DeyJpZCI6MTQxODMsInVybCI6Imh0dHBzOlwvXC9kaW5rcGlja2xlYmFsbC5jb21cL3dwLWNvbnRlbnRcL3VwbG9hZHNcLzIwMjNcLzA0XC9EUDI1LmpwZyIsInNsaWRlc2hvdyI6ImFsbC03MzNlZDcyYyJ9\"><br \/>\n<\/a><br \/>\n<a data-e-gallery-tags=\"2\" href=\"https:\/\/dinkpickleball.com\/wp-content\/uploads\/2023\/04\/DP26.jpg\" data-elementor-open-lightbox=\"yes\" data-elementor-lightbox-slideshow=\"all-733ed72c\" e-action-hash=\"#elementor-action%3Aaction%3Dlightbox%26settings%3DeyJpZCI6MTQxODQsInVybCI6Imh0dHBzOlwvXC9kaW5rcGlja2xlYmFsbC5jb21cL3dwLWNvbnRlbnRcL3VwbG9hZHNcLzIwMjNcLzA0XC9EUDI2LmpwZyIsInNsaWRlc2hvdyI6ImFsbC03MzNlZDcyYyJ9\"><br \/>\n<\/a><br \/>\n<a data-e-gallery-tags=\"2\" href=\"https:\/\/dinkpickleball.com\/wp-content\/uploads\/2023\/04\/DP27.jpg\" data-elementor-open-lightbox=\"yes\" data-elementor-lightbox-slideshow=\"all-733ed72c\" e-action-hash=\"#elementor-action%3Aaction%3Dlightbox%26settings%3DeyJpZCI6MTQxODUsInVybCI6Imh0dHBzOlwvXC9kaW5rcGlja2xlYmFsbC5jb21cL3dwLWNvbnRlbnRcL3VwbG9hZHNcLzIwMjNcLzA0XC9EUDI3LmpwZyIsInNsaWRlc2hvdyI6ImFsbC03MzNlZDcyYyJ9\"><br \/>\n<\/a><br \/>\n<a data-e-gallery-tags=\"2\" href=\"https:\/\/dinkpickleball.com\/wp-content\/uploads\/2023\/04\/DP28.jpg\" data-elementor-open-lightbox=\"yes\" data-elementor-lightbox-slideshow=\"all-733ed72c\" e-action-hash=\"#elementor-action%3Aaction%3Dlightbox%26settings%3DeyJpZCI6MTQxODYsInVybCI6Imh0dHBzOlwvXC9kaW5rcGlja2xlYmFsbC5jb21cL3dwLWNvbnRlbnRcL3VwbG9hZHNcLzIwMjNcLzA0XC9EUDI4LmpwZyIsInNsaWRlc2hvdyI6ImFsbC03MzNlZDcyYyJ9\"><br \/>\n<\/a><br \/>\n<a data-e-gallery-tags=\"2\" href=\"https:\/\/dinkpickleball.com\/wp-content\/uploads\/2023\/04\/DP29.jpg\" data-elementor-open-lightbox=\"yes\" data-elementor-lightbox-slideshow=\"all-733ed72c\" e-action-hash=\"#elementor-action%3Aaction%3Dlightbox%26settings%3DeyJpZCI6MTQxODcsInVybCI6Imh0dHBzOlwvXC9kaW5rcGlja2xlYmFsbC5jb21cL3dwLWNvbnRlbnRcL3VwbG9hZHNcLzIwMjNcLzA0XC9EUDI5LmpwZyIsInNsaWRlc2hvdyI6ImFsbC03MzNlZDcyYyJ9\"><br \/>\n<\/a><br \/>\n<a data-e-gallery-tags=\"2\" href=\"https:\/\/dinkpickleball.com\/wp-content\/uploads\/2023\/04\/DP30.jpg\" data-elementor-open-lightbox=\"yes\" data-elementor-lightbox-slideshow=\"all-733ed72c\" e-action-hash=\"#elementor-action%3Aaction%3Dlightbox%26settings%3DeyJpZCI6MTQxODgsInVybCI6Imh0dHBzOlwvXC9kaW5rcGlja2xlYmFsbC5jb21cL3dwLWNvbnRlbnRcL3VwbG9hZHNcLzIwMjNcLzA0XC9EUDMwLmpwZyIsInNsaWRlc2hvdyI6ImFsbC03MzNlZDcyYyJ9\"><br \/>\n<\/a><br \/>\n<a data-e-gallery-tags=\"2\" href=\"https:\/\/dinkpickleball.com\/wp-content\/uploads\/2023\/04\/DP31.jpg\" data-elementor-open-lightbox=\"yes\" data-elementor-lightbox-slideshow=\"all-733ed72c\" e-action-hash=\"#elementor-action%3Aaction%3Dlightbox%26settings%3DeyJpZCI6MTQxODksInVybCI6Imh0dHBzOlwvXC9kaW5rcGlja2xlYmFsbC5jb21cL3dwLWNvbnRlbnRcL3VwbG9hZHNcLzIwMjNcLzA0XC9EUDMxLmpwZyIsInNsaWRlc2hvdyI6ImFsbC03MzNlZDcyYyJ9\"><br \/>\n<\/a><br \/>\n<a data-e-gallery-tags=\"2\" href=\"https:\/\/dinkpickleball.com\/wp-content\/uploads\/2023\/04\/DP32.jpg\" data-elementor-open-lightbox=\"yes\" data-elementor-lightbox-slideshow=\"all-733ed72c\" e-action-hash=\"#elementor-action%3Aaction%3Dlightbox%26settings%3DeyJpZCI6MTQxOTAsInVybCI6Imh0dHBzOlwvXC9kaW5rcGlja2xlYmFsbC5jb21cL3dwLWNvbnRlbnRcL3VwbG9hZHNcLzIwMjNcLzA0XC9EUDMyLmpwZyIsInNsaWRlc2hvdyI6ImFsbC03MzNlZDcyYyJ9\"><br \/>\n<\/a><br \/>\n<a data-e-gallery-tags=\"2\" href=\"https:\/\/dinkpickleball.com\/wp-content\/uploads\/2023\/04\/DP34.jpg\" data-elementor-open-lightbox=\"yes\" data-elementor-lightbox-slideshow=\"all-733ed72c\" e-action-hash=\"#elementor-action%3Aaction%3Dlightbox%26settings%3DeyJpZCI6MTQxOTEsInVybCI6Imh0dHBzOlwvXC9kaW5rcGlja2xlYmFsbC5jb21cL3dwLWNvbnRlbnRcL3VwbG9hZHNcLzIwMjNcLzA0XC9EUDM0LmpwZyIsInNsaWRlc2hvdyI6ImFsbC03MzNlZDcyYyJ9\"><br \/>\n<\/a><br \/>\n<a data-e-gallery-tags=\"2\" href=\"https:\/\/dinkpickleball.com\/wp-content\/uploads\/2023\/04\/DP35.jpg\" data-elementor-open-lightbox=\"yes\" data-elementor-lightbox-slideshow=\"all-733ed72c\" e-action-hash=\"#elementor-action%3Aaction%3Dlightbox%26settings%3DeyJpZCI6MTQxOTIsInVybCI6Imh0dHBzOlwvXC9kaW5rcGlja2xlYmFsbC5jb21cL3dwLWNvbnRlbnRcL3VwbG9hZHNcLzIwMjNcLzA0XC9EUDM1LmpwZyIsInNsaWRlc2hvdyI6ImFsbC03MzNlZDcyYyJ9\"><br \/>\n<\/a><br \/>\n<a data-e-gallery-tags=\"2\" href=\"https:\/\/dinkpickleball.com\/wp-content\/uploads\/2023\/04\/DP36.jpg\" data-elementor-open-lightbox=\"yes\" data-elementor-lightbox-slideshow=\"all-733ed72c\" e-action-hash=\"#elementor-action%3Aaction%3Dlightbox%26settings%3DeyJpZCI6MTQxOTMsInVybCI6Imh0dHBzOlwvXC9kaW5rcGlja2xlYmFsbC5jb21cL3dwLWNvbnRlbnRcL3VwbG9hZHNcLzIwMjNcLzA0XC9EUDM2LmpwZyIsInNsaWRlc2hvdyI6ImFsbC03MzNlZDcyYyJ9\"><br \/>\n<\/a><br \/>\n<a data-e-gallery-tags=\"2\" href=\"https:\/\/dinkpickleball.com\/wp-content\/uploads\/2023\/04\/DP38.jpg\" data-elementor-open-lightbox=\"yes\" data-elementor-lightbox-slideshow=\"all-733ed72c\" e-action-hash=\"#elementor-action%3Aaction%3Dlightbox%26settings%3DeyJpZCI6MTQxOTQsInVybCI6Imh0dHBzOlwvXC9kaW5rcGlja2xlYmFsbC5jb21cL3dwLWNvbnRlbnRcL3VwbG9hZHNcLzIwMjNcLzA0XC9EUDM4LmpwZyIsInNsaWRlc2hvdyI6ImFsbC03MzNlZDcyYyJ9\"><br \/>\n<\/a><br \/>\n<a data-e-gallery-tags=\"2\" href=\"https:\/\/dinkpickleball.com\/wp-content\/uploads\/2023\/04\/DPE2.jpg\" data-elementor-open-lightbox=\"yes\" data-elementor-lightbox-slideshow=\"all-733ed72c\" e-action-hash=\"#elementor-action%3Aaction%3Dlightbox%26settings%3DeyJpZCI6MTQxOTUsInVybCI6Imh0dHBzOlwvXC9kaW5rcGlja2xlYmFsbC5jb21cL3dwLWNvbnRlbnRcL3VwbG9hZHNcLzIwMjNcLzA0XC9EUEUyLmpwZyIsInNsaWRlc2hvdyI6ImFsbC03MzNlZDcyYyJ9\"><br \/>\n<\/a><br \/>\n<a data-e-gallery-tags=\"2\" href=\"https:\/\/dinkpickleball.com\/wp-content\/uploads\/2023\/04\/DPK2.jpg\" data-elementor-open-lightbox=\"yes\" data-elementor-lightbox-slideshow=\"all-733ed72c\" e-action-hash=\"#elementor-action%3Aaction%3Dlightbox%26settings%3DeyJpZCI6MTQxOTYsInVybCI6Imh0dHBzOlwvXC9kaW5rcGlja2xlYmFsbC5jb21cL3dwLWNvbnRlbnRcL3VwbG9hZHNcLzIwMjNcLzA0XC9EUEsyLmpwZyIsInNsaWRlc2hvdyI6ImFsbC03MzNlZDcyYyJ9\"><br \/>\n<\/a><br \/>\n<a data-e-gallery-tags=\"2\" href=\"https:\/\/dinkpickleball.com\/wp-content\/uploads\/2023\/04\/DPK5.jpg\" data-elementor-open-lightbox=\"yes\" data-elementor-lightbox-slideshow=\"all-733ed72c\" e-action-hash=\"#elementor-action%3Aaction%3Dlightbox%26settings%3DeyJpZCI6MTQxOTcsInVybCI6Imh0dHBzOlwvXC9kaW5rcGlja2xlYmFsbC5jb21cL3dwLWNvbnRlbnRcL3VwbG9hZHNcLzIwMjNcLzA0XC9EUEs1LmpwZyIsInNsaWRlc2hvdyI6ImFsbC03MzNlZDcyYyJ9\"><br \/>\n<\/a><\/p>\n<h4>S\u00cd, \u00a1ESTOY INTERESADO!<\/h4>\n<p>Elija DinkPickleball como proveedor y vea c\u00f3mo su negocio prospera con nuestras palas adaptables y de alta calidad. Si desea personalizar el tama\u00f1o, p\u00f3ngase en contacto con nosotros.<\/p>\n<p><a role=\"button\"><br \/>\nobtenga un presupuesto r\u00e1pido<br \/>\n<\/a><\/p>","protected":false},"excerpt":{"rendered":"<p>Pickleball Paddle Sizes | Shapes Shape Your Success with DinkPickleball: Let your inventory stand out with our expertly crafted pickleball paddles, available in a variety of sizes and shapes to meet the demands of your diverse clientele. Our commitment to quality and performance ensures that every player finds their ideal paddle. Partner with DinkPickleball to [&hellip;]<\/p>\n","protected":false},"author":1,"featured_media":0,"parent":0,"menu_order":0,"comment_status":"closed","ping_status":"closed","template":"","meta":{"_seopress_robots_primary_cat":"","_seopress_titles_title":"Pickleball Paddle Sizes | Shapes","_seopress_titles_desc":"Shape Your Success with DinkPickleball: Let your inventory stand out with our expertly crafted pickleball paddles, available in a variety of sizes and shapes to meet the demands of your diverse clientele. ","_seopress_robots_index":"","footnotes":""},"class_list":["post-14110","page","type-page","status-publish","hentry"],"meta_box":[],"_links":{"self":[{"href":"https:\/\/dinkpickleball.com\/es\/wp-json\/wp\/v2\/pages\/14110","targetHints":{"allow":["GET"]}}],"collection":[{"href":"https:\/\/dinkpickleball.com\/es\/wp-json\/wp\/v2\/pages"}],"about":[{"href":"https:\/\/dinkpickleball.com\/es\/wp-json\/wp\/v2\/types\/page"}],"author":[{"embeddable":true,"href":"https:\/\/dinkpickleball.com\/es\/wp-json\/wp\/v2\/users\/1"}],"replies":[{"embeddable":true,"href":"https:\/\/dinkpickleball.com\/es\/wp-json\/wp\/v2\/comments?post=14110"}],"version-history":[{"count":31,"href":"https:\/\/dinkpickleball.com\/es\/wp-json\/wp\/v2\/pages\/14110\/revisions"}],"predecessor-version":[{"id":16295,"href":"https:\/\/dinkpickleball.com\/es\/wp-json\/wp\/v2\/pages\/14110\/revisions\/16295"}],"wp:attachment":[{"href":"https:\/\/dinkpickleball.com\/es\/wp-json\/wp\/v2\/media?parent=14110"}],"curies":[{"name":"wp","href":"https:\/\/api.w.org\/{rel}","templated":true}]}}