{"id":13968,"date":"2023-04-14T21:43:27","date_gmt":"2023-04-14T13:43:27","guid":{"rendered":"https:\/\/dinkpickleball.com\/?page_id=13968"},"modified":"2025-01-13T17:09:20","modified_gmt":"2025-01-13T09:09:20","slug":"unidirection-carbon-fiber-with-nomex-core","status":"publish","type":"page","link":"https:\/\/dinkpickleball.com\/es\/unidirection-carbon-fiber-with-nomex-core\/","title":{"rendered":"Fibra de carbono UniDirection con n\u00facleo de Nomex"},"content":{"rendered":"<h1>Fibra de carbono UniDirection con n\u00facleo de Nomex<\/h1>\n<p>Potencie a sus clientes con una fuerza inigualable: Descubra el potencial de cambio de juego de las palas de fibra de carbono UniDirection de DinkPickleball con n\u00facleo de Nomex. Dise\u00f1adas para una m\u00e1xima resistencia a lo largo de la fibra, estas palas proporcionan una potencia y capacidad de respuesta incre\u00edbles, dando a sus clientes la ventaja competitiva que se merecen. As\u00f3ciese con DinkPickleball para elevar su negocio y ofrecer la tecnolog\u00eda de vanguardia de las palas de fibra de carbono UniDirection y Nomex Core.<\/p>\n<p><a role=\"button\"><br \/>\nSOLICITUD DE PRESUPUESTO<br \/>\n<\/a><\/p>\n<figure class=\"gallery-item\">\n\t\t\t\t<a href=\"https:\/\/dinkpickleball.com\/wp-content\/uploads\/2023\/04\/UniDirection-Carbon-fiber-with-Nomex-Core-1.jpg\"><img width=\"800\" height=\"800\" src=\"https:\/\/dinkpickleball.com\/wp-content\/uploads\/2023\/04\/UniDirection-Carbon-fiber-with-Nomex-Core-1.jpg\" alt=\"\" decoding=\"async\" loading=\"lazy\" srcset=\"https:\/\/dinkpickleball.com\/wp-content\/uploads\/2023\/04\/UniDirection-Carbon-fiber-with-Nomex-Core-1.jpg 800w, https:\/\/dinkpickleball.com\/wp-content\/uploads\/2023\/04\/UniDirection-Carbon-fiber-with-Nomex-Core-1-300x300.jpg 300w, https:\/\/dinkpickleball.com\/wp-content\/uploads\/2023\/04\/UniDirection-Carbon-fiber-with-Nomex-Core-1-150x150.jpg 150w, https:\/\/dinkpickleball.com\/wp-content\/uploads\/2023\/04\/UniDirection-Carbon-fiber-with-Nomex-Core-1-768x768.jpg 768w, https:\/\/dinkpickleball.com\/wp-content\/uploads\/2023\/04\/UniDirection-Carbon-fiber-with-Nomex-Core-1-600x600.jpg 600w, https:\/\/dinkpickleball.com\/wp-content\/uploads\/2023\/04\/UniDirection-Carbon-fiber-with-Nomex-Core-1-100x100.jpg 100w\" sizes=\"auto, (max-width: 800px) 100vw, 800px\"><\/a><\/figure>\n<figure class=\"gallery-item\">\n\t\t\t\t<a href=\"https:\/\/dinkpickleball.com\/wp-content\/uploads\/2023\/04\/UniDirection-Carbon-fiber-with-Nomex-Core-7.jpg\"><img width=\"800\" height=\"800\" src=\"https:\/\/dinkpickleball.com\/wp-content\/uploads\/2023\/04\/UniDirection-Carbon-fiber-with-Nomex-Core-7.jpg\" alt=\"\" decoding=\"async\" loading=\"lazy\" srcset=\"https:\/\/dinkpickleball.com\/wp-content\/uploads\/2023\/04\/UniDirection-Carbon-fiber-with-Nomex-Core-7.jpg 800w, https:\/\/dinkpickleball.com\/wp-content\/uploads\/2023\/04\/UniDirection-Carbon-fiber-with-Nomex-Core-7-300x300.jpg 300w, https:\/\/dinkpickleball.com\/wp-content\/uploads\/2023\/04\/UniDirection-Carbon-fiber-with-Nomex-Core-7-150x150.jpg 150w, https:\/\/dinkpickleball.com\/wp-content\/uploads\/2023\/04\/UniDirection-Carbon-fiber-with-Nomex-Core-7-768x768.jpg 768w, https:\/\/dinkpickleball.com\/wp-content\/uploads\/2023\/04\/UniDirection-Carbon-fiber-with-Nomex-Core-7-600x600.jpg 600w, https:\/\/dinkpickleball.com\/wp-content\/uploads\/2023\/04\/UniDirection-Carbon-fiber-with-Nomex-Core-7-100x100.jpg 100w\" sizes=\"auto, (max-width: 800px) 100vw, 800px\"><\/a><\/figure>\n<figure class=\"gallery-item\">\n\t\t\t\t<a href=\"https:\/\/dinkpickleball.com\/wp-content\/uploads\/2023\/04\/UniDirection-Carbon-fiber-with-Nomex-Core-8.jpg\"><img width=\"800\" height=\"800\" src=\"https:\/\/dinkpickleball.com\/wp-content\/uploads\/2023\/04\/UniDirection-Carbon-fiber-with-Nomex-Core-8.jpg\" alt=\"\" decoding=\"async\" loading=\"lazy\" srcset=\"https:\/\/dinkpickleball.com\/wp-content\/uploads\/2023\/04\/UniDirection-Carbon-fiber-with-Nomex-Core-8.jpg 800w, https:\/\/dinkpickleball.com\/wp-content\/uploads\/2023\/04\/UniDirection-Carbon-fiber-with-Nomex-Core-8-300x300.jpg 300w, https:\/\/dinkpickleball.com\/wp-content\/uploads\/2023\/04\/UniDirection-Carbon-fiber-with-Nomex-Core-8-150x150.jpg 150w, https:\/\/dinkpickleball.com\/wp-content\/uploads\/2023\/04\/UniDirection-Carbon-fiber-with-Nomex-Core-8-768x768.jpg 768w, https:\/\/dinkpickleball.com\/wp-content\/uploads\/2023\/04\/UniDirection-Carbon-fiber-with-Nomex-Core-8-600x600.jpg 600w, https:\/\/dinkpickleball.com\/wp-content\/uploads\/2023\/04\/UniDirection-Carbon-fiber-with-Nomex-Core-8-100x100.jpg 100w\" sizes=\"auto, (max-width: 800px) 100vw, 800px\"><\/a><\/figure>\n<figure class=\"gallery-item\">\n\t\t\t\t<a href=\"https:\/\/dinkpickleball.com\/wp-content\/uploads\/2023\/04\/UniDirection-Carbon-fiber-with-Nomex-Core-3.jpg\"><img width=\"800\" height=\"800\" src=\"https:\/\/dinkpickleball.com\/wp-content\/uploads\/2023\/04\/UniDirection-Carbon-fiber-with-Nomex-Core-3.jpg\" alt=\"\" decoding=\"async\" loading=\"lazy\" srcset=\"https:\/\/dinkpickleball.com\/wp-content\/uploads\/2023\/04\/UniDirection-Carbon-fiber-with-Nomex-Core-3.jpg 800w, https:\/\/dinkpickleball.com\/wp-content\/uploads\/2023\/04\/UniDirection-Carbon-fiber-with-Nomex-Core-3-300x300.jpg 300w, https:\/\/dinkpickleball.com\/wp-content\/uploads\/2023\/04\/UniDirection-Carbon-fiber-with-Nomex-Core-3-150x150.jpg 150w, https:\/\/dinkpickleball.com\/wp-content\/uploads\/2023\/04\/UniDirection-Carbon-fiber-with-Nomex-Core-3-768x768.jpg 768w, https:\/\/dinkpickleball.com\/wp-content\/uploads\/2023\/04\/UniDirection-Carbon-fiber-with-Nomex-Core-3-600x600.jpg 600w, https:\/\/dinkpickleball.com\/wp-content\/uploads\/2023\/04\/UniDirection-Carbon-fiber-with-Nomex-Core-3-100x100.jpg 100w\" sizes=\"auto, (max-width: 800px) 100vw, 800px\"><\/a><\/figure>\n<figure class=\"gallery-item\">\n\t\t\t\t<a href=\"https:\/\/dinkpickleball.com\/wp-content\/uploads\/2023\/04\/UniDirection-Carbon-fiber-with-Nomex-Core-4.jpg\"><img width=\"800\" height=\"800\" src=\"https:\/\/dinkpickleball.com\/wp-content\/uploads\/2023\/04\/UniDirection-Carbon-fiber-with-Nomex-Core-4.jpg\" alt=\"\" decoding=\"async\" loading=\"lazy\" srcset=\"https:\/\/dinkpickleball.com\/wp-content\/uploads\/2023\/04\/UniDirection-Carbon-fiber-with-Nomex-Core-4.jpg 800w, https:\/\/dinkpickleball.com\/wp-content\/uploads\/2023\/04\/UniDirection-Carbon-fiber-with-Nomex-Core-4-300x300.jpg 300w, https:\/\/dinkpickleball.com\/wp-content\/uploads\/2023\/04\/UniDirection-Carbon-fiber-with-Nomex-Core-4-150x150.jpg 150w, https:\/\/dinkpickleball.com\/wp-content\/uploads\/2023\/04\/UniDirection-Carbon-fiber-with-Nomex-Core-4-768x768.jpg 768w, https:\/\/dinkpickleball.com\/wp-content\/uploads\/2023\/04\/UniDirection-Carbon-fiber-with-Nomex-Core-4-600x600.jpg 600w, https:\/\/dinkpickleball.com\/wp-content\/uploads\/2023\/04\/UniDirection-Carbon-fiber-with-Nomex-Core-4-100x100.jpg 100w\" sizes=\"auto, (max-width: 800px) 100vw, 800px\"><\/a><\/figure>\n<figure class=\"gallery-item\">\n\t\t\t\t<a href=\"https:\/\/dinkpickleball.com\/wp-content\/uploads\/2023\/04\/UniDirection-Carbon-fiber-with-Nomex-Core-5.jpg\"><img width=\"800\" height=\"800\" src=\"https:\/\/dinkpickleball.com\/wp-content\/uploads\/2023\/04\/UniDirection-Carbon-fiber-with-Nomex-Core-5.jpg\" alt=\"\" decoding=\"async\" loading=\"lazy\" srcset=\"https:\/\/dinkpickleball.com\/wp-content\/uploads\/2023\/04\/UniDirection-Carbon-fiber-with-Nomex-Core-5.jpg 800w, https:\/\/dinkpickleball.com\/wp-content\/uploads\/2023\/04\/UniDirection-Carbon-fiber-with-Nomex-Core-5-300x300.jpg 300w, https:\/\/dinkpickleball.com\/wp-content\/uploads\/2023\/04\/UniDirection-Carbon-fiber-with-Nomex-Core-5-150x150.jpg 150w, https:\/\/dinkpickleball.com\/wp-content\/uploads\/2023\/04\/UniDirection-Carbon-fiber-with-Nomex-Core-5-768x768.jpg 768w, https:\/\/dinkpickleball.com\/wp-content\/uploads\/2023\/04\/UniDirection-Carbon-fiber-with-Nomex-Core-5-600x600.jpg 600w, https:\/\/dinkpickleball.com\/wp-content\/uploads\/2023\/04\/UniDirection-Carbon-fiber-with-Nomex-Core-5-100x100.jpg 100w\" sizes=\"auto, (max-width: 800px) 100vw, 800px\"><\/a><\/figure>\n<figure class=\"gallery-item\">\n\t\t\t\t<a href=\"https:\/\/dinkpickleball.com\/wp-content\/uploads\/2023\/04\/UniDirection-Carbon-fiber-with-Nomex-Core-6.jpg\"><img width=\"800\" height=\"800\" src=\"https:\/\/dinkpickleball.com\/wp-content\/uploads\/2023\/04\/UniDirection-Carbon-fiber-with-Nomex-Core-6.jpg\" alt=\"\" decoding=\"async\" loading=\"lazy\" srcset=\"https:\/\/dinkpickleball.com\/wp-content\/uploads\/2023\/04\/UniDirection-Carbon-fiber-with-Nomex-Core-6.jpg 800w, https:\/\/dinkpickleball.com\/wp-content\/uploads\/2023\/04\/UniDirection-Carbon-fiber-with-Nomex-Core-6-300x300.jpg 300w, https:\/\/dinkpickleball.com\/wp-content\/uploads\/2023\/04\/UniDirection-Carbon-fiber-with-Nomex-Core-6-150x150.jpg 150w, https:\/\/dinkpickleball.com\/wp-content\/uploads\/2023\/04\/UniDirection-Carbon-fiber-with-Nomex-Core-6-768x768.jpg 768w, https:\/\/dinkpickleball.com\/wp-content\/uploads\/2023\/04\/UniDirection-Carbon-fiber-with-Nomex-Core-6-600x600.jpg 600w, https:\/\/dinkpickleball.com\/wp-content\/uploads\/2023\/04\/UniDirection-Carbon-fiber-with-Nomex-Core-6-100x100.jpg 100w\" sizes=\"auto, (max-width: 800px) 100vw, 800px\"><\/a><\/figure>\n<figure class=\"gallery-item\">\n\t\t\t\t<a href=\"https:\/\/dinkpickleball.com\/wp-content\/uploads\/2023\/04\/UniDirection-Carbon-fiber-with-Nomex-Core-2.jpg\"><img width=\"800\" height=\"800\" src=\"https:\/\/dinkpickleball.com\/wp-content\/uploads\/2023\/04\/UniDirection-Carbon-fiber-with-Nomex-Core-2.jpg\" alt=\"\" decoding=\"async\" loading=\"lazy\" srcset=\"https:\/\/dinkpickleball.com\/wp-content\/uploads\/2023\/04\/UniDirection-Carbon-fiber-with-Nomex-Core-2.jpg 800w, https:\/\/dinkpickleball.com\/wp-content\/uploads\/2023\/04\/UniDirection-Carbon-fiber-with-Nomex-Core-2-300x300.jpg 300w, https:\/\/dinkpickleball.com\/wp-content\/uploads\/2023\/04\/UniDirection-Carbon-fiber-with-Nomex-Core-2-150x150.jpg 150w, https:\/\/dinkpickleball.com\/wp-content\/uploads\/2023\/04\/UniDirection-Carbon-fiber-with-Nomex-Core-2-768x768.jpg 768w, https:\/\/dinkpickleball.com\/wp-content\/uploads\/2023\/04\/UniDirection-Carbon-fiber-with-Nomex-Core-2-600x600.jpg 600w, https:\/\/dinkpickleball.com\/wp-content\/uploads\/2023\/04\/UniDirection-Carbon-fiber-with-Nomex-Core-2-100x100.jpg 100w\" sizes=\"auto, (max-width: 800px) 100vw, 800px\"><\/a><\/figure>","protected":false},"excerpt":{"rendered":"<p>UniDirection Carbon Fiber with Nomex Core Empower Your Clients with Unrivaled Strength: Discover the game-changing potential of DinkPickleball&#8217;s UniDirection Carbon Fiber paddles with Nomex Core. Engineered for maximum strength along the fiber length, these paddles provide incredible power and responsiveness, giving your clients the competitive advantage they deserve. Partner with DinkPickleball to elevate your business [&hellip;]<\/p>\n","protected":false},"author":1,"featured_media":0,"parent":0,"menu_order":0,"comment_status":"closed","ping_status":"closed","template":"","meta":{"_seopress_robots_primary_cat":"","_seopress_titles_title":"","_seopress_titles_desc":"","_seopress_robots_index":"yes","footnotes":""},"class_list":["post-13968","page","type-page","status-publish","hentry"],"meta_box":[],"_links":{"self":[{"href":"https:\/\/dinkpickleball.com\/es\/wp-json\/wp\/v2\/pages\/13968","targetHints":{"allow":["GET"]}}],"collection":[{"href":"https:\/\/dinkpickleball.com\/es\/wp-json\/wp\/v2\/pages"}],"about":[{"href":"https:\/\/dinkpickleball.com\/es\/wp-json\/wp\/v2\/types\/page"}],"author":[{"embeddable":true,"href":"https:\/\/dinkpickleball.com\/es\/wp-json\/wp\/v2\/users\/1"}],"replies":[{"embeddable":true,"href":"https:\/\/dinkpickleball.com\/es\/wp-json\/wp\/v2\/comments?post=13968"}],"version-history":[{"count":5,"href":"https:\/\/dinkpickleball.com\/es\/wp-json\/wp\/v2\/pages\/13968\/revisions"}],"predecessor-version":[{"id":13983,"href":"https:\/\/dinkpickleball.com\/es\/wp-json\/wp\/v2\/pages\/13968\/revisions\/13983"}],"wp:attachment":[{"href":"https:\/\/dinkpickleball.com\/es\/wp-json\/wp\/v2\/media?parent=13968"}],"curies":[{"name":"wp","href":"https:\/\/api.w.org\/{rel}","templated":true}]}}